{"id":73763,"date":"2022-05-16T14:15:34","date_gmt":"2022-05-16T18:15:34","guid":{"rendered":"http:\/\/www.dumoulinbicyclettes.com\/produit\/selle-brooks-cambium-all-weather-c19-trouee-carved\/"},"modified":"2025-09-04T14:17:58","modified_gmt":"2025-09-04T18:17:58","slug":"selle-brooks-cambium-all-weather-c19-trouee-carved","status":"publish","type":"product","link":"https:\/\/dumoulin.absoludev.ca\/en\/produit\/selle-brooks-cambium-all-weather-c19-trouee-carved\/","title":{"rendered":"Selle Brooks Cambium C19 &#8220;Carved&#8221; (trou\u00e9e)"},"content":{"rendered":"<p>Les selles Brooks Cambium C19 renouvelle le genre chez Brooks. Imperm\u00e9ables et imm\u00e9diatement confortables, elles seront parfaites pour des positions plus relaxes (60\u00b0 et plus) sur des v\u00e9los hybrides ou des Yuba ainsi que pour les personnes aux ischions plus larges. La version &#8220;Carved&#8221;, avec son trou central, apporte plus de souplesse.<\/p>\n<p><\/p>\n","protected":false},"excerpt":{"rendered":"<p>Les selles Brooks Cambium C19 renouvelle le genre chez Brooks. Imperm\u00e9ables et imm\u00e9diatement confortables, elles seront parfaites pour des positions plus relaxes (60\u00b0 et plus) sur des v\u00e9los hybrides ou des Yuba ainsi que pour les personnes aux ischions plus larges. La version &#8220;Carved&#8221;, avec son trou central, apporte plus de souplesse.<\/p>\n","protected":false},"featured_media":19569,"template":"","meta":{"_acf_changed":false},"product_brand":[],"product_cat":[216,217,2506],"product_tag":[2264,3403,2267,3399,2263,3400,2179],"marque-produit":[1194],"collection-produit":[],"type-surface-produit":[],"type-velo-produit":[],"vetement-produit":[],"thematique-produit":[],"position-sur-le-v\u00e9lo":[],"class_list":{"0":"post-73763","1":"product","2":"type-product","3":"status-publish","4":"has-post-thumbnail","6":"product_cat-composantes-et-outils","7":"product_cat-selles","8":"product_cat-yuba","9":"product_tag-brooks","10":"product_tag-c17","11":"product_tag-cambium","12":"product_tag-carved","13":"product_tag-selle","14":"product_tag-trouee","15":"product_tag-yuba","16":"marque-produit-brooks","18":"first","19":"outofstock","20":"taxable","21":"shipping-taxable","22":"purchasable","23":"product-type-variable"},"acf":[],"yoast_head":"<!-- This site is optimized with the Yoast SEO plugin v24.3 - https:\/\/yoast.com\/wordpress\/plugins\/seo\/ -->\n<title>Selle Brooks Cambium C19 &quot;Carved&quot; (trou\u00e9e) - Dumoulin Bicyclettes<\/title>\n<meta name=\"description\" content=\"Les selles Brooks Cambium C19 sont imperm\u00e9ables et imm\u00e9diatement confortables. Elles seront parfaites pour des positions plus relaxes.\" \/>\n<meta name=\"robots\" content=\"noindex, follow, max-snippet:-1, max-image-preview:large, max-video-preview:-1\" \/>\n<meta property=\"og:locale\" content=\"en_US\" \/>\n<meta property=\"og:type\" content=\"article\" \/>\n<meta property=\"og:title\" content=\"Selle Brooks Cambium C19 &quot;Carved&quot; (trou\u00e9e) - Dumoulin Bicyclettes\" \/>\n<meta property=\"og:description\" content=\"Les selles Brooks Cambium C19 sont imperm\u00e9ables et imm\u00e9diatement confortables. Elles seront parfaites pour des positions plus relaxes.\" \/>\n<meta property=\"og:url\" content=\"https:\/\/dumoulin.absoludev.ca\/produit\/selle-brooks-cambium-all-weather-c19-trouee-carved\/\" \/>\n<meta property=\"og:site_name\" content=\"Dumoulin Bicyclettes\" \/>\n<meta property=\"article:publisher\" content=\"https:\/\/www.facebook.com\/dumoulinbicyclettes\" \/>\n<meta property=\"article:modified_time\" content=\"2025-09-04T18:17:58+00:00\" \/>\n<meta property=\"og:image\" content=\"https:\/\/dumoulin.absoludev.ca\/wp-content\/uploads\/2021\/05\/brooks-cambium-c19-carved.jpg\" \/>\n\t<meta property=\"og:image:width\" content=\"1000\" \/>\n\t<meta property=\"og:image:height\" content=\"1000\" \/>\n\t<meta property=\"og:image:type\" content=\"image\/jpeg\" \/>\n<meta name=\"twitter:card\" content=\"summary_large_image\" \/>\n<meta name=\"twitter:label1\" content=\"Est. reading time\" \/>\n\t<meta name=\"twitter:data1\" content=\"1 minute\" \/>\n<script type=\"application\/ld+json\" class=\"yoast-schema-graph\">{\"@context\":\"https:\/\/schema.org\",\"@graph\":[{\"@type\":\"WebPage\",\"@id\":\"https:\/\/dumoulin.absoludev.ca\/produit\/selle-brooks-cambium-all-weather-c19-trouee-carved\/\",\"url\":\"https:\/\/dumoulin.absoludev.ca\/produit\/selle-brooks-cambium-all-weather-c19-trouee-carved\/\",\"name\":\"Selle Brooks Cambium C19 \\\"Carved\\\" (trou\u00e9e) - Dumoulin Bicyclettes\",\"isPartOf\":{\"@id\":\"https:\/\/dumoulin.absoludev.ca\/#website\"},\"primaryImageOfPage\":{\"@id\":\"https:\/\/dumoulin.absoludev.ca\/produit\/selle-brooks-cambium-all-weather-c19-trouee-carved\/#primaryimage\"},\"image\":{\"@id\":\"https:\/\/dumoulin.absoludev.ca\/produit\/selle-brooks-cambium-all-weather-c19-trouee-carved\/#primaryimage\"},\"thumbnailUrl\":\"https:\/\/dumoulin.absoludev.ca\/wp-content\/uploads\/2021\/05\/brooks-cambium-c19-carved.jpg\",\"datePublished\":\"2022-05-16T18:15:34+00:00\",\"dateModified\":\"2025-09-04T18:17:58+00:00\",\"description\":\"Les selles Brooks Cambium C19 sont imperm\u00e9ables et imm\u00e9diatement confortables. Elles seront parfaites pour des positions plus relaxes.\",\"breadcrumb\":{\"@id\":\"https:\/\/dumoulin.absoludev.ca\/produit\/selle-brooks-cambium-all-weather-c19-trouee-carved\/#breadcrumb\"},\"inLanguage\":\"en-US\",\"potentialAction\":[{\"@type\":\"ReadAction\",\"target\":[\"https:\/\/dumoulin.absoludev.ca\/produit\/selle-brooks-cambium-all-weather-c19-trouee-carved\/\"]}]},{\"@type\":\"ImageObject\",\"inLanguage\":\"en-US\",\"@id\":\"https:\/\/dumoulin.absoludev.ca\/produit\/selle-brooks-cambium-all-weather-c19-trouee-carved\/#primaryimage\",\"url\":\"https:\/\/dumoulin.absoludev.ca\/wp-content\/uploads\/2021\/05\/brooks-cambium-c19-carved.jpg\",\"contentUrl\":\"https:\/\/dumoulin.absoludev.ca\/wp-content\/uploads\/2021\/05\/brooks-cambium-c19-carved.jpg\",\"width\":1000,\"height\":1000},{\"@type\":\"BreadcrumbList\",\"@id\":\"https:\/\/dumoulin.absoludev.ca\/produit\/selle-brooks-cambium-all-weather-c19-trouee-carved\/#breadcrumb\",\"itemListElement\":[{\"@type\":\"ListItem\",\"position\":1,\"name\":\"Home\",\"item\":\"https:\/\/dumoulin.absoludev.ca\/en\/\"},{\"@type\":\"ListItem\",\"position\":2,\"name\":\"Shop\",\"item\":\"https:\/\/dumoulin.absoludev.ca\/en\/shop\/\"},{\"@type\":\"ListItem\",\"position\":3,\"name\":\"Selle Brooks Cambium C19 \u00ab\u00a0Carved\u00a0\u00bb (trou\u00e9e)\"}]},{\"@type\":\"WebSite\",\"@id\":\"https:\/\/dumoulin.absoludev.ca\/#website\",\"url\":\"https:\/\/dumoulin.absoludev.ca\/\",\"name\":\"Dumoulin Bicyclettes\",\"description\":\"\",\"publisher\":{\"@id\":\"https:\/\/dumoulin.absoludev.ca\/#organization\"},\"potentialAction\":[{\"@type\":\"SearchAction\",\"target\":{\"@type\":\"EntryPoint\",\"urlTemplate\":\"https:\/\/dumoulin.absoludev.ca\/?s={search_term_string}\"},\"query-input\":{\"@type\":\"PropertyValueSpecification\",\"valueRequired\":true,\"valueName\":\"search_term_string\"}}],\"inLanguage\":\"en-US\"},{\"@type\":\"Organization\",\"@id\":\"https:\/\/dumoulin.absoludev.ca\/#organization\",\"name\":\"Dumoulin Bicyclettes\",\"url\":\"https:\/\/dumoulin.absoludev.ca\/\",\"logo\":{\"@type\":\"ImageObject\",\"inLanguage\":\"en-US\",\"@id\":\"https:\/\/dumoulin.absoludev.ca\/#\/schema\/logo\/image\/\",\"url\":\"https:\/\/www.dumoulinbicyclettes.com\/wp-content\/uploads\/2021\/04\/Logo.svg\",\"contentUrl\":\"https:\/\/www.dumoulinbicyclettes.com\/wp-content\/uploads\/2021\/04\/Logo.svg\",\"width\":254,\"height\":86,\"caption\":\"Dumoulin Bicyclettes\"},\"image\":{\"@id\":\"https:\/\/dumoulin.absoludev.ca\/#\/schema\/logo\/image\/\"},\"sameAs\":[\"https:\/\/www.facebook.com\/dumoulinbicyclettes\",\"https:\/\/www.instagram.com\/dumoulin.ca\/\",\"https:\/\/www.youtube.com\/user\/dumoulinbicyclettes\"]}]}<\/script>\n<!-- \/ Yoast SEO plugin. -->","yoast_head_json":{"title":"Selle Brooks Cambium C19 \"Carved\" (trou\u00e9e) - Dumoulin Bicyclettes","description":"Les selles Brooks Cambium C19 sont imperm\u00e9ables et imm\u00e9diatement confortables. Elles seront parfaites pour des positions plus relaxes.","robots":{"index":"noindex","follow":"follow","max-snippet":"max-snippet:-1","max-image-preview":"max-image-preview:large","max-video-preview":"max-video-preview:-1"},"og_locale":"en_US","og_type":"article","og_title":"Selle Brooks Cambium C19 \"Carved\" (trou\u00e9e) - Dumoulin Bicyclettes","og_description":"Les selles Brooks Cambium C19 sont imperm\u00e9ables et imm\u00e9diatement confortables. Elles seront parfaites pour des positions plus relaxes.","og_url":"https:\/\/dumoulin.absoludev.ca\/produit\/selle-brooks-cambium-all-weather-c19-trouee-carved\/","og_site_name":"Dumoulin Bicyclettes","article_publisher":"https:\/\/www.facebook.com\/dumoulinbicyclettes","article_modified_time":"2025-09-04T18:17:58+00:00","og_image":[{"width":1000,"height":1000,"url":"https:\/\/dumoulin.absoludev.ca\/wp-content\/uploads\/2021\/05\/brooks-cambium-c19-carved.jpg","type":"image\/jpeg"}],"twitter_card":"summary_large_image","twitter_misc":{"Est. reading time":"1 minute"},"schema":{"@context":"https:\/\/schema.org","@graph":[{"@type":"WebPage","@id":"https:\/\/dumoulin.absoludev.ca\/produit\/selle-brooks-cambium-all-weather-c19-trouee-carved\/","url":"https:\/\/dumoulin.absoludev.ca\/produit\/selle-brooks-cambium-all-weather-c19-trouee-carved\/","name":"Selle Brooks Cambium C19 \"Carved\" (trou\u00e9e) - Dumoulin Bicyclettes","isPartOf":{"@id":"https:\/\/dumoulin.absoludev.ca\/#website"},"primaryImageOfPage":{"@id":"https:\/\/dumoulin.absoludev.ca\/produit\/selle-brooks-cambium-all-weather-c19-trouee-carved\/#primaryimage"},"image":{"@id":"https:\/\/dumoulin.absoludev.ca\/produit\/selle-brooks-cambium-all-weather-c19-trouee-carved\/#primaryimage"},"thumbnailUrl":"https:\/\/dumoulin.absoludev.ca\/wp-content\/uploads\/2021\/05\/brooks-cambium-c19-carved.jpg","datePublished":"2022-05-16T18:15:34+00:00","dateModified":"2025-09-04T18:17:58+00:00","description":"Les selles Brooks Cambium C19 sont imperm\u00e9ables et imm\u00e9diatement confortables. Elles seront parfaites pour des positions plus relaxes.","breadcrumb":{"@id":"https:\/\/dumoulin.absoludev.ca\/produit\/selle-brooks-cambium-all-weather-c19-trouee-carved\/#breadcrumb"},"inLanguage":"en-US","potentialAction":[{"@type":"ReadAction","target":["https:\/\/dumoulin.absoludev.ca\/produit\/selle-brooks-cambium-all-weather-c19-trouee-carved\/"]}]},{"@type":"ImageObject","inLanguage":"en-US","@id":"https:\/\/dumoulin.absoludev.ca\/produit\/selle-brooks-cambium-all-weather-c19-trouee-carved\/#primaryimage","url":"https:\/\/dumoulin.absoludev.ca\/wp-content\/uploads\/2021\/05\/brooks-cambium-c19-carved.jpg","contentUrl":"https:\/\/dumoulin.absoludev.ca\/wp-content\/uploads\/2021\/05\/brooks-cambium-c19-carved.jpg","width":1000,"height":1000},{"@type":"BreadcrumbList","@id":"https:\/\/dumoulin.absoludev.ca\/produit\/selle-brooks-cambium-all-weather-c19-trouee-carved\/#breadcrumb","itemListElement":[{"@type":"ListItem","position":1,"name":"Home","item":"https:\/\/dumoulin.absoludev.ca\/en\/"},{"@type":"ListItem","position":2,"name":"Shop","item":"https:\/\/dumoulin.absoludev.ca\/en\/shop\/"},{"@type":"ListItem","position":3,"name":"Selle Brooks Cambium C19 \u00ab\u00a0Carved\u00a0\u00bb (trou\u00e9e)"}]},{"@type":"WebSite","@id":"https:\/\/dumoulin.absoludev.ca\/#website","url":"https:\/\/dumoulin.absoludev.ca\/","name":"Dumoulin Bicyclettes","description":"","publisher":{"@id":"https:\/\/dumoulin.absoludev.ca\/#organization"},"potentialAction":[{"@type":"SearchAction","target":{"@type":"EntryPoint","urlTemplate":"https:\/\/dumoulin.absoludev.ca\/?s={search_term_string}"},"query-input":{"@type":"PropertyValueSpecification","valueRequired":true,"valueName":"search_term_string"}}],"inLanguage":"en-US"},{"@type":"Organization","@id":"https:\/\/dumoulin.absoludev.ca\/#organization","name":"Dumoulin Bicyclettes","url":"https:\/\/dumoulin.absoludev.ca\/","logo":{"@type":"ImageObject","inLanguage":"en-US","@id":"https:\/\/dumoulin.absoludev.ca\/#\/schema\/logo\/image\/","url":"https:\/\/www.dumoulinbicyclettes.com\/wp-content\/uploads\/2021\/04\/Logo.svg","contentUrl":"https:\/\/www.dumoulinbicyclettes.com\/wp-content\/uploads\/2021\/04\/Logo.svg","width":254,"height":86,"caption":"Dumoulin Bicyclettes"},"image":{"@id":"https:\/\/dumoulin.absoludev.ca\/#\/schema\/logo\/image\/"},"sameAs":["https:\/\/www.facebook.com\/dumoulinbicyclettes","https:\/\/www.instagram.com\/dumoulin.ca\/","https:\/\/www.youtube.com\/user\/dumoulinbicyclettes"]}]}},"_links":{"self":[{"href":"https:\/\/dumoulin.absoludev.ca\/en\/wp-json\/wp\/v2\/product\/73763","targetHints":{"allow":["GET"]}}],"collection":[{"href":"https:\/\/dumoulin.absoludev.ca\/en\/wp-json\/wp\/v2\/product"}],"about":[{"href":"https:\/\/dumoulin.absoludev.ca\/en\/wp-json\/wp\/v2\/types\/product"}],"wp:featuredmedia":[{"embeddable":true,"href":"https:\/\/dumoulin.absoludev.ca\/en\/wp-json\/wp\/v2\/media\/19569"}],"wp:attachment":[{"href":"https:\/\/dumoulin.absoludev.ca\/en\/wp-json\/wp\/v2\/media?parent=73763"}],"wp:term":[{"taxonomy":"product_brand","embeddable":true,"href":"https:\/\/dumoulin.absoludev.ca\/en\/wp-json\/wp\/v2\/product_brand?post=73763"},{"taxonomy":"product_cat","embeddable":true,"href":"https:\/\/dumoulin.absoludev.ca\/en\/wp-json\/wp\/v2\/product_cat?post=73763"},{"taxonomy":"product_tag","embeddable":true,"href":"https:\/\/dumoulin.absoludev.ca\/en\/wp-json\/wp\/v2\/product_tag?post=73763"},{"taxonomy":"marque-produit","embeddable":true,"href":"https:\/\/dumoulin.absoludev.ca\/en\/wp-json\/wp\/v2\/marque-produit?post=73763"},{"taxonomy":"collection-produit","embeddable":true,"href":"https:\/\/dumoulin.absoludev.ca\/en\/wp-json\/wp\/v2\/collection-produit?post=73763"},{"taxonomy":"type-surface-produit","embeddable":true,"href":"https:\/\/dumoulin.absoludev.ca\/en\/wp-json\/wp\/v2\/type-surface-produit?post=73763"},{"taxonomy":"type-velo-produit","embeddable":true,"href":"https:\/\/dumoulin.absoludev.ca\/en\/wp-json\/wp\/v2\/type-velo-produit?post=73763"},{"taxonomy":"vetement-produit","embeddable":true,"href":"https:\/\/dumoulin.absoludev.ca\/en\/wp-json\/wp\/v2\/vetement-produit?post=73763"},{"taxonomy":"thematique-produit","embeddable":true,"href":"https:\/\/dumoulin.absoludev.ca\/en\/wp-json\/wp\/v2\/thematique-produit?post=73763"},{"taxonomy":"position-sur-le-v\u00e9lo","embeddable":true,"href":"https:\/\/dumoulin.absoludev.ca\/en\/wp-json\/wp\/v2\/position-sur-le-v\u00e9lo?post=73763"}],"curies":[{"name":"wp","href":"https:\/\/api.w.org\/{rel}","templated":true}]}}