{"id":73606,"date":"2022-05-16T14:15:11","date_gmt":"2022-05-16T18:15:11","guid":{"rendered":"http:\/\/www.dumoulinbicyclettes.com\/produit\/remorque-burley-travoy-2-0\/"},"modified":"2025-09-04T14:17:54","modified_gmt":"2025-09-04T18:17:54","slug":"remorque-burley-travoy-2-0","status":"publish","type":"product","link":"https:\/\/dumoulin.absoludev.ca\/en\/produit\/remorque-burley-travoy-2-0\/","title":{"rendered":"Remorque Burley Travoy"},"content":{"rendered":"<p>Petite remorque de v\u00e9lo et chariot d&#8217;\u00e9picerie, la Burley Travoy est une solution fantastique pour augmenter sa capacit\u00e9 de <a href=\"https:\/\/www.dumoulinbicyclettes.com\/remorque-burley-travoy\/\" target=\"_blank\" rel=\"noopener\">transport de choses<\/a>.<\/p>\n<p>Pliable, elle se range assez facilement dans un placard \u00e0 balais. Solide, elle transporte son lot de charges sans difficult\u00e9. Attach\u00e9e facilement \u00e0 votre tige de selle, la remorque Burley Travoy est \u00e9minemment pratique pour toutes celles et ceux qui adoptent le v\u00e9lo comme moyen de transport.<\/p>\n","protected":false},"excerpt":{"rendered":"<p>Petite remorque de v\u00e9lo et chariot d&#8217;\u00e9picerie, la Burley Travoy est une solution fantastique pour augmenter sa capacit\u00e9 de transport de choses. Pliable, elle se range assez facilement dans un placard \u00e0 balais. Solide, elle transporte son lot de charges sans difficult\u00e9. Attach\u00e9e facilement \u00e0 votre tige de selle, la remorque Burley Travoy est \u00e9minemment [&hellip;]<\/p>\n","protected":false},"featured_media":504025,"template":"","meta":{"_acf_changed":false},"product_brand":[],"product_cat":[184,188],"product_tag":[2454,2691,2455],"marque-produit":[1457],"collection-produit":[],"type-surface-produit":[],"type-velo-produit":[],"vetement-produit":[],"thematique-produit":[],"position-sur-le-v\u00e9lo":[],"class_list":{"0":"post-73606","1":"product","2":"type-product","3":"status-publish","4":"has-post-thumbnail","6":"product_cat-accessoires-pour-velo-pliable","7":"product_cat-sacs-et-porte-bagages","8":"product_tag-burley","9":"product_tag-remorque","10":"product_tag-travoy","11":"marque-produit-burley","13":"first","14":"outofstock","15":"taxable","16":"shipping-taxable","17":"purchasable","18":"product-type-variable"},"acf":[],"yoast_head":"<!-- This site is optimized with the Yoast SEO plugin v24.3 - https:\/\/yoast.com\/wordpress\/plugins\/seo\/ -->\n<title>Remorque Burley Travoy - Dumoulin Bicyclettes Transporter des affaires en v\u00e9lo<\/title>\n<meta name=\"description\" content=\"Remorque l\u00e9g\u00e8re, compacte et d&#039;une grande commodit\u00e9, la Burley Travoy est merveilleuse. Comme chariot d&#039;\u00e9picerie ou comme outil d&#039;\u00e9vasion pour le camping!\" \/>\n<meta name=\"robots\" content=\"noindex, follow, max-snippet:-1, max-image-preview:large, max-video-preview:-1\" \/>\n<meta property=\"og:locale\" content=\"en_US\" \/>\n<meta property=\"og:type\" content=\"article\" \/>\n<meta property=\"og:title\" content=\"Remorque Burley Travoy - Dumoulin Bicyclettes Transporter des affaires en v\u00e9lo\" \/>\n<meta property=\"og:description\" content=\"Remorque l\u00e9g\u00e8re, compacte et d&#039;une grande commodit\u00e9, la Burley Travoy est merveilleuse. Comme chariot d&#039;\u00e9picerie ou comme outil d&#039;\u00e9vasion pour le camping!\" \/>\n<meta property=\"og:url\" content=\"https:\/\/dumoulin.absoludev.ca\/produit\/remorque-burley-travoy-2-0\/\" \/>\n<meta property=\"og:site_name\" content=\"Dumoulin Bicyclettes\" \/>\n<meta property=\"article:publisher\" content=\"https:\/\/www.facebook.com\/dumoulinbicyclettes\" \/>\n<meta property=\"article:modified_time\" content=\"2025-09-04T18:17:54+00:00\" \/>\n<meta property=\"og:image\" content=\"https:\/\/dumoulin.absoludev.ca\/wp-content\/uploads\/2024\/12\/remorque_burley_travoy_dumoulin_bicyclettes-Montreal-Quebec_.webp\" \/>\n\t<meta property=\"og:image:width\" content=\"2000\" \/>\n\t<meta property=\"og:image:height\" content=\"2000\" \/>\n\t<meta property=\"og:image:type\" content=\"image\/webp\" \/>\n<meta name=\"twitter:card\" content=\"summary_large_image\" \/>\n<meta name=\"twitter:label1\" content=\"Est. reading time\" \/>\n\t<meta name=\"twitter:data1\" content=\"1 minute\" \/>\n<script type=\"application\/ld+json\" class=\"yoast-schema-graph\">{\"@context\":\"https:\/\/schema.org\",\"@graph\":[{\"@type\":\"WebPage\",\"@id\":\"https:\/\/dumoulin.absoludev.ca\/produit\/remorque-burley-travoy-2-0\/\",\"url\":\"https:\/\/dumoulin.absoludev.ca\/produit\/remorque-burley-travoy-2-0\/\",\"name\":\"Remorque Burley Travoy - Dumoulin Bicyclettes Transporter des affaires en v\u00e9lo\",\"isPartOf\":{\"@id\":\"https:\/\/dumoulin.absoludev.ca\/#website\"},\"primaryImageOfPage\":{\"@id\":\"https:\/\/dumoulin.absoludev.ca\/produit\/remorque-burley-travoy-2-0\/#primaryimage\"},\"image\":{\"@id\":\"https:\/\/dumoulin.absoludev.ca\/produit\/remorque-burley-travoy-2-0\/#primaryimage\"},\"thumbnailUrl\":\"https:\/\/dumoulin.absoludev.ca\/wp-content\/uploads\/2024\/12\/remorque_burley_travoy_dumoulin_bicyclettes-Montreal-Quebec_.webp\",\"datePublished\":\"2022-05-16T18:15:11+00:00\",\"dateModified\":\"2025-09-04T18:17:54+00:00\",\"description\":\"Remorque l\u00e9g\u00e8re, compacte et d'une grande commodit\u00e9, la Burley Travoy est merveilleuse. Comme chariot d'\u00e9picerie ou comme outil d'\u00e9vasion pour le camping!\",\"breadcrumb\":{\"@id\":\"https:\/\/dumoulin.absoludev.ca\/produit\/remorque-burley-travoy-2-0\/#breadcrumb\"},\"inLanguage\":\"en-US\",\"potentialAction\":[{\"@type\":\"ReadAction\",\"target\":[\"https:\/\/dumoulin.absoludev.ca\/produit\/remorque-burley-travoy-2-0\/\"]}]},{\"@type\":\"ImageObject\",\"inLanguage\":\"en-US\",\"@id\":\"https:\/\/dumoulin.absoludev.ca\/produit\/remorque-burley-travoy-2-0\/#primaryimage\",\"url\":\"https:\/\/dumoulin.absoludev.ca\/wp-content\/uploads\/2024\/12\/remorque_burley_travoy_dumoulin_bicyclettes-Montreal-Quebec_.webp\",\"contentUrl\":\"https:\/\/dumoulin.absoludev.ca\/wp-content\/uploads\/2024\/12\/remorque_burley_travoy_dumoulin_bicyclettes-Montreal-Quebec_.webp\",\"width\":2000,\"height\":2000,\"caption\":\"remorque_burley_travoy_dumoulin_bicyclettes-Montreal-Quebec_\"},{\"@type\":\"BreadcrumbList\",\"@id\":\"https:\/\/dumoulin.absoludev.ca\/produit\/remorque-burley-travoy-2-0\/#breadcrumb\",\"itemListElement\":[{\"@type\":\"ListItem\",\"position\":1,\"name\":\"Home\",\"item\":\"https:\/\/dumoulin.absoludev.ca\/en\/\"},{\"@type\":\"ListItem\",\"position\":2,\"name\":\"Shop\",\"item\":\"https:\/\/dumoulin.absoludev.ca\/en\/shop\/\"},{\"@type\":\"ListItem\",\"position\":3,\"name\":\"Remorque Burley Travoy\"}]},{\"@type\":\"WebSite\",\"@id\":\"https:\/\/dumoulin.absoludev.ca\/#website\",\"url\":\"https:\/\/dumoulin.absoludev.ca\/\",\"name\":\"Dumoulin Bicyclettes\",\"description\":\"\",\"publisher\":{\"@id\":\"https:\/\/dumoulin.absoludev.ca\/#organization\"},\"potentialAction\":[{\"@type\":\"SearchAction\",\"target\":{\"@type\":\"EntryPoint\",\"urlTemplate\":\"https:\/\/dumoulin.absoludev.ca\/?s={search_term_string}\"},\"query-input\":{\"@type\":\"PropertyValueSpecification\",\"valueRequired\":true,\"valueName\":\"search_term_string\"}}],\"inLanguage\":\"en-US\"},{\"@type\":\"Organization\",\"@id\":\"https:\/\/dumoulin.absoludev.ca\/#organization\",\"name\":\"Dumoulin Bicyclettes\",\"url\":\"https:\/\/dumoulin.absoludev.ca\/\",\"logo\":{\"@type\":\"ImageObject\",\"inLanguage\":\"en-US\",\"@id\":\"https:\/\/dumoulin.absoludev.ca\/#\/schema\/logo\/image\/\",\"url\":\"https:\/\/www.dumoulinbicyclettes.com\/wp-content\/uploads\/2021\/04\/Logo.svg\",\"contentUrl\":\"https:\/\/www.dumoulinbicyclettes.com\/wp-content\/uploads\/2021\/04\/Logo.svg\",\"width\":254,\"height\":86,\"caption\":\"Dumoulin Bicyclettes\"},\"image\":{\"@id\":\"https:\/\/dumoulin.absoludev.ca\/#\/schema\/logo\/image\/\"},\"sameAs\":[\"https:\/\/www.facebook.com\/dumoulinbicyclettes\",\"https:\/\/www.instagram.com\/dumoulin.ca\/\",\"https:\/\/www.youtube.com\/user\/dumoulinbicyclettes\"]}]}<\/script>\n<!-- \/ Yoast SEO plugin. -->","yoast_head_json":{"title":"Remorque Burley Travoy - Dumoulin Bicyclettes Transporter des affaires en v\u00e9lo","description":"Remorque l\u00e9g\u00e8re, compacte et d'une grande commodit\u00e9, la Burley Travoy est merveilleuse. Comme chariot d'\u00e9picerie ou comme outil d'\u00e9vasion pour le camping!","robots":{"index":"noindex","follow":"follow","max-snippet":"max-snippet:-1","max-image-preview":"max-image-preview:large","max-video-preview":"max-video-preview:-1"},"og_locale":"en_US","og_type":"article","og_title":"Remorque Burley Travoy - Dumoulin Bicyclettes Transporter des affaires en v\u00e9lo","og_description":"Remorque l\u00e9g\u00e8re, compacte et d'une grande commodit\u00e9, la Burley Travoy est merveilleuse. Comme chariot d'\u00e9picerie ou comme outil d'\u00e9vasion pour le camping!","og_url":"https:\/\/dumoulin.absoludev.ca\/produit\/remorque-burley-travoy-2-0\/","og_site_name":"Dumoulin Bicyclettes","article_publisher":"https:\/\/www.facebook.com\/dumoulinbicyclettes","article_modified_time":"2025-09-04T18:17:54+00:00","og_image":[{"width":2000,"height":2000,"url":"https:\/\/dumoulin.absoludev.ca\/wp-content\/uploads\/2024\/12\/remorque_burley_travoy_dumoulin_bicyclettes-Montreal-Quebec_.webp","type":"image\/webp"}],"twitter_card":"summary_large_image","twitter_misc":{"Est. reading time":"1 minute"},"schema":{"@context":"https:\/\/schema.org","@graph":[{"@type":"WebPage","@id":"https:\/\/dumoulin.absoludev.ca\/produit\/remorque-burley-travoy-2-0\/","url":"https:\/\/dumoulin.absoludev.ca\/produit\/remorque-burley-travoy-2-0\/","name":"Remorque Burley Travoy - Dumoulin Bicyclettes Transporter des affaires en v\u00e9lo","isPartOf":{"@id":"https:\/\/dumoulin.absoludev.ca\/#website"},"primaryImageOfPage":{"@id":"https:\/\/dumoulin.absoludev.ca\/produit\/remorque-burley-travoy-2-0\/#primaryimage"},"image":{"@id":"https:\/\/dumoulin.absoludev.ca\/produit\/remorque-burley-travoy-2-0\/#primaryimage"},"thumbnailUrl":"https:\/\/dumoulin.absoludev.ca\/wp-content\/uploads\/2024\/12\/remorque_burley_travoy_dumoulin_bicyclettes-Montreal-Quebec_.webp","datePublished":"2022-05-16T18:15:11+00:00","dateModified":"2025-09-04T18:17:54+00:00","description":"Remorque l\u00e9g\u00e8re, compacte et d'une grande commodit\u00e9, la Burley Travoy est merveilleuse. Comme chariot d'\u00e9picerie ou comme outil d'\u00e9vasion pour le camping!","breadcrumb":{"@id":"https:\/\/dumoulin.absoludev.ca\/produit\/remorque-burley-travoy-2-0\/#breadcrumb"},"inLanguage":"en-US","potentialAction":[{"@type":"ReadAction","target":["https:\/\/dumoulin.absoludev.ca\/produit\/remorque-burley-travoy-2-0\/"]}]},{"@type":"ImageObject","inLanguage":"en-US","@id":"https:\/\/dumoulin.absoludev.ca\/produit\/remorque-burley-travoy-2-0\/#primaryimage","url":"https:\/\/dumoulin.absoludev.ca\/wp-content\/uploads\/2024\/12\/remorque_burley_travoy_dumoulin_bicyclettes-Montreal-Quebec_.webp","contentUrl":"https:\/\/dumoulin.absoludev.ca\/wp-content\/uploads\/2024\/12\/remorque_burley_travoy_dumoulin_bicyclettes-Montreal-Quebec_.webp","width":2000,"height":2000,"caption":"remorque_burley_travoy_dumoulin_bicyclettes-Montreal-Quebec_"},{"@type":"BreadcrumbList","@id":"https:\/\/dumoulin.absoludev.ca\/produit\/remorque-burley-travoy-2-0\/#breadcrumb","itemListElement":[{"@type":"ListItem","position":1,"name":"Home","item":"https:\/\/dumoulin.absoludev.ca\/en\/"},{"@type":"ListItem","position":2,"name":"Shop","item":"https:\/\/dumoulin.absoludev.ca\/en\/shop\/"},{"@type":"ListItem","position":3,"name":"Remorque Burley Travoy"}]},{"@type":"WebSite","@id":"https:\/\/dumoulin.absoludev.ca\/#website","url":"https:\/\/dumoulin.absoludev.ca\/","name":"Dumoulin Bicyclettes","description":"","publisher":{"@id":"https:\/\/dumoulin.absoludev.ca\/#organization"},"potentialAction":[{"@type":"SearchAction","target":{"@type":"EntryPoint","urlTemplate":"https:\/\/dumoulin.absoludev.ca\/?s={search_term_string}"},"query-input":{"@type":"PropertyValueSpecification","valueRequired":true,"valueName":"search_term_string"}}],"inLanguage":"en-US"},{"@type":"Organization","@id":"https:\/\/dumoulin.absoludev.ca\/#organization","name":"Dumoulin Bicyclettes","url":"https:\/\/dumoulin.absoludev.ca\/","logo":{"@type":"ImageObject","inLanguage":"en-US","@id":"https:\/\/dumoulin.absoludev.ca\/#\/schema\/logo\/image\/","url":"https:\/\/www.dumoulinbicyclettes.com\/wp-content\/uploads\/2021\/04\/Logo.svg","contentUrl":"https:\/\/www.dumoulinbicyclettes.com\/wp-content\/uploads\/2021\/04\/Logo.svg","width":254,"height":86,"caption":"Dumoulin Bicyclettes"},"image":{"@id":"https:\/\/dumoulin.absoludev.ca\/#\/schema\/logo\/image\/"},"sameAs":["https:\/\/www.facebook.com\/dumoulinbicyclettes","https:\/\/www.instagram.com\/dumoulin.ca\/","https:\/\/www.youtube.com\/user\/dumoulinbicyclettes"]}]}},"_links":{"self":[{"href":"https:\/\/dumoulin.absoludev.ca\/en\/wp-json\/wp\/v2\/product\/73606","targetHints":{"allow":["GET"]}}],"collection":[{"href":"https:\/\/dumoulin.absoludev.ca\/en\/wp-json\/wp\/v2\/product"}],"about":[{"href":"https:\/\/dumoulin.absoludev.ca\/en\/wp-json\/wp\/v2\/types\/product"}],"wp:featuredmedia":[{"embeddable":true,"href":"https:\/\/dumoulin.absoludev.ca\/en\/wp-json\/wp\/v2\/media\/504025"}],"wp:attachment":[{"href":"https:\/\/dumoulin.absoludev.ca\/en\/wp-json\/wp\/v2\/media?parent=73606"}],"wp:term":[{"taxonomy":"product_brand","embeddable":true,"href":"https:\/\/dumoulin.absoludev.ca\/en\/wp-json\/wp\/v2\/product_brand?post=73606"},{"taxonomy":"product_cat","embeddable":true,"href":"https:\/\/dumoulin.absoludev.ca\/en\/wp-json\/wp\/v2\/product_cat?post=73606"},{"taxonomy":"product_tag","embeddable":true,"href":"https:\/\/dumoulin.absoludev.ca\/en\/wp-json\/wp\/v2\/product_tag?post=73606"},{"taxonomy":"marque-produit","embeddable":true,"href":"https:\/\/dumoulin.absoludev.ca\/en\/wp-json\/wp\/v2\/marque-produit?post=73606"},{"taxonomy":"collection-produit","embeddable":true,"href":"https:\/\/dumoulin.absoludev.ca\/en\/wp-json\/wp\/v2\/collection-produit?post=73606"},{"taxonomy":"type-surface-produit","embeddable":true,"href":"https:\/\/dumoulin.absoludev.ca\/en\/wp-json\/wp\/v2\/type-surface-produit?post=73606"},{"taxonomy":"type-velo-produit","embeddable":true,"href":"https:\/\/dumoulin.absoludev.ca\/en\/wp-json\/wp\/v2\/type-velo-produit?post=73606"},{"taxonomy":"vetement-produit","embeddable":true,"href":"https:\/\/dumoulin.absoludev.ca\/en\/wp-json\/wp\/v2\/vetement-produit?post=73606"},{"taxonomy":"thematique-produit","embeddable":true,"href":"https:\/\/dumoulin.absoludev.ca\/en\/wp-json\/wp\/v2\/thematique-produit?post=73606"},{"taxonomy":"position-sur-le-v\u00e9lo","embeddable":true,"href":"https:\/\/dumoulin.absoludev.ca\/en\/wp-json\/wp\/v2\/position-sur-le-v\u00e9lo?post=73606"}],"curies":[{"name":"wp","href":"https:\/\/api.w.org\/{rel}","templated":true}]}}