{"id":636190,"date":"2025-06-18T17:09:32","date_gmt":"2025-06-18T21:09:32","guid":{"rendered":"http:\/\/www.dumoulinbicyclettes.com\/?post_type=product&#038;p=636190"},"modified":"2025-09-04T14:21:45","modified_gmt":"2025-09-04T18:21:45","slug":"panier-avant-memento-atlas-v5","status":"publish","type":"product","link":"https:\/\/dumoulin.absoludev.ca\/en\/produit\/panier-avant-memento-atlas-v5\/","title":{"rendered":"Rack avant Memento Atlas V5"},"content":{"rendered":"<p data-end=\"150\" data-start=\"103\"><b data-end=\"150\" data-start=\"103\">Rack avant \u2013 Compact, robuste et polyvalent<\/b><\/p>\n<p data-end=\"466\" data-start=\"152\">Con\u00e7u pour les cyclistes urbains et les amateurs d\u2019aventure, ce rack avant en acier inoxydable allie durabilit\u00e9, style et fonctionnalit\u00e9. Sa <b data-end=\"322\" data-start=\"293\">plateforme de 10&#8243; x 11,5&#8243;<\/b> est parfaite pour transporter sacs, caisses ou paniers \u2014 que ce soit pour l\u2019\u00e9picerie, les d\u00e9placements quotidiens ou les escapades du week-end.<\/p>\n<p data-end=\"527\" data-start=\"468\">Il offre <b data-end=\"506\" data-start=\"477\">trois options de fixation<\/b> selon votre v\u00e9lo :<\/p>\n<ul data-end=\"607\" data-start=\"528\">\n<li data-end=\"550\" data-start=\"528\">\n<p data-end=\"550\" data-start=\"530\">\u00c0 l\u2019axe de la roue<\/p>\n<\/li>\n<li data-end=\"579\" data-start=\"551\">\n<p data-end=\"579\" data-start=\"553\">Aux \u0153illets des dropouts<\/p>\n<\/li>\n<li data-end=\"607\" data-start=\"580\">\n<p data-end=\"607\" data-start=\"582\">Aux \u0153illets de mi-fourche<\/p>\n<\/li>\n<\/ul>\n<p data-end=\"732\" data-start=\"609\">Selon l\u2019installation choisie, le rack p\u00e8se entre <b data-end=\"676\" data-start=\"658\">720 g et 775 g<\/b>, tout en offrant une excellente stabilit\u00e9 sur la route. Le poids maximal recommand\u00e9 est de <strong>25 kg<\/strong>.<\/p>\n<p data-end=\"875\" data-start=\"734\"><b data-end=\"757\" data-start=\"734\">Fabriqu\u00e9 \u00e0 Montr\u00e9al<\/b>, ce rack est un choix durable pour celles et ceux qui recherchent un \u00e9quipement fiable, bien pens\u00e9 et fait avec soin.<\/p>\n","protected":false},"excerpt":{"rendered":"<p>Rack avant \u2013 Compact, robuste et polyvalent Con\u00e7u pour les cyclistes urbains et les amateurs d\u2019aventure, ce rack avant en acier inoxydable allie durabilit\u00e9, style et fonctionnalit\u00e9. Sa plateforme de 10&#8243; x 11,5&#8243; est parfaite pour transporter sacs, caisses ou paniers \u2014 que ce soit pour l\u2019\u00e9picerie, les d\u00e9placements quotidiens ou les escapades du week-end. [&hellip;]<\/p>\n","protected":false},"featured_media":636688,"template":"","meta":{"_acf_changed":false},"product_brand":[],"product_cat":[199,188],"product_tag":[3529,3203,3528,3527,3530],"marque-produit":[3531],"collection-produit":[],"type-surface-produit":[],"type-velo-produit":[],"vetement-produit":[],"thematique-produit":[],"position-sur-le-v\u00e9lo":[],"class_list":{"0":"post-636190","1":"product","2":"type-product","3":"status-publish","4":"has-post-thumbnail","6":"product_cat-porte-bagages","7":"product_cat-sacs-et-porte-bagages","8":"product_tag-atlas","9":"product_tag-avant","10":"product_tag-memento","11":"product_tag-rack","12":"product_tag-v5","13":"marque-produit-memento","15":"first","16":"instock","17":"taxable","18":"shipping-taxable","19":"purchasable","20":"product-type-variable"},"acf":[],"yoast_head":"<!-- This site is optimized with the Yoast SEO plugin v24.3 - https:\/\/yoast.com\/wordpress\/plugins\/seo\/ -->\n<title>Rack avant Memento Atlas V5 - Dumoulin Bicyclettes<\/title>\n<meta name=\"description\" content=\"Plateforme avant en acier inoxydable ,pour le v\u00e9lo urbain, v\u00e9lo de gravel ou bien le v\u00e9lo de touring. Fabriqu\u00e9 \u00e0 Montr\u00e9al par Memento cycle. Capacit\u00e9 de 25kg.\" \/>\n<meta name=\"robots\" content=\"noindex, follow, max-snippet:-1, max-image-preview:large, max-video-preview:-1\" \/>\n<meta property=\"og:locale\" content=\"en_US\" \/>\n<meta property=\"og:type\" content=\"article\" \/>\n<meta property=\"og:title\" content=\"Rack avant Memento Atlas V5 - Dumoulin Bicyclettes\" \/>\n<meta property=\"og:description\" content=\"Plateforme avant en acier inoxydable ,pour le v\u00e9lo urbain, v\u00e9lo de gravel ou bien le v\u00e9lo de touring. Fabriqu\u00e9 \u00e0 Montr\u00e9al par Memento cycle. Capacit\u00e9 de 25kg.\" \/>\n<meta property=\"og:url\" content=\"https:\/\/dumoulin.absoludev.ca\/produit\/panier-avant-memento-atlas-v5\/\" \/>\n<meta property=\"og:site_name\" content=\"Dumoulin Bicyclettes\" \/>\n<meta property=\"article:publisher\" content=\"https:\/\/www.facebook.com\/dumoulinbicyclettes\" \/>\n<meta property=\"article:modified_time\" content=\"2025-09-04T18:21:45+00:00\" \/>\n<meta property=\"og:image\" content=\"https:\/\/dumoulin.absoludev.ca\/wp-content\/uploads\/2025\/06\/20250603-171236-768x1024.png\" \/>\n\t<meta property=\"og:image:width\" content=\"768\" \/>\n\t<meta property=\"og:image:height\" content=\"1024\" \/>\n\t<meta property=\"og:image:type\" content=\"image\/png\" \/>\n<meta name=\"twitter:card\" content=\"summary_large_image\" \/>\n<meta name=\"twitter:label1\" content=\"Est. reading time\" \/>\n\t<meta name=\"twitter:data1\" content=\"1 minute\" \/>\n<script type=\"application\/ld+json\" class=\"yoast-schema-graph\">{\"@context\":\"https:\/\/schema.org\",\"@graph\":[{\"@type\":\"WebPage\",\"@id\":\"https:\/\/dumoulin.absoludev.ca\/produit\/panier-avant-memento-atlas-v5\/\",\"url\":\"https:\/\/dumoulin.absoludev.ca\/produit\/panier-avant-memento-atlas-v5\/\",\"name\":\"Rack avant Memento Atlas V5 - Dumoulin Bicyclettes\",\"isPartOf\":{\"@id\":\"https:\/\/dumoulin.absoludev.ca\/#website\"},\"primaryImageOfPage\":{\"@id\":\"https:\/\/dumoulin.absoludev.ca\/produit\/panier-avant-memento-atlas-v5\/#primaryimage\"},\"image\":{\"@id\":\"https:\/\/dumoulin.absoludev.ca\/produit\/panier-avant-memento-atlas-v5\/#primaryimage\"},\"thumbnailUrl\":\"https:\/\/dumoulin.absoludev.ca\/wp-content\/uploads\/2025\/06\/20250603-171236.png\",\"datePublished\":\"2025-06-18T21:09:32+00:00\",\"dateModified\":\"2025-09-04T18:21:45+00:00\",\"description\":\"Plateforme avant en acier inoxydable ,pour le v\u00e9lo urbain, v\u00e9lo de gravel ou bien le v\u00e9lo de touring. Fabriqu\u00e9 \u00e0 Montr\u00e9al par Memento cycle. Capacit\u00e9 de 25kg.\",\"breadcrumb\":{\"@id\":\"https:\/\/dumoulin.absoludev.ca\/produit\/panier-avant-memento-atlas-v5\/#breadcrumb\"},\"inLanguage\":\"en-US\",\"potentialAction\":[{\"@type\":\"ReadAction\",\"target\":[\"https:\/\/dumoulin.absoludev.ca\/produit\/panier-avant-memento-atlas-v5\/\"]}]},{\"@type\":\"ImageObject\",\"inLanguage\":\"en-US\",\"@id\":\"https:\/\/dumoulin.absoludev.ca\/produit\/panier-avant-memento-atlas-v5\/#primaryimage\",\"url\":\"https:\/\/dumoulin.absoludev.ca\/wp-content\/uploads\/2025\/06\/20250603-171236.png\",\"contentUrl\":\"https:\/\/dumoulin.absoludev.ca\/wp-content\/uploads\/2025\/06\/20250603-171236.png\",\"width\":1500,\"height\":2000},{\"@type\":\"BreadcrumbList\",\"@id\":\"https:\/\/dumoulin.absoludev.ca\/produit\/panier-avant-memento-atlas-v5\/#breadcrumb\",\"itemListElement\":[{\"@type\":\"ListItem\",\"position\":1,\"name\":\"Home\",\"item\":\"https:\/\/dumoulin.absoludev.ca\/en\/\"},{\"@type\":\"ListItem\",\"position\":2,\"name\":\"Shop\",\"item\":\"https:\/\/dumoulin.absoludev.ca\/en\/shop\/\"},{\"@type\":\"ListItem\",\"position\":3,\"name\":\"Rack avant Memento Atlas V5\"}]},{\"@type\":\"WebSite\",\"@id\":\"https:\/\/dumoulin.absoludev.ca\/#website\",\"url\":\"https:\/\/dumoulin.absoludev.ca\/\",\"name\":\"Dumoulin Bicyclettes\",\"description\":\"\",\"publisher\":{\"@id\":\"https:\/\/dumoulin.absoludev.ca\/#organization\"},\"potentialAction\":[{\"@type\":\"SearchAction\",\"target\":{\"@type\":\"EntryPoint\",\"urlTemplate\":\"https:\/\/dumoulin.absoludev.ca\/?s={search_term_string}\"},\"query-input\":{\"@type\":\"PropertyValueSpecification\",\"valueRequired\":true,\"valueName\":\"search_term_string\"}}],\"inLanguage\":\"en-US\"},{\"@type\":\"Organization\",\"@id\":\"https:\/\/dumoulin.absoludev.ca\/#organization\",\"name\":\"Dumoulin Bicyclettes\",\"url\":\"https:\/\/dumoulin.absoludev.ca\/\",\"logo\":{\"@type\":\"ImageObject\",\"inLanguage\":\"en-US\",\"@id\":\"https:\/\/dumoulin.absoludev.ca\/#\/schema\/logo\/image\/\",\"url\":\"https:\/\/www.dumoulinbicyclettes.com\/wp-content\/uploads\/2021\/04\/Logo.svg\",\"contentUrl\":\"https:\/\/www.dumoulinbicyclettes.com\/wp-content\/uploads\/2021\/04\/Logo.svg\",\"width\":254,\"height\":86,\"caption\":\"Dumoulin Bicyclettes\"},\"image\":{\"@id\":\"https:\/\/dumoulin.absoludev.ca\/#\/schema\/logo\/image\/\"},\"sameAs\":[\"https:\/\/www.facebook.com\/dumoulinbicyclettes\",\"https:\/\/www.instagram.com\/dumoulin.ca\/\",\"https:\/\/www.youtube.com\/user\/dumoulinbicyclettes\"]}]}<\/script>\n<!-- \/ Yoast SEO plugin. -->","yoast_head_json":{"title":"Rack avant Memento Atlas V5 - Dumoulin Bicyclettes","description":"Plateforme avant en acier inoxydable ,pour le v\u00e9lo urbain, v\u00e9lo de gravel ou bien le v\u00e9lo de touring. Fabriqu\u00e9 \u00e0 Montr\u00e9al par Memento cycle. Capacit\u00e9 de 25kg.","robots":{"index":"noindex","follow":"follow","max-snippet":"max-snippet:-1","max-image-preview":"max-image-preview:large","max-video-preview":"max-video-preview:-1"},"og_locale":"en_US","og_type":"article","og_title":"Rack avant Memento Atlas V5 - Dumoulin Bicyclettes","og_description":"Plateforme avant en acier inoxydable ,pour le v\u00e9lo urbain, v\u00e9lo de gravel ou bien le v\u00e9lo de touring. Fabriqu\u00e9 \u00e0 Montr\u00e9al par Memento cycle. Capacit\u00e9 de 25kg.","og_url":"https:\/\/dumoulin.absoludev.ca\/produit\/panier-avant-memento-atlas-v5\/","og_site_name":"Dumoulin Bicyclettes","article_publisher":"https:\/\/www.facebook.com\/dumoulinbicyclettes","article_modified_time":"2025-09-04T18:21:45+00:00","og_image":[{"width":768,"height":1024,"url":"https:\/\/dumoulin.absoludev.ca\/wp-content\/uploads\/2025\/06\/20250603-171236-768x1024.png","type":"image\/png"}],"twitter_card":"summary_large_image","twitter_misc":{"Est. reading time":"1 minute"},"schema":{"@context":"https:\/\/schema.org","@graph":[{"@type":"WebPage","@id":"https:\/\/dumoulin.absoludev.ca\/produit\/panier-avant-memento-atlas-v5\/","url":"https:\/\/dumoulin.absoludev.ca\/produit\/panier-avant-memento-atlas-v5\/","name":"Rack avant Memento Atlas V5 - Dumoulin Bicyclettes","isPartOf":{"@id":"https:\/\/dumoulin.absoludev.ca\/#website"},"primaryImageOfPage":{"@id":"https:\/\/dumoulin.absoludev.ca\/produit\/panier-avant-memento-atlas-v5\/#primaryimage"},"image":{"@id":"https:\/\/dumoulin.absoludev.ca\/produit\/panier-avant-memento-atlas-v5\/#primaryimage"},"thumbnailUrl":"https:\/\/dumoulin.absoludev.ca\/wp-content\/uploads\/2025\/06\/20250603-171236.png","datePublished":"2025-06-18T21:09:32+00:00","dateModified":"2025-09-04T18:21:45+00:00","description":"Plateforme avant en acier inoxydable ,pour le v\u00e9lo urbain, v\u00e9lo de gravel ou bien le v\u00e9lo de touring. Fabriqu\u00e9 \u00e0 Montr\u00e9al par Memento cycle. Capacit\u00e9 de 25kg.","breadcrumb":{"@id":"https:\/\/dumoulin.absoludev.ca\/produit\/panier-avant-memento-atlas-v5\/#breadcrumb"},"inLanguage":"en-US","potentialAction":[{"@type":"ReadAction","target":["https:\/\/dumoulin.absoludev.ca\/produit\/panier-avant-memento-atlas-v5\/"]}]},{"@type":"ImageObject","inLanguage":"en-US","@id":"https:\/\/dumoulin.absoludev.ca\/produit\/panier-avant-memento-atlas-v5\/#primaryimage","url":"https:\/\/dumoulin.absoludev.ca\/wp-content\/uploads\/2025\/06\/20250603-171236.png","contentUrl":"https:\/\/dumoulin.absoludev.ca\/wp-content\/uploads\/2025\/06\/20250603-171236.png","width":1500,"height":2000},{"@type":"BreadcrumbList","@id":"https:\/\/dumoulin.absoludev.ca\/produit\/panier-avant-memento-atlas-v5\/#breadcrumb","itemListElement":[{"@type":"ListItem","position":1,"name":"Home","item":"https:\/\/dumoulin.absoludev.ca\/en\/"},{"@type":"ListItem","position":2,"name":"Shop","item":"https:\/\/dumoulin.absoludev.ca\/en\/shop\/"},{"@type":"ListItem","position":3,"name":"Rack avant Memento Atlas V5"}]},{"@type":"WebSite","@id":"https:\/\/dumoulin.absoludev.ca\/#website","url":"https:\/\/dumoulin.absoludev.ca\/","name":"Dumoulin Bicyclettes","description":"","publisher":{"@id":"https:\/\/dumoulin.absoludev.ca\/#organization"},"potentialAction":[{"@type":"SearchAction","target":{"@type":"EntryPoint","urlTemplate":"https:\/\/dumoulin.absoludev.ca\/?s={search_term_string}"},"query-input":{"@type":"PropertyValueSpecification","valueRequired":true,"valueName":"search_term_string"}}],"inLanguage":"en-US"},{"@type":"Organization","@id":"https:\/\/dumoulin.absoludev.ca\/#organization","name":"Dumoulin Bicyclettes","url":"https:\/\/dumoulin.absoludev.ca\/","logo":{"@type":"ImageObject","inLanguage":"en-US","@id":"https:\/\/dumoulin.absoludev.ca\/#\/schema\/logo\/image\/","url":"https:\/\/www.dumoulinbicyclettes.com\/wp-content\/uploads\/2021\/04\/Logo.svg","contentUrl":"https:\/\/www.dumoulinbicyclettes.com\/wp-content\/uploads\/2021\/04\/Logo.svg","width":254,"height":86,"caption":"Dumoulin Bicyclettes"},"image":{"@id":"https:\/\/dumoulin.absoludev.ca\/#\/schema\/logo\/image\/"},"sameAs":["https:\/\/www.facebook.com\/dumoulinbicyclettes","https:\/\/www.instagram.com\/dumoulin.ca\/","https:\/\/www.youtube.com\/user\/dumoulinbicyclettes"]}]}},"_links":{"self":[{"href":"https:\/\/dumoulin.absoludev.ca\/en\/wp-json\/wp\/v2\/product\/636190","targetHints":{"allow":["GET"]}}],"collection":[{"href":"https:\/\/dumoulin.absoludev.ca\/en\/wp-json\/wp\/v2\/product"}],"about":[{"href":"https:\/\/dumoulin.absoludev.ca\/en\/wp-json\/wp\/v2\/types\/product"}],"wp:featuredmedia":[{"embeddable":true,"href":"https:\/\/dumoulin.absoludev.ca\/en\/wp-json\/wp\/v2\/media\/636688"}],"wp:attachment":[{"href":"https:\/\/dumoulin.absoludev.ca\/en\/wp-json\/wp\/v2\/media?parent=636190"}],"wp:term":[{"taxonomy":"product_brand","embeddable":true,"href":"https:\/\/dumoulin.absoludev.ca\/en\/wp-json\/wp\/v2\/product_brand?post=636190"},{"taxonomy":"product_cat","embeddable":true,"href":"https:\/\/dumoulin.absoludev.ca\/en\/wp-json\/wp\/v2\/product_cat?post=636190"},{"taxonomy":"product_tag","embeddable":true,"href":"https:\/\/dumoulin.absoludev.ca\/en\/wp-json\/wp\/v2\/product_tag?post=636190"},{"taxonomy":"marque-produit","embeddable":true,"href":"https:\/\/dumoulin.absoludev.ca\/en\/wp-json\/wp\/v2\/marque-produit?post=636190"},{"taxonomy":"collection-produit","embeddable":true,"href":"https:\/\/dumoulin.absoludev.ca\/en\/wp-json\/wp\/v2\/collection-produit?post=636190"},{"taxonomy":"type-surface-produit","embeddable":true,"href":"https:\/\/dumoulin.absoludev.ca\/en\/wp-json\/wp\/v2\/type-surface-produit?post=636190"},{"taxonomy":"type-velo-produit","embeddable":true,"href":"https:\/\/dumoulin.absoludev.ca\/en\/wp-json\/wp\/v2\/type-velo-produit?post=636190"},{"taxonomy":"vetement-produit","embeddable":true,"href":"https:\/\/dumoulin.absoludev.ca\/en\/wp-json\/wp\/v2\/vetement-produit?post=636190"},{"taxonomy":"thematique-produit","embeddable":true,"href":"https:\/\/dumoulin.absoludev.ca\/en\/wp-json\/wp\/v2\/thematique-produit?post=636190"},{"taxonomy":"position-sur-le-v\u00e9lo","embeddable":true,"href":"https:\/\/dumoulin.absoludev.ca\/en\/wp-json\/wp\/v2\/position-sur-le-v\u00e9lo?post=636190"}],"curies":[{"name":"wp","href":"https:\/\/api.w.org\/{rel}","templated":true}]}}