{"id":625192,"date":"2025-05-30T14:12:17","date_gmt":"2025-05-30T18:12:17","guid":{"rendered":"http:\/\/www.dumoulinbicyclettes.com\/?post_type=product&#038;p=625192"},"modified":"2025-09-04T14:17:49","modified_gmt":"2025-09-04T18:17:49","slug":"brompton-c-line-explore-montreal-quebec-black-lacquer","status":"publish","type":"product","link":"https:\/\/dumoulin.absoludev.ca\/en\/produit\/brompton-c-line-explore-montreal-quebec-black-lacquer\/","title":{"rendered":"Brompton C Line explore, guidon H, finition \u00abblack lacquer\u00bb"},"content":{"rendered":"<p>V\u00e9lo pratique, voici le Brompton C Line explore !<\/p>\n<p>Ce mod\u00e8le est disponible imm\u00e9diatement : \u00e9quip\u00e9 des garde-boue, du bloc avant pour les bagages: c&#8217;est le Brompton classique, synonyme d&#8217;excellence et de compacit\u00e9. La finition \u00abBlack lacquer\u00bb est sublime.<\/p>\n<p>Ce mod\u00e8le est en inventaire, pr\u00eat \u00e0 vous accompagner !<\/p>\n","protected":false},"excerpt":{"rendered":"<p>V\u00e9lo pratique, voici le Brompton C Line explore ! Ce mod\u00e8le est disponible imm\u00e9diatement : \u00e9quip\u00e9 des garde-boue, du bloc avant pour les bagages: c&#8217;est le Brompton classique, synonyme d&#8217;excellence et de compacit\u00e9. La finition \u00abBlack lacquer\u00bb est sublime. Ce mod\u00e8le est en inventaire, pr\u00eat \u00e0 vous accompagner !<\/p>\n","protected":false},"featured_media":0,"template":"","meta":{"_acf_changed":false},"product_brand":[],"product_cat":[1205],"product_tag":[2242],"marque-produit":[153],"collection-produit":[3392],"type-surface-produit":[],"type-velo-produit":[1253],"vetement-produit":[],"thematique-produit":[],"position-sur-le-v\u00e9lo":[],"class_list":{"0":"post-625192","1":"product","2":"type-product","3":"status-publish","5":"product_cat-velos-pliables","6":"product_tag-brompton","7":"marque-produit-brompton","8":"collection-produit-velos-en-inventaire","9":"type-velo-produit-pliables","11":"first","12":"instock","13":"taxable","14":"shipping-taxable","15":"purchasable","16":"product-type-simple"},"acf":[],"yoast_head":"<!-- This site is optimized with the Yoast SEO plugin v24.3 - https:\/\/yoast.com\/wordpress\/plugins\/seo\/ -->\n<title>Brompton C Line explore, black lacquer |\u00a0Montreal | V\u00e9los pliables<\/title>\n<meta name=\"description\" content=\"Brompton C Line explore black lacquer : superbe finition pour un v\u00e9lo transportable et joyeusement agr\u00e9able \u00e0 rouler!\" \/>\n<meta name=\"robots\" content=\"noindex, follow, max-snippet:-1, max-image-preview:large, max-video-preview:-1\" \/>\n<meta property=\"og:locale\" content=\"en_US\" \/>\n<meta property=\"og:type\" content=\"article\" \/>\n<meta property=\"og:title\" content=\"Brompton C Line explore, black lacquer |\u00a0Montreal | V\u00e9los pliables\" \/>\n<meta property=\"og:description\" content=\"Brompton C Line explore black lacquer : superbe finition pour un v\u00e9lo transportable et joyeusement agr\u00e9able \u00e0 rouler!\" \/>\n<meta property=\"og:url\" content=\"https:\/\/dumoulin.absoludev.ca\/produit\/brompton-c-line-explore-montreal-quebec-black-lacquer\/\" \/>\n<meta property=\"og:site_name\" content=\"Dumoulin Bicyclettes\" \/>\n<meta property=\"article:publisher\" content=\"https:\/\/www.facebook.com\/dumoulinbicyclettes\" \/>\n<meta property=\"article:modified_time\" content=\"2025-09-04T18:17:49+00:00\" \/>\n<meta name=\"twitter:card\" content=\"summary_large_image\" \/>\n<meta name=\"twitter:label1\" content=\"Est. reading time\" \/>\n\t<meta name=\"twitter:data1\" content=\"1 minute\" \/>\n<script type=\"application\/ld+json\" class=\"yoast-schema-graph\">{\"@context\":\"https:\/\/schema.org\",\"@graph\":[{\"@type\":\"WebPage\",\"@id\":\"https:\/\/dumoulin.absoludev.ca\/produit\/brompton-c-line-explore-montreal-quebec-black-lacquer\/\",\"url\":\"https:\/\/dumoulin.absoludev.ca\/produit\/brompton-c-line-explore-montreal-quebec-black-lacquer\/\",\"name\":\"Brompton C Line explore, black lacquer |\u00a0Montreal | V\u00e9los pliables\",\"isPartOf\":{\"@id\":\"https:\/\/dumoulin.absoludev.ca\/#website\"},\"datePublished\":\"2025-05-30T18:12:17+00:00\",\"dateModified\":\"2025-09-04T18:17:49+00:00\",\"description\":\"Brompton C Line explore black lacquer : superbe finition pour un v\u00e9lo transportable et joyeusement agr\u00e9able \u00e0 rouler!\",\"breadcrumb\":{\"@id\":\"https:\/\/dumoulin.absoludev.ca\/produit\/brompton-c-line-explore-montreal-quebec-black-lacquer\/#breadcrumb\"},\"inLanguage\":\"en-US\",\"potentialAction\":[{\"@type\":\"ReadAction\",\"target\":[\"https:\/\/dumoulin.absoludev.ca\/produit\/brompton-c-line-explore-montreal-quebec-black-lacquer\/\"]}]},{\"@type\":\"BreadcrumbList\",\"@id\":\"https:\/\/dumoulin.absoludev.ca\/produit\/brompton-c-line-explore-montreal-quebec-black-lacquer\/#breadcrumb\",\"itemListElement\":[{\"@type\":\"ListItem\",\"position\":1,\"name\":\"Home\",\"item\":\"https:\/\/dumoulin.absoludev.ca\/en\/\"},{\"@type\":\"ListItem\",\"position\":2,\"name\":\"Shop\",\"item\":\"https:\/\/dumoulin.absoludev.ca\/en\/shop\/\"},{\"@type\":\"ListItem\",\"position\":3,\"name\":\"Brompton C Line explore, guidon H, finition \u00abblack lacquer\u00bb\"}]},{\"@type\":\"WebSite\",\"@id\":\"https:\/\/dumoulin.absoludev.ca\/#website\",\"url\":\"https:\/\/dumoulin.absoludev.ca\/\",\"name\":\"Dumoulin Bicyclettes\",\"description\":\"\",\"publisher\":{\"@id\":\"https:\/\/dumoulin.absoludev.ca\/#organization\"},\"potentialAction\":[{\"@type\":\"SearchAction\",\"target\":{\"@type\":\"EntryPoint\",\"urlTemplate\":\"https:\/\/dumoulin.absoludev.ca\/?s={search_term_string}\"},\"query-input\":{\"@type\":\"PropertyValueSpecification\",\"valueRequired\":true,\"valueName\":\"search_term_string\"}}],\"inLanguage\":\"en-US\"},{\"@type\":\"Organization\",\"@id\":\"https:\/\/dumoulin.absoludev.ca\/#organization\",\"name\":\"Dumoulin Bicyclettes\",\"url\":\"https:\/\/dumoulin.absoludev.ca\/\",\"logo\":{\"@type\":\"ImageObject\",\"inLanguage\":\"en-US\",\"@id\":\"https:\/\/dumoulin.absoludev.ca\/#\/schema\/logo\/image\/\",\"url\":\"https:\/\/www.dumoulinbicyclettes.com\/wp-content\/uploads\/2021\/04\/Logo.svg\",\"contentUrl\":\"https:\/\/www.dumoulinbicyclettes.com\/wp-content\/uploads\/2021\/04\/Logo.svg\",\"width\":254,\"height\":86,\"caption\":\"Dumoulin Bicyclettes\"},\"image\":{\"@id\":\"https:\/\/dumoulin.absoludev.ca\/#\/schema\/logo\/image\/\"},\"sameAs\":[\"https:\/\/www.facebook.com\/dumoulinbicyclettes\",\"https:\/\/www.instagram.com\/dumoulin.ca\/\",\"https:\/\/www.youtube.com\/user\/dumoulinbicyclettes\"]}]}<\/script>\n<!-- \/ Yoast SEO plugin. -->","yoast_head_json":{"title":"Brompton C Line explore, black lacquer |\u00a0Montreal | V\u00e9los pliables","description":"Brompton C Line explore black lacquer : superbe finition pour un v\u00e9lo transportable et joyeusement agr\u00e9able \u00e0 rouler!","robots":{"index":"noindex","follow":"follow","max-snippet":"max-snippet:-1","max-image-preview":"max-image-preview:large","max-video-preview":"max-video-preview:-1"},"og_locale":"en_US","og_type":"article","og_title":"Brompton C Line explore, black lacquer |\u00a0Montreal | V\u00e9los pliables","og_description":"Brompton C Line explore black lacquer : superbe finition pour un v\u00e9lo transportable et joyeusement agr\u00e9able \u00e0 rouler!","og_url":"https:\/\/dumoulin.absoludev.ca\/produit\/brompton-c-line-explore-montreal-quebec-black-lacquer\/","og_site_name":"Dumoulin Bicyclettes","article_publisher":"https:\/\/www.facebook.com\/dumoulinbicyclettes","article_modified_time":"2025-09-04T18:17:49+00:00","twitter_card":"summary_large_image","twitter_misc":{"Est. reading time":"1 minute"},"schema":{"@context":"https:\/\/schema.org","@graph":[{"@type":"WebPage","@id":"https:\/\/dumoulin.absoludev.ca\/produit\/brompton-c-line-explore-montreal-quebec-black-lacquer\/","url":"https:\/\/dumoulin.absoludev.ca\/produit\/brompton-c-line-explore-montreal-quebec-black-lacquer\/","name":"Brompton C Line explore, black lacquer |\u00a0Montreal | V\u00e9los pliables","isPartOf":{"@id":"https:\/\/dumoulin.absoludev.ca\/#website"},"datePublished":"2025-05-30T18:12:17+00:00","dateModified":"2025-09-04T18:17:49+00:00","description":"Brompton C Line explore black lacquer : superbe finition pour un v\u00e9lo transportable et joyeusement agr\u00e9able \u00e0 rouler!","breadcrumb":{"@id":"https:\/\/dumoulin.absoludev.ca\/produit\/brompton-c-line-explore-montreal-quebec-black-lacquer\/#breadcrumb"},"inLanguage":"en-US","potentialAction":[{"@type":"ReadAction","target":["https:\/\/dumoulin.absoludev.ca\/produit\/brompton-c-line-explore-montreal-quebec-black-lacquer\/"]}]},{"@type":"BreadcrumbList","@id":"https:\/\/dumoulin.absoludev.ca\/produit\/brompton-c-line-explore-montreal-quebec-black-lacquer\/#breadcrumb","itemListElement":[{"@type":"ListItem","position":1,"name":"Home","item":"https:\/\/dumoulin.absoludev.ca\/en\/"},{"@type":"ListItem","position":2,"name":"Shop","item":"https:\/\/dumoulin.absoludev.ca\/en\/shop\/"},{"@type":"ListItem","position":3,"name":"Brompton C Line explore, guidon H, finition \u00abblack lacquer\u00bb"}]},{"@type":"WebSite","@id":"https:\/\/dumoulin.absoludev.ca\/#website","url":"https:\/\/dumoulin.absoludev.ca\/","name":"Dumoulin Bicyclettes","description":"","publisher":{"@id":"https:\/\/dumoulin.absoludev.ca\/#organization"},"potentialAction":[{"@type":"SearchAction","target":{"@type":"EntryPoint","urlTemplate":"https:\/\/dumoulin.absoludev.ca\/?s={search_term_string}"},"query-input":{"@type":"PropertyValueSpecification","valueRequired":true,"valueName":"search_term_string"}}],"inLanguage":"en-US"},{"@type":"Organization","@id":"https:\/\/dumoulin.absoludev.ca\/#organization","name":"Dumoulin Bicyclettes","url":"https:\/\/dumoulin.absoludev.ca\/","logo":{"@type":"ImageObject","inLanguage":"en-US","@id":"https:\/\/dumoulin.absoludev.ca\/#\/schema\/logo\/image\/","url":"https:\/\/www.dumoulinbicyclettes.com\/wp-content\/uploads\/2021\/04\/Logo.svg","contentUrl":"https:\/\/www.dumoulinbicyclettes.com\/wp-content\/uploads\/2021\/04\/Logo.svg","width":254,"height":86,"caption":"Dumoulin Bicyclettes"},"image":{"@id":"https:\/\/dumoulin.absoludev.ca\/#\/schema\/logo\/image\/"},"sameAs":["https:\/\/www.facebook.com\/dumoulinbicyclettes","https:\/\/www.instagram.com\/dumoulin.ca\/","https:\/\/www.youtube.com\/user\/dumoulinbicyclettes"]}]}},"_links":{"self":[{"href":"https:\/\/dumoulin.absoludev.ca\/en\/wp-json\/wp\/v2\/product\/625192","targetHints":{"allow":["GET"]}}],"collection":[{"href":"https:\/\/dumoulin.absoludev.ca\/en\/wp-json\/wp\/v2\/product"}],"about":[{"href":"https:\/\/dumoulin.absoludev.ca\/en\/wp-json\/wp\/v2\/types\/product"}],"wp:attachment":[{"href":"https:\/\/dumoulin.absoludev.ca\/en\/wp-json\/wp\/v2\/media?parent=625192"}],"wp:term":[{"taxonomy":"product_brand","embeddable":true,"href":"https:\/\/dumoulin.absoludev.ca\/en\/wp-json\/wp\/v2\/product_brand?post=625192"},{"taxonomy":"product_cat","embeddable":true,"href":"https:\/\/dumoulin.absoludev.ca\/en\/wp-json\/wp\/v2\/product_cat?post=625192"},{"taxonomy":"product_tag","embeddable":true,"href":"https:\/\/dumoulin.absoludev.ca\/en\/wp-json\/wp\/v2\/product_tag?post=625192"},{"taxonomy":"marque-produit","embeddable":true,"href":"https:\/\/dumoulin.absoludev.ca\/en\/wp-json\/wp\/v2\/marque-produit?post=625192"},{"taxonomy":"collection-produit","embeddable":true,"href":"https:\/\/dumoulin.absoludev.ca\/en\/wp-json\/wp\/v2\/collection-produit?post=625192"},{"taxonomy":"type-surface-produit","embeddable":true,"href":"https:\/\/dumoulin.absoludev.ca\/en\/wp-json\/wp\/v2\/type-surface-produit?post=625192"},{"taxonomy":"type-velo-produit","embeddable":true,"href":"https:\/\/dumoulin.absoludev.ca\/en\/wp-json\/wp\/v2\/type-velo-produit?post=625192"},{"taxonomy":"vetement-produit","embeddable":true,"href":"https:\/\/dumoulin.absoludev.ca\/en\/wp-json\/wp\/v2\/vetement-produit?post=625192"},{"taxonomy":"thematique-produit","embeddable":true,"href":"https:\/\/dumoulin.absoludev.ca\/en\/wp-json\/wp\/v2\/thematique-produit?post=625192"},{"taxonomy":"position-sur-le-v\u00e9lo","embeddable":true,"href":"https:\/\/dumoulin.absoludev.ca\/en\/wp-json\/wp\/v2\/position-sur-le-v\u00e9lo?post=625192"}],"curies":[{"name":"wp","href":"https:\/\/api.w.org\/{rel}","templated":true}]}}