{"id":625191,"date":"2025-05-30T14:12:17","date_gmt":"2025-05-30T18:12:17","guid":{"rendered":"http:\/\/www.dumoulinbicyclettes.com\/?post_type=product&#038;p=625191"},"modified":"2025-09-04T14:17:48","modified_gmt":"2025-09-04T18:17:48","slug":"brompton-c-line-explore-racing-green-dune-sand-high-handlebar-montreal-quebec","status":"publish","type":"product","link":"https:\/\/dumoulin.absoludev.ca\/en\/produit\/brompton-c-line-explore-racing-green-dune-sand-high-handlebar-montreal-quebec\/","title":{"rendered":"Brompton C Line explore, guidon H, \u00abracing green\u00bb&#038;\u00abdune sand\u00bb"},"content":{"rendered":"<p>V\u00e9lo pratique, voici le Brompton C Line explore !<\/p>\n<p>Ce mod\u00e8le est disponible imm\u00e9diatement : \u00e9quip\u00e9 des garde-boue, du bloc avant pour les bagages : c&#8217;est le Brompton classique, synonyme d&#8217;excellence et de compacit\u00e9.<\/p>\n<p>Ce mod\u00e8le est en inventaire, pr\u00eat \u00e0 vous accompagner !<\/p>\n","protected":false},"excerpt":{"rendered":"<p>V\u00e9lo pratique, voici le Brompton C Line explore ! Ce mod\u00e8le est disponible imm\u00e9diatement : \u00e9quip\u00e9 des garde-boue, du bloc avant pour les bagages : c&#8217;est le Brompton classique, synonyme d&#8217;excellence et de compacit\u00e9. Ce mod\u00e8le est en inventaire, pr\u00eat \u00e0 vous accompagner !<\/p>\n","protected":false},"featured_media":0,"template":"","meta":{"_acf_changed":false},"product_brand":[],"product_cat":[1205],"product_tag":[2242],"marque-produit":[153],"collection-produit":[3392],"type-surface-produit":[],"type-velo-produit":[1253],"vetement-produit":[],"thematique-produit":[],"position-sur-le-v\u00e9lo":[],"class_list":{"0":"post-625191","1":"product","2":"type-product","3":"status-publish","5":"product_cat-velos-pliables","6":"product_tag-brompton","7":"marque-produit-brompton","8":"collection-produit-velos-en-inventaire","9":"type-velo-produit-pliables","11":"first","12":"instock","13":"taxable","14":"shipping-taxable","15":"purchasable","16":"product-type-simple"},"acf":[],"yoast_head":"<!-- This site is optimized with the Yoast SEO plugin v24.3 - https:\/\/yoast.com\/wordpress\/plugins\/seo\/ -->\n<title>Brompton C Line explore | Montr\u00e9al | Qu\u00e9bec | v\u00e9lo pliable | Dumoulin<\/title>\n<meta name=\"description\" content=\"Brompton C Line racing green et dune sand : un classique revisit\u00e9 et un Brompton compact, transportable et super agr\u00e9able \u00e0 rouler. b\" \/>\n<meta name=\"robots\" content=\"noindex, follow, max-snippet:-1, max-image-preview:large, max-video-preview:-1\" \/>\n<meta property=\"og:locale\" content=\"en_US\" \/>\n<meta property=\"og:type\" content=\"article\" \/>\n<meta property=\"og:title\" content=\"Brompton C Line explore | Montr\u00e9al | Qu\u00e9bec | v\u00e9lo pliable | Dumoulin\" \/>\n<meta property=\"og:description\" content=\"Brompton C Line racing green et dune sand : un classique revisit\u00e9 et un Brompton compact, transportable et super agr\u00e9able \u00e0 rouler. b\" \/>\n<meta property=\"og:url\" content=\"https:\/\/dumoulin.absoludev.ca\/produit\/brompton-c-line-explore-racing-green-dune-sand-high-handlebar-montreal-quebec\/\" \/>\n<meta property=\"og:site_name\" content=\"Dumoulin Bicyclettes\" \/>\n<meta property=\"article:publisher\" content=\"https:\/\/www.facebook.com\/dumoulinbicyclettes\" \/>\n<meta property=\"article:modified_time\" content=\"2025-09-04T18:17:48+00:00\" \/>\n<meta name=\"twitter:card\" content=\"summary_large_image\" \/>\n<script type=\"application\/ld+json\" class=\"yoast-schema-graph\">{\"@context\":\"https:\/\/schema.org\",\"@graph\":[{\"@type\":\"WebPage\",\"@id\":\"https:\/\/dumoulin.absoludev.ca\/produit\/brompton-c-line-explore-racing-green-dune-sand-high-handlebar-montreal-quebec\/\",\"url\":\"https:\/\/dumoulin.absoludev.ca\/produit\/brompton-c-line-explore-racing-green-dune-sand-high-handlebar-montreal-quebec\/\",\"name\":\"Brompton C Line explore | Montr\u00e9al | Qu\u00e9bec | v\u00e9lo pliable | Dumoulin\",\"isPartOf\":{\"@id\":\"https:\/\/dumoulin.absoludev.ca\/#website\"},\"datePublished\":\"2025-05-30T18:12:17+00:00\",\"dateModified\":\"2025-09-04T18:17:48+00:00\",\"description\":\"Brompton C Line racing green et dune sand : un classique revisit\u00e9 et un Brompton compact, transportable et super agr\u00e9able \u00e0 rouler. b\",\"breadcrumb\":{\"@id\":\"https:\/\/dumoulin.absoludev.ca\/produit\/brompton-c-line-explore-racing-green-dune-sand-high-handlebar-montreal-quebec\/#breadcrumb\"},\"inLanguage\":\"en-US\",\"potentialAction\":[{\"@type\":\"ReadAction\",\"target\":[\"https:\/\/dumoulin.absoludev.ca\/produit\/brompton-c-line-explore-racing-green-dune-sand-high-handlebar-montreal-quebec\/\"]}]},{\"@type\":\"BreadcrumbList\",\"@id\":\"https:\/\/dumoulin.absoludev.ca\/produit\/brompton-c-line-explore-racing-green-dune-sand-high-handlebar-montreal-quebec\/#breadcrumb\",\"itemListElement\":[{\"@type\":\"ListItem\",\"position\":1,\"name\":\"Home\",\"item\":\"https:\/\/dumoulin.absoludev.ca\/en\/\"},{\"@type\":\"ListItem\",\"position\":2,\"name\":\"Shop\",\"item\":\"https:\/\/dumoulin.absoludev.ca\/en\/shop\/\"},{\"@type\":\"ListItem\",\"position\":3,\"name\":\"Brompton C Line explore, guidon H, \u00abracing green\u00bb&#038;\u00abdune sand\u00bb\"}]},{\"@type\":\"WebSite\",\"@id\":\"https:\/\/dumoulin.absoludev.ca\/#website\",\"url\":\"https:\/\/dumoulin.absoludev.ca\/\",\"name\":\"Dumoulin Bicyclettes\",\"description\":\"\",\"publisher\":{\"@id\":\"https:\/\/dumoulin.absoludev.ca\/#organization\"},\"potentialAction\":[{\"@type\":\"SearchAction\",\"target\":{\"@type\":\"EntryPoint\",\"urlTemplate\":\"https:\/\/dumoulin.absoludev.ca\/?s={search_term_string}\"},\"query-input\":{\"@type\":\"PropertyValueSpecification\",\"valueRequired\":true,\"valueName\":\"search_term_string\"}}],\"inLanguage\":\"en-US\"},{\"@type\":\"Organization\",\"@id\":\"https:\/\/dumoulin.absoludev.ca\/#organization\",\"name\":\"Dumoulin Bicyclettes\",\"url\":\"https:\/\/dumoulin.absoludev.ca\/\",\"logo\":{\"@type\":\"ImageObject\",\"inLanguage\":\"en-US\",\"@id\":\"https:\/\/dumoulin.absoludev.ca\/#\/schema\/logo\/image\/\",\"url\":\"https:\/\/www.dumoulinbicyclettes.com\/wp-content\/uploads\/2021\/04\/Logo.svg\",\"contentUrl\":\"https:\/\/www.dumoulinbicyclettes.com\/wp-content\/uploads\/2021\/04\/Logo.svg\",\"width\":254,\"height\":86,\"caption\":\"Dumoulin Bicyclettes\"},\"image\":{\"@id\":\"https:\/\/dumoulin.absoludev.ca\/#\/schema\/logo\/image\/\"},\"sameAs\":[\"https:\/\/www.facebook.com\/dumoulinbicyclettes\",\"https:\/\/www.instagram.com\/dumoulin.ca\/\",\"https:\/\/www.youtube.com\/user\/dumoulinbicyclettes\"]}]}<\/script>\n<!-- \/ Yoast SEO plugin. -->","yoast_head_json":{"title":"Brompton C Line explore | Montr\u00e9al | Qu\u00e9bec | v\u00e9lo pliable | Dumoulin","description":"Brompton C Line racing green et dune sand : un classique revisit\u00e9 et un Brompton compact, transportable et super agr\u00e9able \u00e0 rouler. b","robots":{"index":"noindex","follow":"follow","max-snippet":"max-snippet:-1","max-image-preview":"max-image-preview:large","max-video-preview":"max-video-preview:-1"},"og_locale":"en_US","og_type":"article","og_title":"Brompton C Line explore | Montr\u00e9al | Qu\u00e9bec | v\u00e9lo pliable | Dumoulin","og_description":"Brompton C Line racing green et dune sand : un classique revisit\u00e9 et un Brompton compact, transportable et super agr\u00e9able \u00e0 rouler. b","og_url":"https:\/\/dumoulin.absoludev.ca\/produit\/brompton-c-line-explore-racing-green-dune-sand-high-handlebar-montreal-quebec\/","og_site_name":"Dumoulin Bicyclettes","article_publisher":"https:\/\/www.facebook.com\/dumoulinbicyclettes","article_modified_time":"2025-09-04T18:17:48+00:00","twitter_card":"summary_large_image","schema":{"@context":"https:\/\/schema.org","@graph":[{"@type":"WebPage","@id":"https:\/\/dumoulin.absoludev.ca\/produit\/brompton-c-line-explore-racing-green-dune-sand-high-handlebar-montreal-quebec\/","url":"https:\/\/dumoulin.absoludev.ca\/produit\/brompton-c-line-explore-racing-green-dune-sand-high-handlebar-montreal-quebec\/","name":"Brompton C Line explore | Montr\u00e9al | Qu\u00e9bec | v\u00e9lo pliable | Dumoulin","isPartOf":{"@id":"https:\/\/dumoulin.absoludev.ca\/#website"},"datePublished":"2025-05-30T18:12:17+00:00","dateModified":"2025-09-04T18:17:48+00:00","description":"Brompton C Line racing green et dune sand : un classique revisit\u00e9 et un Brompton compact, transportable et super agr\u00e9able \u00e0 rouler. b","breadcrumb":{"@id":"https:\/\/dumoulin.absoludev.ca\/produit\/brompton-c-line-explore-racing-green-dune-sand-high-handlebar-montreal-quebec\/#breadcrumb"},"inLanguage":"en-US","potentialAction":[{"@type":"ReadAction","target":["https:\/\/dumoulin.absoludev.ca\/produit\/brompton-c-line-explore-racing-green-dune-sand-high-handlebar-montreal-quebec\/"]}]},{"@type":"BreadcrumbList","@id":"https:\/\/dumoulin.absoludev.ca\/produit\/brompton-c-line-explore-racing-green-dune-sand-high-handlebar-montreal-quebec\/#breadcrumb","itemListElement":[{"@type":"ListItem","position":1,"name":"Home","item":"https:\/\/dumoulin.absoludev.ca\/en\/"},{"@type":"ListItem","position":2,"name":"Shop","item":"https:\/\/dumoulin.absoludev.ca\/en\/shop\/"},{"@type":"ListItem","position":3,"name":"Brompton C Line explore, guidon H, \u00abracing green\u00bb&#038;\u00abdune sand\u00bb"}]},{"@type":"WebSite","@id":"https:\/\/dumoulin.absoludev.ca\/#website","url":"https:\/\/dumoulin.absoludev.ca\/","name":"Dumoulin Bicyclettes","description":"","publisher":{"@id":"https:\/\/dumoulin.absoludev.ca\/#organization"},"potentialAction":[{"@type":"SearchAction","target":{"@type":"EntryPoint","urlTemplate":"https:\/\/dumoulin.absoludev.ca\/?s={search_term_string}"},"query-input":{"@type":"PropertyValueSpecification","valueRequired":true,"valueName":"search_term_string"}}],"inLanguage":"en-US"},{"@type":"Organization","@id":"https:\/\/dumoulin.absoludev.ca\/#organization","name":"Dumoulin Bicyclettes","url":"https:\/\/dumoulin.absoludev.ca\/","logo":{"@type":"ImageObject","inLanguage":"en-US","@id":"https:\/\/dumoulin.absoludev.ca\/#\/schema\/logo\/image\/","url":"https:\/\/www.dumoulinbicyclettes.com\/wp-content\/uploads\/2021\/04\/Logo.svg","contentUrl":"https:\/\/www.dumoulinbicyclettes.com\/wp-content\/uploads\/2021\/04\/Logo.svg","width":254,"height":86,"caption":"Dumoulin Bicyclettes"},"image":{"@id":"https:\/\/dumoulin.absoludev.ca\/#\/schema\/logo\/image\/"},"sameAs":["https:\/\/www.facebook.com\/dumoulinbicyclettes","https:\/\/www.instagram.com\/dumoulin.ca\/","https:\/\/www.youtube.com\/user\/dumoulinbicyclettes"]}]}},"_links":{"self":[{"href":"https:\/\/dumoulin.absoludev.ca\/en\/wp-json\/wp\/v2\/product\/625191","targetHints":{"allow":["GET"]}}],"collection":[{"href":"https:\/\/dumoulin.absoludev.ca\/en\/wp-json\/wp\/v2\/product"}],"about":[{"href":"https:\/\/dumoulin.absoludev.ca\/en\/wp-json\/wp\/v2\/types\/product"}],"wp:attachment":[{"href":"https:\/\/dumoulin.absoludev.ca\/en\/wp-json\/wp\/v2\/media?parent=625191"}],"wp:term":[{"taxonomy":"product_brand","embeddable":true,"href":"https:\/\/dumoulin.absoludev.ca\/en\/wp-json\/wp\/v2\/product_brand?post=625191"},{"taxonomy":"product_cat","embeddable":true,"href":"https:\/\/dumoulin.absoludev.ca\/en\/wp-json\/wp\/v2\/product_cat?post=625191"},{"taxonomy":"product_tag","embeddable":true,"href":"https:\/\/dumoulin.absoludev.ca\/en\/wp-json\/wp\/v2\/product_tag?post=625191"},{"taxonomy":"marque-produit","embeddable":true,"href":"https:\/\/dumoulin.absoludev.ca\/en\/wp-json\/wp\/v2\/marque-produit?post=625191"},{"taxonomy":"collection-produit","embeddable":true,"href":"https:\/\/dumoulin.absoludev.ca\/en\/wp-json\/wp\/v2\/collection-produit?post=625191"},{"taxonomy":"type-surface-produit","embeddable":true,"href":"https:\/\/dumoulin.absoludev.ca\/en\/wp-json\/wp\/v2\/type-surface-produit?post=625191"},{"taxonomy":"type-velo-produit","embeddable":true,"href":"https:\/\/dumoulin.absoludev.ca\/en\/wp-json\/wp\/v2\/type-velo-produit?post=625191"},{"taxonomy":"vetement-produit","embeddable":true,"href":"https:\/\/dumoulin.absoludev.ca\/en\/wp-json\/wp\/v2\/vetement-produit?post=625191"},{"taxonomy":"thematique-produit","embeddable":true,"href":"https:\/\/dumoulin.absoludev.ca\/en\/wp-json\/wp\/v2\/thematique-produit?post=625191"},{"taxonomy":"position-sur-le-v\u00e9lo","embeddable":true,"href":"https:\/\/dumoulin.absoludev.ca\/en\/wp-json\/wp\/v2\/position-sur-le-v\u00e9lo?post=625191"}],"curies":[{"name":"wp","href":"https:\/\/api.w.org\/{rel}","templated":true}]}}