{"id":625187,"date":"2025-05-30T14:12:15","date_gmt":"2025-05-30T18:12:15","guid":{"rendered":"http:\/\/www.dumoulinbicyclettes.com\/?post_type=product&#038;p=625187"},"modified":"2025-09-04T14:17:47","modified_gmt":"2025-09-04T18:17:47","slug":"brompton-c-line-explore-6v-guidon-m-couleur-noir-pneus-schwalbe-marathon","status":"publish","type":"product","link":"https:\/\/dumoulin.absoludev.ca\/en\/produit\/brompton-c-line-explore-6v-guidon-m-couleur-noir-pneus-schwalbe-marathon\/","title":{"rendered":"Brompton C Line explore, guidon M, noir"},"content":{"rendered":"<p>V\u00e9lo pratique, voici le Brompton C Line explore !<\/p>\n<p>Ce mod\u00e8le est disponible imm\u00e9diatement : \u00e9quip\u00e9 des garde-boue, du bloc avant pour les bagages: c&#8217;est le Brompton classique, synonyme d&#8217;excellence et de compacit\u00e9.<\/p>\n<p>Ce mod\u00e8le est en inventaire, pr\u00eat \u00e0 vous accompagner !<\/p>\n","protected":false},"excerpt":{"rendered":"<p>V\u00e9lo pratique, voici le Brompton C Line explore ! Ce mod\u00e8le est disponible imm\u00e9diatement : \u00e9quip\u00e9 des garde-boue, du bloc avant pour les bagages: c&#8217;est le Brompton classique, synonyme d&#8217;excellence et de compacit\u00e9. Ce mod\u00e8le est en inventaire, pr\u00eat \u00e0 vous accompagner !<\/p>\n","protected":false},"featured_media":646754,"template":"","meta":{"_acf_changed":false},"product_brand":[],"product_cat":[1205],"product_tag":[2242],"marque-produit":[153],"collection-produit":[3392],"type-surface-produit":[],"type-velo-produit":[],"vetement-produit":[],"thematique-produit":[],"position-sur-le-v\u00e9lo":[],"class_list":{"0":"post-625187","1":"product","2":"type-product","3":"status-publish","4":"has-post-thumbnail","6":"product_cat-velos-pliables","7":"product_tag-brompton","8":"marque-produit-brompton","9":"collection-produit-velos-en-inventaire","11":"first","12":"instock","13":"taxable","14":"shipping-taxable","15":"purchasable","16":"product-type-simple"},"acf":[],"yoast_head":"<!-- This site is optimized with the Yoast SEO plugin v24.3 - https:\/\/yoast.com\/wordpress\/plugins\/seo\/ -->\n<title>Brompton C Line explore |\u00a0Montreal | Velo pliable | Dumoulin Bicyclettes<\/title>\n<meta name=\"description\" content=\"Brompton C Line explore : classique, super transportable, joyeusement agr\u00e9able \u00e0 rouler !\" \/>\n<meta name=\"robots\" content=\"noindex, follow, max-snippet:-1, max-image-preview:large, max-video-preview:-1\" \/>\n<meta property=\"og:locale\" content=\"en_US\" \/>\n<meta property=\"og:type\" content=\"article\" \/>\n<meta property=\"og:title\" content=\"Brompton C Line explore |\u00a0Montreal | Velo pliable | Dumoulin Bicyclettes\" \/>\n<meta property=\"og:description\" content=\"Brompton C Line explore : classique, super transportable, joyeusement agr\u00e9able \u00e0 rouler !\" \/>\n<meta property=\"og:url\" content=\"https:\/\/dumoulin.absoludev.ca\/produit\/brompton-c-line-explore-6v-guidon-m-couleur-noir-pneus-schwalbe-marathon\/\" \/>\n<meta property=\"og:site_name\" content=\"Dumoulin Bicyclettes\" \/>\n<meta property=\"article:publisher\" content=\"https:\/\/www.facebook.com\/dumoulinbicyclettes\" \/>\n<meta property=\"article:modified_time\" content=\"2025-09-04T18:17:47+00:00\" \/>\n<meta property=\"og:image\" content=\"https:\/\/dumoulin.absoludev.ca\/wp-content\/uploads\/2025\/05\/Brompton_c_Line-Explore_matt-black_m-Handlebar_6.webp\" \/>\n\t<meta property=\"og:image:width\" content=\"1080\" \/>\n\t<meta property=\"og:image:height\" content=\"1005\" \/>\n\t<meta property=\"og:image:type\" content=\"image\/webp\" \/>\n<meta name=\"twitter:card\" content=\"summary_large_image\" \/>\n<meta name=\"twitter:label1\" content=\"Est. reading time\" \/>\n\t<meta name=\"twitter:data1\" content=\"1 minute\" \/>\n<script type=\"application\/ld+json\" class=\"yoast-schema-graph\">{\"@context\":\"https:\/\/schema.org\",\"@graph\":[{\"@type\":\"WebPage\",\"@id\":\"https:\/\/dumoulin.absoludev.ca\/produit\/brompton-c-line-explore-6v-guidon-m-couleur-noir-pneus-schwalbe-marathon\/\",\"url\":\"https:\/\/dumoulin.absoludev.ca\/produit\/brompton-c-line-explore-6v-guidon-m-couleur-noir-pneus-schwalbe-marathon\/\",\"name\":\"Brompton C Line explore |\u00a0Montreal | Velo pliable | Dumoulin Bicyclettes\",\"isPartOf\":{\"@id\":\"https:\/\/dumoulin.absoludev.ca\/#website\"},\"primaryImageOfPage\":{\"@id\":\"https:\/\/dumoulin.absoludev.ca\/produit\/brompton-c-line-explore-6v-guidon-m-couleur-noir-pneus-schwalbe-marathon\/#primaryimage\"},\"image\":{\"@id\":\"https:\/\/dumoulin.absoludev.ca\/produit\/brompton-c-line-explore-6v-guidon-m-couleur-noir-pneus-schwalbe-marathon\/#primaryimage\"},\"thumbnailUrl\":\"https:\/\/dumoulin.absoludev.ca\/wp-content\/uploads\/2025\/05\/Brompton_c_Line-Explore_matt-black_m-Handlebar_6.webp\",\"datePublished\":\"2025-05-30T18:12:15+00:00\",\"dateModified\":\"2025-09-04T18:17:47+00:00\",\"description\":\"Brompton C Line explore : classique, super transportable, joyeusement agr\u00e9able \u00e0 rouler !\",\"breadcrumb\":{\"@id\":\"https:\/\/dumoulin.absoludev.ca\/produit\/brompton-c-line-explore-6v-guidon-m-couleur-noir-pneus-schwalbe-marathon\/#breadcrumb\"},\"inLanguage\":\"en-US\",\"potentialAction\":[{\"@type\":\"ReadAction\",\"target\":[\"https:\/\/dumoulin.absoludev.ca\/produit\/brompton-c-line-explore-6v-guidon-m-couleur-noir-pneus-schwalbe-marathon\/\"]}]},{\"@type\":\"ImageObject\",\"inLanguage\":\"en-US\",\"@id\":\"https:\/\/dumoulin.absoludev.ca\/produit\/brompton-c-line-explore-6v-guidon-m-couleur-noir-pneus-schwalbe-marathon\/#primaryimage\",\"url\":\"https:\/\/dumoulin.absoludev.ca\/wp-content\/uploads\/2025\/05\/Brompton_c_Line-Explore_matt-black_m-Handlebar_6.webp\",\"contentUrl\":\"https:\/\/dumoulin.absoludev.ca\/wp-content\/uploads\/2025\/05\/Brompton_c_Line-Explore_matt-black_m-Handlebar_6.webp\",\"width\":1080,\"height\":1005,\"caption\":\"Brompton_c_Line-Explore_matt-black_m-Handlebar_6\"},{\"@type\":\"BreadcrumbList\",\"@id\":\"https:\/\/dumoulin.absoludev.ca\/produit\/brompton-c-line-explore-6v-guidon-m-couleur-noir-pneus-schwalbe-marathon\/#breadcrumb\",\"itemListElement\":[{\"@type\":\"ListItem\",\"position\":1,\"name\":\"Home\",\"item\":\"https:\/\/dumoulin.absoludev.ca\/en\/\"},{\"@type\":\"ListItem\",\"position\":2,\"name\":\"Shop\",\"item\":\"https:\/\/dumoulin.absoludev.ca\/en\/shop\/\"},{\"@type\":\"ListItem\",\"position\":3,\"name\":\"Brompton C Line explore, guidon M, noir\"}]},{\"@type\":\"WebSite\",\"@id\":\"https:\/\/dumoulin.absoludev.ca\/#website\",\"url\":\"https:\/\/dumoulin.absoludev.ca\/\",\"name\":\"Dumoulin Bicyclettes\",\"description\":\"\",\"publisher\":{\"@id\":\"https:\/\/dumoulin.absoludev.ca\/#organization\"},\"potentialAction\":[{\"@type\":\"SearchAction\",\"target\":{\"@type\":\"EntryPoint\",\"urlTemplate\":\"https:\/\/dumoulin.absoludev.ca\/?s={search_term_string}\"},\"query-input\":{\"@type\":\"PropertyValueSpecification\",\"valueRequired\":true,\"valueName\":\"search_term_string\"}}],\"inLanguage\":\"en-US\"},{\"@type\":\"Organization\",\"@id\":\"https:\/\/dumoulin.absoludev.ca\/#organization\",\"name\":\"Dumoulin Bicyclettes\",\"url\":\"https:\/\/dumoulin.absoludev.ca\/\",\"logo\":{\"@type\":\"ImageObject\",\"inLanguage\":\"en-US\",\"@id\":\"https:\/\/dumoulin.absoludev.ca\/#\/schema\/logo\/image\/\",\"url\":\"https:\/\/www.dumoulinbicyclettes.com\/wp-content\/uploads\/2021\/04\/Logo.svg\",\"contentUrl\":\"https:\/\/www.dumoulinbicyclettes.com\/wp-content\/uploads\/2021\/04\/Logo.svg\",\"width\":254,\"height\":86,\"caption\":\"Dumoulin Bicyclettes\"},\"image\":{\"@id\":\"https:\/\/dumoulin.absoludev.ca\/#\/schema\/logo\/image\/\"},\"sameAs\":[\"https:\/\/www.facebook.com\/dumoulinbicyclettes\",\"https:\/\/www.instagram.com\/dumoulin.ca\/\",\"https:\/\/www.youtube.com\/user\/dumoulinbicyclettes\"]}]}<\/script>\n<!-- \/ Yoast SEO plugin. -->","yoast_head_json":{"title":"Brompton C Line explore |\u00a0Montreal | Velo pliable | Dumoulin Bicyclettes","description":"Brompton C Line explore : classique, super transportable, joyeusement agr\u00e9able \u00e0 rouler !","robots":{"index":"noindex","follow":"follow","max-snippet":"max-snippet:-1","max-image-preview":"max-image-preview:large","max-video-preview":"max-video-preview:-1"},"og_locale":"en_US","og_type":"article","og_title":"Brompton C Line explore |\u00a0Montreal | Velo pliable | Dumoulin Bicyclettes","og_description":"Brompton C Line explore : classique, super transportable, joyeusement agr\u00e9able \u00e0 rouler !","og_url":"https:\/\/dumoulin.absoludev.ca\/produit\/brompton-c-line-explore-6v-guidon-m-couleur-noir-pneus-schwalbe-marathon\/","og_site_name":"Dumoulin Bicyclettes","article_publisher":"https:\/\/www.facebook.com\/dumoulinbicyclettes","article_modified_time":"2025-09-04T18:17:47+00:00","og_image":[{"width":1080,"height":1005,"url":"https:\/\/dumoulin.absoludev.ca\/wp-content\/uploads\/2025\/05\/Brompton_c_Line-Explore_matt-black_m-Handlebar_6.webp","type":"image\/webp"}],"twitter_card":"summary_large_image","twitter_misc":{"Est. reading time":"1 minute"},"schema":{"@context":"https:\/\/schema.org","@graph":[{"@type":"WebPage","@id":"https:\/\/dumoulin.absoludev.ca\/produit\/brompton-c-line-explore-6v-guidon-m-couleur-noir-pneus-schwalbe-marathon\/","url":"https:\/\/dumoulin.absoludev.ca\/produit\/brompton-c-line-explore-6v-guidon-m-couleur-noir-pneus-schwalbe-marathon\/","name":"Brompton C Line explore |\u00a0Montreal | Velo pliable | Dumoulin Bicyclettes","isPartOf":{"@id":"https:\/\/dumoulin.absoludev.ca\/#website"},"primaryImageOfPage":{"@id":"https:\/\/dumoulin.absoludev.ca\/produit\/brompton-c-line-explore-6v-guidon-m-couleur-noir-pneus-schwalbe-marathon\/#primaryimage"},"image":{"@id":"https:\/\/dumoulin.absoludev.ca\/produit\/brompton-c-line-explore-6v-guidon-m-couleur-noir-pneus-schwalbe-marathon\/#primaryimage"},"thumbnailUrl":"https:\/\/dumoulin.absoludev.ca\/wp-content\/uploads\/2025\/05\/Brompton_c_Line-Explore_matt-black_m-Handlebar_6.webp","datePublished":"2025-05-30T18:12:15+00:00","dateModified":"2025-09-04T18:17:47+00:00","description":"Brompton C Line explore : classique, super transportable, joyeusement agr\u00e9able \u00e0 rouler !","breadcrumb":{"@id":"https:\/\/dumoulin.absoludev.ca\/produit\/brompton-c-line-explore-6v-guidon-m-couleur-noir-pneus-schwalbe-marathon\/#breadcrumb"},"inLanguage":"en-US","potentialAction":[{"@type":"ReadAction","target":["https:\/\/dumoulin.absoludev.ca\/produit\/brompton-c-line-explore-6v-guidon-m-couleur-noir-pneus-schwalbe-marathon\/"]}]},{"@type":"ImageObject","inLanguage":"en-US","@id":"https:\/\/dumoulin.absoludev.ca\/produit\/brompton-c-line-explore-6v-guidon-m-couleur-noir-pneus-schwalbe-marathon\/#primaryimage","url":"https:\/\/dumoulin.absoludev.ca\/wp-content\/uploads\/2025\/05\/Brompton_c_Line-Explore_matt-black_m-Handlebar_6.webp","contentUrl":"https:\/\/dumoulin.absoludev.ca\/wp-content\/uploads\/2025\/05\/Brompton_c_Line-Explore_matt-black_m-Handlebar_6.webp","width":1080,"height":1005,"caption":"Brompton_c_Line-Explore_matt-black_m-Handlebar_6"},{"@type":"BreadcrumbList","@id":"https:\/\/dumoulin.absoludev.ca\/produit\/brompton-c-line-explore-6v-guidon-m-couleur-noir-pneus-schwalbe-marathon\/#breadcrumb","itemListElement":[{"@type":"ListItem","position":1,"name":"Home","item":"https:\/\/dumoulin.absoludev.ca\/en\/"},{"@type":"ListItem","position":2,"name":"Shop","item":"https:\/\/dumoulin.absoludev.ca\/en\/shop\/"},{"@type":"ListItem","position":3,"name":"Brompton C Line explore, guidon M, noir"}]},{"@type":"WebSite","@id":"https:\/\/dumoulin.absoludev.ca\/#website","url":"https:\/\/dumoulin.absoludev.ca\/","name":"Dumoulin Bicyclettes","description":"","publisher":{"@id":"https:\/\/dumoulin.absoludev.ca\/#organization"},"potentialAction":[{"@type":"SearchAction","target":{"@type":"EntryPoint","urlTemplate":"https:\/\/dumoulin.absoludev.ca\/?s={search_term_string}"},"query-input":{"@type":"PropertyValueSpecification","valueRequired":true,"valueName":"search_term_string"}}],"inLanguage":"en-US"},{"@type":"Organization","@id":"https:\/\/dumoulin.absoludev.ca\/#organization","name":"Dumoulin Bicyclettes","url":"https:\/\/dumoulin.absoludev.ca\/","logo":{"@type":"ImageObject","inLanguage":"en-US","@id":"https:\/\/dumoulin.absoludev.ca\/#\/schema\/logo\/image\/","url":"https:\/\/www.dumoulinbicyclettes.com\/wp-content\/uploads\/2021\/04\/Logo.svg","contentUrl":"https:\/\/www.dumoulinbicyclettes.com\/wp-content\/uploads\/2021\/04\/Logo.svg","width":254,"height":86,"caption":"Dumoulin Bicyclettes"},"image":{"@id":"https:\/\/dumoulin.absoludev.ca\/#\/schema\/logo\/image\/"},"sameAs":["https:\/\/www.facebook.com\/dumoulinbicyclettes","https:\/\/www.instagram.com\/dumoulin.ca\/","https:\/\/www.youtube.com\/user\/dumoulinbicyclettes"]}]}},"_links":{"self":[{"href":"https:\/\/dumoulin.absoludev.ca\/en\/wp-json\/wp\/v2\/product\/625187","targetHints":{"allow":["GET"]}}],"collection":[{"href":"https:\/\/dumoulin.absoludev.ca\/en\/wp-json\/wp\/v2\/product"}],"about":[{"href":"https:\/\/dumoulin.absoludev.ca\/en\/wp-json\/wp\/v2\/types\/product"}],"wp:featuredmedia":[{"embeddable":true,"href":"https:\/\/dumoulin.absoludev.ca\/en\/wp-json\/wp\/v2\/media\/646754"}],"wp:attachment":[{"href":"https:\/\/dumoulin.absoludev.ca\/en\/wp-json\/wp\/v2\/media?parent=625187"}],"wp:term":[{"taxonomy":"product_brand","embeddable":true,"href":"https:\/\/dumoulin.absoludev.ca\/en\/wp-json\/wp\/v2\/product_brand?post=625187"},{"taxonomy":"product_cat","embeddable":true,"href":"https:\/\/dumoulin.absoludev.ca\/en\/wp-json\/wp\/v2\/product_cat?post=625187"},{"taxonomy":"product_tag","embeddable":true,"href":"https:\/\/dumoulin.absoludev.ca\/en\/wp-json\/wp\/v2\/product_tag?post=625187"},{"taxonomy":"marque-produit","embeddable":true,"href":"https:\/\/dumoulin.absoludev.ca\/en\/wp-json\/wp\/v2\/marque-produit?post=625187"},{"taxonomy":"collection-produit","embeddable":true,"href":"https:\/\/dumoulin.absoludev.ca\/en\/wp-json\/wp\/v2\/collection-produit?post=625187"},{"taxonomy":"type-surface-produit","embeddable":true,"href":"https:\/\/dumoulin.absoludev.ca\/en\/wp-json\/wp\/v2\/type-surface-produit?post=625187"},{"taxonomy":"type-velo-produit","embeddable":true,"href":"https:\/\/dumoulin.absoludev.ca\/en\/wp-json\/wp\/v2\/type-velo-produit?post=625187"},{"taxonomy":"vetement-produit","embeddable":true,"href":"https:\/\/dumoulin.absoludev.ca\/en\/wp-json\/wp\/v2\/vetement-produit?post=625187"},{"taxonomy":"thematique-produit","embeddable":true,"href":"https:\/\/dumoulin.absoludev.ca\/en\/wp-json\/wp\/v2\/thematique-produit?post=625187"},{"taxonomy":"position-sur-le-v\u00e9lo","embeddable":true,"href":"https:\/\/dumoulin.absoludev.ca\/en\/wp-json\/wp\/v2\/position-sur-le-v\u00e9lo?post=625187"}],"curies":[{"name":"wp","href":"https:\/\/api.w.org\/{rel}","templated":true}]}}