{"id":604170,"date":"2025-04-28T14:09:07","date_gmt":"2025-04-28T18:09:07","guid":{"rendered":"http:\/\/www.dumoulinbicyclettes.com\/?post_type=product&#038;p=604170"},"modified":"2025-09-04T14:21:45","modified_gmt":"2025-09-04T18:21:45","slug":"brompton-g-line","status":"publish","type":"product","link":"https:\/\/dumoulin.absoludev.ca\/en\/produit\/brompton-g-line\/","title":{"rendered":"Brompton G line explore"},"content":{"rendered":"<p>V\u00e9lo pliable transportable, confortable et plus polyvalent que jamais ! Le Brompton G Line est une machine \u00e0 r\u00eaver et votre instrument de libert\u00e9.<\/p>\n<p>Roues de 20 pouces, freins \u00e0 disques hydrauliques, trois tailles et un pliage toujours aussi simple : un v\u00e9lo \u00e0 emporter partout !<\/p>\n","protected":false},"excerpt":{"rendered":"<p>V\u00e9lo pliable transportable, confortable et plus polyvalent que jamais ! Le Brompton G Line est une machine \u00e0 r\u00eaver et votre instrument de libert\u00e9. Roues de 20 pouces, freins \u00e0 disques hydrauliques, trois tailles et un pliage toujours aussi simple : un v\u00e9lo \u00e0 emporter partout !<\/p>\n","protected":false},"featured_media":614906,"template":"","meta":{"_acf_changed":false},"product_brand":[],"product_cat":[1205],"product_tag":[3516],"marque-produit":[153],"collection-produit":[2883,3392],"type-surface-produit":[],"type-velo-produit":[1253],"vetement-produit":[],"thematique-produit":[],"position-sur-le-v\u00e9lo":[],"class_list":{"0":"post-604170","1":"product","2":"type-product","3":"status-publish","4":"has-post-thumbnail","6":"product_cat-velos-pliables","7":"product_tag-brompton-g-line","8":"marque-produit-brompton","9":"collection-produit-brompton","10":"collection-produit-velos-en-inventaire","11":"type-velo-produit-pliables","13":"first","14":"instock","15":"taxable","16":"shipping-taxable","17":"purchasable","18":"product-type-variable"},"acf":[],"yoast_head":"<!-- This site is optimized with the Yoast SEO plugin v24.3 - https:\/\/yoast.com\/wordpress\/plugins\/seo\/ -->\n<title>Brompton G line explore - Dumoulin Bicyclettes | v\u00e9los pliables | Montr\u00e9al | Qu\u00e9bec<\/title>\n<meta name=\"description\" content=\"Derni\u00e8re innovation de Brompton ! La compagnie britannique nous propose un v\u00e9lo marchand de r\u00eaves ! Pliable, confortable, transportable : il vous accompagne partout!\" \/>\n<meta name=\"robots\" content=\"noindex, follow, max-snippet:-1, max-image-preview:large, max-video-preview:-1\" \/>\n<meta property=\"og:locale\" content=\"en_US\" \/>\n<meta property=\"og:type\" content=\"article\" \/>\n<meta property=\"og:title\" content=\"Brompton G line explore - Dumoulin Bicyclettes | v\u00e9los pliables | Montr\u00e9al | Qu\u00e9bec\" \/>\n<meta property=\"og:description\" content=\"Derni\u00e8re innovation de Brompton ! La compagnie britannique nous propose un v\u00e9lo marchand de r\u00eaves ! Pliable, confortable, transportable : il vous accompagne partout!\" \/>\n<meta property=\"og:url\" content=\"https:\/\/dumoulin.absoludev.ca\/en\/produit\/brompton-g-line\/\" \/>\n<meta property=\"og:site_name\" content=\"Dumoulin Bicyclettes\" \/>\n<meta property=\"article:publisher\" content=\"https:\/\/www.facebook.com\/dumoulinbicyclettes\" \/>\n<meta property=\"article:modified_time\" content=\"2025-09-04T18:21:45+00:00\" \/>\n<meta property=\"og:image\" content=\"https:\/\/dumoulin.absoludev.ca\/wp-content\/uploads\/2025\/04\/brompton-g-line-folding-bike-montreal-quebec-dumoulin-bicyclettes-forrest-green.jpg\" \/>\n\t<meta property=\"og:image:width\" content=\"1280\" \/>\n\t<meta property=\"og:image:height\" content=\"854\" \/>\n\t<meta property=\"og:image:type\" content=\"image\/jpeg\" \/>\n<meta name=\"twitter:card\" content=\"summary_large_image\" \/>\n<meta name=\"twitter:label1\" content=\"Est. reading time\" \/>\n\t<meta name=\"twitter:data1\" content=\"1 minute\" \/>\n<script type=\"application\/ld+json\" class=\"yoast-schema-graph\">{\"@context\":\"https:\/\/schema.org\",\"@graph\":[{\"@type\":\"WebPage\",\"@id\":\"https:\/\/dumoulin.absoludev.ca\/en\/produit\/brompton-g-line\/\",\"url\":\"https:\/\/dumoulin.absoludev.ca\/en\/produit\/brompton-g-line\/\",\"name\":\"Brompton G line explore - Dumoulin Bicyclettes | v\u00e9los pliables | Montr\u00e9al | Qu\u00e9bec\",\"isPartOf\":{\"@id\":\"https:\/\/dumoulin.absoludev.ca\/#website\"},\"primaryImageOfPage\":{\"@id\":\"https:\/\/dumoulin.absoludev.ca\/en\/produit\/brompton-g-line\/#primaryimage\"},\"image\":{\"@id\":\"https:\/\/dumoulin.absoludev.ca\/en\/produit\/brompton-g-line\/#primaryimage\"},\"thumbnailUrl\":\"https:\/\/dumoulin.absoludev.ca\/wp-content\/uploads\/2025\/04\/brompton-g-line-folding-bike-montreal-quebec-dumoulin-bicyclettes-forrest-green.jpg\",\"datePublished\":\"2025-04-28T18:09:07+00:00\",\"dateModified\":\"2025-09-04T18:21:45+00:00\",\"description\":\"Derni\u00e8re innovation de Brompton ! La compagnie britannique nous propose un v\u00e9lo marchand de r\u00eaves ! Pliable, confortable, transportable : il vous accompagne partout!\",\"breadcrumb\":{\"@id\":\"https:\/\/dumoulin.absoludev.ca\/en\/produit\/brompton-g-line\/#breadcrumb\"},\"inLanguage\":\"en-US\",\"potentialAction\":[{\"@type\":\"ReadAction\",\"target\":[\"https:\/\/dumoulin.absoludev.ca\/en\/produit\/brompton-g-line\/\"]}]},{\"@type\":\"ImageObject\",\"inLanguage\":\"en-US\",\"@id\":\"https:\/\/dumoulin.absoludev.ca\/en\/produit\/brompton-g-line\/#primaryimage\",\"url\":\"https:\/\/dumoulin.absoludev.ca\/wp-content\/uploads\/2025\/04\/brompton-g-line-folding-bike-montreal-quebec-dumoulin-bicyclettes-forrest-green.jpg\",\"contentUrl\":\"https:\/\/dumoulin.absoludev.ca\/wp-content\/uploads\/2025\/04\/brompton-g-line-folding-bike-montreal-quebec-dumoulin-bicyclettes-forrest-green.jpg\",\"width\":1280,\"height\":854,\"caption\":\"Brompton_G_line_Folding-Bike_Montreal_Quebec_Dumoulin_Bicyclettes-Forrest-green_\"},{\"@type\":\"BreadcrumbList\",\"@id\":\"https:\/\/dumoulin.absoludev.ca\/en\/produit\/brompton-g-line\/#breadcrumb\",\"itemListElement\":[{\"@type\":\"ListItem\",\"position\":1,\"name\":\"Home\",\"item\":\"https:\/\/dumoulin.absoludev.ca\/en\/\"},{\"@type\":\"ListItem\",\"position\":2,\"name\":\"Shop\",\"item\":\"https:\/\/dumoulin.absoludev.ca\/en\/shop\/\"},{\"@type\":\"ListItem\",\"position\":3,\"name\":\"Brompton G line explore\"}]},{\"@type\":\"WebSite\",\"@id\":\"https:\/\/dumoulin.absoludev.ca\/#website\",\"url\":\"https:\/\/dumoulin.absoludev.ca\/\",\"name\":\"Dumoulin Bicyclettes\",\"description\":\"\",\"publisher\":{\"@id\":\"https:\/\/dumoulin.absoludev.ca\/#organization\"},\"potentialAction\":[{\"@type\":\"SearchAction\",\"target\":{\"@type\":\"EntryPoint\",\"urlTemplate\":\"https:\/\/dumoulin.absoludev.ca\/?s={search_term_string}\"},\"query-input\":{\"@type\":\"PropertyValueSpecification\",\"valueRequired\":true,\"valueName\":\"search_term_string\"}}],\"inLanguage\":\"en-US\"},{\"@type\":\"Organization\",\"@id\":\"https:\/\/dumoulin.absoludev.ca\/#organization\",\"name\":\"Dumoulin Bicyclettes\",\"url\":\"https:\/\/dumoulin.absoludev.ca\/\",\"logo\":{\"@type\":\"ImageObject\",\"inLanguage\":\"en-US\",\"@id\":\"https:\/\/dumoulin.absoludev.ca\/#\/schema\/logo\/image\/\",\"url\":\"https:\/\/www.dumoulinbicyclettes.com\/wp-content\/uploads\/2021\/04\/Logo.svg\",\"contentUrl\":\"https:\/\/www.dumoulinbicyclettes.com\/wp-content\/uploads\/2021\/04\/Logo.svg\",\"width\":254,\"height\":86,\"caption\":\"Dumoulin Bicyclettes\"},\"image\":{\"@id\":\"https:\/\/dumoulin.absoludev.ca\/#\/schema\/logo\/image\/\"},\"sameAs\":[\"https:\/\/www.facebook.com\/dumoulinbicyclettes\",\"https:\/\/www.instagram.com\/dumoulin.ca\/\",\"https:\/\/www.youtube.com\/user\/dumoulinbicyclettes\"]}]}<\/script>\n<!-- \/ Yoast SEO plugin. -->","yoast_head_json":{"title":"Brompton G line explore - Dumoulin Bicyclettes | v\u00e9los pliables | Montr\u00e9al | Qu\u00e9bec","description":"Derni\u00e8re innovation de Brompton ! La compagnie britannique nous propose un v\u00e9lo marchand de r\u00eaves ! Pliable, confortable, transportable : il vous accompagne partout!","robots":{"index":"noindex","follow":"follow","max-snippet":"max-snippet:-1","max-image-preview":"max-image-preview:large","max-video-preview":"max-video-preview:-1"},"og_locale":"en_US","og_type":"article","og_title":"Brompton G line explore - Dumoulin Bicyclettes | v\u00e9los pliables | Montr\u00e9al | Qu\u00e9bec","og_description":"Derni\u00e8re innovation de Brompton ! La compagnie britannique nous propose un v\u00e9lo marchand de r\u00eaves ! Pliable, confortable, transportable : il vous accompagne partout!","og_url":"https:\/\/dumoulin.absoludev.ca\/en\/produit\/brompton-g-line\/","og_site_name":"Dumoulin Bicyclettes","article_publisher":"https:\/\/www.facebook.com\/dumoulinbicyclettes","article_modified_time":"2025-09-04T18:21:45+00:00","og_image":[{"width":1280,"height":854,"url":"https:\/\/dumoulin.absoludev.ca\/wp-content\/uploads\/2025\/04\/brompton-g-line-folding-bike-montreal-quebec-dumoulin-bicyclettes-forrest-green.jpg","type":"image\/jpeg"}],"twitter_card":"summary_large_image","twitter_misc":{"Est. reading time":"1 minute"},"schema":{"@context":"https:\/\/schema.org","@graph":[{"@type":"WebPage","@id":"https:\/\/dumoulin.absoludev.ca\/en\/produit\/brompton-g-line\/","url":"https:\/\/dumoulin.absoludev.ca\/en\/produit\/brompton-g-line\/","name":"Brompton G line explore - Dumoulin Bicyclettes | v\u00e9los pliables | Montr\u00e9al | Qu\u00e9bec","isPartOf":{"@id":"https:\/\/dumoulin.absoludev.ca\/#website"},"primaryImageOfPage":{"@id":"https:\/\/dumoulin.absoludev.ca\/en\/produit\/brompton-g-line\/#primaryimage"},"image":{"@id":"https:\/\/dumoulin.absoludev.ca\/en\/produit\/brompton-g-line\/#primaryimage"},"thumbnailUrl":"https:\/\/dumoulin.absoludev.ca\/wp-content\/uploads\/2025\/04\/brompton-g-line-folding-bike-montreal-quebec-dumoulin-bicyclettes-forrest-green.jpg","datePublished":"2025-04-28T18:09:07+00:00","dateModified":"2025-09-04T18:21:45+00:00","description":"Derni\u00e8re innovation de Brompton ! La compagnie britannique nous propose un v\u00e9lo marchand de r\u00eaves ! Pliable, confortable, transportable : il vous accompagne partout!","breadcrumb":{"@id":"https:\/\/dumoulin.absoludev.ca\/en\/produit\/brompton-g-line\/#breadcrumb"},"inLanguage":"en-US","potentialAction":[{"@type":"ReadAction","target":["https:\/\/dumoulin.absoludev.ca\/en\/produit\/brompton-g-line\/"]}]},{"@type":"ImageObject","inLanguage":"en-US","@id":"https:\/\/dumoulin.absoludev.ca\/en\/produit\/brompton-g-line\/#primaryimage","url":"https:\/\/dumoulin.absoludev.ca\/wp-content\/uploads\/2025\/04\/brompton-g-line-folding-bike-montreal-quebec-dumoulin-bicyclettes-forrest-green.jpg","contentUrl":"https:\/\/dumoulin.absoludev.ca\/wp-content\/uploads\/2025\/04\/brompton-g-line-folding-bike-montreal-quebec-dumoulin-bicyclettes-forrest-green.jpg","width":1280,"height":854,"caption":"Brompton_G_line_Folding-Bike_Montreal_Quebec_Dumoulin_Bicyclettes-Forrest-green_"},{"@type":"BreadcrumbList","@id":"https:\/\/dumoulin.absoludev.ca\/en\/produit\/brompton-g-line\/#breadcrumb","itemListElement":[{"@type":"ListItem","position":1,"name":"Home","item":"https:\/\/dumoulin.absoludev.ca\/en\/"},{"@type":"ListItem","position":2,"name":"Shop","item":"https:\/\/dumoulin.absoludev.ca\/en\/shop\/"},{"@type":"ListItem","position":3,"name":"Brompton G line explore"}]},{"@type":"WebSite","@id":"https:\/\/dumoulin.absoludev.ca\/#website","url":"https:\/\/dumoulin.absoludev.ca\/","name":"Dumoulin Bicyclettes","description":"","publisher":{"@id":"https:\/\/dumoulin.absoludev.ca\/#organization"},"potentialAction":[{"@type":"SearchAction","target":{"@type":"EntryPoint","urlTemplate":"https:\/\/dumoulin.absoludev.ca\/?s={search_term_string}"},"query-input":{"@type":"PropertyValueSpecification","valueRequired":true,"valueName":"search_term_string"}}],"inLanguage":"en-US"},{"@type":"Organization","@id":"https:\/\/dumoulin.absoludev.ca\/#organization","name":"Dumoulin Bicyclettes","url":"https:\/\/dumoulin.absoludev.ca\/","logo":{"@type":"ImageObject","inLanguage":"en-US","@id":"https:\/\/dumoulin.absoludev.ca\/#\/schema\/logo\/image\/","url":"https:\/\/www.dumoulinbicyclettes.com\/wp-content\/uploads\/2021\/04\/Logo.svg","contentUrl":"https:\/\/www.dumoulinbicyclettes.com\/wp-content\/uploads\/2021\/04\/Logo.svg","width":254,"height":86,"caption":"Dumoulin Bicyclettes"},"image":{"@id":"https:\/\/dumoulin.absoludev.ca\/#\/schema\/logo\/image\/"},"sameAs":["https:\/\/www.facebook.com\/dumoulinbicyclettes","https:\/\/www.instagram.com\/dumoulin.ca\/","https:\/\/www.youtube.com\/user\/dumoulinbicyclettes"]}]}},"_links":{"self":[{"href":"https:\/\/dumoulin.absoludev.ca\/en\/wp-json\/wp\/v2\/product\/604170","targetHints":{"allow":["GET"]}}],"collection":[{"href":"https:\/\/dumoulin.absoludev.ca\/en\/wp-json\/wp\/v2\/product"}],"about":[{"href":"https:\/\/dumoulin.absoludev.ca\/en\/wp-json\/wp\/v2\/types\/product"}],"wp:featuredmedia":[{"embeddable":true,"href":"https:\/\/dumoulin.absoludev.ca\/en\/wp-json\/wp\/v2\/media\/614906"}],"wp:attachment":[{"href":"https:\/\/dumoulin.absoludev.ca\/en\/wp-json\/wp\/v2\/media?parent=604170"}],"wp:term":[{"taxonomy":"product_brand","embeddable":true,"href":"https:\/\/dumoulin.absoludev.ca\/en\/wp-json\/wp\/v2\/product_brand?post=604170"},{"taxonomy":"product_cat","embeddable":true,"href":"https:\/\/dumoulin.absoludev.ca\/en\/wp-json\/wp\/v2\/product_cat?post=604170"},{"taxonomy":"product_tag","embeddable":true,"href":"https:\/\/dumoulin.absoludev.ca\/en\/wp-json\/wp\/v2\/product_tag?post=604170"},{"taxonomy":"marque-produit","embeddable":true,"href":"https:\/\/dumoulin.absoludev.ca\/en\/wp-json\/wp\/v2\/marque-produit?post=604170"},{"taxonomy":"collection-produit","embeddable":true,"href":"https:\/\/dumoulin.absoludev.ca\/en\/wp-json\/wp\/v2\/collection-produit?post=604170"},{"taxonomy":"type-surface-produit","embeddable":true,"href":"https:\/\/dumoulin.absoludev.ca\/en\/wp-json\/wp\/v2\/type-surface-produit?post=604170"},{"taxonomy":"type-velo-produit","embeddable":true,"href":"https:\/\/dumoulin.absoludev.ca\/en\/wp-json\/wp\/v2\/type-velo-produit?post=604170"},{"taxonomy":"vetement-produit","embeddable":true,"href":"https:\/\/dumoulin.absoludev.ca\/en\/wp-json\/wp\/v2\/vetement-produit?post=604170"},{"taxonomy":"thematique-produit","embeddable":true,"href":"https:\/\/dumoulin.absoludev.ca\/en\/wp-json\/wp\/v2\/thematique-produit?post=604170"},{"taxonomy":"position-sur-le-v\u00e9lo","embeddable":true,"href":"https:\/\/dumoulin.absoludev.ca\/en\/wp-json\/wp\/v2\/position-sur-le-v\u00e9lo?post=604170"}],"curies":[{"name":"wp","href":"https:\/\/api.w.org\/{rel}","templated":true}]}}