{"id":600734,"date":"2025-04-23T18:09:05","date_gmt":"2025-04-23T22:09:05","guid":{"rendered":"http:\/\/www.dumoulinbicyclettes.com\/?post_type=product&#038;p=600734"},"modified":"2025-05-21T12:59:18","modified_gmt":"2025-05-21T16:59:18","slug":"tern-gsd-gen-3","status":"publish","type":"product","link":"https:\/\/dumoulin.absoludev.ca\/en\/produit\/tern-gsd-gen-3\/","title":{"rendered":"Tern GSD Gen 3"},"content":{"rendered":"<p><strong>Tern GSD: le v\u00e9lo cargo longtail compact de r\u00e9f\u00e9rence.<\/strong><\/p>\n<p align=\"justify\">La troisi\u00e8me g\u00e9n\u00e9ration du Tern GSD est encore plus aboutie et s&#8217;adapte toujours aussi bien aux quotidiens des familles. \u00c9quip\u00e9 du moteur Bosch Cargo Line Smart System, ce v\u00e9lo cargo \u00e9lectrique peut transporter un ou deux enfants en toute s\u00e9curit\u00e9. Stable et pratique, il incarne une solution de mobilit\u00e9 urbaine efficace et confortable.<\/p>\n<p align=\"justify\">\u00c0 d\u00e9couvrir d\u00e8s maintenant\u202f!<\/p>\n","protected":false},"excerpt":{"rendered":"<p>Tern GSD: le v\u00e9lo cargo longtail compact de r\u00e9f\u00e9rence. La troisi\u00e8me g\u00e9n\u00e9ration du Tern GSD est encore plus aboutie et s&#8217;adapte toujours aussi bien aux quotidiens des familles. \u00c9quip\u00e9 du moteur Bosch Cargo Line Smart System, ce v\u00e9lo cargo \u00e9lectrique peut transporter un ou deux enfants en toute s\u00e9curit\u00e9. Stable et pratique, il incarne une [&hellip;]<\/p>\n","protected":false},"featured_media":600738,"template":"","meta":{"_acf_changed":false},"product_brand":[],"product_cat":[1566,169,163],"product_tag":[3507,3506,3505],"marque-produit":[154],"collection-produit":[2843],"type-surface-produit":[],"type-velo-produit":[1248],"vetement-produit":[],"thematique-produit":[],"position-sur-le-v\u00e9lo":[],"class_list":{"0":"post-600734","1":"product","2":"type-product","3":"status-publish","4":"has-post-thumbnail","6":"product_cat-cargo","7":"product_cat-transport-denfant","8":"product_cat-velos-cargo","9":"product_tag-gen3","10":"product_tag-s10","11":"product_tag-tern-gsd","12":"pa_transmission-r14","13":"pa_transmission-s00","14":"pa_transmission-s10","15":"marque-produit-tern","16":"collection-produit-tern-gsd","17":"type-velo-produit-cargo","19":"first","20":"onbackorder","21":"taxable","22":"shipping-taxable","23":"purchasable","24":"product-type-variable"},"acf":[],"yoast_head":"<!-- This site is optimized with the Yoast SEO plugin v24.3 - https:\/\/yoast.com\/wordpress\/plugins\/seo\/ -->\n<title>V\u00e9lo cargo longtail Tern GSD Gen 3 - Dumoulin Bicyclettes | Montr\u00e9al | Qu\u00e9bec<\/title>\n<meta name=\"description\" content=\"Le v\u00e9lo cargo longtail Tern GSD est compact et ultra-pratique, id\u00e9al pour transporter les enfants, faire les courses et remplacer la voiture au quotidien.\" \/>\n<meta name=\"robots\" content=\"noindex, follow, max-snippet:-1, max-image-preview:large, max-video-preview:-1\" \/>\n<meta property=\"og:locale\" content=\"en_US\" \/>\n<meta property=\"og:type\" content=\"article\" \/>\n<meta property=\"og:title\" content=\"V\u00e9lo cargo longtail Tern GSD Gen 3 - Dumoulin Bicyclettes | Montr\u00e9al | Qu\u00e9bec\" \/>\n<meta property=\"og:description\" content=\"Le v\u00e9lo cargo longtail Tern GSD est compact et ultra-pratique, id\u00e9al pour transporter les enfants, faire les courses et remplacer la voiture au quotidien.\" \/>\n<meta property=\"og:url\" content=\"https:\/\/dumoulin.absoludev.ca\/en\/produit\/tern-gsd-gen-3\/\" \/>\n<meta property=\"og:site_name\" content=\"Dumoulin Bicyclettes\" \/>\n<meta property=\"article:publisher\" content=\"https:\/\/www.facebook.com\/dumoulinbicyclettes\" \/>\n<meta property=\"article:modified_time\" content=\"2025-05-21T16:59:18+00:00\" \/>\n<meta property=\"og:image\" content=\"https:\/\/dumoulin.absoludev.ca\/wp-content\/uploads\/2025\/04\/Tern_Gsd_S10_Gen_3_smart_System_velo-cargo-longtail-dumoulin-bicyclettes-montreal-quebec-TN-photo-GSD_S10-gen3-schoolbus-profile.jpg\" \/>\n\t<meta property=\"og:image:width\" content=\"1200\" \/>\n\t<meta property=\"og:image:height\" content=\"800\" \/>\n\t<meta property=\"og:image:type\" content=\"image\/jpeg\" \/>\n<meta name=\"twitter:card\" content=\"summary_large_image\" \/>\n<meta name=\"twitter:label1\" content=\"Est. reading time\" \/>\n\t<meta name=\"twitter:data1\" content=\"1 minute\" \/>\n<script type=\"application\/ld+json\" class=\"yoast-schema-graph\">{\"@context\":\"https:\/\/schema.org\",\"@graph\":[{\"@type\":\"WebPage\",\"@id\":\"https:\/\/dumoulin.absoludev.ca\/en\/produit\/tern-gsd-gen-3\/\",\"url\":\"https:\/\/dumoulin.absoludev.ca\/en\/produit\/tern-gsd-gen-3\/\",\"name\":\"V\u00e9lo cargo longtail Tern GSD Gen 3 - Dumoulin Bicyclettes | Montr\u00e9al | Qu\u00e9bec\",\"isPartOf\":{\"@id\":\"https:\/\/dumoulin.absoludev.ca\/#website\"},\"primaryImageOfPage\":{\"@id\":\"https:\/\/dumoulin.absoludev.ca\/en\/produit\/tern-gsd-gen-3\/#primaryimage\"},\"image\":{\"@id\":\"https:\/\/dumoulin.absoludev.ca\/en\/produit\/tern-gsd-gen-3\/#primaryimage\"},\"thumbnailUrl\":\"https:\/\/dumoulin.absoludev.ca\/wp-content\/uploads\/2025\/04\/Tern_Gsd_S10_Gen_3_smart_System_velo-cargo-longtail-dumoulin-bicyclettes-montreal-quebec-TN-photo-GSD_S10-gen3-schoolbus-profile.jpg\",\"datePublished\":\"2025-04-23T22:09:05+00:00\",\"dateModified\":\"2025-05-21T16:59:18+00:00\",\"description\":\"Le v\u00e9lo cargo longtail Tern GSD est compact et ultra-pratique, id\u00e9al pour transporter les enfants, faire les courses et remplacer la voiture au quotidien.\",\"breadcrumb\":{\"@id\":\"https:\/\/dumoulin.absoludev.ca\/en\/produit\/tern-gsd-gen-3\/#breadcrumb\"},\"inLanguage\":\"en-US\",\"potentialAction\":[{\"@type\":\"ReadAction\",\"target\":[\"https:\/\/dumoulin.absoludev.ca\/en\/produit\/tern-gsd-gen-3\/\"]}]},{\"@type\":\"ImageObject\",\"inLanguage\":\"en-US\",\"@id\":\"https:\/\/dumoulin.absoludev.ca\/en\/produit\/tern-gsd-gen-3\/#primaryimage\",\"url\":\"https:\/\/dumoulin.absoludev.ca\/wp-content\/uploads\/2025\/04\/Tern_Gsd_S10_Gen_3_smart_System_velo-cargo-longtail-dumoulin-bicyclettes-montreal-quebec-TN-photo-GSD_S10-gen3-schoolbus-profile.jpg\",\"contentUrl\":\"https:\/\/dumoulin.absoludev.ca\/wp-content\/uploads\/2025\/04\/Tern_Gsd_S10_Gen_3_smart_System_velo-cargo-longtail-dumoulin-bicyclettes-montreal-quebec-TN-photo-GSD_S10-gen3-schoolbus-profile.jpg\",\"width\":1200,\"height\":800,\"caption\":\"Tern_Gsd_S10_Gen_3_smart_System_velo-cargo-longtail-dumoulin-bicyclettes-montreal-quebec-TN-photo-GSD_S10-gen3-schoolbus-profile\"},{\"@type\":\"BreadcrumbList\",\"@id\":\"https:\/\/dumoulin.absoludev.ca\/en\/produit\/tern-gsd-gen-3\/#breadcrumb\",\"itemListElement\":[{\"@type\":\"ListItem\",\"position\":1,\"name\":\"Home\",\"item\":\"https:\/\/dumoulin.absoludev.ca\/en\/\"},{\"@type\":\"ListItem\",\"position\":2,\"name\":\"Shop\",\"item\":\"https:\/\/dumoulin.absoludev.ca\/en\/shop\/\"},{\"@type\":\"ListItem\",\"position\":3,\"name\":\"Tern GSD Gen 3\"}]},{\"@type\":\"WebSite\",\"@id\":\"https:\/\/dumoulin.absoludev.ca\/#website\",\"url\":\"https:\/\/dumoulin.absoludev.ca\/\",\"name\":\"Dumoulin Bicyclettes\",\"description\":\"\",\"publisher\":{\"@id\":\"https:\/\/dumoulin.absoludev.ca\/#organization\"},\"potentialAction\":[{\"@type\":\"SearchAction\",\"target\":{\"@type\":\"EntryPoint\",\"urlTemplate\":\"https:\/\/dumoulin.absoludev.ca\/?s={search_term_string}\"},\"query-input\":{\"@type\":\"PropertyValueSpecification\",\"valueRequired\":true,\"valueName\":\"search_term_string\"}}],\"inLanguage\":\"en-US\"},{\"@type\":\"Organization\",\"@id\":\"https:\/\/dumoulin.absoludev.ca\/#organization\",\"name\":\"Dumoulin Bicyclettes\",\"url\":\"https:\/\/dumoulin.absoludev.ca\/\",\"logo\":{\"@type\":\"ImageObject\",\"inLanguage\":\"en-US\",\"@id\":\"https:\/\/dumoulin.absoludev.ca\/#\/schema\/logo\/image\/\",\"url\":\"https:\/\/www.dumoulinbicyclettes.com\/wp-content\/uploads\/2021\/04\/Logo.svg\",\"contentUrl\":\"https:\/\/www.dumoulinbicyclettes.com\/wp-content\/uploads\/2021\/04\/Logo.svg\",\"width\":254,\"height\":86,\"caption\":\"Dumoulin Bicyclettes\"},\"image\":{\"@id\":\"https:\/\/dumoulin.absoludev.ca\/#\/schema\/logo\/image\/\"},\"sameAs\":[\"https:\/\/www.facebook.com\/dumoulinbicyclettes\",\"https:\/\/www.instagram.com\/dumoulin.ca\/\",\"https:\/\/www.youtube.com\/user\/dumoulinbicyclettes\"]}]}<\/script>\n<!-- \/ Yoast SEO plugin. -->","yoast_head_json":{"title":"V\u00e9lo cargo longtail Tern GSD Gen 3 - Dumoulin Bicyclettes | Montr\u00e9al | Qu\u00e9bec","description":"Le v\u00e9lo cargo longtail Tern GSD est compact et ultra-pratique, id\u00e9al pour transporter les enfants, faire les courses et remplacer la voiture au quotidien.","robots":{"index":"noindex","follow":"follow","max-snippet":"max-snippet:-1","max-image-preview":"max-image-preview:large","max-video-preview":"max-video-preview:-1"},"og_locale":"en_US","og_type":"article","og_title":"V\u00e9lo cargo longtail Tern GSD Gen 3 - Dumoulin Bicyclettes | Montr\u00e9al | Qu\u00e9bec","og_description":"Le v\u00e9lo cargo longtail Tern GSD est compact et ultra-pratique, id\u00e9al pour transporter les enfants, faire les courses et remplacer la voiture au quotidien.","og_url":"https:\/\/dumoulin.absoludev.ca\/en\/produit\/tern-gsd-gen-3\/","og_site_name":"Dumoulin Bicyclettes","article_publisher":"https:\/\/www.facebook.com\/dumoulinbicyclettes","article_modified_time":"2025-05-21T16:59:18+00:00","og_image":[{"width":1200,"height":800,"url":"https:\/\/dumoulin.absoludev.ca\/wp-content\/uploads\/2025\/04\/Tern_Gsd_S10_Gen_3_smart_System_velo-cargo-longtail-dumoulin-bicyclettes-montreal-quebec-TN-photo-GSD_S10-gen3-schoolbus-profile.jpg","type":"image\/jpeg"}],"twitter_card":"summary_large_image","twitter_misc":{"Est. reading time":"1 minute"},"schema":{"@context":"https:\/\/schema.org","@graph":[{"@type":"WebPage","@id":"https:\/\/dumoulin.absoludev.ca\/en\/produit\/tern-gsd-gen-3\/","url":"https:\/\/dumoulin.absoludev.ca\/en\/produit\/tern-gsd-gen-3\/","name":"V\u00e9lo cargo longtail Tern GSD Gen 3 - Dumoulin Bicyclettes | Montr\u00e9al | Qu\u00e9bec","isPartOf":{"@id":"https:\/\/dumoulin.absoludev.ca\/#website"},"primaryImageOfPage":{"@id":"https:\/\/dumoulin.absoludev.ca\/en\/produit\/tern-gsd-gen-3\/#primaryimage"},"image":{"@id":"https:\/\/dumoulin.absoludev.ca\/en\/produit\/tern-gsd-gen-3\/#primaryimage"},"thumbnailUrl":"https:\/\/dumoulin.absoludev.ca\/wp-content\/uploads\/2025\/04\/Tern_Gsd_S10_Gen_3_smart_System_velo-cargo-longtail-dumoulin-bicyclettes-montreal-quebec-TN-photo-GSD_S10-gen3-schoolbus-profile.jpg","datePublished":"2025-04-23T22:09:05+00:00","dateModified":"2025-05-21T16:59:18+00:00","description":"Le v\u00e9lo cargo longtail Tern GSD est compact et ultra-pratique, id\u00e9al pour transporter les enfants, faire les courses et remplacer la voiture au quotidien.","breadcrumb":{"@id":"https:\/\/dumoulin.absoludev.ca\/en\/produit\/tern-gsd-gen-3\/#breadcrumb"},"inLanguage":"en-US","potentialAction":[{"@type":"ReadAction","target":["https:\/\/dumoulin.absoludev.ca\/en\/produit\/tern-gsd-gen-3\/"]}]},{"@type":"ImageObject","inLanguage":"en-US","@id":"https:\/\/dumoulin.absoludev.ca\/en\/produit\/tern-gsd-gen-3\/#primaryimage","url":"https:\/\/dumoulin.absoludev.ca\/wp-content\/uploads\/2025\/04\/Tern_Gsd_S10_Gen_3_smart_System_velo-cargo-longtail-dumoulin-bicyclettes-montreal-quebec-TN-photo-GSD_S10-gen3-schoolbus-profile.jpg","contentUrl":"https:\/\/dumoulin.absoludev.ca\/wp-content\/uploads\/2025\/04\/Tern_Gsd_S10_Gen_3_smart_System_velo-cargo-longtail-dumoulin-bicyclettes-montreal-quebec-TN-photo-GSD_S10-gen3-schoolbus-profile.jpg","width":1200,"height":800,"caption":"Tern_Gsd_S10_Gen_3_smart_System_velo-cargo-longtail-dumoulin-bicyclettes-montreal-quebec-TN-photo-GSD_S10-gen3-schoolbus-profile"},{"@type":"BreadcrumbList","@id":"https:\/\/dumoulin.absoludev.ca\/en\/produit\/tern-gsd-gen-3\/#breadcrumb","itemListElement":[{"@type":"ListItem","position":1,"name":"Home","item":"https:\/\/dumoulin.absoludev.ca\/en\/"},{"@type":"ListItem","position":2,"name":"Shop","item":"https:\/\/dumoulin.absoludev.ca\/en\/shop\/"},{"@type":"ListItem","position":3,"name":"Tern GSD Gen 3"}]},{"@type":"WebSite","@id":"https:\/\/dumoulin.absoludev.ca\/#website","url":"https:\/\/dumoulin.absoludev.ca\/","name":"Dumoulin Bicyclettes","description":"","publisher":{"@id":"https:\/\/dumoulin.absoludev.ca\/#organization"},"potentialAction":[{"@type":"SearchAction","target":{"@type":"EntryPoint","urlTemplate":"https:\/\/dumoulin.absoludev.ca\/?s={search_term_string}"},"query-input":{"@type":"PropertyValueSpecification","valueRequired":true,"valueName":"search_term_string"}}],"inLanguage":"en-US"},{"@type":"Organization","@id":"https:\/\/dumoulin.absoludev.ca\/#organization","name":"Dumoulin Bicyclettes","url":"https:\/\/dumoulin.absoludev.ca\/","logo":{"@type":"ImageObject","inLanguage":"en-US","@id":"https:\/\/dumoulin.absoludev.ca\/#\/schema\/logo\/image\/","url":"https:\/\/www.dumoulinbicyclettes.com\/wp-content\/uploads\/2021\/04\/Logo.svg","contentUrl":"https:\/\/www.dumoulinbicyclettes.com\/wp-content\/uploads\/2021\/04\/Logo.svg","width":254,"height":86,"caption":"Dumoulin Bicyclettes"},"image":{"@id":"https:\/\/dumoulin.absoludev.ca\/#\/schema\/logo\/image\/"},"sameAs":["https:\/\/www.facebook.com\/dumoulinbicyclettes","https:\/\/www.instagram.com\/dumoulin.ca\/","https:\/\/www.youtube.com\/user\/dumoulinbicyclettes"]}]}},"_links":{"self":[{"href":"https:\/\/dumoulin.absoludev.ca\/en\/wp-json\/wp\/v2\/product\/600734","targetHints":{"allow":["GET"]}}],"collection":[{"href":"https:\/\/dumoulin.absoludev.ca\/en\/wp-json\/wp\/v2\/product"}],"about":[{"href":"https:\/\/dumoulin.absoludev.ca\/en\/wp-json\/wp\/v2\/types\/product"}],"wp:featuredmedia":[{"embeddable":true,"href":"https:\/\/dumoulin.absoludev.ca\/en\/wp-json\/wp\/v2\/media\/600738"}],"wp:attachment":[{"href":"https:\/\/dumoulin.absoludev.ca\/en\/wp-json\/wp\/v2\/media?parent=600734"}],"wp:term":[{"taxonomy":"product_brand","embeddable":true,"href":"https:\/\/dumoulin.absoludev.ca\/en\/wp-json\/wp\/v2\/product_brand?post=600734"},{"taxonomy":"product_cat","embeddable":true,"href":"https:\/\/dumoulin.absoludev.ca\/en\/wp-json\/wp\/v2\/product_cat?post=600734"},{"taxonomy":"product_tag","embeddable":true,"href":"https:\/\/dumoulin.absoludev.ca\/en\/wp-json\/wp\/v2\/product_tag?post=600734"},{"taxonomy":"marque-produit","embeddable":true,"href":"https:\/\/dumoulin.absoludev.ca\/en\/wp-json\/wp\/v2\/marque-produit?post=600734"},{"taxonomy":"collection-produit","embeddable":true,"href":"https:\/\/dumoulin.absoludev.ca\/en\/wp-json\/wp\/v2\/collection-produit?post=600734"},{"taxonomy":"type-surface-produit","embeddable":true,"href":"https:\/\/dumoulin.absoludev.ca\/en\/wp-json\/wp\/v2\/type-surface-produit?post=600734"},{"taxonomy":"type-velo-produit","embeddable":true,"href":"https:\/\/dumoulin.absoludev.ca\/en\/wp-json\/wp\/v2\/type-velo-produit?post=600734"},{"taxonomy":"vetement-produit","embeddable":true,"href":"https:\/\/dumoulin.absoludev.ca\/en\/wp-json\/wp\/v2\/vetement-produit?post=600734"},{"taxonomy":"thematique-produit","embeddable":true,"href":"https:\/\/dumoulin.absoludev.ca\/en\/wp-json\/wp\/v2\/thematique-produit?post=600734"},{"taxonomy":"position-sur-le-v\u00e9lo","embeddable":true,"href":"https:\/\/dumoulin.absoludev.ca\/en\/wp-json\/wp\/v2\/position-sur-le-v\u00e9lo?post=600734"}],"curies":[{"name":"wp","href":"https:\/\/api.w.org\/{rel}","templated":true}]}}