{"id":600731,"date":"2025-04-23T18:08:59","date_gmt":"2025-04-23T22:08:59","guid":{"rendered":"http:\/\/www.dumoulinbicyclettes.com\/?post_type=product&#038;p=600731"},"modified":"2025-09-04T14:21:41","modified_gmt":"2025-09-04T18:21:41","slug":"urban-arrow-family-2","status":"publish","type":"product","link":"https:\/\/dumoulin.absoludev.ca\/en\/produit\/urban-arrow-family-2\/","title":{"rendered":"Urban Arrow Family"},"content":{"rendered":"<p>Le Urban Arrow Family est l\u2019une des alternatives les plus cr\u00e9dibles \u00e0 la <em>minivan<\/em> familiale : un v\u00e9lo cargo \u00e9lectrique con\u00e7u pour transporter tous les membres de la famille en toute s\u00e9curit\u00e9.<\/p>\n<p>Pens\u00e9 sp\u00e9cifiquement pour d\u00e9placer un \u00e0 quatre enfants, le v\u00e9lo-bo\u00eete Urban Arrow Family est un outil de mobilit\u00e9 exceptionnel. Il offre non seulement un espace de chargement spacieux et facilement accessible pour les enfants, mais constitue aussi un moyen de transport rapide et efficace pour les d\u00e9placements quotidiens des parents.<\/p>\n<p>Plus agile qu\u2019un triporteur, ce v\u00e9lo \u00e0 chargement avant s\u2019int\u00e8gre spectaculairement dans le quotidien des familles.<\/p>\n","protected":false},"excerpt":{"rendered":"<p>Le Urban Arrow Family est l\u2019une des alternatives les plus cr\u00e9dibles \u00e0 la minivan familiale : un v\u00e9lo cargo \u00e9lectrique con\u00e7u pour transporter tous les membres de la famille en toute s\u00e9curit\u00e9. Pens\u00e9 sp\u00e9cifiquement pour d\u00e9placer un \u00e0 quatre enfants, le v\u00e9lo-bo\u00eete Urban Arrow Family est un outil de mobilit\u00e9 exceptionnel. Il offre non seulement [&hellip;]<\/p>\n","protected":false},"featured_media":604269,"template":"","meta":{"_acf_changed":false},"product_brand":[],"product_cat":[1566,169],"product_tag":[3435,2623,3140,3508,2571],"marque-produit":[1451],"collection-produit":[2889],"type-surface-produit":[],"type-velo-produit":[],"vetement-produit":[],"thematique-produit":[],"position-sur-le-v\u00e9lo":[],"class_list":{"0":"post-600731","1":"product","2":"type-product","3":"status-publish","4":"has-post-thumbnail","6":"product_cat-cargo","7":"product_cat-transport-denfant","8":"product_tag-3435","9":"product_tag-family","10":"product_tag-gen-3","11":"product_tag-smart-system-bosch","12":"product_tag-urban-arrow","13":"marque-produit-urban-arrow","14":"collection-produit-urban-arrow","16":"first","17":"instock","18":"taxable","19":"shipping-taxable","20":"purchasable","21":"product-type-variable"},"acf":[],"yoast_head":"<!-- This site is optimized with the Yoast SEO plugin v24.3 - https:\/\/yoast.com\/wordpress\/plugins\/seo\/ -->\n<title>V\u00e9lo cargo \u00e9lectrique Urban Arrow Family - Dumoulin Bicyclettes - Montr\u00e9al - Qu\u00e9bec<\/title>\n<meta name=\"description\" content=\"V\u00e9lo cargo Urban Arrow family : l&#039;alternative la plus cr\u00e9dible \u00e0 la minivan pour les d\u00e9placements des familles. S\u00fbr et agr\u00e9able, c&#039;est une l\u00e9gende du v\u00e9lo!\" \/>\n<meta name=\"robots\" content=\"noindex, follow, max-snippet:-1, max-image-preview:large, max-video-preview:-1\" \/>\n<meta property=\"og:locale\" content=\"en_US\" \/>\n<meta property=\"og:type\" content=\"article\" \/>\n<meta property=\"og:title\" content=\"V\u00e9lo cargo \u00e9lectrique Urban Arrow Family - Dumoulin Bicyclettes - Montr\u00e9al - Qu\u00e9bec\" \/>\n<meta property=\"og:description\" content=\"V\u00e9lo cargo Urban Arrow family : l&#039;alternative la plus cr\u00e9dible \u00e0 la minivan pour les d\u00e9placements des familles. S\u00fbr et agr\u00e9able, c&#039;est une l\u00e9gende du v\u00e9lo!\" \/>\n<meta property=\"og:url\" content=\"https:\/\/dumoulin.absoludev.ca\/en\/produit\/urban-arrow-family-2\/\" \/>\n<meta property=\"og:site_name\" content=\"Dumoulin Bicyclettes\" \/>\n<meta property=\"article:publisher\" content=\"https:\/\/www.facebook.com\/dumoulinbicyclettes\" \/>\n<meta property=\"article:modified_time\" content=\"2025-09-04T18:21:41+00:00\" \/>\n<meta property=\"og:image\" content=\"https:\/\/dumoulin.absoludev.ca\/wp-content\/uploads\/2025\/04\/velo-cargo-urban-arrow-family-montreal-quebec-dumoulin-bicyclettes-1.jpeg\" \/>\n\t<meta property=\"og:image:width\" content=\"1850\" \/>\n\t<meta property=\"og:image:height\" content=\"1388\" \/>\n\t<meta property=\"og:image:type\" content=\"image\/jpeg\" \/>\n<meta name=\"twitter:card\" content=\"summary_large_image\" \/>\n<meta name=\"twitter:label1\" content=\"Est. reading time\" \/>\n\t<meta name=\"twitter:data1\" content=\"1 minute\" \/>\n<script type=\"application\/ld+json\" class=\"yoast-schema-graph\">{\"@context\":\"https:\/\/schema.org\",\"@graph\":[{\"@type\":\"WebPage\",\"@id\":\"https:\/\/dumoulin.absoludev.ca\/en\/produit\/urban-arrow-family-2\/\",\"url\":\"https:\/\/dumoulin.absoludev.ca\/en\/produit\/urban-arrow-family-2\/\",\"name\":\"V\u00e9lo cargo \u00e9lectrique Urban Arrow Family - Dumoulin Bicyclettes - Montr\u00e9al - Qu\u00e9bec\",\"isPartOf\":{\"@id\":\"https:\/\/dumoulin.absoludev.ca\/#website\"},\"primaryImageOfPage\":{\"@id\":\"https:\/\/dumoulin.absoludev.ca\/en\/produit\/urban-arrow-family-2\/#primaryimage\"},\"image\":{\"@id\":\"https:\/\/dumoulin.absoludev.ca\/en\/produit\/urban-arrow-family-2\/#primaryimage\"},\"thumbnailUrl\":\"https:\/\/dumoulin.absoludev.ca\/wp-content\/uploads\/2025\/04\/velo-cargo-urban-arrow-family-montreal-quebec-dumoulin-bicyclettes-1.jpeg\",\"datePublished\":\"2025-04-23T22:08:59+00:00\",\"dateModified\":\"2025-09-04T18:21:41+00:00\",\"description\":\"V\u00e9lo cargo Urban Arrow family : l'alternative la plus cr\u00e9dible \u00e0 la minivan pour les d\u00e9placements des familles. S\u00fbr et agr\u00e9able, c'est une l\u00e9gende du v\u00e9lo!\",\"breadcrumb\":{\"@id\":\"https:\/\/dumoulin.absoludev.ca\/en\/produit\/urban-arrow-family-2\/#breadcrumb\"},\"inLanguage\":\"en-US\",\"potentialAction\":[{\"@type\":\"ReadAction\",\"target\":[\"https:\/\/dumoulin.absoludev.ca\/en\/produit\/urban-arrow-family-2\/\"]}]},{\"@type\":\"ImageObject\",\"inLanguage\":\"en-US\",\"@id\":\"https:\/\/dumoulin.absoludev.ca\/en\/produit\/urban-arrow-family-2\/#primaryimage\",\"url\":\"https:\/\/dumoulin.absoludev.ca\/wp-content\/uploads\/2025\/04\/velo-cargo-urban-arrow-family-montreal-quebec-dumoulin-bicyclettes-1.jpeg\",\"contentUrl\":\"https:\/\/dumoulin.absoludev.ca\/wp-content\/uploads\/2025\/04\/velo-cargo-urban-arrow-family-montreal-quebec-dumoulin-bicyclettes-1.jpeg\",\"width\":1850,\"height\":1388,\"caption\":\"velo-cargo-urban-arrow-family-montreal-quebec-dumoulin-bicyclettes-5\"},{\"@type\":\"BreadcrumbList\",\"@id\":\"https:\/\/dumoulin.absoludev.ca\/en\/produit\/urban-arrow-family-2\/#breadcrumb\",\"itemListElement\":[{\"@type\":\"ListItem\",\"position\":1,\"name\":\"Home\",\"item\":\"https:\/\/dumoulin.absoludev.ca\/en\/\"},{\"@type\":\"ListItem\",\"position\":2,\"name\":\"Shop\",\"item\":\"https:\/\/dumoulin.absoludev.ca\/en\/shop\/\"},{\"@type\":\"ListItem\",\"position\":3,\"name\":\"Urban Arrow Family\"}]},{\"@type\":\"WebSite\",\"@id\":\"https:\/\/dumoulin.absoludev.ca\/#website\",\"url\":\"https:\/\/dumoulin.absoludev.ca\/\",\"name\":\"Dumoulin Bicyclettes\",\"description\":\"\",\"publisher\":{\"@id\":\"https:\/\/dumoulin.absoludev.ca\/#organization\"},\"potentialAction\":[{\"@type\":\"SearchAction\",\"target\":{\"@type\":\"EntryPoint\",\"urlTemplate\":\"https:\/\/dumoulin.absoludev.ca\/?s={search_term_string}\"},\"query-input\":{\"@type\":\"PropertyValueSpecification\",\"valueRequired\":true,\"valueName\":\"search_term_string\"}}],\"inLanguage\":\"en-US\"},{\"@type\":\"Organization\",\"@id\":\"https:\/\/dumoulin.absoludev.ca\/#organization\",\"name\":\"Dumoulin Bicyclettes\",\"url\":\"https:\/\/dumoulin.absoludev.ca\/\",\"logo\":{\"@type\":\"ImageObject\",\"inLanguage\":\"en-US\",\"@id\":\"https:\/\/dumoulin.absoludev.ca\/#\/schema\/logo\/image\/\",\"url\":\"https:\/\/www.dumoulinbicyclettes.com\/wp-content\/uploads\/2021\/04\/Logo.svg\",\"contentUrl\":\"https:\/\/www.dumoulinbicyclettes.com\/wp-content\/uploads\/2021\/04\/Logo.svg\",\"width\":254,\"height\":86,\"caption\":\"Dumoulin Bicyclettes\"},\"image\":{\"@id\":\"https:\/\/dumoulin.absoludev.ca\/#\/schema\/logo\/image\/\"},\"sameAs\":[\"https:\/\/www.facebook.com\/dumoulinbicyclettes\",\"https:\/\/www.instagram.com\/dumoulin.ca\/\",\"https:\/\/www.youtube.com\/user\/dumoulinbicyclettes\"]}]}<\/script>\n<!-- \/ Yoast SEO plugin. -->","yoast_head_json":{"title":"V\u00e9lo cargo \u00e9lectrique Urban Arrow Family - Dumoulin Bicyclettes - Montr\u00e9al - Qu\u00e9bec","description":"V\u00e9lo cargo Urban Arrow family : l'alternative la plus cr\u00e9dible \u00e0 la minivan pour les d\u00e9placements des familles. S\u00fbr et agr\u00e9able, c'est une l\u00e9gende du v\u00e9lo!","robots":{"index":"noindex","follow":"follow","max-snippet":"max-snippet:-1","max-image-preview":"max-image-preview:large","max-video-preview":"max-video-preview:-1"},"og_locale":"en_US","og_type":"article","og_title":"V\u00e9lo cargo \u00e9lectrique Urban Arrow Family - Dumoulin Bicyclettes - Montr\u00e9al - Qu\u00e9bec","og_description":"V\u00e9lo cargo Urban Arrow family : l'alternative la plus cr\u00e9dible \u00e0 la minivan pour les d\u00e9placements des familles. S\u00fbr et agr\u00e9able, c'est une l\u00e9gende du v\u00e9lo!","og_url":"https:\/\/dumoulin.absoludev.ca\/en\/produit\/urban-arrow-family-2\/","og_site_name":"Dumoulin Bicyclettes","article_publisher":"https:\/\/www.facebook.com\/dumoulinbicyclettes","article_modified_time":"2025-09-04T18:21:41+00:00","og_image":[{"width":1850,"height":1388,"url":"https:\/\/dumoulin.absoludev.ca\/wp-content\/uploads\/2025\/04\/velo-cargo-urban-arrow-family-montreal-quebec-dumoulin-bicyclettes-1.jpeg","type":"image\/jpeg"}],"twitter_card":"summary_large_image","twitter_misc":{"Est. reading time":"1 minute"},"schema":{"@context":"https:\/\/schema.org","@graph":[{"@type":"WebPage","@id":"https:\/\/dumoulin.absoludev.ca\/en\/produit\/urban-arrow-family-2\/","url":"https:\/\/dumoulin.absoludev.ca\/en\/produit\/urban-arrow-family-2\/","name":"V\u00e9lo cargo \u00e9lectrique Urban Arrow Family - Dumoulin Bicyclettes - Montr\u00e9al - Qu\u00e9bec","isPartOf":{"@id":"https:\/\/dumoulin.absoludev.ca\/#website"},"primaryImageOfPage":{"@id":"https:\/\/dumoulin.absoludev.ca\/en\/produit\/urban-arrow-family-2\/#primaryimage"},"image":{"@id":"https:\/\/dumoulin.absoludev.ca\/en\/produit\/urban-arrow-family-2\/#primaryimage"},"thumbnailUrl":"https:\/\/dumoulin.absoludev.ca\/wp-content\/uploads\/2025\/04\/velo-cargo-urban-arrow-family-montreal-quebec-dumoulin-bicyclettes-1.jpeg","datePublished":"2025-04-23T22:08:59+00:00","dateModified":"2025-09-04T18:21:41+00:00","description":"V\u00e9lo cargo Urban Arrow family : l'alternative la plus cr\u00e9dible \u00e0 la minivan pour les d\u00e9placements des familles. S\u00fbr et agr\u00e9able, c'est une l\u00e9gende du v\u00e9lo!","breadcrumb":{"@id":"https:\/\/dumoulin.absoludev.ca\/en\/produit\/urban-arrow-family-2\/#breadcrumb"},"inLanguage":"en-US","potentialAction":[{"@type":"ReadAction","target":["https:\/\/dumoulin.absoludev.ca\/en\/produit\/urban-arrow-family-2\/"]}]},{"@type":"ImageObject","inLanguage":"en-US","@id":"https:\/\/dumoulin.absoludev.ca\/en\/produit\/urban-arrow-family-2\/#primaryimage","url":"https:\/\/dumoulin.absoludev.ca\/wp-content\/uploads\/2025\/04\/velo-cargo-urban-arrow-family-montreal-quebec-dumoulin-bicyclettes-1.jpeg","contentUrl":"https:\/\/dumoulin.absoludev.ca\/wp-content\/uploads\/2025\/04\/velo-cargo-urban-arrow-family-montreal-quebec-dumoulin-bicyclettes-1.jpeg","width":1850,"height":1388,"caption":"velo-cargo-urban-arrow-family-montreal-quebec-dumoulin-bicyclettes-5"},{"@type":"BreadcrumbList","@id":"https:\/\/dumoulin.absoludev.ca\/en\/produit\/urban-arrow-family-2\/#breadcrumb","itemListElement":[{"@type":"ListItem","position":1,"name":"Home","item":"https:\/\/dumoulin.absoludev.ca\/en\/"},{"@type":"ListItem","position":2,"name":"Shop","item":"https:\/\/dumoulin.absoludev.ca\/en\/shop\/"},{"@type":"ListItem","position":3,"name":"Urban Arrow Family"}]},{"@type":"WebSite","@id":"https:\/\/dumoulin.absoludev.ca\/#website","url":"https:\/\/dumoulin.absoludev.ca\/","name":"Dumoulin Bicyclettes","description":"","publisher":{"@id":"https:\/\/dumoulin.absoludev.ca\/#organization"},"potentialAction":[{"@type":"SearchAction","target":{"@type":"EntryPoint","urlTemplate":"https:\/\/dumoulin.absoludev.ca\/?s={search_term_string}"},"query-input":{"@type":"PropertyValueSpecification","valueRequired":true,"valueName":"search_term_string"}}],"inLanguage":"en-US"},{"@type":"Organization","@id":"https:\/\/dumoulin.absoludev.ca\/#organization","name":"Dumoulin Bicyclettes","url":"https:\/\/dumoulin.absoludev.ca\/","logo":{"@type":"ImageObject","inLanguage":"en-US","@id":"https:\/\/dumoulin.absoludev.ca\/#\/schema\/logo\/image\/","url":"https:\/\/www.dumoulinbicyclettes.com\/wp-content\/uploads\/2021\/04\/Logo.svg","contentUrl":"https:\/\/www.dumoulinbicyclettes.com\/wp-content\/uploads\/2021\/04\/Logo.svg","width":254,"height":86,"caption":"Dumoulin Bicyclettes"},"image":{"@id":"https:\/\/dumoulin.absoludev.ca\/#\/schema\/logo\/image\/"},"sameAs":["https:\/\/www.facebook.com\/dumoulinbicyclettes","https:\/\/www.instagram.com\/dumoulin.ca\/","https:\/\/www.youtube.com\/user\/dumoulinbicyclettes"]}]}},"_links":{"self":[{"href":"https:\/\/dumoulin.absoludev.ca\/en\/wp-json\/wp\/v2\/product\/600731","targetHints":{"allow":["GET"]}}],"collection":[{"href":"https:\/\/dumoulin.absoludev.ca\/en\/wp-json\/wp\/v2\/product"}],"about":[{"href":"https:\/\/dumoulin.absoludev.ca\/en\/wp-json\/wp\/v2\/types\/product"}],"wp:featuredmedia":[{"embeddable":true,"href":"https:\/\/dumoulin.absoludev.ca\/en\/wp-json\/wp\/v2\/media\/604269"}],"wp:attachment":[{"href":"https:\/\/dumoulin.absoludev.ca\/en\/wp-json\/wp\/v2\/media?parent=600731"}],"wp:term":[{"taxonomy":"product_brand","embeddable":true,"href":"https:\/\/dumoulin.absoludev.ca\/en\/wp-json\/wp\/v2\/product_brand?post=600731"},{"taxonomy":"product_cat","embeddable":true,"href":"https:\/\/dumoulin.absoludev.ca\/en\/wp-json\/wp\/v2\/product_cat?post=600731"},{"taxonomy":"product_tag","embeddable":true,"href":"https:\/\/dumoulin.absoludev.ca\/en\/wp-json\/wp\/v2\/product_tag?post=600731"},{"taxonomy":"marque-produit","embeddable":true,"href":"https:\/\/dumoulin.absoludev.ca\/en\/wp-json\/wp\/v2\/marque-produit?post=600731"},{"taxonomy":"collection-produit","embeddable":true,"href":"https:\/\/dumoulin.absoludev.ca\/en\/wp-json\/wp\/v2\/collection-produit?post=600731"},{"taxonomy":"type-surface-produit","embeddable":true,"href":"https:\/\/dumoulin.absoludev.ca\/en\/wp-json\/wp\/v2\/type-surface-produit?post=600731"},{"taxonomy":"type-velo-produit","embeddable":true,"href":"https:\/\/dumoulin.absoludev.ca\/en\/wp-json\/wp\/v2\/type-velo-produit?post=600731"},{"taxonomy":"vetement-produit","embeddable":true,"href":"https:\/\/dumoulin.absoludev.ca\/en\/wp-json\/wp\/v2\/vetement-produit?post=600731"},{"taxonomy":"thematique-produit","embeddable":true,"href":"https:\/\/dumoulin.absoludev.ca\/en\/wp-json\/wp\/v2\/thematique-produit?post=600731"},{"taxonomy":"position-sur-le-v\u00e9lo","embeddable":true,"href":"https:\/\/dumoulin.absoludev.ca\/en\/wp-json\/wp\/v2\/position-sur-le-v\u00e9lo?post=600731"}],"curies":[{"name":"wp","href":"https:\/\/api.w.org\/{rel}","templated":true}]}}