{"id":597216,"date":"2025-04-18T16:52:42","date_gmt":"2025-04-18T20:52:42","guid":{"rendered":"https:\/\/www.dumoulinbicyclettes.com\/?post_type=product&#038;p=597216"},"modified":"2025-04-28T13:49:33","modified_gmt":"2025-04-28T17:49:33","slug":"riesemuller-transporter2-65","status":"publish","type":"product","link":"https:\/\/dumoulin.absoludev.ca\/en\/produit\/riesemuller-transporter2-65\/","title":{"rendered":"Riese&#038;M\u00fcller Transporter2 65"},"content":{"rendered":"<p><strong>Le Transporter2 65 combine format compact et grande capacit\u00e9.<\/strong><\/p>\n<p>Avec un tel v\u00e9lo, on embarque facilement un \u00e0 deux enfants, et on facilite les d\u00e9placements de la famille au quotidien. Aucune f\u00eate d\u2019enfant n\u2019est trop loin, aucun pique-nique trop compliqu\u00e9 \u00e0 organiser. Une fois les enfants d\u00e9pos\u00e9s, on file au travail, on fait l\u2019\u00e9picerie\u2026 et on s\u2019amuse : l&#8217;envie de prendre un petit \u00ab<em>rallongi<\/em>\u00bb avant d\u2019arriver \u00e0 destination est un effet secondaire du Riese&#038;M\u00fcller Transporter\u202f!<\/p>\n","protected":false},"excerpt":{"rendered":"<p>Le Transporter2 65 combine format compact et grande capacit\u00e9. Avec un tel v\u00e9lo, on embarque facilement un \u00e0 deux enfants, et on facilite les d\u00e9placements de la famille au quotidien. Aucune f\u00eate d\u2019enfant n\u2019est trop loin, aucun pique-nique trop compliqu\u00e9 \u00e0 organiser. Une fois les enfants d\u00e9pos\u00e9s, on file au travail, on fait l\u2019\u00e9picerie\u2026 et [&hellip;]<\/p>\n","protected":false},"featured_media":597244,"template":"","meta":{"_acf_changed":false},"product_brand":[],"product_cat":[1566,169,165],"product_tag":[2752,3500],"marque-produit":[2747],"collection-produit":[3347,3346],"type-surface-produit":[],"type-velo-produit":[],"vetement-produit":[],"thematique-produit":[],"position-sur-le-v\u00e9lo":[],"class_list":{"0":"post-597216","1":"product","2":"type-product","3":"status-publish","4":"has-post-thumbnail","6":"product_cat-cargo","7":"product_cat-transport-denfant","8":"product_cat-velo-electriques","9":"product_tag-riesemuller","10":"product_tag-transporter2","11":"marque-produit-riese-and-muller","12":"collection-produit-velos-boite","13":"collection-produit-velos-cargo-riesemuller","15":"first","16":"onbackorder","17":"taxable","18":"shipping-taxable","19":"purchasable","20":"product-type-variable"},"acf":[],"yoast_head":"<!-- This site is optimized with the Yoast SEO plugin v24.3 - https:\/\/yoast.com\/wordpress\/plugins\/seo\/ -->\n<title>Riese&amp;M\u00fcller Transporter2 65 - Dumoulin Bicyclettes | v\u00e9lo cargo Montr\u00e9al | Front loader<\/title>\n<meta name=\"description\" content=\"Le Riese&amp;M\u00fcller Transporter2 65 r\u00e9pond aux besoins des trajets quotidiens avec souplesse : un v\u00e9lo cargo \u00e9lectrique con\u00e7u pour d\u00e9placer enfants ou marchandises, en toute confiance.\" \/>\n<meta name=\"robots\" content=\"noindex, follow, max-snippet:-1, max-image-preview:large, max-video-preview:-1\" \/>\n<meta property=\"og:locale\" content=\"en_US\" \/>\n<meta property=\"og:type\" content=\"article\" \/>\n<meta property=\"og:title\" content=\"Riese&amp;M\u00fcller Transporter2 65 - Dumoulin Bicyclettes | v\u00e9lo cargo Montr\u00e9al | Front loader\" \/>\n<meta property=\"og:description\" content=\"Le Riese&amp;M\u00fcller Transporter2 65 r\u00e9pond aux besoins des trajets quotidiens avec souplesse : un v\u00e9lo cargo \u00e9lectrique con\u00e7u pour d\u00e9placer enfants ou marchandises, en toute confiance.\" \/>\n<meta property=\"og:url\" content=\"https:\/\/dumoulin.absoludev.ca\/en\/produit\/riesemuller-transporter2-65\/\" \/>\n<meta property=\"og:site_name\" content=\"Dumoulin Bicyclettes\" \/>\n<meta property=\"article:publisher\" content=\"https:\/\/www.facebook.com\/dumoulinbicyclettes\" \/>\n<meta property=\"article:modified_time\" content=\"2025-04-28T17:49:33+00:00\" \/>\n<meta property=\"og:image\" content=\"https:\/\/dumoulin.absoludev.ca\/wp-content\/uploads\/2025\/04\/velo-cargo-riese-and-muller-transporter-2-65-montreal-dumoulin-bicyclettes-quebec-12.jpg\" \/>\n\t<meta property=\"og:image:width\" content=\"1800\" \/>\n\t<meta property=\"og:image:height\" content=\"1200\" \/>\n\t<meta property=\"og:image:type\" content=\"image\/jpeg\" \/>\n<meta name=\"twitter:card\" content=\"summary_large_image\" \/>\n<meta name=\"twitter:label1\" content=\"Est. reading time\" \/>\n\t<meta name=\"twitter:data1\" content=\"1 minute\" \/>\n<script type=\"application\/ld+json\" class=\"yoast-schema-graph\">{\"@context\":\"https:\/\/schema.org\",\"@graph\":[{\"@type\":\"WebPage\",\"@id\":\"https:\/\/dumoulin.absoludev.ca\/en\/produit\/riesemuller-transporter2-65\/\",\"url\":\"https:\/\/dumoulin.absoludev.ca\/en\/produit\/riesemuller-transporter2-65\/\",\"name\":\"Riese&M\u00fcller Transporter2 65 - Dumoulin Bicyclettes | v\u00e9lo cargo Montr\u00e9al | Front loader\",\"isPartOf\":{\"@id\":\"https:\/\/dumoulin.absoludev.ca\/#website\"},\"primaryImageOfPage\":{\"@id\":\"https:\/\/dumoulin.absoludev.ca\/en\/produit\/riesemuller-transporter2-65\/#primaryimage\"},\"image\":{\"@id\":\"https:\/\/dumoulin.absoludev.ca\/en\/produit\/riesemuller-transporter2-65\/#primaryimage\"},\"thumbnailUrl\":\"https:\/\/dumoulin.absoludev.ca\/wp-content\/uploads\/2025\/04\/velo-cargo-riese-and-muller-transporter-2-65-montreal-dumoulin-bicyclettes-quebec-12.jpg\",\"datePublished\":\"2025-04-18T20:52:42+00:00\",\"dateModified\":\"2025-04-28T17:49:33+00:00\",\"description\":\"Le Riese&M\u00fcller Transporter2 65 r\u00e9pond aux besoins des trajets quotidiens avec souplesse : un v\u00e9lo cargo \u00e9lectrique con\u00e7u pour d\u00e9placer enfants ou marchandises, en toute confiance.\",\"breadcrumb\":{\"@id\":\"https:\/\/dumoulin.absoludev.ca\/en\/produit\/riesemuller-transporter2-65\/#breadcrumb\"},\"inLanguage\":\"en-US\",\"potentialAction\":[{\"@type\":\"ReadAction\",\"target\":[\"https:\/\/dumoulin.absoludev.ca\/en\/produit\/riesemuller-transporter2-65\/\"]}]},{\"@type\":\"ImageObject\",\"inLanguage\":\"en-US\",\"@id\":\"https:\/\/dumoulin.absoludev.ca\/en\/produit\/riesemuller-transporter2-65\/#primaryimage\",\"url\":\"https:\/\/dumoulin.absoludev.ca\/wp-content\/uploads\/2025\/04\/velo-cargo-riese-and-muller-transporter-2-65-montreal-dumoulin-bicyclettes-quebec-12.jpg\",\"contentUrl\":\"https:\/\/dumoulin.absoludev.ca\/wp-content\/uploads\/2025\/04\/velo-cargo-riese-and-muller-transporter-2-65-montreal-dumoulin-bicyclettes-quebec-12.jpg\",\"width\":1800,\"height\":1200,\"caption\":\"velo-cargo-riese-and-muller-transporter-2-65_montreal-dumoulin-bicyclettes-quebec-12\"},{\"@type\":\"BreadcrumbList\",\"@id\":\"https:\/\/dumoulin.absoludev.ca\/en\/produit\/riesemuller-transporter2-65\/#breadcrumb\",\"itemListElement\":[{\"@type\":\"ListItem\",\"position\":1,\"name\":\"Home\",\"item\":\"https:\/\/dumoulin.absoludev.ca\/en\/\"},{\"@type\":\"ListItem\",\"position\":2,\"name\":\"Shop\",\"item\":\"https:\/\/dumoulin.absoludev.ca\/en\/shop\/\"},{\"@type\":\"ListItem\",\"position\":3,\"name\":\"Riese&#038;M\u00fcller Transporter2 65\"}]},{\"@type\":\"WebSite\",\"@id\":\"https:\/\/dumoulin.absoludev.ca\/#website\",\"url\":\"https:\/\/dumoulin.absoludev.ca\/\",\"name\":\"Dumoulin Bicyclettes\",\"description\":\"\",\"publisher\":{\"@id\":\"https:\/\/dumoulin.absoludev.ca\/#organization\"},\"potentialAction\":[{\"@type\":\"SearchAction\",\"target\":{\"@type\":\"EntryPoint\",\"urlTemplate\":\"https:\/\/dumoulin.absoludev.ca\/?s={search_term_string}\"},\"query-input\":{\"@type\":\"PropertyValueSpecification\",\"valueRequired\":true,\"valueName\":\"search_term_string\"}}],\"inLanguage\":\"en-US\"},{\"@type\":\"Organization\",\"@id\":\"https:\/\/dumoulin.absoludev.ca\/#organization\",\"name\":\"Dumoulin Bicyclettes\",\"url\":\"https:\/\/dumoulin.absoludev.ca\/\",\"logo\":{\"@type\":\"ImageObject\",\"inLanguage\":\"en-US\",\"@id\":\"https:\/\/dumoulin.absoludev.ca\/#\/schema\/logo\/image\/\",\"url\":\"https:\/\/www.dumoulinbicyclettes.com\/wp-content\/uploads\/2021\/04\/Logo.svg\",\"contentUrl\":\"https:\/\/www.dumoulinbicyclettes.com\/wp-content\/uploads\/2021\/04\/Logo.svg\",\"width\":254,\"height\":86,\"caption\":\"Dumoulin Bicyclettes\"},\"image\":{\"@id\":\"https:\/\/dumoulin.absoludev.ca\/#\/schema\/logo\/image\/\"},\"sameAs\":[\"https:\/\/www.facebook.com\/dumoulinbicyclettes\",\"https:\/\/www.instagram.com\/dumoulin.ca\/\",\"https:\/\/www.youtube.com\/user\/dumoulinbicyclettes\"]}]}<\/script>\n<!-- \/ Yoast SEO plugin. -->","yoast_head_json":{"title":"Riese&M\u00fcller Transporter2 65 - Dumoulin Bicyclettes | v\u00e9lo cargo Montr\u00e9al | Front loader","description":"Le Riese&M\u00fcller Transporter2 65 r\u00e9pond aux besoins des trajets quotidiens avec souplesse : un v\u00e9lo cargo \u00e9lectrique con\u00e7u pour d\u00e9placer enfants ou marchandises, en toute confiance.","robots":{"index":"noindex","follow":"follow","max-snippet":"max-snippet:-1","max-image-preview":"max-image-preview:large","max-video-preview":"max-video-preview:-1"},"og_locale":"en_US","og_type":"article","og_title":"Riese&M\u00fcller Transporter2 65 - Dumoulin Bicyclettes | v\u00e9lo cargo Montr\u00e9al | Front loader","og_description":"Le Riese&M\u00fcller Transporter2 65 r\u00e9pond aux besoins des trajets quotidiens avec souplesse : un v\u00e9lo cargo \u00e9lectrique con\u00e7u pour d\u00e9placer enfants ou marchandises, en toute confiance.","og_url":"https:\/\/dumoulin.absoludev.ca\/en\/produit\/riesemuller-transporter2-65\/","og_site_name":"Dumoulin Bicyclettes","article_publisher":"https:\/\/www.facebook.com\/dumoulinbicyclettes","article_modified_time":"2025-04-28T17:49:33+00:00","og_image":[{"width":1800,"height":1200,"url":"https:\/\/dumoulin.absoludev.ca\/wp-content\/uploads\/2025\/04\/velo-cargo-riese-and-muller-transporter-2-65-montreal-dumoulin-bicyclettes-quebec-12.jpg","type":"image\/jpeg"}],"twitter_card":"summary_large_image","twitter_misc":{"Est. reading time":"1 minute"},"schema":{"@context":"https:\/\/schema.org","@graph":[{"@type":"WebPage","@id":"https:\/\/dumoulin.absoludev.ca\/en\/produit\/riesemuller-transporter2-65\/","url":"https:\/\/dumoulin.absoludev.ca\/en\/produit\/riesemuller-transporter2-65\/","name":"Riese&M\u00fcller Transporter2 65 - Dumoulin Bicyclettes | v\u00e9lo cargo Montr\u00e9al | Front loader","isPartOf":{"@id":"https:\/\/dumoulin.absoludev.ca\/#website"},"primaryImageOfPage":{"@id":"https:\/\/dumoulin.absoludev.ca\/en\/produit\/riesemuller-transporter2-65\/#primaryimage"},"image":{"@id":"https:\/\/dumoulin.absoludev.ca\/en\/produit\/riesemuller-transporter2-65\/#primaryimage"},"thumbnailUrl":"https:\/\/dumoulin.absoludev.ca\/wp-content\/uploads\/2025\/04\/velo-cargo-riese-and-muller-transporter-2-65-montreal-dumoulin-bicyclettes-quebec-12.jpg","datePublished":"2025-04-18T20:52:42+00:00","dateModified":"2025-04-28T17:49:33+00:00","description":"Le Riese&M\u00fcller Transporter2 65 r\u00e9pond aux besoins des trajets quotidiens avec souplesse : un v\u00e9lo cargo \u00e9lectrique con\u00e7u pour d\u00e9placer enfants ou marchandises, en toute confiance.","breadcrumb":{"@id":"https:\/\/dumoulin.absoludev.ca\/en\/produit\/riesemuller-transporter2-65\/#breadcrumb"},"inLanguage":"en-US","potentialAction":[{"@type":"ReadAction","target":["https:\/\/dumoulin.absoludev.ca\/en\/produit\/riesemuller-transporter2-65\/"]}]},{"@type":"ImageObject","inLanguage":"en-US","@id":"https:\/\/dumoulin.absoludev.ca\/en\/produit\/riesemuller-transporter2-65\/#primaryimage","url":"https:\/\/dumoulin.absoludev.ca\/wp-content\/uploads\/2025\/04\/velo-cargo-riese-and-muller-transporter-2-65-montreal-dumoulin-bicyclettes-quebec-12.jpg","contentUrl":"https:\/\/dumoulin.absoludev.ca\/wp-content\/uploads\/2025\/04\/velo-cargo-riese-and-muller-transporter-2-65-montreal-dumoulin-bicyclettes-quebec-12.jpg","width":1800,"height":1200,"caption":"velo-cargo-riese-and-muller-transporter-2-65_montreal-dumoulin-bicyclettes-quebec-12"},{"@type":"BreadcrumbList","@id":"https:\/\/dumoulin.absoludev.ca\/en\/produit\/riesemuller-transporter2-65\/#breadcrumb","itemListElement":[{"@type":"ListItem","position":1,"name":"Home","item":"https:\/\/dumoulin.absoludev.ca\/en\/"},{"@type":"ListItem","position":2,"name":"Shop","item":"https:\/\/dumoulin.absoludev.ca\/en\/shop\/"},{"@type":"ListItem","position":3,"name":"Riese&#038;M\u00fcller Transporter2 65"}]},{"@type":"WebSite","@id":"https:\/\/dumoulin.absoludev.ca\/#website","url":"https:\/\/dumoulin.absoludev.ca\/","name":"Dumoulin Bicyclettes","description":"","publisher":{"@id":"https:\/\/dumoulin.absoludev.ca\/#organization"},"potentialAction":[{"@type":"SearchAction","target":{"@type":"EntryPoint","urlTemplate":"https:\/\/dumoulin.absoludev.ca\/?s={search_term_string}"},"query-input":{"@type":"PropertyValueSpecification","valueRequired":true,"valueName":"search_term_string"}}],"inLanguage":"en-US"},{"@type":"Organization","@id":"https:\/\/dumoulin.absoludev.ca\/#organization","name":"Dumoulin Bicyclettes","url":"https:\/\/dumoulin.absoludev.ca\/","logo":{"@type":"ImageObject","inLanguage":"en-US","@id":"https:\/\/dumoulin.absoludev.ca\/#\/schema\/logo\/image\/","url":"https:\/\/www.dumoulinbicyclettes.com\/wp-content\/uploads\/2021\/04\/Logo.svg","contentUrl":"https:\/\/www.dumoulinbicyclettes.com\/wp-content\/uploads\/2021\/04\/Logo.svg","width":254,"height":86,"caption":"Dumoulin Bicyclettes"},"image":{"@id":"https:\/\/dumoulin.absoludev.ca\/#\/schema\/logo\/image\/"},"sameAs":["https:\/\/www.facebook.com\/dumoulinbicyclettes","https:\/\/www.instagram.com\/dumoulin.ca\/","https:\/\/www.youtube.com\/user\/dumoulinbicyclettes"]}]}},"_links":{"self":[{"href":"https:\/\/dumoulin.absoludev.ca\/en\/wp-json\/wp\/v2\/product\/597216","targetHints":{"allow":["GET"]}}],"collection":[{"href":"https:\/\/dumoulin.absoludev.ca\/en\/wp-json\/wp\/v2\/product"}],"about":[{"href":"https:\/\/dumoulin.absoludev.ca\/en\/wp-json\/wp\/v2\/types\/product"}],"wp:featuredmedia":[{"embeddable":true,"href":"https:\/\/dumoulin.absoludev.ca\/en\/wp-json\/wp\/v2\/media\/597244"}],"wp:attachment":[{"href":"https:\/\/dumoulin.absoludev.ca\/en\/wp-json\/wp\/v2\/media?parent=597216"}],"wp:term":[{"taxonomy":"product_brand","embeddable":true,"href":"https:\/\/dumoulin.absoludev.ca\/en\/wp-json\/wp\/v2\/product_brand?post=597216"},{"taxonomy":"product_cat","embeddable":true,"href":"https:\/\/dumoulin.absoludev.ca\/en\/wp-json\/wp\/v2\/product_cat?post=597216"},{"taxonomy":"product_tag","embeddable":true,"href":"https:\/\/dumoulin.absoludev.ca\/en\/wp-json\/wp\/v2\/product_tag?post=597216"},{"taxonomy":"marque-produit","embeddable":true,"href":"https:\/\/dumoulin.absoludev.ca\/en\/wp-json\/wp\/v2\/marque-produit?post=597216"},{"taxonomy":"collection-produit","embeddable":true,"href":"https:\/\/dumoulin.absoludev.ca\/en\/wp-json\/wp\/v2\/collection-produit?post=597216"},{"taxonomy":"type-surface-produit","embeddable":true,"href":"https:\/\/dumoulin.absoludev.ca\/en\/wp-json\/wp\/v2\/type-surface-produit?post=597216"},{"taxonomy":"type-velo-produit","embeddable":true,"href":"https:\/\/dumoulin.absoludev.ca\/en\/wp-json\/wp\/v2\/type-velo-produit?post=597216"},{"taxonomy":"vetement-produit","embeddable":true,"href":"https:\/\/dumoulin.absoludev.ca\/en\/wp-json\/wp\/v2\/vetement-produit?post=597216"},{"taxonomy":"thematique-produit","embeddable":true,"href":"https:\/\/dumoulin.absoludev.ca\/en\/wp-json\/wp\/v2\/thematique-produit?post=597216"},{"taxonomy":"position-sur-le-v\u00e9lo","embeddable":true,"href":"https:\/\/dumoulin.absoludev.ca\/en\/wp-json\/wp\/v2\/position-sur-le-v\u00e9lo?post=597216"}],"curies":[{"name":"wp","href":"https:\/\/api.w.org\/{rel}","templated":true}]}}