{"id":594835,"date":"2025-04-14T11:10:45","date_gmt":"2025-04-14T15:10:45","guid":{"rendered":"http:\/\/www.dumoulinbicyclettes.com\/?post_type=product&#038;p=594835"},"modified":"2025-09-04T14:17:25","modified_gmt":"2025-09-04T18:17:25","slug":"selle-avec-poignee-pour-velo-cargo-long-tail-tern-gsd","status":"publish","type":"product","link":"https:\/\/dumoulin.absoludev.ca\/en\/produit\/selle-avec-poignee-pour-velo-cargo-long-tail-tern-gsd\/","title":{"rendered":"Selle avec poign\u00e9e pour v\u00e9lo long tail"},"content":{"rendered":"<p>Lorsqu&#8217;un enfant est assis en arri\u00e8re de vous, il est important qu&#8217;il puisse <em>intuitivement<\/em> savoir o\u00f9 poser ses pieds, o\u00f9 poser ses mains. Beaucoup vont s&#8217;agripper \u00e0 vos poches de pantalons, \u00e0 vos hanches ou encore \u00e0 un sac \u00e0 dos. Id\u00e9alement, on souhaiterait qu&#8217;ils puissent utiliser une petite poign\u00e9e.<\/p>\n<p>Voici ce que cette selle de <a href=\"https:\/\/www.dumoulinbicyclettes.com\/velo-cargo-long-tail-famille\/\">Tern GSD<\/a> propose!<\/p>\n<p>Mieux qu&#8217;un petit guidon, qui peut finir dans vos quadriceps plus souvent qu&#8217;autrement ou dans les genoux des enfants, la poign\u00e9e int\u00e9gr\u00e9e \u00e0 une selle t\u00e9moigne d&#8217;un soucis du d\u00e9tail et fait la diff\u00e9rence sur les v\u00e9los long tail et cargo. Ainsi, le Riese&#038;M\u00fcller Multitinker, le Yuba Spicy Curry V4 et les long porteurs de Tern ont tous cette selle.<\/p>\n<p>Seul d\u00e9faut : il ne faut pas profiter de cette poign\u00e9e pour soulever votre v\u00e9lo&#8230; elle ne tiendra pas longtemps !<\/p>\n","protected":false},"excerpt":{"rendered":"<p>Lorsqu&#8217;un enfant est assis en arri\u00e8re de vous, il est important qu&#8217;il puisse intuitivement savoir o\u00f9 poser ses pieds, o\u00f9 poser ses mains. Beaucoup vont s&#8217;agripper \u00e0 vos poches de pantalons, \u00e0 vos hanches ou encore \u00e0 un sac \u00e0 dos. Id\u00e9alement, on souhaiterait qu&#8217;ils puissent utiliser une petite poign\u00e9e. Voici ce que cette selle [&hellip;]<\/p>\n","protected":false},"featured_media":594896,"template":"","meta":{"_acf_changed":false},"product_brand":[],"product_cat":[183],"product_tag":[3498],"marque-produit":[154],"collection-produit":[],"type-surface-produit":[],"type-velo-produit":[],"vetement-produit":[],"thematique-produit":[],"position-sur-le-v\u00e9lo":[],"class_list":{"0":"post-594835","1":"product","2":"type-product","3":"status-publish","4":"has-post-thumbnail","6":"product_cat-accessoires-pour-velo-cargo","7":"product_tag-selle-tern-gsd","8":"marque-produit-tern","10":"first","11":"instock","12":"taxable","13":"shipping-taxable","14":"purchasable","15":"product-type-simple"},"acf":[],"yoast_head":"<!-- This site is optimized with the Yoast SEO plugin v24.3 - https:\/\/yoast.com\/wordpress\/plugins\/seo\/ -->\n<title>Selle avec poign\u00e9e pour v\u00e9lo long tail - Dumoulin Bicyclettes<\/title>\n<meta name=\"description\" content=\"Une selle avec poign\u00e9e, \u00e0 installer sur les v\u00e9los cargos. Pour que votre enfant puisse poser ses mains facilement !\" \/>\n<meta name=\"robots\" content=\"noindex, follow, max-snippet:-1, max-image-preview:large, max-video-preview:-1\" \/>\n<meta property=\"og:locale\" content=\"en_US\" \/>\n<meta property=\"og:type\" content=\"article\" \/>\n<meta property=\"og:title\" content=\"Selle avec poign\u00e9e pour v\u00e9lo long tail - Dumoulin Bicyclettes\" \/>\n<meta property=\"og:description\" content=\"Une selle avec poign\u00e9e, \u00e0 installer sur les v\u00e9los cargos. Pour que votre enfant puisse poser ses mains facilement !\" \/>\n<meta property=\"og:url\" content=\"https:\/\/dumoulin.absoludev.ca\/en\/produit\/selle-avec-poignee-pour-velo-cargo-long-tail-tern-gsd\/\" \/>\n<meta property=\"og:site_name\" content=\"Dumoulin Bicyclettes\" \/>\n<meta property=\"article:publisher\" content=\"https:\/\/www.facebook.com\/dumoulinbicyclettes\" \/>\n<meta property=\"article:modified_time\" content=\"2025-09-04T18:17:25+00:00\" \/>\n<meta property=\"og:image\" content=\"https:\/\/dumoulin.absoludev.ca\/wp-content\/uploads\/2025\/04\/selle-avec-poignee-pour-velo-cargo-long-tail-tern-gsd-montreal-dumoulin-bicyclettes-quebec.jpg\" \/>\n\t<meta property=\"og:image:width\" content=\"600\" \/>\n\t<meta property=\"og:image:height\" content=\"400\" \/>\n\t<meta property=\"og:image:type\" content=\"image\/jpeg\" \/>\n<meta name=\"twitter:card\" content=\"summary_large_image\" \/>\n<meta name=\"twitter:label1\" content=\"Est. reading time\" \/>\n\t<meta name=\"twitter:data1\" content=\"1 minute\" \/>\n<script type=\"application\/ld+json\" class=\"yoast-schema-graph\">{\"@context\":\"https:\/\/schema.org\",\"@graph\":[{\"@type\":\"WebPage\",\"@id\":\"https:\/\/dumoulin.absoludev.ca\/en\/produit\/selle-avec-poignee-pour-velo-cargo-long-tail-tern-gsd\/\",\"url\":\"https:\/\/dumoulin.absoludev.ca\/en\/produit\/selle-avec-poignee-pour-velo-cargo-long-tail-tern-gsd\/\",\"name\":\"Selle avec poign\u00e9e pour v\u00e9lo long tail - Dumoulin Bicyclettes\",\"isPartOf\":{\"@id\":\"https:\/\/dumoulin.absoludev.ca\/#website\"},\"primaryImageOfPage\":{\"@id\":\"https:\/\/dumoulin.absoludev.ca\/en\/produit\/selle-avec-poignee-pour-velo-cargo-long-tail-tern-gsd\/#primaryimage\"},\"image\":{\"@id\":\"https:\/\/dumoulin.absoludev.ca\/en\/produit\/selle-avec-poignee-pour-velo-cargo-long-tail-tern-gsd\/#primaryimage\"},\"thumbnailUrl\":\"https:\/\/dumoulin.absoludev.ca\/wp-content\/uploads\/2025\/04\/selle-avec-poignee-pour-velo-cargo-long-tail-tern-gsd-montreal-dumoulin-bicyclettes-quebec.jpg\",\"datePublished\":\"2025-04-14T15:10:45+00:00\",\"dateModified\":\"2025-09-04T18:17:25+00:00\",\"description\":\"Une selle avec poign\u00e9e, \u00e0 installer sur les v\u00e9los cargos. Pour que votre enfant puisse poser ses mains facilement !\",\"breadcrumb\":{\"@id\":\"https:\/\/dumoulin.absoludev.ca\/en\/produit\/selle-avec-poignee-pour-velo-cargo-long-tail-tern-gsd\/#breadcrumb\"},\"inLanguage\":\"en-US\",\"potentialAction\":[{\"@type\":\"ReadAction\",\"target\":[\"https:\/\/dumoulin.absoludev.ca\/en\/produit\/selle-avec-poignee-pour-velo-cargo-long-tail-tern-gsd\/\"]}]},{\"@type\":\"ImageObject\",\"inLanguage\":\"en-US\",\"@id\":\"https:\/\/dumoulin.absoludev.ca\/en\/produit\/selle-avec-poignee-pour-velo-cargo-long-tail-tern-gsd\/#primaryimage\",\"url\":\"https:\/\/dumoulin.absoludev.ca\/wp-content\/uploads\/2025\/04\/selle-avec-poignee-pour-velo-cargo-long-tail-tern-gsd-montreal-dumoulin-bicyclettes-quebec.jpg\",\"contentUrl\":\"https:\/\/dumoulin.absoludev.ca\/wp-content\/uploads\/2025\/04\/selle-avec-poignee-pour-velo-cargo-long-tail-tern-gsd-montreal-dumoulin-bicyclettes-quebec.jpg\",\"width\":600,\"height\":400,\"caption\":\"selle-avec-poignee-pour-velo-cargo-long-tail-tern-gsd-montreal-dumoulin-bicyclettes-quebec\"},{\"@type\":\"BreadcrumbList\",\"@id\":\"https:\/\/dumoulin.absoludev.ca\/en\/produit\/selle-avec-poignee-pour-velo-cargo-long-tail-tern-gsd\/#breadcrumb\",\"itemListElement\":[{\"@type\":\"ListItem\",\"position\":1,\"name\":\"Home\",\"item\":\"https:\/\/dumoulin.absoludev.ca\/en\/\"},{\"@type\":\"ListItem\",\"position\":2,\"name\":\"Shop\",\"item\":\"https:\/\/dumoulin.absoludev.ca\/en\/shop\/\"},{\"@type\":\"ListItem\",\"position\":3,\"name\":\"Selle avec poign\u00e9e pour v\u00e9lo long tail\"}]},{\"@type\":\"WebSite\",\"@id\":\"https:\/\/dumoulin.absoludev.ca\/#website\",\"url\":\"https:\/\/dumoulin.absoludev.ca\/\",\"name\":\"Dumoulin Bicyclettes\",\"description\":\"\",\"publisher\":{\"@id\":\"https:\/\/dumoulin.absoludev.ca\/#organization\"},\"potentialAction\":[{\"@type\":\"SearchAction\",\"target\":{\"@type\":\"EntryPoint\",\"urlTemplate\":\"https:\/\/dumoulin.absoludev.ca\/?s={search_term_string}\"},\"query-input\":{\"@type\":\"PropertyValueSpecification\",\"valueRequired\":true,\"valueName\":\"search_term_string\"}}],\"inLanguage\":\"en-US\"},{\"@type\":\"Organization\",\"@id\":\"https:\/\/dumoulin.absoludev.ca\/#organization\",\"name\":\"Dumoulin Bicyclettes\",\"url\":\"https:\/\/dumoulin.absoludev.ca\/\",\"logo\":{\"@type\":\"ImageObject\",\"inLanguage\":\"en-US\",\"@id\":\"https:\/\/dumoulin.absoludev.ca\/#\/schema\/logo\/image\/\",\"url\":\"https:\/\/www.dumoulinbicyclettes.com\/wp-content\/uploads\/2021\/04\/Logo.svg\",\"contentUrl\":\"https:\/\/www.dumoulinbicyclettes.com\/wp-content\/uploads\/2021\/04\/Logo.svg\",\"width\":254,\"height\":86,\"caption\":\"Dumoulin Bicyclettes\"},\"image\":{\"@id\":\"https:\/\/dumoulin.absoludev.ca\/#\/schema\/logo\/image\/\"},\"sameAs\":[\"https:\/\/www.facebook.com\/dumoulinbicyclettes\",\"https:\/\/www.instagram.com\/dumoulin.ca\/\",\"https:\/\/www.youtube.com\/user\/dumoulinbicyclettes\"]}]}<\/script>\n<!-- \/ Yoast SEO plugin. -->","yoast_head_json":{"title":"Selle avec poign\u00e9e pour v\u00e9lo long tail - Dumoulin Bicyclettes","description":"Une selle avec poign\u00e9e, \u00e0 installer sur les v\u00e9los cargos. Pour que votre enfant puisse poser ses mains facilement !","robots":{"index":"noindex","follow":"follow","max-snippet":"max-snippet:-1","max-image-preview":"max-image-preview:large","max-video-preview":"max-video-preview:-1"},"og_locale":"en_US","og_type":"article","og_title":"Selle avec poign\u00e9e pour v\u00e9lo long tail - Dumoulin Bicyclettes","og_description":"Une selle avec poign\u00e9e, \u00e0 installer sur les v\u00e9los cargos. Pour que votre enfant puisse poser ses mains facilement !","og_url":"https:\/\/dumoulin.absoludev.ca\/en\/produit\/selle-avec-poignee-pour-velo-cargo-long-tail-tern-gsd\/","og_site_name":"Dumoulin Bicyclettes","article_publisher":"https:\/\/www.facebook.com\/dumoulinbicyclettes","article_modified_time":"2025-09-04T18:17:25+00:00","og_image":[{"width":600,"height":400,"url":"https:\/\/dumoulin.absoludev.ca\/wp-content\/uploads\/2025\/04\/selle-avec-poignee-pour-velo-cargo-long-tail-tern-gsd-montreal-dumoulin-bicyclettes-quebec.jpg","type":"image\/jpeg"}],"twitter_card":"summary_large_image","twitter_misc":{"Est. reading time":"1 minute"},"schema":{"@context":"https:\/\/schema.org","@graph":[{"@type":"WebPage","@id":"https:\/\/dumoulin.absoludev.ca\/en\/produit\/selle-avec-poignee-pour-velo-cargo-long-tail-tern-gsd\/","url":"https:\/\/dumoulin.absoludev.ca\/en\/produit\/selle-avec-poignee-pour-velo-cargo-long-tail-tern-gsd\/","name":"Selle avec poign\u00e9e pour v\u00e9lo long tail - Dumoulin Bicyclettes","isPartOf":{"@id":"https:\/\/dumoulin.absoludev.ca\/#website"},"primaryImageOfPage":{"@id":"https:\/\/dumoulin.absoludev.ca\/en\/produit\/selle-avec-poignee-pour-velo-cargo-long-tail-tern-gsd\/#primaryimage"},"image":{"@id":"https:\/\/dumoulin.absoludev.ca\/en\/produit\/selle-avec-poignee-pour-velo-cargo-long-tail-tern-gsd\/#primaryimage"},"thumbnailUrl":"https:\/\/dumoulin.absoludev.ca\/wp-content\/uploads\/2025\/04\/selle-avec-poignee-pour-velo-cargo-long-tail-tern-gsd-montreal-dumoulin-bicyclettes-quebec.jpg","datePublished":"2025-04-14T15:10:45+00:00","dateModified":"2025-09-04T18:17:25+00:00","description":"Une selle avec poign\u00e9e, \u00e0 installer sur les v\u00e9los cargos. Pour que votre enfant puisse poser ses mains facilement !","breadcrumb":{"@id":"https:\/\/dumoulin.absoludev.ca\/en\/produit\/selle-avec-poignee-pour-velo-cargo-long-tail-tern-gsd\/#breadcrumb"},"inLanguage":"en-US","potentialAction":[{"@type":"ReadAction","target":["https:\/\/dumoulin.absoludev.ca\/en\/produit\/selle-avec-poignee-pour-velo-cargo-long-tail-tern-gsd\/"]}]},{"@type":"ImageObject","inLanguage":"en-US","@id":"https:\/\/dumoulin.absoludev.ca\/en\/produit\/selle-avec-poignee-pour-velo-cargo-long-tail-tern-gsd\/#primaryimage","url":"https:\/\/dumoulin.absoludev.ca\/wp-content\/uploads\/2025\/04\/selle-avec-poignee-pour-velo-cargo-long-tail-tern-gsd-montreal-dumoulin-bicyclettes-quebec.jpg","contentUrl":"https:\/\/dumoulin.absoludev.ca\/wp-content\/uploads\/2025\/04\/selle-avec-poignee-pour-velo-cargo-long-tail-tern-gsd-montreal-dumoulin-bicyclettes-quebec.jpg","width":600,"height":400,"caption":"selle-avec-poignee-pour-velo-cargo-long-tail-tern-gsd-montreal-dumoulin-bicyclettes-quebec"},{"@type":"BreadcrumbList","@id":"https:\/\/dumoulin.absoludev.ca\/en\/produit\/selle-avec-poignee-pour-velo-cargo-long-tail-tern-gsd\/#breadcrumb","itemListElement":[{"@type":"ListItem","position":1,"name":"Home","item":"https:\/\/dumoulin.absoludev.ca\/en\/"},{"@type":"ListItem","position":2,"name":"Shop","item":"https:\/\/dumoulin.absoludev.ca\/en\/shop\/"},{"@type":"ListItem","position":3,"name":"Selle avec poign\u00e9e pour v\u00e9lo long tail"}]},{"@type":"WebSite","@id":"https:\/\/dumoulin.absoludev.ca\/#website","url":"https:\/\/dumoulin.absoludev.ca\/","name":"Dumoulin Bicyclettes","description":"","publisher":{"@id":"https:\/\/dumoulin.absoludev.ca\/#organization"},"potentialAction":[{"@type":"SearchAction","target":{"@type":"EntryPoint","urlTemplate":"https:\/\/dumoulin.absoludev.ca\/?s={search_term_string}"},"query-input":{"@type":"PropertyValueSpecification","valueRequired":true,"valueName":"search_term_string"}}],"inLanguage":"en-US"},{"@type":"Organization","@id":"https:\/\/dumoulin.absoludev.ca\/#organization","name":"Dumoulin Bicyclettes","url":"https:\/\/dumoulin.absoludev.ca\/","logo":{"@type":"ImageObject","inLanguage":"en-US","@id":"https:\/\/dumoulin.absoludev.ca\/#\/schema\/logo\/image\/","url":"https:\/\/www.dumoulinbicyclettes.com\/wp-content\/uploads\/2021\/04\/Logo.svg","contentUrl":"https:\/\/www.dumoulinbicyclettes.com\/wp-content\/uploads\/2021\/04\/Logo.svg","width":254,"height":86,"caption":"Dumoulin Bicyclettes"},"image":{"@id":"https:\/\/dumoulin.absoludev.ca\/#\/schema\/logo\/image\/"},"sameAs":["https:\/\/www.facebook.com\/dumoulinbicyclettes","https:\/\/www.instagram.com\/dumoulin.ca\/","https:\/\/www.youtube.com\/user\/dumoulinbicyclettes"]}]}},"_links":{"self":[{"href":"https:\/\/dumoulin.absoludev.ca\/en\/wp-json\/wp\/v2\/product\/594835","targetHints":{"allow":["GET"]}}],"collection":[{"href":"https:\/\/dumoulin.absoludev.ca\/en\/wp-json\/wp\/v2\/product"}],"about":[{"href":"https:\/\/dumoulin.absoludev.ca\/en\/wp-json\/wp\/v2\/types\/product"}],"wp:featuredmedia":[{"embeddable":true,"href":"https:\/\/dumoulin.absoludev.ca\/en\/wp-json\/wp\/v2\/media\/594896"}],"wp:attachment":[{"href":"https:\/\/dumoulin.absoludev.ca\/en\/wp-json\/wp\/v2\/media?parent=594835"}],"wp:term":[{"taxonomy":"product_brand","embeddable":true,"href":"https:\/\/dumoulin.absoludev.ca\/en\/wp-json\/wp\/v2\/product_brand?post=594835"},{"taxonomy":"product_cat","embeddable":true,"href":"https:\/\/dumoulin.absoludev.ca\/en\/wp-json\/wp\/v2\/product_cat?post=594835"},{"taxonomy":"product_tag","embeddable":true,"href":"https:\/\/dumoulin.absoludev.ca\/en\/wp-json\/wp\/v2\/product_tag?post=594835"},{"taxonomy":"marque-produit","embeddable":true,"href":"https:\/\/dumoulin.absoludev.ca\/en\/wp-json\/wp\/v2\/marque-produit?post=594835"},{"taxonomy":"collection-produit","embeddable":true,"href":"https:\/\/dumoulin.absoludev.ca\/en\/wp-json\/wp\/v2\/collection-produit?post=594835"},{"taxonomy":"type-surface-produit","embeddable":true,"href":"https:\/\/dumoulin.absoludev.ca\/en\/wp-json\/wp\/v2\/type-surface-produit?post=594835"},{"taxonomy":"type-velo-produit","embeddable":true,"href":"https:\/\/dumoulin.absoludev.ca\/en\/wp-json\/wp\/v2\/type-velo-produit?post=594835"},{"taxonomy":"vetement-produit","embeddable":true,"href":"https:\/\/dumoulin.absoludev.ca\/en\/wp-json\/wp\/v2\/vetement-produit?post=594835"},{"taxonomy":"thematique-produit","embeddable":true,"href":"https:\/\/dumoulin.absoludev.ca\/en\/wp-json\/wp\/v2\/thematique-produit?post=594835"},{"taxonomy":"position-sur-le-v\u00e9lo","embeddable":true,"href":"https:\/\/dumoulin.absoludev.ca\/en\/wp-json\/wp\/v2\/position-sur-le-v\u00e9lo?post=594835"}],"curies":[{"name":"wp","href":"https:\/\/api.w.org\/{rel}","templated":true}]}}