{"id":591771,"date":"2025-04-07T13:08:48","date_gmt":"2025-04-07T17:08:48","guid":{"rendered":"http:\/\/www.dumoulinbicyclettes.com\/?post_type=product&#038;p=591771"},"modified":"2025-09-04T14:21:44","modified_gmt":"2025-09-04T18:21:44","slug":"guidoline-ergon-bt-gravel-35mm","status":"publish","type":"product","link":"https:\/\/dumoulin.absoludev.ca\/en\/produit\/guidoline-ergon-bt-gravel-35mm\/","title":{"rendered":"Guidoline Ergon BT Gravel (3,5mm)"},"content":{"rendered":"<p>Con\u00e7u par Ergon pour offrir un plaisir maximal lors des sorties gravel sans compromis sur le confort, la guidoline BT Gravel a une \u00e9paisseur de 3,5 mm. Il absorbe les chocs et les vibrations, assurant une adh\u00e9rence et un contr\u00f4le optimaux sur les terrains les plus techniques. Ce ruban sp\u00e9cialis\u00e9 r\u00e9duit la pression sur les mains, procure une sensation agr\u00e9able au toucher et offre une prise s\u00fbre.<\/p>\n","protected":false},"excerpt":{"rendered":"<p>Con\u00e7u par Ergon pour offrir un plaisir maximal lors des sorties gravel sans compromis sur le confort, la guidoline BT Gravel a une \u00e9paisseur de 3,5 mm. Il absorbe les chocs et les vibrations, assurant une adh\u00e9rence et un contr\u00f4le optimaux sur les terrains les plus techniques. Ce ruban sp\u00e9cialis\u00e9 r\u00e9duit la pression sur les [&hellip;]<\/p>\n","protected":false},"featured_media":0,"template":"","meta":{"_acf_changed":false},"product_brand":[],"product_cat":[225,218],"product_tag":[3520,3491,3521,2952],"marque-produit":[3490],"collection-produit":[],"type-surface-produit":[],"type-velo-produit":[],"vetement-produit":[],"thematique-produit":[],"position-sur-le-v\u00e9lo":[],"class_list":{"0":"post-591771","1":"product","2":"type-product","3":"status-publish","5":"product_cat-guidolines","6":"product_cat-guidons-poignees-et-guidolines","7":"product_tag-bt","8":"product_tag-ergon","9":"product_tag-gravel","10":"product_tag-guidoline","11":"marque-produit-ergon","13":"first","14":"outofstock","15":"taxable","16":"shipping-taxable","17":"purchasable","18":"product-type-variable"},"acf":[],"yoast_head":"<!-- This site is optimized with the Yoast SEO plugin v24.3 - https:\/\/yoast.com\/wordpress\/plugins\/seo\/ -->\n<title>Guidoline Ergon BT Gravel (3,5mm) - Dumoulin Bicyclettes<\/title>\n<meta name=\"description\" content=\"La guidoline Ergon BT Gravel a \u00e9t\u00e9 con\u00e7ue pour offrir un plaisir maximal lors des sorties gravel sans compromis sur le confort\" \/>\n<meta name=\"robots\" content=\"noindex, follow, max-snippet:-1, max-image-preview:large, max-video-preview:-1\" \/>\n<meta property=\"og:locale\" content=\"en_US\" \/>\n<meta property=\"og:type\" content=\"article\" \/>\n<meta property=\"og:title\" content=\"Guidoline Ergon BT Gravel (3,5mm) - Dumoulin Bicyclettes\" \/>\n<meta property=\"og:description\" content=\"La guidoline Ergon BT Gravel a \u00e9t\u00e9 con\u00e7ue pour offrir un plaisir maximal lors des sorties gravel sans compromis sur le confort\" \/>\n<meta property=\"og:url\" content=\"https:\/\/dumoulin.absoludev.ca\/en\/produit\/guidoline-ergon-bt-gravel-35mm\/\" \/>\n<meta property=\"og:site_name\" content=\"Dumoulin Bicyclettes\" \/>\n<meta property=\"article:publisher\" content=\"https:\/\/www.facebook.com\/dumoulinbicyclettes\" \/>\n<meta property=\"article:modified_time\" content=\"2025-09-04T18:21:44+00:00\" \/>\n<meta name=\"twitter:card\" content=\"summary_large_image\" \/>\n<meta name=\"twitter:label1\" content=\"Est. reading time\" \/>\n\t<meta name=\"twitter:data1\" content=\"1 minute\" \/>\n<script type=\"application\/ld+json\" class=\"yoast-schema-graph\">{\"@context\":\"https:\/\/schema.org\",\"@graph\":[{\"@type\":\"WebPage\",\"@id\":\"https:\/\/dumoulin.absoludev.ca\/en\/produit\/guidoline-ergon-bt-gravel-35mm\/\",\"url\":\"https:\/\/dumoulin.absoludev.ca\/en\/produit\/guidoline-ergon-bt-gravel-35mm\/\",\"name\":\"Guidoline Ergon BT Gravel (3,5mm) - Dumoulin Bicyclettes\",\"isPartOf\":{\"@id\":\"https:\/\/dumoulin.absoludev.ca\/#website\"},\"datePublished\":\"2025-04-07T17:08:48+00:00\",\"dateModified\":\"2025-09-04T18:21:44+00:00\",\"description\":\"La guidoline Ergon BT Gravel a \u00e9t\u00e9 con\u00e7ue pour offrir un plaisir maximal lors des sorties gravel sans compromis sur le confort\",\"breadcrumb\":{\"@id\":\"https:\/\/dumoulin.absoludev.ca\/en\/produit\/guidoline-ergon-bt-gravel-35mm\/#breadcrumb\"},\"inLanguage\":\"en-US\",\"potentialAction\":[{\"@type\":\"ReadAction\",\"target\":[\"https:\/\/dumoulin.absoludev.ca\/en\/produit\/guidoline-ergon-bt-gravel-35mm\/\"]}]},{\"@type\":\"BreadcrumbList\",\"@id\":\"https:\/\/dumoulin.absoludev.ca\/en\/produit\/guidoline-ergon-bt-gravel-35mm\/#breadcrumb\",\"itemListElement\":[{\"@type\":\"ListItem\",\"position\":1,\"name\":\"Home\",\"item\":\"https:\/\/dumoulin.absoludev.ca\/en\/\"},{\"@type\":\"ListItem\",\"position\":2,\"name\":\"Shop\",\"item\":\"https:\/\/dumoulin.absoludev.ca\/en\/shop\/\"},{\"@type\":\"ListItem\",\"position\":3,\"name\":\"Guidoline Ergon BT Gravel (3,5mm)\"}]},{\"@type\":\"WebSite\",\"@id\":\"https:\/\/dumoulin.absoludev.ca\/#website\",\"url\":\"https:\/\/dumoulin.absoludev.ca\/\",\"name\":\"Dumoulin Bicyclettes\",\"description\":\"\",\"publisher\":{\"@id\":\"https:\/\/dumoulin.absoludev.ca\/#organization\"},\"potentialAction\":[{\"@type\":\"SearchAction\",\"target\":{\"@type\":\"EntryPoint\",\"urlTemplate\":\"https:\/\/dumoulin.absoludev.ca\/?s={search_term_string}\"},\"query-input\":{\"@type\":\"PropertyValueSpecification\",\"valueRequired\":true,\"valueName\":\"search_term_string\"}}],\"inLanguage\":\"en-US\"},{\"@type\":\"Organization\",\"@id\":\"https:\/\/dumoulin.absoludev.ca\/#organization\",\"name\":\"Dumoulin Bicyclettes\",\"url\":\"https:\/\/dumoulin.absoludev.ca\/\",\"logo\":{\"@type\":\"ImageObject\",\"inLanguage\":\"en-US\",\"@id\":\"https:\/\/dumoulin.absoludev.ca\/#\/schema\/logo\/image\/\",\"url\":\"https:\/\/www.dumoulinbicyclettes.com\/wp-content\/uploads\/2021\/04\/Logo.svg\",\"contentUrl\":\"https:\/\/www.dumoulinbicyclettes.com\/wp-content\/uploads\/2021\/04\/Logo.svg\",\"width\":254,\"height\":86,\"caption\":\"Dumoulin Bicyclettes\"},\"image\":{\"@id\":\"https:\/\/dumoulin.absoludev.ca\/#\/schema\/logo\/image\/\"},\"sameAs\":[\"https:\/\/www.facebook.com\/dumoulinbicyclettes\",\"https:\/\/www.instagram.com\/dumoulin.ca\/\",\"https:\/\/www.youtube.com\/user\/dumoulinbicyclettes\"]}]}<\/script>\n<!-- \/ Yoast SEO plugin. -->","yoast_head_json":{"title":"Guidoline Ergon BT Gravel (3,5mm) - Dumoulin Bicyclettes","description":"La guidoline Ergon BT Gravel a \u00e9t\u00e9 con\u00e7ue pour offrir un plaisir maximal lors des sorties gravel sans compromis sur le confort","robots":{"index":"noindex","follow":"follow","max-snippet":"max-snippet:-1","max-image-preview":"max-image-preview:large","max-video-preview":"max-video-preview:-1"},"og_locale":"en_US","og_type":"article","og_title":"Guidoline Ergon BT Gravel (3,5mm) - Dumoulin Bicyclettes","og_description":"La guidoline Ergon BT Gravel a \u00e9t\u00e9 con\u00e7ue pour offrir un plaisir maximal lors des sorties gravel sans compromis sur le confort","og_url":"https:\/\/dumoulin.absoludev.ca\/en\/produit\/guidoline-ergon-bt-gravel-35mm\/","og_site_name":"Dumoulin Bicyclettes","article_publisher":"https:\/\/www.facebook.com\/dumoulinbicyclettes","article_modified_time":"2025-09-04T18:21:44+00:00","twitter_card":"summary_large_image","twitter_misc":{"Est. reading time":"1 minute"},"schema":{"@context":"https:\/\/schema.org","@graph":[{"@type":"WebPage","@id":"https:\/\/dumoulin.absoludev.ca\/en\/produit\/guidoline-ergon-bt-gravel-35mm\/","url":"https:\/\/dumoulin.absoludev.ca\/en\/produit\/guidoline-ergon-bt-gravel-35mm\/","name":"Guidoline Ergon BT Gravel (3,5mm) - Dumoulin Bicyclettes","isPartOf":{"@id":"https:\/\/dumoulin.absoludev.ca\/#website"},"datePublished":"2025-04-07T17:08:48+00:00","dateModified":"2025-09-04T18:21:44+00:00","description":"La guidoline Ergon BT Gravel a \u00e9t\u00e9 con\u00e7ue pour offrir un plaisir maximal lors des sorties gravel sans compromis sur le confort","breadcrumb":{"@id":"https:\/\/dumoulin.absoludev.ca\/en\/produit\/guidoline-ergon-bt-gravel-35mm\/#breadcrumb"},"inLanguage":"en-US","potentialAction":[{"@type":"ReadAction","target":["https:\/\/dumoulin.absoludev.ca\/en\/produit\/guidoline-ergon-bt-gravel-35mm\/"]}]},{"@type":"BreadcrumbList","@id":"https:\/\/dumoulin.absoludev.ca\/en\/produit\/guidoline-ergon-bt-gravel-35mm\/#breadcrumb","itemListElement":[{"@type":"ListItem","position":1,"name":"Home","item":"https:\/\/dumoulin.absoludev.ca\/en\/"},{"@type":"ListItem","position":2,"name":"Shop","item":"https:\/\/dumoulin.absoludev.ca\/en\/shop\/"},{"@type":"ListItem","position":3,"name":"Guidoline Ergon BT Gravel (3,5mm)"}]},{"@type":"WebSite","@id":"https:\/\/dumoulin.absoludev.ca\/#website","url":"https:\/\/dumoulin.absoludev.ca\/","name":"Dumoulin Bicyclettes","description":"","publisher":{"@id":"https:\/\/dumoulin.absoludev.ca\/#organization"},"potentialAction":[{"@type":"SearchAction","target":{"@type":"EntryPoint","urlTemplate":"https:\/\/dumoulin.absoludev.ca\/?s={search_term_string}"},"query-input":{"@type":"PropertyValueSpecification","valueRequired":true,"valueName":"search_term_string"}}],"inLanguage":"en-US"},{"@type":"Organization","@id":"https:\/\/dumoulin.absoludev.ca\/#organization","name":"Dumoulin Bicyclettes","url":"https:\/\/dumoulin.absoludev.ca\/","logo":{"@type":"ImageObject","inLanguage":"en-US","@id":"https:\/\/dumoulin.absoludev.ca\/#\/schema\/logo\/image\/","url":"https:\/\/www.dumoulinbicyclettes.com\/wp-content\/uploads\/2021\/04\/Logo.svg","contentUrl":"https:\/\/www.dumoulinbicyclettes.com\/wp-content\/uploads\/2021\/04\/Logo.svg","width":254,"height":86,"caption":"Dumoulin Bicyclettes"},"image":{"@id":"https:\/\/dumoulin.absoludev.ca\/#\/schema\/logo\/image\/"},"sameAs":["https:\/\/www.facebook.com\/dumoulinbicyclettes","https:\/\/www.instagram.com\/dumoulin.ca\/","https:\/\/www.youtube.com\/user\/dumoulinbicyclettes"]}]}},"_links":{"self":[{"href":"https:\/\/dumoulin.absoludev.ca\/en\/wp-json\/wp\/v2\/product\/591771","targetHints":{"allow":["GET"]}}],"collection":[{"href":"https:\/\/dumoulin.absoludev.ca\/en\/wp-json\/wp\/v2\/product"}],"about":[{"href":"https:\/\/dumoulin.absoludev.ca\/en\/wp-json\/wp\/v2\/types\/product"}],"wp:attachment":[{"href":"https:\/\/dumoulin.absoludev.ca\/en\/wp-json\/wp\/v2\/media?parent=591771"}],"wp:term":[{"taxonomy":"product_brand","embeddable":true,"href":"https:\/\/dumoulin.absoludev.ca\/en\/wp-json\/wp\/v2\/product_brand?post=591771"},{"taxonomy":"product_cat","embeddable":true,"href":"https:\/\/dumoulin.absoludev.ca\/en\/wp-json\/wp\/v2\/product_cat?post=591771"},{"taxonomy":"product_tag","embeddable":true,"href":"https:\/\/dumoulin.absoludev.ca\/en\/wp-json\/wp\/v2\/product_tag?post=591771"},{"taxonomy":"marque-produit","embeddable":true,"href":"https:\/\/dumoulin.absoludev.ca\/en\/wp-json\/wp\/v2\/marque-produit?post=591771"},{"taxonomy":"collection-produit","embeddable":true,"href":"https:\/\/dumoulin.absoludev.ca\/en\/wp-json\/wp\/v2\/collection-produit?post=591771"},{"taxonomy":"type-surface-produit","embeddable":true,"href":"https:\/\/dumoulin.absoludev.ca\/en\/wp-json\/wp\/v2\/type-surface-produit?post=591771"},{"taxonomy":"type-velo-produit","embeddable":true,"href":"https:\/\/dumoulin.absoludev.ca\/en\/wp-json\/wp\/v2\/type-velo-produit?post=591771"},{"taxonomy":"vetement-produit","embeddable":true,"href":"https:\/\/dumoulin.absoludev.ca\/en\/wp-json\/wp\/v2\/vetement-produit?post=591771"},{"taxonomy":"thematique-produit","embeddable":true,"href":"https:\/\/dumoulin.absoludev.ca\/en\/wp-json\/wp\/v2\/thematique-produit?post=591771"},{"taxonomy":"position-sur-le-v\u00e9lo","embeddable":true,"href":"https:\/\/dumoulin.absoludev.ca\/en\/wp-json\/wp\/v2\/position-sur-le-v\u00e9lo?post=591771"}],"curies":[{"name":"wp","href":"https:\/\/api.w.org\/{rel}","templated":true}]}}