{"id":586765,"date":"2025-04-02T17:12:23","date_gmt":"2025-04-02T21:12:23","guid":{"rendered":"http:\/\/www.dumoulinbicyclettes.com\/?post_type=product&#038;p=586765"},"modified":"2025-09-04T14:17:33","modified_gmt":"2025-09-04T18:17:33","slug":"brompton-c-line-explore-sunset-orange-type-h-marathon-racer-h6l","status":"publish","type":"product","link":"https:\/\/dumoulin.absoludev.ca\/en\/produit\/brompton-c-line-explore-sunset-orange-type-h-marathon-racer-h6l\/","title":{"rendered":"Brompton C Line explore, guidon H, \u00absunset orange\u00bb"},"content":{"rendered":"<p>V\u00e9lo pratique, voici le Brompton C Line explore !<\/p>\n<p>Ce mod\u00e8le est disponible imm\u00e9diatement. Ce mod\u00e8le est disponible imm\u00e9diatement. Le \u00abSunset orange\u00bb est une couleur \u00abde saison\u00bb de Brompton, hors catalogue \u00abordinaire\u00bb. Les options du C Lineexplore -garde-boue, bloc avant pour bagages- \u00e9quipent ce v\u00e9lo pliable.<\/p>\n<p>La hauteur du guidon est \u00abhaute\u00bb, pour obtenir une position plus droite ou pour les personnes plus grandes.<\/p>\n<p>Le mod\u00e8le \u00abexplore\u00bb <strong>ici en inventaire<\/strong> est un mod\u00e8le 6 vitesses.<\/p>\n","protected":false},"excerpt":{"rendered":"<p>V\u00e9lo pratique, voici le Brompton C Line explore ! Ce mod\u00e8le est disponible imm\u00e9diatement. Ce mod\u00e8le est disponible imm\u00e9diatement. Le \u00abSunset orange\u00bb est une couleur \u00abde saison\u00bb de Brompton, hors catalogue \u00abordinaire\u00bb. Les options du C Lineexplore -garde-boue, bloc avant pour bagages- \u00e9quipent ce v\u00e9lo pliable. La hauteur du guidon est \u00abhaute\u00bb, pour obtenir une [&hellip;]<\/p>\n","protected":false},"featured_media":587451,"template":"","meta":{"_acf_changed":false},"product_brand":[],"product_cat":[1205],"product_tag":[2242,2670,2880],"marque-produit":[153],"collection-produit":[3392],"type-surface-produit":[],"type-velo-produit":[1253],"vetement-produit":[],"thematique-produit":[],"position-sur-le-v\u00e9lo":[],"class_list":{"0":"post-586765","1":"product","2":"type-product","3":"status-publish","4":"has-post-thumbnail","6":"product_cat-velos-pliables","7":"product_tag-brompton","8":"product_tag-c-line","9":"product_tag-explore","10":"marque-produit-brompton","11":"collection-produit-velos-en-inventaire","12":"type-velo-produit-pliables","14":"first","15":"outofstock","16":"taxable","17":"shipping-taxable","18":"purchasable","19":"product-type-simple"},"acf":[],"yoast_head":"<!-- This site is optimized with the Yoast SEO plugin v24.3 - https:\/\/yoast.com\/wordpress\/plugins\/seo\/ -->\n<title>Brompton C Line explore | V\u00e9lo pliable | Montr\u00e9al | Qu\u00e9bec<\/title>\n<meta name=\"description\" content=\"Brompton C Line explore : un mod\u00e8le 6 vitesses. Couleur \u00absunset orange\u00bb, il vient avec ses garde-boue et un bloc avant. Disponible \u00e0 Montr\u00e9al aujourd&#039;hui.\" \/>\n<meta name=\"robots\" content=\"noindex, follow, max-snippet:-1, max-image-preview:large, max-video-preview:-1\" \/>\n<meta property=\"og:locale\" content=\"en_US\" \/>\n<meta property=\"og:type\" content=\"article\" \/>\n<meta property=\"og:title\" content=\"Brompton C Line explore | V\u00e9lo pliable | Montr\u00e9al | Qu\u00e9bec\" \/>\n<meta property=\"og:description\" content=\"Brompton C Line explore : un mod\u00e8le 6 vitesses. Couleur \u00absunset orange\u00bb, il vient avec ses garde-boue et un bloc avant. Disponible \u00e0 Montr\u00e9al aujourd&#039;hui.\" \/>\n<meta property=\"og:url\" content=\"https:\/\/dumoulin.absoludev.ca\/produit\/brompton-c-line-explore-sunset-orange-type-h-marathon-racer-h6l\/\" \/>\n<meta property=\"og:site_name\" content=\"Dumoulin Bicyclettes\" \/>\n<meta property=\"article:publisher\" content=\"https:\/\/www.facebook.com\/dumoulinbicyclettes\" \/>\n<meta property=\"article:modified_time\" content=\"2025-09-04T18:17:33+00:00\" \/>\n<meta property=\"og:image\" content=\"https:\/\/dumoulin.absoludev.ca\/wp-content\/uploads\/2025\/03\/brompton-c-line-explore-montreal-quebec-sun-set-orange-4.jpeg\" \/>\n\t<meta property=\"og:image:width\" content=\"1200\" \/>\n\t<meta property=\"og:image:height\" content=\"900\" \/>\n\t<meta property=\"og:image:type\" content=\"image\/jpeg\" \/>\n<meta name=\"twitter:card\" content=\"summary_large_image\" \/>\n<meta name=\"twitter:label1\" content=\"Est. reading time\" \/>\n\t<meta name=\"twitter:data1\" content=\"1 minute\" \/>\n<script type=\"application\/ld+json\" class=\"yoast-schema-graph\">{\"@context\":\"https:\/\/schema.org\",\"@graph\":[{\"@type\":\"WebPage\",\"@id\":\"https:\/\/dumoulin.absoludev.ca\/produit\/brompton-c-line-explore-sunset-orange-type-h-marathon-racer-h6l\/\",\"url\":\"https:\/\/dumoulin.absoludev.ca\/produit\/brompton-c-line-explore-sunset-orange-type-h-marathon-racer-h6l\/\",\"name\":\"Brompton C Line explore | V\u00e9lo pliable | Montr\u00e9al | Qu\u00e9bec\",\"isPartOf\":{\"@id\":\"https:\/\/dumoulin.absoludev.ca\/#website\"},\"primaryImageOfPage\":{\"@id\":\"https:\/\/dumoulin.absoludev.ca\/produit\/brompton-c-line-explore-sunset-orange-type-h-marathon-racer-h6l\/#primaryimage\"},\"image\":{\"@id\":\"https:\/\/dumoulin.absoludev.ca\/produit\/brompton-c-line-explore-sunset-orange-type-h-marathon-racer-h6l\/#primaryimage\"},\"thumbnailUrl\":\"https:\/\/dumoulin.absoludev.ca\/wp-content\/uploads\/2025\/03\/brompton-c-line-explore-montreal-quebec-sun-set-orange-4.jpeg\",\"datePublished\":\"2025-04-02T21:12:23+00:00\",\"dateModified\":\"2025-09-04T18:17:33+00:00\",\"description\":\"Brompton C Line explore : un mod\u00e8le 6 vitesses. Couleur \u00absunset orange\u00bb, il vient avec ses garde-boue et un bloc avant. Disponible \u00e0 Montr\u00e9al aujourd'hui.\",\"breadcrumb\":{\"@id\":\"https:\/\/dumoulin.absoludev.ca\/produit\/brompton-c-line-explore-sunset-orange-type-h-marathon-racer-h6l\/#breadcrumb\"},\"inLanguage\":\"en-US\",\"potentialAction\":[{\"@type\":\"ReadAction\",\"target\":[\"https:\/\/dumoulin.absoludev.ca\/produit\/brompton-c-line-explore-sunset-orange-type-h-marathon-racer-h6l\/\"]}]},{\"@type\":\"ImageObject\",\"inLanguage\":\"en-US\",\"@id\":\"https:\/\/dumoulin.absoludev.ca\/produit\/brompton-c-line-explore-sunset-orange-type-h-marathon-racer-h6l\/#primaryimage\",\"url\":\"https:\/\/dumoulin.absoludev.ca\/wp-content\/uploads\/2025\/03\/brompton-c-line-explore-montreal-quebec-sun-set-orange-4.jpeg\",\"contentUrl\":\"https:\/\/dumoulin.absoludev.ca\/wp-content\/uploads\/2025\/03\/brompton-c-line-explore-montreal-quebec-sun-set-orange-4.jpeg\",\"width\":1200,\"height\":900,\"caption\":\"Brompton_C_Line_explore_Montreal_Quebec_sun-set-Orange_11\"},{\"@type\":\"BreadcrumbList\",\"@id\":\"https:\/\/dumoulin.absoludev.ca\/produit\/brompton-c-line-explore-sunset-orange-type-h-marathon-racer-h6l\/#breadcrumb\",\"itemListElement\":[{\"@type\":\"ListItem\",\"position\":1,\"name\":\"Home\",\"item\":\"https:\/\/dumoulin.absoludev.ca\/en\/\"},{\"@type\":\"ListItem\",\"position\":2,\"name\":\"Shop\",\"item\":\"https:\/\/dumoulin.absoludev.ca\/en\/shop\/\"},{\"@type\":\"ListItem\",\"position\":3,\"name\":\"Brompton C Line explore, guidon H, \u00absunset orange\u00bb\"}]},{\"@type\":\"WebSite\",\"@id\":\"https:\/\/dumoulin.absoludev.ca\/#website\",\"url\":\"https:\/\/dumoulin.absoludev.ca\/\",\"name\":\"Dumoulin Bicyclettes\",\"description\":\"\",\"publisher\":{\"@id\":\"https:\/\/dumoulin.absoludev.ca\/#organization\"},\"potentialAction\":[{\"@type\":\"SearchAction\",\"target\":{\"@type\":\"EntryPoint\",\"urlTemplate\":\"https:\/\/dumoulin.absoludev.ca\/?s={search_term_string}\"},\"query-input\":{\"@type\":\"PropertyValueSpecification\",\"valueRequired\":true,\"valueName\":\"search_term_string\"}}],\"inLanguage\":\"en-US\"},{\"@type\":\"Organization\",\"@id\":\"https:\/\/dumoulin.absoludev.ca\/#organization\",\"name\":\"Dumoulin Bicyclettes\",\"url\":\"https:\/\/dumoulin.absoludev.ca\/\",\"logo\":{\"@type\":\"ImageObject\",\"inLanguage\":\"en-US\",\"@id\":\"https:\/\/dumoulin.absoludev.ca\/#\/schema\/logo\/image\/\",\"url\":\"https:\/\/www.dumoulinbicyclettes.com\/wp-content\/uploads\/2021\/04\/Logo.svg\",\"contentUrl\":\"https:\/\/www.dumoulinbicyclettes.com\/wp-content\/uploads\/2021\/04\/Logo.svg\",\"width\":254,\"height\":86,\"caption\":\"Dumoulin Bicyclettes\"},\"image\":{\"@id\":\"https:\/\/dumoulin.absoludev.ca\/#\/schema\/logo\/image\/\"},\"sameAs\":[\"https:\/\/www.facebook.com\/dumoulinbicyclettes\",\"https:\/\/www.instagram.com\/dumoulin.ca\/\",\"https:\/\/www.youtube.com\/user\/dumoulinbicyclettes\"]}]}<\/script>\n<!-- \/ Yoast SEO plugin. -->","yoast_head_json":{"title":"Brompton C Line explore | V\u00e9lo pliable | Montr\u00e9al | Qu\u00e9bec","description":"Brompton C Line explore : un mod\u00e8le 6 vitesses. Couleur \u00absunset orange\u00bb, il vient avec ses garde-boue et un bloc avant. Disponible \u00e0 Montr\u00e9al aujourd'hui.","robots":{"index":"noindex","follow":"follow","max-snippet":"max-snippet:-1","max-image-preview":"max-image-preview:large","max-video-preview":"max-video-preview:-1"},"og_locale":"en_US","og_type":"article","og_title":"Brompton C Line explore | V\u00e9lo pliable | Montr\u00e9al | Qu\u00e9bec","og_description":"Brompton C Line explore : un mod\u00e8le 6 vitesses. Couleur \u00absunset orange\u00bb, il vient avec ses garde-boue et un bloc avant. Disponible \u00e0 Montr\u00e9al aujourd'hui.","og_url":"https:\/\/dumoulin.absoludev.ca\/produit\/brompton-c-line-explore-sunset-orange-type-h-marathon-racer-h6l\/","og_site_name":"Dumoulin Bicyclettes","article_publisher":"https:\/\/www.facebook.com\/dumoulinbicyclettes","article_modified_time":"2025-09-04T18:17:33+00:00","og_image":[{"width":1200,"height":900,"url":"https:\/\/dumoulin.absoludev.ca\/wp-content\/uploads\/2025\/03\/brompton-c-line-explore-montreal-quebec-sun-set-orange-4.jpeg","type":"image\/jpeg"}],"twitter_card":"summary_large_image","twitter_misc":{"Est. reading time":"1 minute"},"schema":{"@context":"https:\/\/schema.org","@graph":[{"@type":"WebPage","@id":"https:\/\/dumoulin.absoludev.ca\/produit\/brompton-c-line-explore-sunset-orange-type-h-marathon-racer-h6l\/","url":"https:\/\/dumoulin.absoludev.ca\/produit\/brompton-c-line-explore-sunset-orange-type-h-marathon-racer-h6l\/","name":"Brompton C Line explore | V\u00e9lo pliable | Montr\u00e9al | Qu\u00e9bec","isPartOf":{"@id":"https:\/\/dumoulin.absoludev.ca\/#website"},"primaryImageOfPage":{"@id":"https:\/\/dumoulin.absoludev.ca\/produit\/brompton-c-line-explore-sunset-orange-type-h-marathon-racer-h6l\/#primaryimage"},"image":{"@id":"https:\/\/dumoulin.absoludev.ca\/produit\/brompton-c-line-explore-sunset-orange-type-h-marathon-racer-h6l\/#primaryimage"},"thumbnailUrl":"https:\/\/dumoulin.absoludev.ca\/wp-content\/uploads\/2025\/03\/brompton-c-line-explore-montreal-quebec-sun-set-orange-4.jpeg","datePublished":"2025-04-02T21:12:23+00:00","dateModified":"2025-09-04T18:17:33+00:00","description":"Brompton C Line explore : un mod\u00e8le 6 vitesses. Couleur \u00absunset orange\u00bb, il vient avec ses garde-boue et un bloc avant. Disponible \u00e0 Montr\u00e9al aujourd'hui.","breadcrumb":{"@id":"https:\/\/dumoulin.absoludev.ca\/produit\/brompton-c-line-explore-sunset-orange-type-h-marathon-racer-h6l\/#breadcrumb"},"inLanguage":"en-US","potentialAction":[{"@type":"ReadAction","target":["https:\/\/dumoulin.absoludev.ca\/produit\/brompton-c-line-explore-sunset-orange-type-h-marathon-racer-h6l\/"]}]},{"@type":"ImageObject","inLanguage":"en-US","@id":"https:\/\/dumoulin.absoludev.ca\/produit\/brompton-c-line-explore-sunset-orange-type-h-marathon-racer-h6l\/#primaryimage","url":"https:\/\/dumoulin.absoludev.ca\/wp-content\/uploads\/2025\/03\/brompton-c-line-explore-montreal-quebec-sun-set-orange-4.jpeg","contentUrl":"https:\/\/dumoulin.absoludev.ca\/wp-content\/uploads\/2025\/03\/brompton-c-line-explore-montreal-quebec-sun-set-orange-4.jpeg","width":1200,"height":900,"caption":"Brompton_C_Line_explore_Montreal_Quebec_sun-set-Orange_11"},{"@type":"BreadcrumbList","@id":"https:\/\/dumoulin.absoludev.ca\/produit\/brompton-c-line-explore-sunset-orange-type-h-marathon-racer-h6l\/#breadcrumb","itemListElement":[{"@type":"ListItem","position":1,"name":"Home","item":"https:\/\/dumoulin.absoludev.ca\/en\/"},{"@type":"ListItem","position":2,"name":"Shop","item":"https:\/\/dumoulin.absoludev.ca\/en\/shop\/"},{"@type":"ListItem","position":3,"name":"Brompton C Line explore, guidon H, \u00absunset orange\u00bb"}]},{"@type":"WebSite","@id":"https:\/\/dumoulin.absoludev.ca\/#website","url":"https:\/\/dumoulin.absoludev.ca\/","name":"Dumoulin Bicyclettes","description":"","publisher":{"@id":"https:\/\/dumoulin.absoludev.ca\/#organization"},"potentialAction":[{"@type":"SearchAction","target":{"@type":"EntryPoint","urlTemplate":"https:\/\/dumoulin.absoludev.ca\/?s={search_term_string}"},"query-input":{"@type":"PropertyValueSpecification","valueRequired":true,"valueName":"search_term_string"}}],"inLanguage":"en-US"},{"@type":"Organization","@id":"https:\/\/dumoulin.absoludev.ca\/#organization","name":"Dumoulin Bicyclettes","url":"https:\/\/dumoulin.absoludev.ca\/","logo":{"@type":"ImageObject","inLanguage":"en-US","@id":"https:\/\/dumoulin.absoludev.ca\/#\/schema\/logo\/image\/","url":"https:\/\/www.dumoulinbicyclettes.com\/wp-content\/uploads\/2021\/04\/Logo.svg","contentUrl":"https:\/\/www.dumoulinbicyclettes.com\/wp-content\/uploads\/2021\/04\/Logo.svg","width":254,"height":86,"caption":"Dumoulin Bicyclettes"},"image":{"@id":"https:\/\/dumoulin.absoludev.ca\/#\/schema\/logo\/image\/"},"sameAs":["https:\/\/www.facebook.com\/dumoulinbicyclettes","https:\/\/www.instagram.com\/dumoulin.ca\/","https:\/\/www.youtube.com\/user\/dumoulinbicyclettes"]}]}},"_links":{"self":[{"href":"https:\/\/dumoulin.absoludev.ca\/en\/wp-json\/wp\/v2\/product\/586765","targetHints":{"allow":["GET"]}}],"collection":[{"href":"https:\/\/dumoulin.absoludev.ca\/en\/wp-json\/wp\/v2\/product"}],"about":[{"href":"https:\/\/dumoulin.absoludev.ca\/en\/wp-json\/wp\/v2\/types\/product"}],"wp:featuredmedia":[{"embeddable":true,"href":"https:\/\/dumoulin.absoludev.ca\/en\/wp-json\/wp\/v2\/media\/587451"}],"wp:attachment":[{"href":"https:\/\/dumoulin.absoludev.ca\/en\/wp-json\/wp\/v2\/media?parent=586765"}],"wp:term":[{"taxonomy":"product_brand","embeddable":true,"href":"https:\/\/dumoulin.absoludev.ca\/en\/wp-json\/wp\/v2\/product_brand?post=586765"},{"taxonomy":"product_cat","embeddable":true,"href":"https:\/\/dumoulin.absoludev.ca\/en\/wp-json\/wp\/v2\/product_cat?post=586765"},{"taxonomy":"product_tag","embeddable":true,"href":"https:\/\/dumoulin.absoludev.ca\/en\/wp-json\/wp\/v2\/product_tag?post=586765"},{"taxonomy":"marque-produit","embeddable":true,"href":"https:\/\/dumoulin.absoludev.ca\/en\/wp-json\/wp\/v2\/marque-produit?post=586765"},{"taxonomy":"collection-produit","embeddable":true,"href":"https:\/\/dumoulin.absoludev.ca\/en\/wp-json\/wp\/v2\/collection-produit?post=586765"},{"taxonomy":"type-surface-produit","embeddable":true,"href":"https:\/\/dumoulin.absoludev.ca\/en\/wp-json\/wp\/v2\/type-surface-produit?post=586765"},{"taxonomy":"type-velo-produit","embeddable":true,"href":"https:\/\/dumoulin.absoludev.ca\/en\/wp-json\/wp\/v2\/type-velo-produit?post=586765"},{"taxonomy":"vetement-produit","embeddable":true,"href":"https:\/\/dumoulin.absoludev.ca\/en\/wp-json\/wp\/v2\/vetement-produit?post=586765"},{"taxonomy":"thematique-produit","embeddable":true,"href":"https:\/\/dumoulin.absoludev.ca\/en\/wp-json\/wp\/v2\/thematique-produit?post=586765"},{"taxonomy":"position-sur-le-v\u00e9lo","embeddable":true,"href":"https:\/\/dumoulin.absoludev.ca\/en\/wp-json\/wp\/v2\/position-sur-le-v\u00e9lo?post=586765"}],"curies":[{"name":"wp","href":"https:\/\/api.w.org\/{rel}","templated":true}]}}