{"id":582297,"date":"2025-03-27T14:24:51","date_gmt":"2025-03-27T18:24:51","guid":{"rendered":"https:\/\/www.dumoulinbicyclettes.com\/?post_type=product&#038;p=582297"},"modified":"2025-03-27T16:22:00","modified_gmt":"2025-03-27T20:22:00","slug":"larry-vs-harry-original-bullitt","status":"publish","type":"product","link":"https:\/\/dumoulin.absoludev.ca\/en\/produit\/larry-vs-harry-original-bullitt\/","title":{"rendered":"Larry vs Harry original Bullitt"},"content":{"rendered":"<p>Le v\u00e9lo cargo Larry vs Harry Bullitt est agile, compact, super capable et pourtant \u00abl\u00e9ger\u00bb.<\/p>\n<p>C&#8217;est un cargo de type \u00ablong john\u00bb, c&#8217;est-\u00e0-dire qu&#8217;il est sur deux roues, avec une boite \u00e0 l&#8217;avant.<\/p>\n<p>Cette ic\u00f4ne du monde du v\u00e9lo se construit \u00ab\u00e0 la carte\u00bb : vous choisissez la couleur du cadre et la transmission.<\/p>\n<p>Des questions \u00e0 propos du montage ? du choix ? <a href=\"https:\/\/www.dumoulinbicyclettes.com\/nous-contacter\/\">Contactez-nous<\/a>!<\/p>\n<p><strong>Le prix annonc\u00e9 ici est celui d&#8217;un d\u00e9p\u00f4t pour la r\u00e9servation d&#8217;un Bullitt.<\/strong><\/p>\n","protected":false},"excerpt":{"rendered":"<p>Le v\u00e9lo cargo Larry vs Harry Bullitt est agile, compact, super capable et pourtant \u00abl\u00e9ger\u00bb. C&#8217;est un cargo de type \u00ablong john\u00bb, c&#8217;est-\u00e0-dire qu&#8217;il est sur deux roues, avec une boite \u00e0 l&#8217;avant. Cette ic\u00f4ne du monde du v\u00e9lo se construit \u00ab\u00e0 la carte\u00bb : vous choisissez la couleur du cadre et la transmission. Des [&hellip;]<\/p>\n","protected":false},"featured_media":582404,"template":"","meta":{"_acf_changed":false},"product_brand":[],"product_cat":[169,170,163],"product_tag":[2460,3332],"marque-produit":[1434],"collection-produit":[],"type-surface-produit":[],"type-velo-produit":[1248],"vetement-produit":[],"thematique-produit":[],"position-sur-le-v\u00e9lo":[],"class_list":{"0":"post-582297","1":"product","2":"type-product","3":"status-publish","4":"has-post-thumbnail","6":"product_cat-transport-denfant","7":"product_cat-transport-de-materiel","8":"product_cat-velos-cargo","9":"product_tag-bullitt","10":"product_tag-larry-vs-harry","11":"marque-produit-bullitt","12":"type-velo-produit-cargo","14":"first","15":"onbackorder","16":"taxable","17":"shipping-taxable","18":"purchasable","19":"product-type-variable"},"acf":[],"yoast_head":"<!-- This site is optimized with the Yoast SEO plugin v24.3 - https:\/\/yoast.com\/wordpress\/plugins\/seo\/ -->\n<title>Larry vs Harry original Bullitt - Dumoulin Bicyclettes | V\u00e9lo cargo | Montr\u00e9al | Qu\u00e9bec<\/title>\n<meta name=\"description\" content=\"V\u00e9lo cargo agile et l\u00e9ger, le Bullitt original de Larry vs Harry est une ic\u00f4ne du monde du v\u00e9lo. C&#039;est une solution cycliste admirable pour les parents comme pour les petites entreprises!\" \/>\n<meta name=\"robots\" content=\"noindex, follow, max-snippet:-1, max-image-preview:large, max-video-preview:-1\" \/>\n<meta property=\"og:locale\" content=\"en_US\" \/>\n<meta property=\"og:type\" content=\"article\" \/>\n<meta property=\"og:title\" content=\"Larry vs Harry original Bullitt - Dumoulin Bicyclettes | V\u00e9lo cargo | Montr\u00e9al | Qu\u00e9bec\" \/>\n<meta property=\"og:description\" content=\"V\u00e9lo cargo agile et l\u00e9ger, le Bullitt original de Larry vs Harry est une ic\u00f4ne du monde du v\u00e9lo. C&#039;est une solution cycliste admirable pour les parents comme pour les petites entreprises!\" \/>\n<meta property=\"og:url\" content=\"https:\/\/dumoulin.absoludev.ca\/en\/produit\/larry-vs-harry-original-bullitt\/\" \/>\n<meta property=\"og:site_name\" content=\"Dumoulin Bicyclettes\" \/>\n<meta property=\"article:publisher\" content=\"https:\/\/www.facebook.com\/dumoulinbicyclettes\" \/>\n<meta property=\"article:modified_time\" content=\"2025-03-27T20:22:00+00:00\" \/>\n<meta property=\"og:image\" content=\"https:\/\/dumoulin.absoludev.ca\/wp-content\/uploads\/2025\/03\/velo-cargo-larry-vs-harry-bullitt-original-yellow-bollocks-montreal-quebec-dumoulin-bicyclettes-1.jpeg\" \/>\n\t<meta property=\"og:image:width\" content=\"1540\" \/>\n\t<meta property=\"og:image:height\" content=\"709\" \/>\n\t<meta property=\"og:image:type\" content=\"image\/jpeg\" \/>\n<meta name=\"twitter:card\" content=\"summary_large_image\" \/>\n<meta name=\"twitter:label1\" content=\"Est. reading time\" \/>\n\t<meta name=\"twitter:data1\" content=\"1 minute\" \/>\n<script type=\"application\/ld+json\" class=\"yoast-schema-graph\">{\"@context\":\"https:\/\/schema.org\",\"@graph\":[{\"@type\":\"WebPage\",\"@id\":\"https:\/\/dumoulin.absoludev.ca\/en\/produit\/larry-vs-harry-original-bullitt\/\",\"url\":\"https:\/\/dumoulin.absoludev.ca\/en\/produit\/larry-vs-harry-original-bullitt\/\",\"name\":\"Larry vs Harry original Bullitt - Dumoulin Bicyclettes | V\u00e9lo cargo | Montr\u00e9al | Qu\u00e9bec\",\"isPartOf\":{\"@id\":\"https:\/\/dumoulin.absoludev.ca\/#website\"},\"primaryImageOfPage\":{\"@id\":\"https:\/\/dumoulin.absoludev.ca\/en\/produit\/larry-vs-harry-original-bullitt\/#primaryimage\"},\"image\":{\"@id\":\"https:\/\/dumoulin.absoludev.ca\/en\/produit\/larry-vs-harry-original-bullitt\/#primaryimage\"},\"thumbnailUrl\":\"https:\/\/dumoulin.absoludev.ca\/wp-content\/uploads\/2025\/03\/velo-cargo-larry-vs-harry-bullitt-original-yellow-bollocks-montreal-quebec-dumoulin-bicyclettes-1.jpeg\",\"datePublished\":\"2025-03-27T18:24:51+00:00\",\"dateModified\":\"2025-03-27T20:22:00+00:00\",\"description\":\"V\u00e9lo cargo agile et l\u00e9ger, le Bullitt original de Larry vs Harry est une ic\u00f4ne du monde du v\u00e9lo. C'est une solution cycliste admirable pour les parents comme pour les petites entreprises!\",\"breadcrumb\":{\"@id\":\"https:\/\/dumoulin.absoludev.ca\/en\/produit\/larry-vs-harry-original-bullitt\/#breadcrumb\"},\"inLanguage\":\"en-US\",\"potentialAction\":[{\"@type\":\"ReadAction\",\"target\":[\"https:\/\/dumoulin.absoludev.ca\/en\/produit\/larry-vs-harry-original-bullitt\/\"]}]},{\"@type\":\"ImageObject\",\"inLanguage\":\"en-US\",\"@id\":\"https:\/\/dumoulin.absoludev.ca\/en\/produit\/larry-vs-harry-original-bullitt\/#primaryimage\",\"url\":\"https:\/\/dumoulin.absoludev.ca\/wp-content\/uploads\/2025\/03\/velo-cargo-larry-vs-harry-bullitt-original-yellow-bollocks-montreal-quebec-dumoulin-bicyclettes-1.jpeg\",\"contentUrl\":\"https:\/\/dumoulin.absoludev.ca\/wp-content\/uploads\/2025\/03\/velo-cargo-larry-vs-harry-bullitt-original-yellow-bollocks-montreal-quebec-dumoulin-bicyclettes-1.jpeg\",\"width\":1540,\"height\":709,\"caption\":\"velo-cargo-larry-vs-harry-bullitt-original-Yellow_bollocks-montreal-quebec-dumoulin-bicyclettes-1\"},{\"@type\":\"BreadcrumbList\",\"@id\":\"https:\/\/dumoulin.absoludev.ca\/en\/produit\/larry-vs-harry-original-bullitt\/#breadcrumb\",\"itemListElement\":[{\"@type\":\"ListItem\",\"position\":1,\"name\":\"Home\",\"item\":\"https:\/\/dumoulin.absoludev.ca\/en\/\"},{\"@type\":\"ListItem\",\"position\":2,\"name\":\"Shop\",\"item\":\"https:\/\/dumoulin.absoludev.ca\/en\/shop\/\"},{\"@type\":\"ListItem\",\"position\":3,\"name\":\"Larry vs Harry original Bullitt\"}]},{\"@type\":\"WebSite\",\"@id\":\"https:\/\/dumoulin.absoludev.ca\/#website\",\"url\":\"https:\/\/dumoulin.absoludev.ca\/\",\"name\":\"Dumoulin Bicyclettes\",\"description\":\"\",\"publisher\":{\"@id\":\"https:\/\/dumoulin.absoludev.ca\/#organization\"},\"potentialAction\":[{\"@type\":\"SearchAction\",\"target\":{\"@type\":\"EntryPoint\",\"urlTemplate\":\"https:\/\/dumoulin.absoludev.ca\/?s={search_term_string}\"},\"query-input\":{\"@type\":\"PropertyValueSpecification\",\"valueRequired\":true,\"valueName\":\"search_term_string\"}}],\"inLanguage\":\"en-US\"},{\"@type\":\"Organization\",\"@id\":\"https:\/\/dumoulin.absoludev.ca\/#organization\",\"name\":\"Dumoulin Bicyclettes\",\"url\":\"https:\/\/dumoulin.absoludev.ca\/\",\"logo\":{\"@type\":\"ImageObject\",\"inLanguage\":\"en-US\",\"@id\":\"https:\/\/dumoulin.absoludev.ca\/#\/schema\/logo\/image\/\",\"url\":\"https:\/\/www.dumoulinbicyclettes.com\/wp-content\/uploads\/2021\/04\/Logo.svg\",\"contentUrl\":\"https:\/\/www.dumoulinbicyclettes.com\/wp-content\/uploads\/2021\/04\/Logo.svg\",\"width\":254,\"height\":86,\"caption\":\"Dumoulin Bicyclettes\"},\"image\":{\"@id\":\"https:\/\/dumoulin.absoludev.ca\/#\/schema\/logo\/image\/\"},\"sameAs\":[\"https:\/\/www.facebook.com\/dumoulinbicyclettes\",\"https:\/\/www.instagram.com\/dumoulin.ca\/\",\"https:\/\/www.youtube.com\/user\/dumoulinbicyclettes\"]}]}<\/script>\n<!-- \/ Yoast SEO plugin. -->","yoast_head_json":{"title":"Larry vs Harry original Bullitt - Dumoulin Bicyclettes | V\u00e9lo cargo | Montr\u00e9al | Qu\u00e9bec","description":"V\u00e9lo cargo agile et l\u00e9ger, le Bullitt original de Larry vs Harry est une ic\u00f4ne du monde du v\u00e9lo. C'est une solution cycliste admirable pour les parents comme pour les petites entreprises!","robots":{"index":"noindex","follow":"follow","max-snippet":"max-snippet:-1","max-image-preview":"max-image-preview:large","max-video-preview":"max-video-preview:-1"},"og_locale":"en_US","og_type":"article","og_title":"Larry vs Harry original Bullitt - Dumoulin Bicyclettes | V\u00e9lo cargo | Montr\u00e9al | Qu\u00e9bec","og_description":"V\u00e9lo cargo agile et l\u00e9ger, le Bullitt original de Larry vs Harry est une ic\u00f4ne du monde du v\u00e9lo. C'est une solution cycliste admirable pour les parents comme pour les petites entreprises!","og_url":"https:\/\/dumoulin.absoludev.ca\/en\/produit\/larry-vs-harry-original-bullitt\/","og_site_name":"Dumoulin Bicyclettes","article_publisher":"https:\/\/www.facebook.com\/dumoulinbicyclettes","article_modified_time":"2025-03-27T20:22:00+00:00","og_image":[{"width":1540,"height":709,"url":"https:\/\/dumoulin.absoludev.ca\/wp-content\/uploads\/2025\/03\/velo-cargo-larry-vs-harry-bullitt-original-yellow-bollocks-montreal-quebec-dumoulin-bicyclettes-1.jpeg","type":"image\/jpeg"}],"twitter_card":"summary_large_image","twitter_misc":{"Est. reading time":"1 minute"},"schema":{"@context":"https:\/\/schema.org","@graph":[{"@type":"WebPage","@id":"https:\/\/dumoulin.absoludev.ca\/en\/produit\/larry-vs-harry-original-bullitt\/","url":"https:\/\/dumoulin.absoludev.ca\/en\/produit\/larry-vs-harry-original-bullitt\/","name":"Larry vs Harry original Bullitt - Dumoulin Bicyclettes | V\u00e9lo cargo | Montr\u00e9al | Qu\u00e9bec","isPartOf":{"@id":"https:\/\/dumoulin.absoludev.ca\/#website"},"primaryImageOfPage":{"@id":"https:\/\/dumoulin.absoludev.ca\/en\/produit\/larry-vs-harry-original-bullitt\/#primaryimage"},"image":{"@id":"https:\/\/dumoulin.absoludev.ca\/en\/produit\/larry-vs-harry-original-bullitt\/#primaryimage"},"thumbnailUrl":"https:\/\/dumoulin.absoludev.ca\/wp-content\/uploads\/2025\/03\/velo-cargo-larry-vs-harry-bullitt-original-yellow-bollocks-montreal-quebec-dumoulin-bicyclettes-1.jpeg","datePublished":"2025-03-27T18:24:51+00:00","dateModified":"2025-03-27T20:22:00+00:00","description":"V\u00e9lo cargo agile et l\u00e9ger, le Bullitt original de Larry vs Harry est une ic\u00f4ne du monde du v\u00e9lo. C'est une solution cycliste admirable pour les parents comme pour les petites entreprises!","breadcrumb":{"@id":"https:\/\/dumoulin.absoludev.ca\/en\/produit\/larry-vs-harry-original-bullitt\/#breadcrumb"},"inLanguage":"en-US","potentialAction":[{"@type":"ReadAction","target":["https:\/\/dumoulin.absoludev.ca\/en\/produit\/larry-vs-harry-original-bullitt\/"]}]},{"@type":"ImageObject","inLanguage":"en-US","@id":"https:\/\/dumoulin.absoludev.ca\/en\/produit\/larry-vs-harry-original-bullitt\/#primaryimage","url":"https:\/\/dumoulin.absoludev.ca\/wp-content\/uploads\/2025\/03\/velo-cargo-larry-vs-harry-bullitt-original-yellow-bollocks-montreal-quebec-dumoulin-bicyclettes-1.jpeg","contentUrl":"https:\/\/dumoulin.absoludev.ca\/wp-content\/uploads\/2025\/03\/velo-cargo-larry-vs-harry-bullitt-original-yellow-bollocks-montreal-quebec-dumoulin-bicyclettes-1.jpeg","width":1540,"height":709,"caption":"velo-cargo-larry-vs-harry-bullitt-original-Yellow_bollocks-montreal-quebec-dumoulin-bicyclettes-1"},{"@type":"BreadcrumbList","@id":"https:\/\/dumoulin.absoludev.ca\/en\/produit\/larry-vs-harry-original-bullitt\/#breadcrumb","itemListElement":[{"@type":"ListItem","position":1,"name":"Home","item":"https:\/\/dumoulin.absoludev.ca\/en\/"},{"@type":"ListItem","position":2,"name":"Shop","item":"https:\/\/dumoulin.absoludev.ca\/en\/shop\/"},{"@type":"ListItem","position":3,"name":"Larry vs Harry original Bullitt"}]},{"@type":"WebSite","@id":"https:\/\/dumoulin.absoludev.ca\/#website","url":"https:\/\/dumoulin.absoludev.ca\/","name":"Dumoulin Bicyclettes","description":"","publisher":{"@id":"https:\/\/dumoulin.absoludev.ca\/#organization"},"potentialAction":[{"@type":"SearchAction","target":{"@type":"EntryPoint","urlTemplate":"https:\/\/dumoulin.absoludev.ca\/?s={search_term_string}"},"query-input":{"@type":"PropertyValueSpecification","valueRequired":true,"valueName":"search_term_string"}}],"inLanguage":"en-US"},{"@type":"Organization","@id":"https:\/\/dumoulin.absoludev.ca\/#organization","name":"Dumoulin Bicyclettes","url":"https:\/\/dumoulin.absoludev.ca\/","logo":{"@type":"ImageObject","inLanguage":"en-US","@id":"https:\/\/dumoulin.absoludev.ca\/#\/schema\/logo\/image\/","url":"https:\/\/www.dumoulinbicyclettes.com\/wp-content\/uploads\/2021\/04\/Logo.svg","contentUrl":"https:\/\/www.dumoulinbicyclettes.com\/wp-content\/uploads\/2021\/04\/Logo.svg","width":254,"height":86,"caption":"Dumoulin Bicyclettes"},"image":{"@id":"https:\/\/dumoulin.absoludev.ca\/#\/schema\/logo\/image\/"},"sameAs":["https:\/\/www.facebook.com\/dumoulinbicyclettes","https:\/\/www.instagram.com\/dumoulin.ca\/","https:\/\/www.youtube.com\/user\/dumoulinbicyclettes"]}]}},"_links":{"self":[{"href":"https:\/\/dumoulin.absoludev.ca\/en\/wp-json\/wp\/v2\/product\/582297","targetHints":{"allow":["GET"]}}],"collection":[{"href":"https:\/\/dumoulin.absoludev.ca\/en\/wp-json\/wp\/v2\/product"}],"about":[{"href":"https:\/\/dumoulin.absoludev.ca\/en\/wp-json\/wp\/v2\/types\/product"}],"wp:featuredmedia":[{"embeddable":true,"href":"https:\/\/dumoulin.absoludev.ca\/en\/wp-json\/wp\/v2\/media\/582404"}],"wp:attachment":[{"href":"https:\/\/dumoulin.absoludev.ca\/en\/wp-json\/wp\/v2\/media?parent=582297"}],"wp:term":[{"taxonomy":"product_brand","embeddable":true,"href":"https:\/\/dumoulin.absoludev.ca\/en\/wp-json\/wp\/v2\/product_brand?post=582297"},{"taxonomy":"product_cat","embeddable":true,"href":"https:\/\/dumoulin.absoludev.ca\/en\/wp-json\/wp\/v2\/product_cat?post=582297"},{"taxonomy":"product_tag","embeddable":true,"href":"https:\/\/dumoulin.absoludev.ca\/en\/wp-json\/wp\/v2\/product_tag?post=582297"},{"taxonomy":"marque-produit","embeddable":true,"href":"https:\/\/dumoulin.absoludev.ca\/en\/wp-json\/wp\/v2\/marque-produit?post=582297"},{"taxonomy":"collection-produit","embeddable":true,"href":"https:\/\/dumoulin.absoludev.ca\/en\/wp-json\/wp\/v2\/collection-produit?post=582297"},{"taxonomy":"type-surface-produit","embeddable":true,"href":"https:\/\/dumoulin.absoludev.ca\/en\/wp-json\/wp\/v2\/type-surface-produit?post=582297"},{"taxonomy":"type-velo-produit","embeddable":true,"href":"https:\/\/dumoulin.absoludev.ca\/en\/wp-json\/wp\/v2\/type-velo-produit?post=582297"},{"taxonomy":"vetement-produit","embeddable":true,"href":"https:\/\/dumoulin.absoludev.ca\/en\/wp-json\/wp\/v2\/vetement-produit?post=582297"},{"taxonomy":"thematique-produit","embeddable":true,"href":"https:\/\/dumoulin.absoludev.ca\/en\/wp-json\/wp\/v2\/thematique-produit?post=582297"},{"taxonomy":"position-sur-le-v\u00e9lo","embeddable":true,"href":"https:\/\/dumoulin.absoludev.ca\/en\/wp-json\/wp\/v2\/position-sur-le-v\u00e9lo?post=582297"}],"curies":[{"name":"wp","href":"https:\/\/api.w.org\/{rel}","templated":true}]}}