{"id":579277,"date":"2025-03-24T13:06:21","date_gmt":"2025-03-24T17:06:21","guid":{"rendered":"http:\/\/www.dumoulinbicyclettes.com\/?post_type=product&#038;p=579277"},"modified":"2025-09-04T14:17:56","modified_gmt":"2025-09-04T18:17:56","slug":"brompton-eazy-wheels","status":"publish","type":"product","link":"https:\/\/dumoulin.absoludev.ca\/en\/produit\/brompton-eazy-wheels\/","title":{"rendered":"Roulettes Brompton Eazy wheels"},"content":{"rendered":"<p>Ces roulettes Eazy Wheels sont plus grandes que celles qui viennent avec les v\u00e9los Brompton. Elles sont aussi \u00e9quip\u00e9es de roulements plus durables. Vous avez le choix entre les versions 5mm (pr\u00e9-2016) et les versions 6mm (post-2016).<\/p>\n<p>Des questions ? Assurez-vous de la bonne compatibilit\u00e9 des roulettes en <a href=\"https:\/\/www.dumoulinbicyclettes.com\/nous-contacter\/\" target=\"_blank\">nous posant la question<\/a> : nous saurons vous r\u00e9pondre !<\/p>\n","protected":false},"excerpt":{"rendered":"<p>Ces roulettes Eazy Wheels sont plus grandes que celles qui viennent avec les v\u00e9los Brompton. Elles sont aussi \u00e9quip\u00e9es de roulements plus durables. Vous avez le choix entre les versions 5mm (pr\u00e9-2016) et les versions 6mm (post-2016). Des questions ? Assurez-vous de la bonne compatibilit\u00e9 des roulettes en nous posant la question : nous saurons [&hellip;]<\/p>\n","protected":false},"featured_media":579280,"template":"","meta":{"_acf_changed":false},"product_brand":[],"product_cat":[184,2422],"product_tag":[],"marque-produit":[153],"collection-produit":[2885],"type-surface-produit":[],"type-velo-produit":[],"vetement-produit":[],"thematique-produit":[],"position-sur-le-v\u00e9lo":[],"class_list":{"0":"post-579277","1":"product","2":"type-product","3":"status-publish","4":"has-post-thumbnail","6":"product_cat-accessoires-pour-velo-pliable","7":"product_cat-pieces-composantes-de-velos-pliables","8":"marque-produit-brompton","9":"collection-produit-pieces-et-composantes","11":"first","12":"instock","13":"taxable","14":"shipping-taxable","15":"purchasable","16":"product-type-variable"},"acf":[],"yoast_head":"<!-- This site is optimized with the Yoast SEO plugin v24.3 - https:\/\/yoast.com\/wordpress\/plugins\/seo\/ -->\n<title>Roulettes Brompton Eazy wheels - Dumoulin Bicyclettes - Pi\u00e8ces originales Brompton - Montr\u00e9al - Qu\u00e9bec<\/title>\n<meta name=\"description\" content=\"Roulettes Eazy Wheels, plus grandes et roulant mieux, pour installer sur votre porte-bagages Brompton. Assurez-vous de la bonne compatibilit\u00e9 en nous contactant !\" \/>\n<meta name=\"robots\" content=\"noindex, follow, max-snippet:-1, max-image-preview:large, max-video-preview:-1\" \/>\n<meta property=\"og:locale\" content=\"en_US\" \/>\n<meta property=\"og:type\" content=\"article\" \/>\n<meta property=\"og:title\" content=\"Roulettes Brompton Eazy wheels - Dumoulin Bicyclettes - Pi\u00e8ces originales Brompton - Montr\u00e9al - Qu\u00e9bec\" \/>\n<meta property=\"og:description\" content=\"Roulettes Eazy Wheels, plus grandes et roulant mieux, pour installer sur votre porte-bagages Brompton. Assurez-vous de la bonne compatibilit\u00e9 en nous contactant !\" \/>\n<meta property=\"og:url\" content=\"https:\/\/dumoulin.absoludev.ca\/produit\/brompton-eazy-wheels\/\" \/>\n<meta property=\"og:site_name\" content=\"Dumoulin Bicyclettes\" \/>\n<meta property=\"article:publisher\" content=\"https:\/\/www.facebook.com\/dumoulinbicyclettes\" \/>\n<meta property=\"article:modified_time\" content=\"2025-09-04T18:17:56+00:00\" \/>\n<meta property=\"og:image\" content=\"https:\/\/dumoulin.absoludev.ca\/wp-content\/uploads\/2025\/03\/Brompton-Eazy-Wheels-5mm.webp\" \/>\n\t<meta property=\"og:image:width\" content=\"1290\" \/>\n\t<meta property=\"og:image:height\" content=\"1200\" \/>\n\t<meta property=\"og:image:type\" content=\"image\/webp\" \/>\n<meta name=\"twitter:card\" content=\"summary_large_image\" \/>\n<meta name=\"twitter:label1\" content=\"Est. reading time\" \/>\n\t<meta name=\"twitter:data1\" content=\"1 minute\" \/>\n<script type=\"application\/ld+json\" class=\"yoast-schema-graph\">{\"@context\":\"https:\/\/schema.org\",\"@graph\":[{\"@type\":\"WebPage\",\"@id\":\"https:\/\/dumoulin.absoludev.ca\/produit\/brompton-eazy-wheels\/\",\"url\":\"https:\/\/dumoulin.absoludev.ca\/produit\/brompton-eazy-wheels\/\",\"name\":\"Roulettes Brompton Eazy wheels - Dumoulin Bicyclettes - Pi\u00e8ces originales Brompton - Montr\u00e9al - Qu\u00e9bec\",\"isPartOf\":{\"@id\":\"https:\/\/dumoulin.absoludev.ca\/#website\"},\"primaryImageOfPage\":{\"@id\":\"https:\/\/dumoulin.absoludev.ca\/produit\/brompton-eazy-wheels\/#primaryimage\"},\"image\":{\"@id\":\"https:\/\/dumoulin.absoludev.ca\/produit\/brompton-eazy-wheels\/#primaryimage\"},\"thumbnailUrl\":\"https:\/\/dumoulin.absoludev.ca\/wp-content\/uploads\/2025\/03\/Brompton-Eazy-Wheels-5mm.webp\",\"datePublished\":\"2025-03-24T17:06:21+00:00\",\"dateModified\":\"2025-09-04T18:17:56+00:00\",\"description\":\"Roulettes Eazy Wheels, plus grandes et roulant mieux, pour installer sur votre porte-bagages Brompton. Assurez-vous de la bonne compatibilit\u00e9 en nous contactant !\",\"breadcrumb\":{\"@id\":\"https:\/\/dumoulin.absoludev.ca\/produit\/brompton-eazy-wheels\/#breadcrumb\"},\"inLanguage\":\"en-US\",\"potentialAction\":[{\"@type\":\"ReadAction\",\"target\":[\"https:\/\/dumoulin.absoludev.ca\/produit\/brompton-eazy-wheels\/\"]}]},{\"@type\":\"ImageObject\",\"inLanguage\":\"en-US\",\"@id\":\"https:\/\/dumoulin.absoludev.ca\/produit\/brompton-eazy-wheels\/#primaryimage\",\"url\":\"https:\/\/dumoulin.absoludev.ca\/wp-content\/uploads\/2025\/03\/Brompton-Eazy-Wheels-5mm.webp\",\"contentUrl\":\"https:\/\/dumoulin.absoludev.ca\/wp-content\/uploads\/2025\/03\/Brompton-Eazy-Wheels-5mm.webp\",\"width\":1290,\"height\":1200,\"caption\":\"Brompton-Eazy-Wheels-5mm\"},{\"@type\":\"BreadcrumbList\",\"@id\":\"https:\/\/dumoulin.absoludev.ca\/produit\/brompton-eazy-wheels\/#breadcrumb\",\"itemListElement\":[{\"@type\":\"ListItem\",\"position\":1,\"name\":\"Home\",\"item\":\"https:\/\/dumoulin.absoludev.ca\/en\/\"},{\"@type\":\"ListItem\",\"position\":2,\"name\":\"Shop\",\"item\":\"https:\/\/dumoulin.absoludev.ca\/en\/shop\/\"},{\"@type\":\"ListItem\",\"position\":3,\"name\":\"Roulettes Brompton Eazy wheels\"}]},{\"@type\":\"WebSite\",\"@id\":\"https:\/\/dumoulin.absoludev.ca\/#website\",\"url\":\"https:\/\/dumoulin.absoludev.ca\/\",\"name\":\"Dumoulin Bicyclettes\",\"description\":\"\",\"publisher\":{\"@id\":\"https:\/\/dumoulin.absoludev.ca\/#organization\"},\"potentialAction\":[{\"@type\":\"SearchAction\",\"target\":{\"@type\":\"EntryPoint\",\"urlTemplate\":\"https:\/\/dumoulin.absoludev.ca\/?s={search_term_string}\"},\"query-input\":{\"@type\":\"PropertyValueSpecification\",\"valueRequired\":true,\"valueName\":\"search_term_string\"}}],\"inLanguage\":\"en-US\"},{\"@type\":\"Organization\",\"@id\":\"https:\/\/dumoulin.absoludev.ca\/#organization\",\"name\":\"Dumoulin Bicyclettes\",\"url\":\"https:\/\/dumoulin.absoludev.ca\/\",\"logo\":{\"@type\":\"ImageObject\",\"inLanguage\":\"en-US\",\"@id\":\"https:\/\/dumoulin.absoludev.ca\/#\/schema\/logo\/image\/\",\"url\":\"https:\/\/www.dumoulinbicyclettes.com\/wp-content\/uploads\/2021\/04\/Logo.svg\",\"contentUrl\":\"https:\/\/www.dumoulinbicyclettes.com\/wp-content\/uploads\/2021\/04\/Logo.svg\",\"width\":254,\"height\":86,\"caption\":\"Dumoulin Bicyclettes\"},\"image\":{\"@id\":\"https:\/\/dumoulin.absoludev.ca\/#\/schema\/logo\/image\/\"},\"sameAs\":[\"https:\/\/www.facebook.com\/dumoulinbicyclettes\",\"https:\/\/www.instagram.com\/dumoulin.ca\/\",\"https:\/\/www.youtube.com\/user\/dumoulinbicyclettes\"]}]}<\/script>\n<!-- \/ Yoast SEO plugin. -->","yoast_head_json":{"title":"Roulettes Brompton Eazy wheels - Dumoulin Bicyclettes - Pi\u00e8ces originales Brompton - Montr\u00e9al - Qu\u00e9bec","description":"Roulettes Eazy Wheels, plus grandes et roulant mieux, pour installer sur votre porte-bagages Brompton. Assurez-vous de la bonne compatibilit\u00e9 en nous contactant !","robots":{"index":"noindex","follow":"follow","max-snippet":"max-snippet:-1","max-image-preview":"max-image-preview:large","max-video-preview":"max-video-preview:-1"},"og_locale":"en_US","og_type":"article","og_title":"Roulettes Brompton Eazy wheels - Dumoulin Bicyclettes - Pi\u00e8ces originales Brompton - Montr\u00e9al - Qu\u00e9bec","og_description":"Roulettes Eazy Wheels, plus grandes et roulant mieux, pour installer sur votre porte-bagages Brompton. Assurez-vous de la bonne compatibilit\u00e9 en nous contactant !","og_url":"https:\/\/dumoulin.absoludev.ca\/produit\/brompton-eazy-wheels\/","og_site_name":"Dumoulin Bicyclettes","article_publisher":"https:\/\/www.facebook.com\/dumoulinbicyclettes","article_modified_time":"2025-09-04T18:17:56+00:00","og_image":[{"width":1290,"height":1200,"url":"https:\/\/dumoulin.absoludev.ca\/wp-content\/uploads\/2025\/03\/Brompton-Eazy-Wheels-5mm.webp","type":"image\/webp"}],"twitter_card":"summary_large_image","twitter_misc":{"Est. reading time":"1 minute"},"schema":{"@context":"https:\/\/schema.org","@graph":[{"@type":"WebPage","@id":"https:\/\/dumoulin.absoludev.ca\/produit\/brompton-eazy-wheels\/","url":"https:\/\/dumoulin.absoludev.ca\/produit\/brompton-eazy-wheels\/","name":"Roulettes Brompton Eazy wheels - Dumoulin Bicyclettes - Pi\u00e8ces originales Brompton - Montr\u00e9al - Qu\u00e9bec","isPartOf":{"@id":"https:\/\/dumoulin.absoludev.ca\/#website"},"primaryImageOfPage":{"@id":"https:\/\/dumoulin.absoludev.ca\/produit\/brompton-eazy-wheels\/#primaryimage"},"image":{"@id":"https:\/\/dumoulin.absoludev.ca\/produit\/brompton-eazy-wheels\/#primaryimage"},"thumbnailUrl":"https:\/\/dumoulin.absoludev.ca\/wp-content\/uploads\/2025\/03\/Brompton-Eazy-Wheels-5mm.webp","datePublished":"2025-03-24T17:06:21+00:00","dateModified":"2025-09-04T18:17:56+00:00","description":"Roulettes Eazy Wheels, plus grandes et roulant mieux, pour installer sur votre porte-bagages Brompton. Assurez-vous de la bonne compatibilit\u00e9 en nous contactant !","breadcrumb":{"@id":"https:\/\/dumoulin.absoludev.ca\/produit\/brompton-eazy-wheels\/#breadcrumb"},"inLanguage":"en-US","potentialAction":[{"@type":"ReadAction","target":["https:\/\/dumoulin.absoludev.ca\/produit\/brompton-eazy-wheels\/"]}]},{"@type":"ImageObject","inLanguage":"en-US","@id":"https:\/\/dumoulin.absoludev.ca\/produit\/brompton-eazy-wheels\/#primaryimage","url":"https:\/\/dumoulin.absoludev.ca\/wp-content\/uploads\/2025\/03\/Brompton-Eazy-Wheels-5mm.webp","contentUrl":"https:\/\/dumoulin.absoludev.ca\/wp-content\/uploads\/2025\/03\/Brompton-Eazy-Wheels-5mm.webp","width":1290,"height":1200,"caption":"Brompton-Eazy-Wheels-5mm"},{"@type":"BreadcrumbList","@id":"https:\/\/dumoulin.absoludev.ca\/produit\/brompton-eazy-wheels\/#breadcrumb","itemListElement":[{"@type":"ListItem","position":1,"name":"Home","item":"https:\/\/dumoulin.absoludev.ca\/en\/"},{"@type":"ListItem","position":2,"name":"Shop","item":"https:\/\/dumoulin.absoludev.ca\/en\/shop\/"},{"@type":"ListItem","position":3,"name":"Roulettes Brompton Eazy wheels"}]},{"@type":"WebSite","@id":"https:\/\/dumoulin.absoludev.ca\/#website","url":"https:\/\/dumoulin.absoludev.ca\/","name":"Dumoulin Bicyclettes","description":"","publisher":{"@id":"https:\/\/dumoulin.absoludev.ca\/#organization"},"potentialAction":[{"@type":"SearchAction","target":{"@type":"EntryPoint","urlTemplate":"https:\/\/dumoulin.absoludev.ca\/?s={search_term_string}"},"query-input":{"@type":"PropertyValueSpecification","valueRequired":true,"valueName":"search_term_string"}}],"inLanguage":"en-US"},{"@type":"Organization","@id":"https:\/\/dumoulin.absoludev.ca\/#organization","name":"Dumoulin Bicyclettes","url":"https:\/\/dumoulin.absoludev.ca\/","logo":{"@type":"ImageObject","inLanguage":"en-US","@id":"https:\/\/dumoulin.absoludev.ca\/#\/schema\/logo\/image\/","url":"https:\/\/www.dumoulinbicyclettes.com\/wp-content\/uploads\/2021\/04\/Logo.svg","contentUrl":"https:\/\/www.dumoulinbicyclettes.com\/wp-content\/uploads\/2021\/04\/Logo.svg","width":254,"height":86,"caption":"Dumoulin Bicyclettes"},"image":{"@id":"https:\/\/dumoulin.absoludev.ca\/#\/schema\/logo\/image\/"},"sameAs":["https:\/\/www.facebook.com\/dumoulinbicyclettes","https:\/\/www.instagram.com\/dumoulin.ca\/","https:\/\/www.youtube.com\/user\/dumoulinbicyclettes"]}]}},"_links":{"self":[{"href":"https:\/\/dumoulin.absoludev.ca\/en\/wp-json\/wp\/v2\/product\/579277","targetHints":{"allow":["GET"]}}],"collection":[{"href":"https:\/\/dumoulin.absoludev.ca\/en\/wp-json\/wp\/v2\/product"}],"about":[{"href":"https:\/\/dumoulin.absoludev.ca\/en\/wp-json\/wp\/v2\/types\/product"}],"wp:featuredmedia":[{"embeddable":true,"href":"https:\/\/dumoulin.absoludev.ca\/en\/wp-json\/wp\/v2\/media\/579280"}],"wp:attachment":[{"href":"https:\/\/dumoulin.absoludev.ca\/en\/wp-json\/wp\/v2\/media?parent=579277"}],"wp:term":[{"taxonomy":"product_brand","embeddable":true,"href":"https:\/\/dumoulin.absoludev.ca\/en\/wp-json\/wp\/v2\/product_brand?post=579277"},{"taxonomy":"product_cat","embeddable":true,"href":"https:\/\/dumoulin.absoludev.ca\/en\/wp-json\/wp\/v2\/product_cat?post=579277"},{"taxonomy":"product_tag","embeddable":true,"href":"https:\/\/dumoulin.absoludev.ca\/en\/wp-json\/wp\/v2\/product_tag?post=579277"},{"taxonomy":"marque-produit","embeddable":true,"href":"https:\/\/dumoulin.absoludev.ca\/en\/wp-json\/wp\/v2\/marque-produit?post=579277"},{"taxonomy":"collection-produit","embeddable":true,"href":"https:\/\/dumoulin.absoludev.ca\/en\/wp-json\/wp\/v2\/collection-produit?post=579277"},{"taxonomy":"type-surface-produit","embeddable":true,"href":"https:\/\/dumoulin.absoludev.ca\/en\/wp-json\/wp\/v2\/type-surface-produit?post=579277"},{"taxonomy":"type-velo-produit","embeddable":true,"href":"https:\/\/dumoulin.absoludev.ca\/en\/wp-json\/wp\/v2\/type-velo-produit?post=579277"},{"taxonomy":"vetement-produit","embeddable":true,"href":"https:\/\/dumoulin.absoludev.ca\/en\/wp-json\/wp\/v2\/vetement-produit?post=579277"},{"taxonomy":"thematique-produit","embeddable":true,"href":"https:\/\/dumoulin.absoludev.ca\/en\/wp-json\/wp\/v2\/thematique-produit?post=579277"},{"taxonomy":"position-sur-le-v\u00e9lo","embeddable":true,"href":"https:\/\/dumoulin.absoludev.ca\/en\/wp-json\/wp\/v2\/position-sur-le-v\u00e9lo?post=579277"}],"curies":[{"name":"wp","href":"https:\/\/api.w.org\/{rel}","templated":true}]}}