{"id":569371,"date":"2025-03-12T14:11:44","date_gmt":"2025-03-12T18:11:44","guid":{"rendered":"http:\/\/www.dumoulinbicyclettes.com\/?post_type=product&#038;p=569371"},"modified":"2025-09-04T14:17:39","modified_gmt":"2025-09-04T18:17:39","slug":"yuba-pannier-avant-stuffrack-spicy-curry-v4","status":"publish","type":"product","link":"https:\/\/dumoulin.absoludev.ca\/en\/produit\/yuba-pannier-avant-stuffrack-spicy-curry-v4\/","title":{"rendered":"Panier avant Yuba &#8220;Stuff Rack&#8221; (pour Spicy Curry V4)"},"content":{"rendered":"<p>Le panier avant Yuba &#8220;Stuff Rack&#8221; est la version moderne du &#8220;Bread Basket&#8221;, con\u00e7u pour les derni\u00e8res g\u00e9n\u00e9rations de v\u00e9los Yuba. Ce panier rectangulaire permet de transporter facilement une grande vari\u00e9t\u00e9 d\u2019objets : cartables d\u2019enfants, courses, sac de bureau ou objets en vrac. Livr\u00e9 avec une doublure int\u00e9gr\u00e9e, il s\u00e9curise les petits objets tout en garantissant un transport stable et s\u00e9curis\u00e9 gr\u00e2ce \u00e0 sa fixation sur le tube de direction.<\/p>\n","protected":false},"excerpt":{"rendered":"<p>Le panier avant Yuba &#8220;Stuff Rack&#8221; est la version moderne du &#8220;Bread Basket&#8221;, con\u00e7u pour les derni\u00e8res g\u00e9n\u00e9rations de v\u00e9los Yuba. Ce panier rectangulaire permet de transporter facilement une grande vari\u00e9t\u00e9 d\u2019objets : cartables d\u2019enfants, courses, sac de bureau ou objets en vrac. Livr\u00e9 avec une doublure int\u00e9gr\u00e9e, il s\u00e9curise les petits objets tout en [&hellip;]<\/p>\n","protected":false},"featured_media":569372,"template":"","meta":{"_acf_changed":false},"product_brand":[],"product_cat":[198],"product_tag":[3502,2198,3503,3504,2179],"marque-produit":[1201],"collection-produit":[2849,2848],"type-surface-produit":[],"type-velo-produit":[],"vetement-produit":[],"thematique-produit":[],"position-sur-le-v\u00e9lo":[],"class_list":{"0":"post-569371","1":"product","2":"type-product","3":"status-publish","4":"has-post-thumbnail","6":"product_cat-paniers","7":"product_tag-panier-avant","8":"product_tag-spicy-curry","9":"product_tag-stuffrack","10":"product_tag-v4","11":"product_tag-yuba","12":"marque-produit-yuba","13":"collection-produit-spicy-curry","14":"collection-produit-yuba","16":"first","17":"outofstock","18":"taxable","19":"shipping-taxable","20":"purchasable","21":"product-type-simple"},"acf":[],"yoast_head":"<!-- This site is optimized with the Yoast SEO plugin v24.3 - https:\/\/yoast.com\/wordpress\/plugins\/seo\/ -->\n<title>Panier avant Yuba &quot;Stuff Rack&quot; (pour Spicy Curry V4) - Dumoulin Bicyclettes<\/title>\n<meta name=\"description\" content=\"Le panier avant Yuba &quot;Stuff Rack&quot; est la version moderne du &quot;Bread Basket&quot;, con\u00e7u pour les derni\u00e8res g\u00e9n\u00e9rations de v\u00e9los Yuba. Un incontournable !\" \/>\n<meta name=\"robots\" content=\"noindex, follow, max-snippet:-1, max-image-preview:large, max-video-preview:-1\" \/>\n<meta property=\"og:locale\" content=\"en_US\" \/>\n<meta property=\"og:type\" content=\"article\" \/>\n<meta property=\"og:title\" content=\"Panier avant Yuba &quot;Stuff Rack&quot; (pour Spicy Curry V4) - Dumoulin Bicyclettes\" \/>\n<meta property=\"og:description\" content=\"Le panier avant Yuba &quot;Stuff Rack&quot; est la version moderne du &quot;Bread Basket&quot;, con\u00e7u pour les derni\u00e8res g\u00e9n\u00e9rations de v\u00e9los Yuba. Un incontournable !\" \/>\n<meta property=\"og:url\" content=\"https:\/\/dumoulin.absoludev.ca\/produit\/yuba-pannier-avant-stuffrack-spicy-curry-v4\/\" \/>\n<meta property=\"og:site_name\" content=\"Dumoulin Bicyclettes\" \/>\n<meta property=\"article:publisher\" content=\"https:\/\/www.facebook.com\/dumoulinbicyclettes\" \/>\n<meta property=\"article:modified_time\" content=\"2025-09-04T18:17:39+00:00\" \/>\n<meta property=\"og:image\" content=\"https:\/\/dumoulin.absoludev.ca\/wp-content\/uploads\/2025\/03\/Yuba-Pannier-avant-Stuffrack-Spicy-curry-V4-dumoulin-bicyclettes-montreal-2.jpg\" \/>\n\t<meta property=\"og:image:width\" content=\"900\" \/>\n\t<meta property=\"og:image:height\" content=\"900\" \/>\n\t<meta property=\"og:image:type\" content=\"image\/jpeg\" \/>\n<meta name=\"twitter:card\" content=\"summary_large_image\" \/>\n<meta name=\"twitter:label1\" content=\"Est. reading time\" \/>\n\t<meta name=\"twitter:data1\" content=\"1 minute\" \/>\n<script type=\"application\/ld+json\" class=\"yoast-schema-graph\">{\"@context\":\"https:\/\/schema.org\",\"@graph\":[{\"@type\":\"WebPage\",\"@id\":\"https:\/\/dumoulin.absoludev.ca\/produit\/yuba-pannier-avant-stuffrack-spicy-curry-v4\/\",\"url\":\"https:\/\/dumoulin.absoludev.ca\/produit\/yuba-pannier-avant-stuffrack-spicy-curry-v4\/\",\"name\":\"Panier avant Yuba \\\"Stuff Rack\\\" (pour Spicy Curry V4) - Dumoulin Bicyclettes\",\"isPartOf\":{\"@id\":\"https:\/\/dumoulin.absoludev.ca\/#website\"},\"primaryImageOfPage\":{\"@id\":\"https:\/\/dumoulin.absoludev.ca\/produit\/yuba-pannier-avant-stuffrack-spicy-curry-v4\/#primaryimage\"},\"image\":{\"@id\":\"https:\/\/dumoulin.absoludev.ca\/produit\/yuba-pannier-avant-stuffrack-spicy-curry-v4\/#primaryimage\"},\"thumbnailUrl\":\"https:\/\/dumoulin.absoludev.ca\/wp-content\/uploads\/2025\/03\/Yuba-Pannier-avant-Stuffrack-Spicy-curry-V4-dumoulin-bicyclettes-montreal-2.jpg\",\"datePublished\":\"2025-03-12T18:11:44+00:00\",\"dateModified\":\"2025-09-04T18:17:39+00:00\",\"description\":\"Le panier avant Yuba \\\"Stuff Rack\\\" est la version moderne du \\\"Bread Basket\\\", con\u00e7u pour les derni\u00e8res g\u00e9n\u00e9rations de v\u00e9los Yuba. Un incontournable !\",\"breadcrumb\":{\"@id\":\"https:\/\/dumoulin.absoludev.ca\/produit\/yuba-pannier-avant-stuffrack-spicy-curry-v4\/#breadcrumb\"},\"inLanguage\":\"en-US\",\"potentialAction\":[{\"@type\":\"ReadAction\",\"target\":[\"https:\/\/dumoulin.absoludev.ca\/produit\/yuba-pannier-avant-stuffrack-spicy-curry-v4\/\"]}]},{\"@type\":\"ImageObject\",\"inLanguage\":\"en-US\",\"@id\":\"https:\/\/dumoulin.absoludev.ca\/produit\/yuba-pannier-avant-stuffrack-spicy-curry-v4\/#primaryimage\",\"url\":\"https:\/\/dumoulin.absoludev.ca\/wp-content\/uploads\/2025\/03\/Yuba-Pannier-avant-Stuffrack-Spicy-curry-V4-dumoulin-bicyclettes-montreal-2.jpg\",\"contentUrl\":\"https:\/\/dumoulin.absoludev.ca\/wp-content\/uploads\/2025\/03\/Yuba-Pannier-avant-Stuffrack-Spicy-curry-V4-dumoulin-bicyclettes-montreal-2.jpg\",\"width\":900,\"height\":900},{\"@type\":\"BreadcrumbList\",\"@id\":\"https:\/\/dumoulin.absoludev.ca\/produit\/yuba-pannier-avant-stuffrack-spicy-curry-v4\/#breadcrumb\",\"itemListElement\":[{\"@type\":\"ListItem\",\"position\":1,\"name\":\"Home\",\"item\":\"https:\/\/dumoulin.absoludev.ca\/en\/\"},{\"@type\":\"ListItem\",\"position\":2,\"name\":\"Shop\",\"item\":\"https:\/\/dumoulin.absoludev.ca\/en\/shop\/\"},{\"@type\":\"ListItem\",\"position\":3,\"name\":\"Panier avant Yuba \u00ab\u00a0Stuff Rack\u00a0\u00bb (pour Spicy Curry V4)\"}]},{\"@type\":\"WebSite\",\"@id\":\"https:\/\/dumoulin.absoludev.ca\/#website\",\"url\":\"https:\/\/dumoulin.absoludev.ca\/\",\"name\":\"Dumoulin Bicyclettes\",\"description\":\"\",\"publisher\":{\"@id\":\"https:\/\/dumoulin.absoludev.ca\/#organization\"},\"potentialAction\":[{\"@type\":\"SearchAction\",\"target\":{\"@type\":\"EntryPoint\",\"urlTemplate\":\"https:\/\/dumoulin.absoludev.ca\/?s={search_term_string}\"},\"query-input\":{\"@type\":\"PropertyValueSpecification\",\"valueRequired\":true,\"valueName\":\"search_term_string\"}}],\"inLanguage\":\"en-US\"},{\"@type\":\"Organization\",\"@id\":\"https:\/\/dumoulin.absoludev.ca\/#organization\",\"name\":\"Dumoulin Bicyclettes\",\"url\":\"https:\/\/dumoulin.absoludev.ca\/\",\"logo\":{\"@type\":\"ImageObject\",\"inLanguage\":\"en-US\",\"@id\":\"https:\/\/dumoulin.absoludev.ca\/#\/schema\/logo\/image\/\",\"url\":\"https:\/\/www.dumoulinbicyclettes.com\/wp-content\/uploads\/2021\/04\/Logo.svg\",\"contentUrl\":\"https:\/\/www.dumoulinbicyclettes.com\/wp-content\/uploads\/2021\/04\/Logo.svg\",\"width\":254,\"height\":86,\"caption\":\"Dumoulin Bicyclettes\"},\"image\":{\"@id\":\"https:\/\/dumoulin.absoludev.ca\/#\/schema\/logo\/image\/\"},\"sameAs\":[\"https:\/\/www.facebook.com\/dumoulinbicyclettes\",\"https:\/\/www.instagram.com\/dumoulin.ca\/\",\"https:\/\/www.youtube.com\/user\/dumoulinbicyclettes\"]}]}<\/script>\n<!-- \/ Yoast SEO plugin. -->","yoast_head_json":{"title":"Panier avant Yuba \"Stuff Rack\" (pour Spicy Curry V4) - Dumoulin Bicyclettes","description":"Le panier avant Yuba \"Stuff Rack\" est la version moderne du \"Bread Basket\", con\u00e7u pour les derni\u00e8res g\u00e9n\u00e9rations de v\u00e9los Yuba. Un incontournable !","robots":{"index":"noindex","follow":"follow","max-snippet":"max-snippet:-1","max-image-preview":"max-image-preview:large","max-video-preview":"max-video-preview:-1"},"og_locale":"en_US","og_type":"article","og_title":"Panier avant Yuba \"Stuff Rack\" (pour Spicy Curry V4) - Dumoulin Bicyclettes","og_description":"Le panier avant Yuba \"Stuff Rack\" est la version moderne du \"Bread Basket\", con\u00e7u pour les derni\u00e8res g\u00e9n\u00e9rations de v\u00e9los Yuba. Un incontournable !","og_url":"https:\/\/dumoulin.absoludev.ca\/produit\/yuba-pannier-avant-stuffrack-spicy-curry-v4\/","og_site_name":"Dumoulin Bicyclettes","article_publisher":"https:\/\/www.facebook.com\/dumoulinbicyclettes","article_modified_time":"2025-09-04T18:17:39+00:00","og_image":[{"width":900,"height":900,"url":"https:\/\/dumoulin.absoludev.ca\/wp-content\/uploads\/2025\/03\/Yuba-Pannier-avant-Stuffrack-Spicy-curry-V4-dumoulin-bicyclettes-montreal-2.jpg","type":"image\/jpeg"}],"twitter_card":"summary_large_image","twitter_misc":{"Est. reading time":"1 minute"},"schema":{"@context":"https:\/\/schema.org","@graph":[{"@type":"WebPage","@id":"https:\/\/dumoulin.absoludev.ca\/produit\/yuba-pannier-avant-stuffrack-spicy-curry-v4\/","url":"https:\/\/dumoulin.absoludev.ca\/produit\/yuba-pannier-avant-stuffrack-spicy-curry-v4\/","name":"Panier avant Yuba \"Stuff Rack\" (pour Spicy Curry V4) - Dumoulin Bicyclettes","isPartOf":{"@id":"https:\/\/dumoulin.absoludev.ca\/#website"},"primaryImageOfPage":{"@id":"https:\/\/dumoulin.absoludev.ca\/produit\/yuba-pannier-avant-stuffrack-spicy-curry-v4\/#primaryimage"},"image":{"@id":"https:\/\/dumoulin.absoludev.ca\/produit\/yuba-pannier-avant-stuffrack-spicy-curry-v4\/#primaryimage"},"thumbnailUrl":"https:\/\/dumoulin.absoludev.ca\/wp-content\/uploads\/2025\/03\/Yuba-Pannier-avant-Stuffrack-Spicy-curry-V4-dumoulin-bicyclettes-montreal-2.jpg","datePublished":"2025-03-12T18:11:44+00:00","dateModified":"2025-09-04T18:17:39+00:00","description":"Le panier avant Yuba \"Stuff Rack\" est la version moderne du \"Bread Basket\", con\u00e7u pour les derni\u00e8res g\u00e9n\u00e9rations de v\u00e9los Yuba. Un incontournable !","breadcrumb":{"@id":"https:\/\/dumoulin.absoludev.ca\/produit\/yuba-pannier-avant-stuffrack-spicy-curry-v4\/#breadcrumb"},"inLanguage":"en-US","potentialAction":[{"@type":"ReadAction","target":["https:\/\/dumoulin.absoludev.ca\/produit\/yuba-pannier-avant-stuffrack-spicy-curry-v4\/"]}]},{"@type":"ImageObject","inLanguage":"en-US","@id":"https:\/\/dumoulin.absoludev.ca\/produit\/yuba-pannier-avant-stuffrack-spicy-curry-v4\/#primaryimage","url":"https:\/\/dumoulin.absoludev.ca\/wp-content\/uploads\/2025\/03\/Yuba-Pannier-avant-Stuffrack-Spicy-curry-V4-dumoulin-bicyclettes-montreal-2.jpg","contentUrl":"https:\/\/dumoulin.absoludev.ca\/wp-content\/uploads\/2025\/03\/Yuba-Pannier-avant-Stuffrack-Spicy-curry-V4-dumoulin-bicyclettes-montreal-2.jpg","width":900,"height":900},{"@type":"BreadcrumbList","@id":"https:\/\/dumoulin.absoludev.ca\/produit\/yuba-pannier-avant-stuffrack-spicy-curry-v4\/#breadcrumb","itemListElement":[{"@type":"ListItem","position":1,"name":"Home","item":"https:\/\/dumoulin.absoludev.ca\/en\/"},{"@type":"ListItem","position":2,"name":"Shop","item":"https:\/\/dumoulin.absoludev.ca\/en\/shop\/"},{"@type":"ListItem","position":3,"name":"Panier avant Yuba \u00ab\u00a0Stuff Rack\u00a0\u00bb (pour Spicy Curry V4)"}]},{"@type":"WebSite","@id":"https:\/\/dumoulin.absoludev.ca\/#website","url":"https:\/\/dumoulin.absoludev.ca\/","name":"Dumoulin Bicyclettes","description":"","publisher":{"@id":"https:\/\/dumoulin.absoludev.ca\/#organization"},"potentialAction":[{"@type":"SearchAction","target":{"@type":"EntryPoint","urlTemplate":"https:\/\/dumoulin.absoludev.ca\/?s={search_term_string}"},"query-input":{"@type":"PropertyValueSpecification","valueRequired":true,"valueName":"search_term_string"}}],"inLanguage":"en-US"},{"@type":"Organization","@id":"https:\/\/dumoulin.absoludev.ca\/#organization","name":"Dumoulin Bicyclettes","url":"https:\/\/dumoulin.absoludev.ca\/","logo":{"@type":"ImageObject","inLanguage":"en-US","@id":"https:\/\/dumoulin.absoludev.ca\/#\/schema\/logo\/image\/","url":"https:\/\/www.dumoulinbicyclettes.com\/wp-content\/uploads\/2021\/04\/Logo.svg","contentUrl":"https:\/\/www.dumoulinbicyclettes.com\/wp-content\/uploads\/2021\/04\/Logo.svg","width":254,"height":86,"caption":"Dumoulin Bicyclettes"},"image":{"@id":"https:\/\/dumoulin.absoludev.ca\/#\/schema\/logo\/image\/"},"sameAs":["https:\/\/www.facebook.com\/dumoulinbicyclettes","https:\/\/www.instagram.com\/dumoulin.ca\/","https:\/\/www.youtube.com\/user\/dumoulinbicyclettes"]}]}},"_links":{"self":[{"href":"https:\/\/dumoulin.absoludev.ca\/en\/wp-json\/wp\/v2\/product\/569371","targetHints":{"allow":["GET"]}}],"collection":[{"href":"https:\/\/dumoulin.absoludev.ca\/en\/wp-json\/wp\/v2\/product"}],"about":[{"href":"https:\/\/dumoulin.absoludev.ca\/en\/wp-json\/wp\/v2\/types\/product"}],"wp:featuredmedia":[{"embeddable":true,"href":"https:\/\/dumoulin.absoludev.ca\/en\/wp-json\/wp\/v2\/media\/569372"}],"wp:attachment":[{"href":"https:\/\/dumoulin.absoludev.ca\/en\/wp-json\/wp\/v2\/media?parent=569371"}],"wp:term":[{"taxonomy":"product_brand","embeddable":true,"href":"https:\/\/dumoulin.absoludev.ca\/en\/wp-json\/wp\/v2\/product_brand?post=569371"},{"taxonomy":"product_cat","embeddable":true,"href":"https:\/\/dumoulin.absoludev.ca\/en\/wp-json\/wp\/v2\/product_cat?post=569371"},{"taxonomy":"product_tag","embeddable":true,"href":"https:\/\/dumoulin.absoludev.ca\/en\/wp-json\/wp\/v2\/product_tag?post=569371"},{"taxonomy":"marque-produit","embeddable":true,"href":"https:\/\/dumoulin.absoludev.ca\/en\/wp-json\/wp\/v2\/marque-produit?post=569371"},{"taxonomy":"collection-produit","embeddable":true,"href":"https:\/\/dumoulin.absoludev.ca\/en\/wp-json\/wp\/v2\/collection-produit?post=569371"},{"taxonomy":"type-surface-produit","embeddable":true,"href":"https:\/\/dumoulin.absoludev.ca\/en\/wp-json\/wp\/v2\/type-surface-produit?post=569371"},{"taxonomy":"type-velo-produit","embeddable":true,"href":"https:\/\/dumoulin.absoludev.ca\/en\/wp-json\/wp\/v2\/type-velo-produit?post=569371"},{"taxonomy":"vetement-produit","embeddable":true,"href":"https:\/\/dumoulin.absoludev.ca\/en\/wp-json\/wp\/v2\/vetement-produit?post=569371"},{"taxonomy":"thematique-produit","embeddable":true,"href":"https:\/\/dumoulin.absoludev.ca\/en\/wp-json\/wp\/v2\/thematique-produit?post=569371"},{"taxonomy":"position-sur-le-v\u00e9lo","embeddable":true,"href":"https:\/\/dumoulin.absoludev.ca\/en\/wp-json\/wp\/v2\/position-sur-le-v\u00e9lo?post=569371"}],"curies":[{"name":"wp","href":"https:\/\/api.w.org\/{rel}","templated":true}]}}