{"id":569367,"date":"2025-03-12T14:09:03","date_gmt":"2025-03-12T18:09:03","guid":{"rendered":"http:\/\/www.dumoulinbicyclettes.com\/?post_type=product&#038;p=569367"},"modified":"2025-09-04T14:21:40","modified_gmt":"2025-09-04T18:21:40","slug":"yuba-boda-boda","status":"publish","type":"product","link":"https:\/\/dumoulin.absoludev.ca\/en\/produit\/yuba-boda-boda\/","title":{"rendered":"Yuba Boda Boda"},"content":{"rendered":"<p>Le Yuba Boda Boda est ce qu&#8217;on appelle un \u00abmoyen porteur\u00bb, ou en VO, un \u00abmid-tail\u00bb. <a href=\"https:\/\/www.dumoulinbicyclettes.com\/velo-cargo-long-tail-famille\/\" target=\"_blank\" rel=\"noopener\">Segment de v\u00e9lo particulier<\/a>, il se destine aux parents qui entendent profiter d&#8217;un v\u00e9lo polyvalent, tr\u00e8s capable de transporter du poids et des \u00abgrands enfants\u00bb, sans pour autant compl\u00e8tement abandonner le plaisir de conduite.<\/p>\n","protected":false},"excerpt":{"rendered":"<p>Le Yuba Boda Boda est ce qu&#8217;on appelle un \u00abmoyen porteur\u00bb, ou en VO, un \u00abmid-tail\u00bb. Segment de v\u00e9lo particulier, il se destine aux parents qui entendent profiter d&#8217;un v\u00e9lo polyvalent, tr\u00e8s capable de transporter du poids et des \u00abgrands enfants\u00bb, sans pour autant compl\u00e8tement abandonner le plaisir de conduite.<\/p>\n","protected":false},"featured_media":596779,"template":"","meta":{"_acf_changed":false},"product_brand":[],"product_cat":[1566,169,163],"product_tag":[2283,2179],"marque-produit":[1201],"collection-produit":[],"type-surface-produit":[],"type-velo-produit":[],"vetement-produit":[],"thematique-produit":[],"position-sur-le-v\u00e9lo":[],"class_list":{"0":"post-569367","1":"product","2":"type-product","3":"status-publish","4":"has-post-thumbnail","6":"product_cat-cargo","7":"product_cat-transport-denfant","8":"product_cat-velos-cargo","9":"product_tag-boda-boda","10":"product_tag-yuba","11":"marque-produit-yuba","13":"first","14":"outofstock","15":"taxable","16":"shipping-taxable","17":"purchasable","18":"product-type-variable"},"acf":[],"yoast_head":"<!-- This site is optimized with the Yoast SEO plugin v24.3 - https:\/\/yoast.com\/wordpress\/plugins\/seo\/ -->\n<title>Yuba Boda Boda - Dumoulin Bicyclettes Mid Tail - Long Tail Yuba - Montr\u00e9al -Qu\u00e9bec<\/title>\n<meta name=\"description\" content=\"Le Yuba Boda Boda est un moyen porteur. Contemporain, bien \u00e9quip\u00e9, il est agr\u00e9able \u00e0 rouler et se destine \u00e0 des parents qui ont des plus grands enfants. \u00c0 essayer !\" \/>\n<meta name=\"robots\" content=\"noindex, follow, max-snippet:-1, max-image-preview:large, max-video-preview:-1\" \/>\n<meta property=\"og:locale\" content=\"en_US\" \/>\n<meta property=\"og:type\" content=\"article\" \/>\n<meta property=\"og:title\" content=\"Yuba Boda Boda - Dumoulin Bicyclettes Mid Tail - Long Tail Yuba - Montr\u00e9al -Qu\u00e9bec\" \/>\n<meta property=\"og:description\" content=\"Le Yuba Boda Boda est un moyen porteur. Contemporain, bien \u00e9quip\u00e9, il est agr\u00e9able \u00e0 rouler et se destine \u00e0 des parents qui ont des plus grands enfants. \u00c0 essayer !\" \/>\n<meta property=\"og:url\" content=\"https:\/\/dumoulin.absoludev.ca\/en\/produit\/yuba-boda-boda\/\" \/>\n<meta property=\"og:site_name\" content=\"Dumoulin Bicyclettes\" \/>\n<meta property=\"article:publisher\" content=\"https:\/\/www.facebook.com\/dumoulinbicyclettes\" \/>\n<meta property=\"article:modified_time\" content=\"2025-09-04T18:21:40+00:00\" \/>\n<meta property=\"og:image\" content=\"https:\/\/dumoulin.absoludev.ca\/wp-content\/uploads\/2025\/03\/velo-cargo-long-tail-yuba-boda-boda-montreal-dumoulin-bicyclettes-quebec-yubabikes-lifestyle-bodaboda-1.jpeg\" \/>\n\t<meta property=\"og:image:width\" content=\"893\" \/>\n\t<meta property=\"og:image:height\" content=\"631\" \/>\n\t<meta property=\"og:image:type\" content=\"image\/jpeg\" \/>\n<meta name=\"twitter:card\" content=\"summary_large_image\" \/>\n<meta name=\"twitter:label1\" content=\"Est. reading time\" \/>\n\t<meta name=\"twitter:data1\" content=\"1 minute\" \/>\n<script type=\"application\/ld+json\" class=\"yoast-schema-graph\">{\"@context\":\"https:\/\/schema.org\",\"@graph\":[{\"@type\":\"WebPage\",\"@id\":\"https:\/\/dumoulin.absoludev.ca\/en\/produit\/yuba-boda-boda\/\",\"url\":\"https:\/\/dumoulin.absoludev.ca\/en\/produit\/yuba-boda-boda\/\",\"name\":\"Yuba Boda Boda - Dumoulin Bicyclettes Mid Tail - Long Tail Yuba - Montr\u00e9al -Qu\u00e9bec\",\"isPartOf\":{\"@id\":\"https:\/\/dumoulin.absoludev.ca\/#website\"},\"primaryImageOfPage\":{\"@id\":\"https:\/\/dumoulin.absoludev.ca\/en\/produit\/yuba-boda-boda\/#primaryimage\"},\"image\":{\"@id\":\"https:\/\/dumoulin.absoludev.ca\/en\/produit\/yuba-boda-boda\/#primaryimage\"},\"thumbnailUrl\":\"https:\/\/dumoulin.absoludev.ca\/wp-content\/uploads\/2025\/03\/velo-cargo-long-tail-yuba-boda-boda-montreal-dumoulin-bicyclettes-quebec-yubabikes-lifestyle-bodaboda-1.jpeg\",\"datePublished\":\"2025-03-12T18:09:03+00:00\",\"dateModified\":\"2025-09-04T18:21:40+00:00\",\"description\":\"Le Yuba Boda Boda est un moyen porteur. Contemporain, bien \u00e9quip\u00e9, il est agr\u00e9able \u00e0 rouler et se destine \u00e0 des parents qui ont des plus grands enfants. \u00c0 essayer !\",\"breadcrumb\":{\"@id\":\"https:\/\/dumoulin.absoludev.ca\/en\/produit\/yuba-boda-boda\/#breadcrumb\"},\"inLanguage\":\"en-US\",\"potentialAction\":[{\"@type\":\"ReadAction\",\"target\":[\"https:\/\/dumoulin.absoludev.ca\/en\/produit\/yuba-boda-boda\/\"]}]},{\"@type\":\"ImageObject\",\"inLanguage\":\"en-US\",\"@id\":\"https:\/\/dumoulin.absoludev.ca\/en\/produit\/yuba-boda-boda\/#primaryimage\",\"url\":\"https:\/\/dumoulin.absoludev.ca\/wp-content\/uploads\/2025\/03\/velo-cargo-long-tail-yuba-boda-boda-montreal-dumoulin-bicyclettes-quebec-yubabikes-lifestyle-bodaboda-1.jpeg\",\"contentUrl\":\"https:\/\/dumoulin.absoludev.ca\/wp-content\/uploads\/2025\/03\/velo-cargo-long-tail-yuba-boda-boda-montreal-dumoulin-bicyclettes-quebec-yubabikes-lifestyle-bodaboda-1.jpeg\",\"width\":893,\"height\":631,\"caption\":\"Velo-cargo-long-tail-yuba-boda-boda-montreal-dumoulin-bicyclettes-quebec-YubaBikes_Lifestyle_BodaBoda-1\"},{\"@type\":\"BreadcrumbList\",\"@id\":\"https:\/\/dumoulin.absoludev.ca\/en\/produit\/yuba-boda-boda\/#breadcrumb\",\"itemListElement\":[{\"@type\":\"ListItem\",\"position\":1,\"name\":\"Home\",\"item\":\"https:\/\/dumoulin.absoludev.ca\/en\/\"},{\"@type\":\"ListItem\",\"position\":2,\"name\":\"Shop\",\"item\":\"https:\/\/dumoulin.absoludev.ca\/en\/shop\/\"},{\"@type\":\"ListItem\",\"position\":3,\"name\":\"Yuba Boda Boda\"}]},{\"@type\":\"WebSite\",\"@id\":\"https:\/\/dumoulin.absoludev.ca\/#website\",\"url\":\"https:\/\/dumoulin.absoludev.ca\/\",\"name\":\"Dumoulin Bicyclettes\",\"description\":\"\",\"publisher\":{\"@id\":\"https:\/\/dumoulin.absoludev.ca\/#organization\"},\"potentialAction\":[{\"@type\":\"SearchAction\",\"target\":{\"@type\":\"EntryPoint\",\"urlTemplate\":\"https:\/\/dumoulin.absoludev.ca\/?s={search_term_string}\"},\"query-input\":{\"@type\":\"PropertyValueSpecification\",\"valueRequired\":true,\"valueName\":\"search_term_string\"}}],\"inLanguage\":\"en-US\"},{\"@type\":\"Organization\",\"@id\":\"https:\/\/dumoulin.absoludev.ca\/#organization\",\"name\":\"Dumoulin Bicyclettes\",\"url\":\"https:\/\/dumoulin.absoludev.ca\/\",\"logo\":{\"@type\":\"ImageObject\",\"inLanguage\":\"en-US\",\"@id\":\"https:\/\/dumoulin.absoludev.ca\/#\/schema\/logo\/image\/\",\"url\":\"https:\/\/www.dumoulinbicyclettes.com\/wp-content\/uploads\/2021\/04\/Logo.svg\",\"contentUrl\":\"https:\/\/www.dumoulinbicyclettes.com\/wp-content\/uploads\/2021\/04\/Logo.svg\",\"width\":254,\"height\":86,\"caption\":\"Dumoulin Bicyclettes\"},\"image\":{\"@id\":\"https:\/\/dumoulin.absoludev.ca\/#\/schema\/logo\/image\/\"},\"sameAs\":[\"https:\/\/www.facebook.com\/dumoulinbicyclettes\",\"https:\/\/www.instagram.com\/dumoulin.ca\/\",\"https:\/\/www.youtube.com\/user\/dumoulinbicyclettes\"]}]}<\/script>\n<!-- \/ Yoast SEO plugin. -->","yoast_head_json":{"title":"Yuba Boda Boda - Dumoulin Bicyclettes Mid Tail - Long Tail Yuba - Montr\u00e9al -Qu\u00e9bec","description":"Le Yuba Boda Boda est un moyen porteur. Contemporain, bien \u00e9quip\u00e9, il est agr\u00e9able \u00e0 rouler et se destine \u00e0 des parents qui ont des plus grands enfants. \u00c0 essayer !","robots":{"index":"noindex","follow":"follow","max-snippet":"max-snippet:-1","max-image-preview":"max-image-preview:large","max-video-preview":"max-video-preview:-1"},"og_locale":"en_US","og_type":"article","og_title":"Yuba Boda Boda - Dumoulin Bicyclettes Mid Tail - Long Tail Yuba - Montr\u00e9al -Qu\u00e9bec","og_description":"Le Yuba Boda Boda est un moyen porteur. Contemporain, bien \u00e9quip\u00e9, il est agr\u00e9able \u00e0 rouler et se destine \u00e0 des parents qui ont des plus grands enfants. \u00c0 essayer !","og_url":"https:\/\/dumoulin.absoludev.ca\/en\/produit\/yuba-boda-boda\/","og_site_name":"Dumoulin Bicyclettes","article_publisher":"https:\/\/www.facebook.com\/dumoulinbicyclettes","article_modified_time":"2025-09-04T18:21:40+00:00","og_image":[{"width":893,"height":631,"url":"https:\/\/dumoulin.absoludev.ca\/wp-content\/uploads\/2025\/03\/velo-cargo-long-tail-yuba-boda-boda-montreal-dumoulin-bicyclettes-quebec-yubabikes-lifestyle-bodaboda-1.jpeg","type":"image\/jpeg"}],"twitter_card":"summary_large_image","twitter_misc":{"Est. reading time":"1 minute"},"schema":{"@context":"https:\/\/schema.org","@graph":[{"@type":"WebPage","@id":"https:\/\/dumoulin.absoludev.ca\/en\/produit\/yuba-boda-boda\/","url":"https:\/\/dumoulin.absoludev.ca\/en\/produit\/yuba-boda-boda\/","name":"Yuba Boda Boda - Dumoulin Bicyclettes Mid Tail - Long Tail Yuba - Montr\u00e9al -Qu\u00e9bec","isPartOf":{"@id":"https:\/\/dumoulin.absoludev.ca\/#website"},"primaryImageOfPage":{"@id":"https:\/\/dumoulin.absoludev.ca\/en\/produit\/yuba-boda-boda\/#primaryimage"},"image":{"@id":"https:\/\/dumoulin.absoludev.ca\/en\/produit\/yuba-boda-boda\/#primaryimage"},"thumbnailUrl":"https:\/\/dumoulin.absoludev.ca\/wp-content\/uploads\/2025\/03\/velo-cargo-long-tail-yuba-boda-boda-montreal-dumoulin-bicyclettes-quebec-yubabikes-lifestyle-bodaboda-1.jpeg","datePublished":"2025-03-12T18:09:03+00:00","dateModified":"2025-09-04T18:21:40+00:00","description":"Le Yuba Boda Boda est un moyen porteur. Contemporain, bien \u00e9quip\u00e9, il est agr\u00e9able \u00e0 rouler et se destine \u00e0 des parents qui ont des plus grands enfants. \u00c0 essayer !","breadcrumb":{"@id":"https:\/\/dumoulin.absoludev.ca\/en\/produit\/yuba-boda-boda\/#breadcrumb"},"inLanguage":"en-US","potentialAction":[{"@type":"ReadAction","target":["https:\/\/dumoulin.absoludev.ca\/en\/produit\/yuba-boda-boda\/"]}]},{"@type":"ImageObject","inLanguage":"en-US","@id":"https:\/\/dumoulin.absoludev.ca\/en\/produit\/yuba-boda-boda\/#primaryimage","url":"https:\/\/dumoulin.absoludev.ca\/wp-content\/uploads\/2025\/03\/velo-cargo-long-tail-yuba-boda-boda-montreal-dumoulin-bicyclettes-quebec-yubabikes-lifestyle-bodaboda-1.jpeg","contentUrl":"https:\/\/dumoulin.absoludev.ca\/wp-content\/uploads\/2025\/03\/velo-cargo-long-tail-yuba-boda-boda-montreal-dumoulin-bicyclettes-quebec-yubabikes-lifestyle-bodaboda-1.jpeg","width":893,"height":631,"caption":"Velo-cargo-long-tail-yuba-boda-boda-montreal-dumoulin-bicyclettes-quebec-YubaBikes_Lifestyle_BodaBoda-1"},{"@type":"BreadcrumbList","@id":"https:\/\/dumoulin.absoludev.ca\/en\/produit\/yuba-boda-boda\/#breadcrumb","itemListElement":[{"@type":"ListItem","position":1,"name":"Home","item":"https:\/\/dumoulin.absoludev.ca\/en\/"},{"@type":"ListItem","position":2,"name":"Shop","item":"https:\/\/dumoulin.absoludev.ca\/en\/shop\/"},{"@type":"ListItem","position":3,"name":"Yuba Boda Boda"}]},{"@type":"WebSite","@id":"https:\/\/dumoulin.absoludev.ca\/#website","url":"https:\/\/dumoulin.absoludev.ca\/","name":"Dumoulin Bicyclettes","description":"","publisher":{"@id":"https:\/\/dumoulin.absoludev.ca\/#organization"},"potentialAction":[{"@type":"SearchAction","target":{"@type":"EntryPoint","urlTemplate":"https:\/\/dumoulin.absoludev.ca\/?s={search_term_string}"},"query-input":{"@type":"PropertyValueSpecification","valueRequired":true,"valueName":"search_term_string"}}],"inLanguage":"en-US"},{"@type":"Organization","@id":"https:\/\/dumoulin.absoludev.ca\/#organization","name":"Dumoulin Bicyclettes","url":"https:\/\/dumoulin.absoludev.ca\/","logo":{"@type":"ImageObject","inLanguage":"en-US","@id":"https:\/\/dumoulin.absoludev.ca\/#\/schema\/logo\/image\/","url":"https:\/\/www.dumoulinbicyclettes.com\/wp-content\/uploads\/2021\/04\/Logo.svg","contentUrl":"https:\/\/www.dumoulinbicyclettes.com\/wp-content\/uploads\/2021\/04\/Logo.svg","width":254,"height":86,"caption":"Dumoulin Bicyclettes"},"image":{"@id":"https:\/\/dumoulin.absoludev.ca\/#\/schema\/logo\/image\/"},"sameAs":["https:\/\/www.facebook.com\/dumoulinbicyclettes","https:\/\/www.instagram.com\/dumoulin.ca\/","https:\/\/www.youtube.com\/user\/dumoulinbicyclettes"]}]}},"_links":{"self":[{"href":"https:\/\/dumoulin.absoludev.ca\/en\/wp-json\/wp\/v2\/product\/569367","targetHints":{"allow":["GET"]}}],"collection":[{"href":"https:\/\/dumoulin.absoludev.ca\/en\/wp-json\/wp\/v2\/product"}],"about":[{"href":"https:\/\/dumoulin.absoludev.ca\/en\/wp-json\/wp\/v2\/types\/product"}],"wp:featuredmedia":[{"embeddable":true,"href":"https:\/\/dumoulin.absoludev.ca\/en\/wp-json\/wp\/v2\/media\/596779"}],"wp:attachment":[{"href":"https:\/\/dumoulin.absoludev.ca\/en\/wp-json\/wp\/v2\/media?parent=569367"}],"wp:term":[{"taxonomy":"product_brand","embeddable":true,"href":"https:\/\/dumoulin.absoludev.ca\/en\/wp-json\/wp\/v2\/product_brand?post=569367"},{"taxonomy":"product_cat","embeddable":true,"href":"https:\/\/dumoulin.absoludev.ca\/en\/wp-json\/wp\/v2\/product_cat?post=569367"},{"taxonomy":"product_tag","embeddable":true,"href":"https:\/\/dumoulin.absoludev.ca\/en\/wp-json\/wp\/v2\/product_tag?post=569367"},{"taxonomy":"marque-produit","embeddable":true,"href":"https:\/\/dumoulin.absoludev.ca\/en\/wp-json\/wp\/v2\/marque-produit?post=569367"},{"taxonomy":"collection-produit","embeddable":true,"href":"https:\/\/dumoulin.absoludev.ca\/en\/wp-json\/wp\/v2\/collection-produit?post=569367"},{"taxonomy":"type-surface-produit","embeddable":true,"href":"https:\/\/dumoulin.absoludev.ca\/en\/wp-json\/wp\/v2\/type-surface-produit?post=569367"},{"taxonomy":"type-velo-produit","embeddable":true,"href":"https:\/\/dumoulin.absoludev.ca\/en\/wp-json\/wp\/v2\/type-velo-produit?post=569367"},{"taxonomy":"vetement-produit","embeddable":true,"href":"https:\/\/dumoulin.absoludev.ca\/en\/wp-json\/wp\/v2\/vetement-produit?post=569367"},{"taxonomy":"thematique-produit","embeddable":true,"href":"https:\/\/dumoulin.absoludev.ca\/en\/wp-json\/wp\/v2\/thematique-produit?post=569367"},{"taxonomy":"position-sur-le-v\u00e9lo","embeddable":true,"href":"https:\/\/dumoulin.absoludev.ca\/en\/wp-json\/wp\/v2\/position-sur-le-v\u00e9lo?post=569367"}],"curies":[{"name":"wp","href":"https:\/\/api.w.org\/{rel}","templated":true}]}}