{"id":560729,"date":"2025-02-27T15:11:32","date_gmt":"2025-02-27T20:11:32","guid":{"rendered":"http:\/\/www.dumoulinbicyclettes.com\/?post_type=product&#038;p=560729"},"modified":"2025-09-04T14:17:39","modified_gmt":"2025-09-04T18:17:39","slug":"bosch-kiox-500-bosch-e-bike-system-montreal-quebec","status":"publish","type":"product","link":"https:\/\/dumoulin.absoludev.ca\/en\/produit\/bosch-kiox-500-bosch-e-bike-system-montreal-quebec\/","title":{"rendered":"\u00c9cran Bosch Kiox 500"},"content":{"rendered":"<p>Navigation, donn\u00e9es d&#8217;activit\u00e9, \u00abserrure\u00bb de votre v\u00e9lo et bien entendu, contr\u00f4leur de votre assistance : l&#8217;\u00e9cran Kiox 500 est le plus d\u00e9velopp\u00e9 de la gamme \u00abSmart System\u00bb de Bosch.<\/p>\n<p>L&#8217;\u00e9cran Kiox 500 est tout simplement beaucoup plus grand que le plus petit 300. Pour celles et ceux qui veulent une visibilit\u00e9 accrue, et ce n&#8217;est pas un petit avantage, le 500 est une tr\u00e8s belle option.<\/p>\n","protected":false},"excerpt":{"rendered":"<p>Navigation, donn\u00e9es d&#8217;activit\u00e9, \u00abserrure\u00bb de votre v\u00e9lo et bien entendu, contr\u00f4leur de votre assistance : l&#8217;\u00e9cran Kiox 500 est le plus d\u00e9velopp\u00e9 de la gamme \u00abSmart System\u00bb de Bosch. L&#8217;\u00e9cran Kiox 500 est tout simplement beaucoup plus grand que le plus petit 300. Pour celles et ceux qui veulent une visibilit\u00e9 accrue, et ce n&#8217;est [&hellip;]<\/p>\n","protected":false},"featured_media":560730,"template":"","meta":{"_acf_changed":false},"product_brand":[],"product_cat":[2619,216],"product_tag":[2655,3428],"marque-produit":[2654],"collection-produit":[],"type-surface-produit":[],"type-velo-produit":[],"vetement-produit":[],"thematique-produit":[],"position-sur-le-v\u00e9lo":[],"class_list":{"0":"post-560729","1":"product","2":"type-product","3":"status-publish","4":"has-post-thumbnail","6":"product_cat-batteries-de-velos-electriques","7":"product_cat-composantes-et-outils","8":"product_tag-bosch","9":"product_tag-kiox","10":"marque-produit-bosch","12":"first","13":"outofstock","14":"taxable","15":"shipping-taxable","16":"purchasable","17":"product-type-simple"},"acf":[],"yoast_head":"<!-- This site is optimized with the Yoast SEO plugin v24.3 - https:\/\/yoast.com\/wordpress\/plugins\/seo\/ -->\n<title>\u00c9cran Bosch Kiox 500 - Dumoulin Bicyclettes<\/title>\n<meta name=\"description\" content=\"L&#039;\u00e9cran Bosch Kiox 500 affiche vos donn\u00e9es d&#039;activit\u00e9s, l&#039;autonomie restante, votre navigation et peut permettre de verrouiller votre v\u00e9lo \u00e9lectrique.\" \/>\n<meta name=\"robots\" content=\"noindex, follow, max-snippet:-1, max-image-preview:large, max-video-preview:-1\" \/>\n<meta property=\"og:locale\" content=\"en_US\" \/>\n<meta property=\"og:type\" content=\"article\" \/>\n<meta property=\"og:title\" content=\"\u00c9cran Bosch Kiox 500 - Dumoulin Bicyclettes\" \/>\n<meta property=\"og:description\" content=\"L&#039;\u00e9cran Bosch Kiox 500 affiche vos donn\u00e9es d&#039;activit\u00e9s, l&#039;autonomie restante, votre navigation et peut permettre de verrouiller votre v\u00e9lo \u00e9lectrique.\" \/>\n<meta property=\"og:url\" content=\"https:\/\/dumoulin.absoludev.ca\/produit\/bosch-kiox-500-bosch-e-bike-system-montreal-quebec\/\" \/>\n<meta property=\"og:site_name\" content=\"Dumoulin Bicyclettes\" \/>\n<meta property=\"article:publisher\" content=\"https:\/\/www.facebook.com\/dumoulinbicyclettes\" \/>\n<meta property=\"article:modified_time\" content=\"2025-09-04T18:17:39+00:00\" \/>\n<meta property=\"og:image\" content=\"https:\/\/dumoulin.absoludev.ca\/wp-content\/uploads\/2025\/02\/ordinateur-de-bord_Bosch_kiox_500_velo-electrique-bosch_smart-system_ecran.jpg\" \/>\n\t<meta property=\"og:image:width\" content=\"1395\" \/>\n\t<meta property=\"og:image:height\" content=\"2000\" \/>\n\t<meta property=\"og:image:type\" content=\"image\/jpeg\" \/>\n<meta name=\"twitter:card\" content=\"summary_large_image\" \/>\n<meta name=\"twitter:label1\" content=\"Est. reading time\" \/>\n\t<meta name=\"twitter:data1\" content=\"1 minute\" \/>\n<script type=\"application\/ld+json\" class=\"yoast-schema-graph\">{\"@context\":\"https:\/\/schema.org\",\"@graph\":[{\"@type\":\"WebPage\",\"@id\":\"https:\/\/dumoulin.absoludev.ca\/produit\/bosch-kiox-500-bosch-e-bike-system-montreal-quebec\/\",\"url\":\"https:\/\/dumoulin.absoludev.ca\/produit\/bosch-kiox-500-bosch-e-bike-system-montreal-quebec\/\",\"name\":\"\u00c9cran Bosch Kiox 500 - Dumoulin Bicyclettes\",\"isPartOf\":{\"@id\":\"https:\/\/dumoulin.absoludev.ca\/#website\"},\"primaryImageOfPage\":{\"@id\":\"https:\/\/dumoulin.absoludev.ca\/produit\/bosch-kiox-500-bosch-e-bike-system-montreal-quebec\/#primaryimage\"},\"image\":{\"@id\":\"https:\/\/dumoulin.absoludev.ca\/produit\/bosch-kiox-500-bosch-e-bike-system-montreal-quebec\/#primaryimage\"},\"thumbnailUrl\":\"https:\/\/dumoulin.absoludev.ca\/wp-content\/uploads\/2025\/02\/ordinateur-de-bord_Bosch_kiox_500_velo-electrique-bosch_smart-system_ecran.jpg\",\"datePublished\":\"2025-02-27T20:11:32+00:00\",\"dateModified\":\"2025-09-04T18:17:39+00:00\",\"description\":\"L'\u00e9cran Bosch Kiox 500 affiche vos donn\u00e9es d'activit\u00e9s, l'autonomie restante, votre navigation et peut permettre de verrouiller votre v\u00e9lo \u00e9lectrique.\",\"breadcrumb\":{\"@id\":\"https:\/\/dumoulin.absoludev.ca\/produit\/bosch-kiox-500-bosch-e-bike-system-montreal-quebec\/#breadcrumb\"},\"inLanguage\":\"en-US\",\"potentialAction\":[{\"@type\":\"ReadAction\",\"target\":[\"https:\/\/dumoulin.absoludev.ca\/produit\/bosch-kiox-500-bosch-e-bike-system-montreal-quebec\/\"]}]},{\"@type\":\"ImageObject\",\"inLanguage\":\"en-US\",\"@id\":\"https:\/\/dumoulin.absoludev.ca\/produit\/bosch-kiox-500-bosch-e-bike-system-montreal-quebec\/#primaryimage\",\"url\":\"https:\/\/dumoulin.absoludev.ca\/wp-content\/uploads\/2025\/02\/ordinateur-de-bord_Bosch_kiox_500_velo-electrique-bosch_smart-system_ecran.jpg\",\"contentUrl\":\"https:\/\/dumoulin.absoludev.ca\/wp-content\/uploads\/2025\/02\/ordinateur-de-bord_Bosch_kiox_500_velo-electrique-bosch_smart-system_ecran.jpg\",\"width\":1395,\"height\":2000},{\"@type\":\"BreadcrumbList\",\"@id\":\"https:\/\/dumoulin.absoludev.ca\/produit\/bosch-kiox-500-bosch-e-bike-system-montreal-quebec\/#breadcrumb\",\"itemListElement\":[{\"@type\":\"ListItem\",\"position\":1,\"name\":\"Home\",\"item\":\"https:\/\/dumoulin.absoludev.ca\/en\/\"},{\"@type\":\"ListItem\",\"position\":2,\"name\":\"Shop\",\"item\":\"https:\/\/dumoulin.absoludev.ca\/en\/shop\/\"},{\"@type\":\"ListItem\",\"position\":3,\"name\":\"\u00c9cran Bosch Kiox 500\"}]},{\"@type\":\"WebSite\",\"@id\":\"https:\/\/dumoulin.absoludev.ca\/#website\",\"url\":\"https:\/\/dumoulin.absoludev.ca\/\",\"name\":\"Dumoulin Bicyclettes\",\"description\":\"\",\"publisher\":{\"@id\":\"https:\/\/dumoulin.absoludev.ca\/#organization\"},\"potentialAction\":[{\"@type\":\"SearchAction\",\"target\":{\"@type\":\"EntryPoint\",\"urlTemplate\":\"https:\/\/dumoulin.absoludev.ca\/?s={search_term_string}\"},\"query-input\":{\"@type\":\"PropertyValueSpecification\",\"valueRequired\":true,\"valueName\":\"search_term_string\"}}],\"inLanguage\":\"en-US\"},{\"@type\":\"Organization\",\"@id\":\"https:\/\/dumoulin.absoludev.ca\/#organization\",\"name\":\"Dumoulin Bicyclettes\",\"url\":\"https:\/\/dumoulin.absoludev.ca\/\",\"logo\":{\"@type\":\"ImageObject\",\"inLanguage\":\"en-US\",\"@id\":\"https:\/\/dumoulin.absoludev.ca\/#\/schema\/logo\/image\/\",\"url\":\"https:\/\/www.dumoulinbicyclettes.com\/wp-content\/uploads\/2021\/04\/Logo.svg\",\"contentUrl\":\"https:\/\/www.dumoulinbicyclettes.com\/wp-content\/uploads\/2021\/04\/Logo.svg\",\"width\":254,\"height\":86,\"caption\":\"Dumoulin Bicyclettes\"},\"image\":{\"@id\":\"https:\/\/dumoulin.absoludev.ca\/#\/schema\/logo\/image\/\"},\"sameAs\":[\"https:\/\/www.facebook.com\/dumoulinbicyclettes\",\"https:\/\/www.instagram.com\/dumoulin.ca\/\",\"https:\/\/www.youtube.com\/user\/dumoulinbicyclettes\"]}]}<\/script>\n<!-- \/ Yoast SEO plugin. -->","yoast_head_json":{"title":"\u00c9cran Bosch Kiox 500 - Dumoulin Bicyclettes","description":"L'\u00e9cran Bosch Kiox 500 affiche vos donn\u00e9es d'activit\u00e9s, l'autonomie restante, votre navigation et peut permettre de verrouiller votre v\u00e9lo \u00e9lectrique.","robots":{"index":"noindex","follow":"follow","max-snippet":"max-snippet:-1","max-image-preview":"max-image-preview:large","max-video-preview":"max-video-preview:-1"},"og_locale":"en_US","og_type":"article","og_title":"\u00c9cran Bosch Kiox 500 - Dumoulin Bicyclettes","og_description":"L'\u00e9cran Bosch Kiox 500 affiche vos donn\u00e9es d'activit\u00e9s, l'autonomie restante, votre navigation et peut permettre de verrouiller votre v\u00e9lo \u00e9lectrique.","og_url":"https:\/\/dumoulin.absoludev.ca\/produit\/bosch-kiox-500-bosch-e-bike-system-montreal-quebec\/","og_site_name":"Dumoulin Bicyclettes","article_publisher":"https:\/\/www.facebook.com\/dumoulinbicyclettes","article_modified_time":"2025-09-04T18:17:39+00:00","og_image":[{"width":1395,"height":2000,"url":"https:\/\/dumoulin.absoludev.ca\/wp-content\/uploads\/2025\/02\/ordinateur-de-bord_Bosch_kiox_500_velo-electrique-bosch_smart-system_ecran.jpg","type":"image\/jpeg"}],"twitter_card":"summary_large_image","twitter_misc":{"Est. reading time":"1 minute"},"schema":{"@context":"https:\/\/schema.org","@graph":[{"@type":"WebPage","@id":"https:\/\/dumoulin.absoludev.ca\/produit\/bosch-kiox-500-bosch-e-bike-system-montreal-quebec\/","url":"https:\/\/dumoulin.absoludev.ca\/produit\/bosch-kiox-500-bosch-e-bike-system-montreal-quebec\/","name":"\u00c9cran Bosch Kiox 500 - Dumoulin Bicyclettes","isPartOf":{"@id":"https:\/\/dumoulin.absoludev.ca\/#website"},"primaryImageOfPage":{"@id":"https:\/\/dumoulin.absoludev.ca\/produit\/bosch-kiox-500-bosch-e-bike-system-montreal-quebec\/#primaryimage"},"image":{"@id":"https:\/\/dumoulin.absoludev.ca\/produit\/bosch-kiox-500-bosch-e-bike-system-montreal-quebec\/#primaryimage"},"thumbnailUrl":"https:\/\/dumoulin.absoludev.ca\/wp-content\/uploads\/2025\/02\/ordinateur-de-bord_Bosch_kiox_500_velo-electrique-bosch_smart-system_ecran.jpg","datePublished":"2025-02-27T20:11:32+00:00","dateModified":"2025-09-04T18:17:39+00:00","description":"L'\u00e9cran Bosch Kiox 500 affiche vos donn\u00e9es d'activit\u00e9s, l'autonomie restante, votre navigation et peut permettre de verrouiller votre v\u00e9lo \u00e9lectrique.","breadcrumb":{"@id":"https:\/\/dumoulin.absoludev.ca\/produit\/bosch-kiox-500-bosch-e-bike-system-montreal-quebec\/#breadcrumb"},"inLanguage":"en-US","potentialAction":[{"@type":"ReadAction","target":["https:\/\/dumoulin.absoludev.ca\/produit\/bosch-kiox-500-bosch-e-bike-system-montreal-quebec\/"]}]},{"@type":"ImageObject","inLanguage":"en-US","@id":"https:\/\/dumoulin.absoludev.ca\/produit\/bosch-kiox-500-bosch-e-bike-system-montreal-quebec\/#primaryimage","url":"https:\/\/dumoulin.absoludev.ca\/wp-content\/uploads\/2025\/02\/ordinateur-de-bord_Bosch_kiox_500_velo-electrique-bosch_smart-system_ecran.jpg","contentUrl":"https:\/\/dumoulin.absoludev.ca\/wp-content\/uploads\/2025\/02\/ordinateur-de-bord_Bosch_kiox_500_velo-electrique-bosch_smart-system_ecran.jpg","width":1395,"height":2000},{"@type":"BreadcrumbList","@id":"https:\/\/dumoulin.absoludev.ca\/produit\/bosch-kiox-500-bosch-e-bike-system-montreal-quebec\/#breadcrumb","itemListElement":[{"@type":"ListItem","position":1,"name":"Home","item":"https:\/\/dumoulin.absoludev.ca\/en\/"},{"@type":"ListItem","position":2,"name":"Shop","item":"https:\/\/dumoulin.absoludev.ca\/en\/shop\/"},{"@type":"ListItem","position":3,"name":"\u00c9cran Bosch Kiox 500"}]},{"@type":"WebSite","@id":"https:\/\/dumoulin.absoludev.ca\/#website","url":"https:\/\/dumoulin.absoludev.ca\/","name":"Dumoulin Bicyclettes","description":"","publisher":{"@id":"https:\/\/dumoulin.absoludev.ca\/#organization"},"potentialAction":[{"@type":"SearchAction","target":{"@type":"EntryPoint","urlTemplate":"https:\/\/dumoulin.absoludev.ca\/?s={search_term_string}"},"query-input":{"@type":"PropertyValueSpecification","valueRequired":true,"valueName":"search_term_string"}}],"inLanguage":"en-US"},{"@type":"Organization","@id":"https:\/\/dumoulin.absoludev.ca\/#organization","name":"Dumoulin Bicyclettes","url":"https:\/\/dumoulin.absoludev.ca\/","logo":{"@type":"ImageObject","inLanguage":"en-US","@id":"https:\/\/dumoulin.absoludev.ca\/#\/schema\/logo\/image\/","url":"https:\/\/www.dumoulinbicyclettes.com\/wp-content\/uploads\/2021\/04\/Logo.svg","contentUrl":"https:\/\/www.dumoulinbicyclettes.com\/wp-content\/uploads\/2021\/04\/Logo.svg","width":254,"height":86,"caption":"Dumoulin Bicyclettes"},"image":{"@id":"https:\/\/dumoulin.absoludev.ca\/#\/schema\/logo\/image\/"},"sameAs":["https:\/\/www.facebook.com\/dumoulinbicyclettes","https:\/\/www.instagram.com\/dumoulin.ca\/","https:\/\/www.youtube.com\/user\/dumoulinbicyclettes"]}]}},"_links":{"self":[{"href":"https:\/\/dumoulin.absoludev.ca\/en\/wp-json\/wp\/v2\/product\/560729","targetHints":{"allow":["GET"]}}],"collection":[{"href":"https:\/\/dumoulin.absoludev.ca\/en\/wp-json\/wp\/v2\/product"}],"about":[{"href":"https:\/\/dumoulin.absoludev.ca\/en\/wp-json\/wp\/v2\/types\/product"}],"wp:featuredmedia":[{"embeddable":true,"href":"https:\/\/dumoulin.absoludev.ca\/en\/wp-json\/wp\/v2\/media\/560730"}],"wp:attachment":[{"href":"https:\/\/dumoulin.absoludev.ca\/en\/wp-json\/wp\/v2\/media?parent=560729"}],"wp:term":[{"taxonomy":"product_brand","embeddable":true,"href":"https:\/\/dumoulin.absoludev.ca\/en\/wp-json\/wp\/v2\/product_brand?post=560729"},{"taxonomy":"product_cat","embeddable":true,"href":"https:\/\/dumoulin.absoludev.ca\/en\/wp-json\/wp\/v2\/product_cat?post=560729"},{"taxonomy":"product_tag","embeddable":true,"href":"https:\/\/dumoulin.absoludev.ca\/en\/wp-json\/wp\/v2\/product_tag?post=560729"},{"taxonomy":"marque-produit","embeddable":true,"href":"https:\/\/dumoulin.absoludev.ca\/en\/wp-json\/wp\/v2\/marque-produit?post=560729"},{"taxonomy":"collection-produit","embeddable":true,"href":"https:\/\/dumoulin.absoludev.ca\/en\/wp-json\/wp\/v2\/collection-produit?post=560729"},{"taxonomy":"type-surface-produit","embeddable":true,"href":"https:\/\/dumoulin.absoludev.ca\/en\/wp-json\/wp\/v2\/type-surface-produit?post=560729"},{"taxonomy":"type-velo-produit","embeddable":true,"href":"https:\/\/dumoulin.absoludev.ca\/en\/wp-json\/wp\/v2\/type-velo-produit?post=560729"},{"taxonomy":"vetement-produit","embeddable":true,"href":"https:\/\/dumoulin.absoludev.ca\/en\/wp-json\/wp\/v2\/vetement-produit?post=560729"},{"taxonomy":"thematique-produit","embeddable":true,"href":"https:\/\/dumoulin.absoludev.ca\/en\/wp-json\/wp\/v2\/thematique-produit?post=560729"},{"taxonomy":"position-sur-le-v\u00e9lo","embeddable":true,"href":"https:\/\/dumoulin.absoludev.ca\/en\/wp-json\/wp\/v2\/position-sur-le-v\u00e9lo?post=560729"}],"curies":[{"name":"wp","href":"https:\/\/api.w.org\/{rel}","templated":true}]}}