{"id":560099,"date":"2025-02-26T22:07:43","date_gmt":"2025-02-27T03:07:43","guid":{"rendered":"http:\/\/www.dumoulinbicyclettes.com\/?post_type=product&#038;p=560099"},"modified":"2025-09-04T14:21:31","modified_gmt":"2025-09-04T18:21:31","slug":"gazelle-ultimate-c8","status":"publish","type":"product","link":"https:\/\/dumoulin.absoludev.ca\/en\/produit\/gazelle-ultimate-c8\/","title":{"rendered":"Gazelle Ultimate C8"},"content":{"rendered":"<p>\u00abUltimate\u00bb? Parce que ce v\u00e9lo \u00e9lectrique est certainement un aboutissement pour qui est \u00e0 la recherche d&#8217;un v\u00e9lo confortable pour se d\u00e9placer en v\u00e9lo.<\/p>\n<p>Le Gazelle Ultimate C8 est dot\u00e9 des derni\u00e8res technologies : <a href=\"https:\/\/www.bosch-ebike.com\/fr\/produits\/le-systeme-intelligent\" target=\"_blank\" rel=\"noopener\">Bosch Smart System<\/a> avec une batterie de 500Wh, une courroie <a href=\"https:\/\/www.dumoulinbicyclettes.com\/courroie-kevlar-gates-carbon-drive\/\" target=\"_blank\" rel=\"noopener\">Gates Carbon Drive<\/a>, des freins \u00e0 disques puissants mais faciles \u00e0 utiliser.<\/p>\n<p>De quoi vous donner envie de rouler, sur un beau v\u00e9lo, agr\u00e9able et confortable!<\/p>\n","protected":false},"excerpt":{"rendered":"<p>\u00abUltimate\u00bb? Parce que ce v\u00e9lo \u00e9lectrique est certainement un aboutissement pour qui est \u00e0 la recherche d&#8217;un v\u00e9lo confortable pour se d\u00e9placer en v\u00e9lo. Le Gazelle Ultimate C8 est dot\u00e9 des derni\u00e8res technologies : Bosch Smart System avec une batterie de 500Wh, une courroie Gates Carbon Drive, des freins \u00e0 disques puissants mais faciles \u00e0 [&hellip;]<\/p>\n","protected":false},"featured_media":571985,"template":"","meta":{"_acf_changed":false},"product_brand":[],"product_cat":[176,165],"product_tag":[3424,3444],"marque-produit":[3423],"collection-produit":[],"type-surface-produit":[],"type-velo-produit":[],"vetement-produit":[],"thematique-produit":[],"position-sur-le-v\u00e9lo":[],"class_list":{"0":"post-560099","1":"product","2":"type-product","3":"status-publish","4":"has-post-thumbnail","6":"product_cat-electriques-hybrides","7":"product_cat-velo-electriques","8":"product_tag-gazelle","9":"product_tag-ultimate","10":"marque-produit-gazelle","12":"first","13":"instock","14":"taxable","15":"shipping-taxable","16":"purchasable","17":"product-type-variable"},"acf":[],"yoast_head":"<!-- This site is optimized with the Yoast SEO plugin v24.3 - https:\/\/yoast.com\/wordpress\/plugins\/seo\/ -->\n<title>Gazelle Ultimate C8 - Dumoulin Bicyclettes - v\u00e9lo \u00e9lectrique - courroie gates carbon drive<\/title>\n<meta name=\"description\" content=\"Le Gazelle Ultimate C8 est un v\u00e9lo \u00e0 assistance \u00e9lectrique \u00e9quip\u00e9 d&#039;un moteur Bosch Smart System, d&#039;une courroie Gates Carbon Drive. Il est confortable et dynamique !\" \/>\n<meta name=\"robots\" content=\"noindex, follow, max-snippet:-1, max-image-preview:large, max-video-preview:-1\" \/>\n<meta property=\"og:locale\" content=\"en_US\" \/>\n<meta property=\"og:type\" content=\"article\" \/>\n<meta property=\"og:title\" content=\"Gazelle Ultimate C8 - Dumoulin Bicyclettes - v\u00e9lo \u00e9lectrique - courroie gates carbon drive\" \/>\n<meta property=\"og:description\" content=\"Le Gazelle Ultimate C8 est un v\u00e9lo \u00e0 assistance \u00e9lectrique \u00e9quip\u00e9 d&#039;un moteur Bosch Smart System, d&#039;une courroie Gates Carbon Drive. Il est confortable et dynamique !\" \/>\n<meta property=\"og:url\" content=\"https:\/\/dumoulin.absoludev.ca\/en\/produit\/gazelle-ultimate-c8\/\" \/>\n<meta property=\"og:site_name\" content=\"Dumoulin Bicyclettes\" \/>\n<meta property=\"article:publisher\" content=\"https:\/\/www.facebook.com\/dumoulinbicyclettes\" \/>\n<meta property=\"article:modified_time\" content=\"2025-09-04T18:21:31+00:00\" \/>\n<meta property=\"og:image\" content=\"https:\/\/dumoulin.absoludev.ca\/wp-content\/uploads\/2025\/02\/gazelle-ultimate-c8-montreal-quebec-velo-electrique-dumoulin-bicyclettes-0.jpeg\" \/>\n\t<meta property=\"og:image:width\" content=\"1280\" \/>\n\t<meta property=\"og:image:height\" content=\"905\" \/>\n\t<meta property=\"og:image:type\" content=\"image\/jpeg\" \/>\n<meta name=\"twitter:card\" content=\"summary_large_image\" \/>\n<meta name=\"twitter:label1\" content=\"Est. reading time\" \/>\n\t<meta name=\"twitter:data1\" content=\"1 minute\" \/>\n<script type=\"application\/ld+json\" class=\"yoast-schema-graph\">{\"@context\":\"https:\/\/schema.org\",\"@graph\":[{\"@type\":\"WebPage\",\"@id\":\"https:\/\/dumoulin.absoludev.ca\/en\/produit\/gazelle-ultimate-c8\/\",\"url\":\"https:\/\/dumoulin.absoludev.ca\/en\/produit\/gazelle-ultimate-c8\/\",\"name\":\"Gazelle Ultimate C8 - Dumoulin Bicyclettes - v\u00e9lo \u00e9lectrique - courroie gates carbon drive\",\"isPartOf\":{\"@id\":\"https:\/\/dumoulin.absoludev.ca\/#website\"},\"primaryImageOfPage\":{\"@id\":\"https:\/\/dumoulin.absoludev.ca\/en\/produit\/gazelle-ultimate-c8\/#primaryimage\"},\"image\":{\"@id\":\"https:\/\/dumoulin.absoludev.ca\/en\/produit\/gazelle-ultimate-c8\/#primaryimage\"},\"thumbnailUrl\":\"https:\/\/dumoulin.absoludev.ca\/wp-content\/uploads\/2025\/02\/gazelle-ultimate-c8-montreal-quebec-velo-electrique-dumoulin-bicyclettes-0.jpeg\",\"datePublished\":\"2025-02-27T03:07:43+00:00\",\"dateModified\":\"2025-09-04T18:21:31+00:00\",\"description\":\"Le Gazelle Ultimate C8 est un v\u00e9lo \u00e0 assistance \u00e9lectrique \u00e9quip\u00e9 d'un moteur Bosch Smart System, d'une courroie Gates Carbon Drive. Il est confortable et dynamique !\",\"breadcrumb\":{\"@id\":\"https:\/\/dumoulin.absoludev.ca\/en\/produit\/gazelle-ultimate-c8\/#breadcrumb\"},\"inLanguage\":\"en-US\",\"potentialAction\":[{\"@type\":\"ReadAction\",\"target\":[\"https:\/\/dumoulin.absoludev.ca\/en\/produit\/gazelle-ultimate-c8\/\"]}]},{\"@type\":\"ImageObject\",\"inLanguage\":\"en-US\",\"@id\":\"https:\/\/dumoulin.absoludev.ca\/en\/produit\/gazelle-ultimate-c8\/#primaryimage\",\"url\":\"https:\/\/dumoulin.absoludev.ca\/wp-content\/uploads\/2025\/02\/gazelle-ultimate-c8-montreal-quebec-velo-electrique-dumoulin-bicyclettes-0.jpeg\",\"contentUrl\":\"https:\/\/dumoulin.absoludev.ca\/wp-content\/uploads\/2025\/02\/gazelle-ultimate-c8-montreal-quebec-velo-electrique-dumoulin-bicyclettes-0.jpeg\",\"width\":1280,\"height\":905,\"caption\":\"Gazelle_ultimate-c8__Montreal_quebec-velo-electrique_Dumoulin_Bicyclettes_0\"},{\"@type\":\"BreadcrumbList\",\"@id\":\"https:\/\/dumoulin.absoludev.ca\/en\/produit\/gazelle-ultimate-c8\/#breadcrumb\",\"itemListElement\":[{\"@type\":\"ListItem\",\"position\":1,\"name\":\"Home\",\"item\":\"https:\/\/dumoulin.absoludev.ca\/en\/\"},{\"@type\":\"ListItem\",\"position\":2,\"name\":\"Shop\",\"item\":\"https:\/\/dumoulin.absoludev.ca\/en\/shop\/\"},{\"@type\":\"ListItem\",\"position\":3,\"name\":\"Gazelle Ultimate C8\"}]},{\"@type\":\"WebSite\",\"@id\":\"https:\/\/dumoulin.absoludev.ca\/#website\",\"url\":\"https:\/\/dumoulin.absoludev.ca\/\",\"name\":\"Dumoulin Bicyclettes\",\"description\":\"\",\"publisher\":{\"@id\":\"https:\/\/dumoulin.absoludev.ca\/#organization\"},\"potentialAction\":[{\"@type\":\"SearchAction\",\"target\":{\"@type\":\"EntryPoint\",\"urlTemplate\":\"https:\/\/dumoulin.absoludev.ca\/?s={search_term_string}\"},\"query-input\":{\"@type\":\"PropertyValueSpecification\",\"valueRequired\":true,\"valueName\":\"search_term_string\"}}],\"inLanguage\":\"en-US\"},{\"@type\":\"Organization\",\"@id\":\"https:\/\/dumoulin.absoludev.ca\/#organization\",\"name\":\"Dumoulin Bicyclettes\",\"url\":\"https:\/\/dumoulin.absoludev.ca\/\",\"logo\":{\"@type\":\"ImageObject\",\"inLanguage\":\"en-US\",\"@id\":\"https:\/\/dumoulin.absoludev.ca\/#\/schema\/logo\/image\/\",\"url\":\"https:\/\/www.dumoulinbicyclettes.com\/wp-content\/uploads\/2021\/04\/Logo.svg\",\"contentUrl\":\"https:\/\/www.dumoulinbicyclettes.com\/wp-content\/uploads\/2021\/04\/Logo.svg\",\"width\":254,\"height\":86,\"caption\":\"Dumoulin Bicyclettes\"},\"image\":{\"@id\":\"https:\/\/dumoulin.absoludev.ca\/#\/schema\/logo\/image\/\"},\"sameAs\":[\"https:\/\/www.facebook.com\/dumoulinbicyclettes\",\"https:\/\/www.instagram.com\/dumoulin.ca\/\",\"https:\/\/www.youtube.com\/user\/dumoulinbicyclettes\"]}]}<\/script>\n<!-- \/ Yoast SEO plugin. -->","yoast_head_json":{"title":"Gazelle Ultimate C8 - Dumoulin Bicyclettes - v\u00e9lo \u00e9lectrique - courroie gates carbon drive","description":"Le Gazelle Ultimate C8 est un v\u00e9lo \u00e0 assistance \u00e9lectrique \u00e9quip\u00e9 d'un moteur Bosch Smart System, d'une courroie Gates Carbon Drive. Il est confortable et dynamique !","robots":{"index":"noindex","follow":"follow","max-snippet":"max-snippet:-1","max-image-preview":"max-image-preview:large","max-video-preview":"max-video-preview:-1"},"og_locale":"en_US","og_type":"article","og_title":"Gazelle Ultimate C8 - Dumoulin Bicyclettes - v\u00e9lo \u00e9lectrique - courroie gates carbon drive","og_description":"Le Gazelle Ultimate C8 est un v\u00e9lo \u00e0 assistance \u00e9lectrique \u00e9quip\u00e9 d'un moteur Bosch Smart System, d'une courroie Gates Carbon Drive. Il est confortable et dynamique !","og_url":"https:\/\/dumoulin.absoludev.ca\/en\/produit\/gazelle-ultimate-c8\/","og_site_name":"Dumoulin Bicyclettes","article_publisher":"https:\/\/www.facebook.com\/dumoulinbicyclettes","article_modified_time":"2025-09-04T18:21:31+00:00","og_image":[{"width":1280,"height":905,"url":"https:\/\/dumoulin.absoludev.ca\/wp-content\/uploads\/2025\/02\/gazelle-ultimate-c8-montreal-quebec-velo-electrique-dumoulin-bicyclettes-0.jpeg","type":"image\/jpeg"}],"twitter_card":"summary_large_image","twitter_misc":{"Est. reading time":"1 minute"},"schema":{"@context":"https:\/\/schema.org","@graph":[{"@type":"WebPage","@id":"https:\/\/dumoulin.absoludev.ca\/en\/produit\/gazelle-ultimate-c8\/","url":"https:\/\/dumoulin.absoludev.ca\/en\/produit\/gazelle-ultimate-c8\/","name":"Gazelle Ultimate C8 - Dumoulin Bicyclettes - v\u00e9lo \u00e9lectrique - courroie gates carbon drive","isPartOf":{"@id":"https:\/\/dumoulin.absoludev.ca\/#website"},"primaryImageOfPage":{"@id":"https:\/\/dumoulin.absoludev.ca\/en\/produit\/gazelle-ultimate-c8\/#primaryimage"},"image":{"@id":"https:\/\/dumoulin.absoludev.ca\/en\/produit\/gazelle-ultimate-c8\/#primaryimage"},"thumbnailUrl":"https:\/\/dumoulin.absoludev.ca\/wp-content\/uploads\/2025\/02\/gazelle-ultimate-c8-montreal-quebec-velo-electrique-dumoulin-bicyclettes-0.jpeg","datePublished":"2025-02-27T03:07:43+00:00","dateModified":"2025-09-04T18:21:31+00:00","description":"Le Gazelle Ultimate C8 est un v\u00e9lo \u00e0 assistance \u00e9lectrique \u00e9quip\u00e9 d'un moteur Bosch Smart System, d'une courroie Gates Carbon Drive. Il est confortable et dynamique !","breadcrumb":{"@id":"https:\/\/dumoulin.absoludev.ca\/en\/produit\/gazelle-ultimate-c8\/#breadcrumb"},"inLanguage":"en-US","potentialAction":[{"@type":"ReadAction","target":["https:\/\/dumoulin.absoludev.ca\/en\/produit\/gazelle-ultimate-c8\/"]}]},{"@type":"ImageObject","inLanguage":"en-US","@id":"https:\/\/dumoulin.absoludev.ca\/en\/produit\/gazelle-ultimate-c8\/#primaryimage","url":"https:\/\/dumoulin.absoludev.ca\/wp-content\/uploads\/2025\/02\/gazelle-ultimate-c8-montreal-quebec-velo-electrique-dumoulin-bicyclettes-0.jpeg","contentUrl":"https:\/\/dumoulin.absoludev.ca\/wp-content\/uploads\/2025\/02\/gazelle-ultimate-c8-montreal-quebec-velo-electrique-dumoulin-bicyclettes-0.jpeg","width":1280,"height":905,"caption":"Gazelle_ultimate-c8__Montreal_quebec-velo-electrique_Dumoulin_Bicyclettes_0"},{"@type":"BreadcrumbList","@id":"https:\/\/dumoulin.absoludev.ca\/en\/produit\/gazelle-ultimate-c8\/#breadcrumb","itemListElement":[{"@type":"ListItem","position":1,"name":"Home","item":"https:\/\/dumoulin.absoludev.ca\/en\/"},{"@type":"ListItem","position":2,"name":"Shop","item":"https:\/\/dumoulin.absoludev.ca\/en\/shop\/"},{"@type":"ListItem","position":3,"name":"Gazelle Ultimate C8"}]},{"@type":"WebSite","@id":"https:\/\/dumoulin.absoludev.ca\/#website","url":"https:\/\/dumoulin.absoludev.ca\/","name":"Dumoulin Bicyclettes","description":"","publisher":{"@id":"https:\/\/dumoulin.absoludev.ca\/#organization"},"potentialAction":[{"@type":"SearchAction","target":{"@type":"EntryPoint","urlTemplate":"https:\/\/dumoulin.absoludev.ca\/?s={search_term_string}"},"query-input":{"@type":"PropertyValueSpecification","valueRequired":true,"valueName":"search_term_string"}}],"inLanguage":"en-US"},{"@type":"Organization","@id":"https:\/\/dumoulin.absoludev.ca\/#organization","name":"Dumoulin Bicyclettes","url":"https:\/\/dumoulin.absoludev.ca\/","logo":{"@type":"ImageObject","inLanguage":"en-US","@id":"https:\/\/dumoulin.absoludev.ca\/#\/schema\/logo\/image\/","url":"https:\/\/www.dumoulinbicyclettes.com\/wp-content\/uploads\/2021\/04\/Logo.svg","contentUrl":"https:\/\/www.dumoulinbicyclettes.com\/wp-content\/uploads\/2021\/04\/Logo.svg","width":254,"height":86,"caption":"Dumoulin Bicyclettes"},"image":{"@id":"https:\/\/dumoulin.absoludev.ca\/#\/schema\/logo\/image\/"},"sameAs":["https:\/\/www.facebook.com\/dumoulinbicyclettes","https:\/\/www.instagram.com\/dumoulin.ca\/","https:\/\/www.youtube.com\/user\/dumoulinbicyclettes"]}]}},"_links":{"self":[{"href":"https:\/\/dumoulin.absoludev.ca\/en\/wp-json\/wp\/v2\/product\/560099","targetHints":{"allow":["GET"]}}],"collection":[{"href":"https:\/\/dumoulin.absoludev.ca\/en\/wp-json\/wp\/v2\/product"}],"about":[{"href":"https:\/\/dumoulin.absoludev.ca\/en\/wp-json\/wp\/v2\/types\/product"}],"wp:featuredmedia":[{"embeddable":true,"href":"https:\/\/dumoulin.absoludev.ca\/en\/wp-json\/wp\/v2\/media\/571985"}],"wp:attachment":[{"href":"https:\/\/dumoulin.absoludev.ca\/en\/wp-json\/wp\/v2\/media?parent=560099"}],"wp:term":[{"taxonomy":"product_brand","embeddable":true,"href":"https:\/\/dumoulin.absoludev.ca\/en\/wp-json\/wp\/v2\/product_brand?post=560099"},{"taxonomy":"product_cat","embeddable":true,"href":"https:\/\/dumoulin.absoludev.ca\/en\/wp-json\/wp\/v2\/product_cat?post=560099"},{"taxonomy":"product_tag","embeddable":true,"href":"https:\/\/dumoulin.absoludev.ca\/en\/wp-json\/wp\/v2\/product_tag?post=560099"},{"taxonomy":"marque-produit","embeddable":true,"href":"https:\/\/dumoulin.absoludev.ca\/en\/wp-json\/wp\/v2\/marque-produit?post=560099"},{"taxonomy":"collection-produit","embeddable":true,"href":"https:\/\/dumoulin.absoludev.ca\/en\/wp-json\/wp\/v2\/collection-produit?post=560099"},{"taxonomy":"type-surface-produit","embeddable":true,"href":"https:\/\/dumoulin.absoludev.ca\/en\/wp-json\/wp\/v2\/type-surface-produit?post=560099"},{"taxonomy":"type-velo-produit","embeddable":true,"href":"https:\/\/dumoulin.absoludev.ca\/en\/wp-json\/wp\/v2\/type-velo-produit?post=560099"},{"taxonomy":"vetement-produit","embeddable":true,"href":"https:\/\/dumoulin.absoludev.ca\/en\/wp-json\/wp\/v2\/vetement-produit?post=560099"},{"taxonomy":"thematique-produit","embeddable":true,"href":"https:\/\/dumoulin.absoludev.ca\/en\/wp-json\/wp\/v2\/thematique-produit?post=560099"},{"taxonomy":"position-sur-le-v\u00e9lo","embeddable":true,"href":"https:\/\/dumoulin.absoludev.ca\/en\/wp-json\/wp\/v2\/position-sur-le-v\u00e9lo?post=560099"}],"curies":[{"name":"wp","href":"https:\/\/api.w.org\/{rel}","templated":true}]}}