{"id":560088,"date":"2025-02-26T22:07:41","date_gmt":"2025-02-27T03:07:41","guid":{"rendered":"http:\/\/www.dumoulinbicyclettes.com\/?post_type=product&#038;p=560088"},"modified":"2025-09-04T14:21:31","modified_gmt":"2025-09-04T18:21:31","slug":"gazelle-medeo-t9","status":"publish","type":"product","link":"https:\/\/dumoulin.absoludev.ca\/en\/produit\/gazelle-medeo-t9\/","title":{"rendered":"Gazelle Medeo T9"},"content":{"rendered":"<p>Voici un v\u00e9lo \u00e9lectrique agr\u00e9able et enthousiasmant !<\/p>\n<p>Le Gazelle Medeo T9 est taill\u00e9 pour vous offrir des sorties confortables : il vous donne le go\u00fbt de rouler plus souvent, plus longtemps.<\/p>\n<p>\u00c9quip\u00e9 d&#8217;une motorisation de derni\u00e8re g\u00e9n\u00e9ration Bosch, le Medeo a tout ce qu&#8217;il faut pour se faire adopter.<\/p>\n","protected":false},"excerpt":{"rendered":"<p>Voici un v\u00e9lo \u00e9lectrique agr\u00e9able et enthousiasmant ! Le Gazelle Medeo T9 est taill\u00e9 pour vous offrir des sorties confortables : il vous donne le go\u00fbt de rouler plus souvent, plus longtemps. \u00c9quip\u00e9 d&#8217;une motorisation de derni\u00e8re g\u00e9n\u00e9ration Bosch, le Medeo a tout ce qu&#8217;il faut pour se faire adopter.<\/p>\n","protected":false},"featured_media":571013,"template":"","meta":{"_acf_changed":false},"product_brand":[],"product_cat":[176,165],"product_tag":[3424,3436],"marque-produit":[3423],"collection-produit":[],"type-surface-produit":[],"type-velo-produit":[2164],"vetement-produit":[],"thematique-produit":[],"position-sur-le-v\u00e9lo":[],"class_list":{"0":"post-560088","1":"product","2":"type-product","3":"status-publish","4":"has-post-thumbnail","6":"product_cat-electriques-hybrides","7":"product_cat-velo-electriques","8":"product_tag-gazelle","9":"product_tag-medeo","10":"marque-produit-gazelle","11":"type-velo-produit-electriques-en","13":"first","14":"instock","15":"taxable","16":"shipping-taxable","17":"purchasable","18":"product-type-variable"},"acf":[],"yoast_head":"<!-- This site is optimized with the Yoast SEO plugin v24.3 - https:\/\/yoast.com\/wordpress\/plugins\/seo\/ -->\n<title>Gazelle Medeo T9 - Dumoulin Bicyclettes - v\u00e9lo \u00e9lectrique - Montr\u00e9al - Qu\u00e9bec<\/title>\n<meta name=\"description\" content=\"Le v\u00e9lo \u00e9lectrique Gazelle Medeo T9 a tout pour plaire : une motorisation Bosch fiable, une batterie haute capacit\u00e9, des \u00e9quipements complets. Il est en plus hyper confortable !\" \/>\n<meta name=\"robots\" content=\"noindex, follow, max-snippet:-1, max-image-preview:large, max-video-preview:-1\" \/>\n<meta property=\"og:locale\" content=\"en_US\" \/>\n<meta property=\"og:type\" content=\"article\" \/>\n<meta property=\"og:title\" content=\"Gazelle Medeo T9 - Dumoulin Bicyclettes - v\u00e9lo \u00e9lectrique - Montr\u00e9al - Qu\u00e9bec\" \/>\n<meta property=\"og:description\" content=\"Le v\u00e9lo \u00e9lectrique Gazelle Medeo T9 a tout pour plaire : une motorisation Bosch fiable, une batterie haute capacit\u00e9, des \u00e9quipements complets. Il est en plus hyper confortable !\" \/>\n<meta property=\"og:url\" content=\"https:\/\/dumoulin.absoludev.ca\/en\/produit\/gazelle-medeo-t9\/\" \/>\n<meta property=\"og:site_name\" content=\"Dumoulin Bicyclettes\" \/>\n<meta property=\"article:publisher\" content=\"https:\/\/www.facebook.com\/dumoulinbicyclettes\" \/>\n<meta property=\"article:modified_time\" content=\"2025-09-04T18:21:31+00:00\" \/>\n<meta property=\"og:image\" content=\"https:\/\/dumoulin.absoludev.ca\/wp-content\/uploads\/2025\/02\/gazelle-medeo-t9-cadre-bas-montreal-quebec-velo-electrique-dumoulin-bicyclettes-2.jpeg\" \/>\n\t<meta property=\"og:image:width\" content=\"1279\" \/>\n\t<meta property=\"og:image:height\" content=\"904\" \/>\n\t<meta property=\"og:image:type\" content=\"image\/jpeg\" \/>\n<meta name=\"twitter:card\" content=\"summary_large_image\" \/>\n<meta name=\"twitter:label1\" content=\"Est. reading time\" \/>\n\t<meta name=\"twitter:data1\" content=\"1 minute\" \/>\n<script type=\"application\/ld+json\" class=\"yoast-schema-graph\">{\"@context\":\"https:\/\/schema.org\",\"@graph\":[{\"@type\":\"WebPage\",\"@id\":\"https:\/\/dumoulin.absoludev.ca\/en\/produit\/gazelle-medeo-t9\/\",\"url\":\"https:\/\/dumoulin.absoludev.ca\/en\/produit\/gazelle-medeo-t9\/\",\"name\":\"Gazelle Medeo T9 - Dumoulin Bicyclettes - v\u00e9lo \u00e9lectrique - Montr\u00e9al - Qu\u00e9bec\",\"isPartOf\":{\"@id\":\"https:\/\/dumoulin.absoludev.ca\/#website\"},\"primaryImageOfPage\":{\"@id\":\"https:\/\/dumoulin.absoludev.ca\/en\/produit\/gazelle-medeo-t9\/#primaryimage\"},\"image\":{\"@id\":\"https:\/\/dumoulin.absoludev.ca\/en\/produit\/gazelle-medeo-t9\/#primaryimage\"},\"thumbnailUrl\":\"https:\/\/dumoulin.absoludev.ca\/wp-content\/uploads\/2025\/02\/gazelle-medeo-t9-cadre-bas-montreal-quebec-velo-electrique-dumoulin-bicyclettes-2.jpeg\",\"datePublished\":\"2025-02-27T03:07:41+00:00\",\"dateModified\":\"2025-09-04T18:21:31+00:00\",\"description\":\"Le v\u00e9lo \u00e9lectrique Gazelle Medeo T9 a tout pour plaire : une motorisation Bosch fiable, une batterie haute capacit\u00e9, des \u00e9quipements complets. Il est en plus hyper confortable !\",\"breadcrumb\":{\"@id\":\"https:\/\/dumoulin.absoludev.ca\/en\/produit\/gazelle-medeo-t9\/#breadcrumb\"},\"inLanguage\":\"en-US\",\"potentialAction\":[{\"@type\":\"ReadAction\",\"target\":[\"https:\/\/dumoulin.absoludev.ca\/en\/produit\/gazelle-medeo-t9\/\"]}]},{\"@type\":\"ImageObject\",\"inLanguage\":\"en-US\",\"@id\":\"https:\/\/dumoulin.absoludev.ca\/en\/produit\/gazelle-medeo-t9\/#primaryimage\",\"url\":\"https:\/\/dumoulin.absoludev.ca\/wp-content\/uploads\/2025\/02\/gazelle-medeo-t9-cadre-bas-montreal-quebec-velo-electrique-dumoulin-bicyclettes-2.jpeg\",\"contentUrl\":\"https:\/\/dumoulin.absoludev.ca\/wp-content\/uploads\/2025\/02\/gazelle-medeo-t9-cadre-bas-montreal-quebec-velo-electrique-dumoulin-bicyclettes-2.jpeg\",\"width\":1279,\"height\":904,\"caption\":\"Gazelle_medeo_T9_cadre-Bas_Montreal_quebec-velo-electrique_Dumoulin_Bicyclettes_2\"},{\"@type\":\"BreadcrumbList\",\"@id\":\"https:\/\/dumoulin.absoludev.ca\/en\/produit\/gazelle-medeo-t9\/#breadcrumb\",\"itemListElement\":[{\"@type\":\"ListItem\",\"position\":1,\"name\":\"Home\",\"item\":\"https:\/\/dumoulin.absoludev.ca\/en\/\"},{\"@type\":\"ListItem\",\"position\":2,\"name\":\"Shop\",\"item\":\"https:\/\/dumoulin.absoludev.ca\/en\/shop\/\"},{\"@type\":\"ListItem\",\"position\":3,\"name\":\"Gazelle Medeo T9\"}]},{\"@type\":\"WebSite\",\"@id\":\"https:\/\/dumoulin.absoludev.ca\/#website\",\"url\":\"https:\/\/dumoulin.absoludev.ca\/\",\"name\":\"Dumoulin Bicyclettes\",\"description\":\"\",\"publisher\":{\"@id\":\"https:\/\/dumoulin.absoludev.ca\/#organization\"},\"potentialAction\":[{\"@type\":\"SearchAction\",\"target\":{\"@type\":\"EntryPoint\",\"urlTemplate\":\"https:\/\/dumoulin.absoludev.ca\/?s={search_term_string}\"},\"query-input\":{\"@type\":\"PropertyValueSpecification\",\"valueRequired\":true,\"valueName\":\"search_term_string\"}}],\"inLanguage\":\"en-US\"},{\"@type\":\"Organization\",\"@id\":\"https:\/\/dumoulin.absoludev.ca\/#organization\",\"name\":\"Dumoulin Bicyclettes\",\"url\":\"https:\/\/dumoulin.absoludev.ca\/\",\"logo\":{\"@type\":\"ImageObject\",\"inLanguage\":\"en-US\",\"@id\":\"https:\/\/dumoulin.absoludev.ca\/#\/schema\/logo\/image\/\",\"url\":\"https:\/\/www.dumoulinbicyclettes.com\/wp-content\/uploads\/2021\/04\/Logo.svg\",\"contentUrl\":\"https:\/\/www.dumoulinbicyclettes.com\/wp-content\/uploads\/2021\/04\/Logo.svg\",\"width\":254,\"height\":86,\"caption\":\"Dumoulin Bicyclettes\"},\"image\":{\"@id\":\"https:\/\/dumoulin.absoludev.ca\/#\/schema\/logo\/image\/\"},\"sameAs\":[\"https:\/\/www.facebook.com\/dumoulinbicyclettes\",\"https:\/\/www.instagram.com\/dumoulin.ca\/\",\"https:\/\/www.youtube.com\/user\/dumoulinbicyclettes\"]}]}<\/script>\n<!-- \/ Yoast SEO plugin. -->","yoast_head_json":{"title":"Gazelle Medeo T9 - Dumoulin Bicyclettes - v\u00e9lo \u00e9lectrique - Montr\u00e9al - Qu\u00e9bec","description":"Le v\u00e9lo \u00e9lectrique Gazelle Medeo T9 a tout pour plaire : une motorisation Bosch fiable, une batterie haute capacit\u00e9, des \u00e9quipements complets. Il est en plus hyper confortable !","robots":{"index":"noindex","follow":"follow","max-snippet":"max-snippet:-1","max-image-preview":"max-image-preview:large","max-video-preview":"max-video-preview:-1"},"og_locale":"en_US","og_type":"article","og_title":"Gazelle Medeo T9 - Dumoulin Bicyclettes - v\u00e9lo \u00e9lectrique - Montr\u00e9al - Qu\u00e9bec","og_description":"Le v\u00e9lo \u00e9lectrique Gazelle Medeo T9 a tout pour plaire : une motorisation Bosch fiable, une batterie haute capacit\u00e9, des \u00e9quipements complets. Il est en plus hyper confortable !","og_url":"https:\/\/dumoulin.absoludev.ca\/en\/produit\/gazelle-medeo-t9\/","og_site_name":"Dumoulin Bicyclettes","article_publisher":"https:\/\/www.facebook.com\/dumoulinbicyclettes","article_modified_time":"2025-09-04T18:21:31+00:00","og_image":[{"width":1279,"height":904,"url":"https:\/\/dumoulin.absoludev.ca\/wp-content\/uploads\/2025\/02\/gazelle-medeo-t9-cadre-bas-montreal-quebec-velo-electrique-dumoulin-bicyclettes-2.jpeg","type":"image\/jpeg"}],"twitter_card":"summary_large_image","twitter_misc":{"Est. reading time":"1 minute"},"schema":{"@context":"https:\/\/schema.org","@graph":[{"@type":"WebPage","@id":"https:\/\/dumoulin.absoludev.ca\/en\/produit\/gazelle-medeo-t9\/","url":"https:\/\/dumoulin.absoludev.ca\/en\/produit\/gazelle-medeo-t9\/","name":"Gazelle Medeo T9 - Dumoulin Bicyclettes - v\u00e9lo \u00e9lectrique - Montr\u00e9al - Qu\u00e9bec","isPartOf":{"@id":"https:\/\/dumoulin.absoludev.ca\/#website"},"primaryImageOfPage":{"@id":"https:\/\/dumoulin.absoludev.ca\/en\/produit\/gazelle-medeo-t9\/#primaryimage"},"image":{"@id":"https:\/\/dumoulin.absoludev.ca\/en\/produit\/gazelle-medeo-t9\/#primaryimage"},"thumbnailUrl":"https:\/\/dumoulin.absoludev.ca\/wp-content\/uploads\/2025\/02\/gazelle-medeo-t9-cadre-bas-montreal-quebec-velo-electrique-dumoulin-bicyclettes-2.jpeg","datePublished":"2025-02-27T03:07:41+00:00","dateModified":"2025-09-04T18:21:31+00:00","description":"Le v\u00e9lo \u00e9lectrique Gazelle Medeo T9 a tout pour plaire : une motorisation Bosch fiable, une batterie haute capacit\u00e9, des \u00e9quipements complets. Il est en plus hyper confortable !","breadcrumb":{"@id":"https:\/\/dumoulin.absoludev.ca\/en\/produit\/gazelle-medeo-t9\/#breadcrumb"},"inLanguage":"en-US","potentialAction":[{"@type":"ReadAction","target":["https:\/\/dumoulin.absoludev.ca\/en\/produit\/gazelle-medeo-t9\/"]}]},{"@type":"ImageObject","inLanguage":"en-US","@id":"https:\/\/dumoulin.absoludev.ca\/en\/produit\/gazelle-medeo-t9\/#primaryimage","url":"https:\/\/dumoulin.absoludev.ca\/wp-content\/uploads\/2025\/02\/gazelle-medeo-t9-cadre-bas-montreal-quebec-velo-electrique-dumoulin-bicyclettes-2.jpeg","contentUrl":"https:\/\/dumoulin.absoludev.ca\/wp-content\/uploads\/2025\/02\/gazelle-medeo-t9-cadre-bas-montreal-quebec-velo-electrique-dumoulin-bicyclettes-2.jpeg","width":1279,"height":904,"caption":"Gazelle_medeo_T9_cadre-Bas_Montreal_quebec-velo-electrique_Dumoulin_Bicyclettes_2"},{"@type":"BreadcrumbList","@id":"https:\/\/dumoulin.absoludev.ca\/en\/produit\/gazelle-medeo-t9\/#breadcrumb","itemListElement":[{"@type":"ListItem","position":1,"name":"Home","item":"https:\/\/dumoulin.absoludev.ca\/en\/"},{"@type":"ListItem","position":2,"name":"Shop","item":"https:\/\/dumoulin.absoludev.ca\/en\/shop\/"},{"@type":"ListItem","position":3,"name":"Gazelle Medeo T9"}]},{"@type":"WebSite","@id":"https:\/\/dumoulin.absoludev.ca\/#website","url":"https:\/\/dumoulin.absoludev.ca\/","name":"Dumoulin Bicyclettes","description":"","publisher":{"@id":"https:\/\/dumoulin.absoludev.ca\/#organization"},"potentialAction":[{"@type":"SearchAction","target":{"@type":"EntryPoint","urlTemplate":"https:\/\/dumoulin.absoludev.ca\/?s={search_term_string}"},"query-input":{"@type":"PropertyValueSpecification","valueRequired":true,"valueName":"search_term_string"}}],"inLanguage":"en-US"},{"@type":"Organization","@id":"https:\/\/dumoulin.absoludev.ca\/#organization","name":"Dumoulin Bicyclettes","url":"https:\/\/dumoulin.absoludev.ca\/","logo":{"@type":"ImageObject","inLanguage":"en-US","@id":"https:\/\/dumoulin.absoludev.ca\/#\/schema\/logo\/image\/","url":"https:\/\/www.dumoulinbicyclettes.com\/wp-content\/uploads\/2021\/04\/Logo.svg","contentUrl":"https:\/\/www.dumoulinbicyclettes.com\/wp-content\/uploads\/2021\/04\/Logo.svg","width":254,"height":86,"caption":"Dumoulin Bicyclettes"},"image":{"@id":"https:\/\/dumoulin.absoludev.ca\/#\/schema\/logo\/image\/"},"sameAs":["https:\/\/www.facebook.com\/dumoulinbicyclettes","https:\/\/www.instagram.com\/dumoulin.ca\/","https:\/\/www.youtube.com\/user\/dumoulinbicyclettes"]}]}},"_links":{"self":[{"href":"https:\/\/dumoulin.absoludev.ca\/en\/wp-json\/wp\/v2\/product\/560088","targetHints":{"allow":["GET"]}}],"collection":[{"href":"https:\/\/dumoulin.absoludev.ca\/en\/wp-json\/wp\/v2\/product"}],"about":[{"href":"https:\/\/dumoulin.absoludev.ca\/en\/wp-json\/wp\/v2\/types\/product"}],"wp:featuredmedia":[{"embeddable":true,"href":"https:\/\/dumoulin.absoludev.ca\/en\/wp-json\/wp\/v2\/media\/571013"}],"wp:attachment":[{"href":"https:\/\/dumoulin.absoludev.ca\/en\/wp-json\/wp\/v2\/media?parent=560088"}],"wp:term":[{"taxonomy":"product_brand","embeddable":true,"href":"https:\/\/dumoulin.absoludev.ca\/en\/wp-json\/wp\/v2\/product_brand?post=560088"},{"taxonomy":"product_cat","embeddable":true,"href":"https:\/\/dumoulin.absoludev.ca\/en\/wp-json\/wp\/v2\/product_cat?post=560088"},{"taxonomy":"product_tag","embeddable":true,"href":"https:\/\/dumoulin.absoludev.ca\/en\/wp-json\/wp\/v2\/product_tag?post=560088"},{"taxonomy":"marque-produit","embeddable":true,"href":"https:\/\/dumoulin.absoludev.ca\/en\/wp-json\/wp\/v2\/marque-produit?post=560088"},{"taxonomy":"collection-produit","embeddable":true,"href":"https:\/\/dumoulin.absoludev.ca\/en\/wp-json\/wp\/v2\/collection-produit?post=560088"},{"taxonomy":"type-surface-produit","embeddable":true,"href":"https:\/\/dumoulin.absoludev.ca\/en\/wp-json\/wp\/v2\/type-surface-produit?post=560088"},{"taxonomy":"type-velo-produit","embeddable":true,"href":"https:\/\/dumoulin.absoludev.ca\/en\/wp-json\/wp\/v2\/type-velo-produit?post=560088"},{"taxonomy":"vetement-produit","embeddable":true,"href":"https:\/\/dumoulin.absoludev.ca\/en\/wp-json\/wp\/v2\/vetement-produit?post=560088"},{"taxonomy":"thematique-produit","embeddable":true,"href":"https:\/\/dumoulin.absoludev.ca\/en\/wp-json\/wp\/v2\/thematique-produit?post=560088"},{"taxonomy":"position-sur-le-v\u00e9lo","embeddable":true,"href":"https:\/\/dumoulin.absoludev.ca\/en\/wp-json\/wp\/v2\/position-sur-le-v\u00e9lo?post=560088"}],"curies":[{"name":"wp","href":"https:\/\/api.w.org\/{rel}","templated":true}]}}