{"id":560079,"date":"2025-02-26T22:07:39","date_gmt":"2025-02-27T03:07:39","guid":{"rendered":"http:\/\/www.dumoulinbicyclettes.com\/?post_type=product&#038;p=560079"},"modified":"2025-09-04T14:21:30","modified_gmt":"2025-09-04T18:21:30","slug":"gazelle-medeo-t9-city","status":"publish","type":"product","link":"https:\/\/dumoulin.absoludev.ca\/en\/produit\/gazelle-medeo-t9-city\/","title":{"rendered":"Gazelle Medeo T9 \u00abcity\u00bb"},"content":{"rendered":"<p>V\u00e9lo \u00e0 assistance \u00e9lectrique taill\u00e9 pour offrir des d\u00e9placements quotidiens confortables et en pleine possession de ses moyens. Le Gazelle Medeo T9 city est \u00e9quip\u00e9 du moteur Bosch Active Line et d&#8217;une batterie de 400Wh.<\/p>\n<p>Cette motorisation est de la derni\u00e8re g\u00e9n\u00e9ration <a href=\"https:\/\/www.bosch-ebike.com\/fr\/produits\/le-systeme-intelligent\" target=\"_blank\" rel=\"noopener\">Smart System<\/a>, tr\u00e8s connect\u00e9e et pleine de possibilit\u00e9s.<\/p>\n","protected":false},"excerpt":{"rendered":"<p>V\u00e9lo \u00e0 assistance \u00e9lectrique taill\u00e9 pour offrir des d\u00e9placements quotidiens confortables et en pleine possession de ses moyens. Le Gazelle Medeo T9 city est \u00e9quip\u00e9 du moteur Bosch Active Line et d&#8217;une batterie de 400Wh. Cette motorisation est de la derni\u00e8re g\u00e9n\u00e9ration Smart System, tr\u00e8s connect\u00e9e et pleine de possibilit\u00e9s.<\/p>\n","protected":false},"featured_media":569702,"template":"","meta":{"_acf_changed":false},"product_brand":[],"product_cat":[176],"product_tag":[3214,3424,3436,3437],"marque-produit":[3423],"collection-produit":[],"type-surface-produit":[],"type-velo-produit":[2164],"vetement-produit":[],"thematique-produit":[],"position-sur-le-v\u00e9lo":[],"class_list":{"0":"post-560079","1":"product","2":"type-product","3":"status-publish","4":"has-post-thumbnail","6":"product_cat-electriques-hybrides","7":"product_tag-city","8":"product_tag-gazelle","9":"product_tag-medeo","10":"product_tag-t9","11":"marque-produit-gazelle","12":"type-velo-produit-electriques-en","14":"first","15":"instock","16":"taxable","17":"shipping-taxable","18":"purchasable","19":"product-type-variable"},"acf":[],"yoast_head":"<!-- This site is optimized with the Yoast SEO plugin v24.3 - https:\/\/yoast.com\/wordpress\/plugins\/seo\/ -->\n<title>Gazelle Medeo T9 \u00abcity\u00bb - Dumoulin Bicyclettes - Montr\u00e9al - VAE - v\u00e9los \u00e9lectriques<\/title>\n<meta name=\"description\" content=\"Le Gazelle Medeo T9 City : un v\u00e9lo \u00e9lectrique confortable, agr\u00e9able et tonique. Un prix fou pour un mod\u00e8le d&#039;une telle qualit\u00e9 !\" \/>\n<meta name=\"robots\" content=\"noindex, follow, max-snippet:-1, max-image-preview:large, max-video-preview:-1\" \/>\n<meta property=\"og:locale\" content=\"en_US\" \/>\n<meta property=\"og:type\" content=\"article\" \/>\n<meta property=\"og:title\" content=\"Gazelle Medeo T9 \u00abcity\u00bb - Dumoulin Bicyclettes - Montr\u00e9al - VAE - v\u00e9los \u00e9lectriques\" \/>\n<meta property=\"og:description\" content=\"Le Gazelle Medeo T9 City : un v\u00e9lo \u00e9lectrique confortable, agr\u00e9able et tonique. Un prix fou pour un mod\u00e8le d&#039;une telle qualit\u00e9 !\" \/>\n<meta property=\"og:url\" content=\"https:\/\/dumoulin.absoludev.ca\/en\/produit\/gazelle-medeo-t9-city\/\" \/>\n<meta property=\"og:site_name\" content=\"Dumoulin Bicyclettes\" \/>\n<meta property=\"article:publisher\" content=\"https:\/\/www.facebook.com\/dumoulinbicyclettes\" \/>\n<meta property=\"article:modified_time\" content=\"2025-09-04T18:21:30+00:00\" \/>\n<meta property=\"og:image\" content=\"https:\/\/dumoulin.absoludev.ca\/wp-content\/uploads\/2025\/02\/gazelle-medeo-t9-city-cadre-bas-bleu-montreal-dumoulin-bicyclettes.jpeg\" \/>\n\t<meta property=\"og:image:width\" content=\"1279\" \/>\n\t<meta property=\"og:image:height\" content=\"904\" \/>\n\t<meta property=\"og:image:type\" content=\"image\/jpeg\" \/>\n<meta name=\"twitter:card\" content=\"summary_large_image\" \/>\n<meta name=\"twitter:label1\" content=\"Est. reading time\" \/>\n\t<meta name=\"twitter:data1\" content=\"1 minute\" \/>\n<script type=\"application\/ld+json\" class=\"yoast-schema-graph\">{\"@context\":\"https:\/\/schema.org\",\"@graph\":[{\"@type\":\"WebPage\",\"@id\":\"https:\/\/dumoulin.absoludev.ca\/en\/produit\/gazelle-medeo-t9-city\/\",\"url\":\"https:\/\/dumoulin.absoludev.ca\/en\/produit\/gazelle-medeo-t9-city\/\",\"name\":\"Gazelle Medeo T9 \u00abcity\u00bb - Dumoulin Bicyclettes - Montr\u00e9al - VAE - v\u00e9los \u00e9lectriques\",\"isPartOf\":{\"@id\":\"https:\/\/dumoulin.absoludev.ca\/#website\"},\"primaryImageOfPage\":{\"@id\":\"https:\/\/dumoulin.absoludev.ca\/en\/produit\/gazelle-medeo-t9-city\/#primaryimage\"},\"image\":{\"@id\":\"https:\/\/dumoulin.absoludev.ca\/en\/produit\/gazelle-medeo-t9-city\/#primaryimage\"},\"thumbnailUrl\":\"https:\/\/dumoulin.absoludev.ca\/wp-content\/uploads\/2025\/02\/gazelle-medeo-t9-city-cadre-bas-bleu-montreal-dumoulin-bicyclettes.jpeg\",\"datePublished\":\"2025-02-27T03:07:39+00:00\",\"dateModified\":\"2025-09-04T18:21:30+00:00\",\"description\":\"Le Gazelle Medeo T9 City : un v\u00e9lo \u00e9lectrique confortable, agr\u00e9able et tonique. Un prix fou pour un mod\u00e8le d'une telle qualit\u00e9 !\",\"breadcrumb\":{\"@id\":\"https:\/\/dumoulin.absoludev.ca\/en\/produit\/gazelle-medeo-t9-city\/#breadcrumb\"},\"inLanguage\":\"en-US\",\"potentialAction\":[{\"@type\":\"ReadAction\",\"target\":[\"https:\/\/dumoulin.absoludev.ca\/en\/produit\/gazelle-medeo-t9-city\/\"]}]},{\"@type\":\"ImageObject\",\"inLanguage\":\"en-US\",\"@id\":\"https:\/\/dumoulin.absoludev.ca\/en\/produit\/gazelle-medeo-t9-city\/#primaryimage\",\"url\":\"https:\/\/dumoulin.absoludev.ca\/wp-content\/uploads\/2025\/02\/gazelle-medeo-t9-city-cadre-bas-bleu-montreal-dumoulin-bicyclettes.jpeg\",\"contentUrl\":\"https:\/\/dumoulin.absoludev.ca\/wp-content\/uploads\/2025\/02\/gazelle-medeo-t9-city-cadre-bas-bleu-montreal-dumoulin-bicyclettes.jpeg\",\"width\":1279,\"height\":904,\"caption\":\"Gazelle_Medeo_T9_City-Cadre-Bas_bleu_montreal-Dumoulin_Bicyclettes_\"},{\"@type\":\"BreadcrumbList\",\"@id\":\"https:\/\/dumoulin.absoludev.ca\/en\/produit\/gazelle-medeo-t9-city\/#breadcrumb\",\"itemListElement\":[{\"@type\":\"ListItem\",\"position\":1,\"name\":\"Home\",\"item\":\"https:\/\/dumoulin.absoludev.ca\/en\/\"},{\"@type\":\"ListItem\",\"position\":2,\"name\":\"Shop\",\"item\":\"https:\/\/dumoulin.absoludev.ca\/en\/shop\/\"},{\"@type\":\"ListItem\",\"position\":3,\"name\":\"Gazelle Medeo T9 \u00abcity\u00bb\"}]},{\"@type\":\"WebSite\",\"@id\":\"https:\/\/dumoulin.absoludev.ca\/#website\",\"url\":\"https:\/\/dumoulin.absoludev.ca\/\",\"name\":\"Dumoulin Bicyclettes\",\"description\":\"\",\"publisher\":{\"@id\":\"https:\/\/dumoulin.absoludev.ca\/#organization\"},\"potentialAction\":[{\"@type\":\"SearchAction\",\"target\":{\"@type\":\"EntryPoint\",\"urlTemplate\":\"https:\/\/dumoulin.absoludev.ca\/?s={search_term_string}\"},\"query-input\":{\"@type\":\"PropertyValueSpecification\",\"valueRequired\":true,\"valueName\":\"search_term_string\"}}],\"inLanguage\":\"en-US\"},{\"@type\":\"Organization\",\"@id\":\"https:\/\/dumoulin.absoludev.ca\/#organization\",\"name\":\"Dumoulin Bicyclettes\",\"url\":\"https:\/\/dumoulin.absoludev.ca\/\",\"logo\":{\"@type\":\"ImageObject\",\"inLanguage\":\"en-US\",\"@id\":\"https:\/\/dumoulin.absoludev.ca\/#\/schema\/logo\/image\/\",\"url\":\"https:\/\/www.dumoulinbicyclettes.com\/wp-content\/uploads\/2021\/04\/Logo.svg\",\"contentUrl\":\"https:\/\/www.dumoulinbicyclettes.com\/wp-content\/uploads\/2021\/04\/Logo.svg\",\"width\":254,\"height\":86,\"caption\":\"Dumoulin Bicyclettes\"},\"image\":{\"@id\":\"https:\/\/dumoulin.absoludev.ca\/#\/schema\/logo\/image\/\"},\"sameAs\":[\"https:\/\/www.facebook.com\/dumoulinbicyclettes\",\"https:\/\/www.instagram.com\/dumoulin.ca\/\",\"https:\/\/www.youtube.com\/user\/dumoulinbicyclettes\"]}]}<\/script>\n<!-- \/ Yoast SEO plugin. -->","yoast_head_json":{"title":"Gazelle Medeo T9 \u00abcity\u00bb - Dumoulin Bicyclettes - Montr\u00e9al - VAE - v\u00e9los \u00e9lectriques","description":"Le Gazelle Medeo T9 City : un v\u00e9lo \u00e9lectrique confortable, agr\u00e9able et tonique. Un prix fou pour un mod\u00e8le d'une telle qualit\u00e9 !","robots":{"index":"noindex","follow":"follow","max-snippet":"max-snippet:-1","max-image-preview":"max-image-preview:large","max-video-preview":"max-video-preview:-1"},"og_locale":"en_US","og_type":"article","og_title":"Gazelle Medeo T9 \u00abcity\u00bb - Dumoulin Bicyclettes - Montr\u00e9al - VAE - v\u00e9los \u00e9lectriques","og_description":"Le Gazelle Medeo T9 City : un v\u00e9lo \u00e9lectrique confortable, agr\u00e9able et tonique. Un prix fou pour un mod\u00e8le d'une telle qualit\u00e9 !","og_url":"https:\/\/dumoulin.absoludev.ca\/en\/produit\/gazelle-medeo-t9-city\/","og_site_name":"Dumoulin Bicyclettes","article_publisher":"https:\/\/www.facebook.com\/dumoulinbicyclettes","article_modified_time":"2025-09-04T18:21:30+00:00","og_image":[{"width":1279,"height":904,"url":"https:\/\/dumoulin.absoludev.ca\/wp-content\/uploads\/2025\/02\/gazelle-medeo-t9-city-cadre-bas-bleu-montreal-dumoulin-bicyclettes.jpeg","type":"image\/jpeg"}],"twitter_card":"summary_large_image","twitter_misc":{"Est. reading time":"1 minute"},"schema":{"@context":"https:\/\/schema.org","@graph":[{"@type":"WebPage","@id":"https:\/\/dumoulin.absoludev.ca\/en\/produit\/gazelle-medeo-t9-city\/","url":"https:\/\/dumoulin.absoludev.ca\/en\/produit\/gazelle-medeo-t9-city\/","name":"Gazelle Medeo T9 \u00abcity\u00bb - Dumoulin Bicyclettes - Montr\u00e9al - VAE - v\u00e9los \u00e9lectriques","isPartOf":{"@id":"https:\/\/dumoulin.absoludev.ca\/#website"},"primaryImageOfPage":{"@id":"https:\/\/dumoulin.absoludev.ca\/en\/produit\/gazelle-medeo-t9-city\/#primaryimage"},"image":{"@id":"https:\/\/dumoulin.absoludev.ca\/en\/produit\/gazelle-medeo-t9-city\/#primaryimage"},"thumbnailUrl":"https:\/\/dumoulin.absoludev.ca\/wp-content\/uploads\/2025\/02\/gazelle-medeo-t9-city-cadre-bas-bleu-montreal-dumoulin-bicyclettes.jpeg","datePublished":"2025-02-27T03:07:39+00:00","dateModified":"2025-09-04T18:21:30+00:00","description":"Le Gazelle Medeo T9 City : un v\u00e9lo \u00e9lectrique confortable, agr\u00e9able et tonique. Un prix fou pour un mod\u00e8le d'une telle qualit\u00e9 !","breadcrumb":{"@id":"https:\/\/dumoulin.absoludev.ca\/en\/produit\/gazelle-medeo-t9-city\/#breadcrumb"},"inLanguage":"en-US","potentialAction":[{"@type":"ReadAction","target":["https:\/\/dumoulin.absoludev.ca\/en\/produit\/gazelle-medeo-t9-city\/"]}]},{"@type":"ImageObject","inLanguage":"en-US","@id":"https:\/\/dumoulin.absoludev.ca\/en\/produit\/gazelle-medeo-t9-city\/#primaryimage","url":"https:\/\/dumoulin.absoludev.ca\/wp-content\/uploads\/2025\/02\/gazelle-medeo-t9-city-cadre-bas-bleu-montreal-dumoulin-bicyclettes.jpeg","contentUrl":"https:\/\/dumoulin.absoludev.ca\/wp-content\/uploads\/2025\/02\/gazelle-medeo-t9-city-cadre-bas-bleu-montreal-dumoulin-bicyclettes.jpeg","width":1279,"height":904,"caption":"Gazelle_Medeo_T9_City-Cadre-Bas_bleu_montreal-Dumoulin_Bicyclettes_"},{"@type":"BreadcrumbList","@id":"https:\/\/dumoulin.absoludev.ca\/en\/produit\/gazelle-medeo-t9-city\/#breadcrumb","itemListElement":[{"@type":"ListItem","position":1,"name":"Home","item":"https:\/\/dumoulin.absoludev.ca\/en\/"},{"@type":"ListItem","position":2,"name":"Shop","item":"https:\/\/dumoulin.absoludev.ca\/en\/shop\/"},{"@type":"ListItem","position":3,"name":"Gazelle Medeo T9 \u00abcity\u00bb"}]},{"@type":"WebSite","@id":"https:\/\/dumoulin.absoludev.ca\/#website","url":"https:\/\/dumoulin.absoludev.ca\/","name":"Dumoulin Bicyclettes","description":"","publisher":{"@id":"https:\/\/dumoulin.absoludev.ca\/#organization"},"potentialAction":[{"@type":"SearchAction","target":{"@type":"EntryPoint","urlTemplate":"https:\/\/dumoulin.absoludev.ca\/?s={search_term_string}"},"query-input":{"@type":"PropertyValueSpecification","valueRequired":true,"valueName":"search_term_string"}}],"inLanguage":"en-US"},{"@type":"Organization","@id":"https:\/\/dumoulin.absoludev.ca\/#organization","name":"Dumoulin Bicyclettes","url":"https:\/\/dumoulin.absoludev.ca\/","logo":{"@type":"ImageObject","inLanguage":"en-US","@id":"https:\/\/dumoulin.absoludev.ca\/#\/schema\/logo\/image\/","url":"https:\/\/www.dumoulinbicyclettes.com\/wp-content\/uploads\/2021\/04\/Logo.svg","contentUrl":"https:\/\/www.dumoulinbicyclettes.com\/wp-content\/uploads\/2021\/04\/Logo.svg","width":254,"height":86,"caption":"Dumoulin Bicyclettes"},"image":{"@id":"https:\/\/dumoulin.absoludev.ca\/#\/schema\/logo\/image\/"},"sameAs":["https:\/\/www.facebook.com\/dumoulinbicyclettes","https:\/\/www.instagram.com\/dumoulin.ca\/","https:\/\/www.youtube.com\/user\/dumoulinbicyclettes"]}]}},"_links":{"self":[{"href":"https:\/\/dumoulin.absoludev.ca\/en\/wp-json\/wp\/v2\/product\/560079","targetHints":{"allow":["GET"]}}],"collection":[{"href":"https:\/\/dumoulin.absoludev.ca\/en\/wp-json\/wp\/v2\/product"}],"about":[{"href":"https:\/\/dumoulin.absoludev.ca\/en\/wp-json\/wp\/v2\/types\/product"}],"wp:featuredmedia":[{"embeddable":true,"href":"https:\/\/dumoulin.absoludev.ca\/en\/wp-json\/wp\/v2\/media\/569702"}],"wp:attachment":[{"href":"https:\/\/dumoulin.absoludev.ca\/en\/wp-json\/wp\/v2\/media?parent=560079"}],"wp:term":[{"taxonomy":"product_brand","embeddable":true,"href":"https:\/\/dumoulin.absoludev.ca\/en\/wp-json\/wp\/v2\/product_brand?post=560079"},{"taxonomy":"product_cat","embeddable":true,"href":"https:\/\/dumoulin.absoludev.ca\/en\/wp-json\/wp\/v2\/product_cat?post=560079"},{"taxonomy":"product_tag","embeddable":true,"href":"https:\/\/dumoulin.absoludev.ca\/en\/wp-json\/wp\/v2\/product_tag?post=560079"},{"taxonomy":"marque-produit","embeddable":true,"href":"https:\/\/dumoulin.absoludev.ca\/en\/wp-json\/wp\/v2\/marque-produit?post=560079"},{"taxonomy":"collection-produit","embeddable":true,"href":"https:\/\/dumoulin.absoludev.ca\/en\/wp-json\/wp\/v2\/collection-produit?post=560079"},{"taxonomy":"type-surface-produit","embeddable":true,"href":"https:\/\/dumoulin.absoludev.ca\/en\/wp-json\/wp\/v2\/type-surface-produit?post=560079"},{"taxonomy":"type-velo-produit","embeddable":true,"href":"https:\/\/dumoulin.absoludev.ca\/en\/wp-json\/wp\/v2\/type-velo-produit?post=560079"},{"taxonomy":"vetement-produit","embeddable":true,"href":"https:\/\/dumoulin.absoludev.ca\/en\/wp-json\/wp\/v2\/vetement-produit?post=560079"},{"taxonomy":"thematique-produit","embeddable":true,"href":"https:\/\/dumoulin.absoludev.ca\/en\/wp-json\/wp\/v2\/thematique-produit?post=560079"},{"taxonomy":"position-sur-le-v\u00e9lo","embeddable":true,"href":"https:\/\/dumoulin.absoludev.ca\/en\/wp-json\/wp\/v2\/position-sur-le-v\u00e9lo?post=560079"}],"curies":[{"name":"wp","href":"https:\/\/api.w.org\/{rel}","templated":true}]}}