{"id":558844,"date":"2025-02-24T18:27:39","date_gmt":"2025-02-24T23:27:39","guid":{"rendered":"https:\/\/www.dumoulinbicyclettes.com\/?post_type=product&#038;p=558844"},"modified":"2025-02-26T21:02:41","modified_gmt":"2025-02-27T02:02:41","slug":"gazelle-avignon","status":"publish","type":"product","link":"https:\/\/dumoulin.absoludev.ca\/en\/produit\/gazelle-avignon\/","title":{"rendered":"Gazelle Avignon"},"content":{"rendered":"<p>Quel v\u00e9lo \u00e9lectrique que ce Gazelle Avignon ! Il commence par vous impressionner avec ses lignes atypiques et de son allure \u00e9l\u00e9gante. Il \u00e9pate ensuite par son confort et sa simplicit\u00e9 d&#8217;utilisation. Son caract\u00e8re et ses nombreux d\u00e9tails ing\u00e9nieux finissent par vous enchanter.<\/p>\n","protected":false},"excerpt":{"rendered":"<p>Quel v\u00e9lo \u00e9lectrique que ce Gazelle Avignon ! Il commence par vous impressionner avec ses lignes atypiques et de son allure \u00e9l\u00e9gante. Il \u00e9pate ensuite par son confort et sa simplicit\u00e9 d&#8217;utilisation. Son caract\u00e8re et ses nombreux d\u00e9tails ing\u00e9nieux finissent par vous enchanter.<\/p>\n","protected":false},"featured_media":558876,"template":"","meta":{"_acf_changed":false},"product_brand":[],"product_cat":[176,165],"product_tag":[3425,3424],"marque-produit":[3423],"collection-produit":[],"type-surface-produit":[],"type-velo-produit":[2164],"vetement-produit":[],"thematique-produit":[],"position-sur-le-v\u00e9lo":[],"class_list":{"0":"post-558844","1":"product","2":"type-product","3":"status-publish","4":"has-post-thumbnail","6":"product_cat-electriques-hybrides","7":"product_cat-velo-electriques","8":"product_tag-avignon","9":"product_tag-gazelle","10":"marque-produit-gazelle","11":"type-velo-produit-electriques-en","13":"first","14":"onbackorder","15":"taxable","16":"shipping-taxable","17":"purchasable","18":"product-type-variable"},"acf":[],"yoast_head":"<!-- This site is optimized with the Yoast SEO plugin v24.3 - https:\/\/yoast.com\/wordpress\/plugins\/seo\/ -->\n<title>V\u00e9lo \u00e9lectrique Gazelle Avignon | Montr\u00e9al | Qu\u00e9bec | Confort et fun<\/title>\n<meta name=\"description\" content=\"Le v\u00e9lo \u00e9lectrique Gazelle Avignon est un ravissement : lignes originales et \u00e9quipements raffin\u00e9s, motorisation fiable, confort g\u00e9nial. En route !\" \/>\n<meta name=\"robots\" content=\"noindex, follow, max-snippet:-1, max-image-preview:large, max-video-preview:-1\" \/>\n<meta property=\"og:locale\" content=\"en_US\" \/>\n<meta property=\"og:type\" content=\"article\" \/>\n<meta property=\"og:title\" content=\"V\u00e9lo \u00e9lectrique Gazelle Avignon | Montr\u00e9al | Qu\u00e9bec | Confort et fun\" \/>\n<meta property=\"og:description\" content=\"Le v\u00e9lo \u00e9lectrique Gazelle Avignon est un ravissement : lignes originales et \u00e9quipements raffin\u00e9s, motorisation fiable, confort g\u00e9nial. En route !\" \/>\n<meta property=\"og:url\" content=\"https:\/\/dumoulin.absoludev.ca\/en\/produit\/gazelle-avignon\/\" \/>\n<meta property=\"og:site_name\" content=\"Dumoulin Bicyclettes\" \/>\n<meta property=\"article:publisher\" content=\"https:\/\/www.facebook.com\/dumoulinbicyclettes\" \/>\n<meta property=\"article:modified_time\" content=\"2025-02-27T02:02:41+00:00\" \/>\n<meta property=\"og:image\" content=\"https:\/\/dumoulin.absoludev.ca\/wp-content\/uploads\/2025\/02\/gazelle-avignon-velo-electrique-montreal-quebec-dumoulin-bicyclettes-01.jpeg\" \/>\n\t<meta property=\"og:image:width\" content=\"1280\" \/>\n\t<meta property=\"og:image:height\" content=\"905\" \/>\n\t<meta property=\"og:image:type\" content=\"image\/jpeg\" \/>\n<meta name=\"twitter:card\" content=\"summary_large_image\" \/>\n<meta name=\"twitter:label1\" content=\"Est. reading time\" \/>\n\t<meta name=\"twitter:data1\" content=\"1 minute\" \/>\n<script type=\"application\/ld+json\" class=\"yoast-schema-graph\">{\"@context\":\"https:\/\/schema.org\",\"@graph\":[{\"@type\":\"WebPage\",\"@id\":\"https:\/\/dumoulin.absoludev.ca\/en\/produit\/gazelle-avignon\/\",\"url\":\"https:\/\/dumoulin.absoludev.ca\/en\/produit\/gazelle-avignon\/\",\"name\":\"V\u00e9lo \u00e9lectrique Gazelle Avignon | Montr\u00e9al | Qu\u00e9bec | Confort et fun\",\"isPartOf\":{\"@id\":\"https:\/\/dumoulin.absoludev.ca\/#website\"},\"primaryImageOfPage\":{\"@id\":\"https:\/\/dumoulin.absoludev.ca\/en\/produit\/gazelle-avignon\/#primaryimage\"},\"image\":{\"@id\":\"https:\/\/dumoulin.absoludev.ca\/en\/produit\/gazelle-avignon\/#primaryimage\"},\"thumbnailUrl\":\"https:\/\/dumoulin.absoludev.ca\/wp-content\/uploads\/2025\/02\/gazelle-avignon-velo-electrique-montreal-quebec-dumoulin-bicyclettes-01.jpeg\",\"datePublished\":\"2025-02-24T23:27:39+00:00\",\"dateModified\":\"2025-02-27T02:02:41+00:00\",\"description\":\"Le v\u00e9lo \u00e9lectrique Gazelle Avignon est un ravissement : lignes originales et \u00e9quipements raffin\u00e9s, motorisation fiable, confort g\u00e9nial. En route !\",\"breadcrumb\":{\"@id\":\"https:\/\/dumoulin.absoludev.ca\/en\/produit\/gazelle-avignon\/#breadcrumb\"},\"inLanguage\":\"en-US\",\"potentialAction\":[{\"@type\":\"ReadAction\",\"target\":[\"https:\/\/dumoulin.absoludev.ca\/en\/produit\/gazelle-avignon\/\"]}]},{\"@type\":\"ImageObject\",\"inLanguage\":\"en-US\",\"@id\":\"https:\/\/dumoulin.absoludev.ca\/en\/produit\/gazelle-avignon\/#primaryimage\",\"url\":\"https:\/\/dumoulin.absoludev.ca\/wp-content\/uploads\/2025\/02\/gazelle-avignon-velo-electrique-montreal-quebec-dumoulin-bicyclettes-01.jpeg\",\"contentUrl\":\"https:\/\/dumoulin.absoludev.ca\/wp-content\/uploads\/2025\/02\/gazelle-avignon-velo-electrique-montreal-quebec-dumoulin-bicyclettes-01.jpeg\",\"width\":1280,\"height\":905,\"caption\":\"Gazelle_avignon_velo-electrique_montreal-Quebec_dumoulin_Bicyclettes_01\"},{\"@type\":\"BreadcrumbList\",\"@id\":\"https:\/\/dumoulin.absoludev.ca\/en\/produit\/gazelle-avignon\/#breadcrumb\",\"itemListElement\":[{\"@type\":\"ListItem\",\"position\":1,\"name\":\"Home\",\"item\":\"https:\/\/dumoulin.absoludev.ca\/en\/\"},{\"@type\":\"ListItem\",\"position\":2,\"name\":\"Shop\",\"item\":\"https:\/\/dumoulin.absoludev.ca\/en\/shop\/\"},{\"@type\":\"ListItem\",\"position\":3,\"name\":\"Gazelle Avignon\"}]},{\"@type\":\"WebSite\",\"@id\":\"https:\/\/dumoulin.absoludev.ca\/#website\",\"url\":\"https:\/\/dumoulin.absoludev.ca\/\",\"name\":\"Dumoulin Bicyclettes\",\"description\":\"\",\"publisher\":{\"@id\":\"https:\/\/dumoulin.absoludev.ca\/#organization\"},\"potentialAction\":[{\"@type\":\"SearchAction\",\"target\":{\"@type\":\"EntryPoint\",\"urlTemplate\":\"https:\/\/dumoulin.absoludev.ca\/?s={search_term_string}\"},\"query-input\":{\"@type\":\"PropertyValueSpecification\",\"valueRequired\":true,\"valueName\":\"search_term_string\"}}],\"inLanguage\":\"en-US\"},{\"@type\":\"Organization\",\"@id\":\"https:\/\/dumoulin.absoludev.ca\/#organization\",\"name\":\"Dumoulin Bicyclettes\",\"url\":\"https:\/\/dumoulin.absoludev.ca\/\",\"logo\":{\"@type\":\"ImageObject\",\"inLanguage\":\"en-US\",\"@id\":\"https:\/\/dumoulin.absoludev.ca\/#\/schema\/logo\/image\/\",\"url\":\"https:\/\/www.dumoulinbicyclettes.com\/wp-content\/uploads\/2021\/04\/Logo.svg\",\"contentUrl\":\"https:\/\/www.dumoulinbicyclettes.com\/wp-content\/uploads\/2021\/04\/Logo.svg\",\"width\":254,\"height\":86,\"caption\":\"Dumoulin Bicyclettes\"},\"image\":{\"@id\":\"https:\/\/dumoulin.absoludev.ca\/#\/schema\/logo\/image\/\"},\"sameAs\":[\"https:\/\/www.facebook.com\/dumoulinbicyclettes\",\"https:\/\/www.instagram.com\/dumoulin.ca\/\",\"https:\/\/www.youtube.com\/user\/dumoulinbicyclettes\"]}]}<\/script>\n<!-- \/ Yoast SEO plugin. -->","yoast_head_json":{"title":"V\u00e9lo \u00e9lectrique Gazelle Avignon | Montr\u00e9al | Qu\u00e9bec | Confort et fun","description":"Le v\u00e9lo \u00e9lectrique Gazelle Avignon est un ravissement : lignes originales et \u00e9quipements raffin\u00e9s, motorisation fiable, confort g\u00e9nial. En route !","robots":{"index":"noindex","follow":"follow","max-snippet":"max-snippet:-1","max-image-preview":"max-image-preview:large","max-video-preview":"max-video-preview:-1"},"og_locale":"en_US","og_type":"article","og_title":"V\u00e9lo \u00e9lectrique Gazelle Avignon | Montr\u00e9al | Qu\u00e9bec | Confort et fun","og_description":"Le v\u00e9lo \u00e9lectrique Gazelle Avignon est un ravissement : lignes originales et \u00e9quipements raffin\u00e9s, motorisation fiable, confort g\u00e9nial. En route !","og_url":"https:\/\/dumoulin.absoludev.ca\/en\/produit\/gazelle-avignon\/","og_site_name":"Dumoulin Bicyclettes","article_publisher":"https:\/\/www.facebook.com\/dumoulinbicyclettes","article_modified_time":"2025-02-27T02:02:41+00:00","og_image":[{"width":1280,"height":905,"url":"https:\/\/dumoulin.absoludev.ca\/wp-content\/uploads\/2025\/02\/gazelle-avignon-velo-electrique-montreal-quebec-dumoulin-bicyclettes-01.jpeg","type":"image\/jpeg"}],"twitter_card":"summary_large_image","twitter_misc":{"Est. reading time":"1 minute"},"schema":{"@context":"https:\/\/schema.org","@graph":[{"@type":"WebPage","@id":"https:\/\/dumoulin.absoludev.ca\/en\/produit\/gazelle-avignon\/","url":"https:\/\/dumoulin.absoludev.ca\/en\/produit\/gazelle-avignon\/","name":"V\u00e9lo \u00e9lectrique Gazelle Avignon | Montr\u00e9al | Qu\u00e9bec | Confort et fun","isPartOf":{"@id":"https:\/\/dumoulin.absoludev.ca\/#website"},"primaryImageOfPage":{"@id":"https:\/\/dumoulin.absoludev.ca\/en\/produit\/gazelle-avignon\/#primaryimage"},"image":{"@id":"https:\/\/dumoulin.absoludev.ca\/en\/produit\/gazelle-avignon\/#primaryimage"},"thumbnailUrl":"https:\/\/dumoulin.absoludev.ca\/wp-content\/uploads\/2025\/02\/gazelle-avignon-velo-electrique-montreal-quebec-dumoulin-bicyclettes-01.jpeg","datePublished":"2025-02-24T23:27:39+00:00","dateModified":"2025-02-27T02:02:41+00:00","description":"Le v\u00e9lo \u00e9lectrique Gazelle Avignon est un ravissement : lignes originales et \u00e9quipements raffin\u00e9s, motorisation fiable, confort g\u00e9nial. En route !","breadcrumb":{"@id":"https:\/\/dumoulin.absoludev.ca\/en\/produit\/gazelle-avignon\/#breadcrumb"},"inLanguage":"en-US","potentialAction":[{"@type":"ReadAction","target":["https:\/\/dumoulin.absoludev.ca\/en\/produit\/gazelle-avignon\/"]}]},{"@type":"ImageObject","inLanguage":"en-US","@id":"https:\/\/dumoulin.absoludev.ca\/en\/produit\/gazelle-avignon\/#primaryimage","url":"https:\/\/dumoulin.absoludev.ca\/wp-content\/uploads\/2025\/02\/gazelle-avignon-velo-electrique-montreal-quebec-dumoulin-bicyclettes-01.jpeg","contentUrl":"https:\/\/dumoulin.absoludev.ca\/wp-content\/uploads\/2025\/02\/gazelle-avignon-velo-electrique-montreal-quebec-dumoulin-bicyclettes-01.jpeg","width":1280,"height":905,"caption":"Gazelle_avignon_velo-electrique_montreal-Quebec_dumoulin_Bicyclettes_01"},{"@type":"BreadcrumbList","@id":"https:\/\/dumoulin.absoludev.ca\/en\/produit\/gazelle-avignon\/#breadcrumb","itemListElement":[{"@type":"ListItem","position":1,"name":"Home","item":"https:\/\/dumoulin.absoludev.ca\/en\/"},{"@type":"ListItem","position":2,"name":"Shop","item":"https:\/\/dumoulin.absoludev.ca\/en\/shop\/"},{"@type":"ListItem","position":3,"name":"Gazelle Avignon"}]},{"@type":"WebSite","@id":"https:\/\/dumoulin.absoludev.ca\/#website","url":"https:\/\/dumoulin.absoludev.ca\/","name":"Dumoulin Bicyclettes","description":"","publisher":{"@id":"https:\/\/dumoulin.absoludev.ca\/#organization"},"potentialAction":[{"@type":"SearchAction","target":{"@type":"EntryPoint","urlTemplate":"https:\/\/dumoulin.absoludev.ca\/?s={search_term_string}"},"query-input":{"@type":"PropertyValueSpecification","valueRequired":true,"valueName":"search_term_string"}}],"inLanguage":"en-US"},{"@type":"Organization","@id":"https:\/\/dumoulin.absoludev.ca\/#organization","name":"Dumoulin Bicyclettes","url":"https:\/\/dumoulin.absoludev.ca\/","logo":{"@type":"ImageObject","inLanguage":"en-US","@id":"https:\/\/dumoulin.absoludev.ca\/#\/schema\/logo\/image\/","url":"https:\/\/www.dumoulinbicyclettes.com\/wp-content\/uploads\/2021\/04\/Logo.svg","contentUrl":"https:\/\/www.dumoulinbicyclettes.com\/wp-content\/uploads\/2021\/04\/Logo.svg","width":254,"height":86,"caption":"Dumoulin Bicyclettes"},"image":{"@id":"https:\/\/dumoulin.absoludev.ca\/#\/schema\/logo\/image\/"},"sameAs":["https:\/\/www.facebook.com\/dumoulinbicyclettes","https:\/\/www.instagram.com\/dumoulin.ca\/","https:\/\/www.youtube.com\/user\/dumoulinbicyclettes"]}]}},"_links":{"self":[{"href":"https:\/\/dumoulin.absoludev.ca\/en\/wp-json\/wp\/v2\/product\/558844","targetHints":{"allow":["GET"]}}],"collection":[{"href":"https:\/\/dumoulin.absoludev.ca\/en\/wp-json\/wp\/v2\/product"}],"about":[{"href":"https:\/\/dumoulin.absoludev.ca\/en\/wp-json\/wp\/v2\/types\/product"}],"wp:featuredmedia":[{"embeddable":true,"href":"https:\/\/dumoulin.absoludev.ca\/en\/wp-json\/wp\/v2\/media\/558876"}],"wp:attachment":[{"href":"https:\/\/dumoulin.absoludev.ca\/en\/wp-json\/wp\/v2\/media?parent=558844"}],"wp:term":[{"taxonomy":"product_brand","embeddable":true,"href":"https:\/\/dumoulin.absoludev.ca\/en\/wp-json\/wp\/v2\/product_brand?post=558844"},{"taxonomy":"product_cat","embeddable":true,"href":"https:\/\/dumoulin.absoludev.ca\/en\/wp-json\/wp\/v2\/product_cat?post=558844"},{"taxonomy":"product_tag","embeddable":true,"href":"https:\/\/dumoulin.absoludev.ca\/en\/wp-json\/wp\/v2\/product_tag?post=558844"},{"taxonomy":"marque-produit","embeddable":true,"href":"https:\/\/dumoulin.absoludev.ca\/en\/wp-json\/wp\/v2\/marque-produit?post=558844"},{"taxonomy":"collection-produit","embeddable":true,"href":"https:\/\/dumoulin.absoludev.ca\/en\/wp-json\/wp\/v2\/collection-produit?post=558844"},{"taxonomy":"type-surface-produit","embeddable":true,"href":"https:\/\/dumoulin.absoludev.ca\/en\/wp-json\/wp\/v2\/type-surface-produit?post=558844"},{"taxonomy":"type-velo-produit","embeddable":true,"href":"https:\/\/dumoulin.absoludev.ca\/en\/wp-json\/wp\/v2\/type-velo-produit?post=558844"},{"taxonomy":"vetement-produit","embeddable":true,"href":"https:\/\/dumoulin.absoludev.ca\/en\/wp-json\/wp\/v2\/vetement-produit?post=558844"},{"taxonomy":"thematique-produit","embeddable":true,"href":"https:\/\/dumoulin.absoludev.ca\/en\/wp-json\/wp\/v2\/thematique-produit?post=558844"},{"taxonomy":"position-sur-le-v\u00e9lo","embeddable":true,"href":"https:\/\/dumoulin.absoludev.ca\/en\/wp-json\/wp\/v2\/position-sur-le-v\u00e9lo?post=558844"}],"curies":[{"name":"wp","href":"https:\/\/api.w.org\/{rel}","templated":true}]}}