{"id":553419,"date":"2025-02-17T22:09:50","date_gmt":"2025-02-18T03:09:50","guid":{"rendered":"http:\/\/www.dumoulinbicyclettes.com\/?post_type=product&#038;p=553419"},"modified":"2025-09-04T14:17:37","modified_gmt":"2025-09-04T18:17:37","slug":"brompton-c-line-explore-electrique-gloss-black-lacquer","status":"publish","type":"product","link":"https:\/\/dumoulin.absoludev.ca\/en\/produit\/brompton-c-line-explore-electrique-gloss-black-lacquer\/","title":{"rendered":"Brompton C Line explore \u00e9lectrique, guidon H, \u00ab Gloss Black Lacquer \u00bb"},"content":{"rendered":"<p>V\u00e9lo pliable <a href=\"https:\/\/www.dumoulinbicyclettes.com\/5-raisons-qui-font-dun-brompton-un-excellent-velo-de-ville\/\" target=\"_blank\" rel=\"noopener\">pratique<\/a>, voici le Brompton C Line explore \u00e9lectrique !<\/p>\n<p>Ce mod\u00e8le \u00e9lectrique est noir \u00ab Gloss Black Lacquer \u00bb avec une hauteur de guidon \u00abH\u00bb et des garde-boue. Nous choisissons les pneus Schwalbe Marathon qui offrent une durabilit\u00e9 int\u00e9ressante et surtout, vous procure une bonne protection anti-crevaison.<\/p>\n<p>Le mod\u00e8le \u00abexplore\u00bb <strong>ici en inventaire<\/strong> est un mod\u00e8le 6 vitesses.<\/p>\n","protected":false},"excerpt":{"rendered":"<p>V\u00e9lo pliable pratique, voici le Brompton C Line explore \u00e9lectrique ! Ce mod\u00e8le \u00e9lectrique est noir \u00ab Gloss Black Lacquer \u00bb avec une hauteur de guidon \u00abH\u00bb et des garde-boue. Nous choisissons les pneus Schwalbe Marathon qui offrent une durabilit\u00e9 int\u00e9ressante et surtout, vous procure une bonne protection anti-crevaison. Le mod\u00e8le \u00abexplore\u00bb ici en inventaire [&hellip;]<\/p>\n","protected":false},"featured_media":554561,"template":"","meta":{"_acf_changed":false},"product_brand":[],"product_cat":[1205],"product_tag":[2242,2670,2382,2880,3414,3408],"marque-produit":[153],"collection-produit":[2883,3392],"type-surface-produit":[],"type-velo-produit":[],"vetement-produit":[],"thematique-produit":[],"position-sur-le-v\u00e9lo":[],"class_list":{"0":"post-553419","1":"product","2":"type-product","3":"status-publish","4":"has-post-thumbnail","6":"product_cat-velos-pliables","7":"product_tag-brompton","8":"product_tag-c-line","9":"product_tag-electrique","10":"product_tag-explore","11":"product_tag-gloss-black-lacquer","12":"product_tag-guidon-h","13":"marque-produit-brompton","14":"collection-produit-brompton","15":"collection-produit-velos-en-inventaire","17":"first","18":"outofstock","19":"sale","20":"taxable","21":"shipping-taxable","22":"purchasable","23":"product-type-simple"},"acf":[],"yoast_head":"<!-- This site is optimized with the Yoast SEO plugin v24.3 - https:\/\/yoast.com\/wordpress\/plugins\/seo\/ -->\n<title>V\u00e9los pliables Brompton | Dumoulin Bicyclettes | Montr\u00e9al | Qu\u00e9bec<\/title>\n<meta name=\"description\" content=\"Le Brompton C Line explore \u00e9lectrique est le mod\u00e8le classique de Brompton : compact, pliable facilement et roulant efficacement. Disponible en magasin.\" \/>\n<meta name=\"robots\" content=\"noindex, follow, max-snippet:-1, max-image-preview:large, max-video-preview:-1\" \/>\n<meta property=\"og:locale\" content=\"en_US\" \/>\n<meta property=\"og:type\" content=\"article\" \/>\n<meta property=\"og:title\" content=\"V\u00e9los pliables Brompton | Dumoulin Bicyclettes | Montr\u00e9al | Qu\u00e9bec\" \/>\n<meta property=\"og:description\" content=\"Le Brompton C Line explore \u00e9lectrique est le mod\u00e8le classique de Brompton : compact, pliable facilement et roulant efficacement. Disponible en magasin.\" \/>\n<meta property=\"og:url\" content=\"https:\/\/dumoulin.absoludev.ca\/produit\/brompton-c-line-explore-electrique-gloss-black-lacquer\/\" \/>\n<meta property=\"og:site_name\" content=\"Dumoulin Bicyclettes\" \/>\n<meta property=\"article:publisher\" content=\"https:\/\/www.facebook.com\/dumoulinbicyclettes\" \/>\n<meta property=\"article:modified_time\" content=\"2025-09-04T18:17:37+00:00\" \/>\n<meta property=\"og:image\" content=\"https:\/\/dumoulin.absoludev.ca\/wp-content\/uploads\/2025\/02\/brompton-elecl-noir-laque-3-grande-taille.jpeg\" \/>\n\t<meta property=\"og:image:width\" content=\"1280\" \/>\n\t<meta property=\"og:image:height\" content=\"1024\" \/>\n\t<meta property=\"og:image:type\" content=\"image\/jpeg\" \/>\n<meta name=\"twitter:card\" content=\"summary_large_image\" \/>\n<meta name=\"twitter:label1\" content=\"Est. reading time\" \/>\n\t<meta name=\"twitter:data1\" content=\"1 minute\" \/>\n<script type=\"application\/ld+json\" class=\"yoast-schema-graph\">{\"@context\":\"https:\/\/schema.org\",\"@graph\":[{\"@type\":\"WebPage\",\"@id\":\"https:\/\/dumoulin.absoludev.ca\/produit\/brompton-c-line-explore-electrique-gloss-black-lacquer\/\",\"url\":\"https:\/\/dumoulin.absoludev.ca\/produit\/brompton-c-line-explore-electrique-gloss-black-lacquer\/\",\"name\":\"V\u00e9los pliables Brompton | Dumoulin Bicyclettes | Montr\u00e9al | Qu\u00e9bec\",\"isPartOf\":{\"@id\":\"https:\/\/dumoulin.absoludev.ca\/#website\"},\"primaryImageOfPage\":{\"@id\":\"https:\/\/dumoulin.absoludev.ca\/produit\/brompton-c-line-explore-electrique-gloss-black-lacquer\/#primaryimage\"},\"image\":{\"@id\":\"https:\/\/dumoulin.absoludev.ca\/produit\/brompton-c-line-explore-electrique-gloss-black-lacquer\/#primaryimage\"},\"thumbnailUrl\":\"https:\/\/dumoulin.absoludev.ca\/wp-content\/uploads\/2025\/02\/brompton-elecl-noir-laque-3-grande-taille.jpeg\",\"datePublished\":\"2025-02-18T03:09:50+00:00\",\"dateModified\":\"2025-09-04T18:17:37+00:00\",\"description\":\"Le Brompton C Line explore \u00e9lectrique est le mod\u00e8le classique de Brompton : compact, pliable facilement et roulant efficacement. Disponible en magasin.\",\"breadcrumb\":{\"@id\":\"https:\/\/dumoulin.absoludev.ca\/produit\/brompton-c-line-explore-electrique-gloss-black-lacquer\/#breadcrumb\"},\"inLanguage\":\"en-US\",\"potentialAction\":[{\"@type\":\"ReadAction\",\"target\":[\"https:\/\/dumoulin.absoludev.ca\/produit\/brompton-c-line-explore-electrique-gloss-black-lacquer\/\"]}]},{\"@type\":\"ImageObject\",\"inLanguage\":\"en-US\",\"@id\":\"https:\/\/dumoulin.absoludev.ca\/produit\/brompton-c-line-explore-electrique-gloss-black-lacquer\/#primaryimage\",\"url\":\"https:\/\/dumoulin.absoludev.ca\/wp-content\/uploads\/2025\/02\/brompton-elecl-noir-laque-3-grande-taille.jpeg\",\"contentUrl\":\"https:\/\/dumoulin.absoludev.ca\/wp-content\/uploads\/2025\/02\/brompton-elecl-noir-laque-3-grande-taille.jpeg\",\"width\":1280,\"height\":1024,\"caption\":\"BROMPTON ELEC.L_NOIR LAQUE\u0301 - 3 \u2013 grande taille\"},{\"@type\":\"BreadcrumbList\",\"@id\":\"https:\/\/dumoulin.absoludev.ca\/produit\/brompton-c-line-explore-electrique-gloss-black-lacquer\/#breadcrumb\",\"itemListElement\":[{\"@type\":\"ListItem\",\"position\":1,\"name\":\"Home\",\"item\":\"https:\/\/dumoulin.absoludev.ca\/en\/\"},{\"@type\":\"ListItem\",\"position\":2,\"name\":\"Shop\",\"item\":\"https:\/\/dumoulin.absoludev.ca\/en\/shop\/\"},{\"@type\":\"ListItem\",\"position\":3,\"name\":\"Brompton C Line explore \u00e9lectrique, guidon H, \u00ab Gloss Black Lacquer \u00bb\"}]},{\"@type\":\"WebSite\",\"@id\":\"https:\/\/dumoulin.absoludev.ca\/#website\",\"url\":\"https:\/\/dumoulin.absoludev.ca\/\",\"name\":\"Dumoulin Bicyclettes\",\"description\":\"\",\"publisher\":{\"@id\":\"https:\/\/dumoulin.absoludev.ca\/#organization\"},\"potentialAction\":[{\"@type\":\"SearchAction\",\"target\":{\"@type\":\"EntryPoint\",\"urlTemplate\":\"https:\/\/dumoulin.absoludev.ca\/?s={search_term_string}\"},\"query-input\":{\"@type\":\"PropertyValueSpecification\",\"valueRequired\":true,\"valueName\":\"search_term_string\"}}],\"inLanguage\":\"en-US\"},{\"@type\":\"Organization\",\"@id\":\"https:\/\/dumoulin.absoludev.ca\/#organization\",\"name\":\"Dumoulin Bicyclettes\",\"url\":\"https:\/\/dumoulin.absoludev.ca\/\",\"logo\":{\"@type\":\"ImageObject\",\"inLanguage\":\"en-US\",\"@id\":\"https:\/\/dumoulin.absoludev.ca\/#\/schema\/logo\/image\/\",\"url\":\"https:\/\/www.dumoulinbicyclettes.com\/wp-content\/uploads\/2021\/04\/Logo.svg\",\"contentUrl\":\"https:\/\/www.dumoulinbicyclettes.com\/wp-content\/uploads\/2021\/04\/Logo.svg\",\"width\":254,\"height\":86,\"caption\":\"Dumoulin Bicyclettes\"},\"image\":{\"@id\":\"https:\/\/dumoulin.absoludev.ca\/#\/schema\/logo\/image\/\"},\"sameAs\":[\"https:\/\/www.facebook.com\/dumoulinbicyclettes\",\"https:\/\/www.instagram.com\/dumoulin.ca\/\",\"https:\/\/www.youtube.com\/user\/dumoulinbicyclettes\"]}]}<\/script>\n<!-- \/ Yoast SEO plugin. -->","yoast_head_json":{"title":"V\u00e9los pliables Brompton | Dumoulin Bicyclettes | Montr\u00e9al | Qu\u00e9bec","description":"Le Brompton C Line explore \u00e9lectrique est le mod\u00e8le classique de Brompton : compact, pliable facilement et roulant efficacement. Disponible en magasin.","robots":{"index":"noindex","follow":"follow","max-snippet":"max-snippet:-1","max-image-preview":"max-image-preview:large","max-video-preview":"max-video-preview:-1"},"og_locale":"en_US","og_type":"article","og_title":"V\u00e9los pliables Brompton | Dumoulin Bicyclettes | Montr\u00e9al | Qu\u00e9bec","og_description":"Le Brompton C Line explore \u00e9lectrique est le mod\u00e8le classique de Brompton : compact, pliable facilement et roulant efficacement. Disponible en magasin.","og_url":"https:\/\/dumoulin.absoludev.ca\/produit\/brompton-c-line-explore-electrique-gloss-black-lacquer\/","og_site_name":"Dumoulin Bicyclettes","article_publisher":"https:\/\/www.facebook.com\/dumoulinbicyclettes","article_modified_time":"2025-09-04T18:17:37+00:00","og_image":[{"width":1280,"height":1024,"url":"https:\/\/dumoulin.absoludev.ca\/wp-content\/uploads\/2025\/02\/brompton-elecl-noir-laque-3-grande-taille.jpeg","type":"image\/jpeg"}],"twitter_card":"summary_large_image","twitter_misc":{"Est. reading time":"1 minute"},"schema":{"@context":"https:\/\/schema.org","@graph":[{"@type":"WebPage","@id":"https:\/\/dumoulin.absoludev.ca\/produit\/brompton-c-line-explore-electrique-gloss-black-lacquer\/","url":"https:\/\/dumoulin.absoludev.ca\/produit\/brompton-c-line-explore-electrique-gloss-black-lacquer\/","name":"V\u00e9los pliables Brompton | Dumoulin Bicyclettes | Montr\u00e9al | Qu\u00e9bec","isPartOf":{"@id":"https:\/\/dumoulin.absoludev.ca\/#website"},"primaryImageOfPage":{"@id":"https:\/\/dumoulin.absoludev.ca\/produit\/brompton-c-line-explore-electrique-gloss-black-lacquer\/#primaryimage"},"image":{"@id":"https:\/\/dumoulin.absoludev.ca\/produit\/brompton-c-line-explore-electrique-gloss-black-lacquer\/#primaryimage"},"thumbnailUrl":"https:\/\/dumoulin.absoludev.ca\/wp-content\/uploads\/2025\/02\/brompton-elecl-noir-laque-3-grande-taille.jpeg","datePublished":"2025-02-18T03:09:50+00:00","dateModified":"2025-09-04T18:17:37+00:00","description":"Le Brompton C Line explore \u00e9lectrique est le mod\u00e8le classique de Brompton : compact, pliable facilement et roulant efficacement. Disponible en magasin.","breadcrumb":{"@id":"https:\/\/dumoulin.absoludev.ca\/produit\/brompton-c-line-explore-electrique-gloss-black-lacquer\/#breadcrumb"},"inLanguage":"en-US","potentialAction":[{"@type":"ReadAction","target":["https:\/\/dumoulin.absoludev.ca\/produit\/brompton-c-line-explore-electrique-gloss-black-lacquer\/"]}]},{"@type":"ImageObject","inLanguage":"en-US","@id":"https:\/\/dumoulin.absoludev.ca\/produit\/brompton-c-line-explore-electrique-gloss-black-lacquer\/#primaryimage","url":"https:\/\/dumoulin.absoludev.ca\/wp-content\/uploads\/2025\/02\/brompton-elecl-noir-laque-3-grande-taille.jpeg","contentUrl":"https:\/\/dumoulin.absoludev.ca\/wp-content\/uploads\/2025\/02\/brompton-elecl-noir-laque-3-grande-taille.jpeg","width":1280,"height":1024,"caption":"BROMPTON ELEC.L_NOIR LAQUE\u0301 - 3 \u2013 grande taille"},{"@type":"BreadcrumbList","@id":"https:\/\/dumoulin.absoludev.ca\/produit\/brompton-c-line-explore-electrique-gloss-black-lacquer\/#breadcrumb","itemListElement":[{"@type":"ListItem","position":1,"name":"Home","item":"https:\/\/dumoulin.absoludev.ca\/en\/"},{"@type":"ListItem","position":2,"name":"Shop","item":"https:\/\/dumoulin.absoludev.ca\/en\/shop\/"},{"@type":"ListItem","position":3,"name":"Brompton C Line explore \u00e9lectrique, guidon H, \u00ab Gloss Black Lacquer \u00bb"}]},{"@type":"WebSite","@id":"https:\/\/dumoulin.absoludev.ca\/#website","url":"https:\/\/dumoulin.absoludev.ca\/","name":"Dumoulin Bicyclettes","description":"","publisher":{"@id":"https:\/\/dumoulin.absoludev.ca\/#organization"},"potentialAction":[{"@type":"SearchAction","target":{"@type":"EntryPoint","urlTemplate":"https:\/\/dumoulin.absoludev.ca\/?s={search_term_string}"},"query-input":{"@type":"PropertyValueSpecification","valueRequired":true,"valueName":"search_term_string"}}],"inLanguage":"en-US"},{"@type":"Organization","@id":"https:\/\/dumoulin.absoludev.ca\/#organization","name":"Dumoulin Bicyclettes","url":"https:\/\/dumoulin.absoludev.ca\/","logo":{"@type":"ImageObject","inLanguage":"en-US","@id":"https:\/\/dumoulin.absoludev.ca\/#\/schema\/logo\/image\/","url":"https:\/\/www.dumoulinbicyclettes.com\/wp-content\/uploads\/2021\/04\/Logo.svg","contentUrl":"https:\/\/www.dumoulinbicyclettes.com\/wp-content\/uploads\/2021\/04\/Logo.svg","width":254,"height":86,"caption":"Dumoulin Bicyclettes"},"image":{"@id":"https:\/\/dumoulin.absoludev.ca\/#\/schema\/logo\/image\/"},"sameAs":["https:\/\/www.facebook.com\/dumoulinbicyclettes","https:\/\/www.instagram.com\/dumoulin.ca\/","https:\/\/www.youtube.com\/user\/dumoulinbicyclettes"]}]}},"_links":{"self":[{"href":"https:\/\/dumoulin.absoludev.ca\/en\/wp-json\/wp\/v2\/product\/553419","targetHints":{"allow":["GET"]}}],"collection":[{"href":"https:\/\/dumoulin.absoludev.ca\/en\/wp-json\/wp\/v2\/product"}],"about":[{"href":"https:\/\/dumoulin.absoludev.ca\/en\/wp-json\/wp\/v2\/types\/product"}],"wp:featuredmedia":[{"embeddable":true,"href":"https:\/\/dumoulin.absoludev.ca\/en\/wp-json\/wp\/v2\/media\/554561"}],"wp:attachment":[{"href":"https:\/\/dumoulin.absoludev.ca\/en\/wp-json\/wp\/v2\/media?parent=553419"}],"wp:term":[{"taxonomy":"product_brand","embeddable":true,"href":"https:\/\/dumoulin.absoludev.ca\/en\/wp-json\/wp\/v2\/product_brand?post=553419"},{"taxonomy":"product_cat","embeddable":true,"href":"https:\/\/dumoulin.absoludev.ca\/en\/wp-json\/wp\/v2\/product_cat?post=553419"},{"taxonomy":"product_tag","embeddable":true,"href":"https:\/\/dumoulin.absoludev.ca\/en\/wp-json\/wp\/v2\/product_tag?post=553419"},{"taxonomy":"marque-produit","embeddable":true,"href":"https:\/\/dumoulin.absoludev.ca\/en\/wp-json\/wp\/v2\/marque-produit?post=553419"},{"taxonomy":"collection-produit","embeddable":true,"href":"https:\/\/dumoulin.absoludev.ca\/en\/wp-json\/wp\/v2\/collection-produit?post=553419"},{"taxonomy":"type-surface-produit","embeddable":true,"href":"https:\/\/dumoulin.absoludev.ca\/en\/wp-json\/wp\/v2\/type-surface-produit?post=553419"},{"taxonomy":"type-velo-produit","embeddable":true,"href":"https:\/\/dumoulin.absoludev.ca\/en\/wp-json\/wp\/v2\/type-velo-produit?post=553419"},{"taxonomy":"vetement-produit","embeddable":true,"href":"https:\/\/dumoulin.absoludev.ca\/en\/wp-json\/wp\/v2\/vetement-produit?post=553419"},{"taxonomy":"thematique-produit","embeddable":true,"href":"https:\/\/dumoulin.absoludev.ca\/en\/wp-json\/wp\/v2\/thematique-produit?post=553419"},{"taxonomy":"position-sur-le-v\u00e9lo","embeddable":true,"href":"https:\/\/dumoulin.absoludev.ca\/en\/wp-json\/wp\/v2\/position-sur-le-v\u00e9lo?post=553419"}],"curies":[{"name":"wp","href":"https:\/\/api.w.org\/{rel}","templated":true}]}}