{"id":551406,"date":"2025-02-14T16:12:45","date_gmt":"2025-02-14T21:12:45","guid":{"rendered":"http:\/\/www.dumoulinbicyclettes.com\/?post_type=product&#038;p=551406"},"modified":"2025-09-04T14:16:24","modified_gmt":"2025-09-04T18:16:24","slug":"burley-travoy-upper-market-bag-black","status":"publish","type":"product","link":"https:\/\/dumoulin.absoludev.ca\/en\/produit\/burley-travoy-upper-market-bag-black\/","title":{"rendered":"Sac Burley Travoy &#8220;Upper Market Bag&#8221;"},"content":{"rendered":"<p>Le Burley Travoy &#8220;Upper Market Bag&#8221; est un sac de transport robuste qui s&#8217;attache sur le dessus de votre remorque Travoy pour transporter facilement votre \u00e9picerie \u00e0 v\u00e9lo. Une sangle d&#8217;\u00e9paule r\u00e9glable et un large espace de rangement en font une excellente option pour le transport de mat\u00e9riel \u00e0 pied ou \u00e0 v\u00e9lo. Le tissu r\u00e9sistant et le rabat sup\u00e9rieur assurent la s\u00e9curit\u00e9 des objets sur les trajets cahoteux.<\/p>\n","protected":false},"excerpt":{"rendered":"<p>Le Burley Travoy &#8220;Upper Market Bag&#8221; est un sac de transport robuste qui s&#8217;attache sur le dessus de votre remorque Travoy pour transporter facilement votre \u00e9picerie \u00e0 v\u00e9lo. Une sangle d&#8217;\u00e9paule r\u00e9glable et un large espace de rangement en font une excellente option pour le transport de mat\u00e9riel \u00e0 pied ou \u00e0 v\u00e9lo. Le tissu [&hellip;]<\/p>\n","protected":false},"featured_media":556418,"template":"","meta":{"_acf_changed":false},"product_brand":[],"product_cat":[198,195,188],"product_tag":[3419,2381,3421],"marque-produit":[1457],"collection-produit":[],"type-surface-produit":[],"type-velo-produit":[],"vetement-produit":[],"thematique-produit":[],"position-sur-le-v\u00e9lo":[],"class_list":{"0":"post-551406","1":"product","2":"type-product","3":"status-publish","4":"has-post-thumbnail","6":"product_cat-paniers","7":"product_cat-sacoches","8":"product_cat-sacs-et-porte-bagages","9":"product_tag-burley-travoy","10":"product_tag-sac","11":"product_tag-upper-market-bag","12":"marque-produit-burley","14":"first","15":"outofstock","16":"taxable","17":"shipping-taxable","18":"purchasable","19":"product-type-simple"},"acf":[],"yoast_head":"<!-- This site is optimized with the Yoast SEO plugin v24.3 - https:\/\/yoast.com\/wordpress\/plugins\/seo\/ -->\n<title>Sac Burley Travoy &quot;Upper Market Bag&quot; - Dumoulin Bicyclettes<\/title>\n<meta name=\"description\" content=\"Le Burley &quot;Upper Market Bag&quot; est un sac de transport robuste qui s&#039;attache sur le dessus de votre remorque Travoy pour transporter votre \u00e9picerie \u00e0 v\u00e9lo.\" \/>\n<meta name=\"robots\" content=\"noindex, follow, max-snippet:-1, max-image-preview:large, max-video-preview:-1\" \/>\n<meta property=\"og:locale\" content=\"en_US\" \/>\n<meta property=\"og:type\" content=\"article\" \/>\n<meta property=\"og:title\" content=\"Sac Burley Travoy &quot;Upper Market Bag&quot; - Dumoulin Bicyclettes\" \/>\n<meta property=\"og:description\" content=\"Le Burley &quot;Upper Market Bag&quot; est un sac de transport robuste qui s&#039;attache sur le dessus de votre remorque Travoy pour transporter votre \u00e9picerie \u00e0 v\u00e9lo.\" \/>\n<meta property=\"og:url\" content=\"https:\/\/dumoulin.absoludev.ca\/produit\/burley-travoy-upper-market-bag-black\/\" \/>\n<meta property=\"og:site_name\" content=\"Dumoulin Bicyclettes\" \/>\n<meta property=\"article:publisher\" content=\"https:\/\/www.facebook.com\/dumoulinbicyclettes\" \/>\n<meta property=\"article:modified_time\" content=\"2025-09-04T18:16:24+00:00\" \/>\n<meta property=\"og:image\" content=\"https:\/\/dumoulin.absoludev.ca\/wp-content\/uploads\/2025\/02\/Sac-Burley-Travoy-_Upper-Market-Bag_-dumoulin-bicyclettes-montreal-1.webp\" \/>\n\t<meta property=\"og:image:width\" content=\"2000\" \/>\n\t<meta property=\"og:image:height\" content=\"2000\" \/>\n\t<meta property=\"og:image:type\" content=\"image\/webp\" \/>\n<meta name=\"twitter:card\" content=\"summary_large_image\" \/>\n<meta name=\"twitter:label1\" content=\"Est. reading time\" \/>\n\t<meta name=\"twitter:data1\" content=\"1 minute\" \/>\n<script type=\"application\/ld+json\" class=\"yoast-schema-graph\">{\"@context\":\"https:\/\/schema.org\",\"@graph\":[{\"@type\":\"WebPage\",\"@id\":\"https:\/\/dumoulin.absoludev.ca\/produit\/burley-travoy-upper-market-bag-black\/\",\"url\":\"https:\/\/dumoulin.absoludev.ca\/produit\/burley-travoy-upper-market-bag-black\/\",\"name\":\"Sac Burley Travoy \\\"Upper Market Bag\\\" - Dumoulin Bicyclettes\",\"isPartOf\":{\"@id\":\"https:\/\/dumoulin.absoludev.ca\/#website\"},\"primaryImageOfPage\":{\"@id\":\"https:\/\/dumoulin.absoludev.ca\/produit\/burley-travoy-upper-market-bag-black\/#primaryimage\"},\"image\":{\"@id\":\"https:\/\/dumoulin.absoludev.ca\/produit\/burley-travoy-upper-market-bag-black\/#primaryimage\"},\"thumbnailUrl\":\"https:\/\/dumoulin.absoludev.ca\/wp-content\/uploads\/2025\/02\/Sac-Burley-Travoy-_Upper-Market-Bag_-dumoulin-bicyclettes-montreal-1.webp\",\"datePublished\":\"2025-02-14T21:12:45+00:00\",\"dateModified\":\"2025-09-04T18:16:24+00:00\",\"description\":\"Le Burley \\\"Upper Market Bag\\\" est un sac de transport robuste qui s'attache sur le dessus de votre remorque Travoy pour transporter votre \u00e9picerie \u00e0 v\u00e9lo.\",\"breadcrumb\":{\"@id\":\"https:\/\/dumoulin.absoludev.ca\/produit\/burley-travoy-upper-market-bag-black\/#breadcrumb\"},\"inLanguage\":\"en-US\",\"potentialAction\":[{\"@type\":\"ReadAction\",\"target\":[\"https:\/\/dumoulin.absoludev.ca\/produit\/burley-travoy-upper-market-bag-black\/\"]}]},{\"@type\":\"ImageObject\",\"inLanguage\":\"en-US\",\"@id\":\"https:\/\/dumoulin.absoludev.ca\/produit\/burley-travoy-upper-market-bag-black\/#primaryimage\",\"url\":\"https:\/\/dumoulin.absoludev.ca\/wp-content\/uploads\/2025\/02\/Sac-Burley-Travoy-_Upper-Market-Bag_-dumoulin-bicyclettes-montreal-1.webp\",\"contentUrl\":\"https:\/\/dumoulin.absoludev.ca\/wp-content\/uploads\/2025\/02\/Sac-Burley-Travoy-_Upper-Market-Bag_-dumoulin-bicyclettes-montreal-1.webp\",\"width\":2000,\"height\":2000},{\"@type\":\"BreadcrumbList\",\"@id\":\"https:\/\/dumoulin.absoludev.ca\/produit\/burley-travoy-upper-market-bag-black\/#breadcrumb\",\"itemListElement\":[{\"@type\":\"ListItem\",\"position\":1,\"name\":\"Home\",\"item\":\"https:\/\/dumoulin.absoludev.ca\/en\/\"},{\"@type\":\"ListItem\",\"position\":2,\"name\":\"Shop\",\"item\":\"https:\/\/dumoulin.absoludev.ca\/en\/shop\/\"},{\"@type\":\"ListItem\",\"position\":3,\"name\":\"Sac Burley Travoy \u00ab\u00a0Upper Market Bag\u00a0\u00bb\"}]},{\"@type\":\"WebSite\",\"@id\":\"https:\/\/dumoulin.absoludev.ca\/#website\",\"url\":\"https:\/\/dumoulin.absoludev.ca\/\",\"name\":\"Dumoulin Bicyclettes\",\"description\":\"\",\"publisher\":{\"@id\":\"https:\/\/dumoulin.absoludev.ca\/#organization\"},\"potentialAction\":[{\"@type\":\"SearchAction\",\"target\":{\"@type\":\"EntryPoint\",\"urlTemplate\":\"https:\/\/dumoulin.absoludev.ca\/?s={search_term_string}\"},\"query-input\":{\"@type\":\"PropertyValueSpecification\",\"valueRequired\":true,\"valueName\":\"search_term_string\"}}],\"inLanguage\":\"en-US\"},{\"@type\":\"Organization\",\"@id\":\"https:\/\/dumoulin.absoludev.ca\/#organization\",\"name\":\"Dumoulin Bicyclettes\",\"url\":\"https:\/\/dumoulin.absoludev.ca\/\",\"logo\":{\"@type\":\"ImageObject\",\"inLanguage\":\"en-US\",\"@id\":\"https:\/\/dumoulin.absoludev.ca\/#\/schema\/logo\/image\/\",\"url\":\"https:\/\/www.dumoulinbicyclettes.com\/wp-content\/uploads\/2021\/04\/Logo.svg\",\"contentUrl\":\"https:\/\/www.dumoulinbicyclettes.com\/wp-content\/uploads\/2021\/04\/Logo.svg\",\"width\":254,\"height\":86,\"caption\":\"Dumoulin Bicyclettes\"},\"image\":{\"@id\":\"https:\/\/dumoulin.absoludev.ca\/#\/schema\/logo\/image\/\"},\"sameAs\":[\"https:\/\/www.facebook.com\/dumoulinbicyclettes\",\"https:\/\/www.instagram.com\/dumoulin.ca\/\",\"https:\/\/www.youtube.com\/user\/dumoulinbicyclettes\"]}]}<\/script>\n<!-- \/ Yoast SEO plugin. -->","yoast_head_json":{"title":"Sac Burley Travoy \"Upper Market Bag\" - Dumoulin Bicyclettes","description":"Le Burley \"Upper Market Bag\" est un sac de transport robuste qui s'attache sur le dessus de votre remorque Travoy pour transporter votre \u00e9picerie \u00e0 v\u00e9lo.","robots":{"index":"noindex","follow":"follow","max-snippet":"max-snippet:-1","max-image-preview":"max-image-preview:large","max-video-preview":"max-video-preview:-1"},"og_locale":"en_US","og_type":"article","og_title":"Sac Burley Travoy \"Upper Market Bag\" - Dumoulin Bicyclettes","og_description":"Le Burley \"Upper Market Bag\" est un sac de transport robuste qui s'attache sur le dessus de votre remorque Travoy pour transporter votre \u00e9picerie \u00e0 v\u00e9lo.","og_url":"https:\/\/dumoulin.absoludev.ca\/produit\/burley-travoy-upper-market-bag-black\/","og_site_name":"Dumoulin Bicyclettes","article_publisher":"https:\/\/www.facebook.com\/dumoulinbicyclettes","article_modified_time":"2025-09-04T18:16:24+00:00","og_image":[{"width":2000,"height":2000,"url":"https:\/\/dumoulin.absoludev.ca\/wp-content\/uploads\/2025\/02\/Sac-Burley-Travoy-_Upper-Market-Bag_-dumoulin-bicyclettes-montreal-1.webp","type":"image\/webp"}],"twitter_card":"summary_large_image","twitter_misc":{"Est. reading time":"1 minute"},"schema":{"@context":"https:\/\/schema.org","@graph":[{"@type":"WebPage","@id":"https:\/\/dumoulin.absoludev.ca\/produit\/burley-travoy-upper-market-bag-black\/","url":"https:\/\/dumoulin.absoludev.ca\/produit\/burley-travoy-upper-market-bag-black\/","name":"Sac Burley Travoy \"Upper Market Bag\" - Dumoulin Bicyclettes","isPartOf":{"@id":"https:\/\/dumoulin.absoludev.ca\/#website"},"primaryImageOfPage":{"@id":"https:\/\/dumoulin.absoludev.ca\/produit\/burley-travoy-upper-market-bag-black\/#primaryimage"},"image":{"@id":"https:\/\/dumoulin.absoludev.ca\/produit\/burley-travoy-upper-market-bag-black\/#primaryimage"},"thumbnailUrl":"https:\/\/dumoulin.absoludev.ca\/wp-content\/uploads\/2025\/02\/Sac-Burley-Travoy-_Upper-Market-Bag_-dumoulin-bicyclettes-montreal-1.webp","datePublished":"2025-02-14T21:12:45+00:00","dateModified":"2025-09-04T18:16:24+00:00","description":"Le Burley \"Upper Market Bag\" est un sac de transport robuste qui s'attache sur le dessus de votre remorque Travoy pour transporter votre \u00e9picerie \u00e0 v\u00e9lo.","breadcrumb":{"@id":"https:\/\/dumoulin.absoludev.ca\/produit\/burley-travoy-upper-market-bag-black\/#breadcrumb"},"inLanguage":"en-US","potentialAction":[{"@type":"ReadAction","target":["https:\/\/dumoulin.absoludev.ca\/produit\/burley-travoy-upper-market-bag-black\/"]}]},{"@type":"ImageObject","inLanguage":"en-US","@id":"https:\/\/dumoulin.absoludev.ca\/produit\/burley-travoy-upper-market-bag-black\/#primaryimage","url":"https:\/\/dumoulin.absoludev.ca\/wp-content\/uploads\/2025\/02\/Sac-Burley-Travoy-_Upper-Market-Bag_-dumoulin-bicyclettes-montreal-1.webp","contentUrl":"https:\/\/dumoulin.absoludev.ca\/wp-content\/uploads\/2025\/02\/Sac-Burley-Travoy-_Upper-Market-Bag_-dumoulin-bicyclettes-montreal-1.webp","width":2000,"height":2000},{"@type":"BreadcrumbList","@id":"https:\/\/dumoulin.absoludev.ca\/produit\/burley-travoy-upper-market-bag-black\/#breadcrumb","itemListElement":[{"@type":"ListItem","position":1,"name":"Home","item":"https:\/\/dumoulin.absoludev.ca\/en\/"},{"@type":"ListItem","position":2,"name":"Shop","item":"https:\/\/dumoulin.absoludev.ca\/en\/shop\/"},{"@type":"ListItem","position":3,"name":"Sac Burley Travoy \u00ab\u00a0Upper Market Bag\u00a0\u00bb"}]},{"@type":"WebSite","@id":"https:\/\/dumoulin.absoludev.ca\/#website","url":"https:\/\/dumoulin.absoludev.ca\/","name":"Dumoulin Bicyclettes","description":"","publisher":{"@id":"https:\/\/dumoulin.absoludev.ca\/#organization"},"potentialAction":[{"@type":"SearchAction","target":{"@type":"EntryPoint","urlTemplate":"https:\/\/dumoulin.absoludev.ca\/?s={search_term_string}"},"query-input":{"@type":"PropertyValueSpecification","valueRequired":true,"valueName":"search_term_string"}}],"inLanguage":"en-US"},{"@type":"Organization","@id":"https:\/\/dumoulin.absoludev.ca\/#organization","name":"Dumoulin Bicyclettes","url":"https:\/\/dumoulin.absoludev.ca\/","logo":{"@type":"ImageObject","inLanguage":"en-US","@id":"https:\/\/dumoulin.absoludev.ca\/#\/schema\/logo\/image\/","url":"https:\/\/www.dumoulinbicyclettes.com\/wp-content\/uploads\/2021\/04\/Logo.svg","contentUrl":"https:\/\/www.dumoulinbicyclettes.com\/wp-content\/uploads\/2021\/04\/Logo.svg","width":254,"height":86,"caption":"Dumoulin Bicyclettes"},"image":{"@id":"https:\/\/dumoulin.absoludev.ca\/#\/schema\/logo\/image\/"},"sameAs":["https:\/\/www.facebook.com\/dumoulinbicyclettes","https:\/\/www.instagram.com\/dumoulin.ca\/","https:\/\/www.youtube.com\/user\/dumoulinbicyclettes"]}]}},"_links":{"self":[{"href":"https:\/\/dumoulin.absoludev.ca\/en\/wp-json\/wp\/v2\/product\/551406","targetHints":{"allow":["GET"]}}],"collection":[{"href":"https:\/\/dumoulin.absoludev.ca\/en\/wp-json\/wp\/v2\/product"}],"about":[{"href":"https:\/\/dumoulin.absoludev.ca\/en\/wp-json\/wp\/v2\/types\/product"}],"wp:featuredmedia":[{"embeddable":true,"href":"https:\/\/dumoulin.absoludev.ca\/en\/wp-json\/wp\/v2\/media\/556418"}],"wp:attachment":[{"href":"https:\/\/dumoulin.absoludev.ca\/en\/wp-json\/wp\/v2\/media?parent=551406"}],"wp:term":[{"taxonomy":"product_brand","embeddable":true,"href":"https:\/\/dumoulin.absoludev.ca\/en\/wp-json\/wp\/v2\/product_brand?post=551406"},{"taxonomy":"product_cat","embeddable":true,"href":"https:\/\/dumoulin.absoludev.ca\/en\/wp-json\/wp\/v2\/product_cat?post=551406"},{"taxonomy":"product_tag","embeddable":true,"href":"https:\/\/dumoulin.absoludev.ca\/en\/wp-json\/wp\/v2\/product_tag?post=551406"},{"taxonomy":"marque-produit","embeddable":true,"href":"https:\/\/dumoulin.absoludev.ca\/en\/wp-json\/wp\/v2\/marque-produit?post=551406"},{"taxonomy":"collection-produit","embeddable":true,"href":"https:\/\/dumoulin.absoludev.ca\/en\/wp-json\/wp\/v2\/collection-produit?post=551406"},{"taxonomy":"type-surface-produit","embeddable":true,"href":"https:\/\/dumoulin.absoludev.ca\/en\/wp-json\/wp\/v2\/type-surface-produit?post=551406"},{"taxonomy":"type-velo-produit","embeddable":true,"href":"https:\/\/dumoulin.absoludev.ca\/en\/wp-json\/wp\/v2\/type-velo-produit?post=551406"},{"taxonomy":"vetement-produit","embeddable":true,"href":"https:\/\/dumoulin.absoludev.ca\/en\/wp-json\/wp\/v2\/vetement-produit?post=551406"},{"taxonomy":"thematique-produit","embeddable":true,"href":"https:\/\/dumoulin.absoludev.ca\/en\/wp-json\/wp\/v2\/thematique-produit?post=551406"},{"taxonomy":"position-sur-le-v\u00e9lo","embeddable":true,"href":"https:\/\/dumoulin.absoludev.ca\/en\/wp-json\/wp\/v2\/position-sur-le-v\u00e9lo?post=551406"}],"curies":[{"name":"wp","href":"https:\/\/api.w.org\/{rel}","templated":true}]}}