{"id":548768,"date":"2025-02-13T23:47:24","date_gmt":"2025-02-14T04:47:24","guid":{"rendered":"https:\/\/www.dumoulinbicyclettes.com\/?post_type=product&#038;p=548768"},"modified":"2025-08-12T17:34:41","modified_gmt":"2025-08-12T21:34:41","slug":"riesemuller-culture-mixte","status":"publish","type":"product","link":"https:\/\/dumoulin.absoludev.ca\/en\/produit\/riesemuller-culture-mixte\/","title":{"rendered":"Riese&#038;M\u00fcller Culture Mixte"},"content":{"rendered":"<p>\u00c0 la recherche d&#8217;un v\u00e9lo rac\u00e9, au style minimaliste et qui ne ressemble pas du tout \u00e0 un v\u00e9lo \u00e9lectrique ? Le Riese&#038;M\u00fcller Culture Mixte pourrait bien vous taper dans l&#8217;oeil !<\/p>\n<p>L&#8217;assistance \u00e9lectrique par Bosch est l\u00e9g\u00e8re visuellement et physiquement. Vous vous concentrez sur l&#8217;essentiel : une aide bien pr\u00e9sente qui vous donne un vent dans le dos en permanence, sur un superbe v\u00e9lo urbain, \u00e9quip\u00e9 et pr\u00eat pour le quotidien.<\/p>\n<p>Contactez-nous pour un essai, nous avons diff\u00e9rents mod\u00e8les disponibles en inventaire.<\/p>\n","protected":false},"excerpt":{"rendered":"<p>\u00c0 la recherche d&#8217;un v\u00e9lo rac\u00e9, au style minimaliste et qui ne ressemble pas du tout \u00e0 un v\u00e9lo \u00e9lectrique ? Le Riese&#038;M\u00fcller Culture Mixte pourrait bien vous taper dans l&#8217;oeil ! L&#8217;assistance \u00e9lectrique par Bosch est l\u00e9g\u00e8re visuellement et physiquement. Vous vous concentrez sur l&#8217;essentiel : une aide bien pr\u00e9sente qui vous donne un [&hellip;]<\/p>\n","protected":false},"featured_media":548786,"template":"","meta":{"_acf_changed":false},"product_brand":[],"product_cat":[176,165],"product_tag":[3393],"marque-produit":[2747],"collection-produit":[],"type-surface-produit":[],"type-velo-produit":[2164],"vetement-produit":[],"thematique-produit":[],"position-sur-le-v\u00e9lo":[],"class_list":{"0":"post-548768","1":"product","2":"type-product","3":"status-publish","4":"has-post-thumbnail","6":"product_cat-electriques-hybrides","7":"product_cat-velo-electriques","8":"product_tag-riesemuller-mixte","9":"marque-produit-riese-and-muller","10":"type-velo-produit-electriques-en","12":"first","13":"onbackorder","14":"sale","15":"taxable","16":"shipping-taxable","17":"purchasable","18":"product-type-variable"},"acf":[],"yoast_head":"<!-- This site is optimized with the Yoast SEO plugin v24.3 - https:\/\/yoast.com\/wordpress\/plugins\/seo\/ -->\n<title>V\u00e9lo \u00e9lectrique minimaliste et design | Riese&amp;M\u00fcller Culture Mixte |<\/title>\n<meta name=\"description\" content=\"\u00c9l\u00e9gant, le Riese&amp;M\u00fcller mixte est un v\u00e9lo \u00e0 assistance \u00e9lectrique enthousiasmant. Il est pr\u00eat \u00e0 s&#039;int\u00e9grer parfaitement dans votre mode de vie urbain.\" \/>\n<meta name=\"robots\" content=\"noindex, follow, max-snippet:-1, max-image-preview:large, max-video-preview:-1\" \/>\n<meta property=\"og:locale\" content=\"en_US\" \/>\n<meta property=\"og:type\" content=\"article\" \/>\n<meta property=\"og:title\" content=\"V\u00e9lo \u00e9lectrique minimaliste et design | Riese&amp;M\u00fcller Culture Mixte |\" \/>\n<meta property=\"og:description\" content=\"\u00c9l\u00e9gant, le Riese&amp;M\u00fcller mixte est un v\u00e9lo \u00e0 assistance \u00e9lectrique enthousiasmant. Il est pr\u00eat \u00e0 s&#039;int\u00e9grer parfaitement dans votre mode de vie urbain.\" \/>\n<meta property=\"og:url\" content=\"https:\/\/dumoulin.absoludev.ca\/en\/produit\/riesemuller-culture-mixte\/\" \/>\n<meta property=\"og:site_name\" content=\"Dumoulin Bicyclettes\" \/>\n<meta property=\"article:publisher\" content=\"https:\/\/www.facebook.com\/dumoulinbicyclettes\" \/>\n<meta property=\"article:modified_time\" content=\"2025-08-12T21:34:41+00:00\" \/>\n<meta property=\"og:image\" content=\"https:\/\/dumoulin.absoludev.ca\/wp-content\/uploads\/2025\/02\/riese-and-muller-culture-mixte-montreal-quebec-dumoulin-bicyclettes-bosch-2.jpg\" \/>\n\t<meta property=\"og:image:width\" content=\"1500\" \/>\n\t<meta property=\"og:image:height\" content=\"1000\" \/>\n\t<meta property=\"og:image:type\" content=\"image\/jpeg\" \/>\n<meta name=\"twitter:card\" content=\"summary_large_image\" \/>\n<meta name=\"twitter:label1\" content=\"Est. reading time\" \/>\n\t<meta name=\"twitter:data1\" content=\"1 minute\" \/>\n<script type=\"application\/ld+json\" class=\"yoast-schema-graph\">{\"@context\":\"https:\/\/schema.org\",\"@graph\":[{\"@type\":\"WebPage\",\"@id\":\"https:\/\/dumoulin.absoludev.ca\/en\/produit\/riesemuller-culture-mixte\/\",\"url\":\"https:\/\/dumoulin.absoludev.ca\/en\/produit\/riesemuller-culture-mixte\/\",\"name\":\"V\u00e9lo \u00e9lectrique minimaliste et design | Riese&M\u00fcller Culture Mixte |\",\"isPartOf\":{\"@id\":\"https:\/\/dumoulin.absoludev.ca\/#website\"},\"primaryImageOfPage\":{\"@id\":\"https:\/\/dumoulin.absoludev.ca\/en\/produit\/riesemuller-culture-mixte\/#primaryimage\"},\"image\":{\"@id\":\"https:\/\/dumoulin.absoludev.ca\/en\/produit\/riesemuller-culture-mixte\/#primaryimage\"},\"thumbnailUrl\":\"https:\/\/dumoulin.absoludev.ca\/wp-content\/uploads\/2025\/02\/riese-and-muller-culture-mixte-montreal-quebec-dumoulin-bicyclettes-bosch-2.jpg\",\"datePublished\":\"2025-02-14T04:47:24+00:00\",\"dateModified\":\"2025-08-12T21:34:41+00:00\",\"description\":\"\u00c9l\u00e9gant, le Riese&M\u00fcller mixte est un v\u00e9lo \u00e0 assistance \u00e9lectrique enthousiasmant. Il est pr\u00eat \u00e0 s'int\u00e9grer parfaitement dans votre mode de vie urbain.\",\"breadcrumb\":{\"@id\":\"https:\/\/dumoulin.absoludev.ca\/en\/produit\/riesemuller-culture-mixte\/#breadcrumb\"},\"inLanguage\":\"en-US\",\"potentialAction\":[{\"@type\":\"ReadAction\",\"target\":[\"https:\/\/dumoulin.absoludev.ca\/en\/produit\/riesemuller-culture-mixte\/\"]}]},{\"@type\":\"ImageObject\",\"inLanguage\":\"en-US\",\"@id\":\"https:\/\/dumoulin.absoludev.ca\/en\/produit\/riesemuller-culture-mixte\/#primaryimage\",\"url\":\"https:\/\/dumoulin.absoludev.ca\/wp-content\/uploads\/2025\/02\/riese-and-muller-culture-mixte-montreal-quebec-dumoulin-bicyclettes-bosch-2.jpg\",\"contentUrl\":\"https:\/\/dumoulin.absoludev.ca\/wp-content\/uploads\/2025\/02\/riese-and-muller-culture-mixte-montreal-quebec-dumoulin-bicyclettes-bosch-2.jpg\",\"width\":1500,\"height\":1000,\"caption\":\"Riese_and_Muller_Culture_Mixte-Montreal-Quebec-Dumoulin_bicyclettes-BOSCH_2\"},{\"@type\":\"BreadcrumbList\",\"@id\":\"https:\/\/dumoulin.absoludev.ca\/en\/produit\/riesemuller-culture-mixte\/#breadcrumb\",\"itemListElement\":[{\"@type\":\"ListItem\",\"position\":1,\"name\":\"Home\",\"item\":\"https:\/\/dumoulin.absoludev.ca\/en\/\"},{\"@type\":\"ListItem\",\"position\":2,\"name\":\"Shop\",\"item\":\"https:\/\/dumoulin.absoludev.ca\/en\/shop\/\"},{\"@type\":\"ListItem\",\"position\":3,\"name\":\"Riese&#038;M\u00fcller Culture Mixte\"}]},{\"@type\":\"WebSite\",\"@id\":\"https:\/\/dumoulin.absoludev.ca\/#website\",\"url\":\"https:\/\/dumoulin.absoludev.ca\/\",\"name\":\"Dumoulin Bicyclettes\",\"description\":\"\",\"publisher\":{\"@id\":\"https:\/\/dumoulin.absoludev.ca\/#organization\"},\"potentialAction\":[{\"@type\":\"SearchAction\",\"target\":{\"@type\":\"EntryPoint\",\"urlTemplate\":\"https:\/\/dumoulin.absoludev.ca\/?s={search_term_string}\"},\"query-input\":{\"@type\":\"PropertyValueSpecification\",\"valueRequired\":true,\"valueName\":\"search_term_string\"}}],\"inLanguage\":\"en-US\"},{\"@type\":\"Organization\",\"@id\":\"https:\/\/dumoulin.absoludev.ca\/#organization\",\"name\":\"Dumoulin Bicyclettes\",\"url\":\"https:\/\/dumoulin.absoludev.ca\/\",\"logo\":{\"@type\":\"ImageObject\",\"inLanguage\":\"en-US\",\"@id\":\"https:\/\/dumoulin.absoludev.ca\/#\/schema\/logo\/image\/\",\"url\":\"https:\/\/www.dumoulinbicyclettes.com\/wp-content\/uploads\/2021\/04\/Logo.svg\",\"contentUrl\":\"https:\/\/www.dumoulinbicyclettes.com\/wp-content\/uploads\/2021\/04\/Logo.svg\",\"width\":254,\"height\":86,\"caption\":\"Dumoulin Bicyclettes\"},\"image\":{\"@id\":\"https:\/\/dumoulin.absoludev.ca\/#\/schema\/logo\/image\/\"},\"sameAs\":[\"https:\/\/www.facebook.com\/dumoulinbicyclettes\",\"https:\/\/www.instagram.com\/dumoulin.ca\/\",\"https:\/\/www.youtube.com\/user\/dumoulinbicyclettes\"]}]}<\/script>\n<!-- \/ Yoast SEO plugin. -->","yoast_head_json":{"title":"V\u00e9lo \u00e9lectrique minimaliste et design | Riese&M\u00fcller Culture Mixte |","description":"\u00c9l\u00e9gant, le Riese&M\u00fcller mixte est un v\u00e9lo \u00e0 assistance \u00e9lectrique enthousiasmant. Il est pr\u00eat \u00e0 s'int\u00e9grer parfaitement dans votre mode de vie urbain.","robots":{"index":"noindex","follow":"follow","max-snippet":"max-snippet:-1","max-image-preview":"max-image-preview:large","max-video-preview":"max-video-preview:-1"},"og_locale":"en_US","og_type":"article","og_title":"V\u00e9lo \u00e9lectrique minimaliste et design | Riese&M\u00fcller Culture Mixte |","og_description":"\u00c9l\u00e9gant, le Riese&M\u00fcller mixte est un v\u00e9lo \u00e0 assistance \u00e9lectrique enthousiasmant. Il est pr\u00eat \u00e0 s'int\u00e9grer parfaitement dans votre mode de vie urbain.","og_url":"https:\/\/dumoulin.absoludev.ca\/en\/produit\/riesemuller-culture-mixte\/","og_site_name":"Dumoulin Bicyclettes","article_publisher":"https:\/\/www.facebook.com\/dumoulinbicyclettes","article_modified_time":"2025-08-12T21:34:41+00:00","og_image":[{"width":1500,"height":1000,"url":"https:\/\/dumoulin.absoludev.ca\/wp-content\/uploads\/2025\/02\/riese-and-muller-culture-mixte-montreal-quebec-dumoulin-bicyclettes-bosch-2.jpg","type":"image\/jpeg"}],"twitter_card":"summary_large_image","twitter_misc":{"Est. reading time":"1 minute"},"schema":{"@context":"https:\/\/schema.org","@graph":[{"@type":"WebPage","@id":"https:\/\/dumoulin.absoludev.ca\/en\/produit\/riesemuller-culture-mixte\/","url":"https:\/\/dumoulin.absoludev.ca\/en\/produit\/riesemuller-culture-mixte\/","name":"V\u00e9lo \u00e9lectrique minimaliste et design | Riese&M\u00fcller Culture Mixte |","isPartOf":{"@id":"https:\/\/dumoulin.absoludev.ca\/#website"},"primaryImageOfPage":{"@id":"https:\/\/dumoulin.absoludev.ca\/en\/produit\/riesemuller-culture-mixte\/#primaryimage"},"image":{"@id":"https:\/\/dumoulin.absoludev.ca\/en\/produit\/riesemuller-culture-mixte\/#primaryimage"},"thumbnailUrl":"https:\/\/dumoulin.absoludev.ca\/wp-content\/uploads\/2025\/02\/riese-and-muller-culture-mixte-montreal-quebec-dumoulin-bicyclettes-bosch-2.jpg","datePublished":"2025-02-14T04:47:24+00:00","dateModified":"2025-08-12T21:34:41+00:00","description":"\u00c9l\u00e9gant, le Riese&M\u00fcller mixte est un v\u00e9lo \u00e0 assistance \u00e9lectrique enthousiasmant. Il est pr\u00eat \u00e0 s'int\u00e9grer parfaitement dans votre mode de vie urbain.","breadcrumb":{"@id":"https:\/\/dumoulin.absoludev.ca\/en\/produit\/riesemuller-culture-mixte\/#breadcrumb"},"inLanguage":"en-US","potentialAction":[{"@type":"ReadAction","target":["https:\/\/dumoulin.absoludev.ca\/en\/produit\/riesemuller-culture-mixte\/"]}]},{"@type":"ImageObject","inLanguage":"en-US","@id":"https:\/\/dumoulin.absoludev.ca\/en\/produit\/riesemuller-culture-mixte\/#primaryimage","url":"https:\/\/dumoulin.absoludev.ca\/wp-content\/uploads\/2025\/02\/riese-and-muller-culture-mixte-montreal-quebec-dumoulin-bicyclettes-bosch-2.jpg","contentUrl":"https:\/\/dumoulin.absoludev.ca\/wp-content\/uploads\/2025\/02\/riese-and-muller-culture-mixte-montreal-quebec-dumoulin-bicyclettes-bosch-2.jpg","width":1500,"height":1000,"caption":"Riese_and_Muller_Culture_Mixte-Montreal-Quebec-Dumoulin_bicyclettes-BOSCH_2"},{"@type":"BreadcrumbList","@id":"https:\/\/dumoulin.absoludev.ca\/en\/produit\/riesemuller-culture-mixte\/#breadcrumb","itemListElement":[{"@type":"ListItem","position":1,"name":"Home","item":"https:\/\/dumoulin.absoludev.ca\/en\/"},{"@type":"ListItem","position":2,"name":"Shop","item":"https:\/\/dumoulin.absoludev.ca\/en\/shop\/"},{"@type":"ListItem","position":3,"name":"Riese&#038;M\u00fcller Culture Mixte"}]},{"@type":"WebSite","@id":"https:\/\/dumoulin.absoludev.ca\/#website","url":"https:\/\/dumoulin.absoludev.ca\/","name":"Dumoulin Bicyclettes","description":"","publisher":{"@id":"https:\/\/dumoulin.absoludev.ca\/#organization"},"potentialAction":[{"@type":"SearchAction","target":{"@type":"EntryPoint","urlTemplate":"https:\/\/dumoulin.absoludev.ca\/?s={search_term_string}"},"query-input":{"@type":"PropertyValueSpecification","valueRequired":true,"valueName":"search_term_string"}}],"inLanguage":"en-US"},{"@type":"Organization","@id":"https:\/\/dumoulin.absoludev.ca\/#organization","name":"Dumoulin Bicyclettes","url":"https:\/\/dumoulin.absoludev.ca\/","logo":{"@type":"ImageObject","inLanguage":"en-US","@id":"https:\/\/dumoulin.absoludev.ca\/#\/schema\/logo\/image\/","url":"https:\/\/www.dumoulinbicyclettes.com\/wp-content\/uploads\/2021\/04\/Logo.svg","contentUrl":"https:\/\/www.dumoulinbicyclettes.com\/wp-content\/uploads\/2021\/04\/Logo.svg","width":254,"height":86,"caption":"Dumoulin Bicyclettes"},"image":{"@id":"https:\/\/dumoulin.absoludev.ca\/#\/schema\/logo\/image\/"},"sameAs":["https:\/\/www.facebook.com\/dumoulinbicyclettes","https:\/\/www.instagram.com\/dumoulin.ca\/","https:\/\/www.youtube.com\/user\/dumoulinbicyclettes"]}]}},"_links":{"self":[{"href":"https:\/\/dumoulin.absoludev.ca\/en\/wp-json\/wp\/v2\/product\/548768","targetHints":{"allow":["GET"]}}],"collection":[{"href":"https:\/\/dumoulin.absoludev.ca\/en\/wp-json\/wp\/v2\/product"}],"about":[{"href":"https:\/\/dumoulin.absoludev.ca\/en\/wp-json\/wp\/v2\/types\/product"}],"wp:featuredmedia":[{"embeddable":true,"href":"https:\/\/dumoulin.absoludev.ca\/en\/wp-json\/wp\/v2\/media\/548786"}],"wp:attachment":[{"href":"https:\/\/dumoulin.absoludev.ca\/en\/wp-json\/wp\/v2\/media?parent=548768"}],"wp:term":[{"taxonomy":"product_brand","embeddable":true,"href":"https:\/\/dumoulin.absoludev.ca\/en\/wp-json\/wp\/v2\/product_brand?post=548768"},{"taxonomy":"product_cat","embeddable":true,"href":"https:\/\/dumoulin.absoludev.ca\/en\/wp-json\/wp\/v2\/product_cat?post=548768"},{"taxonomy":"product_tag","embeddable":true,"href":"https:\/\/dumoulin.absoludev.ca\/en\/wp-json\/wp\/v2\/product_tag?post=548768"},{"taxonomy":"marque-produit","embeddable":true,"href":"https:\/\/dumoulin.absoludev.ca\/en\/wp-json\/wp\/v2\/marque-produit?post=548768"},{"taxonomy":"collection-produit","embeddable":true,"href":"https:\/\/dumoulin.absoludev.ca\/en\/wp-json\/wp\/v2\/collection-produit?post=548768"},{"taxonomy":"type-surface-produit","embeddable":true,"href":"https:\/\/dumoulin.absoludev.ca\/en\/wp-json\/wp\/v2\/type-surface-produit?post=548768"},{"taxonomy":"type-velo-produit","embeddable":true,"href":"https:\/\/dumoulin.absoludev.ca\/en\/wp-json\/wp\/v2\/type-velo-produit?post=548768"},{"taxonomy":"vetement-produit","embeddable":true,"href":"https:\/\/dumoulin.absoludev.ca\/en\/wp-json\/wp\/v2\/vetement-produit?post=548768"},{"taxonomy":"thematique-produit","embeddable":true,"href":"https:\/\/dumoulin.absoludev.ca\/en\/wp-json\/wp\/v2\/thematique-produit?post=548768"},{"taxonomy":"position-sur-le-v\u00e9lo","embeddable":true,"href":"https:\/\/dumoulin.absoludev.ca\/en\/wp-json\/wp\/v2\/position-sur-le-v\u00e9lo?post=548768"}],"curies":[{"name":"wp","href":"https:\/\/api.w.org\/{rel}","templated":true}]}}