{"id":547292,"date":"2025-02-12T16:07:26","date_gmt":"2025-02-12T21:07:26","guid":{"rendered":"http:\/\/www.dumoulinbicyclettes.com\/?post_type=product&#038;p=547292"},"modified":"2025-09-04T14:18:52","modified_gmt":"2025-09-04T18:18:52","slug":"poignee-bontrager-xr-trail-comp","status":"publish","type":"product","link":"https:\/\/dumoulin.absoludev.ca\/en\/produit\/poignee-bontrager-xr-trail-comp\/","title":{"rendered":"Poign\u00e9e Bontrager &#8220;XR Trail Comp&#8221;"},"content":{"rendered":"<p>Une paire de poign\u00e9es avec une texture \u00e0 lamelles unique pour plus de confort et de ma\u00eetrise. Elles se d\u00e9clinent en plusieurs couleurs pour personnaliser votre v\u00e9lo \u00e0 votre go\u00fbt.<\/p>\n","protected":false},"excerpt":{"rendered":"<p>Une paire de poign\u00e9es avec une texture \u00e0 lamelles unique pour plus de confort et de ma\u00eetrise. Elles se d\u00e9clinent en plusieurs couleurs pour personnaliser votre v\u00e9lo \u00e0 votre go\u00fbt.<\/p>\n","protected":false},"featured_media":584211,"template":"","meta":{"_acf_changed":false},"product_brand":[],"product_cat":[218,224],"product_tag":[2298,2453,3461],"marque-produit":[1195],"collection-produit":[],"type-surface-produit":[],"type-velo-produit":[],"vetement-produit":[],"thematique-produit":[],"position-sur-le-v\u00e9lo":[],"class_list":{"0":"post-547292","1":"product","2":"type-product","3":"status-publish","4":"has-post-thumbnail","6":"product_cat-guidons-poignees-et-guidolines","7":"product_cat-poignees","8":"product_tag-bontrager","9":"product_tag-poignee","10":"product_tag-xr-trail-comp","11":"marque-produit-bontrager","13":"first","14":"instock","15":"taxable","16":"shipping-taxable","17":"purchasable","18":"product-type-variable"},"acf":[],"yoast_head":"<!-- This site is optimized with the Yoast SEO plugin v24.3 - https:\/\/yoast.com\/wordpress\/plugins\/seo\/ -->\n<title>Poign\u00e9e Bontrager &quot;XR Trail Comp&quot; - Dumoulin Bicyclettes<\/title>\n<meta name=\"description\" content=\"Une paire de poign\u00e9es avec une texture \u00e0 lamelles unique pour plus de confort et de ma\u00eetrise. Elles se d\u00e9clinent en plusieurs couleurs.\" \/>\n<meta name=\"robots\" content=\"noindex, follow, max-snippet:-1, max-image-preview:large, max-video-preview:-1\" \/>\n<meta property=\"og:locale\" content=\"en_US\" \/>\n<meta property=\"og:type\" content=\"article\" \/>\n<meta property=\"og:title\" content=\"Poign\u00e9e Bontrager &quot;XR Trail Comp&quot; - Dumoulin Bicyclettes\" \/>\n<meta property=\"og:description\" content=\"Une paire de poign\u00e9es avec une texture \u00e0 lamelles unique pour plus de confort et de ma\u00eetrise. Elles se d\u00e9clinent en plusieurs couleurs.\" \/>\n<meta property=\"og:url\" content=\"https:\/\/dumoulin.absoludev.ca\/produit\/poignee-bontrager-xr-trail-comp\/\" \/>\n<meta property=\"og:site_name\" content=\"Dumoulin Bicyclettes\" \/>\n<meta property=\"article:publisher\" content=\"https:\/\/www.facebook.com\/dumoulinbicyclettes\" \/>\n<meta property=\"article:modified_time\" content=\"2025-09-04T18:18:52+00:00\" \/>\n<meta property=\"og:image\" content=\"https:\/\/dumoulin.absoludev.ca\/wp-content\/uploads\/2025\/02\/poignee-bontrager-xr-trail-comp-orange.jpeg\" \/>\n\t<meta property=\"og:image:width\" content=\"1920\" \/>\n\t<meta property=\"og:image:height\" content=\"1440\" \/>\n\t<meta property=\"og:image:type\" content=\"image\/jpeg\" \/>\n<meta name=\"twitter:card\" content=\"summary_large_image\" \/>\n<meta name=\"twitter:label1\" content=\"Est. reading time\" \/>\n\t<meta name=\"twitter:data1\" content=\"1 minute\" \/>\n<script type=\"application\/ld+json\" class=\"yoast-schema-graph\">{\"@context\":\"https:\/\/schema.org\",\"@graph\":[{\"@type\":\"WebPage\",\"@id\":\"https:\/\/dumoulin.absoludev.ca\/produit\/poignee-bontrager-xr-trail-comp\/\",\"url\":\"https:\/\/dumoulin.absoludev.ca\/produit\/poignee-bontrager-xr-trail-comp\/\",\"name\":\"Poign\u00e9e Bontrager \\\"XR Trail Comp\\\" - Dumoulin Bicyclettes\",\"isPartOf\":{\"@id\":\"https:\/\/dumoulin.absoludev.ca\/#website\"},\"primaryImageOfPage\":{\"@id\":\"https:\/\/dumoulin.absoludev.ca\/produit\/poignee-bontrager-xr-trail-comp\/#primaryimage\"},\"image\":{\"@id\":\"https:\/\/dumoulin.absoludev.ca\/produit\/poignee-bontrager-xr-trail-comp\/#primaryimage\"},\"thumbnailUrl\":\"https:\/\/dumoulin.absoludev.ca\/wp-content\/uploads\/2025\/02\/poignee-bontrager-xr-trail-comp-orange.jpeg\",\"datePublished\":\"2025-02-12T21:07:26+00:00\",\"dateModified\":\"2025-09-04T18:18:52+00:00\",\"description\":\"Une paire de poign\u00e9es avec une texture \u00e0 lamelles unique pour plus de confort et de ma\u00eetrise. Elles se d\u00e9clinent en plusieurs couleurs.\",\"breadcrumb\":{\"@id\":\"https:\/\/dumoulin.absoludev.ca\/produit\/poignee-bontrager-xr-trail-comp\/#breadcrumb\"},\"inLanguage\":\"en-US\",\"potentialAction\":[{\"@type\":\"ReadAction\",\"target\":[\"https:\/\/dumoulin.absoludev.ca\/produit\/poignee-bontrager-xr-trail-comp\/\"]}]},{\"@type\":\"ImageObject\",\"inLanguage\":\"en-US\",\"@id\":\"https:\/\/dumoulin.absoludev.ca\/produit\/poignee-bontrager-xr-trail-comp\/#primaryimage\",\"url\":\"https:\/\/dumoulin.absoludev.ca\/wp-content\/uploads\/2025\/02\/poignee-bontrager-xr-trail-comp-orange.jpeg\",\"contentUrl\":\"https:\/\/dumoulin.absoludev.ca\/wp-content\/uploads\/2025\/02\/poignee-bontrager-xr-trail-comp-orange.jpeg\",\"width\":1920,\"height\":1440},{\"@type\":\"BreadcrumbList\",\"@id\":\"https:\/\/dumoulin.absoludev.ca\/produit\/poignee-bontrager-xr-trail-comp\/#breadcrumb\",\"itemListElement\":[{\"@type\":\"ListItem\",\"position\":1,\"name\":\"Home\",\"item\":\"https:\/\/dumoulin.absoludev.ca\/en\/\"},{\"@type\":\"ListItem\",\"position\":2,\"name\":\"Shop\",\"item\":\"https:\/\/dumoulin.absoludev.ca\/en\/shop\/\"},{\"@type\":\"ListItem\",\"position\":3,\"name\":\"Poign\u00e9e Bontrager \u00ab\u00a0XR Trail Comp\u00a0\u00bb\"}]},{\"@type\":\"WebSite\",\"@id\":\"https:\/\/dumoulin.absoludev.ca\/#website\",\"url\":\"https:\/\/dumoulin.absoludev.ca\/\",\"name\":\"Dumoulin Bicyclettes\",\"description\":\"\",\"publisher\":{\"@id\":\"https:\/\/dumoulin.absoludev.ca\/#organization\"},\"potentialAction\":[{\"@type\":\"SearchAction\",\"target\":{\"@type\":\"EntryPoint\",\"urlTemplate\":\"https:\/\/dumoulin.absoludev.ca\/?s={search_term_string}\"},\"query-input\":{\"@type\":\"PropertyValueSpecification\",\"valueRequired\":true,\"valueName\":\"search_term_string\"}}],\"inLanguage\":\"en-US\"},{\"@type\":\"Organization\",\"@id\":\"https:\/\/dumoulin.absoludev.ca\/#organization\",\"name\":\"Dumoulin Bicyclettes\",\"url\":\"https:\/\/dumoulin.absoludev.ca\/\",\"logo\":{\"@type\":\"ImageObject\",\"inLanguage\":\"en-US\",\"@id\":\"https:\/\/dumoulin.absoludev.ca\/#\/schema\/logo\/image\/\",\"url\":\"https:\/\/www.dumoulinbicyclettes.com\/wp-content\/uploads\/2021\/04\/Logo.svg\",\"contentUrl\":\"https:\/\/www.dumoulinbicyclettes.com\/wp-content\/uploads\/2021\/04\/Logo.svg\",\"width\":254,\"height\":86,\"caption\":\"Dumoulin Bicyclettes\"},\"image\":{\"@id\":\"https:\/\/dumoulin.absoludev.ca\/#\/schema\/logo\/image\/\"},\"sameAs\":[\"https:\/\/www.facebook.com\/dumoulinbicyclettes\",\"https:\/\/www.instagram.com\/dumoulin.ca\/\",\"https:\/\/www.youtube.com\/user\/dumoulinbicyclettes\"]}]}<\/script>\n<!-- \/ Yoast SEO plugin. -->","yoast_head_json":{"title":"Poign\u00e9e Bontrager \"XR Trail Comp\" - Dumoulin Bicyclettes","description":"Une paire de poign\u00e9es avec une texture \u00e0 lamelles unique pour plus de confort et de ma\u00eetrise. Elles se d\u00e9clinent en plusieurs couleurs.","robots":{"index":"noindex","follow":"follow","max-snippet":"max-snippet:-1","max-image-preview":"max-image-preview:large","max-video-preview":"max-video-preview:-1"},"og_locale":"en_US","og_type":"article","og_title":"Poign\u00e9e Bontrager \"XR Trail Comp\" - Dumoulin Bicyclettes","og_description":"Une paire de poign\u00e9es avec une texture \u00e0 lamelles unique pour plus de confort et de ma\u00eetrise. Elles se d\u00e9clinent en plusieurs couleurs.","og_url":"https:\/\/dumoulin.absoludev.ca\/produit\/poignee-bontrager-xr-trail-comp\/","og_site_name":"Dumoulin Bicyclettes","article_publisher":"https:\/\/www.facebook.com\/dumoulinbicyclettes","article_modified_time":"2025-09-04T18:18:52+00:00","og_image":[{"width":1920,"height":1440,"url":"https:\/\/dumoulin.absoludev.ca\/wp-content\/uploads\/2025\/02\/poignee-bontrager-xr-trail-comp-orange.jpeg","type":"image\/jpeg"}],"twitter_card":"summary_large_image","twitter_misc":{"Est. reading time":"1 minute"},"schema":{"@context":"https:\/\/schema.org","@graph":[{"@type":"WebPage","@id":"https:\/\/dumoulin.absoludev.ca\/produit\/poignee-bontrager-xr-trail-comp\/","url":"https:\/\/dumoulin.absoludev.ca\/produit\/poignee-bontrager-xr-trail-comp\/","name":"Poign\u00e9e Bontrager \"XR Trail Comp\" - Dumoulin Bicyclettes","isPartOf":{"@id":"https:\/\/dumoulin.absoludev.ca\/#website"},"primaryImageOfPage":{"@id":"https:\/\/dumoulin.absoludev.ca\/produit\/poignee-bontrager-xr-trail-comp\/#primaryimage"},"image":{"@id":"https:\/\/dumoulin.absoludev.ca\/produit\/poignee-bontrager-xr-trail-comp\/#primaryimage"},"thumbnailUrl":"https:\/\/dumoulin.absoludev.ca\/wp-content\/uploads\/2025\/02\/poignee-bontrager-xr-trail-comp-orange.jpeg","datePublished":"2025-02-12T21:07:26+00:00","dateModified":"2025-09-04T18:18:52+00:00","description":"Une paire de poign\u00e9es avec une texture \u00e0 lamelles unique pour plus de confort et de ma\u00eetrise. Elles se d\u00e9clinent en plusieurs couleurs.","breadcrumb":{"@id":"https:\/\/dumoulin.absoludev.ca\/produit\/poignee-bontrager-xr-trail-comp\/#breadcrumb"},"inLanguage":"en-US","potentialAction":[{"@type":"ReadAction","target":["https:\/\/dumoulin.absoludev.ca\/produit\/poignee-bontrager-xr-trail-comp\/"]}]},{"@type":"ImageObject","inLanguage":"en-US","@id":"https:\/\/dumoulin.absoludev.ca\/produit\/poignee-bontrager-xr-trail-comp\/#primaryimage","url":"https:\/\/dumoulin.absoludev.ca\/wp-content\/uploads\/2025\/02\/poignee-bontrager-xr-trail-comp-orange.jpeg","contentUrl":"https:\/\/dumoulin.absoludev.ca\/wp-content\/uploads\/2025\/02\/poignee-bontrager-xr-trail-comp-orange.jpeg","width":1920,"height":1440},{"@type":"BreadcrumbList","@id":"https:\/\/dumoulin.absoludev.ca\/produit\/poignee-bontrager-xr-trail-comp\/#breadcrumb","itemListElement":[{"@type":"ListItem","position":1,"name":"Home","item":"https:\/\/dumoulin.absoludev.ca\/en\/"},{"@type":"ListItem","position":2,"name":"Shop","item":"https:\/\/dumoulin.absoludev.ca\/en\/shop\/"},{"@type":"ListItem","position":3,"name":"Poign\u00e9e Bontrager \u00ab\u00a0XR Trail Comp\u00a0\u00bb"}]},{"@type":"WebSite","@id":"https:\/\/dumoulin.absoludev.ca\/#website","url":"https:\/\/dumoulin.absoludev.ca\/","name":"Dumoulin Bicyclettes","description":"","publisher":{"@id":"https:\/\/dumoulin.absoludev.ca\/#organization"},"potentialAction":[{"@type":"SearchAction","target":{"@type":"EntryPoint","urlTemplate":"https:\/\/dumoulin.absoludev.ca\/?s={search_term_string}"},"query-input":{"@type":"PropertyValueSpecification","valueRequired":true,"valueName":"search_term_string"}}],"inLanguage":"en-US"},{"@type":"Organization","@id":"https:\/\/dumoulin.absoludev.ca\/#organization","name":"Dumoulin Bicyclettes","url":"https:\/\/dumoulin.absoludev.ca\/","logo":{"@type":"ImageObject","inLanguage":"en-US","@id":"https:\/\/dumoulin.absoludev.ca\/#\/schema\/logo\/image\/","url":"https:\/\/www.dumoulinbicyclettes.com\/wp-content\/uploads\/2021\/04\/Logo.svg","contentUrl":"https:\/\/www.dumoulinbicyclettes.com\/wp-content\/uploads\/2021\/04\/Logo.svg","width":254,"height":86,"caption":"Dumoulin Bicyclettes"},"image":{"@id":"https:\/\/dumoulin.absoludev.ca\/#\/schema\/logo\/image\/"},"sameAs":["https:\/\/www.facebook.com\/dumoulinbicyclettes","https:\/\/www.instagram.com\/dumoulin.ca\/","https:\/\/www.youtube.com\/user\/dumoulinbicyclettes"]}]}},"_links":{"self":[{"href":"https:\/\/dumoulin.absoludev.ca\/en\/wp-json\/wp\/v2\/product\/547292","targetHints":{"allow":["GET"]}}],"collection":[{"href":"https:\/\/dumoulin.absoludev.ca\/en\/wp-json\/wp\/v2\/product"}],"about":[{"href":"https:\/\/dumoulin.absoludev.ca\/en\/wp-json\/wp\/v2\/types\/product"}],"wp:featuredmedia":[{"embeddable":true,"href":"https:\/\/dumoulin.absoludev.ca\/en\/wp-json\/wp\/v2\/media\/584211"}],"wp:attachment":[{"href":"https:\/\/dumoulin.absoludev.ca\/en\/wp-json\/wp\/v2\/media?parent=547292"}],"wp:term":[{"taxonomy":"product_brand","embeddable":true,"href":"https:\/\/dumoulin.absoludev.ca\/en\/wp-json\/wp\/v2\/product_brand?post=547292"},{"taxonomy":"product_cat","embeddable":true,"href":"https:\/\/dumoulin.absoludev.ca\/en\/wp-json\/wp\/v2\/product_cat?post=547292"},{"taxonomy":"product_tag","embeddable":true,"href":"https:\/\/dumoulin.absoludev.ca\/en\/wp-json\/wp\/v2\/product_tag?post=547292"},{"taxonomy":"marque-produit","embeddable":true,"href":"https:\/\/dumoulin.absoludev.ca\/en\/wp-json\/wp\/v2\/marque-produit?post=547292"},{"taxonomy":"collection-produit","embeddable":true,"href":"https:\/\/dumoulin.absoludev.ca\/en\/wp-json\/wp\/v2\/collection-produit?post=547292"},{"taxonomy":"type-surface-produit","embeddable":true,"href":"https:\/\/dumoulin.absoludev.ca\/en\/wp-json\/wp\/v2\/type-surface-produit?post=547292"},{"taxonomy":"type-velo-produit","embeddable":true,"href":"https:\/\/dumoulin.absoludev.ca\/en\/wp-json\/wp\/v2\/type-velo-produit?post=547292"},{"taxonomy":"vetement-produit","embeddable":true,"href":"https:\/\/dumoulin.absoludev.ca\/en\/wp-json\/wp\/v2\/vetement-produit?post=547292"},{"taxonomy":"thematique-produit","embeddable":true,"href":"https:\/\/dumoulin.absoludev.ca\/en\/wp-json\/wp\/v2\/thematique-produit?post=547292"},{"taxonomy":"position-sur-le-v\u00e9lo","embeddable":true,"href":"https:\/\/dumoulin.absoludev.ca\/en\/wp-json\/wp\/v2\/position-sur-le-v\u00e9lo?post=547292"}],"curies":[{"name":"wp","href":"https:\/\/api.w.org\/{rel}","templated":true}]}}