{"id":545792,"date":"2025-02-10T15:11:07","date_gmt":"2025-02-10T20:11:07","guid":{"rendered":"http:\/\/www.dumoulinbicyclettes.com\/?post_type=product&#038;p=545792"},"modified":"2025-09-04T14:16:26","modified_gmt":"2025-09-04T18:16:26","slug":"sacoches-double-basil-urban-load-noire-48l","status":"publish","type":"product","link":"https:\/\/dumoulin.absoludev.ca\/en\/produit\/sacoches-double-basil-urban-load-noire-48l\/","title":{"rendered":"Sacoche double Basil &#8220;Urban Load&#8221; 48l"},"content":{"rendered":"<p>La Basil &#8220;Urban Load&#8221; est une double sacoche au look urbain qui reste fix\u00e9e sur votre porte-bagages gr\u00e2ce \u00e0 ses deux sangles Universal bridge. Avec son rev\u00eatement hydrofuge et sa large capacit\u00e9 de 48 litres, elle vous accompagne partout que ce soit pour aller au travail, au sport, faire des courses, ou simplement pour une balade \u00e0 v\u00e9lo.<\/p>\n<p><\/p>\n","protected":false},"excerpt":{"rendered":"<p>La Basil &#8220;Urban Load&#8221; est une double sacoche au look urbain qui reste fix\u00e9e sur votre porte-bagages gr\u00e2ce \u00e0 ses deux sangles Universal bridge. Avec son rev\u00eatement hydrofuge et sa large capacit\u00e9 de 48 litres, elle vous accompagne partout que ce soit pour aller au travail, au sport, faire des courses, ou simplement pour une [&hellip;]<\/p>\n","protected":false},"featured_media":545793,"template":"","meta":{"_acf_changed":false},"product_brand":[],"product_cat":[195,188],"product_tag":[3391,2893,3389,3390],"marque-produit":[1375],"collection-produit":[],"type-surface-produit":[],"type-velo-produit":[],"vetement-produit":[],"thematique-produit":[],"position-sur-le-v\u00e9lo":[],"class_list":{"0":"post-545792","1":"product","2":"type-product","3":"status-publish","4":"has-post-thumbnail","6":"product_cat-sacoches","7":"product_cat-sacs-et-porte-bagages","8":"product_tag-48l","9":"product_tag-basil","10":"product_tag-sacoche-double","11":"product_tag-urban-load","12":"marque-produit-basil","14":"first","15":"outofstock","16":"taxable","17":"shipping-taxable","18":"purchasable","19":"product-type-simple"},"acf":[],"yoast_head":"<!-- This site is optimized with the Yoast SEO plugin v24.3 - https:\/\/yoast.com\/wordpress\/plugins\/seo\/ -->\n<title>Sacoche double Basil &quot;Urban Load&quot; 48l - Dumoulin Bicyclettes<\/title>\n<meta name=\"description\" content=\"La Basil &quot;Urban Load&quot; est une double sacoche au look urbain de 48 litres avec un rev\u00eatement hydrofuge pour transporter tous vos affaires du quotidien.\" \/>\n<meta name=\"robots\" content=\"noindex, follow, max-snippet:-1, max-image-preview:large, max-video-preview:-1\" \/>\n<meta property=\"og:locale\" content=\"en_US\" \/>\n<meta property=\"og:type\" content=\"article\" \/>\n<meta property=\"og:title\" content=\"Sacoche double Basil &quot;Urban Load&quot; 48l - Dumoulin Bicyclettes\" \/>\n<meta property=\"og:description\" content=\"La Basil &quot;Urban Load&quot; est une double sacoche au look urbain de 48 litres avec un rev\u00eatement hydrofuge pour transporter tous vos affaires du quotidien.\" \/>\n<meta property=\"og:url\" content=\"https:\/\/dumoulin.absoludev.ca\/produit\/sacoches-double-basil-urban-load-noire-48l\/\" \/>\n<meta property=\"og:site_name\" content=\"Dumoulin Bicyclettes\" \/>\n<meta property=\"article:publisher\" content=\"https:\/\/www.facebook.com\/dumoulinbicyclettes\" \/>\n<meta property=\"article:modified_time\" content=\"2025-09-04T18:16:26+00:00\" \/>\n<meta property=\"og:image\" content=\"https:\/\/dumoulin.absoludev.ca\/wp-content\/uploads\/2025\/02\/Sacoches-de-velo-Basil-Urban-load-montreal-quebec-dumoulin-bicyclettes_7.jpg\" \/>\n\t<meta property=\"og:image:width\" content=\"900\" \/>\n\t<meta property=\"og:image:height\" content=\"900\" \/>\n\t<meta property=\"og:image:type\" content=\"image\/jpeg\" \/>\n<meta name=\"twitter:card\" content=\"summary_large_image\" \/>\n<meta name=\"twitter:label1\" content=\"Est. reading time\" \/>\n\t<meta name=\"twitter:data1\" content=\"1 minute\" \/>\n<script type=\"application\/ld+json\" class=\"yoast-schema-graph\">{\"@context\":\"https:\/\/schema.org\",\"@graph\":[{\"@type\":\"WebPage\",\"@id\":\"https:\/\/dumoulin.absoludev.ca\/produit\/sacoches-double-basil-urban-load-noire-48l\/\",\"url\":\"https:\/\/dumoulin.absoludev.ca\/produit\/sacoches-double-basil-urban-load-noire-48l\/\",\"name\":\"Sacoche double Basil \\\"Urban Load\\\" 48l - Dumoulin Bicyclettes\",\"isPartOf\":{\"@id\":\"https:\/\/dumoulin.absoludev.ca\/#website\"},\"primaryImageOfPage\":{\"@id\":\"https:\/\/dumoulin.absoludev.ca\/produit\/sacoches-double-basil-urban-load-noire-48l\/#primaryimage\"},\"image\":{\"@id\":\"https:\/\/dumoulin.absoludev.ca\/produit\/sacoches-double-basil-urban-load-noire-48l\/#primaryimage\"},\"thumbnailUrl\":\"https:\/\/dumoulin.absoludev.ca\/wp-content\/uploads\/2025\/02\/Sacoches-de-velo-Basil-Urban-load-montreal-quebec-dumoulin-bicyclettes_7.jpg\",\"datePublished\":\"2025-02-10T20:11:07+00:00\",\"dateModified\":\"2025-09-04T18:16:26+00:00\",\"description\":\"La Basil \\\"Urban Load\\\" est une double sacoche au look urbain de 48 litres avec un rev\u00eatement hydrofuge pour transporter tous vos affaires du quotidien.\",\"breadcrumb\":{\"@id\":\"https:\/\/dumoulin.absoludev.ca\/produit\/sacoches-double-basil-urban-load-noire-48l\/#breadcrumb\"},\"inLanguage\":\"en-US\",\"potentialAction\":[{\"@type\":\"ReadAction\",\"target\":[\"https:\/\/dumoulin.absoludev.ca\/produit\/sacoches-double-basil-urban-load-noire-48l\/\"]}]},{\"@type\":\"ImageObject\",\"inLanguage\":\"en-US\",\"@id\":\"https:\/\/dumoulin.absoludev.ca\/produit\/sacoches-double-basil-urban-load-noire-48l\/#primaryimage\",\"url\":\"https:\/\/dumoulin.absoludev.ca\/wp-content\/uploads\/2025\/02\/Sacoches-de-velo-Basil-Urban-load-montreal-quebec-dumoulin-bicyclettes_7.jpg\",\"contentUrl\":\"https:\/\/dumoulin.absoludev.ca\/wp-content\/uploads\/2025\/02\/Sacoches-de-velo-Basil-Urban-load-montreal-quebec-dumoulin-bicyclettes_7.jpg\",\"width\":900,\"height\":900},{\"@type\":\"BreadcrumbList\",\"@id\":\"https:\/\/dumoulin.absoludev.ca\/produit\/sacoches-double-basil-urban-load-noire-48l\/#breadcrumb\",\"itemListElement\":[{\"@type\":\"ListItem\",\"position\":1,\"name\":\"Home\",\"item\":\"https:\/\/dumoulin.absoludev.ca\/en\/\"},{\"@type\":\"ListItem\",\"position\":2,\"name\":\"Shop\",\"item\":\"https:\/\/dumoulin.absoludev.ca\/en\/shop\/\"},{\"@type\":\"ListItem\",\"position\":3,\"name\":\"Sacoche double Basil \u00ab\u00a0Urban Load\u00a0\u00bb 48l\"}]},{\"@type\":\"WebSite\",\"@id\":\"https:\/\/dumoulin.absoludev.ca\/#website\",\"url\":\"https:\/\/dumoulin.absoludev.ca\/\",\"name\":\"Dumoulin Bicyclettes\",\"description\":\"\",\"publisher\":{\"@id\":\"https:\/\/dumoulin.absoludev.ca\/#organization\"},\"potentialAction\":[{\"@type\":\"SearchAction\",\"target\":{\"@type\":\"EntryPoint\",\"urlTemplate\":\"https:\/\/dumoulin.absoludev.ca\/?s={search_term_string}\"},\"query-input\":{\"@type\":\"PropertyValueSpecification\",\"valueRequired\":true,\"valueName\":\"search_term_string\"}}],\"inLanguage\":\"en-US\"},{\"@type\":\"Organization\",\"@id\":\"https:\/\/dumoulin.absoludev.ca\/#organization\",\"name\":\"Dumoulin Bicyclettes\",\"url\":\"https:\/\/dumoulin.absoludev.ca\/\",\"logo\":{\"@type\":\"ImageObject\",\"inLanguage\":\"en-US\",\"@id\":\"https:\/\/dumoulin.absoludev.ca\/#\/schema\/logo\/image\/\",\"url\":\"https:\/\/www.dumoulinbicyclettes.com\/wp-content\/uploads\/2021\/04\/Logo.svg\",\"contentUrl\":\"https:\/\/www.dumoulinbicyclettes.com\/wp-content\/uploads\/2021\/04\/Logo.svg\",\"width\":254,\"height\":86,\"caption\":\"Dumoulin Bicyclettes\"},\"image\":{\"@id\":\"https:\/\/dumoulin.absoludev.ca\/#\/schema\/logo\/image\/\"},\"sameAs\":[\"https:\/\/www.facebook.com\/dumoulinbicyclettes\",\"https:\/\/www.instagram.com\/dumoulin.ca\/\",\"https:\/\/www.youtube.com\/user\/dumoulinbicyclettes\"]}]}<\/script>\n<!-- \/ Yoast SEO plugin. -->","yoast_head_json":{"title":"Sacoche double Basil \"Urban Load\" 48l - Dumoulin Bicyclettes","description":"La Basil \"Urban Load\" est une double sacoche au look urbain de 48 litres avec un rev\u00eatement hydrofuge pour transporter tous vos affaires du quotidien.","robots":{"index":"noindex","follow":"follow","max-snippet":"max-snippet:-1","max-image-preview":"max-image-preview:large","max-video-preview":"max-video-preview:-1"},"og_locale":"en_US","og_type":"article","og_title":"Sacoche double Basil \"Urban Load\" 48l - Dumoulin Bicyclettes","og_description":"La Basil \"Urban Load\" est une double sacoche au look urbain de 48 litres avec un rev\u00eatement hydrofuge pour transporter tous vos affaires du quotidien.","og_url":"https:\/\/dumoulin.absoludev.ca\/produit\/sacoches-double-basil-urban-load-noire-48l\/","og_site_name":"Dumoulin Bicyclettes","article_publisher":"https:\/\/www.facebook.com\/dumoulinbicyclettes","article_modified_time":"2025-09-04T18:16:26+00:00","og_image":[{"width":900,"height":900,"url":"https:\/\/dumoulin.absoludev.ca\/wp-content\/uploads\/2025\/02\/Sacoches-de-velo-Basil-Urban-load-montreal-quebec-dumoulin-bicyclettes_7.jpg","type":"image\/jpeg"}],"twitter_card":"summary_large_image","twitter_misc":{"Est. reading time":"1 minute"},"schema":{"@context":"https:\/\/schema.org","@graph":[{"@type":"WebPage","@id":"https:\/\/dumoulin.absoludev.ca\/produit\/sacoches-double-basil-urban-load-noire-48l\/","url":"https:\/\/dumoulin.absoludev.ca\/produit\/sacoches-double-basil-urban-load-noire-48l\/","name":"Sacoche double Basil \"Urban Load\" 48l - Dumoulin Bicyclettes","isPartOf":{"@id":"https:\/\/dumoulin.absoludev.ca\/#website"},"primaryImageOfPage":{"@id":"https:\/\/dumoulin.absoludev.ca\/produit\/sacoches-double-basil-urban-load-noire-48l\/#primaryimage"},"image":{"@id":"https:\/\/dumoulin.absoludev.ca\/produit\/sacoches-double-basil-urban-load-noire-48l\/#primaryimage"},"thumbnailUrl":"https:\/\/dumoulin.absoludev.ca\/wp-content\/uploads\/2025\/02\/Sacoches-de-velo-Basil-Urban-load-montreal-quebec-dumoulin-bicyclettes_7.jpg","datePublished":"2025-02-10T20:11:07+00:00","dateModified":"2025-09-04T18:16:26+00:00","description":"La Basil \"Urban Load\" est une double sacoche au look urbain de 48 litres avec un rev\u00eatement hydrofuge pour transporter tous vos affaires du quotidien.","breadcrumb":{"@id":"https:\/\/dumoulin.absoludev.ca\/produit\/sacoches-double-basil-urban-load-noire-48l\/#breadcrumb"},"inLanguage":"en-US","potentialAction":[{"@type":"ReadAction","target":["https:\/\/dumoulin.absoludev.ca\/produit\/sacoches-double-basil-urban-load-noire-48l\/"]}]},{"@type":"ImageObject","inLanguage":"en-US","@id":"https:\/\/dumoulin.absoludev.ca\/produit\/sacoches-double-basil-urban-load-noire-48l\/#primaryimage","url":"https:\/\/dumoulin.absoludev.ca\/wp-content\/uploads\/2025\/02\/Sacoches-de-velo-Basil-Urban-load-montreal-quebec-dumoulin-bicyclettes_7.jpg","contentUrl":"https:\/\/dumoulin.absoludev.ca\/wp-content\/uploads\/2025\/02\/Sacoches-de-velo-Basil-Urban-load-montreal-quebec-dumoulin-bicyclettes_7.jpg","width":900,"height":900},{"@type":"BreadcrumbList","@id":"https:\/\/dumoulin.absoludev.ca\/produit\/sacoches-double-basil-urban-load-noire-48l\/#breadcrumb","itemListElement":[{"@type":"ListItem","position":1,"name":"Home","item":"https:\/\/dumoulin.absoludev.ca\/en\/"},{"@type":"ListItem","position":2,"name":"Shop","item":"https:\/\/dumoulin.absoludev.ca\/en\/shop\/"},{"@type":"ListItem","position":3,"name":"Sacoche double Basil \u00ab\u00a0Urban Load\u00a0\u00bb 48l"}]},{"@type":"WebSite","@id":"https:\/\/dumoulin.absoludev.ca\/#website","url":"https:\/\/dumoulin.absoludev.ca\/","name":"Dumoulin Bicyclettes","description":"","publisher":{"@id":"https:\/\/dumoulin.absoludev.ca\/#organization"},"potentialAction":[{"@type":"SearchAction","target":{"@type":"EntryPoint","urlTemplate":"https:\/\/dumoulin.absoludev.ca\/?s={search_term_string}"},"query-input":{"@type":"PropertyValueSpecification","valueRequired":true,"valueName":"search_term_string"}}],"inLanguage":"en-US"},{"@type":"Organization","@id":"https:\/\/dumoulin.absoludev.ca\/#organization","name":"Dumoulin Bicyclettes","url":"https:\/\/dumoulin.absoludev.ca\/","logo":{"@type":"ImageObject","inLanguage":"en-US","@id":"https:\/\/dumoulin.absoludev.ca\/#\/schema\/logo\/image\/","url":"https:\/\/www.dumoulinbicyclettes.com\/wp-content\/uploads\/2021\/04\/Logo.svg","contentUrl":"https:\/\/www.dumoulinbicyclettes.com\/wp-content\/uploads\/2021\/04\/Logo.svg","width":254,"height":86,"caption":"Dumoulin Bicyclettes"},"image":{"@id":"https:\/\/dumoulin.absoludev.ca\/#\/schema\/logo\/image\/"},"sameAs":["https:\/\/www.facebook.com\/dumoulinbicyclettes","https:\/\/www.instagram.com\/dumoulin.ca\/","https:\/\/www.youtube.com\/user\/dumoulinbicyclettes"]}]}},"_links":{"self":[{"href":"https:\/\/dumoulin.absoludev.ca\/en\/wp-json\/wp\/v2\/product\/545792","targetHints":{"allow":["GET"]}}],"collection":[{"href":"https:\/\/dumoulin.absoludev.ca\/en\/wp-json\/wp\/v2\/product"}],"about":[{"href":"https:\/\/dumoulin.absoludev.ca\/en\/wp-json\/wp\/v2\/types\/product"}],"wp:featuredmedia":[{"embeddable":true,"href":"https:\/\/dumoulin.absoludev.ca\/en\/wp-json\/wp\/v2\/media\/545793"}],"wp:attachment":[{"href":"https:\/\/dumoulin.absoludev.ca\/en\/wp-json\/wp\/v2\/media?parent=545792"}],"wp:term":[{"taxonomy":"product_brand","embeddable":true,"href":"https:\/\/dumoulin.absoludev.ca\/en\/wp-json\/wp\/v2\/product_brand?post=545792"},{"taxonomy":"product_cat","embeddable":true,"href":"https:\/\/dumoulin.absoludev.ca\/en\/wp-json\/wp\/v2\/product_cat?post=545792"},{"taxonomy":"product_tag","embeddable":true,"href":"https:\/\/dumoulin.absoludev.ca\/en\/wp-json\/wp\/v2\/product_tag?post=545792"},{"taxonomy":"marque-produit","embeddable":true,"href":"https:\/\/dumoulin.absoludev.ca\/en\/wp-json\/wp\/v2\/marque-produit?post=545792"},{"taxonomy":"collection-produit","embeddable":true,"href":"https:\/\/dumoulin.absoludev.ca\/en\/wp-json\/wp\/v2\/collection-produit?post=545792"},{"taxonomy":"type-surface-produit","embeddable":true,"href":"https:\/\/dumoulin.absoludev.ca\/en\/wp-json\/wp\/v2\/type-surface-produit?post=545792"},{"taxonomy":"type-velo-produit","embeddable":true,"href":"https:\/\/dumoulin.absoludev.ca\/en\/wp-json\/wp\/v2\/type-velo-produit?post=545792"},{"taxonomy":"vetement-produit","embeddable":true,"href":"https:\/\/dumoulin.absoludev.ca\/en\/wp-json\/wp\/v2\/vetement-produit?post=545792"},{"taxonomy":"thematique-produit","embeddable":true,"href":"https:\/\/dumoulin.absoludev.ca\/en\/wp-json\/wp\/v2\/thematique-produit?post=545792"},{"taxonomy":"position-sur-le-v\u00e9lo","embeddable":true,"href":"https:\/\/dumoulin.absoludev.ca\/en\/wp-json\/wp\/v2\/position-sur-le-v\u00e9lo?post=545792"}],"curies":[{"name":"wp","href":"https:\/\/api.w.org\/{rel}","templated":true}]}}