{"id":541134,"date":"2025-02-05T17:12:41","date_gmt":"2025-02-05T22:12:41","guid":{"rendered":"http:\/\/www.dumoulinbicyclettes.com\/?post_type=product&#038;p=541134"},"modified":"2025-09-04T14:16:14","modified_gmt":"2025-09-04T18:16:14","slug":"sac-brompton-borough-roller-rack-gris-pour-porte-bagage-p-line","status":"publish","type":"product","link":"https:\/\/dumoulin.absoludev.ca\/en\/produit\/sac-brompton-borough-roller-rack-gris-pour-porte-bagage-p-line\/","title":{"rendered":"Sac Brompton &#8220;Borough Roller Rack&#8221; pour porte-bagages"},"content":{"rendered":"<p>Le sac Brompton &#8220;Borough Roller Rack&#8221; est con\u00e7u pour s\u2019adapter au bloc porte-bagages (vendu s\u00e9par\u00e9ment) de votre Brompton. Ces deux \u00e9l\u00e9ments se marient parfaitement et garantissent des d\u00e9placements fluides avec tout ce dont vous avez besoin. Avec une capacit\u00e9 de 14 litres, c&#8217;est le volume id\u00e9al pour une excursion d\u2019une journ\u00e9e. Durable et r\u00e9sistant \u00e0 l\u2019eau, il dispose d\u2019un compartiment principal zipp\u00e9 pour garder vos affaires \u00e0 l\u2019abri.<\/p>\n","protected":false},"excerpt":{"rendered":"<p>Le sac Brompton &#8220;Borough Roller Rack&#8221; est con\u00e7u pour s\u2019adapter au bloc porte-bagages (vendu s\u00e9par\u00e9ment) de votre Brompton. Ces deux \u00e9l\u00e9ments se marient parfaitement et garantissent des d\u00e9placements fluides avec tout ce dont vous avez besoin. Avec une capacit\u00e9 de 14 litres, c&#8217;est le volume id\u00e9al pour une excursion d\u2019une journ\u00e9e. Durable et r\u00e9sistant \u00e0 [&hellip;]<\/p>\n","protected":false},"featured_media":587850,"template":"","meta":{"_acf_changed":false},"product_brand":[],"product_cat":[184,195,188],"product_tag":[2372,2242,3474,3473,2381],"marque-produit":[153],"collection-produit":[2883,2884],"type-surface-produit":[],"type-velo-produit":[],"vetement-produit":[],"thematique-produit":[],"position-sur-le-v\u00e9lo":[],"class_list":{"0":"post-541134","1":"product","2":"type-product","3":"status-publish","4":"has-post-thumbnail","6":"product_cat-accessoires-pour-velo-pliable","7":"product_cat-sacoches","8":"product_cat-sacs-et-porte-bagages","9":"product_tag-borough","10":"product_tag-brompton","11":"product_tag-porte-bagage","12":"product_tag-roller-rack","13":"product_tag-sac","14":"marque-produit-brompton","15":"collection-produit-brompton","16":"collection-produit-sacs-et-accessoires","18":"first","19":"outofstock","20":"taxable","21":"shipping-taxable","22":"purchasable","23":"product-type-simple"},"acf":[],"yoast_head":"<!-- This site is optimized with the Yoast SEO plugin v24.3 - https:\/\/yoast.com\/wordpress\/plugins\/seo\/ -->\n<title>Sac Brompton &quot;Borough Roller Rack&quot; pour porte-bagages - Dumoulin Bicyclettes<\/title>\n<meta name=\"description\" content=\"Le sac Brompton &quot;Borough Roller Rack&quot; est con\u00e7u pour s\u2019adapter au bloc porte-bagages (vendu s\u00e9par\u00e9ment) de votre Brompton.\" \/>\n<meta name=\"robots\" content=\"noindex, follow, max-snippet:-1, max-image-preview:large, max-video-preview:-1\" \/>\n<meta property=\"og:locale\" content=\"en_US\" \/>\n<meta property=\"og:type\" content=\"article\" \/>\n<meta property=\"og:title\" content=\"Sac Brompton &quot;Borough Roller Rack&quot; pour porte-bagages - Dumoulin Bicyclettes\" \/>\n<meta property=\"og:description\" content=\"Le sac Brompton &quot;Borough Roller Rack&quot; est con\u00e7u pour s\u2019adapter au bloc porte-bagages (vendu s\u00e9par\u00e9ment) de votre Brompton.\" \/>\n<meta property=\"og:url\" content=\"https:\/\/dumoulin.absoludev.ca\/produit\/sac-brompton-borough-roller-rack-gris-pour-porte-bagage-p-line\/\" \/>\n<meta property=\"og:site_name\" content=\"Dumoulin Bicyclettes\" \/>\n<meta property=\"article:publisher\" content=\"https:\/\/www.facebook.com\/dumoulinbicyclettes\" \/>\n<meta property=\"article:modified_time\" content=\"2025-09-04T18:16:14+00:00\" \/>\n<meta property=\"og:image\" content=\"https:\/\/dumoulin.absoludev.ca\/wp-content\/uploads\/2025\/02\/sac-brompton-borough-roller-rack-pour-porte-bagage-dumoulin-bicyclettes-montreal-1.jpg\" \/>\n\t<meta property=\"og:image:width\" content=\"1080\" \/>\n\t<meta property=\"og:image:height\" content=\"721\" \/>\n\t<meta property=\"og:image:type\" content=\"image\/jpeg\" \/>\n<meta name=\"twitter:card\" content=\"summary_large_image\" \/>\n<meta name=\"twitter:label1\" content=\"Est. reading time\" \/>\n\t<meta name=\"twitter:data1\" content=\"1 minute\" \/>\n<script type=\"application\/ld+json\" class=\"yoast-schema-graph\">{\"@context\":\"https:\/\/schema.org\",\"@graph\":[{\"@type\":\"WebPage\",\"@id\":\"https:\/\/dumoulin.absoludev.ca\/produit\/sac-brompton-borough-roller-rack-gris-pour-porte-bagage-p-line\/\",\"url\":\"https:\/\/dumoulin.absoludev.ca\/produit\/sac-brompton-borough-roller-rack-gris-pour-porte-bagage-p-line\/\",\"name\":\"Sac Brompton \\\"Borough Roller Rack\\\" pour porte-bagages - Dumoulin Bicyclettes\",\"isPartOf\":{\"@id\":\"https:\/\/dumoulin.absoludev.ca\/#website\"},\"primaryImageOfPage\":{\"@id\":\"https:\/\/dumoulin.absoludev.ca\/produit\/sac-brompton-borough-roller-rack-gris-pour-porte-bagage-p-line\/#primaryimage\"},\"image\":{\"@id\":\"https:\/\/dumoulin.absoludev.ca\/produit\/sac-brompton-borough-roller-rack-gris-pour-porte-bagage-p-line\/#primaryimage\"},\"thumbnailUrl\":\"https:\/\/dumoulin.absoludev.ca\/wp-content\/uploads\/2025\/02\/sac-brompton-borough-roller-rack-pour-porte-bagage-dumoulin-bicyclettes-montreal-1.jpg\",\"datePublished\":\"2025-02-05T22:12:41+00:00\",\"dateModified\":\"2025-09-04T18:16:14+00:00\",\"description\":\"Le sac Brompton \\\"Borough Roller Rack\\\" est con\u00e7u pour s\u2019adapter au bloc porte-bagages (vendu s\u00e9par\u00e9ment) de votre Brompton.\",\"breadcrumb\":{\"@id\":\"https:\/\/dumoulin.absoludev.ca\/produit\/sac-brompton-borough-roller-rack-gris-pour-porte-bagage-p-line\/#breadcrumb\"},\"inLanguage\":\"en-US\",\"potentialAction\":[{\"@type\":\"ReadAction\",\"target\":[\"https:\/\/dumoulin.absoludev.ca\/produit\/sac-brompton-borough-roller-rack-gris-pour-porte-bagage-p-line\/\"]}]},{\"@type\":\"ImageObject\",\"inLanguage\":\"en-US\",\"@id\":\"https:\/\/dumoulin.absoludev.ca\/produit\/sac-brompton-borough-roller-rack-gris-pour-porte-bagage-p-line\/#primaryimage\",\"url\":\"https:\/\/dumoulin.absoludev.ca\/wp-content\/uploads\/2025\/02\/sac-brompton-borough-roller-rack-pour-porte-bagage-dumoulin-bicyclettes-montreal-1.jpg\",\"contentUrl\":\"https:\/\/dumoulin.absoludev.ca\/wp-content\/uploads\/2025\/02\/sac-brompton-borough-roller-rack-pour-porte-bagage-dumoulin-bicyclettes-montreal-1.jpg\",\"width\":1080,\"height\":721},{\"@type\":\"BreadcrumbList\",\"@id\":\"https:\/\/dumoulin.absoludev.ca\/produit\/sac-brompton-borough-roller-rack-gris-pour-porte-bagage-p-line\/#breadcrumb\",\"itemListElement\":[{\"@type\":\"ListItem\",\"position\":1,\"name\":\"Home\",\"item\":\"https:\/\/dumoulin.absoludev.ca\/en\/\"},{\"@type\":\"ListItem\",\"position\":2,\"name\":\"Shop\",\"item\":\"https:\/\/dumoulin.absoludev.ca\/en\/shop\/\"},{\"@type\":\"ListItem\",\"position\":3,\"name\":\"Sac Brompton \u00ab\u00a0Borough Roller Rack\u00a0\u00bb pour porte-bagages\"}]},{\"@type\":\"WebSite\",\"@id\":\"https:\/\/dumoulin.absoludev.ca\/#website\",\"url\":\"https:\/\/dumoulin.absoludev.ca\/\",\"name\":\"Dumoulin Bicyclettes\",\"description\":\"\",\"publisher\":{\"@id\":\"https:\/\/dumoulin.absoludev.ca\/#organization\"},\"potentialAction\":[{\"@type\":\"SearchAction\",\"target\":{\"@type\":\"EntryPoint\",\"urlTemplate\":\"https:\/\/dumoulin.absoludev.ca\/?s={search_term_string}\"},\"query-input\":{\"@type\":\"PropertyValueSpecification\",\"valueRequired\":true,\"valueName\":\"search_term_string\"}}],\"inLanguage\":\"en-US\"},{\"@type\":\"Organization\",\"@id\":\"https:\/\/dumoulin.absoludev.ca\/#organization\",\"name\":\"Dumoulin Bicyclettes\",\"url\":\"https:\/\/dumoulin.absoludev.ca\/\",\"logo\":{\"@type\":\"ImageObject\",\"inLanguage\":\"en-US\",\"@id\":\"https:\/\/dumoulin.absoludev.ca\/#\/schema\/logo\/image\/\",\"url\":\"https:\/\/www.dumoulinbicyclettes.com\/wp-content\/uploads\/2021\/04\/Logo.svg\",\"contentUrl\":\"https:\/\/www.dumoulinbicyclettes.com\/wp-content\/uploads\/2021\/04\/Logo.svg\",\"width\":254,\"height\":86,\"caption\":\"Dumoulin Bicyclettes\"},\"image\":{\"@id\":\"https:\/\/dumoulin.absoludev.ca\/#\/schema\/logo\/image\/\"},\"sameAs\":[\"https:\/\/www.facebook.com\/dumoulinbicyclettes\",\"https:\/\/www.instagram.com\/dumoulin.ca\/\",\"https:\/\/www.youtube.com\/user\/dumoulinbicyclettes\"]}]}<\/script>\n<!-- \/ Yoast SEO plugin. -->","yoast_head_json":{"title":"Sac Brompton \"Borough Roller Rack\" pour porte-bagages - Dumoulin Bicyclettes","description":"Le sac Brompton \"Borough Roller Rack\" est con\u00e7u pour s\u2019adapter au bloc porte-bagages (vendu s\u00e9par\u00e9ment) de votre Brompton.","robots":{"index":"noindex","follow":"follow","max-snippet":"max-snippet:-1","max-image-preview":"max-image-preview:large","max-video-preview":"max-video-preview:-1"},"og_locale":"en_US","og_type":"article","og_title":"Sac Brompton \"Borough Roller Rack\" pour porte-bagages - Dumoulin Bicyclettes","og_description":"Le sac Brompton \"Borough Roller Rack\" est con\u00e7u pour s\u2019adapter au bloc porte-bagages (vendu s\u00e9par\u00e9ment) de votre Brompton.","og_url":"https:\/\/dumoulin.absoludev.ca\/produit\/sac-brompton-borough-roller-rack-gris-pour-porte-bagage-p-line\/","og_site_name":"Dumoulin Bicyclettes","article_publisher":"https:\/\/www.facebook.com\/dumoulinbicyclettes","article_modified_time":"2025-09-04T18:16:14+00:00","og_image":[{"width":1080,"height":721,"url":"https:\/\/dumoulin.absoludev.ca\/wp-content\/uploads\/2025\/02\/sac-brompton-borough-roller-rack-pour-porte-bagage-dumoulin-bicyclettes-montreal-1.jpg","type":"image\/jpeg"}],"twitter_card":"summary_large_image","twitter_misc":{"Est. reading time":"1 minute"},"schema":{"@context":"https:\/\/schema.org","@graph":[{"@type":"WebPage","@id":"https:\/\/dumoulin.absoludev.ca\/produit\/sac-brompton-borough-roller-rack-gris-pour-porte-bagage-p-line\/","url":"https:\/\/dumoulin.absoludev.ca\/produit\/sac-brompton-borough-roller-rack-gris-pour-porte-bagage-p-line\/","name":"Sac Brompton \"Borough Roller Rack\" pour porte-bagages - Dumoulin Bicyclettes","isPartOf":{"@id":"https:\/\/dumoulin.absoludev.ca\/#website"},"primaryImageOfPage":{"@id":"https:\/\/dumoulin.absoludev.ca\/produit\/sac-brompton-borough-roller-rack-gris-pour-porte-bagage-p-line\/#primaryimage"},"image":{"@id":"https:\/\/dumoulin.absoludev.ca\/produit\/sac-brompton-borough-roller-rack-gris-pour-porte-bagage-p-line\/#primaryimage"},"thumbnailUrl":"https:\/\/dumoulin.absoludev.ca\/wp-content\/uploads\/2025\/02\/sac-brompton-borough-roller-rack-pour-porte-bagage-dumoulin-bicyclettes-montreal-1.jpg","datePublished":"2025-02-05T22:12:41+00:00","dateModified":"2025-09-04T18:16:14+00:00","description":"Le sac Brompton \"Borough Roller Rack\" est con\u00e7u pour s\u2019adapter au bloc porte-bagages (vendu s\u00e9par\u00e9ment) de votre Brompton.","breadcrumb":{"@id":"https:\/\/dumoulin.absoludev.ca\/produit\/sac-brompton-borough-roller-rack-gris-pour-porte-bagage-p-line\/#breadcrumb"},"inLanguage":"en-US","potentialAction":[{"@type":"ReadAction","target":["https:\/\/dumoulin.absoludev.ca\/produit\/sac-brompton-borough-roller-rack-gris-pour-porte-bagage-p-line\/"]}]},{"@type":"ImageObject","inLanguage":"en-US","@id":"https:\/\/dumoulin.absoludev.ca\/produit\/sac-brompton-borough-roller-rack-gris-pour-porte-bagage-p-line\/#primaryimage","url":"https:\/\/dumoulin.absoludev.ca\/wp-content\/uploads\/2025\/02\/sac-brompton-borough-roller-rack-pour-porte-bagage-dumoulin-bicyclettes-montreal-1.jpg","contentUrl":"https:\/\/dumoulin.absoludev.ca\/wp-content\/uploads\/2025\/02\/sac-brompton-borough-roller-rack-pour-porte-bagage-dumoulin-bicyclettes-montreal-1.jpg","width":1080,"height":721},{"@type":"BreadcrumbList","@id":"https:\/\/dumoulin.absoludev.ca\/produit\/sac-brompton-borough-roller-rack-gris-pour-porte-bagage-p-line\/#breadcrumb","itemListElement":[{"@type":"ListItem","position":1,"name":"Home","item":"https:\/\/dumoulin.absoludev.ca\/en\/"},{"@type":"ListItem","position":2,"name":"Shop","item":"https:\/\/dumoulin.absoludev.ca\/en\/shop\/"},{"@type":"ListItem","position":3,"name":"Sac Brompton \u00ab\u00a0Borough Roller Rack\u00a0\u00bb pour porte-bagages"}]},{"@type":"WebSite","@id":"https:\/\/dumoulin.absoludev.ca\/#website","url":"https:\/\/dumoulin.absoludev.ca\/","name":"Dumoulin Bicyclettes","description":"","publisher":{"@id":"https:\/\/dumoulin.absoludev.ca\/#organization"},"potentialAction":[{"@type":"SearchAction","target":{"@type":"EntryPoint","urlTemplate":"https:\/\/dumoulin.absoludev.ca\/?s={search_term_string}"},"query-input":{"@type":"PropertyValueSpecification","valueRequired":true,"valueName":"search_term_string"}}],"inLanguage":"en-US"},{"@type":"Organization","@id":"https:\/\/dumoulin.absoludev.ca\/#organization","name":"Dumoulin Bicyclettes","url":"https:\/\/dumoulin.absoludev.ca\/","logo":{"@type":"ImageObject","inLanguage":"en-US","@id":"https:\/\/dumoulin.absoludev.ca\/#\/schema\/logo\/image\/","url":"https:\/\/www.dumoulinbicyclettes.com\/wp-content\/uploads\/2021\/04\/Logo.svg","contentUrl":"https:\/\/www.dumoulinbicyclettes.com\/wp-content\/uploads\/2021\/04\/Logo.svg","width":254,"height":86,"caption":"Dumoulin Bicyclettes"},"image":{"@id":"https:\/\/dumoulin.absoludev.ca\/#\/schema\/logo\/image\/"},"sameAs":["https:\/\/www.facebook.com\/dumoulinbicyclettes","https:\/\/www.instagram.com\/dumoulin.ca\/","https:\/\/www.youtube.com\/user\/dumoulinbicyclettes"]}]}},"_links":{"self":[{"href":"https:\/\/dumoulin.absoludev.ca\/en\/wp-json\/wp\/v2\/product\/541134","targetHints":{"allow":["GET"]}}],"collection":[{"href":"https:\/\/dumoulin.absoludev.ca\/en\/wp-json\/wp\/v2\/product"}],"about":[{"href":"https:\/\/dumoulin.absoludev.ca\/en\/wp-json\/wp\/v2\/types\/product"}],"wp:featuredmedia":[{"embeddable":true,"href":"https:\/\/dumoulin.absoludev.ca\/en\/wp-json\/wp\/v2\/media\/587850"}],"wp:attachment":[{"href":"https:\/\/dumoulin.absoludev.ca\/en\/wp-json\/wp\/v2\/media?parent=541134"}],"wp:term":[{"taxonomy":"product_brand","embeddable":true,"href":"https:\/\/dumoulin.absoludev.ca\/en\/wp-json\/wp\/v2\/product_brand?post=541134"},{"taxonomy":"product_cat","embeddable":true,"href":"https:\/\/dumoulin.absoludev.ca\/en\/wp-json\/wp\/v2\/product_cat?post=541134"},{"taxonomy":"product_tag","embeddable":true,"href":"https:\/\/dumoulin.absoludev.ca\/en\/wp-json\/wp\/v2\/product_tag?post=541134"},{"taxonomy":"marque-produit","embeddable":true,"href":"https:\/\/dumoulin.absoludev.ca\/en\/wp-json\/wp\/v2\/marque-produit?post=541134"},{"taxonomy":"collection-produit","embeddable":true,"href":"https:\/\/dumoulin.absoludev.ca\/en\/wp-json\/wp\/v2\/collection-produit?post=541134"},{"taxonomy":"type-surface-produit","embeddable":true,"href":"https:\/\/dumoulin.absoludev.ca\/en\/wp-json\/wp\/v2\/type-surface-produit?post=541134"},{"taxonomy":"type-velo-produit","embeddable":true,"href":"https:\/\/dumoulin.absoludev.ca\/en\/wp-json\/wp\/v2\/type-velo-produit?post=541134"},{"taxonomy":"vetement-produit","embeddable":true,"href":"https:\/\/dumoulin.absoludev.ca\/en\/wp-json\/wp\/v2\/vetement-produit?post=541134"},{"taxonomy":"thematique-produit","embeddable":true,"href":"https:\/\/dumoulin.absoludev.ca\/en\/wp-json\/wp\/v2\/thematique-produit?post=541134"},{"taxonomy":"position-sur-le-v\u00e9lo","embeddable":true,"href":"https:\/\/dumoulin.absoludev.ca\/en\/wp-json\/wp\/v2\/position-sur-le-v\u00e9lo?post=541134"}],"curies":[{"name":"wp","href":"https:\/\/api.w.org\/{rel}","templated":true}]}}