{"id":537819,"date":"2025-02-03T13:23:49","date_gmt":"2025-02-03T18:23:49","guid":{"rendered":"https:\/\/www.dumoulinbicyclettes.com\/?post_type=product&#038;p=537819"},"modified":"2025-02-14T17:29:42","modified_gmt":"2025-02-14T22:29:42","slug":"riesemuller-load4-75","status":"publish","type":"product","link":"https:\/\/dumoulin.absoludev.ca\/en\/produit\/riesemuller-load4-75\/","title":{"rendered":"Riese&#038;M\u00fcller Load4 75"},"content":{"rendered":"<p>Le Load4 75 est un v\u00e9lo cargo exceptionnel. L&#8217;interpr\u00e9tation par Riese&#038;M\u00fcller du concept de v\u00e9lo boite \u00e0 deux roues apporte un degr\u00e9 de confort et de confiance tout bonnement \u00e9poustouflant.<\/p>\n<p>Puissant, \u00e9quilibr\u00e9, tout \u00e9quip\u00e9, le Load4 75 est un mod\u00e8le \u00e0 essayer pour les familles en qu\u00eate d&#8217;un v\u00e9lo cargo!<\/p>\n<p><a href=\"https:\/\/www.dumoulinbicyclettes.com\/nous-contacter\/\" target=\"_blank\">Contactez-nous<\/a> pour un essai routier et pour vous enqu\u00e9rir des disponibilit\u00e9s.<\/p>\n","protected":false},"excerpt":{"rendered":"<p>Le Load4 75 est un v\u00e9lo cargo exceptionnel. L&#8217;interpr\u00e9tation par Riese&#038;M\u00fcller du concept de v\u00e9lo boite \u00e0 deux roues apporte un degr\u00e9 de confort et de confiance tout bonnement \u00e9poustouflant. Puissant, \u00e9quilibr\u00e9, tout \u00e9quip\u00e9, le Load4 75 est un mod\u00e8le \u00e0 essayer pour les familles en qu\u00eate d&#8217;un v\u00e9lo cargo! Contactez-nous pour un essai routier [&hellip;]<\/p>\n","protected":false},"featured_media":319980,"template":"","meta":{"_acf_changed":false},"product_brand":[],"product_cat":[1566,169,170,163],"product_tag":[3364,2752],"marque-produit":[2747],"collection-produit":[3347,3346],"type-surface-produit":[],"type-velo-produit":[],"vetement-produit":[],"thematique-produit":[],"position-sur-le-v\u00e9lo":[],"class_list":{"0":"post-537819","1":"product","2":"type-product","3":"status-publish","4":"has-post-thumbnail","6":"product_cat-cargo","7":"product_cat-transport-denfant","8":"product_cat-transport-de-materiel","9":"product_cat-velos-cargo","10":"product_tag-load4","11":"product_tag-riesemuller","12":"marque-produit-riese-and-muller","13":"collection-produit-velos-boite","14":"collection-produit-velos-cargo-riesemuller","16":"first","17":"onbackorder","18":"taxable","19":"shipping-taxable","20":"purchasable","21":"product-type-variable"},"acf":[],"yoast_head":"<!-- This site is optimized with the Yoast SEO plugin v24.3 - https:\/\/yoast.com\/wordpress\/plugins\/seo\/ -->\n<title>Riese&amp;M\u00fcller Load4 75 - Dumoulin Bicyclettes | V\u00e9los cargo |\u00a0Montr\u00e9al | Qu\u00e9bec |<\/title>\n<meta name=\"description\" content=\"Confort, confiance et s\u00e9curit\u00e9 : le Load4 75 de Riese&amp;M\u00fcller conjugue avec brio les modes de l&#039;adoption du v\u00e9lo cargo comme moyen de transport. \u00c0 essayer !\" \/>\n<meta name=\"robots\" content=\"noindex, follow, max-snippet:-1, max-image-preview:large, max-video-preview:-1\" \/>\n<meta property=\"og:locale\" content=\"en_US\" \/>\n<meta property=\"og:type\" content=\"article\" \/>\n<meta property=\"og:title\" content=\"Riese&amp;M\u00fcller Load4 75 - Dumoulin Bicyclettes | V\u00e9los cargo |\u00a0Montr\u00e9al | Qu\u00e9bec |\" \/>\n<meta property=\"og:description\" content=\"Confort, confiance et s\u00e9curit\u00e9 : le Load4 75 de Riese&amp;M\u00fcller conjugue avec brio les modes de l&#039;adoption du v\u00e9lo cargo comme moyen de transport. \u00c0 essayer !\" \/>\n<meta property=\"og:url\" content=\"https:\/\/dumoulin.absoludev.ca\/en\/produit\/riesemuller-load4-75\/\" \/>\n<meta property=\"og:site_name\" content=\"Dumoulin Bicyclettes\" \/>\n<meta property=\"article:publisher\" content=\"https:\/\/www.facebook.com\/dumoulinbicyclettes\" \/>\n<meta property=\"article:modified_time\" content=\"2025-02-14T22:29:42+00:00\" \/>\n<meta property=\"og:image\" content=\"https:\/\/dumoulin.absoludev.ca\/wp-content\/uploads\/2023\/11\/velo-cargo-Riese_and_Mu\u0308ller_Load4-75-frontloader-Enviolo_Vario-_Load4_75_Var_PeanutMtt_1348-scaled.jpg\" \/>\n\t<meta property=\"og:image:width\" content=\"2560\" \/>\n\t<meta property=\"og:image:height\" content=\"1707\" \/>\n\t<meta property=\"og:image:type\" content=\"image\/jpeg\" \/>\n<meta name=\"twitter:card\" content=\"summary_large_image\" \/>\n<meta name=\"twitter:label1\" content=\"Est. reading time\" \/>\n\t<meta name=\"twitter:data1\" content=\"1 minute\" \/>\n<script type=\"application\/ld+json\" class=\"yoast-schema-graph\">{\"@context\":\"https:\/\/schema.org\",\"@graph\":[{\"@type\":\"WebPage\",\"@id\":\"https:\/\/dumoulin.absoludev.ca\/en\/produit\/riesemuller-load4-75\/\",\"url\":\"https:\/\/dumoulin.absoludev.ca\/en\/produit\/riesemuller-load4-75\/\",\"name\":\"Riese&M\u00fcller Load4 75 - Dumoulin Bicyclettes | V\u00e9los cargo |\u00a0Montr\u00e9al | Qu\u00e9bec |\",\"isPartOf\":{\"@id\":\"https:\/\/dumoulin.absoludev.ca\/#website\"},\"primaryImageOfPage\":{\"@id\":\"https:\/\/dumoulin.absoludev.ca\/en\/produit\/riesemuller-load4-75\/#primaryimage\"},\"image\":{\"@id\":\"https:\/\/dumoulin.absoludev.ca\/en\/produit\/riesemuller-load4-75\/#primaryimage\"},\"thumbnailUrl\":\"https:\/\/dumoulin.absoludev.ca\/wp-content\/uploads\/2023\/11\/velo-cargo-Riese_and_Mu\u0308ller_Load4-75-frontloader-Enviolo_Vario-_Load4_75_Var_PeanutMtt_1348-scaled.jpg\",\"datePublished\":\"2025-02-03T18:23:49+00:00\",\"dateModified\":\"2025-02-14T22:29:42+00:00\",\"description\":\"Confort, confiance et s\u00e9curit\u00e9 : le Load4 75 de Riese&M\u00fcller conjugue avec brio les modes de l'adoption du v\u00e9lo cargo comme moyen de transport. \u00c0 essayer !\",\"breadcrumb\":{\"@id\":\"https:\/\/dumoulin.absoludev.ca\/en\/produit\/riesemuller-load4-75\/#breadcrumb\"},\"inLanguage\":\"en-US\",\"potentialAction\":[{\"@type\":\"ReadAction\",\"target\":[\"https:\/\/dumoulin.absoludev.ca\/en\/produit\/riesemuller-load4-75\/\"]}]},{\"@type\":\"ImageObject\",\"inLanguage\":\"en-US\",\"@id\":\"https:\/\/dumoulin.absoludev.ca\/en\/produit\/riesemuller-load4-75\/#primaryimage\",\"url\":\"https:\/\/dumoulin.absoludev.ca\/wp-content\/uploads\/2023\/11\/velo-cargo-Riese_and_Mu\u0308ller_Load4-75-frontloader-Enviolo_Vario-_Load4_75_Var_PeanutMtt_1348-scaled.jpg\",\"contentUrl\":\"https:\/\/dumoulin.absoludev.ca\/wp-content\/uploads\/2023\/11\/velo-cargo-Riese_and_Mu\u0308ller_Load4-75-frontloader-Enviolo_Vario-_Load4_75_Var_PeanutMtt_1348-scaled.jpg\",\"width\":2560,\"height\":1707,\"caption\":\"velo-cargo-Riese_and_Mu\u0308ller_Load4-75-frontloader-Enviolo_Vario-_Load4_75_Var_PeanutMtt_1348\"},{\"@type\":\"BreadcrumbList\",\"@id\":\"https:\/\/dumoulin.absoludev.ca\/en\/produit\/riesemuller-load4-75\/#breadcrumb\",\"itemListElement\":[{\"@type\":\"ListItem\",\"position\":1,\"name\":\"Home\",\"item\":\"https:\/\/dumoulin.absoludev.ca\/en\/\"},{\"@type\":\"ListItem\",\"position\":2,\"name\":\"Shop\",\"item\":\"https:\/\/dumoulin.absoludev.ca\/en\/shop\/\"},{\"@type\":\"ListItem\",\"position\":3,\"name\":\"Riese&#038;M\u00fcller Load4 75\"}]},{\"@type\":\"WebSite\",\"@id\":\"https:\/\/dumoulin.absoludev.ca\/#website\",\"url\":\"https:\/\/dumoulin.absoludev.ca\/\",\"name\":\"Dumoulin Bicyclettes\",\"description\":\"\",\"publisher\":{\"@id\":\"https:\/\/dumoulin.absoludev.ca\/#organization\"},\"potentialAction\":[{\"@type\":\"SearchAction\",\"target\":{\"@type\":\"EntryPoint\",\"urlTemplate\":\"https:\/\/dumoulin.absoludev.ca\/?s={search_term_string}\"},\"query-input\":{\"@type\":\"PropertyValueSpecification\",\"valueRequired\":true,\"valueName\":\"search_term_string\"}}],\"inLanguage\":\"en-US\"},{\"@type\":\"Organization\",\"@id\":\"https:\/\/dumoulin.absoludev.ca\/#organization\",\"name\":\"Dumoulin Bicyclettes\",\"url\":\"https:\/\/dumoulin.absoludev.ca\/\",\"logo\":{\"@type\":\"ImageObject\",\"inLanguage\":\"en-US\",\"@id\":\"https:\/\/dumoulin.absoludev.ca\/#\/schema\/logo\/image\/\",\"url\":\"https:\/\/www.dumoulinbicyclettes.com\/wp-content\/uploads\/2021\/04\/Logo.svg\",\"contentUrl\":\"https:\/\/www.dumoulinbicyclettes.com\/wp-content\/uploads\/2021\/04\/Logo.svg\",\"width\":254,\"height\":86,\"caption\":\"Dumoulin Bicyclettes\"},\"image\":{\"@id\":\"https:\/\/dumoulin.absoludev.ca\/#\/schema\/logo\/image\/\"},\"sameAs\":[\"https:\/\/www.facebook.com\/dumoulinbicyclettes\",\"https:\/\/www.instagram.com\/dumoulin.ca\/\",\"https:\/\/www.youtube.com\/user\/dumoulinbicyclettes\"]}]}<\/script>\n<!-- \/ Yoast SEO plugin. -->","yoast_head_json":{"title":"Riese&M\u00fcller Load4 75 - Dumoulin Bicyclettes | V\u00e9los cargo |\u00a0Montr\u00e9al | Qu\u00e9bec |","description":"Confort, confiance et s\u00e9curit\u00e9 : le Load4 75 de Riese&M\u00fcller conjugue avec brio les modes de l'adoption du v\u00e9lo cargo comme moyen de transport. \u00c0 essayer !","robots":{"index":"noindex","follow":"follow","max-snippet":"max-snippet:-1","max-image-preview":"max-image-preview:large","max-video-preview":"max-video-preview:-1"},"og_locale":"en_US","og_type":"article","og_title":"Riese&M\u00fcller Load4 75 - Dumoulin Bicyclettes | V\u00e9los cargo |\u00a0Montr\u00e9al | Qu\u00e9bec |","og_description":"Confort, confiance et s\u00e9curit\u00e9 : le Load4 75 de Riese&M\u00fcller conjugue avec brio les modes de l'adoption du v\u00e9lo cargo comme moyen de transport. \u00c0 essayer !","og_url":"https:\/\/dumoulin.absoludev.ca\/en\/produit\/riesemuller-load4-75\/","og_site_name":"Dumoulin Bicyclettes","article_publisher":"https:\/\/www.facebook.com\/dumoulinbicyclettes","article_modified_time":"2025-02-14T22:29:42+00:00","og_image":[{"width":2560,"height":1707,"url":"https:\/\/dumoulin.absoludev.ca\/wp-content\/uploads\/2023\/11\/velo-cargo-Riese_and_Mu\u0308ller_Load4-75-frontloader-Enviolo_Vario-_Load4_75_Var_PeanutMtt_1348-scaled.jpg","type":"image\/jpeg"}],"twitter_card":"summary_large_image","twitter_misc":{"Est. reading time":"1 minute"},"schema":{"@context":"https:\/\/schema.org","@graph":[{"@type":"WebPage","@id":"https:\/\/dumoulin.absoludev.ca\/en\/produit\/riesemuller-load4-75\/","url":"https:\/\/dumoulin.absoludev.ca\/en\/produit\/riesemuller-load4-75\/","name":"Riese&M\u00fcller Load4 75 - Dumoulin Bicyclettes | V\u00e9los cargo |\u00a0Montr\u00e9al | Qu\u00e9bec |","isPartOf":{"@id":"https:\/\/dumoulin.absoludev.ca\/#website"},"primaryImageOfPage":{"@id":"https:\/\/dumoulin.absoludev.ca\/en\/produit\/riesemuller-load4-75\/#primaryimage"},"image":{"@id":"https:\/\/dumoulin.absoludev.ca\/en\/produit\/riesemuller-load4-75\/#primaryimage"},"thumbnailUrl":"https:\/\/dumoulin.absoludev.ca\/wp-content\/uploads\/2023\/11\/velo-cargo-Riese_and_Mu\u0308ller_Load4-75-frontloader-Enviolo_Vario-_Load4_75_Var_PeanutMtt_1348-scaled.jpg","datePublished":"2025-02-03T18:23:49+00:00","dateModified":"2025-02-14T22:29:42+00:00","description":"Confort, confiance et s\u00e9curit\u00e9 : le Load4 75 de Riese&M\u00fcller conjugue avec brio les modes de l'adoption du v\u00e9lo cargo comme moyen de transport. \u00c0 essayer !","breadcrumb":{"@id":"https:\/\/dumoulin.absoludev.ca\/en\/produit\/riesemuller-load4-75\/#breadcrumb"},"inLanguage":"en-US","potentialAction":[{"@type":"ReadAction","target":["https:\/\/dumoulin.absoludev.ca\/en\/produit\/riesemuller-load4-75\/"]}]},{"@type":"ImageObject","inLanguage":"en-US","@id":"https:\/\/dumoulin.absoludev.ca\/en\/produit\/riesemuller-load4-75\/#primaryimage","url":"https:\/\/dumoulin.absoludev.ca\/wp-content\/uploads\/2023\/11\/velo-cargo-Riese_and_Mu\u0308ller_Load4-75-frontloader-Enviolo_Vario-_Load4_75_Var_PeanutMtt_1348-scaled.jpg","contentUrl":"https:\/\/dumoulin.absoludev.ca\/wp-content\/uploads\/2023\/11\/velo-cargo-Riese_and_Mu\u0308ller_Load4-75-frontloader-Enviolo_Vario-_Load4_75_Var_PeanutMtt_1348-scaled.jpg","width":2560,"height":1707,"caption":"velo-cargo-Riese_and_Mu\u0308ller_Load4-75-frontloader-Enviolo_Vario-_Load4_75_Var_PeanutMtt_1348"},{"@type":"BreadcrumbList","@id":"https:\/\/dumoulin.absoludev.ca\/en\/produit\/riesemuller-load4-75\/#breadcrumb","itemListElement":[{"@type":"ListItem","position":1,"name":"Home","item":"https:\/\/dumoulin.absoludev.ca\/en\/"},{"@type":"ListItem","position":2,"name":"Shop","item":"https:\/\/dumoulin.absoludev.ca\/en\/shop\/"},{"@type":"ListItem","position":3,"name":"Riese&#038;M\u00fcller Load4 75"}]},{"@type":"WebSite","@id":"https:\/\/dumoulin.absoludev.ca\/#website","url":"https:\/\/dumoulin.absoludev.ca\/","name":"Dumoulin Bicyclettes","description":"","publisher":{"@id":"https:\/\/dumoulin.absoludev.ca\/#organization"},"potentialAction":[{"@type":"SearchAction","target":{"@type":"EntryPoint","urlTemplate":"https:\/\/dumoulin.absoludev.ca\/?s={search_term_string}"},"query-input":{"@type":"PropertyValueSpecification","valueRequired":true,"valueName":"search_term_string"}}],"inLanguage":"en-US"},{"@type":"Organization","@id":"https:\/\/dumoulin.absoludev.ca\/#organization","name":"Dumoulin Bicyclettes","url":"https:\/\/dumoulin.absoludev.ca\/","logo":{"@type":"ImageObject","inLanguage":"en-US","@id":"https:\/\/dumoulin.absoludev.ca\/#\/schema\/logo\/image\/","url":"https:\/\/www.dumoulinbicyclettes.com\/wp-content\/uploads\/2021\/04\/Logo.svg","contentUrl":"https:\/\/www.dumoulinbicyclettes.com\/wp-content\/uploads\/2021\/04\/Logo.svg","width":254,"height":86,"caption":"Dumoulin Bicyclettes"},"image":{"@id":"https:\/\/dumoulin.absoludev.ca\/#\/schema\/logo\/image\/"},"sameAs":["https:\/\/www.facebook.com\/dumoulinbicyclettes","https:\/\/www.instagram.com\/dumoulin.ca\/","https:\/\/www.youtube.com\/user\/dumoulinbicyclettes"]}]}},"_links":{"self":[{"href":"https:\/\/dumoulin.absoludev.ca\/en\/wp-json\/wp\/v2\/product\/537819","targetHints":{"allow":["GET"]}}],"collection":[{"href":"https:\/\/dumoulin.absoludev.ca\/en\/wp-json\/wp\/v2\/product"}],"about":[{"href":"https:\/\/dumoulin.absoludev.ca\/en\/wp-json\/wp\/v2\/types\/product"}],"wp:featuredmedia":[{"embeddable":true,"href":"https:\/\/dumoulin.absoludev.ca\/en\/wp-json\/wp\/v2\/media\/319980"}],"wp:attachment":[{"href":"https:\/\/dumoulin.absoludev.ca\/en\/wp-json\/wp\/v2\/media?parent=537819"}],"wp:term":[{"taxonomy":"product_brand","embeddable":true,"href":"https:\/\/dumoulin.absoludev.ca\/en\/wp-json\/wp\/v2\/product_brand?post=537819"},{"taxonomy":"product_cat","embeddable":true,"href":"https:\/\/dumoulin.absoludev.ca\/en\/wp-json\/wp\/v2\/product_cat?post=537819"},{"taxonomy":"product_tag","embeddable":true,"href":"https:\/\/dumoulin.absoludev.ca\/en\/wp-json\/wp\/v2\/product_tag?post=537819"},{"taxonomy":"marque-produit","embeddable":true,"href":"https:\/\/dumoulin.absoludev.ca\/en\/wp-json\/wp\/v2\/marque-produit?post=537819"},{"taxonomy":"collection-produit","embeddable":true,"href":"https:\/\/dumoulin.absoludev.ca\/en\/wp-json\/wp\/v2\/collection-produit?post=537819"},{"taxonomy":"type-surface-produit","embeddable":true,"href":"https:\/\/dumoulin.absoludev.ca\/en\/wp-json\/wp\/v2\/type-surface-produit?post=537819"},{"taxonomy":"type-velo-produit","embeddable":true,"href":"https:\/\/dumoulin.absoludev.ca\/en\/wp-json\/wp\/v2\/type-velo-produit?post=537819"},{"taxonomy":"vetement-produit","embeddable":true,"href":"https:\/\/dumoulin.absoludev.ca\/en\/wp-json\/wp\/v2\/vetement-produit?post=537819"},{"taxonomy":"thematique-produit","embeddable":true,"href":"https:\/\/dumoulin.absoludev.ca\/en\/wp-json\/wp\/v2\/thematique-produit?post=537819"},{"taxonomy":"position-sur-le-v\u00e9lo","embeddable":true,"href":"https:\/\/dumoulin.absoludev.ca\/en\/wp-json\/wp\/v2\/position-sur-le-v\u00e9lo?post=537819"}],"curies":[{"name":"wp","href":"https:\/\/api.w.org\/{rel}","templated":true}]}}