{"id":533971,"date":"2025-01-30T16:59:17","date_gmt":"2025-01-30T21:59:17","guid":{"rendered":"https:\/\/www.dumoulinbicyclettes.com\/?post_type=product&#038;p=533971"},"modified":"2025-05-06T13:23:42","modified_gmt":"2025-05-06T17:23:42","slug":"riesemuller-carrie","status":"publish","type":"product","link":"https:\/\/dumoulin.absoludev.ca\/en\/produit\/riesemuller-carrie\/","title":{"rendered":"Riese&#038;M\u00fcller Carrie"},"content":{"rendered":"<p>Sur deux roues, avec une boite en avant, de la place pour deux enfants&#8230;le Carrie est bel et bien un v\u00e9lo cargo. Taill\u00e9 pour le quotidien, il est pr\u00eat \u00e0 vous aider \u00e0 vous d\u00e9placer efficacement et confortablement.<\/p>\n<p>Tout petit, le Carrie n&#8217;intimide pas. On en prend possession ais\u00e9ment et on a un sentiment de contr\u00f4le tout \u00e0 fait plaisant.<\/p>\n<p>\u00c0 <a href=\"https:\/\/www.dumoulinbicyclettes.com\/nous-contacter\/\" target=\"_blank\">essayer<\/a> !<\/p>\n<p>Prix indicatifs : nous <a href=\"https:\/\/www.dumoulinbicyclettes.com\/nous-contacter\/\" target=\"_blank\">contacter<\/a> pour les disponibilit\u00e9s svp.<\/p>\n","protected":false},"excerpt":{"rendered":"<p>Sur deux roues, avec une boite en avant, de la place pour deux enfants&#8230;le Carrie est bel et bien un v\u00e9lo cargo. Taill\u00e9 pour le quotidien, il est pr\u00eat \u00e0 vous aider \u00e0 vous d\u00e9placer efficacement et confortablement. Tout petit, le Carrie n&#8217;intimide pas. On en prend possession ais\u00e9ment et on a un sentiment de [&hellip;]<\/p>\n","protected":false},"featured_media":420353,"template":"","meta":{"_acf_changed":false},"product_brand":[],"product_cat":[1566,169,170,163],"product_tag":[3349],"marque-produit":[2747],"collection-produit":[3347,3346],"type-surface-produit":[],"type-velo-produit":[1248],"vetement-produit":[],"thematique-produit":[],"position-sur-le-v\u00e9lo":[],"class_list":{"0":"post-533971","1":"product","2":"type-product","3":"status-publish","4":"has-post-thumbnail","6":"product_cat-cargo","7":"product_cat-transport-denfant","8":"product_cat-transport-de-materiel","9":"product_cat-velos-cargo","10":"product_tag-carrie","11":"marque-produit-riese-and-muller","12":"collection-produit-velos-boite","13":"collection-produit-velos-cargo-riesemuller","14":"type-velo-produit-cargo","16":"first","17":"onbackorder","18":"taxable","19":"shipping-taxable","20":"purchasable","21":"product-type-variable"},"acf":[],"yoast_head":"<!-- This site is optimized with the Yoast SEO plugin v24.3 - https:\/\/yoast.com\/wordpress\/plugins\/seo\/ -->\n<title>Riese&amp;M\u00fcller Carrie - Dumoulin Bicyclettes | V\u00e9los cargo |\u00a0Montr\u00e9al | Qu\u00e9bec |<\/title>\n<meta name=\"description\" content=\"Dimensions minimales et durabilit\u00e9 maximale : le Carrie est un v\u00e9lo cargo pour les gens qui ont beaucoup \u00e0 transporter, mais peu de place pour leur v\u00e9lo.\" \/>\n<meta name=\"robots\" content=\"noindex, follow, max-snippet:-1, max-image-preview:large, max-video-preview:-1\" \/>\n<meta property=\"og:locale\" content=\"en_US\" \/>\n<meta property=\"og:type\" content=\"article\" \/>\n<meta property=\"og:title\" content=\"Riese&amp;M\u00fcller Carrie - Dumoulin Bicyclettes | V\u00e9los cargo |\u00a0Montr\u00e9al | Qu\u00e9bec |\" \/>\n<meta property=\"og:description\" content=\"Dimensions minimales et durabilit\u00e9 maximale : le Carrie est un v\u00e9lo cargo pour les gens qui ont beaucoup \u00e0 transporter, mais peu de place pour leur v\u00e9lo.\" \/>\n<meta property=\"og:url\" content=\"https:\/\/dumoulin.absoludev.ca\/en\/produit\/riesemuller-carrie\/\" \/>\n<meta property=\"og:site_name\" content=\"Dumoulin Bicyclettes\" \/>\n<meta property=\"article:publisher\" content=\"https:\/\/www.facebook.com\/dumoulinbicyclettes\" \/>\n<meta property=\"article:modified_time\" content=\"2025-05-06T17:23:42+00:00\" \/>\n<meta property=\"og:image\" content=\"https:\/\/dumoulin.absoludev.ca\/wp-content\/uploads\/2024\/06\/Riese_and_Muller_Carrie_Velo-cargo-Montreal-Quebec-dumoulin_bicyclettes_24_F01171_080204064309_Carrie_Vario_02_Aqua_2111.jpg\" \/>\n\t<meta property=\"og:image:width\" content=\"2500\" \/>\n\t<meta property=\"og:image:height\" content=\"1667\" \/>\n\t<meta property=\"og:image:type\" content=\"image\/jpeg\" \/>\n<meta name=\"twitter:card\" content=\"summary_large_image\" \/>\n<meta name=\"twitter:label1\" content=\"Est. reading time\" \/>\n\t<meta name=\"twitter:data1\" content=\"1 minute\" \/>\n<script type=\"application\/ld+json\" class=\"yoast-schema-graph\">{\"@context\":\"https:\/\/schema.org\",\"@graph\":[{\"@type\":\"WebPage\",\"@id\":\"https:\/\/dumoulin.absoludev.ca\/en\/produit\/riesemuller-carrie\/\",\"url\":\"https:\/\/dumoulin.absoludev.ca\/en\/produit\/riesemuller-carrie\/\",\"name\":\"Riese&M\u00fcller Carrie - Dumoulin Bicyclettes | V\u00e9los cargo |\u00a0Montr\u00e9al | Qu\u00e9bec |\",\"isPartOf\":{\"@id\":\"https:\/\/dumoulin.absoludev.ca\/#website\"},\"primaryImageOfPage\":{\"@id\":\"https:\/\/dumoulin.absoludev.ca\/en\/produit\/riesemuller-carrie\/#primaryimage\"},\"image\":{\"@id\":\"https:\/\/dumoulin.absoludev.ca\/en\/produit\/riesemuller-carrie\/#primaryimage\"},\"thumbnailUrl\":\"https:\/\/dumoulin.absoludev.ca\/wp-content\/uploads\/2024\/06\/Riese_and_Muller_Carrie_Velo-cargo-Montreal-Quebec-dumoulin_bicyclettes_24_F01171_080204064309_Carrie_Vario_02_Aqua_2111.jpg\",\"datePublished\":\"2025-01-30T21:59:17+00:00\",\"dateModified\":\"2025-05-06T17:23:42+00:00\",\"description\":\"Dimensions minimales et durabilit\u00e9 maximale : le Carrie est un v\u00e9lo cargo pour les gens qui ont beaucoup \u00e0 transporter, mais peu de place pour leur v\u00e9lo.\",\"breadcrumb\":{\"@id\":\"https:\/\/dumoulin.absoludev.ca\/en\/produit\/riesemuller-carrie\/#breadcrumb\"},\"inLanguage\":\"en-US\",\"potentialAction\":[{\"@type\":\"ReadAction\",\"target\":[\"https:\/\/dumoulin.absoludev.ca\/en\/produit\/riesemuller-carrie\/\"]}]},{\"@type\":\"ImageObject\",\"inLanguage\":\"en-US\",\"@id\":\"https:\/\/dumoulin.absoludev.ca\/en\/produit\/riesemuller-carrie\/#primaryimage\",\"url\":\"https:\/\/dumoulin.absoludev.ca\/wp-content\/uploads\/2024\/06\/Riese_and_Muller_Carrie_Velo-cargo-Montreal-Quebec-dumoulin_bicyclettes_24_F01171_080204064309_Carrie_Vario_02_Aqua_2111.jpg\",\"contentUrl\":\"https:\/\/dumoulin.absoludev.ca\/wp-content\/uploads\/2024\/06\/Riese_and_Muller_Carrie_Velo-cargo-Montreal-Quebec-dumoulin_bicyclettes_24_F01171_080204064309_Carrie_Vario_02_Aqua_2111.jpg\",\"width\":2500,\"height\":1667,\"caption\":\"velo-cargo-riese-and-muller-carrie\"},{\"@type\":\"BreadcrumbList\",\"@id\":\"https:\/\/dumoulin.absoludev.ca\/en\/produit\/riesemuller-carrie\/#breadcrumb\",\"itemListElement\":[{\"@type\":\"ListItem\",\"position\":1,\"name\":\"Home\",\"item\":\"https:\/\/dumoulin.absoludev.ca\/en\/\"},{\"@type\":\"ListItem\",\"position\":2,\"name\":\"Shop\",\"item\":\"https:\/\/dumoulin.absoludev.ca\/en\/shop\/\"},{\"@type\":\"ListItem\",\"position\":3,\"name\":\"Riese&#038;M\u00fcller Carrie\"}]},{\"@type\":\"WebSite\",\"@id\":\"https:\/\/dumoulin.absoludev.ca\/#website\",\"url\":\"https:\/\/dumoulin.absoludev.ca\/\",\"name\":\"Dumoulin Bicyclettes\",\"description\":\"\",\"publisher\":{\"@id\":\"https:\/\/dumoulin.absoludev.ca\/#organization\"},\"potentialAction\":[{\"@type\":\"SearchAction\",\"target\":{\"@type\":\"EntryPoint\",\"urlTemplate\":\"https:\/\/dumoulin.absoludev.ca\/?s={search_term_string}\"},\"query-input\":{\"@type\":\"PropertyValueSpecification\",\"valueRequired\":true,\"valueName\":\"search_term_string\"}}],\"inLanguage\":\"en-US\"},{\"@type\":\"Organization\",\"@id\":\"https:\/\/dumoulin.absoludev.ca\/#organization\",\"name\":\"Dumoulin Bicyclettes\",\"url\":\"https:\/\/dumoulin.absoludev.ca\/\",\"logo\":{\"@type\":\"ImageObject\",\"inLanguage\":\"en-US\",\"@id\":\"https:\/\/dumoulin.absoludev.ca\/#\/schema\/logo\/image\/\",\"url\":\"https:\/\/www.dumoulinbicyclettes.com\/wp-content\/uploads\/2021\/04\/Logo.svg\",\"contentUrl\":\"https:\/\/www.dumoulinbicyclettes.com\/wp-content\/uploads\/2021\/04\/Logo.svg\",\"width\":254,\"height\":86,\"caption\":\"Dumoulin Bicyclettes\"},\"image\":{\"@id\":\"https:\/\/dumoulin.absoludev.ca\/#\/schema\/logo\/image\/\"},\"sameAs\":[\"https:\/\/www.facebook.com\/dumoulinbicyclettes\",\"https:\/\/www.instagram.com\/dumoulin.ca\/\",\"https:\/\/www.youtube.com\/user\/dumoulinbicyclettes\"]}]}<\/script>\n<!-- \/ Yoast SEO plugin. -->","yoast_head_json":{"title":"Riese&M\u00fcller Carrie - Dumoulin Bicyclettes | V\u00e9los cargo |\u00a0Montr\u00e9al | Qu\u00e9bec |","description":"Dimensions minimales et durabilit\u00e9 maximale : le Carrie est un v\u00e9lo cargo pour les gens qui ont beaucoup \u00e0 transporter, mais peu de place pour leur v\u00e9lo.","robots":{"index":"noindex","follow":"follow","max-snippet":"max-snippet:-1","max-image-preview":"max-image-preview:large","max-video-preview":"max-video-preview:-1"},"og_locale":"en_US","og_type":"article","og_title":"Riese&M\u00fcller Carrie - Dumoulin Bicyclettes | V\u00e9los cargo |\u00a0Montr\u00e9al | Qu\u00e9bec |","og_description":"Dimensions minimales et durabilit\u00e9 maximale : le Carrie est un v\u00e9lo cargo pour les gens qui ont beaucoup \u00e0 transporter, mais peu de place pour leur v\u00e9lo.","og_url":"https:\/\/dumoulin.absoludev.ca\/en\/produit\/riesemuller-carrie\/","og_site_name":"Dumoulin Bicyclettes","article_publisher":"https:\/\/www.facebook.com\/dumoulinbicyclettes","article_modified_time":"2025-05-06T17:23:42+00:00","og_image":[{"width":2500,"height":1667,"url":"https:\/\/dumoulin.absoludev.ca\/wp-content\/uploads\/2024\/06\/Riese_and_Muller_Carrie_Velo-cargo-Montreal-Quebec-dumoulin_bicyclettes_24_F01171_080204064309_Carrie_Vario_02_Aqua_2111.jpg","type":"image\/jpeg"}],"twitter_card":"summary_large_image","twitter_misc":{"Est. reading time":"1 minute"},"schema":{"@context":"https:\/\/schema.org","@graph":[{"@type":"WebPage","@id":"https:\/\/dumoulin.absoludev.ca\/en\/produit\/riesemuller-carrie\/","url":"https:\/\/dumoulin.absoludev.ca\/en\/produit\/riesemuller-carrie\/","name":"Riese&M\u00fcller Carrie - Dumoulin Bicyclettes | V\u00e9los cargo |\u00a0Montr\u00e9al | Qu\u00e9bec |","isPartOf":{"@id":"https:\/\/dumoulin.absoludev.ca\/#website"},"primaryImageOfPage":{"@id":"https:\/\/dumoulin.absoludev.ca\/en\/produit\/riesemuller-carrie\/#primaryimage"},"image":{"@id":"https:\/\/dumoulin.absoludev.ca\/en\/produit\/riesemuller-carrie\/#primaryimage"},"thumbnailUrl":"https:\/\/dumoulin.absoludev.ca\/wp-content\/uploads\/2024\/06\/Riese_and_Muller_Carrie_Velo-cargo-Montreal-Quebec-dumoulin_bicyclettes_24_F01171_080204064309_Carrie_Vario_02_Aqua_2111.jpg","datePublished":"2025-01-30T21:59:17+00:00","dateModified":"2025-05-06T17:23:42+00:00","description":"Dimensions minimales et durabilit\u00e9 maximale : le Carrie est un v\u00e9lo cargo pour les gens qui ont beaucoup \u00e0 transporter, mais peu de place pour leur v\u00e9lo.","breadcrumb":{"@id":"https:\/\/dumoulin.absoludev.ca\/en\/produit\/riesemuller-carrie\/#breadcrumb"},"inLanguage":"en-US","potentialAction":[{"@type":"ReadAction","target":["https:\/\/dumoulin.absoludev.ca\/en\/produit\/riesemuller-carrie\/"]}]},{"@type":"ImageObject","inLanguage":"en-US","@id":"https:\/\/dumoulin.absoludev.ca\/en\/produit\/riesemuller-carrie\/#primaryimage","url":"https:\/\/dumoulin.absoludev.ca\/wp-content\/uploads\/2024\/06\/Riese_and_Muller_Carrie_Velo-cargo-Montreal-Quebec-dumoulin_bicyclettes_24_F01171_080204064309_Carrie_Vario_02_Aqua_2111.jpg","contentUrl":"https:\/\/dumoulin.absoludev.ca\/wp-content\/uploads\/2024\/06\/Riese_and_Muller_Carrie_Velo-cargo-Montreal-Quebec-dumoulin_bicyclettes_24_F01171_080204064309_Carrie_Vario_02_Aqua_2111.jpg","width":2500,"height":1667,"caption":"velo-cargo-riese-and-muller-carrie"},{"@type":"BreadcrumbList","@id":"https:\/\/dumoulin.absoludev.ca\/en\/produit\/riesemuller-carrie\/#breadcrumb","itemListElement":[{"@type":"ListItem","position":1,"name":"Home","item":"https:\/\/dumoulin.absoludev.ca\/en\/"},{"@type":"ListItem","position":2,"name":"Shop","item":"https:\/\/dumoulin.absoludev.ca\/en\/shop\/"},{"@type":"ListItem","position":3,"name":"Riese&#038;M\u00fcller Carrie"}]},{"@type":"WebSite","@id":"https:\/\/dumoulin.absoludev.ca\/#website","url":"https:\/\/dumoulin.absoludev.ca\/","name":"Dumoulin Bicyclettes","description":"","publisher":{"@id":"https:\/\/dumoulin.absoludev.ca\/#organization"},"potentialAction":[{"@type":"SearchAction","target":{"@type":"EntryPoint","urlTemplate":"https:\/\/dumoulin.absoludev.ca\/?s={search_term_string}"},"query-input":{"@type":"PropertyValueSpecification","valueRequired":true,"valueName":"search_term_string"}}],"inLanguage":"en-US"},{"@type":"Organization","@id":"https:\/\/dumoulin.absoludev.ca\/#organization","name":"Dumoulin Bicyclettes","url":"https:\/\/dumoulin.absoludev.ca\/","logo":{"@type":"ImageObject","inLanguage":"en-US","@id":"https:\/\/dumoulin.absoludev.ca\/#\/schema\/logo\/image\/","url":"https:\/\/www.dumoulinbicyclettes.com\/wp-content\/uploads\/2021\/04\/Logo.svg","contentUrl":"https:\/\/www.dumoulinbicyclettes.com\/wp-content\/uploads\/2021\/04\/Logo.svg","width":254,"height":86,"caption":"Dumoulin Bicyclettes"},"image":{"@id":"https:\/\/dumoulin.absoludev.ca\/#\/schema\/logo\/image\/"},"sameAs":["https:\/\/www.facebook.com\/dumoulinbicyclettes","https:\/\/www.instagram.com\/dumoulin.ca\/","https:\/\/www.youtube.com\/user\/dumoulinbicyclettes"]}]}},"_links":{"self":[{"href":"https:\/\/dumoulin.absoludev.ca\/en\/wp-json\/wp\/v2\/product\/533971","targetHints":{"allow":["GET"]}}],"collection":[{"href":"https:\/\/dumoulin.absoludev.ca\/en\/wp-json\/wp\/v2\/product"}],"about":[{"href":"https:\/\/dumoulin.absoludev.ca\/en\/wp-json\/wp\/v2\/types\/product"}],"wp:featuredmedia":[{"embeddable":true,"href":"https:\/\/dumoulin.absoludev.ca\/en\/wp-json\/wp\/v2\/media\/420353"}],"wp:attachment":[{"href":"https:\/\/dumoulin.absoludev.ca\/en\/wp-json\/wp\/v2\/media?parent=533971"}],"wp:term":[{"taxonomy":"product_brand","embeddable":true,"href":"https:\/\/dumoulin.absoludev.ca\/en\/wp-json\/wp\/v2\/product_brand?post=533971"},{"taxonomy":"product_cat","embeddable":true,"href":"https:\/\/dumoulin.absoludev.ca\/en\/wp-json\/wp\/v2\/product_cat?post=533971"},{"taxonomy":"product_tag","embeddable":true,"href":"https:\/\/dumoulin.absoludev.ca\/en\/wp-json\/wp\/v2\/product_tag?post=533971"},{"taxonomy":"marque-produit","embeddable":true,"href":"https:\/\/dumoulin.absoludev.ca\/en\/wp-json\/wp\/v2\/marque-produit?post=533971"},{"taxonomy":"collection-produit","embeddable":true,"href":"https:\/\/dumoulin.absoludev.ca\/en\/wp-json\/wp\/v2\/collection-produit?post=533971"},{"taxonomy":"type-surface-produit","embeddable":true,"href":"https:\/\/dumoulin.absoludev.ca\/en\/wp-json\/wp\/v2\/type-surface-produit?post=533971"},{"taxonomy":"type-velo-produit","embeddable":true,"href":"https:\/\/dumoulin.absoludev.ca\/en\/wp-json\/wp\/v2\/type-velo-produit?post=533971"},{"taxonomy":"vetement-produit","embeddable":true,"href":"https:\/\/dumoulin.absoludev.ca\/en\/wp-json\/wp\/v2\/vetement-produit?post=533971"},{"taxonomy":"thematique-produit","embeddable":true,"href":"https:\/\/dumoulin.absoludev.ca\/en\/wp-json\/wp\/v2\/thematique-produit?post=533971"},{"taxonomy":"position-sur-le-v\u00e9lo","embeddable":true,"href":"https:\/\/dumoulin.absoludev.ca\/en\/wp-json\/wp\/v2\/position-sur-le-v\u00e9lo?post=533971"}],"curies":[{"name":"wp","href":"https:\/\/api.w.org\/{rel}","templated":true}]}}