{"id":526015,"date":"2025-01-15T16:09:44","date_gmt":"2025-01-15T21:09:44","guid":{"rendered":"http:\/\/www.dumoulinbicyclettes.com\/?post_type=product&#038;p=526015"},"modified":"2025-09-04T14:14:07","modified_gmt":"2025-09-04T18:14:07","slug":"porte-bagages-brompton-avec-garde-boue-argent","status":"publish","type":"product","link":"https:\/\/dumoulin.absoludev.ca\/en\/produit\/porte-bagages-brompton-avec-garde-boue-argent\/","title":{"rendered":"Porte-bagages Brompton argent (avec garde-boue)"},"content":{"rendered":"<p>Ce kit porte-bagages arri\u00e8re complet a \u00e9t\u00e9 con\u00e7u pour am\u00e9liorer votre exp\u00e9rience Brompton pendant vos d\u00e9placements. Il vous facilitera la vie en vous offrant une capacit\u00e9 de charge suppl\u00e9mentaire et un design fonctionnel qui aide le v\u00e9lo \u00e0 s\u2019adapter \u00e0 vos besoins, et non l\u2019inverse.<\/p>\n","protected":false},"excerpt":{"rendered":"<p>Ce kit porte-bagages arri\u00e8re complet a \u00e9t\u00e9 con\u00e7u pour am\u00e9liorer votre exp\u00e9rience Brompton pendant vos d\u00e9placements. Il vous facilitera la vie en vous offrant une capacit\u00e9 de charge suppl\u00e9mentaire et un design fonctionnel qui aide le v\u00e9lo \u00e0 s\u2019adapter \u00e0 vos besoins, et non l\u2019inverse.<\/p>\n","protected":false},"featured_media":526016,"template":"","meta":{"_acf_changed":false},"product_brand":[],"product_cat":[184],"product_tag":[3477,2242,2310,2586],"marque-produit":[153],"collection-produit":[2883,2885],"type-surface-produit":[],"type-velo-produit":[],"vetement-produit":[],"thematique-produit":[],"position-sur-le-v\u00e9lo":[],"class_list":{"0":"post-526015","1":"product","2":"type-product","3":"status-publish","4":"has-post-thumbnail","6":"product_cat-accessoires-pour-velo-pliable","7":"product_tag-argent","8":"product_tag-brompton","9":"product_tag-garde-boue","10":"product_tag-porte-bagages","11":"marque-produit-brompton","12":"collection-produit-brompton","13":"collection-produit-pieces-et-composantes","15":"first","16":"instock","17":"taxable","18":"shipping-taxable","19":"purchasable","20":"product-type-simple"},"acf":[],"yoast_head":"<!-- This site is optimized with the Yoast SEO plugin v24.3 - https:\/\/yoast.com\/wordpress\/plugins\/seo\/ -->\n<title>Porte-bagages Brompton argent (avec garde-boue) - Dumoulin Bicyclettes<\/title>\n<meta name=\"description\" content=\"Ce kit porte-bagages arri\u00e8re complet vous facilitera la vie en vous offrant une capacit\u00e9 de charge suppl\u00e9mentaire sur votre Brompton.\" \/>\n<meta name=\"robots\" content=\"noindex, follow, max-snippet:-1, max-image-preview:large, max-video-preview:-1\" \/>\n<meta property=\"og:locale\" content=\"en_US\" \/>\n<meta property=\"og:type\" content=\"article\" \/>\n<meta property=\"og:title\" content=\"Porte-bagages Brompton argent (avec garde-boue) - Dumoulin Bicyclettes\" \/>\n<meta property=\"og:description\" content=\"Ce kit porte-bagages arri\u00e8re complet vous facilitera la vie en vous offrant une capacit\u00e9 de charge suppl\u00e9mentaire sur votre Brompton.\" \/>\n<meta property=\"og:url\" content=\"https:\/\/dumoulin.absoludev.ca\/en\/produit\/porte-bagages-brompton-avec-garde-boue-argent\/\" \/>\n<meta property=\"og:site_name\" content=\"Dumoulin Bicyclettes\" \/>\n<meta property=\"article:publisher\" content=\"https:\/\/www.facebook.com\/dumoulinbicyclettes\" \/>\n<meta property=\"article:modified_time\" content=\"2025-09-04T18:14:07+00:00\" \/>\n<meta property=\"og:image\" content=\"https:\/\/dumoulin.absoludev.ca\/wp-content\/uploads\/2025\/01\/5a7637bb-9637-4032-b40d-c22774bac298.png\" \/>\n\t<meta property=\"og:image:width\" content=\"800\" \/>\n\t<meta property=\"og:image:height\" content=\"800\" \/>\n\t<meta property=\"og:image:type\" content=\"image\/png\" \/>\n<meta name=\"twitter:card\" content=\"summary_large_image\" \/>\n<meta name=\"twitter:label1\" content=\"Est. reading time\" \/>\n\t<meta name=\"twitter:data1\" content=\"1 minute\" \/>\n<script type=\"application\/ld+json\" class=\"yoast-schema-graph\">{\"@context\":\"https:\/\/schema.org\",\"@graph\":[{\"@type\":\"WebPage\",\"@id\":\"https:\/\/dumoulin.absoludev.ca\/en\/produit\/porte-bagages-brompton-avec-garde-boue-argent\/\",\"url\":\"https:\/\/dumoulin.absoludev.ca\/en\/produit\/porte-bagages-brompton-avec-garde-boue-argent\/\",\"name\":\"Porte-bagages Brompton argent (avec garde-boue) - Dumoulin Bicyclettes\",\"isPartOf\":{\"@id\":\"https:\/\/dumoulin.absoludev.ca\/#website\"},\"primaryImageOfPage\":{\"@id\":\"https:\/\/dumoulin.absoludev.ca\/en\/produit\/porte-bagages-brompton-avec-garde-boue-argent\/#primaryimage\"},\"image\":{\"@id\":\"https:\/\/dumoulin.absoludev.ca\/en\/produit\/porte-bagages-brompton-avec-garde-boue-argent\/#primaryimage\"},\"thumbnailUrl\":\"https:\/\/dumoulin.absoludev.ca\/wp-content\/uploads\/2025\/01\/5a7637bb-9637-4032-b40d-c22774bac298.png\",\"datePublished\":\"2025-01-15T21:09:44+00:00\",\"dateModified\":\"2025-09-04T18:14:07+00:00\",\"description\":\"Ce kit porte-bagages arri\u00e8re complet vous facilitera la vie en vous offrant une capacit\u00e9 de charge suppl\u00e9mentaire sur votre Brompton.\",\"breadcrumb\":{\"@id\":\"https:\/\/dumoulin.absoludev.ca\/en\/produit\/porte-bagages-brompton-avec-garde-boue-argent\/#breadcrumb\"},\"inLanguage\":\"en-US\",\"potentialAction\":[{\"@type\":\"ReadAction\",\"target\":[\"https:\/\/dumoulin.absoludev.ca\/en\/produit\/porte-bagages-brompton-avec-garde-boue-argent\/\"]}]},{\"@type\":\"ImageObject\",\"inLanguage\":\"en-US\",\"@id\":\"https:\/\/dumoulin.absoludev.ca\/en\/produit\/porte-bagages-brompton-avec-garde-boue-argent\/#primaryimage\",\"url\":\"https:\/\/dumoulin.absoludev.ca\/wp-content\/uploads\/2025\/01\/5a7637bb-9637-4032-b40d-c22774bac298.png\",\"contentUrl\":\"https:\/\/dumoulin.absoludev.ca\/wp-content\/uploads\/2025\/01\/5a7637bb-9637-4032-b40d-c22774bac298.png\",\"width\":800,\"height\":800},{\"@type\":\"BreadcrumbList\",\"@id\":\"https:\/\/dumoulin.absoludev.ca\/en\/produit\/porte-bagages-brompton-avec-garde-boue-argent\/#breadcrumb\",\"itemListElement\":[{\"@type\":\"ListItem\",\"position\":1,\"name\":\"Home\",\"item\":\"https:\/\/dumoulin.absoludev.ca\/en\/\"},{\"@type\":\"ListItem\",\"position\":2,\"name\":\"Shop\",\"item\":\"https:\/\/dumoulin.absoludev.ca\/en\/shop\/\"},{\"@type\":\"ListItem\",\"position\":3,\"name\":\"Porte-bagages Brompton argent (avec garde-boue)\"}]},{\"@type\":\"WebSite\",\"@id\":\"https:\/\/dumoulin.absoludev.ca\/#website\",\"url\":\"https:\/\/dumoulin.absoludev.ca\/\",\"name\":\"Dumoulin Bicyclettes\",\"description\":\"\",\"publisher\":{\"@id\":\"https:\/\/dumoulin.absoludev.ca\/#organization\"},\"potentialAction\":[{\"@type\":\"SearchAction\",\"target\":{\"@type\":\"EntryPoint\",\"urlTemplate\":\"https:\/\/dumoulin.absoludev.ca\/?s={search_term_string}\"},\"query-input\":{\"@type\":\"PropertyValueSpecification\",\"valueRequired\":true,\"valueName\":\"search_term_string\"}}],\"inLanguage\":\"en-US\"},{\"@type\":\"Organization\",\"@id\":\"https:\/\/dumoulin.absoludev.ca\/#organization\",\"name\":\"Dumoulin Bicyclettes\",\"url\":\"https:\/\/dumoulin.absoludev.ca\/\",\"logo\":{\"@type\":\"ImageObject\",\"inLanguage\":\"en-US\",\"@id\":\"https:\/\/dumoulin.absoludev.ca\/#\/schema\/logo\/image\/\",\"url\":\"https:\/\/www.dumoulinbicyclettes.com\/wp-content\/uploads\/2021\/04\/Logo.svg\",\"contentUrl\":\"https:\/\/www.dumoulinbicyclettes.com\/wp-content\/uploads\/2021\/04\/Logo.svg\",\"width\":254,\"height\":86,\"caption\":\"Dumoulin Bicyclettes\"},\"image\":{\"@id\":\"https:\/\/dumoulin.absoludev.ca\/#\/schema\/logo\/image\/\"},\"sameAs\":[\"https:\/\/www.facebook.com\/dumoulinbicyclettes\",\"https:\/\/www.instagram.com\/dumoulin.ca\/\",\"https:\/\/www.youtube.com\/user\/dumoulinbicyclettes\"]}]}<\/script>\n<!-- \/ Yoast SEO plugin. -->","yoast_head_json":{"title":"Porte-bagages Brompton argent (avec garde-boue) - Dumoulin Bicyclettes","description":"Ce kit porte-bagages arri\u00e8re complet vous facilitera la vie en vous offrant une capacit\u00e9 de charge suppl\u00e9mentaire sur votre Brompton.","robots":{"index":"noindex","follow":"follow","max-snippet":"max-snippet:-1","max-image-preview":"max-image-preview:large","max-video-preview":"max-video-preview:-1"},"og_locale":"en_US","og_type":"article","og_title":"Porte-bagages Brompton argent (avec garde-boue) - Dumoulin Bicyclettes","og_description":"Ce kit porte-bagages arri\u00e8re complet vous facilitera la vie en vous offrant une capacit\u00e9 de charge suppl\u00e9mentaire sur votre Brompton.","og_url":"https:\/\/dumoulin.absoludev.ca\/en\/produit\/porte-bagages-brompton-avec-garde-boue-argent\/","og_site_name":"Dumoulin Bicyclettes","article_publisher":"https:\/\/www.facebook.com\/dumoulinbicyclettes","article_modified_time":"2025-09-04T18:14:07+00:00","og_image":[{"width":800,"height":800,"url":"https:\/\/dumoulin.absoludev.ca\/wp-content\/uploads\/2025\/01\/5a7637bb-9637-4032-b40d-c22774bac298.png","type":"image\/png"}],"twitter_card":"summary_large_image","twitter_misc":{"Est. reading time":"1 minute"},"schema":{"@context":"https:\/\/schema.org","@graph":[{"@type":"WebPage","@id":"https:\/\/dumoulin.absoludev.ca\/en\/produit\/porte-bagages-brompton-avec-garde-boue-argent\/","url":"https:\/\/dumoulin.absoludev.ca\/en\/produit\/porte-bagages-brompton-avec-garde-boue-argent\/","name":"Porte-bagages Brompton argent (avec garde-boue) - Dumoulin Bicyclettes","isPartOf":{"@id":"https:\/\/dumoulin.absoludev.ca\/#website"},"primaryImageOfPage":{"@id":"https:\/\/dumoulin.absoludev.ca\/en\/produit\/porte-bagages-brompton-avec-garde-boue-argent\/#primaryimage"},"image":{"@id":"https:\/\/dumoulin.absoludev.ca\/en\/produit\/porte-bagages-brompton-avec-garde-boue-argent\/#primaryimage"},"thumbnailUrl":"https:\/\/dumoulin.absoludev.ca\/wp-content\/uploads\/2025\/01\/5a7637bb-9637-4032-b40d-c22774bac298.png","datePublished":"2025-01-15T21:09:44+00:00","dateModified":"2025-09-04T18:14:07+00:00","description":"Ce kit porte-bagages arri\u00e8re complet vous facilitera la vie en vous offrant une capacit\u00e9 de charge suppl\u00e9mentaire sur votre Brompton.","breadcrumb":{"@id":"https:\/\/dumoulin.absoludev.ca\/en\/produit\/porte-bagages-brompton-avec-garde-boue-argent\/#breadcrumb"},"inLanguage":"en-US","potentialAction":[{"@type":"ReadAction","target":["https:\/\/dumoulin.absoludev.ca\/en\/produit\/porte-bagages-brompton-avec-garde-boue-argent\/"]}]},{"@type":"ImageObject","inLanguage":"en-US","@id":"https:\/\/dumoulin.absoludev.ca\/en\/produit\/porte-bagages-brompton-avec-garde-boue-argent\/#primaryimage","url":"https:\/\/dumoulin.absoludev.ca\/wp-content\/uploads\/2025\/01\/5a7637bb-9637-4032-b40d-c22774bac298.png","contentUrl":"https:\/\/dumoulin.absoludev.ca\/wp-content\/uploads\/2025\/01\/5a7637bb-9637-4032-b40d-c22774bac298.png","width":800,"height":800},{"@type":"BreadcrumbList","@id":"https:\/\/dumoulin.absoludev.ca\/en\/produit\/porte-bagages-brompton-avec-garde-boue-argent\/#breadcrumb","itemListElement":[{"@type":"ListItem","position":1,"name":"Home","item":"https:\/\/dumoulin.absoludev.ca\/en\/"},{"@type":"ListItem","position":2,"name":"Shop","item":"https:\/\/dumoulin.absoludev.ca\/en\/shop\/"},{"@type":"ListItem","position":3,"name":"Porte-bagages Brompton argent (avec garde-boue)"}]},{"@type":"WebSite","@id":"https:\/\/dumoulin.absoludev.ca\/#website","url":"https:\/\/dumoulin.absoludev.ca\/","name":"Dumoulin Bicyclettes","description":"","publisher":{"@id":"https:\/\/dumoulin.absoludev.ca\/#organization"},"potentialAction":[{"@type":"SearchAction","target":{"@type":"EntryPoint","urlTemplate":"https:\/\/dumoulin.absoludev.ca\/?s={search_term_string}"},"query-input":{"@type":"PropertyValueSpecification","valueRequired":true,"valueName":"search_term_string"}}],"inLanguage":"en-US"},{"@type":"Organization","@id":"https:\/\/dumoulin.absoludev.ca\/#organization","name":"Dumoulin Bicyclettes","url":"https:\/\/dumoulin.absoludev.ca\/","logo":{"@type":"ImageObject","inLanguage":"en-US","@id":"https:\/\/dumoulin.absoludev.ca\/#\/schema\/logo\/image\/","url":"https:\/\/www.dumoulinbicyclettes.com\/wp-content\/uploads\/2021\/04\/Logo.svg","contentUrl":"https:\/\/www.dumoulinbicyclettes.com\/wp-content\/uploads\/2021\/04\/Logo.svg","width":254,"height":86,"caption":"Dumoulin Bicyclettes"},"image":{"@id":"https:\/\/dumoulin.absoludev.ca\/#\/schema\/logo\/image\/"},"sameAs":["https:\/\/www.facebook.com\/dumoulinbicyclettes","https:\/\/www.instagram.com\/dumoulin.ca\/","https:\/\/www.youtube.com\/user\/dumoulinbicyclettes"]}]}},"_links":{"self":[{"href":"https:\/\/dumoulin.absoludev.ca\/en\/wp-json\/wp\/v2\/product\/526015","targetHints":{"allow":["GET"]}}],"collection":[{"href":"https:\/\/dumoulin.absoludev.ca\/en\/wp-json\/wp\/v2\/product"}],"about":[{"href":"https:\/\/dumoulin.absoludev.ca\/en\/wp-json\/wp\/v2\/types\/product"}],"wp:featuredmedia":[{"embeddable":true,"href":"https:\/\/dumoulin.absoludev.ca\/en\/wp-json\/wp\/v2\/media\/526016"}],"wp:attachment":[{"href":"https:\/\/dumoulin.absoludev.ca\/en\/wp-json\/wp\/v2\/media?parent=526015"}],"wp:term":[{"taxonomy":"product_brand","embeddable":true,"href":"https:\/\/dumoulin.absoludev.ca\/en\/wp-json\/wp\/v2\/product_brand?post=526015"},{"taxonomy":"product_cat","embeddable":true,"href":"https:\/\/dumoulin.absoludev.ca\/en\/wp-json\/wp\/v2\/product_cat?post=526015"},{"taxonomy":"product_tag","embeddable":true,"href":"https:\/\/dumoulin.absoludev.ca\/en\/wp-json\/wp\/v2\/product_tag?post=526015"},{"taxonomy":"marque-produit","embeddable":true,"href":"https:\/\/dumoulin.absoludev.ca\/en\/wp-json\/wp\/v2\/marque-produit?post=526015"},{"taxonomy":"collection-produit","embeddable":true,"href":"https:\/\/dumoulin.absoludev.ca\/en\/wp-json\/wp\/v2\/collection-produit?post=526015"},{"taxonomy":"type-surface-produit","embeddable":true,"href":"https:\/\/dumoulin.absoludev.ca\/en\/wp-json\/wp\/v2\/type-surface-produit?post=526015"},{"taxonomy":"type-velo-produit","embeddable":true,"href":"https:\/\/dumoulin.absoludev.ca\/en\/wp-json\/wp\/v2\/type-velo-produit?post=526015"},{"taxonomy":"vetement-produit","embeddable":true,"href":"https:\/\/dumoulin.absoludev.ca\/en\/wp-json\/wp\/v2\/vetement-produit?post=526015"},{"taxonomy":"thematique-produit","embeddable":true,"href":"https:\/\/dumoulin.absoludev.ca\/en\/wp-json\/wp\/v2\/thematique-produit?post=526015"},{"taxonomy":"position-sur-le-v\u00e9lo","embeddable":true,"href":"https:\/\/dumoulin.absoludev.ca\/en\/wp-json\/wp\/v2\/position-sur-le-v\u00e9lo?post=526015"}],"curies":[{"name":"wp","href":"https:\/\/api.w.org\/{rel}","templated":true}]}}