{"id":516366,"date":"2024-12-18T17:11:19","date_gmt":"2024-12-18T22:11:19","guid":{"rendered":"http:\/\/www.dumoulinbicyclettes.com\/?post_type=product&#038;p=516366"},"modified":"2025-06-09T21:10:46","modified_gmt":"2025-06-10T01:10:46","slug":"chaine-hiplok-mega-chain","status":"publish","type":"product","link":"https:\/\/dumoulin.absoludev.ca\/en\/produit\/chaine-hiplok-mega-chain\/","title":{"rendered":"Chaine Hiplok &#8220;Mega Chain&#8221;"},"content":{"rendered":"<p>Le chaine Hiplok &#8220;Mega Chain&#8221; offre une protection maximale gr\u00e2ce \u00e0 sa conception en acier tremp\u00e9 de 22 mm. Associez-la \u00e0 un cadenas tel que le <a href=\"https:\/\/www.dumoulinbicyclettes.com\/produit\/cadenas-en-u-hiplok-d1000\/\">Hiplok D1000<\/a> pour une protection haut de gamme pour votre v\u00e9lo cargo.<\/p>\n","protected":false},"excerpt":{"rendered":"<p>Le chaine Hiplok &#8220;Mega Chain&#8221; offre une protection maximale gr\u00e2ce \u00e0 sa conception en acier tremp\u00e9 de 22 mm. Associez-la \u00e0 un cadenas tel que le Hiplok D1000 pour une protection haut de gamme pour votre v\u00e9lo cargo.<\/p>\n","protected":false},"featured_media":516367,"template":"","meta":{"_acf_changed":false},"product_brand":[],"product_cat":[190,205],"product_tag":[2928,3068,3380],"marque-produit":[1438],"collection-produit":[],"type-surface-produit":[],"type-velo-produit":[],"vetement-produit":[],"thematique-produit":[],"position-sur-le-v\u00e9lo":[],"class_list":{"0":"post-516366","1":"product","2":"type-product","3":"status-publish","4":"has-post-thumbnail","6":"product_cat-cadenas","7":"product_cat-chaines","8":"product_tag-chaine","9":"product_tag-hiplok","10":"product_tag-mega-chain","11":"marque-produit-hiplok","13":"first","14":"outofstock","15":"taxable","16":"shipping-taxable","17":"purchasable","18":"product-type-simple"},"acf":[],"yoast_head":"<!-- This site is optimized with the Yoast SEO plugin v24.3 - https:\/\/yoast.com\/wordpress\/plugins\/seo\/ -->\n<title>Chaine Hiplok &quot;Mega Chain&quot; - Dumoulin Bicyclettes<\/title>\n<meta name=\"description\" content=\"La Hiplok &quot;Mega Chain&quot; offre une protection maximale gr\u00e2ce \u00e0 sa conception en acier tremp\u00e9 de 22mm. Pour une protection optimale associez l\u00e0 au Hiplok D1000\" \/>\n<meta name=\"robots\" content=\"noindex, follow, max-snippet:-1, max-image-preview:large, max-video-preview:-1\" \/>\n<meta property=\"og:locale\" content=\"en_US\" \/>\n<meta property=\"og:type\" content=\"article\" \/>\n<meta property=\"og:title\" content=\"Chaine Hiplok &quot;Mega Chain&quot; - Dumoulin Bicyclettes\" \/>\n<meta property=\"og:description\" content=\"La Hiplok &quot;Mega Chain&quot; offre une protection maximale gr\u00e2ce \u00e0 sa conception en acier tremp\u00e9 de 22mm. Pour une protection optimale associez l\u00e0 au Hiplok D1000\" \/>\n<meta property=\"og:url\" content=\"https:\/\/dumoulin.absoludev.ca\/en\/produit\/chaine-hiplok-mega-chain\/\" \/>\n<meta property=\"og:site_name\" content=\"Dumoulin Bicyclettes\" \/>\n<meta property=\"article:publisher\" content=\"https:\/\/www.facebook.com\/dumoulinbicyclettes\" \/>\n<meta property=\"article:modified_time\" content=\"2025-06-10T01:10:46+00:00\" \/>\n<meta property=\"og:image\" content=\"https:\/\/dumoulin.absoludev.ca\/wp-content\/uploads\/2024\/12\/CHAINE-HIPLOK-MEGACHAIN-ANTI-ANGLE-GRINDER-CADENA-MONTREAL-DUMOULIN-BICYCLETTES-1.jpg\" \/>\n\t<meta property=\"og:image:width\" content=\"900\" \/>\n\t<meta property=\"og:image:height\" content=\"900\" \/>\n\t<meta property=\"og:image:type\" content=\"image\/jpeg\" \/>\n<meta name=\"twitter:card\" content=\"summary_large_image\" \/>\n<meta name=\"twitter:label1\" content=\"Est. reading time\" \/>\n\t<meta name=\"twitter:data1\" content=\"1 minute\" \/>\n<script type=\"application\/ld+json\" class=\"yoast-schema-graph\">{\"@context\":\"https:\/\/schema.org\",\"@graph\":[{\"@type\":\"WebPage\",\"@id\":\"https:\/\/dumoulin.absoludev.ca\/en\/produit\/chaine-hiplok-mega-chain\/\",\"url\":\"https:\/\/dumoulin.absoludev.ca\/en\/produit\/chaine-hiplok-mega-chain\/\",\"name\":\"Chaine Hiplok \\\"Mega Chain\\\" - Dumoulin Bicyclettes\",\"isPartOf\":{\"@id\":\"https:\/\/dumoulin.absoludev.ca\/#website\"},\"primaryImageOfPage\":{\"@id\":\"https:\/\/dumoulin.absoludev.ca\/en\/produit\/chaine-hiplok-mega-chain\/#primaryimage\"},\"image\":{\"@id\":\"https:\/\/dumoulin.absoludev.ca\/en\/produit\/chaine-hiplok-mega-chain\/#primaryimage\"},\"thumbnailUrl\":\"https:\/\/dumoulin.absoludev.ca\/wp-content\/uploads\/2024\/12\/CHAINE-HIPLOK-MEGACHAIN-ANTI-ANGLE-GRINDER-CADENA-MONTREAL-DUMOULIN-BICYCLETTES-1.jpg\",\"datePublished\":\"2024-12-18T22:11:19+00:00\",\"dateModified\":\"2025-06-10T01:10:46+00:00\",\"description\":\"La Hiplok \\\"Mega Chain\\\" offre une protection maximale gr\u00e2ce \u00e0 sa conception en acier tremp\u00e9 de 22mm. Pour une protection optimale associez l\u00e0 au Hiplok D1000\",\"breadcrumb\":{\"@id\":\"https:\/\/dumoulin.absoludev.ca\/en\/produit\/chaine-hiplok-mega-chain\/#breadcrumb\"},\"inLanguage\":\"en-US\",\"potentialAction\":[{\"@type\":\"ReadAction\",\"target\":[\"https:\/\/dumoulin.absoludev.ca\/en\/produit\/chaine-hiplok-mega-chain\/\"]}]},{\"@type\":\"ImageObject\",\"inLanguage\":\"en-US\",\"@id\":\"https:\/\/dumoulin.absoludev.ca\/en\/produit\/chaine-hiplok-mega-chain\/#primaryimage\",\"url\":\"https:\/\/dumoulin.absoludev.ca\/wp-content\/uploads\/2024\/12\/CHAINE-HIPLOK-MEGACHAIN-ANTI-ANGLE-GRINDER-CADENA-MONTREAL-DUMOULIN-BICYCLETTES-1.jpg\",\"contentUrl\":\"https:\/\/dumoulin.absoludev.ca\/wp-content\/uploads\/2024\/12\/CHAINE-HIPLOK-MEGACHAIN-ANTI-ANGLE-GRINDER-CADENA-MONTREAL-DUMOULIN-BICYCLETTES-1.jpg\",\"width\":900,\"height\":900},{\"@type\":\"BreadcrumbList\",\"@id\":\"https:\/\/dumoulin.absoludev.ca\/en\/produit\/chaine-hiplok-mega-chain\/#breadcrumb\",\"itemListElement\":[{\"@type\":\"ListItem\",\"position\":1,\"name\":\"Home\",\"item\":\"https:\/\/dumoulin.absoludev.ca\/en\/\"},{\"@type\":\"ListItem\",\"position\":2,\"name\":\"Shop\",\"item\":\"https:\/\/dumoulin.absoludev.ca\/en\/shop\/\"},{\"@type\":\"ListItem\",\"position\":3,\"name\":\"Chaine Hiplok &#8220;Mega Chain&#8221;\"}]},{\"@type\":\"WebSite\",\"@id\":\"https:\/\/dumoulin.absoludev.ca\/#website\",\"url\":\"https:\/\/dumoulin.absoludev.ca\/\",\"name\":\"Dumoulin Bicyclettes\",\"description\":\"\",\"publisher\":{\"@id\":\"https:\/\/dumoulin.absoludev.ca\/#organization\"},\"potentialAction\":[{\"@type\":\"SearchAction\",\"target\":{\"@type\":\"EntryPoint\",\"urlTemplate\":\"https:\/\/dumoulin.absoludev.ca\/?s={search_term_string}\"},\"query-input\":{\"@type\":\"PropertyValueSpecification\",\"valueRequired\":true,\"valueName\":\"search_term_string\"}}],\"inLanguage\":\"en-US\"},{\"@type\":\"Organization\",\"@id\":\"https:\/\/dumoulin.absoludev.ca\/#organization\",\"name\":\"Dumoulin Bicyclettes\",\"url\":\"https:\/\/dumoulin.absoludev.ca\/\",\"logo\":{\"@type\":\"ImageObject\",\"inLanguage\":\"en-US\",\"@id\":\"https:\/\/dumoulin.absoludev.ca\/#\/schema\/logo\/image\/\",\"url\":\"https:\/\/www.dumoulinbicyclettes.com\/wp-content\/uploads\/2021\/04\/Logo.svg\",\"contentUrl\":\"https:\/\/www.dumoulinbicyclettes.com\/wp-content\/uploads\/2021\/04\/Logo.svg\",\"width\":254,\"height\":86,\"caption\":\"Dumoulin Bicyclettes\"},\"image\":{\"@id\":\"https:\/\/dumoulin.absoludev.ca\/#\/schema\/logo\/image\/\"},\"sameAs\":[\"https:\/\/www.facebook.com\/dumoulinbicyclettes\",\"https:\/\/www.instagram.com\/dumoulin.ca\/\",\"https:\/\/www.youtube.com\/user\/dumoulinbicyclettes\"]}]}<\/script>\n<!-- \/ Yoast SEO plugin. -->","yoast_head_json":{"title":"Chaine Hiplok \"Mega Chain\" - Dumoulin Bicyclettes","description":"La Hiplok \"Mega Chain\" offre une protection maximale gr\u00e2ce \u00e0 sa conception en acier tremp\u00e9 de 22mm. Pour une protection optimale associez l\u00e0 au Hiplok D1000","robots":{"index":"noindex","follow":"follow","max-snippet":"max-snippet:-1","max-image-preview":"max-image-preview:large","max-video-preview":"max-video-preview:-1"},"og_locale":"en_US","og_type":"article","og_title":"Chaine Hiplok \"Mega Chain\" - Dumoulin Bicyclettes","og_description":"La Hiplok \"Mega Chain\" offre une protection maximale gr\u00e2ce \u00e0 sa conception en acier tremp\u00e9 de 22mm. Pour une protection optimale associez l\u00e0 au Hiplok D1000","og_url":"https:\/\/dumoulin.absoludev.ca\/en\/produit\/chaine-hiplok-mega-chain\/","og_site_name":"Dumoulin Bicyclettes","article_publisher":"https:\/\/www.facebook.com\/dumoulinbicyclettes","article_modified_time":"2025-06-10T01:10:46+00:00","og_image":[{"width":900,"height":900,"url":"https:\/\/dumoulin.absoludev.ca\/wp-content\/uploads\/2024\/12\/CHAINE-HIPLOK-MEGACHAIN-ANTI-ANGLE-GRINDER-CADENA-MONTREAL-DUMOULIN-BICYCLETTES-1.jpg","type":"image\/jpeg"}],"twitter_card":"summary_large_image","twitter_misc":{"Est. reading time":"1 minute"},"schema":{"@context":"https:\/\/schema.org","@graph":[{"@type":"WebPage","@id":"https:\/\/dumoulin.absoludev.ca\/en\/produit\/chaine-hiplok-mega-chain\/","url":"https:\/\/dumoulin.absoludev.ca\/en\/produit\/chaine-hiplok-mega-chain\/","name":"Chaine Hiplok \"Mega Chain\" - Dumoulin Bicyclettes","isPartOf":{"@id":"https:\/\/dumoulin.absoludev.ca\/#website"},"primaryImageOfPage":{"@id":"https:\/\/dumoulin.absoludev.ca\/en\/produit\/chaine-hiplok-mega-chain\/#primaryimage"},"image":{"@id":"https:\/\/dumoulin.absoludev.ca\/en\/produit\/chaine-hiplok-mega-chain\/#primaryimage"},"thumbnailUrl":"https:\/\/dumoulin.absoludev.ca\/wp-content\/uploads\/2024\/12\/CHAINE-HIPLOK-MEGACHAIN-ANTI-ANGLE-GRINDER-CADENA-MONTREAL-DUMOULIN-BICYCLETTES-1.jpg","datePublished":"2024-12-18T22:11:19+00:00","dateModified":"2025-06-10T01:10:46+00:00","description":"La Hiplok \"Mega Chain\" offre une protection maximale gr\u00e2ce \u00e0 sa conception en acier tremp\u00e9 de 22mm. Pour une protection optimale associez l\u00e0 au Hiplok D1000","breadcrumb":{"@id":"https:\/\/dumoulin.absoludev.ca\/en\/produit\/chaine-hiplok-mega-chain\/#breadcrumb"},"inLanguage":"en-US","potentialAction":[{"@type":"ReadAction","target":["https:\/\/dumoulin.absoludev.ca\/en\/produit\/chaine-hiplok-mega-chain\/"]}]},{"@type":"ImageObject","inLanguage":"en-US","@id":"https:\/\/dumoulin.absoludev.ca\/en\/produit\/chaine-hiplok-mega-chain\/#primaryimage","url":"https:\/\/dumoulin.absoludev.ca\/wp-content\/uploads\/2024\/12\/CHAINE-HIPLOK-MEGACHAIN-ANTI-ANGLE-GRINDER-CADENA-MONTREAL-DUMOULIN-BICYCLETTES-1.jpg","contentUrl":"https:\/\/dumoulin.absoludev.ca\/wp-content\/uploads\/2024\/12\/CHAINE-HIPLOK-MEGACHAIN-ANTI-ANGLE-GRINDER-CADENA-MONTREAL-DUMOULIN-BICYCLETTES-1.jpg","width":900,"height":900},{"@type":"BreadcrumbList","@id":"https:\/\/dumoulin.absoludev.ca\/en\/produit\/chaine-hiplok-mega-chain\/#breadcrumb","itemListElement":[{"@type":"ListItem","position":1,"name":"Home","item":"https:\/\/dumoulin.absoludev.ca\/en\/"},{"@type":"ListItem","position":2,"name":"Shop","item":"https:\/\/dumoulin.absoludev.ca\/en\/shop\/"},{"@type":"ListItem","position":3,"name":"Chaine Hiplok &#8220;Mega Chain&#8221;"}]},{"@type":"WebSite","@id":"https:\/\/dumoulin.absoludev.ca\/#website","url":"https:\/\/dumoulin.absoludev.ca\/","name":"Dumoulin Bicyclettes","description":"","publisher":{"@id":"https:\/\/dumoulin.absoludev.ca\/#organization"},"potentialAction":[{"@type":"SearchAction","target":{"@type":"EntryPoint","urlTemplate":"https:\/\/dumoulin.absoludev.ca\/?s={search_term_string}"},"query-input":{"@type":"PropertyValueSpecification","valueRequired":true,"valueName":"search_term_string"}}],"inLanguage":"en-US"},{"@type":"Organization","@id":"https:\/\/dumoulin.absoludev.ca\/#organization","name":"Dumoulin Bicyclettes","url":"https:\/\/dumoulin.absoludev.ca\/","logo":{"@type":"ImageObject","inLanguage":"en-US","@id":"https:\/\/dumoulin.absoludev.ca\/#\/schema\/logo\/image\/","url":"https:\/\/www.dumoulinbicyclettes.com\/wp-content\/uploads\/2021\/04\/Logo.svg","contentUrl":"https:\/\/www.dumoulinbicyclettes.com\/wp-content\/uploads\/2021\/04\/Logo.svg","width":254,"height":86,"caption":"Dumoulin Bicyclettes"},"image":{"@id":"https:\/\/dumoulin.absoludev.ca\/#\/schema\/logo\/image\/"},"sameAs":["https:\/\/www.facebook.com\/dumoulinbicyclettes","https:\/\/www.instagram.com\/dumoulin.ca\/","https:\/\/www.youtube.com\/user\/dumoulinbicyclettes"]}]}},"_links":{"self":[{"href":"https:\/\/dumoulin.absoludev.ca\/en\/wp-json\/wp\/v2\/product\/516366","targetHints":{"allow":["GET"]}}],"collection":[{"href":"https:\/\/dumoulin.absoludev.ca\/en\/wp-json\/wp\/v2\/product"}],"about":[{"href":"https:\/\/dumoulin.absoludev.ca\/en\/wp-json\/wp\/v2\/types\/product"}],"wp:featuredmedia":[{"embeddable":true,"href":"https:\/\/dumoulin.absoludev.ca\/en\/wp-json\/wp\/v2\/media\/516367"}],"wp:attachment":[{"href":"https:\/\/dumoulin.absoludev.ca\/en\/wp-json\/wp\/v2\/media?parent=516366"}],"wp:term":[{"taxonomy":"product_brand","embeddable":true,"href":"https:\/\/dumoulin.absoludev.ca\/en\/wp-json\/wp\/v2\/product_brand?post=516366"},{"taxonomy":"product_cat","embeddable":true,"href":"https:\/\/dumoulin.absoludev.ca\/en\/wp-json\/wp\/v2\/product_cat?post=516366"},{"taxonomy":"product_tag","embeddable":true,"href":"https:\/\/dumoulin.absoludev.ca\/en\/wp-json\/wp\/v2\/product_tag?post=516366"},{"taxonomy":"marque-produit","embeddable":true,"href":"https:\/\/dumoulin.absoludev.ca\/en\/wp-json\/wp\/v2\/marque-produit?post=516366"},{"taxonomy":"collection-produit","embeddable":true,"href":"https:\/\/dumoulin.absoludev.ca\/en\/wp-json\/wp\/v2\/collection-produit?post=516366"},{"taxonomy":"type-surface-produit","embeddable":true,"href":"https:\/\/dumoulin.absoludev.ca\/en\/wp-json\/wp\/v2\/type-surface-produit?post=516366"},{"taxonomy":"type-velo-produit","embeddable":true,"href":"https:\/\/dumoulin.absoludev.ca\/en\/wp-json\/wp\/v2\/type-velo-produit?post=516366"},{"taxonomy":"vetement-produit","embeddable":true,"href":"https:\/\/dumoulin.absoludev.ca\/en\/wp-json\/wp\/v2\/vetement-produit?post=516366"},{"taxonomy":"thematique-produit","embeddable":true,"href":"https:\/\/dumoulin.absoludev.ca\/en\/wp-json\/wp\/v2\/thematique-produit?post=516366"},{"taxonomy":"position-sur-le-v\u00e9lo","embeddable":true,"href":"https:\/\/dumoulin.absoludev.ca\/en\/wp-json\/wp\/v2\/position-sur-le-v\u00e9lo?post=516366"}],"curies":[{"name":"wp","href":"https:\/\/api.w.org\/{rel}","templated":true}]}}