{"id":515846,"date":"2024-12-18T10:06:20","date_gmt":"2024-12-18T15:06:20","guid":{"rendered":"http:\/\/www.dumoulinbicyclettes.com\/?post_type=product&#038;p=515846"},"modified":"2025-09-04T14:18:34","modified_gmt":"2025-09-04T18:18:34","slug":"pneu-a-clous-schwalbe-marathon-winter-plus-26-montreal-quebec","status":"publish","type":"product","link":"https:\/\/dumoulin.absoludev.ca\/en\/produit\/pneu-a-clous-schwalbe-marathon-winter-plus-26-montreal-quebec\/","title":{"rendered":"Pneu \u00e0 clous Schwalbe Marathon Winter Plus (26)"},"content":{"rendered":"<p>Le pneu \u00e0 clous Schwalbe Marathon Winter Plus est LE pneu de v\u00e9lo d&#8217;hiver par excellence.<\/p>\n<p>Avec 240 clous, une bande anti-crevaison fiable, des flancs r\u00e9fl\u00e9chissants : voici un pneu qui assure, rassure et qui permet de se dire \u00aboui, je peux rouler en v\u00e9lo en hiver\u00bb!<\/p>\n<p>Disponible dans quasiment toutes les tailles de pneus.<\/p>\n","protected":false},"excerpt":{"rendered":"<p>Le pneu \u00e0 clous Schwalbe Marathon Winter Plus est LE pneu de v\u00e9lo d&#8217;hiver par excellence. Avec 240 clous, une bande anti-crevaison fiable, des flancs r\u00e9fl\u00e9chissants : voici un pneu qui assure, rassure et qui permet de se dire \u00aboui, je peux rouler en v\u00e9lo en hiver\u00bb! Disponible dans quasiment toutes les tailles de pneus.<\/p>\n","protected":false},"featured_media":515849,"template":"","meta":{"_acf_changed":false},"product_brand":[],"product_cat":[226],"product_tag":[2280,2239,3314,3312],"marque-produit":[1336],"collection-produit":[2887],"type-surface-produit":[],"type-velo-produit":[],"vetement-produit":[],"thematique-produit":[],"position-sur-le-v\u00e9lo":[],"class_list":{"0":"post-515846","1":"product","2":"type-product","3":"status-publish","4":"has-post-thumbnail","6":"product_cat-pneus","7":"product_tag-marathon-winter","8":"product_tag-schwalbe","9":"product_tag-schwalbe-winter-plus","10":"product_tag-winter-plus","11":"marque-produit-schwalbe","12":"collection-produit-pneu","14":"first","15":"instock","16":"taxable","17":"shipping-taxable","18":"purchasable","19":"product-type-variable"},"acf":[],"yoast_head":"<!-- This site is optimized with the Yoast SEO plugin v24.3 - https:\/\/yoast.com\/wordpress\/plugins\/seo\/ -->\n<title>Pneu \u00e0 clous Schwalbe Marathon Winter Plus (26) - Dumoulin Bicyclettes<\/title>\n<meta name=\"description\" content=\"Les pneus \u00e0 clous Schwalbe Marathon winter plus, c&#039;est le pneu de r\u00e9f\u00e9rence pour rouler en hiver au Qu\u00e9bec. Il procure la dose d&#039;adh\u00e9rence n\u00e9cessaire.\" \/>\n<meta name=\"robots\" content=\"noindex, follow, max-snippet:-1, max-image-preview:large, max-video-preview:-1\" \/>\n<meta property=\"og:locale\" content=\"en_US\" \/>\n<meta property=\"og:type\" content=\"article\" \/>\n<meta property=\"og:title\" content=\"Pneu \u00e0 clous Schwalbe Marathon Winter Plus (26) - Dumoulin Bicyclettes\" \/>\n<meta property=\"og:description\" content=\"Les pneus \u00e0 clous Schwalbe Marathon winter plus, c&#039;est le pneu de r\u00e9f\u00e9rence pour rouler en hiver au Qu\u00e9bec. Il procure la dose d&#039;adh\u00e9rence n\u00e9cessaire.\" \/>\n<meta property=\"og:url\" content=\"https:\/\/dumoulin.absoludev.ca\/en\/produit\/pneu-a-clous-schwalbe-marathon-winter-plus-26-montreal-quebec\/\" \/>\n<meta property=\"og:site_name\" content=\"Dumoulin Bicyclettes\" \/>\n<meta property=\"article:publisher\" content=\"https:\/\/www.facebook.com\/dumoulinbicyclettes\" \/>\n<meta property=\"article:modified_time\" content=\"2025-09-04T18:18:34+00:00\" \/>\n<meta property=\"og:image\" content=\"https:\/\/dumoulin.absoludev.ca\/wp-content\/uploads\/2024\/12\/MarathonWinterPlus_Standard_0-1.jpg\" \/>\n\t<meta property=\"og:image:width\" content=\"800\" \/>\n\t<meta property=\"og:image:height\" content=\"800\" \/>\n\t<meta property=\"og:image:type\" content=\"image\/jpeg\" \/>\n<meta name=\"twitter:card\" content=\"summary_large_image\" \/>\n<meta name=\"twitter:label1\" content=\"Est. reading time\" \/>\n\t<meta name=\"twitter:data1\" content=\"1 minute\" \/>\n<script type=\"application\/ld+json\" class=\"yoast-schema-graph\">{\"@context\":\"https:\/\/schema.org\",\"@graph\":[{\"@type\":\"WebPage\",\"@id\":\"https:\/\/dumoulin.absoludev.ca\/en\/produit\/pneu-a-clous-schwalbe-marathon-winter-plus-26-montreal-quebec\/\",\"url\":\"https:\/\/dumoulin.absoludev.ca\/en\/produit\/pneu-a-clous-schwalbe-marathon-winter-plus-26-montreal-quebec\/\",\"name\":\"Pneu \u00e0 clous Schwalbe Marathon Winter Plus (26) - Dumoulin Bicyclettes\",\"isPartOf\":{\"@id\":\"https:\/\/dumoulin.absoludev.ca\/#website\"},\"primaryImageOfPage\":{\"@id\":\"https:\/\/dumoulin.absoludev.ca\/en\/produit\/pneu-a-clous-schwalbe-marathon-winter-plus-26-montreal-quebec\/#primaryimage\"},\"image\":{\"@id\":\"https:\/\/dumoulin.absoludev.ca\/en\/produit\/pneu-a-clous-schwalbe-marathon-winter-plus-26-montreal-quebec\/#primaryimage\"},\"thumbnailUrl\":\"https:\/\/dumoulin.absoludev.ca\/wp-content\/uploads\/2024\/12\/MarathonWinterPlus_Standard_0-1.jpg\",\"datePublished\":\"2024-12-18T15:06:20+00:00\",\"dateModified\":\"2025-09-04T18:18:34+00:00\",\"description\":\"Les pneus \u00e0 clous Schwalbe Marathon winter plus, c'est le pneu de r\u00e9f\u00e9rence pour rouler en hiver au Qu\u00e9bec. Il procure la dose d'adh\u00e9rence n\u00e9cessaire.\",\"breadcrumb\":{\"@id\":\"https:\/\/dumoulin.absoludev.ca\/en\/produit\/pneu-a-clous-schwalbe-marathon-winter-plus-26-montreal-quebec\/#breadcrumb\"},\"inLanguage\":\"en-US\",\"potentialAction\":[{\"@type\":\"ReadAction\",\"target\":[\"https:\/\/dumoulin.absoludev.ca\/en\/produit\/pneu-a-clous-schwalbe-marathon-winter-plus-26-montreal-quebec\/\"]}]},{\"@type\":\"ImageObject\",\"inLanguage\":\"en-US\",\"@id\":\"https:\/\/dumoulin.absoludev.ca\/en\/produit\/pneu-a-clous-schwalbe-marathon-winter-plus-26-montreal-quebec\/#primaryimage\",\"url\":\"https:\/\/dumoulin.absoludev.ca\/wp-content\/uploads\/2024\/12\/MarathonWinterPlus_Standard_0-1.jpg\",\"contentUrl\":\"https:\/\/dumoulin.absoludev.ca\/wp-content\/uploads\/2024\/12\/MarathonWinterPlus_Standard_0-1.jpg\",\"width\":800,\"height\":800},{\"@type\":\"BreadcrumbList\",\"@id\":\"https:\/\/dumoulin.absoludev.ca\/en\/produit\/pneu-a-clous-schwalbe-marathon-winter-plus-26-montreal-quebec\/#breadcrumb\",\"itemListElement\":[{\"@type\":\"ListItem\",\"position\":1,\"name\":\"Home\",\"item\":\"https:\/\/dumoulin.absoludev.ca\/en\/\"},{\"@type\":\"ListItem\",\"position\":2,\"name\":\"Shop\",\"item\":\"https:\/\/dumoulin.absoludev.ca\/en\/shop\/\"},{\"@type\":\"ListItem\",\"position\":3,\"name\":\"Pneu \u00e0 clous Schwalbe Marathon Winter Plus (26)\"}]},{\"@type\":\"WebSite\",\"@id\":\"https:\/\/dumoulin.absoludev.ca\/#website\",\"url\":\"https:\/\/dumoulin.absoludev.ca\/\",\"name\":\"Dumoulin Bicyclettes\",\"description\":\"\",\"publisher\":{\"@id\":\"https:\/\/dumoulin.absoludev.ca\/#organization\"},\"potentialAction\":[{\"@type\":\"SearchAction\",\"target\":{\"@type\":\"EntryPoint\",\"urlTemplate\":\"https:\/\/dumoulin.absoludev.ca\/?s={search_term_string}\"},\"query-input\":{\"@type\":\"PropertyValueSpecification\",\"valueRequired\":true,\"valueName\":\"search_term_string\"}}],\"inLanguage\":\"en-US\"},{\"@type\":\"Organization\",\"@id\":\"https:\/\/dumoulin.absoludev.ca\/#organization\",\"name\":\"Dumoulin Bicyclettes\",\"url\":\"https:\/\/dumoulin.absoludev.ca\/\",\"logo\":{\"@type\":\"ImageObject\",\"inLanguage\":\"en-US\",\"@id\":\"https:\/\/dumoulin.absoludev.ca\/#\/schema\/logo\/image\/\",\"url\":\"https:\/\/www.dumoulinbicyclettes.com\/wp-content\/uploads\/2021\/04\/Logo.svg\",\"contentUrl\":\"https:\/\/www.dumoulinbicyclettes.com\/wp-content\/uploads\/2021\/04\/Logo.svg\",\"width\":254,\"height\":86,\"caption\":\"Dumoulin Bicyclettes\"},\"image\":{\"@id\":\"https:\/\/dumoulin.absoludev.ca\/#\/schema\/logo\/image\/\"},\"sameAs\":[\"https:\/\/www.facebook.com\/dumoulinbicyclettes\",\"https:\/\/www.instagram.com\/dumoulin.ca\/\",\"https:\/\/www.youtube.com\/user\/dumoulinbicyclettes\"]}]}<\/script>\n<!-- \/ Yoast SEO plugin. -->","yoast_head_json":{"title":"Pneu \u00e0 clous Schwalbe Marathon Winter Plus (26) - Dumoulin Bicyclettes","description":"Les pneus \u00e0 clous Schwalbe Marathon winter plus, c'est le pneu de r\u00e9f\u00e9rence pour rouler en hiver au Qu\u00e9bec. Il procure la dose d'adh\u00e9rence n\u00e9cessaire.","robots":{"index":"noindex","follow":"follow","max-snippet":"max-snippet:-1","max-image-preview":"max-image-preview:large","max-video-preview":"max-video-preview:-1"},"og_locale":"en_US","og_type":"article","og_title":"Pneu \u00e0 clous Schwalbe Marathon Winter Plus (26) - Dumoulin Bicyclettes","og_description":"Les pneus \u00e0 clous Schwalbe Marathon winter plus, c'est le pneu de r\u00e9f\u00e9rence pour rouler en hiver au Qu\u00e9bec. Il procure la dose d'adh\u00e9rence n\u00e9cessaire.","og_url":"https:\/\/dumoulin.absoludev.ca\/en\/produit\/pneu-a-clous-schwalbe-marathon-winter-plus-26-montreal-quebec\/","og_site_name":"Dumoulin Bicyclettes","article_publisher":"https:\/\/www.facebook.com\/dumoulinbicyclettes","article_modified_time":"2025-09-04T18:18:34+00:00","og_image":[{"width":800,"height":800,"url":"https:\/\/dumoulin.absoludev.ca\/wp-content\/uploads\/2024\/12\/MarathonWinterPlus_Standard_0-1.jpg","type":"image\/jpeg"}],"twitter_card":"summary_large_image","twitter_misc":{"Est. reading time":"1 minute"},"schema":{"@context":"https:\/\/schema.org","@graph":[{"@type":"WebPage","@id":"https:\/\/dumoulin.absoludev.ca\/en\/produit\/pneu-a-clous-schwalbe-marathon-winter-plus-26-montreal-quebec\/","url":"https:\/\/dumoulin.absoludev.ca\/en\/produit\/pneu-a-clous-schwalbe-marathon-winter-plus-26-montreal-quebec\/","name":"Pneu \u00e0 clous Schwalbe Marathon Winter Plus (26) - Dumoulin Bicyclettes","isPartOf":{"@id":"https:\/\/dumoulin.absoludev.ca\/#website"},"primaryImageOfPage":{"@id":"https:\/\/dumoulin.absoludev.ca\/en\/produit\/pneu-a-clous-schwalbe-marathon-winter-plus-26-montreal-quebec\/#primaryimage"},"image":{"@id":"https:\/\/dumoulin.absoludev.ca\/en\/produit\/pneu-a-clous-schwalbe-marathon-winter-plus-26-montreal-quebec\/#primaryimage"},"thumbnailUrl":"https:\/\/dumoulin.absoludev.ca\/wp-content\/uploads\/2024\/12\/MarathonWinterPlus_Standard_0-1.jpg","datePublished":"2024-12-18T15:06:20+00:00","dateModified":"2025-09-04T18:18:34+00:00","description":"Les pneus \u00e0 clous Schwalbe Marathon winter plus, c'est le pneu de r\u00e9f\u00e9rence pour rouler en hiver au Qu\u00e9bec. Il procure la dose d'adh\u00e9rence n\u00e9cessaire.","breadcrumb":{"@id":"https:\/\/dumoulin.absoludev.ca\/en\/produit\/pneu-a-clous-schwalbe-marathon-winter-plus-26-montreal-quebec\/#breadcrumb"},"inLanguage":"en-US","potentialAction":[{"@type":"ReadAction","target":["https:\/\/dumoulin.absoludev.ca\/en\/produit\/pneu-a-clous-schwalbe-marathon-winter-plus-26-montreal-quebec\/"]}]},{"@type":"ImageObject","inLanguage":"en-US","@id":"https:\/\/dumoulin.absoludev.ca\/en\/produit\/pneu-a-clous-schwalbe-marathon-winter-plus-26-montreal-quebec\/#primaryimage","url":"https:\/\/dumoulin.absoludev.ca\/wp-content\/uploads\/2024\/12\/MarathonWinterPlus_Standard_0-1.jpg","contentUrl":"https:\/\/dumoulin.absoludev.ca\/wp-content\/uploads\/2024\/12\/MarathonWinterPlus_Standard_0-1.jpg","width":800,"height":800},{"@type":"BreadcrumbList","@id":"https:\/\/dumoulin.absoludev.ca\/en\/produit\/pneu-a-clous-schwalbe-marathon-winter-plus-26-montreal-quebec\/#breadcrumb","itemListElement":[{"@type":"ListItem","position":1,"name":"Home","item":"https:\/\/dumoulin.absoludev.ca\/en\/"},{"@type":"ListItem","position":2,"name":"Shop","item":"https:\/\/dumoulin.absoludev.ca\/en\/shop\/"},{"@type":"ListItem","position":3,"name":"Pneu \u00e0 clous Schwalbe Marathon Winter Plus (26)"}]},{"@type":"WebSite","@id":"https:\/\/dumoulin.absoludev.ca\/#website","url":"https:\/\/dumoulin.absoludev.ca\/","name":"Dumoulin Bicyclettes","description":"","publisher":{"@id":"https:\/\/dumoulin.absoludev.ca\/#organization"},"potentialAction":[{"@type":"SearchAction","target":{"@type":"EntryPoint","urlTemplate":"https:\/\/dumoulin.absoludev.ca\/?s={search_term_string}"},"query-input":{"@type":"PropertyValueSpecification","valueRequired":true,"valueName":"search_term_string"}}],"inLanguage":"en-US"},{"@type":"Organization","@id":"https:\/\/dumoulin.absoludev.ca\/#organization","name":"Dumoulin Bicyclettes","url":"https:\/\/dumoulin.absoludev.ca\/","logo":{"@type":"ImageObject","inLanguage":"en-US","@id":"https:\/\/dumoulin.absoludev.ca\/#\/schema\/logo\/image\/","url":"https:\/\/www.dumoulinbicyclettes.com\/wp-content\/uploads\/2021\/04\/Logo.svg","contentUrl":"https:\/\/www.dumoulinbicyclettes.com\/wp-content\/uploads\/2021\/04\/Logo.svg","width":254,"height":86,"caption":"Dumoulin Bicyclettes"},"image":{"@id":"https:\/\/dumoulin.absoludev.ca\/#\/schema\/logo\/image\/"},"sameAs":["https:\/\/www.facebook.com\/dumoulinbicyclettes","https:\/\/www.instagram.com\/dumoulin.ca\/","https:\/\/www.youtube.com\/user\/dumoulinbicyclettes"]}]}},"_links":{"self":[{"href":"https:\/\/dumoulin.absoludev.ca\/en\/wp-json\/wp\/v2\/product\/515846","targetHints":{"allow":["GET"]}}],"collection":[{"href":"https:\/\/dumoulin.absoludev.ca\/en\/wp-json\/wp\/v2\/product"}],"about":[{"href":"https:\/\/dumoulin.absoludev.ca\/en\/wp-json\/wp\/v2\/types\/product"}],"wp:featuredmedia":[{"embeddable":true,"href":"https:\/\/dumoulin.absoludev.ca\/en\/wp-json\/wp\/v2\/media\/515849"}],"wp:attachment":[{"href":"https:\/\/dumoulin.absoludev.ca\/en\/wp-json\/wp\/v2\/media?parent=515846"}],"wp:term":[{"taxonomy":"product_brand","embeddable":true,"href":"https:\/\/dumoulin.absoludev.ca\/en\/wp-json\/wp\/v2\/product_brand?post=515846"},{"taxonomy":"product_cat","embeddable":true,"href":"https:\/\/dumoulin.absoludev.ca\/en\/wp-json\/wp\/v2\/product_cat?post=515846"},{"taxonomy":"product_tag","embeddable":true,"href":"https:\/\/dumoulin.absoludev.ca\/en\/wp-json\/wp\/v2\/product_tag?post=515846"},{"taxonomy":"marque-produit","embeddable":true,"href":"https:\/\/dumoulin.absoludev.ca\/en\/wp-json\/wp\/v2\/marque-produit?post=515846"},{"taxonomy":"collection-produit","embeddable":true,"href":"https:\/\/dumoulin.absoludev.ca\/en\/wp-json\/wp\/v2\/collection-produit?post=515846"},{"taxonomy":"type-surface-produit","embeddable":true,"href":"https:\/\/dumoulin.absoludev.ca\/en\/wp-json\/wp\/v2\/type-surface-produit?post=515846"},{"taxonomy":"type-velo-produit","embeddable":true,"href":"https:\/\/dumoulin.absoludev.ca\/en\/wp-json\/wp\/v2\/type-velo-produit?post=515846"},{"taxonomy":"vetement-produit","embeddable":true,"href":"https:\/\/dumoulin.absoludev.ca\/en\/wp-json\/wp\/v2\/vetement-produit?post=515846"},{"taxonomy":"thematique-produit","embeddable":true,"href":"https:\/\/dumoulin.absoludev.ca\/en\/wp-json\/wp\/v2\/thematique-produit?post=515846"},{"taxonomy":"position-sur-le-v\u00e9lo","embeddable":true,"href":"https:\/\/dumoulin.absoludev.ca\/en\/wp-json\/wp\/v2\/position-sur-le-v\u00e9lo?post=515846"}],"curies":[{"name":"wp","href":"https:\/\/api.w.org\/{rel}","templated":true}]}}