{"id":509332,"date":"2024-12-10T15:12:23","date_gmt":"2024-12-10T20:12:23","guid":{"rendered":"http:\/\/www.dumoulinbicyclettes.com\/?post_type=product&#038;p=509332"},"modified":"2025-09-04T14:16:42","modified_gmt":"2025-09-04T18:16:42","slug":"cadenas-chaine-abus-ivytex-7210","status":"publish","type":"product","link":"https:\/\/dumoulin.absoludev.ca\/en\/produit\/cadenas-chaine-abus-ivytex-7210\/","title":{"rendered":"Cadenas chaine Abus &#8220;Ivera Chain 7210&#8221;"},"content":{"rendered":"<p>Le cadenas chaine Abus &#8220;Ivera Chain 7210&#8221; est une chaine efficace recouverte d&#8217;une housse IvyTex. Ce tissu haute technologie est durable et extr\u00eamement flexible, ce qui le rend \u00e9tanche et r\u00e9sistant aux intemp\u00e9ries. L\u2019eau ne p\u00e9n\u00e8tre ainsi pas dans le tissu, prot\u00e9geant l\u2019antivol de la corrosion.<\/p>\n","protected":false},"excerpt":{"rendered":"<p>Le cadenas chaine Abus &#8220;Ivera Chain 7210&#8221; est une chaine efficace recouverte d&#8217;une housse IvyTex. Ce tissu haute technologie est durable et extr\u00eamement flexible, ce qui le rend \u00e9tanche et r\u00e9sistant aux intemp\u00e9ries. L\u2019eau ne p\u00e9n\u00e8tre ainsi pas dans le tissu, prot\u00e9geant l\u2019antivol de la corrosion.<\/p>\n","protected":false},"featured_media":514397,"template":"","meta":{"_acf_changed":false},"product_brand":[],"product_cat":[190,205],"product_tag":[2478,3305,3306],"marque-produit":[1417],"collection-produit":[],"type-surface-produit":[],"type-velo-produit":[],"vetement-produit":[],"thematique-produit":[],"position-sur-le-v\u00e9lo":[],"class_list":{"0":"post-509332","1":"product","2":"type-product","3":"status-publish","4":"has-post-thumbnail","6":"product_cat-cadenas","7":"product_cat-chaines","8":"product_tag-abus","9":"product_tag-cadenas-chaine","10":"product_tag-ivera-chain-7210","11":"marque-produit-abus","13":"first","14":"outofstock","15":"taxable","16":"shipping-taxable","17":"purchasable","18":"product-type-simple"},"acf":[],"yoast_head":"<!-- This site is optimized with the Yoast SEO plugin v24.3 - https:\/\/yoast.com\/wordpress\/plugins\/seo\/ -->\n<title>Cadenas chaine Abus &quot;Ivera Chain 7210&quot; - Dumoulin Bicyclettes<\/title>\n<meta name=\"description\" content=\"Le cadenas chaine Abus &quot;Ivera Chain 7210&quot; est une chaine efficace recouverte d&#039;une housse IvyTex \u00e9tanche et r\u00e9sistant aux intemp\u00e9ries.\" \/>\n<meta name=\"robots\" content=\"noindex, follow, max-snippet:-1, max-image-preview:large, max-video-preview:-1\" \/>\n<meta property=\"og:locale\" content=\"en_US\" \/>\n<meta property=\"og:type\" content=\"article\" \/>\n<meta property=\"og:title\" content=\"Cadenas chaine Abus &quot;Ivera Chain 7210&quot; - Dumoulin Bicyclettes\" \/>\n<meta property=\"og:description\" content=\"Le cadenas chaine Abus &quot;Ivera Chain 7210&quot; est une chaine efficace recouverte d&#039;une housse IvyTex \u00e9tanche et r\u00e9sistant aux intemp\u00e9ries.\" \/>\n<meta property=\"og:url\" content=\"https:\/\/dumoulin.absoludev.ca\/produit\/cadenas-chaine-abus-ivytex-7210\/\" \/>\n<meta property=\"og:site_name\" content=\"Dumoulin Bicyclettes\" \/>\n<meta property=\"article:publisher\" content=\"https:\/\/www.facebook.com\/dumoulinbicyclettes\" \/>\n<meta property=\"article:modified_time\" content=\"2025-09-04T18:16:42+00:00\" \/>\n<meta property=\"og:image\" content=\"https:\/\/dumoulin.absoludev.ca\/wp-content\/uploads\/2024\/12\/cadenas-chaine-abus-ivera-chain-7210-dumoulin-bicyclettes-montreal.png\" \/>\n\t<meta property=\"og:image:width\" content=\"640\" \/>\n\t<meta property=\"og:image:height\" content=\"864\" \/>\n\t<meta property=\"og:image:type\" content=\"image\/png\" \/>\n<meta name=\"twitter:card\" content=\"summary_large_image\" \/>\n<meta name=\"twitter:label1\" content=\"Est. reading time\" \/>\n\t<meta name=\"twitter:data1\" content=\"1 minute\" \/>\n<script type=\"application\/ld+json\" class=\"yoast-schema-graph\">{\"@context\":\"https:\/\/schema.org\",\"@graph\":[{\"@type\":\"WebPage\",\"@id\":\"https:\/\/dumoulin.absoludev.ca\/produit\/cadenas-chaine-abus-ivytex-7210\/\",\"url\":\"https:\/\/dumoulin.absoludev.ca\/produit\/cadenas-chaine-abus-ivytex-7210\/\",\"name\":\"Cadenas chaine Abus \\\"Ivera Chain 7210\\\" - Dumoulin Bicyclettes\",\"isPartOf\":{\"@id\":\"https:\/\/dumoulin.absoludev.ca\/#website\"},\"primaryImageOfPage\":{\"@id\":\"https:\/\/dumoulin.absoludev.ca\/produit\/cadenas-chaine-abus-ivytex-7210\/#primaryimage\"},\"image\":{\"@id\":\"https:\/\/dumoulin.absoludev.ca\/produit\/cadenas-chaine-abus-ivytex-7210\/#primaryimage\"},\"thumbnailUrl\":\"https:\/\/dumoulin.absoludev.ca\/wp-content\/uploads\/2024\/12\/cadenas-chaine-abus-ivera-chain-7210-dumoulin-bicyclettes-montreal.png\",\"datePublished\":\"2024-12-10T20:12:23+00:00\",\"dateModified\":\"2025-09-04T18:16:42+00:00\",\"description\":\"Le cadenas chaine Abus \\\"Ivera Chain 7210\\\" est une chaine efficace recouverte d'une housse IvyTex \u00e9tanche et r\u00e9sistant aux intemp\u00e9ries.\",\"breadcrumb\":{\"@id\":\"https:\/\/dumoulin.absoludev.ca\/produit\/cadenas-chaine-abus-ivytex-7210\/#breadcrumb\"},\"inLanguage\":\"en-US\",\"potentialAction\":[{\"@type\":\"ReadAction\",\"target\":[\"https:\/\/dumoulin.absoludev.ca\/produit\/cadenas-chaine-abus-ivytex-7210\/\"]}]},{\"@type\":\"ImageObject\",\"inLanguage\":\"en-US\",\"@id\":\"https:\/\/dumoulin.absoludev.ca\/produit\/cadenas-chaine-abus-ivytex-7210\/#primaryimage\",\"url\":\"https:\/\/dumoulin.absoludev.ca\/wp-content\/uploads\/2024\/12\/cadenas-chaine-abus-ivera-chain-7210-dumoulin-bicyclettes-montreal.png\",\"contentUrl\":\"https:\/\/dumoulin.absoludev.ca\/wp-content\/uploads\/2024\/12\/cadenas-chaine-abus-ivera-chain-7210-dumoulin-bicyclettes-montreal.png\",\"width\":640,\"height\":864},{\"@type\":\"BreadcrumbList\",\"@id\":\"https:\/\/dumoulin.absoludev.ca\/produit\/cadenas-chaine-abus-ivytex-7210\/#breadcrumb\",\"itemListElement\":[{\"@type\":\"ListItem\",\"position\":1,\"name\":\"Home\",\"item\":\"https:\/\/dumoulin.absoludev.ca\/en\/\"},{\"@type\":\"ListItem\",\"position\":2,\"name\":\"Shop\",\"item\":\"https:\/\/dumoulin.absoludev.ca\/en\/shop\/\"},{\"@type\":\"ListItem\",\"position\":3,\"name\":\"Cadenas chaine Abus \u00ab\u00a0Ivera Chain 7210\u00a0\u00bb\"}]},{\"@type\":\"WebSite\",\"@id\":\"https:\/\/dumoulin.absoludev.ca\/#website\",\"url\":\"https:\/\/dumoulin.absoludev.ca\/\",\"name\":\"Dumoulin Bicyclettes\",\"description\":\"\",\"publisher\":{\"@id\":\"https:\/\/dumoulin.absoludev.ca\/#organization\"},\"potentialAction\":[{\"@type\":\"SearchAction\",\"target\":{\"@type\":\"EntryPoint\",\"urlTemplate\":\"https:\/\/dumoulin.absoludev.ca\/?s={search_term_string}\"},\"query-input\":{\"@type\":\"PropertyValueSpecification\",\"valueRequired\":true,\"valueName\":\"search_term_string\"}}],\"inLanguage\":\"en-US\"},{\"@type\":\"Organization\",\"@id\":\"https:\/\/dumoulin.absoludev.ca\/#organization\",\"name\":\"Dumoulin Bicyclettes\",\"url\":\"https:\/\/dumoulin.absoludev.ca\/\",\"logo\":{\"@type\":\"ImageObject\",\"inLanguage\":\"en-US\",\"@id\":\"https:\/\/dumoulin.absoludev.ca\/#\/schema\/logo\/image\/\",\"url\":\"https:\/\/www.dumoulinbicyclettes.com\/wp-content\/uploads\/2021\/04\/Logo.svg\",\"contentUrl\":\"https:\/\/www.dumoulinbicyclettes.com\/wp-content\/uploads\/2021\/04\/Logo.svg\",\"width\":254,\"height\":86,\"caption\":\"Dumoulin Bicyclettes\"},\"image\":{\"@id\":\"https:\/\/dumoulin.absoludev.ca\/#\/schema\/logo\/image\/\"},\"sameAs\":[\"https:\/\/www.facebook.com\/dumoulinbicyclettes\",\"https:\/\/www.instagram.com\/dumoulin.ca\/\",\"https:\/\/www.youtube.com\/user\/dumoulinbicyclettes\"]}]}<\/script>\n<!-- \/ Yoast SEO plugin. -->","yoast_head_json":{"title":"Cadenas chaine Abus \"Ivera Chain 7210\" - Dumoulin Bicyclettes","description":"Le cadenas chaine Abus \"Ivera Chain 7210\" est une chaine efficace recouverte d'une housse IvyTex \u00e9tanche et r\u00e9sistant aux intemp\u00e9ries.","robots":{"index":"noindex","follow":"follow","max-snippet":"max-snippet:-1","max-image-preview":"max-image-preview:large","max-video-preview":"max-video-preview:-1"},"og_locale":"en_US","og_type":"article","og_title":"Cadenas chaine Abus \"Ivera Chain 7210\" - Dumoulin Bicyclettes","og_description":"Le cadenas chaine Abus \"Ivera Chain 7210\" est une chaine efficace recouverte d'une housse IvyTex \u00e9tanche et r\u00e9sistant aux intemp\u00e9ries.","og_url":"https:\/\/dumoulin.absoludev.ca\/produit\/cadenas-chaine-abus-ivytex-7210\/","og_site_name":"Dumoulin Bicyclettes","article_publisher":"https:\/\/www.facebook.com\/dumoulinbicyclettes","article_modified_time":"2025-09-04T18:16:42+00:00","og_image":[{"width":640,"height":864,"url":"https:\/\/dumoulin.absoludev.ca\/wp-content\/uploads\/2024\/12\/cadenas-chaine-abus-ivera-chain-7210-dumoulin-bicyclettes-montreal.png","type":"image\/png"}],"twitter_card":"summary_large_image","twitter_misc":{"Est. reading time":"1 minute"},"schema":{"@context":"https:\/\/schema.org","@graph":[{"@type":"WebPage","@id":"https:\/\/dumoulin.absoludev.ca\/produit\/cadenas-chaine-abus-ivytex-7210\/","url":"https:\/\/dumoulin.absoludev.ca\/produit\/cadenas-chaine-abus-ivytex-7210\/","name":"Cadenas chaine Abus \"Ivera Chain 7210\" - Dumoulin Bicyclettes","isPartOf":{"@id":"https:\/\/dumoulin.absoludev.ca\/#website"},"primaryImageOfPage":{"@id":"https:\/\/dumoulin.absoludev.ca\/produit\/cadenas-chaine-abus-ivytex-7210\/#primaryimage"},"image":{"@id":"https:\/\/dumoulin.absoludev.ca\/produit\/cadenas-chaine-abus-ivytex-7210\/#primaryimage"},"thumbnailUrl":"https:\/\/dumoulin.absoludev.ca\/wp-content\/uploads\/2024\/12\/cadenas-chaine-abus-ivera-chain-7210-dumoulin-bicyclettes-montreal.png","datePublished":"2024-12-10T20:12:23+00:00","dateModified":"2025-09-04T18:16:42+00:00","description":"Le cadenas chaine Abus \"Ivera Chain 7210\" est une chaine efficace recouverte d'une housse IvyTex \u00e9tanche et r\u00e9sistant aux intemp\u00e9ries.","breadcrumb":{"@id":"https:\/\/dumoulin.absoludev.ca\/produit\/cadenas-chaine-abus-ivytex-7210\/#breadcrumb"},"inLanguage":"en-US","potentialAction":[{"@type":"ReadAction","target":["https:\/\/dumoulin.absoludev.ca\/produit\/cadenas-chaine-abus-ivytex-7210\/"]}]},{"@type":"ImageObject","inLanguage":"en-US","@id":"https:\/\/dumoulin.absoludev.ca\/produit\/cadenas-chaine-abus-ivytex-7210\/#primaryimage","url":"https:\/\/dumoulin.absoludev.ca\/wp-content\/uploads\/2024\/12\/cadenas-chaine-abus-ivera-chain-7210-dumoulin-bicyclettes-montreal.png","contentUrl":"https:\/\/dumoulin.absoludev.ca\/wp-content\/uploads\/2024\/12\/cadenas-chaine-abus-ivera-chain-7210-dumoulin-bicyclettes-montreal.png","width":640,"height":864},{"@type":"BreadcrumbList","@id":"https:\/\/dumoulin.absoludev.ca\/produit\/cadenas-chaine-abus-ivytex-7210\/#breadcrumb","itemListElement":[{"@type":"ListItem","position":1,"name":"Home","item":"https:\/\/dumoulin.absoludev.ca\/en\/"},{"@type":"ListItem","position":2,"name":"Shop","item":"https:\/\/dumoulin.absoludev.ca\/en\/shop\/"},{"@type":"ListItem","position":3,"name":"Cadenas chaine Abus \u00ab\u00a0Ivera Chain 7210\u00a0\u00bb"}]},{"@type":"WebSite","@id":"https:\/\/dumoulin.absoludev.ca\/#website","url":"https:\/\/dumoulin.absoludev.ca\/","name":"Dumoulin Bicyclettes","description":"","publisher":{"@id":"https:\/\/dumoulin.absoludev.ca\/#organization"},"potentialAction":[{"@type":"SearchAction","target":{"@type":"EntryPoint","urlTemplate":"https:\/\/dumoulin.absoludev.ca\/?s={search_term_string}"},"query-input":{"@type":"PropertyValueSpecification","valueRequired":true,"valueName":"search_term_string"}}],"inLanguage":"en-US"},{"@type":"Organization","@id":"https:\/\/dumoulin.absoludev.ca\/#organization","name":"Dumoulin Bicyclettes","url":"https:\/\/dumoulin.absoludev.ca\/","logo":{"@type":"ImageObject","inLanguage":"en-US","@id":"https:\/\/dumoulin.absoludev.ca\/#\/schema\/logo\/image\/","url":"https:\/\/www.dumoulinbicyclettes.com\/wp-content\/uploads\/2021\/04\/Logo.svg","contentUrl":"https:\/\/www.dumoulinbicyclettes.com\/wp-content\/uploads\/2021\/04\/Logo.svg","width":254,"height":86,"caption":"Dumoulin Bicyclettes"},"image":{"@id":"https:\/\/dumoulin.absoludev.ca\/#\/schema\/logo\/image\/"},"sameAs":["https:\/\/www.facebook.com\/dumoulinbicyclettes","https:\/\/www.instagram.com\/dumoulin.ca\/","https:\/\/www.youtube.com\/user\/dumoulinbicyclettes"]}]}},"_links":{"self":[{"href":"https:\/\/dumoulin.absoludev.ca\/en\/wp-json\/wp\/v2\/product\/509332","targetHints":{"allow":["GET"]}}],"collection":[{"href":"https:\/\/dumoulin.absoludev.ca\/en\/wp-json\/wp\/v2\/product"}],"about":[{"href":"https:\/\/dumoulin.absoludev.ca\/en\/wp-json\/wp\/v2\/types\/product"}],"wp:featuredmedia":[{"embeddable":true,"href":"https:\/\/dumoulin.absoludev.ca\/en\/wp-json\/wp\/v2\/media\/514397"}],"wp:attachment":[{"href":"https:\/\/dumoulin.absoludev.ca\/en\/wp-json\/wp\/v2\/media?parent=509332"}],"wp:term":[{"taxonomy":"product_brand","embeddable":true,"href":"https:\/\/dumoulin.absoludev.ca\/en\/wp-json\/wp\/v2\/product_brand?post=509332"},{"taxonomy":"product_cat","embeddable":true,"href":"https:\/\/dumoulin.absoludev.ca\/en\/wp-json\/wp\/v2\/product_cat?post=509332"},{"taxonomy":"product_tag","embeddable":true,"href":"https:\/\/dumoulin.absoludev.ca\/en\/wp-json\/wp\/v2\/product_tag?post=509332"},{"taxonomy":"marque-produit","embeddable":true,"href":"https:\/\/dumoulin.absoludev.ca\/en\/wp-json\/wp\/v2\/marque-produit?post=509332"},{"taxonomy":"collection-produit","embeddable":true,"href":"https:\/\/dumoulin.absoludev.ca\/en\/wp-json\/wp\/v2\/collection-produit?post=509332"},{"taxonomy":"type-surface-produit","embeddable":true,"href":"https:\/\/dumoulin.absoludev.ca\/en\/wp-json\/wp\/v2\/type-surface-produit?post=509332"},{"taxonomy":"type-velo-produit","embeddable":true,"href":"https:\/\/dumoulin.absoludev.ca\/en\/wp-json\/wp\/v2\/type-velo-produit?post=509332"},{"taxonomy":"vetement-produit","embeddable":true,"href":"https:\/\/dumoulin.absoludev.ca\/en\/wp-json\/wp\/v2\/vetement-produit?post=509332"},{"taxonomy":"thematique-produit","embeddable":true,"href":"https:\/\/dumoulin.absoludev.ca\/en\/wp-json\/wp\/v2\/thematique-produit?post=509332"},{"taxonomy":"position-sur-le-v\u00e9lo","embeddable":true,"href":"https:\/\/dumoulin.absoludev.ca\/en\/wp-json\/wp\/v2\/position-sur-le-v\u00e9lo?post=509332"}],"curies":[{"name":"wp","href":"https:\/\/api.w.org\/{rel}","templated":true}]}}