{"id":509160,"date":"2024-12-10T14:10:18","date_gmt":"2024-12-10T19:10:18","guid":{"rendered":"http:\/\/www.dumoulinbicyclettes.com\/?post_type=product&#038;p=509160"},"modified":"2025-09-04T14:21:11","modified_gmt":"2025-09-04T18:21:11","slug":"cadenas-abus-bordo-6000k","status":"publish","type":"product","link":"https:\/\/dumoulin.absoludev.ca\/en\/produit\/cadenas-abus-bordo-6000k\/","title":{"rendered":"Cadenas pliant Abus Bordo 6000K (120cm) avec support SH"},"content":{"rendered":"<p><span class=\"copy--bold\">Faites confiance \u00e0 la qualit\u00e9 du classique: l\u2019antivol pliable Abus Bordo 6000K offre une bonne protection contre le vol et une maniabilit\u00e9 pratique.<\/span> Ce cadenas de 120cm dans un format \u00e9tonnamment compact se range dans un support bien pens\u00e9.<\/p>\n","protected":false},"excerpt":{"rendered":"<p>Faites confiance \u00e0 la qualit\u00e9 du classique: l\u2019antivol pliable Abus Bordo 6000K offre une bonne protection contre le vol et une maniabilit\u00e9 pratique. Ce cadenas de 120cm dans un format \u00e9tonnamment compact se range dans un support bien pens\u00e9.<\/p>\n","protected":false},"featured_media":514184,"template":"","meta":{"_acf_changed":false},"product_brand":[],"product_cat":[190],"product_tag":[3296,2478,3295,3294],"marque-produit":[1417],"collection-produit":[],"type-surface-produit":[],"type-velo-produit":[],"vetement-produit":[],"thematique-produit":[],"position-sur-le-v\u00e9lo":[],"class_list":{"0":"post-509160","1":"product","2":"type-product","3":"status-publish","4":"has-post-thumbnail","6":"product_cat-cadenas","7":"product_tag-120cm","8":"product_tag-abus","9":"product_tag-bordo-6000k","10":"product_tag-cadenas-pliant","11":"marque-produit-abus","13":"first","14":"instock","15":"taxable","16":"shipping-taxable","17":"purchasable","18":"product-type-variable"},"acf":[],"yoast_head":"<!-- This site is optimized with the Yoast SEO plugin v24.3 - https:\/\/yoast.com\/wordpress\/plugins\/seo\/ -->\n<title>Cadenas pliant Abus Bordo 6000K (120cm) avec support SH - Dumoulin Bicyclettes<\/title>\n<meta name=\"description\" content=\"Faites confiance \u00e0 la qualit\u00e9 du classique: l\u2019antivol pliable Abus Bordo 6000K offre une bonne protection contre le vol et une maniabilit\u00e9 pratique.\" \/>\n<meta name=\"robots\" content=\"noindex, follow, max-snippet:-1, max-image-preview:large, max-video-preview:-1\" \/>\n<meta property=\"og:locale\" content=\"en_US\" \/>\n<meta property=\"og:type\" content=\"article\" \/>\n<meta property=\"og:title\" content=\"Cadenas pliant Abus Bordo 6000K (120cm) avec support SH - Dumoulin Bicyclettes\" \/>\n<meta property=\"og:description\" content=\"Faites confiance \u00e0 la qualit\u00e9 du classique: l\u2019antivol pliable Abus Bordo 6000K offre une bonne protection contre le vol et une maniabilit\u00e9 pratique.\" \/>\n<meta property=\"og:url\" content=\"https:\/\/dumoulin.absoludev.ca\/produit\/cadenas-abus-bordo-6000k\/\" \/>\n<meta property=\"og:site_name\" content=\"Dumoulin Bicyclettes\" \/>\n<meta property=\"article:publisher\" content=\"https:\/\/www.facebook.com\/dumoulinbicyclettes\" \/>\n<meta property=\"article:modified_time\" content=\"2025-09-04T18:21:11+00:00\" \/>\n<meta property=\"og:image\" content=\"https:\/\/dumoulin.absoludev.ca\/wp-content\/uploads\/2024\/12\/cadenas-pliant-abus-bordo-6000k-120cm-dumoulin-bicyclettes-montreal-1.png\" \/>\n\t<meta property=\"og:image:width\" content=\"640\" \/>\n\t<meta property=\"og:image:height\" content=\"1590\" \/>\n\t<meta property=\"og:image:type\" content=\"image\/png\" \/>\n<meta name=\"twitter:card\" content=\"summary_large_image\" \/>\n<meta name=\"twitter:label1\" content=\"Est. reading time\" \/>\n\t<meta name=\"twitter:data1\" content=\"1 minute\" \/>\n<script type=\"application\/ld+json\" class=\"yoast-schema-graph\">{\"@context\":\"https:\/\/schema.org\",\"@graph\":[{\"@type\":\"WebPage\",\"@id\":\"https:\/\/dumoulin.absoludev.ca\/produit\/cadenas-abus-bordo-6000k\/\",\"url\":\"https:\/\/dumoulin.absoludev.ca\/produit\/cadenas-abus-bordo-6000k\/\",\"name\":\"Cadenas pliant Abus Bordo 6000K (120cm) avec support SH - Dumoulin Bicyclettes\",\"isPartOf\":{\"@id\":\"https:\/\/dumoulin.absoludev.ca\/#website\"},\"primaryImageOfPage\":{\"@id\":\"https:\/\/dumoulin.absoludev.ca\/produit\/cadenas-abus-bordo-6000k\/#primaryimage\"},\"image\":{\"@id\":\"https:\/\/dumoulin.absoludev.ca\/produit\/cadenas-abus-bordo-6000k\/#primaryimage\"},\"thumbnailUrl\":\"https:\/\/dumoulin.absoludev.ca\/wp-content\/uploads\/2024\/12\/cadenas-pliant-abus-bordo-6000k-120cm-dumoulin-bicyclettes-montreal-1.png\",\"datePublished\":\"2024-12-10T19:10:18+00:00\",\"dateModified\":\"2025-09-04T18:21:11+00:00\",\"description\":\"Faites confiance \u00e0 la qualit\u00e9 du classique: l\u2019antivol pliable Abus Bordo 6000K offre une bonne protection contre le vol et une maniabilit\u00e9 pratique.\",\"breadcrumb\":{\"@id\":\"https:\/\/dumoulin.absoludev.ca\/produit\/cadenas-abus-bordo-6000k\/#breadcrumb\"},\"inLanguage\":\"en-US\",\"potentialAction\":[{\"@type\":\"ReadAction\",\"target\":[\"https:\/\/dumoulin.absoludev.ca\/produit\/cadenas-abus-bordo-6000k\/\"]}]},{\"@type\":\"ImageObject\",\"inLanguage\":\"en-US\",\"@id\":\"https:\/\/dumoulin.absoludev.ca\/produit\/cadenas-abus-bordo-6000k\/#primaryimage\",\"url\":\"https:\/\/dumoulin.absoludev.ca\/wp-content\/uploads\/2024\/12\/cadenas-pliant-abus-bordo-6000k-120cm-dumoulin-bicyclettes-montreal-1.png\",\"contentUrl\":\"https:\/\/dumoulin.absoludev.ca\/wp-content\/uploads\/2024\/12\/cadenas-pliant-abus-bordo-6000k-120cm-dumoulin-bicyclettes-montreal-1.png\",\"width\":640,\"height\":1590},{\"@type\":\"BreadcrumbList\",\"@id\":\"https:\/\/dumoulin.absoludev.ca\/produit\/cadenas-abus-bordo-6000k\/#breadcrumb\",\"itemListElement\":[{\"@type\":\"ListItem\",\"position\":1,\"name\":\"Home\",\"item\":\"https:\/\/dumoulin.absoludev.ca\/en\/\"},{\"@type\":\"ListItem\",\"position\":2,\"name\":\"Shop\",\"item\":\"https:\/\/dumoulin.absoludev.ca\/en\/shop\/\"},{\"@type\":\"ListItem\",\"position\":3,\"name\":\"Cadenas pliant Abus Bordo 6000K (120cm) avec support SH\"}]},{\"@type\":\"WebSite\",\"@id\":\"https:\/\/dumoulin.absoludev.ca\/#website\",\"url\":\"https:\/\/dumoulin.absoludev.ca\/\",\"name\":\"Dumoulin Bicyclettes\",\"description\":\"\",\"publisher\":{\"@id\":\"https:\/\/dumoulin.absoludev.ca\/#organization\"},\"potentialAction\":[{\"@type\":\"SearchAction\",\"target\":{\"@type\":\"EntryPoint\",\"urlTemplate\":\"https:\/\/dumoulin.absoludev.ca\/?s={search_term_string}\"},\"query-input\":{\"@type\":\"PropertyValueSpecification\",\"valueRequired\":true,\"valueName\":\"search_term_string\"}}],\"inLanguage\":\"en-US\"},{\"@type\":\"Organization\",\"@id\":\"https:\/\/dumoulin.absoludev.ca\/#organization\",\"name\":\"Dumoulin Bicyclettes\",\"url\":\"https:\/\/dumoulin.absoludev.ca\/\",\"logo\":{\"@type\":\"ImageObject\",\"inLanguage\":\"en-US\",\"@id\":\"https:\/\/dumoulin.absoludev.ca\/#\/schema\/logo\/image\/\",\"url\":\"https:\/\/www.dumoulinbicyclettes.com\/wp-content\/uploads\/2021\/04\/Logo.svg\",\"contentUrl\":\"https:\/\/www.dumoulinbicyclettes.com\/wp-content\/uploads\/2021\/04\/Logo.svg\",\"width\":254,\"height\":86,\"caption\":\"Dumoulin Bicyclettes\"},\"image\":{\"@id\":\"https:\/\/dumoulin.absoludev.ca\/#\/schema\/logo\/image\/\"},\"sameAs\":[\"https:\/\/www.facebook.com\/dumoulinbicyclettes\",\"https:\/\/www.instagram.com\/dumoulin.ca\/\",\"https:\/\/www.youtube.com\/user\/dumoulinbicyclettes\"]}]}<\/script>\n<!-- \/ Yoast SEO plugin. -->","yoast_head_json":{"title":"Cadenas pliant Abus Bordo 6000K (120cm) avec support SH - Dumoulin Bicyclettes","description":"Faites confiance \u00e0 la qualit\u00e9 du classique: l\u2019antivol pliable Abus Bordo 6000K offre une bonne protection contre le vol et une maniabilit\u00e9 pratique.","robots":{"index":"noindex","follow":"follow","max-snippet":"max-snippet:-1","max-image-preview":"max-image-preview:large","max-video-preview":"max-video-preview:-1"},"og_locale":"en_US","og_type":"article","og_title":"Cadenas pliant Abus Bordo 6000K (120cm) avec support SH - Dumoulin Bicyclettes","og_description":"Faites confiance \u00e0 la qualit\u00e9 du classique: l\u2019antivol pliable Abus Bordo 6000K offre une bonne protection contre le vol et une maniabilit\u00e9 pratique.","og_url":"https:\/\/dumoulin.absoludev.ca\/produit\/cadenas-abus-bordo-6000k\/","og_site_name":"Dumoulin Bicyclettes","article_publisher":"https:\/\/www.facebook.com\/dumoulinbicyclettes","article_modified_time":"2025-09-04T18:21:11+00:00","og_image":[{"width":640,"height":1590,"url":"https:\/\/dumoulin.absoludev.ca\/wp-content\/uploads\/2024\/12\/cadenas-pliant-abus-bordo-6000k-120cm-dumoulin-bicyclettes-montreal-1.png","type":"image\/png"}],"twitter_card":"summary_large_image","twitter_misc":{"Est. reading time":"1 minute"},"schema":{"@context":"https:\/\/schema.org","@graph":[{"@type":"WebPage","@id":"https:\/\/dumoulin.absoludev.ca\/produit\/cadenas-abus-bordo-6000k\/","url":"https:\/\/dumoulin.absoludev.ca\/produit\/cadenas-abus-bordo-6000k\/","name":"Cadenas pliant Abus Bordo 6000K (120cm) avec support SH - Dumoulin Bicyclettes","isPartOf":{"@id":"https:\/\/dumoulin.absoludev.ca\/#website"},"primaryImageOfPage":{"@id":"https:\/\/dumoulin.absoludev.ca\/produit\/cadenas-abus-bordo-6000k\/#primaryimage"},"image":{"@id":"https:\/\/dumoulin.absoludev.ca\/produit\/cadenas-abus-bordo-6000k\/#primaryimage"},"thumbnailUrl":"https:\/\/dumoulin.absoludev.ca\/wp-content\/uploads\/2024\/12\/cadenas-pliant-abus-bordo-6000k-120cm-dumoulin-bicyclettes-montreal-1.png","datePublished":"2024-12-10T19:10:18+00:00","dateModified":"2025-09-04T18:21:11+00:00","description":"Faites confiance \u00e0 la qualit\u00e9 du classique: l\u2019antivol pliable Abus Bordo 6000K offre une bonne protection contre le vol et une maniabilit\u00e9 pratique.","breadcrumb":{"@id":"https:\/\/dumoulin.absoludev.ca\/produit\/cadenas-abus-bordo-6000k\/#breadcrumb"},"inLanguage":"en-US","potentialAction":[{"@type":"ReadAction","target":["https:\/\/dumoulin.absoludev.ca\/produit\/cadenas-abus-bordo-6000k\/"]}]},{"@type":"ImageObject","inLanguage":"en-US","@id":"https:\/\/dumoulin.absoludev.ca\/produit\/cadenas-abus-bordo-6000k\/#primaryimage","url":"https:\/\/dumoulin.absoludev.ca\/wp-content\/uploads\/2024\/12\/cadenas-pliant-abus-bordo-6000k-120cm-dumoulin-bicyclettes-montreal-1.png","contentUrl":"https:\/\/dumoulin.absoludev.ca\/wp-content\/uploads\/2024\/12\/cadenas-pliant-abus-bordo-6000k-120cm-dumoulin-bicyclettes-montreal-1.png","width":640,"height":1590},{"@type":"BreadcrumbList","@id":"https:\/\/dumoulin.absoludev.ca\/produit\/cadenas-abus-bordo-6000k\/#breadcrumb","itemListElement":[{"@type":"ListItem","position":1,"name":"Home","item":"https:\/\/dumoulin.absoludev.ca\/en\/"},{"@type":"ListItem","position":2,"name":"Shop","item":"https:\/\/dumoulin.absoludev.ca\/en\/shop\/"},{"@type":"ListItem","position":3,"name":"Cadenas pliant Abus Bordo 6000K (120cm) avec support SH"}]},{"@type":"WebSite","@id":"https:\/\/dumoulin.absoludev.ca\/#website","url":"https:\/\/dumoulin.absoludev.ca\/","name":"Dumoulin Bicyclettes","description":"","publisher":{"@id":"https:\/\/dumoulin.absoludev.ca\/#organization"},"potentialAction":[{"@type":"SearchAction","target":{"@type":"EntryPoint","urlTemplate":"https:\/\/dumoulin.absoludev.ca\/?s={search_term_string}"},"query-input":{"@type":"PropertyValueSpecification","valueRequired":true,"valueName":"search_term_string"}}],"inLanguage":"en-US"},{"@type":"Organization","@id":"https:\/\/dumoulin.absoludev.ca\/#organization","name":"Dumoulin Bicyclettes","url":"https:\/\/dumoulin.absoludev.ca\/","logo":{"@type":"ImageObject","inLanguage":"en-US","@id":"https:\/\/dumoulin.absoludev.ca\/#\/schema\/logo\/image\/","url":"https:\/\/www.dumoulinbicyclettes.com\/wp-content\/uploads\/2021\/04\/Logo.svg","contentUrl":"https:\/\/www.dumoulinbicyclettes.com\/wp-content\/uploads\/2021\/04\/Logo.svg","width":254,"height":86,"caption":"Dumoulin Bicyclettes"},"image":{"@id":"https:\/\/dumoulin.absoludev.ca\/#\/schema\/logo\/image\/"},"sameAs":["https:\/\/www.facebook.com\/dumoulinbicyclettes","https:\/\/www.instagram.com\/dumoulin.ca\/","https:\/\/www.youtube.com\/user\/dumoulinbicyclettes"]}]}},"_links":{"self":[{"href":"https:\/\/dumoulin.absoludev.ca\/en\/wp-json\/wp\/v2\/product\/509160","targetHints":{"allow":["GET"]}}],"collection":[{"href":"https:\/\/dumoulin.absoludev.ca\/en\/wp-json\/wp\/v2\/product"}],"about":[{"href":"https:\/\/dumoulin.absoludev.ca\/en\/wp-json\/wp\/v2\/types\/product"}],"wp:featuredmedia":[{"embeddable":true,"href":"https:\/\/dumoulin.absoludev.ca\/en\/wp-json\/wp\/v2\/media\/514184"}],"wp:attachment":[{"href":"https:\/\/dumoulin.absoludev.ca\/en\/wp-json\/wp\/v2\/media?parent=509160"}],"wp:term":[{"taxonomy":"product_brand","embeddable":true,"href":"https:\/\/dumoulin.absoludev.ca\/en\/wp-json\/wp\/v2\/product_brand?post=509160"},{"taxonomy":"product_cat","embeddable":true,"href":"https:\/\/dumoulin.absoludev.ca\/en\/wp-json\/wp\/v2\/product_cat?post=509160"},{"taxonomy":"product_tag","embeddable":true,"href":"https:\/\/dumoulin.absoludev.ca\/en\/wp-json\/wp\/v2\/product_tag?post=509160"},{"taxonomy":"marque-produit","embeddable":true,"href":"https:\/\/dumoulin.absoludev.ca\/en\/wp-json\/wp\/v2\/marque-produit?post=509160"},{"taxonomy":"collection-produit","embeddable":true,"href":"https:\/\/dumoulin.absoludev.ca\/en\/wp-json\/wp\/v2\/collection-produit?post=509160"},{"taxonomy":"type-surface-produit","embeddable":true,"href":"https:\/\/dumoulin.absoludev.ca\/en\/wp-json\/wp\/v2\/type-surface-produit?post=509160"},{"taxonomy":"type-velo-produit","embeddable":true,"href":"https:\/\/dumoulin.absoludev.ca\/en\/wp-json\/wp\/v2\/type-velo-produit?post=509160"},{"taxonomy":"vetement-produit","embeddable":true,"href":"https:\/\/dumoulin.absoludev.ca\/en\/wp-json\/wp\/v2\/vetement-produit?post=509160"},{"taxonomy":"thematique-produit","embeddable":true,"href":"https:\/\/dumoulin.absoludev.ca\/en\/wp-json\/wp\/v2\/thematique-produit?post=509160"},{"taxonomy":"position-sur-le-v\u00e9lo","embeddable":true,"href":"https:\/\/dumoulin.absoludev.ca\/en\/wp-json\/wp\/v2\/position-sur-le-v\u00e9lo?post=509160"}],"curies":[{"name":"wp","href":"https:\/\/api.w.org\/{rel}","templated":true}]}}