{"id":508996,"date":"2024-12-10T13:09:34","date_gmt":"2024-12-10T18:09:34","guid":{"rendered":"http:\/\/www.dumoulinbicyclettes.com\/?post_type=product&#038;p=508996"},"modified":"2025-09-04T14:21:20","modified_gmt":"2025-09-04T18:21:20","slug":"cadenas-abus-super-extreme-2500-xplus","status":"publish","type":"product","link":"https:\/\/dumoulin.absoludev.ca\/en\/produit\/cadenas-abus-super-extreme-2500-xplus\/","title":{"rendered":"Cadenas en U Abus &#8220;Super Extreme 2500 XPlus&#8221;"},"content":{"rendered":"<p>Protection haut de gamme pour votre v\u00e9lo : le cadenas en U Abus &#8220;Super Extreme 2500 XPlus&#8221; donne du fil \u00e0 retordre m\u00eame aux voleurs les plus brutaux. Il offre la meilleure r\u00e9sistance possible contre les attaques avec des meuleuses \u00e9lectriques sans fil. Un essentiel pour les v\u00e9los de grande valeur et\/ou dans les zones o\u00f9 les risque de vol est \u00e9lev\u00e9.<\/p>\n","protected":false},"excerpt":{"rendered":"<p>Protection haut de gamme pour votre v\u00e9lo : le cadenas en U Abus &#8220;Super Extreme 2500 XPlus&#8221; donne du fil \u00e0 retordre m\u00eame aux voleurs les plus brutaux. Il offre la meilleure r\u00e9sistance possible contre les attaques avec des meuleuses \u00e9lectriques sans fil. Un essentiel pour les v\u00e9los de grande valeur et\/ou dans les zones [&hellip;]<\/p>\n","protected":false},"featured_media":513878,"template":"","meta":{"_acf_changed":false},"product_brand":[],"product_cat":[190,204],"product_tag":[2478,2321,3288,3260,3289],"marque-produit":[1417],"collection-produit":[],"type-surface-produit":[],"type-velo-produit":[],"vetement-produit":[],"thematique-produit":[],"position-sur-le-v\u00e9lo":[],"class_list":{"0":"post-508996","1":"product","2":"type-product","3":"status-publish","4":"has-post-thumbnail","6":"product_cat-cadenas","7":"product_cat-cadenas-en-u","8":"product_tag-abus","9":"product_tag-cadenas","10":"product_tag-super-extreme-2500","11":"product_tag-u","12":"product_tag-xplus","13":"marque-produit-abus","15":"first","16":"instock","17":"taxable","18":"shipping-taxable","19":"purchasable","20":"product-type-variable"},"acf":[],"yoast_head":"<!-- This site is optimized with the Yoast SEO plugin v24.3 - https:\/\/yoast.com\/wordpress\/plugins\/seo\/ -->\n<title>Cadenas en U Abus &quot;Super Extreme 2500 XPlus&quot; - Dumoulin Bicyclettes<\/title>\n<meta name=\"description\" content=\"Protection haut de gamme pour les deux roues : le cadenas en U Abus &quot;Super Extreme 2500 XPlus&quot; donne du fil \u00e0 retordre m\u00eame aux voleurs les plus brutaux.\" \/>\n<meta name=\"robots\" content=\"noindex, follow, max-snippet:-1, max-image-preview:large, max-video-preview:-1\" \/>\n<meta property=\"og:locale\" content=\"en_US\" \/>\n<meta property=\"og:type\" content=\"article\" \/>\n<meta property=\"og:title\" content=\"Cadenas en U Abus &quot;Super Extreme 2500 XPlus&quot; - Dumoulin Bicyclettes\" \/>\n<meta property=\"og:description\" content=\"Protection haut de gamme pour les deux roues : le cadenas en U Abus &quot;Super Extreme 2500 XPlus&quot; donne du fil \u00e0 retordre m\u00eame aux voleurs les plus brutaux.\" \/>\n<meta property=\"og:url\" content=\"https:\/\/dumoulin.absoludev.ca\/produit\/cadenas-abus-super-extreme-2500-xplus\/\" \/>\n<meta property=\"og:site_name\" content=\"Dumoulin Bicyclettes\" \/>\n<meta property=\"article:publisher\" content=\"https:\/\/www.facebook.com\/dumoulinbicyclettes\" \/>\n<meta property=\"article:modified_time\" content=\"2025-09-04T18:21:20+00:00\" \/>\n<meta property=\"og:image\" content=\"https:\/\/dumoulin.absoludev.ca\/wp-content\/uploads\/2024\/12\/cadenas-en-u-abus-super-extreme-2500-xplus-dumoulin-bicyclettes-montreal.png\" \/>\n\t<meta property=\"og:image:width\" content=\"640\" \/>\n\t<meta property=\"og:image:height\" content=\"1131\" \/>\n\t<meta property=\"og:image:type\" content=\"image\/png\" \/>\n<meta name=\"twitter:card\" content=\"summary_large_image\" \/>\n<meta name=\"twitter:label1\" content=\"Est. reading time\" \/>\n\t<meta name=\"twitter:data1\" content=\"1 minute\" \/>\n<script type=\"application\/ld+json\" class=\"yoast-schema-graph\">{\"@context\":\"https:\/\/schema.org\",\"@graph\":[{\"@type\":\"WebPage\",\"@id\":\"https:\/\/dumoulin.absoludev.ca\/produit\/cadenas-abus-super-extreme-2500-xplus\/\",\"url\":\"https:\/\/dumoulin.absoludev.ca\/produit\/cadenas-abus-super-extreme-2500-xplus\/\",\"name\":\"Cadenas en U Abus \\\"Super Extreme 2500 XPlus\\\" - Dumoulin Bicyclettes\",\"isPartOf\":{\"@id\":\"https:\/\/dumoulin.absoludev.ca\/#website\"},\"primaryImageOfPage\":{\"@id\":\"https:\/\/dumoulin.absoludev.ca\/produit\/cadenas-abus-super-extreme-2500-xplus\/#primaryimage\"},\"image\":{\"@id\":\"https:\/\/dumoulin.absoludev.ca\/produit\/cadenas-abus-super-extreme-2500-xplus\/#primaryimage\"},\"thumbnailUrl\":\"https:\/\/dumoulin.absoludev.ca\/wp-content\/uploads\/2024\/12\/cadenas-en-u-abus-super-extreme-2500-xplus-dumoulin-bicyclettes-montreal.png\",\"datePublished\":\"2024-12-10T18:09:34+00:00\",\"dateModified\":\"2025-09-04T18:21:20+00:00\",\"description\":\"Protection haut de gamme pour les deux roues : le cadenas en U Abus \\\"Super Extreme 2500 XPlus\\\" donne du fil \u00e0 retordre m\u00eame aux voleurs les plus brutaux.\",\"breadcrumb\":{\"@id\":\"https:\/\/dumoulin.absoludev.ca\/produit\/cadenas-abus-super-extreme-2500-xplus\/#breadcrumb\"},\"inLanguage\":\"en-US\",\"potentialAction\":[{\"@type\":\"ReadAction\",\"target\":[\"https:\/\/dumoulin.absoludev.ca\/produit\/cadenas-abus-super-extreme-2500-xplus\/\"]}]},{\"@type\":\"ImageObject\",\"inLanguage\":\"en-US\",\"@id\":\"https:\/\/dumoulin.absoludev.ca\/produit\/cadenas-abus-super-extreme-2500-xplus\/#primaryimage\",\"url\":\"https:\/\/dumoulin.absoludev.ca\/wp-content\/uploads\/2024\/12\/cadenas-en-u-abus-super-extreme-2500-xplus-dumoulin-bicyclettes-montreal.png\",\"contentUrl\":\"https:\/\/dumoulin.absoludev.ca\/wp-content\/uploads\/2024\/12\/cadenas-en-u-abus-super-extreme-2500-xplus-dumoulin-bicyclettes-montreal.png\",\"width\":640,\"height\":1131},{\"@type\":\"BreadcrumbList\",\"@id\":\"https:\/\/dumoulin.absoludev.ca\/produit\/cadenas-abus-super-extreme-2500-xplus\/#breadcrumb\",\"itemListElement\":[{\"@type\":\"ListItem\",\"position\":1,\"name\":\"Home\",\"item\":\"https:\/\/dumoulin.absoludev.ca\/en\/\"},{\"@type\":\"ListItem\",\"position\":2,\"name\":\"Shop\",\"item\":\"https:\/\/dumoulin.absoludev.ca\/en\/shop\/\"},{\"@type\":\"ListItem\",\"position\":3,\"name\":\"Cadenas en U Abus \u00ab\u00a0Super Extreme 2500 XPlus\u00a0\u00bb\"}]},{\"@type\":\"WebSite\",\"@id\":\"https:\/\/dumoulin.absoludev.ca\/#website\",\"url\":\"https:\/\/dumoulin.absoludev.ca\/\",\"name\":\"Dumoulin Bicyclettes\",\"description\":\"\",\"publisher\":{\"@id\":\"https:\/\/dumoulin.absoludev.ca\/#organization\"},\"potentialAction\":[{\"@type\":\"SearchAction\",\"target\":{\"@type\":\"EntryPoint\",\"urlTemplate\":\"https:\/\/dumoulin.absoludev.ca\/?s={search_term_string}\"},\"query-input\":{\"@type\":\"PropertyValueSpecification\",\"valueRequired\":true,\"valueName\":\"search_term_string\"}}],\"inLanguage\":\"en-US\"},{\"@type\":\"Organization\",\"@id\":\"https:\/\/dumoulin.absoludev.ca\/#organization\",\"name\":\"Dumoulin Bicyclettes\",\"url\":\"https:\/\/dumoulin.absoludev.ca\/\",\"logo\":{\"@type\":\"ImageObject\",\"inLanguage\":\"en-US\",\"@id\":\"https:\/\/dumoulin.absoludev.ca\/#\/schema\/logo\/image\/\",\"url\":\"https:\/\/www.dumoulinbicyclettes.com\/wp-content\/uploads\/2021\/04\/Logo.svg\",\"contentUrl\":\"https:\/\/www.dumoulinbicyclettes.com\/wp-content\/uploads\/2021\/04\/Logo.svg\",\"width\":254,\"height\":86,\"caption\":\"Dumoulin Bicyclettes\"},\"image\":{\"@id\":\"https:\/\/dumoulin.absoludev.ca\/#\/schema\/logo\/image\/\"},\"sameAs\":[\"https:\/\/www.facebook.com\/dumoulinbicyclettes\",\"https:\/\/www.instagram.com\/dumoulin.ca\/\",\"https:\/\/www.youtube.com\/user\/dumoulinbicyclettes\"]}]}<\/script>\n<!-- \/ Yoast SEO plugin. -->","yoast_head_json":{"title":"Cadenas en U Abus \"Super Extreme 2500 XPlus\" - Dumoulin Bicyclettes","description":"Protection haut de gamme pour les deux roues : le cadenas en U Abus \"Super Extreme 2500 XPlus\" donne du fil \u00e0 retordre m\u00eame aux voleurs les plus brutaux.","robots":{"index":"noindex","follow":"follow","max-snippet":"max-snippet:-1","max-image-preview":"max-image-preview:large","max-video-preview":"max-video-preview:-1"},"og_locale":"en_US","og_type":"article","og_title":"Cadenas en U Abus \"Super Extreme 2500 XPlus\" - Dumoulin Bicyclettes","og_description":"Protection haut de gamme pour les deux roues : le cadenas en U Abus \"Super Extreme 2500 XPlus\" donne du fil \u00e0 retordre m\u00eame aux voleurs les plus brutaux.","og_url":"https:\/\/dumoulin.absoludev.ca\/produit\/cadenas-abus-super-extreme-2500-xplus\/","og_site_name":"Dumoulin Bicyclettes","article_publisher":"https:\/\/www.facebook.com\/dumoulinbicyclettes","article_modified_time":"2025-09-04T18:21:20+00:00","og_image":[{"width":640,"height":1131,"url":"https:\/\/dumoulin.absoludev.ca\/wp-content\/uploads\/2024\/12\/cadenas-en-u-abus-super-extreme-2500-xplus-dumoulin-bicyclettes-montreal.png","type":"image\/png"}],"twitter_card":"summary_large_image","twitter_misc":{"Est. reading time":"1 minute"},"schema":{"@context":"https:\/\/schema.org","@graph":[{"@type":"WebPage","@id":"https:\/\/dumoulin.absoludev.ca\/produit\/cadenas-abus-super-extreme-2500-xplus\/","url":"https:\/\/dumoulin.absoludev.ca\/produit\/cadenas-abus-super-extreme-2500-xplus\/","name":"Cadenas en U Abus \"Super Extreme 2500 XPlus\" - Dumoulin Bicyclettes","isPartOf":{"@id":"https:\/\/dumoulin.absoludev.ca\/#website"},"primaryImageOfPage":{"@id":"https:\/\/dumoulin.absoludev.ca\/produit\/cadenas-abus-super-extreme-2500-xplus\/#primaryimage"},"image":{"@id":"https:\/\/dumoulin.absoludev.ca\/produit\/cadenas-abus-super-extreme-2500-xplus\/#primaryimage"},"thumbnailUrl":"https:\/\/dumoulin.absoludev.ca\/wp-content\/uploads\/2024\/12\/cadenas-en-u-abus-super-extreme-2500-xplus-dumoulin-bicyclettes-montreal.png","datePublished":"2024-12-10T18:09:34+00:00","dateModified":"2025-09-04T18:21:20+00:00","description":"Protection haut de gamme pour les deux roues : le cadenas en U Abus \"Super Extreme 2500 XPlus\" donne du fil \u00e0 retordre m\u00eame aux voleurs les plus brutaux.","breadcrumb":{"@id":"https:\/\/dumoulin.absoludev.ca\/produit\/cadenas-abus-super-extreme-2500-xplus\/#breadcrumb"},"inLanguage":"en-US","potentialAction":[{"@type":"ReadAction","target":["https:\/\/dumoulin.absoludev.ca\/produit\/cadenas-abus-super-extreme-2500-xplus\/"]}]},{"@type":"ImageObject","inLanguage":"en-US","@id":"https:\/\/dumoulin.absoludev.ca\/produit\/cadenas-abus-super-extreme-2500-xplus\/#primaryimage","url":"https:\/\/dumoulin.absoludev.ca\/wp-content\/uploads\/2024\/12\/cadenas-en-u-abus-super-extreme-2500-xplus-dumoulin-bicyclettes-montreal.png","contentUrl":"https:\/\/dumoulin.absoludev.ca\/wp-content\/uploads\/2024\/12\/cadenas-en-u-abus-super-extreme-2500-xplus-dumoulin-bicyclettes-montreal.png","width":640,"height":1131},{"@type":"BreadcrumbList","@id":"https:\/\/dumoulin.absoludev.ca\/produit\/cadenas-abus-super-extreme-2500-xplus\/#breadcrumb","itemListElement":[{"@type":"ListItem","position":1,"name":"Home","item":"https:\/\/dumoulin.absoludev.ca\/en\/"},{"@type":"ListItem","position":2,"name":"Shop","item":"https:\/\/dumoulin.absoludev.ca\/en\/shop\/"},{"@type":"ListItem","position":3,"name":"Cadenas en U Abus \u00ab\u00a0Super Extreme 2500 XPlus\u00a0\u00bb"}]},{"@type":"WebSite","@id":"https:\/\/dumoulin.absoludev.ca\/#website","url":"https:\/\/dumoulin.absoludev.ca\/","name":"Dumoulin Bicyclettes","description":"","publisher":{"@id":"https:\/\/dumoulin.absoludev.ca\/#organization"},"potentialAction":[{"@type":"SearchAction","target":{"@type":"EntryPoint","urlTemplate":"https:\/\/dumoulin.absoludev.ca\/?s={search_term_string}"},"query-input":{"@type":"PropertyValueSpecification","valueRequired":true,"valueName":"search_term_string"}}],"inLanguage":"en-US"},{"@type":"Organization","@id":"https:\/\/dumoulin.absoludev.ca\/#organization","name":"Dumoulin Bicyclettes","url":"https:\/\/dumoulin.absoludev.ca\/","logo":{"@type":"ImageObject","inLanguage":"en-US","@id":"https:\/\/dumoulin.absoludev.ca\/#\/schema\/logo\/image\/","url":"https:\/\/www.dumoulinbicyclettes.com\/wp-content\/uploads\/2021\/04\/Logo.svg","contentUrl":"https:\/\/www.dumoulinbicyclettes.com\/wp-content\/uploads\/2021\/04\/Logo.svg","width":254,"height":86,"caption":"Dumoulin Bicyclettes"},"image":{"@id":"https:\/\/dumoulin.absoludev.ca\/#\/schema\/logo\/image\/"},"sameAs":["https:\/\/www.facebook.com\/dumoulinbicyclettes","https:\/\/www.instagram.com\/dumoulin.ca\/","https:\/\/www.youtube.com\/user\/dumoulinbicyclettes"]}]}},"_links":{"self":[{"href":"https:\/\/dumoulin.absoludev.ca\/en\/wp-json\/wp\/v2\/product\/508996","targetHints":{"allow":["GET"]}}],"collection":[{"href":"https:\/\/dumoulin.absoludev.ca\/en\/wp-json\/wp\/v2\/product"}],"about":[{"href":"https:\/\/dumoulin.absoludev.ca\/en\/wp-json\/wp\/v2\/types\/product"}],"wp:featuredmedia":[{"embeddable":true,"href":"https:\/\/dumoulin.absoludev.ca\/en\/wp-json\/wp\/v2\/media\/513878"}],"wp:attachment":[{"href":"https:\/\/dumoulin.absoludev.ca\/en\/wp-json\/wp\/v2\/media?parent=508996"}],"wp:term":[{"taxonomy":"product_brand","embeddable":true,"href":"https:\/\/dumoulin.absoludev.ca\/en\/wp-json\/wp\/v2\/product_brand?post=508996"},{"taxonomy":"product_cat","embeddable":true,"href":"https:\/\/dumoulin.absoludev.ca\/en\/wp-json\/wp\/v2\/product_cat?post=508996"},{"taxonomy":"product_tag","embeddable":true,"href":"https:\/\/dumoulin.absoludev.ca\/en\/wp-json\/wp\/v2\/product_tag?post=508996"},{"taxonomy":"marque-produit","embeddable":true,"href":"https:\/\/dumoulin.absoludev.ca\/en\/wp-json\/wp\/v2\/marque-produit?post=508996"},{"taxonomy":"collection-produit","embeddable":true,"href":"https:\/\/dumoulin.absoludev.ca\/en\/wp-json\/wp\/v2\/collection-produit?post=508996"},{"taxonomy":"type-surface-produit","embeddable":true,"href":"https:\/\/dumoulin.absoludev.ca\/en\/wp-json\/wp\/v2\/type-surface-produit?post=508996"},{"taxonomy":"type-velo-produit","embeddable":true,"href":"https:\/\/dumoulin.absoludev.ca\/en\/wp-json\/wp\/v2\/type-velo-produit?post=508996"},{"taxonomy":"vetement-produit","embeddable":true,"href":"https:\/\/dumoulin.absoludev.ca\/en\/wp-json\/wp\/v2\/vetement-produit?post=508996"},{"taxonomy":"thematique-produit","embeddable":true,"href":"https:\/\/dumoulin.absoludev.ca\/en\/wp-json\/wp\/v2\/thematique-produit?post=508996"},{"taxonomy":"position-sur-le-v\u00e9lo","embeddable":true,"href":"https:\/\/dumoulin.absoludev.ca\/en\/wp-json\/wp\/v2\/position-sur-le-v\u00e9lo?post=508996"}],"curies":[{"name":"wp","href":"https:\/\/api.w.org\/{rel}","templated":true}]}}