{"id":507445,"date":"2024-12-07T16:10:22","date_gmt":"2024-12-07T21:10:22","guid":{"rendered":"http:\/\/www.dumoulinbicyclettes.com\/?post_type=product&#038;p=507445"},"modified":"2025-09-04T14:21:17","modified_gmt":"2025-09-04T18:21:17","slug":"phare-son-edelux-ii-60-cm","status":"publish","type":"product","link":"https:\/\/dumoulin.absoludev.ca\/en\/produit\/phare-son-edelux-ii-60-cm\/","title":{"rendered":"Phare avant Son Edelux II, filage 60 cm"},"content":{"rendered":"<p>Ce phare avant puissant a \u00e9t\u00e9 con\u00e7u pour produire un faisceau lumineux homog\u00e8ne et bien d\u00e9limit\u00e9 pour vous fournir une visibilit\u00e9 optimale sans pour autant \u00e9blouir les autres usagers de la route. L\u2019Edelux II utilise un corps en aluminium usin\u00e9 et anodis\u00e9, pour un placement pr\u00e9cis de l\u2019\u00e9lectronique ainsi qu\u2019un refroidissement efficace et une \u00e9tanch\u00e9it\u00e9 optimale. Un phare performant, durable avec un grand confort d&#8217;utilisation.<\/p>\n","protected":false},"excerpt":{"rendered":"<p>Ce phare avant puissant a \u00e9t\u00e9 con\u00e7u pour produire un faisceau lumineux homog\u00e8ne et bien d\u00e9limit\u00e9 pour vous fournir une visibilit\u00e9 optimale sans pour autant \u00e9blouir les autres usagers de la route. L\u2019Edelux II utilise un corps en aluminium usin\u00e9 et anodis\u00e9, pour un placement pr\u00e9cis de l\u2019\u00e9lectronique ainsi qu\u2019un refroidissement efficace et une \u00e9tanch\u00e9it\u00e9 [&hellip;]<\/p>\n","protected":false},"featured_media":507448,"template":"","meta":{"_acf_changed":false},"product_brand":[],"product_cat":[210,192],"product_tag":[3206,2301,3207],"marque-produit":[1286],"collection-produit":[],"type-surface-produit":[],"type-velo-produit":[],"vetement-produit":[],"thematique-produit":[],"position-sur-le-v\u00e9lo":[],"class_list":{"0":"post-507445","1":"product","2":"type-product","3":"status-publish","4":"has-post-thumbnail","6":"product_cat-dynamos-moyeux-et-lumieres","7":"product_cat-visibilite","8":"product_tag-lumiere-avant","9":"product_tag-phare","10":"product_tag-son-edelux-ii","11":"marque-produit-son-schmidt-original-nabendynamo","13":"first","14":"outofstock","15":"taxable","16":"shipping-taxable","17":"purchasable","18":"product-type-variable"},"acf":[],"yoast_head":"<!-- This site is optimized with the Yoast SEO plugin v24.3 - https:\/\/yoast.com\/wordpress\/plugins\/seo\/ -->\n<title>Phare avant Son Edelux II, filage 60 cm - Dumoulin Bicyclettes<\/title>\n<meta name=\"description\" content=\"Le phare avant Son Edelux II produit un faisceau lumineux homog\u00e8ne et bien d\u00e9limit\u00e9 pour vous fournir une visibilit\u00e9 optimale.\" \/>\n<meta name=\"robots\" content=\"noindex, follow, max-snippet:-1, max-image-preview:large, max-video-preview:-1\" \/>\n<meta property=\"og:locale\" content=\"en_US\" \/>\n<meta property=\"og:type\" content=\"article\" \/>\n<meta property=\"og:title\" content=\"Phare avant Son Edelux II, filage 60 cm - Dumoulin Bicyclettes\" \/>\n<meta property=\"og:description\" content=\"Le phare avant Son Edelux II produit un faisceau lumineux homog\u00e8ne et bien d\u00e9limit\u00e9 pour vous fournir une visibilit\u00e9 optimale.\" \/>\n<meta property=\"og:url\" content=\"https:\/\/dumoulin.absoludev.ca\/produit\/phare-son-edelux-ii-60-cm\/\" \/>\n<meta property=\"og:site_name\" content=\"Dumoulin Bicyclettes\" \/>\n<meta property=\"article:publisher\" content=\"https:\/\/www.facebook.com\/dumoulinbicyclettes\" \/>\n<meta property=\"article:modified_time\" content=\"2025-09-04T18:21:17+00:00\" \/>\n<meta property=\"og:image\" content=\"https:\/\/dumoulin.absoludev.ca\/wp-content\/uploads\/2024\/12\/Phare_dynamo-SON-Edelux-II_schwarz_web.jpg\" \/>\n\t<meta property=\"og:image:width\" content=\"800\" \/>\n\t<meta property=\"og:image:height\" content=\"900\" \/>\n\t<meta property=\"og:image:type\" content=\"image\/jpeg\" \/>\n<meta name=\"twitter:card\" content=\"summary_large_image\" \/>\n<meta name=\"twitter:label1\" content=\"Est. reading time\" \/>\n\t<meta name=\"twitter:data1\" content=\"1 minute\" \/>\n<script type=\"application\/ld+json\" class=\"yoast-schema-graph\">{\"@context\":\"https:\/\/schema.org\",\"@graph\":[{\"@type\":\"WebPage\",\"@id\":\"https:\/\/dumoulin.absoludev.ca\/produit\/phare-son-edelux-ii-60-cm\/\",\"url\":\"https:\/\/dumoulin.absoludev.ca\/produit\/phare-son-edelux-ii-60-cm\/\",\"name\":\"Phare avant Son Edelux II, filage 60 cm - Dumoulin Bicyclettes\",\"isPartOf\":{\"@id\":\"https:\/\/dumoulin.absoludev.ca\/#website\"},\"primaryImageOfPage\":{\"@id\":\"https:\/\/dumoulin.absoludev.ca\/produit\/phare-son-edelux-ii-60-cm\/#primaryimage\"},\"image\":{\"@id\":\"https:\/\/dumoulin.absoludev.ca\/produit\/phare-son-edelux-ii-60-cm\/#primaryimage\"},\"thumbnailUrl\":\"https:\/\/dumoulin.absoludev.ca\/wp-content\/uploads\/2024\/12\/Phare_dynamo-SON-Edelux-II_schwarz_web.jpg\",\"datePublished\":\"2024-12-07T21:10:22+00:00\",\"dateModified\":\"2025-09-04T18:21:17+00:00\",\"description\":\"Le phare avant Son Edelux II produit un faisceau lumineux homog\u00e8ne et bien d\u00e9limit\u00e9 pour vous fournir une visibilit\u00e9 optimale.\",\"breadcrumb\":{\"@id\":\"https:\/\/dumoulin.absoludev.ca\/produit\/phare-son-edelux-ii-60-cm\/#breadcrumb\"},\"inLanguage\":\"en-US\",\"potentialAction\":[{\"@type\":\"ReadAction\",\"target\":[\"https:\/\/dumoulin.absoludev.ca\/produit\/phare-son-edelux-ii-60-cm\/\"]}]},{\"@type\":\"ImageObject\",\"inLanguage\":\"en-US\",\"@id\":\"https:\/\/dumoulin.absoludev.ca\/produit\/phare-son-edelux-ii-60-cm\/#primaryimage\",\"url\":\"https:\/\/dumoulin.absoludev.ca\/wp-content\/uploads\/2024\/12\/Phare_dynamo-SON-Edelux-II_schwarz_web.jpg\",\"contentUrl\":\"https:\/\/dumoulin.absoludev.ca\/wp-content\/uploads\/2024\/12\/Phare_dynamo-SON-Edelux-II_schwarz_web.jpg\",\"width\":800,\"height\":900},{\"@type\":\"BreadcrumbList\",\"@id\":\"https:\/\/dumoulin.absoludev.ca\/produit\/phare-son-edelux-ii-60-cm\/#breadcrumb\",\"itemListElement\":[{\"@type\":\"ListItem\",\"position\":1,\"name\":\"Home\",\"item\":\"https:\/\/dumoulin.absoludev.ca\/en\/\"},{\"@type\":\"ListItem\",\"position\":2,\"name\":\"Shop\",\"item\":\"https:\/\/dumoulin.absoludev.ca\/en\/shop\/\"},{\"@type\":\"ListItem\",\"position\":3,\"name\":\"Phare avant Son Edelux II, filage 60 cm\"}]},{\"@type\":\"WebSite\",\"@id\":\"https:\/\/dumoulin.absoludev.ca\/#website\",\"url\":\"https:\/\/dumoulin.absoludev.ca\/\",\"name\":\"Dumoulin Bicyclettes\",\"description\":\"\",\"publisher\":{\"@id\":\"https:\/\/dumoulin.absoludev.ca\/#organization\"},\"potentialAction\":[{\"@type\":\"SearchAction\",\"target\":{\"@type\":\"EntryPoint\",\"urlTemplate\":\"https:\/\/dumoulin.absoludev.ca\/?s={search_term_string}\"},\"query-input\":{\"@type\":\"PropertyValueSpecification\",\"valueRequired\":true,\"valueName\":\"search_term_string\"}}],\"inLanguage\":\"en-US\"},{\"@type\":\"Organization\",\"@id\":\"https:\/\/dumoulin.absoludev.ca\/#organization\",\"name\":\"Dumoulin Bicyclettes\",\"url\":\"https:\/\/dumoulin.absoludev.ca\/\",\"logo\":{\"@type\":\"ImageObject\",\"inLanguage\":\"en-US\",\"@id\":\"https:\/\/dumoulin.absoludev.ca\/#\/schema\/logo\/image\/\",\"url\":\"https:\/\/www.dumoulinbicyclettes.com\/wp-content\/uploads\/2021\/04\/Logo.svg\",\"contentUrl\":\"https:\/\/www.dumoulinbicyclettes.com\/wp-content\/uploads\/2021\/04\/Logo.svg\",\"width\":254,\"height\":86,\"caption\":\"Dumoulin Bicyclettes\"},\"image\":{\"@id\":\"https:\/\/dumoulin.absoludev.ca\/#\/schema\/logo\/image\/\"},\"sameAs\":[\"https:\/\/www.facebook.com\/dumoulinbicyclettes\",\"https:\/\/www.instagram.com\/dumoulin.ca\/\",\"https:\/\/www.youtube.com\/user\/dumoulinbicyclettes\"]}]}<\/script>\n<!-- \/ Yoast SEO plugin. -->","yoast_head_json":{"title":"Phare avant Son Edelux II, filage 60 cm - Dumoulin Bicyclettes","description":"Le phare avant Son Edelux II produit un faisceau lumineux homog\u00e8ne et bien d\u00e9limit\u00e9 pour vous fournir une visibilit\u00e9 optimale.","robots":{"index":"noindex","follow":"follow","max-snippet":"max-snippet:-1","max-image-preview":"max-image-preview:large","max-video-preview":"max-video-preview:-1"},"og_locale":"en_US","og_type":"article","og_title":"Phare avant Son Edelux II, filage 60 cm - Dumoulin Bicyclettes","og_description":"Le phare avant Son Edelux II produit un faisceau lumineux homog\u00e8ne et bien d\u00e9limit\u00e9 pour vous fournir une visibilit\u00e9 optimale.","og_url":"https:\/\/dumoulin.absoludev.ca\/produit\/phare-son-edelux-ii-60-cm\/","og_site_name":"Dumoulin Bicyclettes","article_publisher":"https:\/\/www.facebook.com\/dumoulinbicyclettes","article_modified_time":"2025-09-04T18:21:17+00:00","og_image":[{"width":800,"height":900,"url":"https:\/\/dumoulin.absoludev.ca\/wp-content\/uploads\/2024\/12\/Phare_dynamo-SON-Edelux-II_schwarz_web.jpg","type":"image\/jpeg"}],"twitter_card":"summary_large_image","twitter_misc":{"Est. reading time":"1 minute"},"schema":{"@context":"https:\/\/schema.org","@graph":[{"@type":"WebPage","@id":"https:\/\/dumoulin.absoludev.ca\/produit\/phare-son-edelux-ii-60-cm\/","url":"https:\/\/dumoulin.absoludev.ca\/produit\/phare-son-edelux-ii-60-cm\/","name":"Phare avant Son Edelux II, filage 60 cm - Dumoulin Bicyclettes","isPartOf":{"@id":"https:\/\/dumoulin.absoludev.ca\/#website"},"primaryImageOfPage":{"@id":"https:\/\/dumoulin.absoludev.ca\/produit\/phare-son-edelux-ii-60-cm\/#primaryimage"},"image":{"@id":"https:\/\/dumoulin.absoludev.ca\/produit\/phare-son-edelux-ii-60-cm\/#primaryimage"},"thumbnailUrl":"https:\/\/dumoulin.absoludev.ca\/wp-content\/uploads\/2024\/12\/Phare_dynamo-SON-Edelux-II_schwarz_web.jpg","datePublished":"2024-12-07T21:10:22+00:00","dateModified":"2025-09-04T18:21:17+00:00","description":"Le phare avant Son Edelux II produit un faisceau lumineux homog\u00e8ne et bien d\u00e9limit\u00e9 pour vous fournir une visibilit\u00e9 optimale.","breadcrumb":{"@id":"https:\/\/dumoulin.absoludev.ca\/produit\/phare-son-edelux-ii-60-cm\/#breadcrumb"},"inLanguage":"en-US","potentialAction":[{"@type":"ReadAction","target":["https:\/\/dumoulin.absoludev.ca\/produit\/phare-son-edelux-ii-60-cm\/"]}]},{"@type":"ImageObject","inLanguage":"en-US","@id":"https:\/\/dumoulin.absoludev.ca\/produit\/phare-son-edelux-ii-60-cm\/#primaryimage","url":"https:\/\/dumoulin.absoludev.ca\/wp-content\/uploads\/2024\/12\/Phare_dynamo-SON-Edelux-II_schwarz_web.jpg","contentUrl":"https:\/\/dumoulin.absoludev.ca\/wp-content\/uploads\/2024\/12\/Phare_dynamo-SON-Edelux-II_schwarz_web.jpg","width":800,"height":900},{"@type":"BreadcrumbList","@id":"https:\/\/dumoulin.absoludev.ca\/produit\/phare-son-edelux-ii-60-cm\/#breadcrumb","itemListElement":[{"@type":"ListItem","position":1,"name":"Home","item":"https:\/\/dumoulin.absoludev.ca\/en\/"},{"@type":"ListItem","position":2,"name":"Shop","item":"https:\/\/dumoulin.absoludev.ca\/en\/shop\/"},{"@type":"ListItem","position":3,"name":"Phare avant Son Edelux II, filage 60 cm"}]},{"@type":"WebSite","@id":"https:\/\/dumoulin.absoludev.ca\/#website","url":"https:\/\/dumoulin.absoludev.ca\/","name":"Dumoulin Bicyclettes","description":"","publisher":{"@id":"https:\/\/dumoulin.absoludev.ca\/#organization"},"potentialAction":[{"@type":"SearchAction","target":{"@type":"EntryPoint","urlTemplate":"https:\/\/dumoulin.absoludev.ca\/?s={search_term_string}"},"query-input":{"@type":"PropertyValueSpecification","valueRequired":true,"valueName":"search_term_string"}}],"inLanguage":"en-US"},{"@type":"Organization","@id":"https:\/\/dumoulin.absoludev.ca\/#organization","name":"Dumoulin Bicyclettes","url":"https:\/\/dumoulin.absoludev.ca\/","logo":{"@type":"ImageObject","inLanguage":"en-US","@id":"https:\/\/dumoulin.absoludev.ca\/#\/schema\/logo\/image\/","url":"https:\/\/www.dumoulinbicyclettes.com\/wp-content\/uploads\/2021\/04\/Logo.svg","contentUrl":"https:\/\/www.dumoulinbicyclettes.com\/wp-content\/uploads\/2021\/04\/Logo.svg","width":254,"height":86,"caption":"Dumoulin Bicyclettes"},"image":{"@id":"https:\/\/dumoulin.absoludev.ca\/#\/schema\/logo\/image\/"},"sameAs":["https:\/\/www.facebook.com\/dumoulinbicyclettes","https:\/\/www.instagram.com\/dumoulin.ca\/","https:\/\/www.youtube.com\/user\/dumoulinbicyclettes"]}]}},"_links":{"self":[{"href":"https:\/\/dumoulin.absoludev.ca\/en\/wp-json\/wp\/v2\/product\/507445","targetHints":{"allow":["GET"]}}],"collection":[{"href":"https:\/\/dumoulin.absoludev.ca\/en\/wp-json\/wp\/v2\/product"}],"about":[{"href":"https:\/\/dumoulin.absoludev.ca\/en\/wp-json\/wp\/v2\/types\/product"}],"wp:featuredmedia":[{"embeddable":true,"href":"https:\/\/dumoulin.absoludev.ca\/en\/wp-json\/wp\/v2\/media\/507448"}],"wp:attachment":[{"href":"https:\/\/dumoulin.absoludev.ca\/en\/wp-json\/wp\/v2\/media?parent=507445"}],"wp:term":[{"taxonomy":"product_brand","embeddable":true,"href":"https:\/\/dumoulin.absoludev.ca\/en\/wp-json\/wp\/v2\/product_brand?post=507445"},{"taxonomy":"product_cat","embeddable":true,"href":"https:\/\/dumoulin.absoludev.ca\/en\/wp-json\/wp\/v2\/product_cat?post=507445"},{"taxonomy":"product_tag","embeddable":true,"href":"https:\/\/dumoulin.absoludev.ca\/en\/wp-json\/wp\/v2\/product_tag?post=507445"},{"taxonomy":"marque-produit","embeddable":true,"href":"https:\/\/dumoulin.absoludev.ca\/en\/wp-json\/wp\/v2\/marque-produit?post=507445"},{"taxonomy":"collection-produit","embeddable":true,"href":"https:\/\/dumoulin.absoludev.ca\/en\/wp-json\/wp\/v2\/collection-produit?post=507445"},{"taxonomy":"type-surface-produit","embeddable":true,"href":"https:\/\/dumoulin.absoludev.ca\/en\/wp-json\/wp\/v2\/type-surface-produit?post=507445"},{"taxonomy":"type-velo-produit","embeddable":true,"href":"https:\/\/dumoulin.absoludev.ca\/en\/wp-json\/wp\/v2\/type-velo-produit?post=507445"},{"taxonomy":"vetement-produit","embeddable":true,"href":"https:\/\/dumoulin.absoludev.ca\/en\/wp-json\/wp\/v2\/vetement-produit?post=507445"},{"taxonomy":"thematique-produit","embeddable":true,"href":"https:\/\/dumoulin.absoludev.ca\/en\/wp-json\/wp\/v2\/thematique-produit?post=507445"},{"taxonomy":"position-sur-le-v\u00e9lo","embeddable":true,"href":"https:\/\/dumoulin.absoludev.ca\/en\/wp-json\/wp\/v2\/position-sur-le-v\u00e9lo?post=507445"}],"curies":[{"name":"wp","href":"https:\/\/api.w.org\/{rel}","templated":true}]}}