{"id":507164,"date":"2024-12-07T14:12:02","date_gmt":"2024-12-07T19:12:02","guid":{"rendered":"http:\/\/www.dumoulinbicyclettes.com\/?post_type=product&#038;p=507164"},"modified":"2025-09-04T14:16:14","modified_gmt":"2025-09-04T18:16:14","slug":"lumiere-arr-brompton-dynamo","status":"publish","type":"product","link":"https:\/\/dumoulin.absoludev.ca\/en\/produit\/lumiere-arr-brompton-dynamo\/","title":{"rendered":"Lumi\u00e8re arri\u00e8re Bompton Dynamo"},"content":{"rendered":"<p>Assurez votre visibilit\u00e9 et votre s\u00e9curit\u00e9 sur la route avec la lampe arri\u00e8re Brompton Dynamo. Ce feu arri\u00e8re de haute qualit\u00e9 est con\u00e7u pour fournir un \u00e9clairage lumineux et fiable, aliment\u00e9 par le syst\u00e8me de dynamo de votre v\u00e9lo. Sp\u00e9cialement con\u00e7ue pour les v\u00e9los Brompton, elle s&#8217;adapte et s&#8217;int\u00e8gre parfaitement \u00e0 votre \u00e9quipement existant. C&#8217;est l&#8217;assurance de ne plus jamais oublier votre lampe arri\u00e8re.<\/p>\n","protected":false},"excerpt":{"rendered":"<p>Assurez votre visibilit\u00e9 et votre s\u00e9curit\u00e9 sur la route avec la lampe arri\u00e8re Brompton Dynamo. Ce feu arri\u00e8re de haute qualit\u00e9 est con\u00e7u pour fournir un \u00e9clairage lumineux et fiable, aliment\u00e9 par le syst\u00e8me de dynamo de votre v\u00e9lo. Sp\u00e9cialement con\u00e7ue pour les v\u00e9los Brompton, elle s&#8217;adapte et s&#8217;int\u00e8gre parfaitement \u00e0 votre \u00e9quipement existant. C&#8217;est [&hellip;]<\/p>\n","protected":false},"featured_media":507165,"template":"","meta":{"_acf_changed":false},"product_brand":[],"product_cat":[184,210,192],"product_tag":[3250,2262,3217],"marque-produit":[153],"collection-produit":[2883,2885],"type-surface-produit":[],"type-velo-produit":[],"vetement-produit":[],"thematique-produit":[],"position-sur-le-v\u00e9lo":[],"class_list":{"0":"post-507164","1":"product","2":"type-product","3":"status-publish","4":"has-post-thumbnail","6":"product_cat-accessoires-pour-velo-pliable","7":"product_cat-dynamos-moyeux-et-lumieres","8":"product_cat-visibilite","9":"product_tag-bompton","10":"product_tag-dynamo","11":"product_tag-lumiere-arriere","12":"marque-produit-brompton","13":"collection-produit-brompton","14":"collection-produit-pieces-et-composantes","16":"first","17":"instock","18":"taxable","19":"shipping-taxable","20":"purchasable","21":"product-type-simple"},"acf":[],"yoast_head":"<!-- This site is optimized with the Yoast SEO plugin v24.3 - https:\/\/yoast.com\/wordpress\/plugins\/seo\/ -->\n<title>Lumi\u00e8re arri\u00e8re Bompton Dynamo - Dumoulin Bicyclettes<\/title>\n<meta name=\"description\" content=\"Assurez votre visibilit\u00e9 et votre s\u00e9curit\u00e9 sur la route avec la lampe arri\u00e8re Brompton Dynamo qui fournit un \u00e9clairage lumineux et fiable.\" \/>\n<meta name=\"robots\" content=\"noindex, follow, max-snippet:-1, max-image-preview:large, max-video-preview:-1\" \/>\n<meta property=\"og:locale\" content=\"en_US\" \/>\n<meta property=\"og:type\" content=\"article\" \/>\n<meta property=\"og:title\" content=\"Lumi\u00e8re arri\u00e8re Bompton Dynamo - Dumoulin Bicyclettes\" \/>\n<meta property=\"og:description\" content=\"Assurez votre visibilit\u00e9 et votre s\u00e9curit\u00e9 sur la route avec la lampe arri\u00e8re Brompton Dynamo qui fournit un \u00e9clairage lumineux et fiable.\" \/>\n<meta property=\"og:url\" content=\"https:\/\/dumoulin.absoludev.ca\/produit\/lumiere-arr-brompton-dynamo\/\" \/>\n<meta property=\"og:site_name\" content=\"Dumoulin Bicyclettes\" \/>\n<meta property=\"article:publisher\" content=\"https:\/\/www.facebook.com\/dumoulinbicyclettes\" \/>\n<meta property=\"article:modified_time\" content=\"2025-09-04T18:16:14+00:00\" \/>\n<meta property=\"og:image\" content=\"https:\/\/dumoulin.absoludev.ca\/wp-content\/uploads\/2024\/12\/LUMIERE-ARR.-BROMPTON-DYNAMO-dumoulin-bicyclettes-montreal.jpg\" \/>\n\t<meta property=\"og:image:width\" content=\"1280\" \/>\n\t<meta property=\"og:image:height\" content=\"855\" \/>\n\t<meta property=\"og:image:type\" content=\"image\/jpeg\" \/>\n<meta name=\"twitter:card\" content=\"summary_large_image\" \/>\n<meta name=\"twitter:label1\" content=\"Est. reading time\" \/>\n\t<meta name=\"twitter:data1\" content=\"1 minute\" \/>\n<script type=\"application\/ld+json\" class=\"yoast-schema-graph\">{\"@context\":\"https:\/\/schema.org\",\"@graph\":[{\"@type\":\"WebPage\",\"@id\":\"https:\/\/dumoulin.absoludev.ca\/produit\/lumiere-arr-brompton-dynamo\/\",\"url\":\"https:\/\/dumoulin.absoludev.ca\/produit\/lumiere-arr-brompton-dynamo\/\",\"name\":\"Lumi\u00e8re arri\u00e8re Bompton Dynamo - Dumoulin Bicyclettes\",\"isPartOf\":{\"@id\":\"https:\/\/dumoulin.absoludev.ca\/#website\"},\"primaryImageOfPage\":{\"@id\":\"https:\/\/dumoulin.absoludev.ca\/produit\/lumiere-arr-brompton-dynamo\/#primaryimage\"},\"image\":{\"@id\":\"https:\/\/dumoulin.absoludev.ca\/produit\/lumiere-arr-brompton-dynamo\/#primaryimage\"},\"thumbnailUrl\":\"https:\/\/dumoulin.absoludev.ca\/wp-content\/uploads\/2024\/12\/LUMIERE-ARR.-BROMPTON-DYNAMO-dumoulin-bicyclettes-montreal.jpg\",\"datePublished\":\"2024-12-07T19:12:02+00:00\",\"dateModified\":\"2025-09-04T18:16:14+00:00\",\"description\":\"Assurez votre visibilit\u00e9 et votre s\u00e9curit\u00e9 sur la route avec la lampe arri\u00e8re Brompton Dynamo qui fournit un \u00e9clairage lumineux et fiable.\",\"breadcrumb\":{\"@id\":\"https:\/\/dumoulin.absoludev.ca\/produit\/lumiere-arr-brompton-dynamo\/#breadcrumb\"},\"inLanguage\":\"en-US\",\"potentialAction\":[{\"@type\":\"ReadAction\",\"target\":[\"https:\/\/dumoulin.absoludev.ca\/produit\/lumiere-arr-brompton-dynamo\/\"]}]},{\"@type\":\"ImageObject\",\"inLanguage\":\"en-US\",\"@id\":\"https:\/\/dumoulin.absoludev.ca\/produit\/lumiere-arr-brompton-dynamo\/#primaryimage\",\"url\":\"https:\/\/dumoulin.absoludev.ca\/wp-content\/uploads\/2024\/12\/LUMIERE-ARR.-BROMPTON-DYNAMO-dumoulin-bicyclettes-montreal.jpg\",\"contentUrl\":\"https:\/\/dumoulin.absoludev.ca\/wp-content\/uploads\/2024\/12\/LUMIERE-ARR.-BROMPTON-DYNAMO-dumoulin-bicyclettes-montreal.jpg\",\"width\":1280,\"height\":855},{\"@type\":\"BreadcrumbList\",\"@id\":\"https:\/\/dumoulin.absoludev.ca\/produit\/lumiere-arr-brompton-dynamo\/#breadcrumb\",\"itemListElement\":[{\"@type\":\"ListItem\",\"position\":1,\"name\":\"Home\",\"item\":\"https:\/\/dumoulin.absoludev.ca\/en\/\"},{\"@type\":\"ListItem\",\"position\":2,\"name\":\"Shop\",\"item\":\"https:\/\/dumoulin.absoludev.ca\/en\/shop\/\"},{\"@type\":\"ListItem\",\"position\":3,\"name\":\"Lumi\u00e8re arri\u00e8re Bompton Dynamo\"}]},{\"@type\":\"WebSite\",\"@id\":\"https:\/\/dumoulin.absoludev.ca\/#website\",\"url\":\"https:\/\/dumoulin.absoludev.ca\/\",\"name\":\"Dumoulin Bicyclettes\",\"description\":\"\",\"publisher\":{\"@id\":\"https:\/\/dumoulin.absoludev.ca\/#organization\"},\"potentialAction\":[{\"@type\":\"SearchAction\",\"target\":{\"@type\":\"EntryPoint\",\"urlTemplate\":\"https:\/\/dumoulin.absoludev.ca\/?s={search_term_string}\"},\"query-input\":{\"@type\":\"PropertyValueSpecification\",\"valueRequired\":true,\"valueName\":\"search_term_string\"}}],\"inLanguage\":\"en-US\"},{\"@type\":\"Organization\",\"@id\":\"https:\/\/dumoulin.absoludev.ca\/#organization\",\"name\":\"Dumoulin Bicyclettes\",\"url\":\"https:\/\/dumoulin.absoludev.ca\/\",\"logo\":{\"@type\":\"ImageObject\",\"inLanguage\":\"en-US\",\"@id\":\"https:\/\/dumoulin.absoludev.ca\/#\/schema\/logo\/image\/\",\"url\":\"https:\/\/www.dumoulinbicyclettes.com\/wp-content\/uploads\/2021\/04\/Logo.svg\",\"contentUrl\":\"https:\/\/www.dumoulinbicyclettes.com\/wp-content\/uploads\/2021\/04\/Logo.svg\",\"width\":254,\"height\":86,\"caption\":\"Dumoulin Bicyclettes\"},\"image\":{\"@id\":\"https:\/\/dumoulin.absoludev.ca\/#\/schema\/logo\/image\/\"},\"sameAs\":[\"https:\/\/www.facebook.com\/dumoulinbicyclettes\",\"https:\/\/www.instagram.com\/dumoulin.ca\/\",\"https:\/\/www.youtube.com\/user\/dumoulinbicyclettes\"]}]}<\/script>\n<!-- \/ Yoast SEO plugin. -->","yoast_head_json":{"title":"Lumi\u00e8re arri\u00e8re Bompton Dynamo - Dumoulin Bicyclettes","description":"Assurez votre visibilit\u00e9 et votre s\u00e9curit\u00e9 sur la route avec la lampe arri\u00e8re Brompton Dynamo qui fournit un \u00e9clairage lumineux et fiable.","robots":{"index":"noindex","follow":"follow","max-snippet":"max-snippet:-1","max-image-preview":"max-image-preview:large","max-video-preview":"max-video-preview:-1"},"og_locale":"en_US","og_type":"article","og_title":"Lumi\u00e8re arri\u00e8re Bompton Dynamo - Dumoulin Bicyclettes","og_description":"Assurez votre visibilit\u00e9 et votre s\u00e9curit\u00e9 sur la route avec la lampe arri\u00e8re Brompton Dynamo qui fournit un \u00e9clairage lumineux et fiable.","og_url":"https:\/\/dumoulin.absoludev.ca\/produit\/lumiere-arr-brompton-dynamo\/","og_site_name":"Dumoulin Bicyclettes","article_publisher":"https:\/\/www.facebook.com\/dumoulinbicyclettes","article_modified_time":"2025-09-04T18:16:14+00:00","og_image":[{"width":1280,"height":855,"url":"https:\/\/dumoulin.absoludev.ca\/wp-content\/uploads\/2024\/12\/LUMIERE-ARR.-BROMPTON-DYNAMO-dumoulin-bicyclettes-montreal.jpg","type":"image\/jpeg"}],"twitter_card":"summary_large_image","twitter_misc":{"Est. reading time":"1 minute"},"schema":{"@context":"https:\/\/schema.org","@graph":[{"@type":"WebPage","@id":"https:\/\/dumoulin.absoludev.ca\/produit\/lumiere-arr-brompton-dynamo\/","url":"https:\/\/dumoulin.absoludev.ca\/produit\/lumiere-arr-brompton-dynamo\/","name":"Lumi\u00e8re arri\u00e8re Bompton Dynamo - Dumoulin Bicyclettes","isPartOf":{"@id":"https:\/\/dumoulin.absoludev.ca\/#website"},"primaryImageOfPage":{"@id":"https:\/\/dumoulin.absoludev.ca\/produit\/lumiere-arr-brompton-dynamo\/#primaryimage"},"image":{"@id":"https:\/\/dumoulin.absoludev.ca\/produit\/lumiere-arr-brompton-dynamo\/#primaryimage"},"thumbnailUrl":"https:\/\/dumoulin.absoludev.ca\/wp-content\/uploads\/2024\/12\/LUMIERE-ARR.-BROMPTON-DYNAMO-dumoulin-bicyclettes-montreal.jpg","datePublished":"2024-12-07T19:12:02+00:00","dateModified":"2025-09-04T18:16:14+00:00","description":"Assurez votre visibilit\u00e9 et votre s\u00e9curit\u00e9 sur la route avec la lampe arri\u00e8re Brompton Dynamo qui fournit un \u00e9clairage lumineux et fiable.","breadcrumb":{"@id":"https:\/\/dumoulin.absoludev.ca\/produit\/lumiere-arr-brompton-dynamo\/#breadcrumb"},"inLanguage":"en-US","potentialAction":[{"@type":"ReadAction","target":["https:\/\/dumoulin.absoludev.ca\/produit\/lumiere-arr-brompton-dynamo\/"]}]},{"@type":"ImageObject","inLanguage":"en-US","@id":"https:\/\/dumoulin.absoludev.ca\/produit\/lumiere-arr-brompton-dynamo\/#primaryimage","url":"https:\/\/dumoulin.absoludev.ca\/wp-content\/uploads\/2024\/12\/LUMIERE-ARR.-BROMPTON-DYNAMO-dumoulin-bicyclettes-montreal.jpg","contentUrl":"https:\/\/dumoulin.absoludev.ca\/wp-content\/uploads\/2024\/12\/LUMIERE-ARR.-BROMPTON-DYNAMO-dumoulin-bicyclettes-montreal.jpg","width":1280,"height":855},{"@type":"BreadcrumbList","@id":"https:\/\/dumoulin.absoludev.ca\/produit\/lumiere-arr-brompton-dynamo\/#breadcrumb","itemListElement":[{"@type":"ListItem","position":1,"name":"Home","item":"https:\/\/dumoulin.absoludev.ca\/en\/"},{"@type":"ListItem","position":2,"name":"Shop","item":"https:\/\/dumoulin.absoludev.ca\/en\/shop\/"},{"@type":"ListItem","position":3,"name":"Lumi\u00e8re arri\u00e8re Bompton Dynamo"}]},{"@type":"WebSite","@id":"https:\/\/dumoulin.absoludev.ca\/#website","url":"https:\/\/dumoulin.absoludev.ca\/","name":"Dumoulin Bicyclettes","description":"","publisher":{"@id":"https:\/\/dumoulin.absoludev.ca\/#organization"},"potentialAction":[{"@type":"SearchAction","target":{"@type":"EntryPoint","urlTemplate":"https:\/\/dumoulin.absoludev.ca\/?s={search_term_string}"},"query-input":{"@type":"PropertyValueSpecification","valueRequired":true,"valueName":"search_term_string"}}],"inLanguage":"en-US"},{"@type":"Organization","@id":"https:\/\/dumoulin.absoludev.ca\/#organization","name":"Dumoulin Bicyclettes","url":"https:\/\/dumoulin.absoludev.ca\/","logo":{"@type":"ImageObject","inLanguage":"en-US","@id":"https:\/\/dumoulin.absoludev.ca\/#\/schema\/logo\/image\/","url":"https:\/\/www.dumoulinbicyclettes.com\/wp-content\/uploads\/2021\/04\/Logo.svg","contentUrl":"https:\/\/www.dumoulinbicyclettes.com\/wp-content\/uploads\/2021\/04\/Logo.svg","width":254,"height":86,"caption":"Dumoulin Bicyclettes"},"image":{"@id":"https:\/\/dumoulin.absoludev.ca\/#\/schema\/logo\/image\/"},"sameAs":["https:\/\/www.facebook.com\/dumoulinbicyclettes","https:\/\/www.instagram.com\/dumoulin.ca\/","https:\/\/www.youtube.com\/user\/dumoulinbicyclettes"]}]}},"_links":{"self":[{"href":"https:\/\/dumoulin.absoludev.ca\/en\/wp-json\/wp\/v2\/product\/507164","targetHints":{"allow":["GET"]}}],"collection":[{"href":"https:\/\/dumoulin.absoludev.ca\/en\/wp-json\/wp\/v2\/product"}],"about":[{"href":"https:\/\/dumoulin.absoludev.ca\/en\/wp-json\/wp\/v2\/types\/product"}],"wp:featuredmedia":[{"embeddable":true,"href":"https:\/\/dumoulin.absoludev.ca\/en\/wp-json\/wp\/v2\/media\/507165"}],"wp:attachment":[{"href":"https:\/\/dumoulin.absoludev.ca\/en\/wp-json\/wp\/v2\/media?parent=507164"}],"wp:term":[{"taxonomy":"product_brand","embeddable":true,"href":"https:\/\/dumoulin.absoludev.ca\/en\/wp-json\/wp\/v2\/product_brand?post=507164"},{"taxonomy":"product_cat","embeddable":true,"href":"https:\/\/dumoulin.absoludev.ca\/en\/wp-json\/wp\/v2\/product_cat?post=507164"},{"taxonomy":"product_tag","embeddable":true,"href":"https:\/\/dumoulin.absoludev.ca\/en\/wp-json\/wp\/v2\/product_tag?post=507164"},{"taxonomy":"marque-produit","embeddable":true,"href":"https:\/\/dumoulin.absoludev.ca\/en\/wp-json\/wp\/v2\/marque-produit?post=507164"},{"taxonomy":"collection-produit","embeddable":true,"href":"https:\/\/dumoulin.absoludev.ca\/en\/wp-json\/wp\/v2\/collection-produit?post=507164"},{"taxonomy":"type-surface-produit","embeddable":true,"href":"https:\/\/dumoulin.absoludev.ca\/en\/wp-json\/wp\/v2\/type-surface-produit?post=507164"},{"taxonomy":"type-velo-produit","embeddable":true,"href":"https:\/\/dumoulin.absoludev.ca\/en\/wp-json\/wp\/v2\/type-velo-produit?post=507164"},{"taxonomy":"vetement-produit","embeddable":true,"href":"https:\/\/dumoulin.absoludev.ca\/en\/wp-json\/wp\/v2\/vetement-produit?post=507164"},{"taxonomy":"thematique-produit","embeddable":true,"href":"https:\/\/dumoulin.absoludev.ca\/en\/wp-json\/wp\/v2\/thematique-produit?post=507164"},{"taxonomy":"position-sur-le-v\u00e9lo","embeddable":true,"href":"https:\/\/dumoulin.absoludev.ca\/en\/wp-json\/wp\/v2\/position-sur-le-v\u00e9lo?post=507164"}],"curies":[{"name":"wp","href":"https:\/\/api.w.org\/{rel}","templated":true}]}}