{"id":507114,"date":"2024-12-07T13:13:06","date_gmt":"2024-12-07T18:13:06","guid":{"rendered":"http:\/\/www.dumoulinbicyclettes.com\/?post_type=product&#038;p=507114"},"modified":"2025-09-04T14:17:05","modified_gmt":"2025-09-04T18:17:05","slug":"cadenas-au-cadre-abus-amparo-pro-4750-xl","status":"publish","type":"product","link":"https:\/\/dumoulin.absoludev.ca\/en\/produit\/cadenas-au-cadre-abus-amparo-pro-4750-xl\/","title":{"rendered":"Cadenas au cadre Abus Amparo 4750 XL"},"content":{"rendered":"<p>Les antivols de cadre constituent la protection de base pour votre v\u00e9lo. Lorsque vous voulez faire un saut rapide \u00e0 la boulangerie par exemple, vous pouvez ainsi prot\u00e9ger de fa\u00e7on pratique votre v\u00e9lo d\u2019un vol \u00e0 la sauvette en un simple geste. Telle est la promesse de l&#8217;antivol de cadre 4750 qui a \u00e9t\u00e9 sp\u00e9cialement con\u00e7u pour les v\u00e9los avec un large passage de roue.<\/p>\n","protected":false},"excerpt":{"rendered":"<p>Les antivols de cadre constituent la protection de base pour votre v\u00e9lo. Lorsque vous voulez faire un saut rapide \u00e0 la boulangerie par exemple, vous pouvez ainsi prot\u00e9ger de fa\u00e7on pratique votre v\u00e9lo d\u2019un vol \u00e0 la sauvette en un simple geste. Telle est la promesse de l&#8217;antivol de cadre 4750 qui a \u00e9t\u00e9 sp\u00e9cialement [&hellip;]<\/p>\n","protected":false},"featured_media":509320,"template":"","meta":{"_acf_changed":false},"product_brand":[],"product_cat":[190,206],"product_tag":[3270,2478,3269,3268,3271],"marque-produit":[1417],"collection-produit":[],"type-surface-produit":[],"type-velo-produit":[],"vetement-produit":[],"thematique-produit":[],"position-sur-le-v\u00e9lo":[],"class_list":{"0":"post-507114","1":"product","2":"type-product","3":"status-publish","4":"has-post-thumbnail","6":"product_cat-cadenas","7":"product_cat-cadenas-de-roue","8":"product_tag-4750-xl","9":"product_tag-abus","10":"product_tag-amparo","11":"product_tag-cadenas-au-cadre","12":"product_tag-cale-roue","13":"marque-produit-abus","15":"first","16":"instock","17":"taxable","18":"shipping-taxable","19":"purchasable","20":"product-type-simple"},"acf":[],"yoast_head":"<!-- This site is optimized with the Yoast SEO plugin v24.3 - https:\/\/yoast.com\/wordpress\/plugins\/seo\/ -->\n<title>Cadenas au cadre Abus Amparo 4750 XL - Dumoulin Bicyclettes<\/title>\n<meta name=\"description\" content=\"Les antivols de cadre constituent la protection de base pour votre v\u00e9lo, id\u00e9als lorsque vous voulez faire un saut rapide \u00e0 la boulangerie par exemple.\" \/>\n<meta name=\"robots\" content=\"noindex, follow, max-snippet:-1, max-image-preview:large, max-video-preview:-1\" \/>\n<meta property=\"og:locale\" content=\"en_US\" \/>\n<meta property=\"og:type\" content=\"article\" \/>\n<meta property=\"og:title\" content=\"Cadenas au cadre Abus Amparo 4750 XL - Dumoulin Bicyclettes\" \/>\n<meta property=\"og:description\" content=\"Les antivols de cadre constituent la protection de base pour votre v\u00e9lo, id\u00e9als lorsque vous voulez faire un saut rapide \u00e0 la boulangerie par exemple.\" \/>\n<meta property=\"og:url\" content=\"https:\/\/dumoulin.absoludev.ca\/produit\/cadenas-au-cadre-abus-amparo-pro-4750-xl\/\" \/>\n<meta property=\"og:site_name\" content=\"Dumoulin Bicyclettes\" \/>\n<meta property=\"article:publisher\" content=\"https:\/\/www.facebook.com\/dumoulinbicyclettes\" \/>\n<meta property=\"article:modified_time\" content=\"2025-09-04T18:17:05+00:00\" \/>\n<meta property=\"og:image\" content=\"https:\/\/dumoulin.absoludev.ca\/wp-content\/uploads\/2024\/12\/cadenas-au-cadre-abus-amparo-pro-4750-xl-dumoulin-bicyclettes-montreal.png\" \/>\n\t<meta property=\"og:image:width\" content=\"640\" \/>\n\t<meta property=\"og:image:height\" content=\"666\" \/>\n\t<meta property=\"og:image:type\" content=\"image\/png\" \/>\n<meta name=\"twitter:card\" content=\"summary_large_image\" \/>\n<meta name=\"twitter:label1\" content=\"Est. reading time\" \/>\n\t<meta name=\"twitter:data1\" content=\"1 minute\" \/>\n<script type=\"application\/ld+json\" class=\"yoast-schema-graph\">{\"@context\":\"https:\/\/schema.org\",\"@graph\":[{\"@type\":\"WebPage\",\"@id\":\"https:\/\/dumoulin.absoludev.ca\/produit\/cadenas-au-cadre-abus-amparo-pro-4750-xl\/\",\"url\":\"https:\/\/dumoulin.absoludev.ca\/produit\/cadenas-au-cadre-abus-amparo-pro-4750-xl\/\",\"name\":\"Cadenas au cadre Abus Amparo 4750 XL - Dumoulin Bicyclettes\",\"isPartOf\":{\"@id\":\"https:\/\/dumoulin.absoludev.ca\/#website\"},\"primaryImageOfPage\":{\"@id\":\"https:\/\/dumoulin.absoludev.ca\/produit\/cadenas-au-cadre-abus-amparo-pro-4750-xl\/#primaryimage\"},\"image\":{\"@id\":\"https:\/\/dumoulin.absoludev.ca\/produit\/cadenas-au-cadre-abus-amparo-pro-4750-xl\/#primaryimage\"},\"thumbnailUrl\":\"https:\/\/dumoulin.absoludev.ca\/wp-content\/uploads\/2024\/12\/cadenas-au-cadre-abus-amparo-pro-4750-xl-dumoulin-bicyclettes-montreal.png\",\"datePublished\":\"2024-12-07T18:13:06+00:00\",\"dateModified\":\"2025-09-04T18:17:05+00:00\",\"description\":\"Les antivols de cadre constituent la protection de base pour votre v\u00e9lo, id\u00e9als lorsque vous voulez faire un saut rapide \u00e0 la boulangerie par exemple.\",\"breadcrumb\":{\"@id\":\"https:\/\/dumoulin.absoludev.ca\/produit\/cadenas-au-cadre-abus-amparo-pro-4750-xl\/#breadcrumb\"},\"inLanguage\":\"en-US\",\"potentialAction\":[{\"@type\":\"ReadAction\",\"target\":[\"https:\/\/dumoulin.absoludev.ca\/produit\/cadenas-au-cadre-abus-amparo-pro-4750-xl\/\"]}]},{\"@type\":\"ImageObject\",\"inLanguage\":\"en-US\",\"@id\":\"https:\/\/dumoulin.absoludev.ca\/produit\/cadenas-au-cadre-abus-amparo-pro-4750-xl\/#primaryimage\",\"url\":\"https:\/\/dumoulin.absoludev.ca\/wp-content\/uploads\/2024\/12\/cadenas-au-cadre-abus-amparo-pro-4750-xl-dumoulin-bicyclettes-montreal.png\",\"contentUrl\":\"https:\/\/dumoulin.absoludev.ca\/wp-content\/uploads\/2024\/12\/cadenas-au-cadre-abus-amparo-pro-4750-xl-dumoulin-bicyclettes-montreal.png\",\"width\":640,\"height\":666},{\"@type\":\"BreadcrumbList\",\"@id\":\"https:\/\/dumoulin.absoludev.ca\/produit\/cadenas-au-cadre-abus-amparo-pro-4750-xl\/#breadcrumb\",\"itemListElement\":[{\"@type\":\"ListItem\",\"position\":1,\"name\":\"Home\",\"item\":\"https:\/\/dumoulin.absoludev.ca\/en\/\"},{\"@type\":\"ListItem\",\"position\":2,\"name\":\"Shop\",\"item\":\"https:\/\/dumoulin.absoludev.ca\/en\/shop\/\"},{\"@type\":\"ListItem\",\"position\":3,\"name\":\"Cadenas au cadre Abus Amparo 4750 XL\"}]},{\"@type\":\"WebSite\",\"@id\":\"https:\/\/dumoulin.absoludev.ca\/#website\",\"url\":\"https:\/\/dumoulin.absoludev.ca\/\",\"name\":\"Dumoulin Bicyclettes\",\"description\":\"\",\"publisher\":{\"@id\":\"https:\/\/dumoulin.absoludev.ca\/#organization\"},\"potentialAction\":[{\"@type\":\"SearchAction\",\"target\":{\"@type\":\"EntryPoint\",\"urlTemplate\":\"https:\/\/dumoulin.absoludev.ca\/?s={search_term_string}\"},\"query-input\":{\"@type\":\"PropertyValueSpecification\",\"valueRequired\":true,\"valueName\":\"search_term_string\"}}],\"inLanguage\":\"en-US\"},{\"@type\":\"Organization\",\"@id\":\"https:\/\/dumoulin.absoludev.ca\/#organization\",\"name\":\"Dumoulin Bicyclettes\",\"url\":\"https:\/\/dumoulin.absoludev.ca\/\",\"logo\":{\"@type\":\"ImageObject\",\"inLanguage\":\"en-US\",\"@id\":\"https:\/\/dumoulin.absoludev.ca\/#\/schema\/logo\/image\/\",\"url\":\"https:\/\/www.dumoulinbicyclettes.com\/wp-content\/uploads\/2021\/04\/Logo.svg\",\"contentUrl\":\"https:\/\/www.dumoulinbicyclettes.com\/wp-content\/uploads\/2021\/04\/Logo.svg\",\"width\":254,\"height\":86,\"caption\":\"Dumoulin Bicyclettes\"},\"image\":{\"@id\":\"https:\/\/dumoulin.absoludev.ca\/#\/schema\/logo\/image\/\"},\"sameAs\":[\"https:\/\/www.facebook.com\/dumoulinbicyclettes\",\"https:\/\/www.instagram.com\/dumoulin.ca\/\",\"https:\/\/www.youtube.com\/user\/dumoulinbicyclettes\"]}]}<\/script>\n<!-- \/ Yoast SEO plugin. -->","yoast_head_json":{"title":"Cadenas au cadre Abus Amparo 4750 XL - Dumoulin Bicyclettes","description":"Les antivols de cadre constituent la protection de base pour votre v\u00e9lo, id\u00e9als lorsque vous voulez faire un saut rapide \u00e0 la boulangerie par exemple.","robots":{"index":"noindex","follow":"follow","max-snippet":"max-snippet:-1","max-image-preview":"max-image-preview:large","max-video-preview":"max-video-preview:-1"},"og_locale":"en_US","og_type":"article","og_title":"Cadenas au cadre Abus Amparo 4750 XL - Dumoulin Bicyclettes","og_description":"Les antivols de cadre constituent la protection de base pour votre v\u00e9lo, id\u00e9als lorsque vous voulez faire un saut rapide \u00e0 la boulangerie par exemple.","og_url":"https:\/\/dumoulin.absoludev.ca\/produit\/cadenas-au-cadre-abus-amparo-pro-4750-xl\/","og_site_name":"Dumoulin Bicyclettes","article_publisher":"https:\/\/www.facebook.com\/dumoulinbicyclettes","article_modified_time":"2025-09-04T18:17:05+00:00","og_image":[{"width":640,"height":666,"url":"https:\/\/dumoulin.absoludev.ca\/wp-content\/uploads\/2024\/12\/cadenas-au-cadre-abus-amparo-pro-4750-xl-dumoulin-bicyclettes-montreal.png","type":"image\/png"}],"twitter_card":"summary_large_image","twitter_misc":{"Est. reading time":"1 minute"},"schema":{"@context":"https:\/\/schema.org","@graph":[{"@type":"WebPage","@id":"https:\/\/dumoulin.absoludev.ca\/produit\/cadenas-au-cadre-abus-amparo-pro-4750-xl\/","url":"https:\/\/dumoulin.absoludev.ca\/produit\/cadenas-au-cadre-abus-amparo-pro-4750-xl\/","name":"Cadenas au cadre Abus Amparo 4750 XL - Dumoulin Bicyclettes","isPartOf":{"@id":"https:\/\/dumoulin.absoludev.ca\/#website"},"primaryImageOfPage":{"@id":"https:\/\/dumoulin.absoludev.ca\/produit\/cadenas-au-cadre-abus-amparo-pro-4750-xl\/#primaryimage"},"image":{"@id":"https:\/\/dumoulin.absoludev.ca\/produit\/cadenas-au-cadre-abus-amparo-pro-4750-xl\/#primaryimage"},"thumbnailUrl":"https:\/\/dumoulin.absoludev.ca\/wp-content\/uploads\/2024\/12\/cadenas-au-cadre-abus-amparo-pro-4750-xl-dumoulin-bicyclettes-montreal.png","datePublished":"2024-12-07T18:13:06+00:00","dateModified":"2025-09-04T18:17:05+00:00","description":"Les antivols de cadre constituent la protection de base pour votre v\u00e9lo, id\u00e9als lorsque vous voulez faire un saut rapide \u00e0 la boulangerie par exemple.","breadcrumb":{"@id":"https:\/\/dumoulin.absoludev.ca\/produit\/cadenas-au-cadre-abus-amparo-pro-4750-xl\/#breadcrumb"},"inLanguage":"en-US","potentialAction":[{"@type":"ReadAction","target":["https:\/\/dumoulin.absoludev.ca\/produit\/cadenas-au-cadre-abus-amparo-pro-4750-xl\/"]}]},{"@type":"ImageObject","inLanguage":"en-US","@id":"https:\/\/dumoulin.absoludev.ca\/produit\/cadenas-au-cadre-abus-amparo-pro-4750-xl\/#primaryimage","url":"https:\/\/dumoulin.absoludev.ca\/wp-content\/uploads\/2024\/12\/cadenas-au-cadre-abus-amparo-pro-4750-xl-dumoulin-bicyclettes-montreal.png","contentUrl":"https:\/\/dumoulin.absoludev.ca\/wp-content\/uploads\/2024\/12\/cadenas-au-cadre-abus-amparo-pro-4750-xl-dumoulin-bicyclettes-montreal.png","width":640,"height":666},{"@type":"BreadcrumbList","@id":"https:\/\/dumoulin.absoludev.ca\/produit\/cadenas-au-cadre-abus-amparo-pro-4750-xl\/#breadcrumb","itemListElement":[{"@type":"ListItem","position":1,"name":"Home","item":"https:\/\/dumoulin.absoludev.ca\/en\/"},{"@type":"ListItem","position":2,"name":"Shop","item":"https:\/\/dumoulin.absoludev.ca\/en\/shop\/"},{"@type":"ListItem","position":3,"name":"Cadenas au cadre Abus Amparo 4750 XL"}]},{"@type":"WebSite","@id":"https:\/\/dumoulin.absoludev.ca\/#website","url":"https:\/\/dumoulin.absoludev.ca\/","name":"Dumoulin Bicyclettes","description":"","publisher":{"@id":"https:\/\/dumoulin.absoludev.ca\/#organization"},"potentialAction":[{"@type":"SearchAction","target":{"@type":"EntryPoint","urlTemplate":"https:\/\/dumoulin.absoludev.ca\/?s={search_term_string}"},"query-input":{"@type":"PropertyValueSpecification","valueRequired":true,"valueName":"search_term_string"}}],"inLanguage":"en-US"},{"@type":"Organization","@id":"https:\/\/dumoulin.absoludev.ca\/#organization","name":"Dumoulin Bicyclettes","url":"https:\/\/dumoulin.absoludev.ca\/","logo":{"@type":"ImageObject","inLanguage":"en-US","@id":"https:\/\/dumoulin.absoludev.ca\/#\/schema\/logo\/image\/","url":"https:\/\/www.dumoulinbicyclettes.com\/wp-content\/uploads\/2021\/04\/Logo.svg","contentUrl":"https:\/\/www.dumoulinbicyclettes.com\/wp-content\/uploads\/2021\/04\/Logo.svg","width":254,"height":86,"caption":"Dumoulin Bicyclettes"},"image":{"@id":"https:\/\/dumoulin.absoludev.ca\/#\/schema\/logo\/image\/"},"sameAs":["https:\/\/www.facebook.com\/dumoulinbicyclettes","https:\/\/www.instagram.com\/dumoulin.ca\/","https:\/\/www.youtube.com\/user\/dumoulinbicyclettes"]}]}},"_links":{"self":[{"href":"https:\/\/dumoulin.absoludev.ca\/en\/wp-json\/wp\/v2\/product\/507114","targetHints":{"allow":["GET"]}}],"collection":[{"href":"https:\/\/dumoulin.absoludev.ca\/en\/wp-json\/wp\/v2\/product"}],"about":[{"href":"https:\/\/dumoulin.absoludev.ca\/en\/wp-json\/wp\/v2\/types\/product"}],"wp:featuredmedia":[{"embeddable":true,"href":"https:\/\/dumoulin.absoludev.ca\/en\/wp-json\/wp\/v2\/media\/509320"}],"wp:attachment":[{"href":"https:\/\/dumoulin.absoludev.ca\/en\/wp-json\/wp\/v2\/media?parent=507114"}],"wp:term":[{"taxonomy":"product_brand","embeddable":true,"href":"https:\/\/dumoulin.absoludev.ca\/en\/wp-json\/wp\/v2\/product_brand?post=507114"},{"taxonomy":"product_cat","embeddable":true,"href":"https:\/\/dumoulin.absoludev.ca\/en\/wp-json\/wp\/v2\/product_cat?post=507114"},{"taxonomy":"product_tag","embeddable":true,"href":"https:\/\/dumoulin.absoludev.ca\/en\/wp-json\/wp\/v2\/product_tag?post=507114"},{"taxonomy":"marque-produit","embeddable":true,"href":"https:\/\/dumoulin.absoludev.ca\/en\/wp-json\/wp\/v2\/marque-produit?post=507114"},{"taxonomy":"collection-produit","embeddable":true,"href":"https:\/\/dumoulin.absoludev.ca\/en\/wp-json\/wp\/v2\/collection-produit?post=507114"},{"taxonomy":"type-surface-produit","embeddable":true,"href":"https:\/\/dumoulin.absoludev.ca\/en\/wp-json\/wp\/v2\/type-surface-produit?post=507114"},{"taxonomy":"type-velo-produit","embeddable":true,"href":"https:\/\/dumoulin.absoludev.ca\/en\/wp-json\/wp\/v2\/type-velo-produit?post=507114"},{"taxonomy":"vetement-produit","embeddable":true,"href":"https:\/\/dumoulin.absoludev.ca\/en\/wp-json\/wp\/v2\/vetement-produit?post=507114"},{"taxonomy":"thematique-produit","embeddable":true,"href":"https:\/\/dumoulin.absoludev.ca\/en\/wp-json\/wp\/v2\/thematique-produit?post=507114"},{"taxonomy":"position-sur-le-v\u00e9lo","embeddable":true,"href":"https:\/\/dumoulin.absoludev.ca\/en\/wp-json\/wp\/v2\/position-sur-le-v\u00e9lo?post=507114"}],"curies":[{"name":"wp","href":"https:\/\/api.w.org\/{rel}","templated":true}]}}