{"id":502534,"date":"2024-11-29T18:10:15","date_gmt":"2024-11-29T23:10:15","guid":{"rendered":"http:\/\/www.dumoulinbicyclettes.com\/?post_type=product&#038;p=502534"},"modified":"2025-09-04T14:16:15","modified_gmt":"2025-09-04T18:16:15","slug":"sac-yuba-grab-go","status":"publish","type":"product","link":"https:\/\/dumoulin.absoludev.ca\/en\/produit\/sac-yuba-grab-go\/","title":{"rendered":"Sac &#8220;Grab &#038; Go&#8221; pour panier avant &#8220;Breadbasket&#8221; de Yuba"},"content":{"rendered":"<p>Le sac Grab &amp; Go est con\u00e7u pour prot\u00e9ger et transporter vos objets de valeur. Il s&#8217;adapte parfaitement au panier Breadbasket et constitue un accessoire essentiel pour tous les propri\u00e9taires de v\u00e9los Yuba. Il permet de passer sans effort du v\u00e9lo \u00e0 l&#8217;\u00e9paule, au chariot de supermarch\u00e9 et vice-versa, \u00e9liminant ainsi le besoin de sacs jetables.<\/p>\n<p>Ce sac polyvalent est \u00e9quip\u00e9 d&#8217;une bandouli\u00e8re amovible et peut contenir jusqu&#8217;\u00e0 13.6 kg d&#8217;articles divers, y compris des provisions, des repas \u00e0 emporter, des fournitures de camping, des livres de biblioth\u00e8que, des jouets de plage, et plus encore.<\/p>\n<p>Fabriqu\u00e9 dans un mat\u00e9riau durable et imperm\u00e9able, le sac Grab &amp; Go garantit que son contenu reste en s\u00e9curit\u00e9 et prot\u00e9g\u00e9 des conditions m\u00e9t\u00e9orologiques d\u00e9favorables. En outre, il comporte deux petites poches lat\u00e9rales, id\u00e9ales pour ranger les petits objets tels que les sangles de chargement lors des d\u00e9placements.<\/p>\n<p>Le syst\u00e8me de fermeture par enroulement resserre efficacement le sac, garantissant que tout le contenu reste en place pendant le transport.<\/p>\n","protected":false},"excerpt":{"rendered":"<p>Le sac Grab &amp; Go est con\u00e7u pour prot\u00e9ger et transporter vos objets de valeur. Il s&#8217;adapte parfaitement au panier Breadbasket et constitue un accessoire essentiel pour tous les propri\u00e9taires de v\u00e9los Yuba. Il permet de passer sans effort du v\u00e9lo \u00e0 l&#8217;\u00e9paule, au chariot de supermarch\u00e9 et vice-versa, \u00e9liminant ainsi le besoin de sacs [&hellip;]<\/p>\n","protected":false},"featured_media":502535,"template":"","meta":{"_acf_changed":false},"product_brand":[],"product_cat":[2506],"product_tag":[],"marque-produit":[1201],"collection-produit":[2848],"type-surface-produit":[],"type-velo-produit":[],"vetement-produit":[],"thematique-produit":[],"position-sur-le-v\u00e9lo":[],"class_list":{"0":"post-502534","1":"product","2":"type-product","3":"status-publish","4":"has-post-thumbnail","6":"product_cat-yuba","7":"marque-produit-yuba","8":"collection-produit-yuba","10":"first","11":"instock","12":"taxable","13":"shipping-taxable","14":"purchasable","15":"product-type-simple"},"acf":[],"yoast_head":"<!-- This site is optimized with the Yoast SEO plugin v24.3 - https:\/\/yoast.com\/wordpress\/plugins\/seo\/ -->\n<title>Sac &quot;Grab &amp; Go&quot; pour panier avant &quot;Breadbasket&quot; de Yuba - Dumoulin Bicyclettes<\/title>\n<meta name=\"description\" content=\"Transportez vos affaires en toute simplicit\u00e9 avec le sac Grab &amp; Go de Yuba. Sa conception pratique et son mat\u00e9riau durable en font un choix incontournable pour les cyclistes propri\u00e9taire d&#039;un v\u00e9lo cargo Yuba \u00e9quip\u00e9 du panier avant Breadbasket.\" \/>\n<meta name=\"robots\" content=\"noindex, follow, max-snippet:-1, max-image-preview:large, max-video-preview:-1\" \/>\n<meta property=\"og:locale\" content=\"en_US\" \/>\n<meta property=\"og:type\" content=\"article\" \/>\n<meta property=\"og:title\" content=\"Sac &quot;Grab &amp; Go&quot; pour panier avant &quot;Breadbasket&quot; de Yuba - Dumoulin Bicyclettes\" \/>\n<meta property=\"og:description\" content=\"Transportez vos affaires en toute simplicit\u00e9 avec le sac Grab &amp; Go de Yuba. Sa conception pratique et son mat\u00e9riau durable en font un choix incontournable pour les cyclistes propri\u00e9taire d&#039;un v\u00e9lo cargo Yuba \u00e9quip\u00e9 du panier avant Breadbasket.\" \/>\n<meta property=\"og:url\" content=\"https:\/\/dumoulin.absoludev.ca\/produit\/sac-yuba-grab-go\/\" \/>\n<meta property=\"og:site_name\" content=\"Dumoulin Bicyclettes\" \/>\n<meta property=\"article:publisher\" content=\"https:\/\/www.facebook.com\/dumoulinbicyclettes\" \/>\n<meta property=\"article:modified_time\" content=\"2025-09-04T18:16:15+00:00\" \/>\n<meta property=\"og:image\" content=\"https:\/\/dumoulin.absoludev.ca\/wp-content\/uploads\/2024\/11\/Yuba-sac-grab-N-go-velo-cargo-montreal-Dumoulin-Bicyclettes3.webp\" \/>\n\t<meta property=\"og:image:width\" content=\"960\" \/>\n\t<meta property=\"og:image:height\" content=\"960\" \/>\n\t<meta property=\"og:image:type\" content=\"image\/webp\" \/>\n<meta name=\"twitter:card\" content=\"summary_large_image\" \/>\n<meta name=\"twitter:label1\" content=\"Est. reading time\" \/>\n\t<meta name=\"twitter:data1\" content=\"1 minute\" \/>\n<script type=\"application\/ld+json\" class=\"yoast-schema-graph\">{\"@context\":\"https:\/\/schema.org\",\"@graph\":[{\"@type\":\"WebPage\",\"@id\":\"https:\/\/dumoulin.absoludev.ca\/produit\/sac-yuba-grab-go\/\",\"url\":\"https:\/\/dumoulin.absoludev.ca\/produit\/sac-yuba-grab-go\/\",\"name\":\"Sac \\\"Grab & Go\\\" pour panier avant \\\"Breadbasket\\\" de Yuba - Dumoulin Bicyclettes\",\"isPartOf\":{\"@id\":\"https:\/\/dumoulin.absoludev.ca\/#website\"},\"primaryImageOfPage\":{\"@id\":\"https:\/\/dumoulin.absoludev.ca\/produit\/sac-yuba-grab-go\/#primaryimage\"},\"image\":{\"@id\":\"https:\/\/dumoulin.absoludev.ca\/produit\/sac-yuba-grab-go\/#primaryimage\"},\"thumbnailUrl\":\"https:\/\/dumoulin.absoludev.ca\/wp-content\/uploads\/2024\/11\/Yuba-sac-grab-N-go-velo-cargo-montreal-Dumoulin-Bicyclettes3.webp\",\"datePublished\":\"2024-11-29T23:10:15+00:00\",\"dateModified\":\"2025-09-04T18:16:15+00:00\",\"description\":\"Transportez vos affaires en toute simplicit\u00e9 avec le sac Grab & Go de Yuba. Sa conception pratique et son mat\u00e9riau durable en font un choix incontournable pour les cyclistes propri\u00e9taire d'un v\u00e9lo cargo Yuba \u00e9quip\u00e9 du panier avant Breadbasket.\",\"breadcrumb\":{\"@id\":\"https:\/\/dumoulin.absoludev.ca\/produit\/sac-yuba-grab-go\/#breadcrumb\"},\"inLanguage\":\"en-US\",\"potentialAction\":[{\"@type\":\"ReadAction\",\"target\":[\"https:\/\/dumoulin.absoludev.ca\/produit\/sac-yuba-grab-go\/\"]}]},{\"@type\":\"ImageObject\",\"inLanguage\":\"en-US\",\"@id\":\"https:\/\/dumoulin.absoludev.ca\/produit\/sac-yuba-grab-go\/#primaryimage\",\"url\":\"https:\/\/dumoulin.absoludev.ca\/wp-content\/uploads\/2024\/11\/Yuba-sac-grab-N-go-velo-cargo-montreal-Dumoulin-Bicyclettes3.webp\",\"contentUrl\":\"https:\/\/dumoulin.absoludev.ca\/wp-content\/uploads\/2024\/11\/Yuba-sac-grab-N-go-velo-cargo-montreal-Dumoulin-Bicyclettes3.webp\",\"width\":960,\"height\":960},{\"@type\":\"BreadcrumbList\",\"@id\":\"https:\/\/dumoulin.absoludev.ca\/produit\/sac-yuba-grab-go\/#breadcrumb\",\"itemListElement\":[{\"@type\":\"ListItem\",\"position\":1,\"name\":\"Home\",\"item\":\"https:\/\/dumoulin.absoludev.ca\/en\/\"},{\"@type\":\"ListItem\",\"position\":2,\"name\":\"Shop\",\"item\":\"https:\/\/dumoulin.absoludev.ca\/en\/shop\/\"},{\"@type\":\"ListItem\",\"position\":3,\"name\":\"Sac \u00ab\u00a0Grab &#038; Go\u00a0\u00bb pour panier avant \u00ab\u00a0Breadbasket\u00a0\u00bb de Yuba\"}]},{\"@type\":\"WebSite\",\"@id\":\"https:\/\/dumoulin.absoludev.ca\/#website\",\"url\":\"https:\/\/dumoulin.absoludev.ca\/\",\"name\":\"Dumoulin Bicyclettes\",\"description\":\"\",\"publisher\":{\"@id\":\"https:\/\/dumoulin.absoludev.ca\/#organization\"},\"potentialAction\":[{\"@type\":\"SearchAction\",\"target\":{\"@type\":\"EntryPoint\",\"urlTemplate\":\"https:\/\/dumoulin.absoludev.ca\/?s={search_term_string}\"},\"query-input\":{\"@type\":\"PropertyValueSpecification\",\"valueRequired\":true,\"valueName\":\"search_term_string\"}}],\"inLanguage\":\"en-US\"},{\"@type\":\"Organization\",\"@id\":\"https:\/\/dumoulin.absoludev.ca\/#organization\",\"name\":\"Dumoulin Bicyclettes\",\"url\":\"https:\/\/dumoulin.absoludev.ca\/\",\"logo\":{\"@type\":\"ImageObject\",\"inLanguage\":\"en-US\",\"@id\":\"https:\/\/dumoulin.absoludev.ca\/#\/schema\/logo\/image\/\",\"url\":\"https:\/\/www.dumoulinbicyclettes.com\/wp-content\/uploads\/2021\/04\/Logo.svg\",\"contentUrl\":\"https:\/\/www.dumoulinbicyclettes.com\/wp-content\/uploads\/2021\/04\/Logo.svg\",\"width\":254,\"height\":86,\"caption\":\"Dumoulin Bicyclettes\"},\"image\":{\"@id\":\"https:\/\/dumoulin.absoludev.ca\/#\/schema\/logo\/image\/\"},\"sameAs\":[\"https:\/\/www.facebook.com\/dumoulinbicyclettes\",\"https:\/\/www.instagram.com\/dumoulin.ca\/\",\"https:\/\/www.youtube.com\/user\/dumoulinbicyclettes\"]}]}<\/script>\n<!-- \/ Yoast SEO plugin. -->","yoast_head_json":{"title":"Sac \"Grab & Go\" pour panier avant \"Breadbasket\" de Yuba - Dumoulin Bicyclettes","description":"Transportez vos affaires en toute simplicit\u00e9 avec le sac Grab & Go de Yuba. Sa conception pratique et son mat\u00e9riau durable en font un choix incontournable pour les cyclistes propri\u00e9taire d'un v\u00e9lo cargo Yuba \u00e9quip\u00e9 du panier avant Breadbasket.","robots":{"index":"noindex","follow":"follow","max-snippet":"max-snippet:-1","max-image-preview":"max-image-preview:large","max-video-preview":"max-video-preview:-1"},"og_locale":"en_US","og_type":"article","og_title":"Sac \"Grab & Go\" pour panier avant \"Breadbasket\" de Yuba - Dumoulin Bicyclettes","og_description":"Transportez vos affaires en toute simplicit\u00e9 avec le sac Grab & Go de Yuba. Sa conception pratique et son mat\u00e9riau durable en font un choix incontournable pour les cyclistes propri\u00e9taire d'un v\u00e9lo cargo Yuba \u00e9quip\u00e9 du panier avant Breadbasket.","og_url":"https:\/\/dumoulin.absoludev.ca\/produit\/sac-yuba-grab-go\/","og_site_name":"Dumoulin Bicyclettes","article_publisher":"https:\/\/www.facebook.com\/dumoulinbicyclettes","article_modified_time":"2025-09-04T18:16:15+00:00","og_image":[{"width":960,"height":960,"url":"https:\/\/dumoulin.absoludev.ca\/wp-content\/uploads\/2024\/11\/Yuba-sac-grab-N-go-velo-cargo-montreal-Dumoulin-Bicyclettes3.webp","type":"image\/webp"}],"twitter_card":"summary_large_image","twitter_misc":{"Est. reading time":"1 minute"},"schema":{"@context":"https:\/\/schema.org","@graph":[{"@type":"WebPage","@id":"https:\/\/dumoulin.absoludev.ca\/produit\/sac-yuba-grab-go\/","url":"https:\/\/dumoulin.absoludev.ca\/produit\/sac-yuba-grab-go\/","name":"Sac \"Grab & Go\" pour panier avant \"Breadbasket\" de Yuba - Dumoulin Bicyclettes","isPartOf":{"@id":"https:\/\/dumoulin.absoludev.ca\/#website"},"primaryImageOfPage":{"@id":"https:\/\/dumoulin.absoludev.ca\/produit\/sac-yuba-grab-go\/#primaryimage"},"image":{"@id":"https:\/\/dumoulin.absoludev.ca\/produit\/sac-yuba-grab-go\/#primaryimage"},"thumbnailUrl":"https:\/\/dumoulin.absoludev.ca\/wp-content\/uploads\/2024\/11\/Yuba-sac-grab-N-go-velo-cargo-montreal-Dumoulin-Bicyclettes3.webp","datePublished":"2024-11-29T23:10:15+00:00","dateModified":"2025-09-04T18:16:15+00:00","description":"Transportez vos affaires en toute simplicit\u00e9 avec le sac Grab & Go de Yuba. Sa conception pratique et son mat\u00e9riau durable en font un choix incontournable pour les cyclistes propri\u00e9taire d'un v\u00e9lo cargo Yuba \u00e9quip\u00e9 du panier avant Breadbasket.","breadcrumb":{"@id":"https:\/\/dumoulin.absoludev.ca\/produit\/sac-yuba-grab-go\/#breadcrumb"},"inLanguage":"en-US","potentialAction":[{"@type":"ReadAction","target":["https:\/\/dumoulin.absoludev.ca\/produit\/sac-yuba-grab-go\/"]}]},{"@type":"ImageObject","inLanguage":"en-US","@id":"https:\/\/dumoulin.absoludev.ca\/produit\/sac-yuba-grab-go\/#primaryimage","url":"https:\/\/dumoulin.absoludev.ca\/wp-content\/uploads\/2024\/11\/Yuba-sac-grab-N-go-velo-cargo-montreal-Dumoulin-Bicyclettes3.webp","contentUrl":"https:\/\/dumoulin.absoludev.ca\/wp-content\/uploads\/2024\/11\/Yuba-sac-grab-N-go-velo-cargo-montreal-Dumoulin-Bicyclettes3.webp","width":960,"height":960},{"@type":"BreadcrumbList","@id":"https:\/\/dumoulin.absoludev.ca\/produit\/sac-yuba-grab-go\/#breadcrumb","itemListElement":[{"@type":"ListItem","position":1,"name":"Home","item":"https:\/\/dumoulin.absoludev.ca\/en\/"},{"@type":"ListItem","position":2,"name":"Shop","item":"https:\/\/dumoulin.absoludev.ca\/en\/shop\/"},{"@type":"ListItem","position":3,"name":"Sac \u00ab\u00a0Grab &#038; Go\u00a0\u00bb pour panier avant \u00ab\u00a0Breadbasket\u00a0\u00bb de Yuba"}]},{"@type":"WebSite","@id":"https:\/\/dumoulin.absoludev.ca\/#website","url":"https:\/\/dumoulin.absoludev.ca\/","name":"Dumoulin Bicyclettes","description":"","publisher":{"@id":"https:\/\/dumoulin.absoludev.ca\/#organization"},"potentialAction":[{"@type":"SearchAction","target":{"@type":"EntryPoint","urlTemplate":"https:\/\/dumoulin.absoludev.ca\/?s={search_term_string}"},"query-input":{"@type":"PropertyValueSpecification","valueRequired":true,"valueName":"search_term_string"}}],"inLanguage":"en-US"},{"@type":"Organization","@id":"https:\/\/dumoulin.absoludev.ca\/#organization","name":"Dumoulin Bicyclettes","url":"https:\/\/dumoulin.absoludev.ca\/","logo":{"@type":"ImageObject","inLanguage":"en-US","@id":"https:\/\/dumoulin.absoludev.ca\/#\/schema\/logo\/image\/","url":"https:\/\/www.dumoulinbicyclettes.com\/wp-content\/uploads\/2021\/04\/Logo.svg","contentUrl":"https:\/\/www.dumoulinbicyclettes.com\/wp-content\/uploads\/2021\/04\/Logo.svg","width":254,"height":86,"caption":"Dumoulin Bicyclettes"},"image":{"@id":"https:\/\/dumoulin.absoludev.ca\/#\/schema\/logo\/image\/"},"sameAs":["https:\/\/www.facebook.com\/dumoulinbicyclettes","https:\/\/www.instagram.com\/dumoulin.ca\/","https:\/\/www.youtube.com\/user\/dumoulinbicyclettes"]}]}},"_links":{"self":[{"href":"https:\/\/dumoulin.absoludev.ca\/en\/wp-json\/wp\/v2\/product\/502534","targetHints":{"allow":["GET"]}}],"collection":[{"href":"https:\/\/dumoulin.absoludev.ca\/en\/wp-json\/wp\/v2\/product"}],"about":[{"href":"https:\/\/dumoulin.absoludev.ca\/en\/wp-json\/wp\/v2\/types\/product"}],"wp:featuredmedia":[{"embeddable":true,"href":"https:\/\/dumoulin.absoludev.ca\/en\/wp-json\/wp\/v2\/media\/502535"}],"wp:attachment":[{"href":"https:\/\/dumoulin.absoludev.ca\/en\/wp-json\/wp\/v2\/media?parent=502534"}],"wp:term":[{"taxonomy":"product_brand","embeddable":true,"href":"https:\/\/dumoulin.absoludev.ca\/en\/wp-json\/wp\/v2\/product_brand?post=502534"},{"taxonomy":"product_cat","embeddable":true,"href":"https:\/\/dumoulin.absoludev.ca\/en\/wp-json\/wp\/v2\/product_cat?post=502534"},{"taxonomy":"product_tag","embeddable":true,"href":"https:\/\/dumoulin.absoludev.ca\/en\/wp-json\/wp\/v2\/product_tag?post=502534"},{"taxonomy":"marque-produit","embeddable":true,"href":"https:\/\/dumoulin.absoludev.ca\/en\/wp-json\/wp\/v2\/marque-produit?post=502534"},{"taxonomy":"collection-produit","embeddable":true,"href":"https:\/\/dumoulin.absoludev.ca\/en\/wp-json\/wp\/v2\/collection-produit?post=502534"},{"taxonomy":"type-surface-produit","embeddable":true,"href":"https:\/\/dumoulin.absoludev.ca\/en\/wp-json\/wp\/v2\/type-surface-produit?post=502534"},{"taxonomy":"type-velo-produit","embeddable":true,"href":"https:\/\/dumoulin.absoludev.ca\/en\/wp-json\/wp\/v2\/type-velo-produit?post=502534"},{"taxonomy":"vetement-produit","embeddable":true,"href":"https:\/\/dumoulin.absoludev.ca\/en\/wp-json\/wp\/v2\/vetement-produit?post=502534"},{"taxonomy":"thematique-produit","embeddable":true,"href":"https:\/\/dumoulin.absoludev.ca\/en\/wp-json\/wp\/v2\/thematique-produit?post=502534"},{"taxonomy":"position-sur-le-v\u00e9lo","embeddable":true,"href":"https:\/\/dumoulin.absoludev.ca\/en\/wp-json\/wp\/v2\/position-sur-le-v\u00e9lo?post=502534"}],"curies":[{"name":"wp","href":"https:\/\/api.w.org\/{rel}","templated":true}]}}