{"id":497287,"date":"2024-11-27T17:14:10","date_gmt":"2024-11-27T22:14:10","guid":{"rendered":"http:\/\/www.dumoulinbicyclettes.com\/?post_type=product&#038;p=497287"},"modified":"2025-09-04T14:17:01","modified_gmt":"2025-09-04T18:17:01","slug":"tern-bequille-duostand-gen-3","status":"publish","type":"product","link":"https:\/\/dumoulin.absoludev.ca\/en\/produit\/tern-bequille-duostand-gen-3\/","title":{"rendered":"B\u00e9quille Tern &#8220;Duostand&#8221; Gen 3"},"content":{"rendered":"<p>Le &#8220;Duostand&#8221; est une b\u00e9quille double robuste et r\u00e9glable en hauteur avec une ouverture large qui se monte au centre de votre v\u00e9lo pour le maintenir fermement debout. Upgrad\u00e9e pour garantir le chargement et le d\u00e9chargement de vos bien les plus pr\u00e9cieux (y compris votre petit d\u00e9mon) de mani\u00e8re tr\u00e8s s\u00e9curis\u00e9 et sans souci, la &#8220;Duostand&#8221; vous donne la tranquillit\u00e9 d&#8217;esprit en sachant que votre v\u00e9lo gar\u00e9 restera en place, surtout lorsque vous en avez le plus besoin.<\/p>\n","protected":false},"excerpt":{"rendered":"<p>Le &#8220;Duostand&#8221; est une b\u00e9quille double robuste et r\u00e9glable en hauteur avec une ouverture large qui se monte au centre de votre v\u00e9lo pour le maintenir fermement debout. Upgrad\u00e9e pour garantir le chargement et le d\u00e9chargement de vos bien les plus pr\u00e9cieux (y compris votre petit d\u00e9mon) de mani\u00e8re tr\u00e8s s\u00e9curis\u00e9 et sans souci, la [&hellip;]<\/p>\n","protected":false},"featured_media":497292,"template":"","meta":{"_acf_changed":false},"product_brand":[],"product_cat":[183,2509],"product_tag":[3184,2861,3140,2203],"marque-produit":[154],"collection-produit":[],"type-surface-produit":[],"type-velo-produit":[],"vetement-produit":[],"thematique-produit":[],"position-sur-le-v\u00e9lo":[],"class_list":{"0":"post-497287","1":"product","2":"type-product","3":"status-publish","4":"has-post-thumbnail","6":"product_cat-accessoires-pour-velo-cargo","7":"product_cat-tern","8":"product_tag-bequille","9":"product_tag-duostand","10":"product_tag-gen-3","11":"product_tag-tern","12":"marque-produit-tern","14":"first","15":"instock","16":"taxable","17":"shipping-taxable","18":"purchasable","19":"product-type-simple"},"acf":[],"yoast_head":"<!-- This site is optimized with the Yoast SEO plugin v24.3 - https:\/\/yoast.com\/wordpress\/plugins\/seo\/ -->\n<title>B\u00e9quille Tern &quot;Duostand&quot; Gen 3 - Dumoulin Bicyclettes<\/title>\n<meta name=\"description\" content=\"Le &quot;Duostand&quot; est une b\u00e9quille double robuste et r\u00e9glable en hauteur avec une ouverture large qui se monte au centre de votre v\u00e9lo Tern.\" \/>\n<meta name=\"robots\" content=\"noindex, follow, max-snippet:-1, max-image-preview:large, max-video-preview:-1\" \/>\n<meta property=\"og:locale\" content=\"en_US\" \/>\n<meta property=\"og:type\" content=\"article\" \/>\n<meta property=\"og:title\" content=\"B\u00e9quille Tern &quot;Duostand&quot; Gen 3 - Dumoulin Bicyclettes\" \/>\n<meta property=\"og:description\" content=\"Le &quot;Duostand&quot; est une b\u00e9quille double robuste et r\u00e9glable en hauteur avec une ouverture large qui se monte au centre de votre v\u00e9lo Tern.\" \/>\n<meta property=\"og:url\" content=\"https:\/\/dumoulin.absoludev.ca\/produit\/tern-bequille-duostand-gen-3\/\" \/>\n<meta property=\"og:site_name\" content=\"Dumoulin Bicyclettes\" \/>\n<meta property=\"article:publisher\" content=\"https:\/\/www.facebook.com\/dumoulinbicyclettes\" \/>\n<meta property=\"article:modified_time\" content=\"2025-09-04T18:17:01+00:00\" \/>\n<meta property=\"og:image\" content=\"https:\/\/dumoulin.absoludev.ca\/wp-content\/uploads\/2024\/11\/Tern-bequille-DuoStand-gen-3-dumoulin-bicyclettes-montreal-1.jpg\" \/>\n\t<meta property=\"og:image:width\" content=\"1960\" \/>\n\t<meta property=\"og:image:height\" content=\"1305\" \/>\n\t<meta property=\"og:image:type\" content=\"image\/jpeg\" \/>\n<meta name=\"twitter:card\" content=\"summary_large_image\" \/>\n<meta name=\"twitter:label1\" content=\"Est. reading time\" \/>\n\t<meta name=\"twitter:data1\" content=\"1 minute\" \/>\n<script type=\"application\/ld+json\" class=\"yoast-schema-graph\">{\"@context\":\"https:\/\/schema.org\",\"@graph\":[{\"@type\":\"WebPage\",\"@id\":\"https:\/\/dumoulin.absoludev.ca\/produit\/tern-bequille-duostand-gen-3\/\",\"url\":\"https:\/\/dumoulin.absoludev.ca\/produit\/tern-bequille-duostand-gen-3\/\",\"name\":\"B\u00e9quille Tern \\\"Duostand\\\" Gen 3 - Dumoulin Bicyclettes\",\"isPartOf\":{\"@id\":\"https:\/\/dumoulin.absoludev.ca\/#website\"},\"primaryImageOfPage\":{\"@id\":\"https:\/\/dumoulin.absoludev.ca\/produit\/tern-bequille-duostand-gen-3\/#primaryimage\"},\"image\":{\"@id\":\"https:\/\/dumoulin.absoludev.ca\/produit\/tern-bequille-duostand-gen-3\/#primaryimage\"},\"thumbnailUrl\":\"https:\/\/dumoulin.absoludev.ca\/wp-content\/uploads\/2024\/11\/Tern-bequille-DuoStand-gen-3-dumoulin-bicyclettes-montreal-1.jpg\",\"datePublished\":\"2024-11-27T22:14:10+00:00\",\"dateModified\":\"2025-09-04T18:17:01+00:00\",\"description\":\"Le \\\"Duostand\\\" est une b\u00e9quille double robuste et r\u00e9glable en hauteur avec une ouverture large qui se monte au centre de votre v\u00e9lo Tern.\",\"breadcrumb\":{\"@id\":\"https:\/\/dumoulin.absoludev.ca\/produit\/tern-bequille-duostand-gen-3\/#breadcrumb\"},\"inLanguage\":\"en-US\",\"potentialAction\":[{\"@type\":\"ReadAction\",\"target\":[\"https:\/\/dumoulin.absoludev.ca\/produit\/tern-bequille-duostand-gen-3\/\"]}]},{\"@type\":\"ImageObject\",\"inLanguage\":\"en-US\",\"@id\":\"https:\/\/dumoulin.absoludev.ca\/produit\/tern-bequille-duostand-gen-3\/#primaryimage\",\"url\":\"https:\/\/dumoulin.absoludev.ca\/wp-content\/uploads\/2024\/11\/Tern-bequille-DuoStand-gen-3-dumoulin-bicyclettes-montreal-1.jpg\",\"contentUrl\":\"https:\/\/dumoulin.absoludev.ca\/wp-content\/uploads\/2024\/11\/Tern-bequille-DuoStand-gen-3-dumoulin-bicyclettes-montreal-1.jpg\",\"width\":1960,\"height\":1305},{\"@type\":\"BreadcrumbList\",\"@id\":\"https:\/\/dumoulin.absoludev.ca\/produit\/tern-bequille-duostand-gen-3\/#breadcrumb\",\"itemListElement\":[{\"@type\":\"ListItem\",\"position\":1,\"name\":\"Home\",\"item\":\"https:\/\/dumoulin.absoludev.ca\/en\/\"},{\"@type\":\"ListItem\",\"position\":2,\"name\":\"Shop\",\"item\":\"https:\/\/dumoulin.absoludev.ca\/en\/shop\/\"},{\"@type\":\"ListItem\",\"position\":3,\"name\":\"B\u00e9quille Tern \u00ab\u00a0Duostand\u00a0\u00bb Gen 3\"}]},{\"@type\":\"WebSite\",\"@id\":\"https:\/\/dumoulin.absoludev.ca\/#website\",\"url\":\"https:\/\/dumoulin.absoludev.ca\/\",\"name\":\"Dumoulin Bicyclettes\",\"description\":\"\",\"publisher\":{\"@id\":\"https:\/\/dumoulin.absoludev.ca\/#organization\"},\"potentialAction\":[{\"@type\":\"SearchAction\",\"target\":{\"@type\":\"EntryPoint\",\"urlTemplate\":\"https:\/\/dumoulin.absoludev.ca\/?s={search_term_string}\"},\"query-input\":{\"@type\":\"PropertyValueSpecification\",\"valueRequired\":true,\"valueName\":\"search_term_string\"}}],\"inLanguage\":\"en-US\"},{\"@type\":\"Organization\",\"@id\":\"https:\/\/dumoulin.absoludev.ca\/#organization\",\"name\":\"Dumoulin Bicyclettes\",\"url\":\"https:\/\/dumoulin.absoludev.ca\/\",\"logo\":{\"@type\":\"ImageObject\",\"inLanguage\":\"en-US\",\"@id\":\"https:\/\/dumoulin.absoludev.ca\/#\/schema\/logo\/image\/\",\"url\":\"https:\/\/www.dumoulinbicyclettes.com\/wp-content\/uploads\/2021\/04\/Logo.svg\",\"contentUrl\":\"https:\/\/www.dumoulinbicyclettes.com\/wp-content\/uploads\/2021\/04\/Logo.svg\",\"width\":254,\"height\":86,\"caption\":\"Dumoulin Bicyclettes\"},\"image\":{\"@id\":\"https:\/\/dumoulin.absoludev.ca\/#\/schema\/logo\/image\/\"},\"sameAs\":[\"https:\/\/www.facebook.com\/dumoulinbicyclettes\",\"https:\/\/www.instagram.com\/dumoulin.ca\/\",\"https:\/\/www.youtube.com\/user\/dumoulinbicyclettes\"]}]}<\/script>\n<!-- \/ Yoast SEO plugin. -->","yoast_head_json":{"title":"B\u00e9quille Tern \"Duostand\" Gen 3 - Dumoulin Bicyclettes","description":"Le \"Duostand\" est une b\u00e9quille double robuste et r\u00e9glable en hauteur avec une ouverture large qui se monte au centre de votre v\u00e9lo Tern.","robots":{"index":"noindex","follow":"follow","max-snippet":"max-snippet:-1","max-image-preview":"max-image-preview:large","max-video-preview":"max-video-preview:-1"},"og_locale":"en_US","og_type":"article","og_title":"B\u00e9quille Tern \"Duostand\" Gen 3 - Dumoulin Bicyclettes","og_description":"Le \"Duostand\" est une b\u00e9quille double robuste et r\u00e9glable en hauteur avec une ouverture large qui se monte au centre de votre v\u00e9lo Tern.","og_url":"https:\/\/dumoulin.absoludev.ca\/produit\/tern-bequille-duostand-gen-3\/","og_site_name":"Dumoulin Bicyclettes","article_publisher":"https:\/\/www.facebook.com\/dumoulinbicyclettes","article_modified_time":"2025-09-04T18:17:01+00:00","og_image":[{"width":1960,"height":1305,"url":"https:\/\/dumoulin.absoludev.ca\/wp-content\/uploads\/2024\/11\/Tern-bequille-DuoStand-gen-3-dumoulin-bicyclettes-montreal-1.jpg","type":"image\/jpeg"}],"twitter_card":"summary_large_image","twitter_misc":{"Est. reading time":"1 minute"},"schema":{"@context":"https:\/\/schema.org","@graph":[{"@type":"WebPage","@id":"https:\/\/dumoulin.absoludev.ca\/produit\/tern-bequille-duostand-gen-3\/","url":"https:\/\/dumoulin.absoludev.ca\/produit\/tern-bequille-duostand-gen-3\/","name":"B\u00e9quille Tern \"Duostand\" Gen 3 - Dumoulin Bicyclettes","isPartOf":{"@id":"https:\/\/dumoulin.absoludev.ca\/#website"},"primaryImageOfPage":{"@id":"https:\/\/dumoulin.absoludev.ca\/produit\/tern-bequille-duostand-gen-3\/#primaryimage"},"image":{"@id":"https:\/\/dumoulin.absoludev.ca\/produit\/tern-bequille-duostand-gen-3\/#primaryimage"},"thumbnailUrl":"https:\/\/dumoulin.absoludev.ca\/wp-content\/uploads\/2024\/11\/Tern-bequille-DuoStand-gen-3-dumoulin-bicyclettes-montreal-1.jpg","datePublished":"2024-11-27T22:14:10+00:00","dateModified":"2025-09-04T18:17:01+00:00","description":"Le \"Duostand\" est une b\u00e9quille double robuste et r\u00e9glable en hauteur avec une ouverture large qui se monte au centre de votre v\u00e9lo Tern.","breadcrumb":{"@id":"https:\/\/dumoulin.absoludev.ca\/produit\/tern-bequille-duostand-gen-3\/#breadcrumb"},"inLanguage":"en-US","potentialAction":[{"@type":"ReadAction","target":["https:\/\/dumoulin.absoludev.ca\/produit\/tern-bequille-duostand-gen-3\/"]}]},{"@type":"ImageObject","inLanguage":"en-US","@id":"https:\/\/dumoulin.absoludev.ca\/produit\/tern-bequille-duostand-gen-3\/#primaryimage","url":"https:\/\/dumoulin.absoludev.ca\/wp-content\/uploads\/2024\/11\/Tern-bequille-DuoStand-gen-3-dumoulin-bicyclettes-montreal-1.jpg","contentUrl":"https:\/\/dumoulin.absoludev.ca\/wp-content\/uploads\/2024\/11\/Tern-bequille-DuoStand-gen-3-dumoulin-bicyclettes-montreal-1.jpg","width":1960,"height":1305},{"@type":"BreadcrumbList","@id":"https:\/\/dumoulin.absoludev.ca\/produit\/tern-bequille-duostand-gen-3\/#breadcrumb","itemListElement":[{"@type":"ListItem","position":1,"name":"Home","item":"https:\/\/dumoulin.absoludev.ca\/en\/"},{"@type":"ListItem","position":2,"name":"Shop","item":"https:\/\/dumoulin.absoludev.ca\/en\/shop\/"},{"@type":"ListItem","position":3,"name":"B\u00e9quille Tern \u00ab\u00a0Duostand\u00a0\u00bb Gen 3"}]},{"@type":"WebSite","@id":"https:\/\/dumoulin.absoludev.ca\/#website","url":"https:\/\/dumoulin.absoludev.ca\/","name":"Dumoulin Bicyclettes","description":"","publisher":{"@id":"https:\/\/dumoulin.absoludev.ca\/#organization"},"potentialAction":[{"@type":"SearchAction","target":{"@type":"EntryPoint","urlTemplate":"https:\/\/dumoulin.absoludev.ca\/?s={search_term_string}"},"query-input":{"@type":"PropertyValueSpecification","valueRequired":true,"valueName":"search_term_string"}}],"inLanguage":"en-US"},{"@type":"Organization","@id":"https:\/\/dumoulin.absoludev.ca\/#organization","name":"Dumoulin Bicyclettes","url":"https:\/\/dumoulin.absoludev.ca\/","logo":{"@type":"ImageObject","inLanguage":"en-US","@id":"https:\/\/dumoulin.absoludev.ca\/#\/schema\/logo\/image\/","url":"https:\/\/www.dumoulinbicyclettes.com\/wp-content\/uploads\/2021\/04\/Logo.svg","contentUrl":"https:\/\/www.dumoulinbicyclettes.com\/wp-content\/uploads\/2021\/04\/Logo.svg","width":254,"height":86,"caption":"Dumoulin Bicyclettes"},"image":{"@id":"https:\/\/dumoulin.absoludev.ca\/#\/schema\/logo\/image\/"},"sameAs":["https:\/\/www.facebook.com\/dumoulinbicyclettes","https:\/\/www.instagram.com\/dumoulin.ca\/","https:\/\/www.youtube.com\/user\/dumoulinbicyclettes"]}]}},"_links":{"self":[{"href":"https:\/\/dumoulin.absoludev.ca\/en\/wp-json\/wp\/v2\/product\/497287","targetHints":{"allow":["GET"]}}],"collection":[{"href":"https:\/\/dumoulin.absoludev.ca\/en\/wp-json\/wp\/v2\/product"}],"about":[{"href":"https:\/\/dumoulin.absoludev.ca\/en\/wp-json\/wp\/v2\/types\/product"}],"wp:featuredmedia":[{"embeddable":true,"href":"https:\/\/dumoulin.absoludev.ca\/en\/wp-json\/wp\/v2\/media\/497292"}],"wp:attachment":[{"href":"https:\/\/dumoulin.absoludev.ca\/en\/wp-json\/wp\/v2\/media?parent=497287"}],"wp:term":[{"taxonomy":"product_brand","embeddable":true,"href":"https:\/\/dumoulin.absoludev.ca\/en\/wp-json\/wp\/v2\/product_brand?post=497287"},{"taxonomy":"product_cat","embeddable":true,"href":"https:\/\/dumoulin.absoludev.ca\/en\/wp-json\/wp\/v2\/product_cat?post=497287"},{"taxonomy":"product_tag","embeddable":true,"href":"https:\/\/dumoulin.absoludev.ca\/en\/wp-json\/wp\/v2\/product_tag?post=497287"},{"taxonomy":"marque-produit","embeddable":true,"href":"https:\/\/dumoulin.absoludev.ca\/en\/wp-json\/wp\/v2\/marque-produit?post=497287"},{"taxonomy":"collection-produit","embeddable":true,"href":"https:\/\/dumoulin.absoludev.ca\/en\/wp-json\/wp\/v2\/collection-produit?post=497287"},{"taxonomy":"type-surface-produit","embeddable":true,"href":"https:\/\/dumoulin.absoludev.ca\/en\/wp-json\/wp\/v2\/type-surface-produit?post=497287"},{"taxonomy":"type-velo-produit","embeddable":true,"href":"https:\/\/dumoulin.absoludev.ca\/en\/wp-json\/wp\/v2\/type-velo-produit?post=497287"},{"taxonomy":"vetement-produit","embeddable":true,"href":"https:\/\/dumoulin.absoludev.ca\/en\/wp-json\/wp\/v2\/vetement-produit?post=497287"},{"taxonomy":"thematique-produit","embeddable":true,"href":"https:\/\/dumoulin.absoludev.ca\/en\/wp-json\/wp\/v2\/thematique-produit?post=497287"},{"taxonomy":"position-sur-le-v\u00e9lo","embeddable":true,"href":"https:\/\/dumoulin.absoludev.ca\/en\/wp-json\/wp\/v2\/position-sur-le-v\u00e9lo?post=497287"}],"curies":[{"name":"wp","href":"https:\/\/api.w.org\/{rel}","templated":true}]}}