{"id":497264,"date":"2024-11-27T17:13:42","date_gmt":"2024-11-27T22:13:42","guid":{"rendered":"http:\/\/www.dumoulinbicyclettes.com\/?post_type=product&#038;p=497264"},"modified":"2025-09-04T14:16:34","modified_gmt":"2025-09-04T18:16:34","slug":"tern-lockstand-quadstruts","status":"publish","type":"product","link":"https:\/\/dumoulin.absoludev.ca\/en\/produit\/tern-lockstand-quadstruts\/","title":{"rendered":"B\u00e9quilles additionnelles Tern &#8220;Lockstand Quadstruts&#8221;"},"content":{"rendered":"<p>Lors du chargement\/d\u00e9chargement d&#8217;une cargaison sur un v\u00e9lo, la stabilit\u00e9 est essentielle. C&#8217;est \u00e0 ce moment pr\u00e9cis qu&#8217;une bo\u00eete lourde peut potentiellement perturber l&#8217;\u00e9quilibre du v\u00e9lo. C&#8217;est dans cet esprit qu&#8217;a \u00e9t\u00e9 d\u00e9velopp\u00e9 le &#8220;Lockstand Quadstruts&#8221; pour faire du GSD Gen 2 un v\u00e9lo cargo encore plus fiable. La conception brevet\u00e9e du &#8220;Lockstand QuadStruts&#8221; donne au GSD une paire de jambes suppl\u00e9mentaires et une grande stabilit\u00e9, juste au moment o\u00f9 vous en avez le plus besoin.<\/p>\n","protected":false},"excerpt":{"rendered":"<p>Lors du chargement\/d\u00e9chargement d&#8217;une cargaison sur un v\u00e9lo, la stabilit\u00e9 est essentielle. C&#8217;est \u00e0 ce moment pr\u00e9cis qu&#8217;une bo\u00eete lourde peut potentiellement perturber l&#8217;\u00e9quilibre du v\u00e9lo. C&#8217;est dans cet esprit qu&#8217;a \u00e9t\u00e9 d\u00e9velopp\u00e9 le &#8220;Lockstand Quadstruts&#8221; pour faire du GSD Gen 2 un v\u00e9lo cargo encore plus fiable. La conception brevet\u00e9e du &#8220;Lockstand QuadStruts&#8221; donne [&hellip;]<\/p>\n","protected":false},"featured_media":497271,"template":"","meta":{"_acf_changed":false},"product_brand":[],"product_cat":[183,2509],"product_tag":[3183,3182,3181,2203],"marque-produit":[154],"collection-produit":[],"type-surface-produit":[],"type-velo-produit":[],"vetement-produit":[],"thematique-produit":[],"position-sur-le-v\u00e9lo":[],"class_list":{"0":"post-497264","1":"product","2":"type-product","3":"status-publish","4":"has-post-thumbnail","6":"product_cat-accessoires-pour-velo-cargo","7":"product_cat-tern","8":"product_tag-bequilles","9":"product_tag-bequilles-additionnelles","10":"product_tag-lockstand-quadstruts","11":"product_tag-tern","12":"marque-produit-tern","14":"first","15":"instock","16":"taxable","17":"shipping-taxable","18":"purchasable","19":"product-type-simple"},"acf":[],"yoast_head":"<!-- This site is optimized with the Yoast SEO plugin v24.3 - https:\/\/yoast.com\/wordpress\/plugins\/seo\/ -->\n<title>B\u00e9quilles additionnelles Tern &quot;Lockstand Quadstruts&quot; - Dumoulin Bicyclettes<\/title>\n<meta name=\"description\" content=\"Le &quot;Lockstand QuadStruts&quot; donne au GSD une paire de jambes suppl\u00e9mentaires et une grande stabilit\u00e9, juste au moment o\u00f9 vous en avez le plus besoin.\" \/>\n<meta name=\"robots\" content=\"noindex, follow, max-snippet:-1, max-image-preview:large, max-video-preview:-1\" \/>\n<meta property=\"og:locale\" content=\"en_US\" \/>\n<meta property=\"og:type\" content=\"article\" \/>\n<meta property=\"og:title\" content=\"B\u00e9quilles additionnelles Tern &quot;Lockstand Quadstruts&quot; - Dumoulin Bicyclettes\" \/>\n<meta property=\"og:description\" content=\"Le &quot;Lockstand QuadStruts&quot; donne au GSD une paire de jambes suppl\u00e9mentaires et une grande stabilit\u00e9, juste au moment o\u00f9 vous en avez le plus besoin.\" \/>\n<meta property=\"og:url\" content=\"https:\/\/dumoulin.absoludev.ca\/produit\/tern-lockstand-quadstruts\/\" \/>\n<meta property=\"og:site_name\" content=\"Dumoulin Bicyclettes\" \/>\n<meta property=\"article:publisher\" content=\"https:\/\/www.facebook.com\/dumoulinbicyclettes\" \/>\n<meta property=\"article:modified_time\" content=\"2025-09-04T18:16:34+00:00\" \/>\n<meta property=\"og:image\" content=\"https:\/\/dumoulin.absoludev.ca\/wp-content\/uploads\/2024\/11\/Tern-Lockstand-QuadStruts-dumoulin-bicyclettes-montreal-1.jpg\" \/>\n\t<meta property=\"og:image:width\" content=\"1960\" \/>\n\t<meta property=\"og:image:height\" content=\"1305\" \/>\n\t<meta property=\"og:image:type\" content=\"image\/jpeg\" \/>\n<meta name=\"twitter:card\" content=\"summary_large_image\" \/>\n<meta name=\"twitter:label1\" content=\"Est. reading time\" \/>\n\t<meta name=\"twitter:data1\" content=\"1 minute\" \/>\n<script type=\"application\/ld+json\" class=\"yoast-schema-graph\">{\"@context\":\"https:\/\/schema.org\",\"@graph\":[{\"@type\":\"WebPage\",\"@id\":\"https:\/\/dumoulin.absoludev.ca\/produit\/tern-lockstand-quadstruts\/\",\"url\":\"https:\/\/dumoulin.absoludev.ca\/produit\/tern-lockstand-quadstruts\/\",\"name\":\"B\u00e9quilles additionnelles Tern \\\"Lockstand Quadstruts\\\" - Dumoulin Bicyclettes\",\"isPartOf\":{\"@id\":\"https:\/\/dumoulin.absoludev.ca\/#website\"},\"primaryImageOfPage\":{\"@id\":\"https:\/\/dumoulin.absoludev.ca\/produit\/tern-lockstand-quadstruts\/#primaryimage\"},\"image\":{\"@id\":\"https:\/\/dumoulin.absoludev.ca\/produit\/tern-lockstand-quadstruts\/#primaryimage\"},\"thumbnailUrl\":\"https:\/\/dumoulin.absoludev.ca\/wp-content\/uploads\/2024\/11\/Tern-Lockstand-QuadStruts-dumoulin-bicyclettes-montreal-1.jpg\",\"datePublished\":\"2024-11-27T22:13:42+00:00\",\"dateModified\":\"2025-09-04T18:16:34+00:00\",\"description\":\"Le \\\"Lockstand QuadStruts\\\" donne au GSD une paire de jambes suppl\u00e9mentaires et une grande stabilit\u00e9, juste au moment o\u00f9 vous en avez le plus besoin.\",\"breadcrumb\":{\"@id\":\"https:\/\/dumoulin.absoludev.ca\/produit\/tern-lockstand-quadstruts\/#breadcrumb\"},\"inLanguage\":\"en-US\",\"potentialAction\":[{\"@type\":\"ReadAction\",\"target\":[\"https:\/\/dumoulin.absoludev.ca\/produit\/tern-lockstand-quadstruts\/\"]}]},{\"@type\":\"ImageObject\",\"inLanguage\":\"en-US\",\"@id\":\"https:\/\/dumoulin.absoludev.ca\/produit\/tern-lockstand-quadstruts\/#primaryimage\",\"url\":\"https:\/\/dumoulin.absoludev.ca\/wp-content\/uploads\/2024\/11\/Tern-Lockstand-QuadStruts-dumoulin-bicyclettes-montreal-1.jpg\",\"contentUrl\":\"https:\/\/dumoulin.absoludev.ca\/wp-content\/uploads\/2024\/11\/Tern-Lockstand-QuadStruts-dumoulin-bicyclettes-montreal-1.jpg\",\"width\":1960,\"height\":1305},{\"@type\":\"BreadcrumbList\",\"@id\":\"https:\/\/dumoulin.absoludev.ca\/produit\/tern-lockstand-quadstruts\/#breadcrumb\",\"itemListElement\":[{\"@type\":\"ListItem\",\"position\":1,\"name\":\"Home\",\"item\":\"https:\/\/dumoulin.absoludev.ca\/en\/\"},{\"@type\":\"ListItem\",\"position\":2,\"name\":\"Shop\",\"item\":\"https:\/\/dumoulin.absoludev.ca\/en\/shop\/\"},{\"@type\":\"ListItem\",\"position\":3,\"name\":\"B\u00e9quilles additionnelles Tern \u00ab\u00a0Lockstand Quadstruts\u00a0\u00bb\"}]},{\"@type\":\"WebSite\",\"@id\":\"https:\/\/dumoulin.absoludev.ca\/#website\",\"url\":\"https:\/\/dumoulin.absoludev.ca\/\",\"name\":\"Dumoulin Bicyclettes\",\"description\":\"\",\"publisher\":{\"@id\":\"https:\/\/dumoulin.absoludev.ca\/#organization\"},\"potentialAction\":[{\"@type\":\"SearchAction\",\"target\":{\"@type\":\"EntryPoint\",\"urlTemplate\":\"https:\/\/dumoulin.absoludev.ca\/?s={search_term_string}\"},\"query-input\":{\"@type\":\"PropertyValueSpecification\",\"valueRequired\":true,\"valueName\":\"search_term_string\"}}],\"inLanguage\":\"en-US\"},{\"@type\":\"Organization\",\"@id\":\"https:\/\/dumoulin.absoludev.ca\/#organization\",\"name\":\"Dumoulin Bicyclettes\",\"url\":\"https:\/\/dumoulin.absoludev.ca\/\",\"logo\":{\"@type\":\"ImageObject\",\"inLanguage\":\"en-US\",\"@id\":\"https:\/\/dumoulin.absoludev.ca\/#\/schema\/logo\/image\/\",\"url\":\"https:\/\/www.dumoulinbicyclettes.com\/wp-content\/uploads\/2021\/04\/Logo.svg\",\"contentUrl\":\"https:\/\/www.dumoulinbicyclettes.com\/wp-content\/uploads\/2021\/04\/Logo.svg\",\"width\":254,\"height\":86,\"caption\":\"Dumoulin Bicyclettes\"},\"image\":{\"@id\":\"https:\/\/dumoulin.absoludev.ca\/#\/schema\/logo\/image\/\"},\"sameAs\":[\"https:\/\/www.facebook.com\/dumoulinbicyclettes\",\"https:\/\/www.instagram.com\/dumoulin.ca\/\",\"https:\/\/www.youtube.com\/user\/dumoulinbicyclettes\"]}]}<\/script>\n<!-- \/ Yoast SEO plugin. -->","yoast_head_json":{"title":"B\u00e9quilles additionnelles Tern \"Lockstand Quadstruts\" - Dumoulin Bicyclettes","description":"Le \"Lockstand QuadStruts\" donne au GSD une paire de jambes suppl\u00e9mentaires et une grande stabilit\u00e9, juste au moment o\u00f9 vous en avez le plus besoin.","robots":{"index":"noindex","follow":"follow","max-snippet":"max-snippet:-1","max-image-preview":"max-image-preview:large","max-video-preview":"max-video-preview:-1"},"og_locale":"en_US","og_type":"article","og_title":"B\u00e9quilles additionnelles Tern \"Lockstand Quadstruts\" - Dumoulin Bicyclettes","og_description":"Le \"Lockstand QuadStruts\" donne au GSD une paire de jambes suppl\u00e9mentaires et une grande stabilit\u00e9, juste au moment o\u00f9 vous en avez le plus besoin.","og_url":"https:\/\/dumoulin.absoludev.ca\/produit\/tern-lockstand-quadstruts\/","og_site_name":"Dumoulin Bicyclettes","article_publisher":"https:\/\/www.facebook.com\/dumoulinbicyclettes","article_modified_time":"2025-09-04T18:16:34+00:00","og_image":[{"width":1960,"height":1305,"url":"https:\/\/dumoulin.absoludev.ca\/wp-content\/uploads\/2024\/11\/Tern-Lockstand-QuadStruts-dumoulin-bicyclettes-montreal-1.jpg","type":"image\/jpeg"}],"twitter_card":"summary_large_image","twitter_misc":{"Est. reading time":"1 minute"},"schema":{"@context":"https:\/\/schema.org","@graph":[{"@type":"WebPage","@id":"https:\/\/dumoulin.absoludev.ca\/produit\/tern-lockstand-quadstruts\/","url":"https:\/\/dumoulin.absoludev.ca\/produit\/tern-lockstand-quadstruts\/","name":"B\u00e9quilles additionnelles Tern \"Lockstand Quadstruts\" - Dumoulin Bicyclettes","isPartOf":{"@id":"https:\/\/dumoulin.absoludev.ca\/#website"},"primaryImageOfPage":{"@id":"https:\/\/dumoulin.absoludev.ca\/produit\/tern-lockstand-quadstruts\/#primaryimage"},"image":{"@id":"https:\/\/dumoulin.absoludev.ca\/produit\/tern-lockstand-quadstruts\/#primaryimage"},"thumbnailUrl":"https:\/\/dumoulin.absoludev.ca\/wp-content\/uploads\/2024\/11\/Tern-Lockstand-QuadStruts-dumoulin-bicyclettes-montreal-1.jpg","datePublished":"2024-11-27T22:13:42+00:00","dateModified":"2025-09-04T18:16:34+00:00","description":"Le \"Lockstand QuadStruts\" donne au GSD une paire de jambes suppl\u00e9mentaires et une grande stabilit\u00e9, juste au moment o\u00f9 vous en avez le plus besoin.","breadcrumb":{"@id":"https:\/\/dumoulin.absoludev.ca\/produit\/tern-lockstand-quadstruts\/#breadcrumb"},"inLanguage":"en-US","potentialAction":[{"@type":"ReadAction","target":["https:\/\/dumoulin.absoludev.ca\/produit\/tern-lockstand-quadstruts\/"]}]},{"@type":"ImageObject","inLanguage":"en-US","@id":"https:\/\/dumoulin.absoludev.ca\/produit\/tern-lockstand-quadstruts\/#primaryimage","url":"https:\/\/dumoulin.absoludev.ca\/wp-content\/uploads\/2024\/11\/Tern-Lockstand-QuadStruts-dumoulin-bicyclettes-montreal-1.jpg","contentUrl":"https:\/\/dumoulin.absoludev.ca\/wp-content\/uploads\/2024\/11\/Tern-Lockstand-QuadStruts-dumoulin-bicyclettes-montreal-1.jpg","width":1960,"height":1305},{"@type":"BreadcrumbList","@id":"https:\/\/dumoulin.absoludev.ca\/produit\/tern-lockstand-quadstruts\/#breadcrumb","itemListElement":[{"@type":"ListItem","position":1,"name":"Home","item":"https:\/\/dumoulin.absoludev.ca\/en\/"},{"@type":"ListItem","position":2,"name":"Shop","item":"https:\/\/dumoulin.absoludev.ca\/en\/shop\/"},{"@type":"ListItem","position":3,"name":"B\u00e9quilles additionnelles Tern \u00ab\u00a0Lockstand Quadstruts\u00a0\u00bb"}]},{"@type":"WebSite","@id":"https:\/\/dumoulin.absoludev.ca\/#website","url":"https:\/\/dumoulin.absoludev.ca\/","name":"Dumoulin Bicyclettes","description":"","publisher":{"@id":"https:\/\/dumoulin.absoludev.ca\/#organization"},"potentialAction":[{"@type":"SearchAction","target":{"@type":"EntryPoint","urlTemplate":"https:\/\/dumoulin.absoludev.ca\/?s={search_term_string}"},"query-input":{"@type":"PropertyValueSpecification","valueRequired":true,"valueName":"search_term_string"}}],"inLanguage":"en-US"},{"@type":"Organization","@id":"https:\/\/dumoulin.absoludev.ca\/#organization","name":"Dumoulin Bicyclettes","url":"https:\/\/dumoulin.absoludev.ca\/","logo":{"@type":"ImageObject","inLanguage":"en-US","@id":"https:\/\/dumoulin.absoludev.ca\/#\/schema\/logo\/image\/","url":"https:\/\/www.dumoulinbicyclettes.com\/wp-content\/uploads\/2021\/04\/Logo.svg","contentUrl":"https:\/\/www.dumoulinbicyclettes.com\/wp-content\/uploads\/2021\/04\/Logo.svg","width":254,"height":86,"caption":"Dumoulin Bicyclettes"},"image":{"@id":"https:\/\/dumoulin.absoludev.ca\/#\/schema\/logo\/image\/"},"sameAs":["https:\/\/www.facebook.com\/dumoulinbicyclettes","https:\/\/www.instagram.com\/dumoulin.ca\/","https:\/\/www.youtube.com\/user\/dumoulinbicyclettes"]}]}},"_links":{"self":[{"href":"https:\/\/dumoulin.absoludev.ca\/en\/wp-json\/wp\/v2\/product\/497264","targetHints":{"allow":["GET"]}}],"collection":[{"href":"https:\/\/dumoulin.absoludev.ca\/en\/wp-json\/wp\/v2\/product"}],"about":[{"href":"https:\/\/dumoulin.absoludev.ca\/en\/wp-json\/wp\/v2\/types\/product"}],"wp:featuredmedia":[{"embeddable":true,"href":"https:\/\/dumoulin.absoludev.ca\/en\/wp-json\/wp\/v2\/media\/497271"}],"wp:attachment":[{"href":"https:\/\/dumoulin.absoludev.ca\/en\/wp-json\/wp\/v2\/media?parent=497264"}],"wp:term":[{"taxonomy":"product_brand","embeddable":true,"href":"https:\/\/dumoulin.absoludev.ca\/en\/wp-json\/wp\/v2\/product_brand?post=497264"},{"taxonomy":"product_cat","embeddable":true,"href":"https:\/\/dumoulin.absoludev.ca\/en\/wp-json\/wp\/v2\/product_cat?post=497264"},{"taxonomy":"product_tag","embeddable":true,"href":"https:\/\/dumoulin.absoludev.ca\/en\/wp-json\/wp\/v2\/product_tag?post=497264"},{"taxonomy":"marque-produit","embeddable":true,"href":"https:\/\/dumoulin.absoludev.ca\/en\/wp-json\/wp\/v2\/marque-produit?post=497264"},{"taxonomy":"collection-produit","embeddable":true,"href":"https:\/\/dumoulin.absoludev.ca\/en\/wp-json\/wp\/v2\/collection-produit?post=497264"},{"taxonomy":"type-surface-produit","embeddable":true,"href":"https:\/\/dumoulin.absoludev.ca\/en\/wp-json\/wp\/v2\/type-surface-produit?post=497264"},{"taxonomy":"type-velo-produit","embeddable":true,"href":"https:\/\/dumoulin.absoludev.ca\/en\/wp-json\/wp\/v2\/type-velo-produit?post=497264"},{"taxonomy":"vetement-produit","embeddable":true,"href":"https:\/\/dumoulin.absoludev.ca\/en\/wp-json\/wp\/v2\/vetement-produit?post=497264"},{"taxonomy":"thematique-produit","embeddable":true,"href":"https:\/\/dumoulin.absoludev.ca\/en\/wp-json\/wp\/v2\/thematique-produit?post=497264"},{"taxonomy":"position-sur-le-v\u00e9lo","embeddable":true,"href":"https:\/\/dumoulin.absoludev.ca\/en\/wp-json\/wp\/v2\/position-sur-le-v\u00e9lo?post=497264"}],"curies":[{"name":"wp","href":"https:\/\/api.w.org\/{rel}","templated":true}]}}