{"id":497186,"date":"2024-11-27T16:15:51","date_gmt":"2024-11-27T21:15:51","guid":{"rendered":"http:\/\/www.dumoulinbicyclettes.com\/?post_type=product&#038;p=497186"},"modified":"2025-09-04T14:17:32","modified_gmt":"2025-09-04T18:17:32","slug":"ecran-de-controle-shimano-sc-e6100-ecran-seul","status":"publish","type":"product","link":"https:\/\/dumoulin.absoludev.ca\/en\/produit\/ecran-de-controle-shimano-sc-e6100-ecran-seul\/","title":{"rendered":"\u00c9cran de contr\u00f4le Shimano SC-E6100"},"content":{"rendered":"<p>L&#8217;\u00e9cran de contr\u00f4le SC-E6100 de Shimano vous permet de contr\u00f4ler votre v\u00e9lo \u00e9lectrique \u00e9quip\u00e9 d&#8217;une motorisation Shimano Steps. Il se distingue par son grand affichage clair et ses nombreuses fonctions.<\/p>\n","protected":false},"excerpt":{"rendered":"<p>L&#8217;\u00e9cran de contr\u00f4le SC-E6100 de Shimano vous permet de contr\u00f4ler votre v\u00e9lo \u00e9lectrique \u00e9quip\u00e9 d&#8217;une motorisation Shimano Steps. Il se distingue par son grand affichage clair et ses nombreuses fonctions.<\/p>\n","protected":false},"featured_media":497187,"template":"","meta":{"_acf_changed":false},"product_brand":[],"product_cat":[194,216],"product_tag":[3478,3479,2297],"marque-produit":[1290],"collection-produit":[],"type-surface-produit":[],"type-velo-produit":[],"vetement-produit":[],"thematique-produit":[],"position-sur-le-v\u00e9lo":[],"class_list":{"0":"post-497186","1":"product","2":"type-product","3":"status-publish","4":"has-post-thumbnail","6":"product_cat-accessoires-divers","7":"product_cat-composantes-et-outils","8":"product_tag-ecran-de-controle","9":"product_tag-sc-e6100","10":"product_tag-shimano","11":"marque-produit-shimano","13":"first","14":"outofstock","15":"taxable","16":"shipping-taxable","17":"purchasable","18":"product-type-simple"},"acf":[],"yoast_head":"<!-- This site is optimized with the Yoast SEO plugin v24.3 - https:\/\/yoast.com\/wordpress\/plugins\/seo\/ -->\n<title>\u00c9cran de contr\u00f4le Shimano SC-E6100 - Dumoulin Bicyclettes<\/title>\n<meta name=\"description\" content=\"L&#039;\u00e9cran de contr\u00f4le SC-E6100 de Shimano vous permet de contr\u00f4ler votre v\u00e9lo \u00e9lectrique \u00e9quip\u00e9 d&#039;une motorisation Shimano Steps.\" \/>\n<meta name=\"robots\" content=\"noindex, follow, max-snippet:-1, max-image-preview:large, max-video-preview:-1\" \/>\n<meta property=\"og:locale\" content=\"en_US\" \/>\n<meta property=\"og:type\" content=\"article\" \/>\n<meta property=\"og:title\" content=\"\u00c9cran de contr\u00f4le Shimano SC-E6100 - Dumoulin Bicyclettes\" \/>\n<meta property=\"og:description\" content=\"L&#039;\u00e9cran de contr\u00f4le SC-E6100 de Shimano vous permet de contr\u00f4ler votre v\u00e9lo \u00e9lectrique \u00e9quip\u00e9 d&#039;une motorisation Shimano Steps.\" \/>\n<meta property=\"og:url\" content=\"https:\/\/dumoulin.absoludev.ca\/produit\/ecran-de-controle-shimano-sc-e6100-ecran-seul\/\" \/>\n<meta property=\"og:site_name\" content=\"Dumoulin Bicyclettes\" \/>\n<meta property=\"article:publisher\" content=\"https:\/\/www.facebook.com\/dumoulinbicyclettes\" \/>\n<meta property=\"article:modified_time\" content=\"2025-09-04T18:17:32+00:00\" \/>\n<meta property=\"og:image\" content=\"https:\/\/dumoulin.absoludev.ca\/wp-content\/uploads\/2024\/11\/ECRAN-CONTROLE-VELO-ELECTRIQUE-SHIMANO-SC-E6100_.jpg\" \/>\n\t<meta property=\"og:image:width\" content=\"818\" \/>\n\t<meta property=\"og:image:height\" content=\"818\" \/>\n\t<meta property=\"og:image:type\" content=\"image\/jpeg\" \/>\n<meta name=\"twitter:card\" content=\"summary_large_image\" \/>\n<meta name=\"twitter:label1\" content=\"Est. reading time\" \/>\n\t<meta name=\"twitter:data1\" content=\"1 minute\" \/>\n<script type=\"application\/ld+json\" class=\"yoast-schema-graph\">{\"@context\":\"https:\/\/schema.org\",\"@graph\":[{\"@type\":\"WebPage\",\"@id\":\"https:\/\/dumoulin.absoludev.ca\/produit\/ecran-de-controle-shimano-sc-e6100-ecran-seul\/\",\"url\":\"https:\/\/dumoulin.absoludev.ca\/produit\/ecran-de-controle-shimano-sc-e6100-ecran-seul\/\",\"name\":\"\u00c9cran de contr\u00f4le Shimano SC-E6100 - Dumoulin Bicyclettes\",\"isPartOf\":{\"@id\":\"https:\/\/dumoulin.absoludev.ca\/#website\"},\"primaryImageOfPage\":{\"@id\":\"https:\/\/dumoulin.absoludev.ca\/produit\/ecran-de-controle-shimano-sc-e6100-ecran-seul\/#primaryimage\"},\"image\":{\"@id\":\"https:\/\/dumoulin.absoludev.ca\/produit\/ecran-de-controle-shimano-sc-e6100-ecran-seul\/#primaryimage\"},\"thumbnailUrl\":\"https:\/\/dumoulin.absoludev.ca\/wp-content\/uploads\/2024\/11\/ECRAN-CONTROLE-VELO-ELECTRIQUE-SHIMANO-SC-E6100_.jpg\",\"datePublished\":\"2024-11-27T21:15:51+00:00\",\"dateModified\":\"2025-09-04T18:17:32+00:00\",\"description\":\"L'\u00e9cran de contr\u00f4le SC-E6100 de Shimano vous permet de contr\u00f4ler votre v\u00e9lo \u00e9lectrique \u00e9quip\u00e9 d'une motorisation Shimano Steps.\",\"breadcrumb\":{\"@id\":\"https:\/\/dumoulin.absoludev.ca\/produit\/ecran-de-controle-shimano-sc-e6100-ecran-seul\/#breadcrumb\"},\"inLanguage\":\"en-US\",\"potentialAction\":[{\"@type\":\"ReadAction\",\"target\":[\"https:\/\/dumoulin.absoludev.ca\/produit\/ecran-de-controle-shimano-sc-e6100-ecran-seul\/\"]}]},{\"@type\":\"ImageObject\",\"inLanguage\":\"en-US\",\"@id\":\"https:\/\/dumoulin.absoludev.ca\/produit\/ecran-de-controle-shimano-sc-e6100-ecran-seul\/#primaryimage\",\"url\":\"https:\/\/dumoulin.absoludev.ca\/wp-content\/uploads\/2024\/11\/ECRAN-CONTROLE-VELO-ELECTRIQUE-SHIMANO-SC-E6100_.jpg\",\"contentUrl\":\"https:\/\/dumoulin.absoludev.ca\/wp-content\/uploads\/2024\/11\/ECRAN-CONTROLE-VELO-ELECTRIQUE-SHIMANO-SC-E6100_.jpg\",\"width\":818,\"height\":818},{\"@type\":\"BreadcrumbList\",\"@id\":\"https:\/\/dumoulin.absoludev.ca\/produit\/ecran-de-controle-shimano-sc-e6100-ecran-seul\/#breadcrumb\",\"itemListElement\":[{\"@type\":\"ListItem\",\"position\":1,\"name\":\"Home\",\"item\":\"https:\/\/dumoulin.absoludev.ca\/en\/\"},{\"@type\":\"ListItem\",\"position\":2,\"name\":\"Shop\",\"item\":\"https:\/\/dumoulin.absoludev.ca\/en\/shop\/\"},{\"@type\":\"ListItem\",\"position\":3,\"name\":\"\u00c9cran de contr\u00f4le Shimano SC-E6100\"}]},{\"@type\":\"WebSite\",\"@id\":\"https:\/\/dumoulin.absoludev.ca\/#website\",\"url\":\"https:\/\/dumoulin.absoludev.ca\/\",\"name\":\"Dumoulin Bicyclettes\",\"description\":\"\",\"publisher\":{\"@id\":\"https:\/\/dumoulin.absoludev.ca\/#organization\"},\"potentialAction\":[{\"@type\":\"SearchAction\",\"target\":{\"@type\":\"EntryPoint\",\"urlTemplate\":\"https:\/\/dumoulin.absoludev.ca\/?s={search_term_string}\"},\"query-input\":{\"@type\":\"PropertyValueSpecification\",\"valueRequired\":true,\"valueName\":\"search_term_string\"}}],\"inLanguage\":\"en-US\"},{\"@type\":\"Organization\",\"@id\":\"https:\/\/dumoulin.absoludev.ca\/#organization\",\"name\":\"Dumoulin Bicyclettes\",\"url\":\"https:\/\/dumoulin.absoludev.ca\/\",\"logo\":{\"@type\":\"ImageObject\",\"inLanguage\":\"en-US\",\"@id\":\"https:\/\/dumoulin.absoludev.ca\/#\/schema\/logo\/image\/\",\"url\":\"https:\/\/www.dumoulinbicyclettes.com\/wp-content\/uploads\/2021\/04\/Logo.svg\",\"contentUrl\":\"https:\/\/www.dumoulinbicyclettes.com\/wp-content\/uploads\/2021\/04\/Logo.svg\",\"width\":254,\"height\":86,\"caption\":\"Dumoulin Bicyclettes\"},\"image\":{\"@id\":\"https:\/\/dumoulin.absoludev.ca\/#\/schema\/logo\/image\/\"},\"sameAs\":[\"https:\/\/www.facebook.com\/dumoulinbicyclettes\",\"https:\/\/www.instagram.com\/dumoulin.ca\/\",\"https:\/\/www.youtube.com\/user\/dumoulinbicyclettes\"]}]}<\/script>\n<!-- \/ Yoast SEO plugin. -->","yoast_head_json":{"title":"\u00c9cran de contr\u00f4le Shimano SC-E6100 - Dumoulin Bicyclettes","description":"L'\u00e9cran de contr\u00f4le SC-E6100 de Shimano vous permet de contr\u00f4ler votre v\u00e9lo \u00e9lectrique \u00e9quip\u00e9 d'une motorisation Shimano Steps.","robots":{"index":"noindex","follow":"follow","max-snippet":"max-snippet:-1","max-image-preview":"max-image-preview:large","max-video-preview":"max-video-preview:-1"},"og_locale":"en_US","og_type":"article","og_title":"\u00c9cran de contr\u00f4le Shimano SC-E6100 - Dumoulin Bicyclettes","og_description":"L'\u00e9cran de contr\u00f4le SC-E6100 de Shimano vous permet de contr\u00f4ler votre v\u00e9lo \u00e9lectrique \u00e9quip\u00e9 d'une motorisation Shimano Steps.","og_url":"https:\/\/dumoulin.absoludev.ca\/produit\/ecran-de-controle-shimano-sc-e6100-ecran-seul\/","og_site_name":"Dumoulin Bicyclettes","article_publisher":"https:\/\/www.facebook.com\/dumoulinbicyclettes","article_modified_time":"2025-09-04T18:17:32+00:00","og_image":[{"width":818,"height":818,"url":"https:\/\/dumoulin.absoludev.ca\/wp-content\/uploads\/2024\/11\/ECRAN-CONTROLE-VELO-ELECTRIQUE-SHIMANO-SC-E6100_.jpg","type":"image\/jpeg"}],"twitter_card":"summary_large_image","twitter_misc":{"Est. reading time":"1 minute"},"schema":{"@context":"https:\/\/schema.org","@graph":[{"@type":"WebPage","@id":"https:\/\/dumoulin.absoludev.ca\/produit\/ecran-de-controle-shimano-sc-e6100-ecran-seul\/","url":"https:\/\/dumoulin.absoludev.ca\/produit\/ecran-de-controle-shimano-sc-e6100-ecran-seul\/","name":"\u00c9cran de contr\u00f4le Shimano SC-E6100 - Dumoulin Bicyclettes","isPartOf":{"@id":"https:\/\/dumoulin.absoludev.ca\/#website"},"primaryImageOfPage":{"@id":"https:\/\/dumoulin.absoludev.ca\/produit\/ecran-de-controle-shimano-sc-e6100-ecran-seul\/#primaryimage"},"image":{"@id":"https:\/\/dumoulin.absoludev.ca\/produit\/ecran-de-controle-shimano-sc-e6100-ecran-seul\/#primaryimage"},"thumbnailUrl":"https:\/\/dumoulin.absoludev.ca\/wp-content\/uploads\/2024\/11\/ECRAN-CONTROLE-VELO-ELECTRIQUE-SHIMANO-SC-E6100_.jpg","datePublished":"2024-11-27T21:15:51+00:00","dateModified":"2025-09-04T18:17:32+00:00","description":"L'\u00e9cran de contr\u00f4le SC-E6100 de Shimano vous permet de contr\u00f4ler votre v\u00e9lo \u00e9lectrique \u00e9quip\u00e9 d'une motorisation Shimano Steps.","breadcrumb":{"@id":"https:\/\/dumoulin.absoludev.ca\/produit\/ecran-de-controle-shimano-sc-e6100-ecran-seul\/#breadcrumb"},"inLanguage":"en-US","potentialAction":[{"@type":"ReadAction","target":["https:\/\/dumoulin.absoludev.ca\/produit\/ecran-de-controle-shimano-sc-e6100-ecran-seul\/"]}]},{"@type":"ImageObject","inLanguage":"en-US","@id":"https:\/\/dumoulin.absoludev.ca\/produit\/ecran-de-controle-shimano-sc-e6100-ecran-seul\/#primaryimage","url":"https:\/\/dumoulin.absoludev.ca\/wp-content\/uploads\/2024\/11\/ECRAN-CONTROLE-VELO-ELECTRIQUE-SHIMANO-SC-E6100_.jpg","contentUrl":"https:\/\/dumoulin.absoludev.ca\/wp-content\/uploads\/2024\/11\/ECRAN-CONTROLE-VELO-ELECTRIQUE-SHIMANO-SC-E6100_.jpg","width":818,"height":818},{"@type":"BreadcrumbList","@id":"https:\/\/dumoulin.absoludev.ca\/produit\/ecran-de-controle-shimano-sc-e6100-ecran-seul\/#breadcrumb","itemListElement":[{"@type":"ListItem","position":1,"name":"Home","item":"https:\/\/dumoulin.absoludev.ca\/en\/"},{"@type":"ListItem","position":2,"name":"Shop","item":"https:\/\/dumoulin.absoludev.ca\/en\/shop\/"},{"@type":"ListItem","position":3,"name":"\u00c9cran de contr\u00f4le Shimano SC-E6100"}]},{"@type":"WebSite","@id":"https:\/\/dumoulin.absoludev.ca\/#website","url":"https:\/\/dumoulin.absoludev.ca\/","name":"Dumoulin Bicyclettes","description":"","publisher":{"@id":"https:\/\/dumoulin.absoludev.ca\/#organization"},"potentialAction":[{"@type":"SearchAction","target":{"@type":"EntryPoint","urlTemplate":"https:\/\/dumoulin.absoludev.ca\/?s={search_term_string}"},"query-input":{"@type":"PropertyValueSpecification","valueRequired":true,"valueName":"search_term_string"}}],"inLanguage":"en-US"},{"@type":"Organization","@id":"https:\/\/dumoulin.absoludev.ca\/#organization","name":"Dumoulin Bicyclettes","url":"https:\/\/dumoulin.absoludev.ca\/","logo":{"@type":"ImageObject","inLanguage":"en-US","@id":"https:\/\/dumoulin.absoludev.ca\/#\/schema\/logo\/image\/","url":"https:\/\/www.dumoulinbicyclettes.com\/wp-content\/uploads\/2021\/04\/Logo.svg","contentUrl":"https:\/\/www.dumoulinbicyclettes.com\/wp-content\/uploads\/2021\/04\/Logo.svg","width":254,"height":86,"caption":"Dumoulin Bicyclettes"},"image":{"@id":"https:\/\/dumoulin.absoludev.ca\/#\/schema\/logo\/image\/"},"sameAs":["https:\/\/www.facebook.com\/dumoulinbicyclettes","https:\/\/www.instagram.com\/dumoulin.ca\/","https:\/\/www.youtube.com\/user\/dumoulinbicyclettes"]}]}},"_links":{"self":[{"href":"https:\/\/dumoulin.absoludev.ca\/en\/wp-json\/wp\/v2\/product\/497186","targetHints":{"allow":["GET"]}}],"collection":[{"href":"https:\/\/dumoulin.absoludev.ca\/en\/wp-json\/wp\/v2\/product"}],"about":[{"href":"https:\/\/dumoulin.absoludev.ca\/en\/wp-json\/wp\/v2\/types\/product"}],"wp:featuredmedia":[{"embeddable":true,"href":"https:\/\/dumoulin.absoludev.ca\/en\/wp-json\/wp\/v2\/media\/497187"}],"wp:attachment":[{"href":"https:\/\/dumoulin.absoludev.ca\/en\/wp-json\/wp\/v2\/media?parent=497186"}],"wp:term":[{"taxonomy":"product_brand","embeddable":true,"href":"https:\/\/dumoulin.absoludev.ca\/en\/wp-json\/wp\/v2\/product_brand?post=497186"},{"taxonomy":"product_cat","embeddable":true,"href":"https:\/\/dumoulin.absoludev.ca\/en\/wp-json\/wp\/v2\/product_cat?post=497186"},{"taxonomy":"product_tag","embeddable":true,"href":"https:\/\/dumoulin.absoludev.ca\/en\/wp-json\/wp\/v2\/product_tag?post=497186"},{"taxonomy":"marque-produit","embeddable":true,"href":"https:\/\/dumoulin.absoludev.ca\/en\/wp-json\/wp\/v2\/marque-produit?post=497186"},{"taxonomy":"collection-produit","embeddable":true,"href":"https:\/\/dumoulin.absoludev.ca\/en\/wp-json\/wp\/v2\/collection-produit?post=497186"},{"taxonomy":"type-surface-produit","embeddable":true,"href":"https:\/\/dumoulin.absoludev.ca\/en\/wp-json\/wp\/v2\/type-surface-produit?post=497186"},{"taxonomy":"type-velo-produit","embeddable":true,"href":"https:\/\/dumoulin.absoludev.ca\/en\/wp-json\/wp\/v2\/type-velo-produit?post=497186"},{"taxonomy":"vetement-produit","embeddable":true,"href":"https:\/\/dumoulin.absoludev.ca\/en\/wp-json\/wp\/v2\/vetement-produit?post=497186"},{"taxonomy":"thematique-produit","embeddable":true,"href":"https:\/\/dumoulin.absoludev.ca\/en\/wp-json\/wp\/v2\/thematique-produit?post=497186"},{"taxonomy":"position-sur-le-v\u00e9lo","embeddable":true,"href":"https:\/\/dumoulin.absoludev.ca\/en\/wp-json\/wp\/v2\/position-sur-le-v\u00e9lo?post=497186"}],"curies":[{"name":"wp","href":"https:\/\/api.w.org\/{rel}","templated":true}]}}