{"id":495831,"date":"2024-11-26T12:11:40","date_gmt":"2024-11-26T17:11:40","guid":{"rendered":"http:\/\/www.dumoulinbicyclettes.com\/?post_type=product&#038;p=495831"},"modified":"2025-09-04T14:17:32","modified_gmt":"2025-09-04T18:17:32","slug":"tern-sidekick-wheel-guard-l-gen-2","status":"publish","type":"product","link":"https:\/\/dumoulin.absoludev.ca\/en\/produit\/tern-sidekick-wheel-guard-l-gen-2\/","title":{"rendered":"Prot\u00e8ge-pieds Tern &#8220;Sidekick Wheel Guard L&#8221; Gen 2 (pour Quick Haul Long)"},"content":{"rendered":"<p>Les &#8220;Sidekick Wheel Guard L&#8221; sont des housses en maille con\u00e7ues pour prot\u00e9ger les jambes et les pieds des passagers jeunes et adultes sur le porte-bagages arri\u00e8re Quick Haul Long. Que votre enfant soit assis sur le coussin de si\u00e8ge Sidekick, sur la chaise capitaine ou sur un si\u00e8ge enfant sans panneaux de repose-pieds, ces housses emp\u00eacheront ses lacets et ses v\u00eatements de se coincer dans la roue.<\/p>\n","protected":false},"excerpt":{"rendered":"<p>Les &#8220;Sidekick Wheel Guard L&#8221; sont des housses en maille con\u00e7ues pour prot\u00e9ger les jambes et les pieds des passagers jeunes et adultes sur le porte-bagages arri\u00e8re Quick Haul Long. Que votre enfant soit assis sur le coussin de si\u00e8ge Sidekick, sur la chaise capitaine ou sur un si\u00e8ge enfant sans panneaux de repose-pieds, ces [&hellip;]<\/p>\n","protected":false},"featured_media":495832,"template":"","meta":{"_acf_changed":false},"product_brand":[],"product_cat":[183,2509],"product_tag":[3110,3147,3098,3148,2570,2203],"marque-produit":[154],"collection-produit":[],"type-surface-produit":[],"type-velo-produit":[],"vetement-produit":[],"thematique-produit":[],"position-sur-le-v\u00e9lo":[],"class_list":{"0":"post-495831","1":"product","2":"type-product","3":"status-publish","4":"has-post-thumbnail","6":"product_cat-accessoires-pour-velo-cargo","7":"product_cat-tern","8":"product_tag-gen-2","9":"product_tag-l","10":"product_tag-protege-pieds","11":"product_tag-quick-haul-long","12":"product_tag-sidekick-wheel-guard","13":"product_tag-tern","14":"marque-produit-tern","16":"first","17":"instock","18":"taxable","19":"shipping-taxable","20":"purchasable","21":"product-type-simple"},"acf":[],"yoast_head":"<!-- This site is optimized with the Yoast SEO plugin v24.3 - https:\/\/yoast.com\/wordpress\/plugins\/seo\/ -->\n<title>Prot\u00e8ge-pieds Tern &quot;Sidekick Wheel Guard L&quot; Gen 2 (pour Quick Haul Long) - Dumoulin Bicyclettes<\/title>\n<meta name=\"description\" content=\"Les &quot;Sidekick Wheel Guard L&quot; sont des housses en maille qui prot\u00e8gent es jambes et les pieds des passagers sur le porte-bagages arri\u00e8re Tern Quick Haul Long\" \/>\n<meta name=\"robots\" content=\"noindex, follow, max-snippet:-1, max-image-preview:large, max-video-preview:-1\" \/>\n<meta property=\"og:locale\" content=\"en_US\" \/>\n<meta property=\"og:type\" content=\"article\" \/>\n<meta property=\"og:title\" content=\"Prot\u00e8ge-pieds Tern &quot;Sidekick Wheel Guard L&quot; Gen 2 (pour Quick Haul Long) - Dumoulin Bicyclettes\" \/>\n<meta property=\"og:description\" content=\"Les &quot;Sidekick Wheel Guard L&quot; sont des housses en maille qui prot\u00e8gent es jambes et les pieds des passagers sur le porte-bagages arri\u00e8re Tern Quick Haul Long\" \/>\n<meta property=\"og:url\" content=\"https:\/\/dumoulin.absoludev.ca\/produit\/tern-sidekick-wheel-guard-l-gen-2\/\" \/>\n<meta property=\"og:site_name\" content=\"Dumoulin Bicyclettes\" \/>\n<meta property=\"article:publisher\" content=\"https:\/\/www.facebook.com\/dumoulinbicyclettes\" \/>\n<meta property=\"article:modified_time\" content=\"2025-09-04T18:17:32+00:00\" \/>\n<meta property=\"og:image\" content=\"https:\/\/dumoulin.absoludev.ca\/wp-content\/uploads\/2024\/11\/TERN-SIDEKICK-WHEEL-GUARD-L-Gen-2.jpg\" \/>\n\t<meta property=\"og:image:width\" content=\"1960\" \/>\n\t<meta property=\"og:image:height\" content=\"1331\" \/>\n\t<meta property=\"og:image:type\" content=\"image\/jpeg\" \/>\n<meta name=\"twitter:card\" content=\"summary_large_image\" \/>\n<meta name=\"twitter:label1\" content=\"Est. reading time\" \/>\n\t<meta name=\"twitter:data1\" content=\"1 minute\" \/>\n<script type=\"application\/ld+json\" class=\"yoast-schema-graph\">{\"@context\":\"https:\/\/schema.org\",\"@graph\":[{\"@type\":\"WebPage\",\"@id\":\"https:\/\/dumoulin.absoludev.ca\/produit\/tern-sidekick-wheel-guard-l-gen-2\/\",\"url\":\"https:\/\/dumoulin.absoludev.ca\/produit\/tern-sidekick-wheel-guard-l-gen-2\/\",\"name\":\"Prot\u00e8ge-pieds Tern \\\"Sidekick Wheel Guard L\\\" Gen 2 (pour Quick Haul Long) - Dumoulin Bicyclettes\",\"isPartOf\":{\"@id\":\"https:\/\/dumoulin.absoludev.ca\/#website\"},\"primaryImageOfPage\":{\"@id\":\"https:\/\/dumoulin.absoludev.ca\/produit\/tern-sidekick-wheel-guard-l-gen-2\/#primaryimage\"},\"image\":{\"@id\":\"https:\/\/dumoulin.absoludev.ca\/produit\/tern-sidekick-wheel-guard-l-gen-2\/#primaryimage\"},\"thumbnailUrl\":\"https:\/\/dumoulin.absoludev.ca\/wp-content\/uploads\/2024\/11\/TERN-SIDEKICK-WHEEL-GUARD-L-Gen-2.jpg\",\"datePublished\":\"2024-11-26T17:11:40+00:00\",\"dateModified\":\"2025-09-04T18:17:32+00:00\",\"description\":\"Les \\\"Sidekick Wheel Guard L\\\" sont des housses en maille qui prot\u00e8gent es jambes et les pieds des passagers sur le porte-bagages arri\u00e8re Tern Quick Haul Long\",\"breadcrumb\":{\"@id\":\"https:\/\/dumoulin.absoludev.ca\/produit\/tern-sidekick-wheel-guard-l-gen-2\/#breadcrumb\"},\"inLanguage\":\"en-US\",\"potentialAction\":[{\"@type\":\"ReadAction\",\"target\":[\"https:\/\/dumoulin.absoludev.ca\/produit\/tern-sidekick-wheel-guard-l-gen-2\/\"]}]},{\"@type\":\"ImageObject\",\"inLanguage\":\"en-US\",\"@id\":\"https:\/\/dumoulin.absoludev.ca\/produit\/tern-sidekick-wheel-guard-l-gen-2\/#primaryimage\",\"url\":\"https:\/\/dumoulin.absoludev.ca\/wp-content\/uploads\/2024\/11\/TERN-SIDEKICK-WHEEL-GUARD-L-Gen-2.jpg\",\"contentUrl\":\"https:\/\/dumoulin.absoludev.ca\/wp-content\/uploads\/2024\/11\/TERN-SIDEKICK-WHEEL-GUARD-L-Gen-2.jpg\",\"width\":1960,\"height\":1331},{\"@type\":\"BreadcrumbList\",\"@id\":\"https:\/\/dumoulin.absoludev.ca\/produit\/tern-sidekick-wheel-guard-l-gen-2\/#breadcrumb\",\"itemListElement\":[{\"@type\":\"ListItem\",\"position\":1,\"name\":\"Home\",\"item\":\"https:\/\/dumoulin.absoludev.ca\/en\/\"},{\"@type\":\"ListItem\",\"position\":2,\"name\":\"Shop\",\"item\":\"https:\/\/dumoulin.absoludev.ca\/en\/shop\/\"},{\"@type\":\"ListItem\",\"position\":3,\"name\":\"Prot\u00e8ge-pieds Tern \u00ab\u00a0Sidekick Wheel Guard L\u00a0\u00bb Gen 2 (pour Quick Haul Long)\"}]},{\"@type\":\"WebSite\",\"@id\":\"https:\/\/dumoulin.absoludev.ca\/#website\",\"url\":\"https:\/\/dumoulin.absoludev.ca\/\",\"name\":\"Dumoulin Bicyclettes\",\"description\":\"\",\"publisher\":{\"@id\":\"https:\/\/dumoulin.absoludev.ca\/#organization\"},\"potentialAction\":[{\"@type\":\"SearchAction\",\"target\":{\"@type\":\"EntryPoint\",\"urlTemplate\":\"https:\/\/dumoulin.absoludev.ca\/?s={search_term_string}\"},\"query-input\":{\"@type\":\"PropertyValueSpecification\",\"valueRequired\":true,\"valueName\":\"search_term_string\"}}],\"inLanguage\":\"en-US\"},{\"@type\":\"Organization\",\"@id\":\"https:\/\/dumoulin.absoludev.ca\/#organization\",\"name\":\"Dumoulin Bicyclettes\",\"url\":\"https:\/\/dumoulin.absoludev.ca\/\",\"logo\":{\"@type\":\"ImageObject\",\"inLanguage\":\"en-US\",\"@id\":\"https:\/\/dumoulin.absoludev.ca\/#\/schema\/logo\/image\/\",\"url\":\"https:\/\/www.dumoulinbicyclettes.com\/wp-content\/uploads\/2021\/04\/Logo.svg\",\"contentUrl\":\"https:\/\/www.dumoulinbicyclettes.com\/wp-content\/uploads\/2021\/04\/Logo.svg\",\"width\":254,\"height\":86,\"caption\":\"Dumoulin Bicyclettes\"},\"image\":{\"@id\":\"https:\/\/dumoulin.absoludev.ca\/#\/schema\/logo\/image\/\"},\"sameAs\":[\"https:\/\/www.facebook.com\/dumoulinbicyclettes\",\"https:\/\/www.instagram.com\/dumoulin.ca\/\",\"https:\/\/www.youtube.com\/user\/dumoulinbicyclettes\"]}]}<\/script>\n<!-- \/ Yoast SEO plugin. -->","yoast_head_json":{"title":"Prot\u00e8ge-pieds Tern \"Sidekick Wheel Guard L\" Gen 2 (pour Quick Haul Long) - Dumoulin Bicyclettes","description":"Les \"Sidekick Wheel Guard L\" sont des housses en maille qui prot\u00e8gent es jambes et les pieds des passagers sur le porte-bagages arri\u00e8re Tern Quick Haul Long","robots":{"index":"noindex","follow":"follow","max-snippet":"max-snippet:-1","max-image-preview":"max-image-preview:large","max-video-preview":"max-video-preview:-1"},"og_locale":"en_US","og_type":"article","og_title":"Prot\u00e8ge-pieds Tern \"Sidekick Wheel Guard L\" Gen 2 (pour Quick Haul Long) - Dumoulin Bicyclettes","og_description":"Les \"Sidekick Wheel Guard L\" sont des housses en maille qui prot\u00e8gent es jambes et les pieds des passagers sur le porte-bagages arri\u00e8re Tern Quick Haul Long","og_url":"https:\/\/dumoulin.absoludev.ca\/produit\/tern-sidekick-wheel-guard-l-gen-2\/","og_site_name":"Dumoulin Bicyclettes","article_publisher":"https:\/\/www.facebook.com\/dumoulinbicyclettes","article_modified_time":"2025-09-04T18:17:32+00:00","og_image":[{"width":1960,"height":1331,"url":"https:\/\/dumoulin.absoludev.ca\/wp-content\/uploads\/2024\/11\/TERN-SIDEKICK-WHEEL-GUARD-L-Gen-2.jpg","type":"image\/jpeg"}],"twitter_card":"summary_large_image","twitter_misc":{"Est. reading time":"1 minute"},"schema":{"@context":"https:\/\/schema.org","@graph":[{"@type":"WebPage","@id":"https:\/\/dumoulin.absoludev.ca\/produit\/tern-sidekick-wheel-guard-l-gen-2\/","url":"https:\/\/dumoulin.absoludev.ca\/produit\/tern-sidekick-wheel-guard-l-gen-2\/","name":"Prot\u00e8ge-pieds Tern \"Sidekick Wheel Guard L\" Gen 2 (pour Quick Haul Long) - Dumoulin Bicyclettes","isPartOf":{"@id":"https:\/\/dumoulin.absoludev.ca\/#website"},"primaryImageOfPage":{"@id":"https:\/\/dumoulin.absoludev.ca\/produit\/tern-sidekick-wheel-guard-l-gen-2\/#primaryimage"},"image":{"@id":"https:\/\/dumoulin.absoludev.ca\/produit\/tern-sidekick-wheel-guard-l-gen-2\/#primaryimage"},"thumbnailUrl":"https:\/\/dumoulin.absoludev.ca\/wp-content\/uploads\/2024\/11\/TERN-SIDEKICK-WHEEL-GUARD-L-Gen-2.jpg","datePublished":"2024-11-26T17:11:40+00:00","dateModified":"2025-09-04T18:17:32+00:00","description":"Les \"Sidekick Wheel Guard L\" sont des housses en maille qui prot\u00e8gent es jambes et les pieds des passagers sur le porte-bagages arri\u00e8re Tern Quick Haul Long","breadcrumb":{"@id":"https:\/\/dumoulin.absoludev.ca\/produit\/tern-sidekick-wheel-guard-l-gen-2\/#breadcrumb"},"inLanguage":"en-US","potentialAction":[{"@type":"ReadAction","target":["https:\/\/dumoulin.absoludev.ca\/produit\/tern-sidekick-wheel-guard-l-gen-2\/"]}]},{"@type":"ImageObject","inLanguage":"en-US","@id":"https:\/\/dumoulin.absoludev.ca\/produit\/tern-sidekick-wheel-guard-l-gen-2\/#primaryimage","url":"https:\/\/dumoulin.absoludev.ca\/wp-content\/uploads\/2024\/11\/TERN-SIDEKICK-WHEEL-GUARD-L-Gen-2.jpg","contentUrl":"https:\/\/dumoulin.absoludev.ca\/wp-content\/uploads\/2024\/11\/TERN-SIDEKICK-WHEEL-GUARD-L-Gen-2.jpg","width":1960,"height":1331},{"@type":"BreadcrumbList","@id":"https:\/\/dumoulin.absoludev.ca\/produit\/tern-sidekick-wheel-guard-l-gen-2\/#breadcrumb","itemListElement":[{"@type":"ListItem","position":1,"name":"Home","item":"https:\/\/dumoulin.absoludev.ca\/en\/"},{"@type":"ListItem","position":2,"name":"Shop","item":"https:\/\/dumoulin.absoludev.ca\/en\/shop\/"},{"@type":"ListItem","position":3,"name":"Prot\u00e8ge-pieds Tern \u00ab\u00a0Sidekick Wheel Guard L\u00a0\u00bb Gen 2 (pour Quick Haul Long)"}]},{"@type":"WebSite","@id":"https:\/\/dumoulin.absoludev.ca\/#website","url":"https:\/\/dumoulin.absoludev.ca\/","name":"Dumoulin Bicyclettes","description":"","publisher":{"@id":"https:\/\/dumoulin.absoludev.ca\/#organization"},"potentialAction":[{"@type":"SearchAction","target":{"@type":"EntryPoint","urlTemplate":"https:\/\/dumoulin.absoludev.ca\/?s={search_term_string}"},"query-input":{"@type":"PropertyValueSpecification","valueRequired":true,"valueName":"search_term_string"}}],"inLanguage":"en-US"},{"@type":"Organization","@id":"https:\/\/dumoulin.absoludev.ca\/#organization","name":"Dumoulin Bicyclettes","url":"https:\/\/dumoulin.absoludev.ca\/","logo":{"@type":"ImageObject","inLanguage":"en-US","@id":"https:\/\/dumoulin.absoludev.ca\/#\/schema\/logo\/image\/","url":"https:\/\/www.dumoulinbicyclettes.com\/wp-content\/uploads\/2021\/04\/Logo.svg","contentUrl":"https:\/\/www.dumoulinbicyclettes.com\/wp-content\/uploads\/2021\/04\/Logo.svg","width":254,"height":86,"caption":"Dumoulin Bicyclettes"},"image":{"@id":"https:\/\/dumoulin.absoludev.ca\/#\/schema\/logo\/image\/"},"sameAs":["https:\/\/www.facebook.com\/dumoulinbicyclettes","https:\/\/www.instagram.com\/dumoulin.ca\/","https:\/\/www.youtube.com\/user\/dumoulinbicyclettes"]}]}},"_links":{"self":[{"href":"https:\/\/dumoulin.absoludev.ca\/en\/wp-json\/wp\/v2\/product\/495831","targetHints":{"allow":["GET"]}}],"collection":[{"href":"https:\/\/dumoulin.absoludev.ca\/en\/wp-json\/wp\/v2\/product"}],"about":[{"href":"https:\/\/dumoulin.absoludev.ca\/en\/wp-json\/wp\/v2\/types\/product"}],"wp:featuredmedia":[{"embeddable":true,"href":"https:\/\/dumoulin.absoludev.ca\/en\/wp-json\/wp\/v2\/media\/495832"}],"wp:attachment":[{"href":"https:\/\/dumoulin.absoludev.ca\/en\/wp-json\/wp\/v2\/media?parent=495831"}],"wp:term":[{"taxonomy":"product_brand","embeddable":true,"href":"https:\/\/dumoulin.absoludev.ca\/en\/wp-json\/wp\/v2\/product_brand?post=495831"},{"taxonomy":"product_cat","embeddable":true,"href":"https:\/\/dumoulin.absoludev.ca\/en\/wp-json\/wp\/v2\/product_cat?post=495831"},{"taxonomy":"product_tag","embeddable":true,"href":"https:\/\/dumoulin.absoludev.ca\/en\/wp-json\/wp\/v2\/product_tag?post=495831"},{"taxonomy":"marque-produit","embeddable":true,"href":"https:\/\/dumoulin.absoludev.ca\/en\/wp-json\/wp\/v2\/marque-produit?post=495831"},{"taxonomy":"collection-produit","embeddable":true,"href":"https:\/\/dumoulin.absoludev.ca\/en\/wp-json\/wp\/v2\/collection-produit?post=495831"},{"taxonomy":"type-surface-produit","embeddable":true,"href":"https:\/\/dumoulin.absoludev.ca\/en\/wp-json\/wp\/v2\/type-surface-produit?post=495831"},{"taxonomy":"type-velo-produit","embeddable":true,"href":"https:\/\/dumoulin.absoludev.ca\/en\/wp-json\/wp\/v2\/type-velo-produit?post=495831"},{"taxonomy":"vetement-produit","embeddable":true,"href":"https:\/\/dumoulin.absoludev.ca\/en\/wp-json\/wp\/v2\/vetement-produit?post=495831"},{"taxonomy":"thematique-produit","embeddable":true,"href":"https:\/\/dumoulin.absoludev.ca\/en\/wp-json\/wp\/v2\/thematique-produit?post=495831"},{"taxonomy":"position-sur-le-v\u00e9lo","embeddable":true,"href":"https:\/\/dumoulin.absoludev.ca\/en\/wp-json\/wp\/v2\/position-sur-le-v\u00e9lo?post=495831"}],"curies":[{"name":"wp","href":"https:\/\/api.w.org\/{rel}","templated":true}]}}