{"id":495314,"date":"2024-11-25T10:08:10","date_gmt":"2024-11-25T15:08:10","guid":{"rendered":"http:\/\/www.dumoulinbicyclettes.com\/?post_type=product&#038;p=495314"},"modified":"2025-09-04T14:21:28","modified_gmt":"2025-09-04T18:21:28","slug":"sacoche-panier-arkel-citadin","status":"publish","type":"product","link":"https:\/\/dumoulin.absoludev.ca\/en\/produit\/sacoche-panier-arkel-citadin\/","title":{"rendered":"Sacoche Arkel Citadin"},"content":{"rendered":"<p>Fabriqu\u00e9e au Qu\u00e9bec, le panier Arkel Citadin est con\u00e7u pour vous offrir des options de chargement vari\u00e9es et adapt\u00e9es au quotidien.<\/p>\n<p>Cette sacoche de v\u00e9lo est spacieuse, pliable et ultra durable. Elle se fixe facilement et solidement \u00e0 votre porte-bagages gr\u00e2ce au syst\u00e8me r\u00e9put\u00e9 \u00abCam-Lock\u00bb d&#8217;Arkel.<\/p>\n","protected":false},"excerpt":{"rendered":"<p>Fabriqu\u00e9e au Qu\u00e9bec, le panier Arkel Citadin est con\u00e7u pour vous offrir des options de chargement vari\u00e9es et adapt\u00e9es au quotidien. Cette sacoche de v\u00e9lo est spacieuse, pliable et ultra durable. Elle se fixe facilement et solidement \u00e0 votre porte-bagages gr\u00e2ce au syst\u00e8me r\u00e9put\u00e9 \u00abCam-Lock\u00bb d&#8217;Arkel.<\/p>\n","protected":false},"featured_media":489332,"template":"","meta":{"_acf_changed":false},"product_brand":[],"product_cat":[198,195],"product_tag":[3088,3089,2424,2526],"marque-produit":[1299],"collection-produit":[],"type-surface-produit":[],"type-velo-produit":[],"vetement-produit":[],"thematique-produit":[],"position-sur-le-v\u00e9lo":[],"class_list":{"0":"post-495314","1":"product","2":"type-product","3":"status-publish","4":"has-post-thumbnail","6":"product_cat-paniers","7":"product_cat-sacoches","8":"product_tag-arkel","9":"product_tag-citadin","10":"product_tag-panier","11":"product_tag-sacoche","12":"marque-produit-arkel","14":"first","15":"instock","16":"taxable","17":"shipping-taxable","18":"purchasable","19":"product-type-variable"},"acf":[],"yoast_head":"<!-- This site is optimized with the Yoast SEO plugin v24.3 - https:\/\/yoast.com\/wordpress\/plugins\/seo\/ -->\n<title>Sacoche Arkel Citadin - Dumoulin Bicyclettes | Sacoche de v\u00e9lo - Montr\u00e9al - Qu\u00e9bec<\/title>\n<meta name=\"description\" content=\"Transporter ses affaires le plus simplement possible, voil\u00e0 l&#039;ADN du panier Citadin d&#039;Arkel. Sa flexibilit\u00e9 en fait un bel alli\u00e9 de vos trajets.\" \/>\n<meta name=\"robots\" content=\"noindex, follow, max-snippet:-1, max-image-preview:large, max-video-preview:-1\" \/>\n<meta property=\"og:locale\" content=\"en_US\" \/>\n<meta property=\"og:type\" content=\"article\" \/>\n<meta property=\"og:title\" content=\"Sacoche Arkel Citadin - Dumoulin Bicyclettes | Sacoche de v\u00e9lo - Montr\u00e9al - Qu\u00e9bec\" \/>\n<meta property=\"og:description\" content=\"Transporter ses affaires le plus simplement possible, voil\u00e0 l&#039;ADN du panier Citadin d&#039;Arkel. Sa flexibilit\u00e9 en fait un bel alli\u00e9 de vos trajets.\" \/>\n<meta property=\"og:url\" content=\"https:\/\/dumoulin.absoludev.ca\/en\/produit\/sacoche-panier-arkel-citadin\/\" \/>\n<meta property=\"og:site_name\" content=\"Dumoulin Bicyclettes\" \/>\n<meta property=\"article:publisher\" content=\"https:\/\/www.facebook.com\/dumoulinbicyclettes\" \/>\n<meta property=\"article:modified_time\" content=\"2025-09-04T18:21:28+00:00\" \/>\n<meta property=\"og:image\" content=\"https:\/\/dumoulin.absoludev.ca\/wp-content\/uploads\/2024\/11\/sacoche-panier-arkel-citadin-montreal-dumoulin-bicyclettes-2.jpg\" \/>\n\t<meta property=\"og:image:width\" content=\"1200\" \/>\n\t<meta property=\"og:image:height\" content=\"1200\" \/>\n\t<meta property=\"og:image:type\" content=\"image\/jpeg\" \/>\n<meta name=\"twitter:card\" content=\"summary_large_image\" \/>\n<meta name=\"twitter:label1\" content=\"Est. reading time\" \/>\n\t<meta name=\"twitter:data1\" content=\"1 minute\" \/>\n<script type=\"application\/ld+json\" class=\"yoast-schema-graph\">{\"@context\":\"https:\/\/schema.org\",\"@graph\":[{\"@type\":\"WebPage\",\"@id\":\"https:\/\/dumoulin.absoludev.ca\/en\/produit\/sacoche-panier-arkel-citadin\/\",\"url\":\"https:\/\/dumoulin.absoludev.ca\/en\/produit\/sacoche-panier-arkel-citadin\/\",\"name\":\"Sacoche Arkel Citadin - Dumoulin Bicyclettes | Sacoche de v\u00e9lo - Montr\u00e9al - Qu\u00e9bec\",\"isPartOf\":{\"@id\":\"https:\/\/dumoulin.absoludev.ca\/#website\"},\"primaryImageOfPage\":{\"@id\":\"https:\/\/dumoulin.absoludev.ca\/en\/produit\/sacoche-panier-arkel-citadin\/#primaryimage\"},\"image\":{\"@id\":\"https:\/\/dumoulin.absoludev.ca\/en\/produit\/sacoche-panier-arkel-citadin\/#primaryimage\"},\"thumbnailUrl\":\"https:\/\/dumoulin.absoludev.ca\/wp-content\/uploads\/2024\/11\/sacoche-panier-arkel-citadin-montreal-dumoulin-bicyclettes-2.jpg\",\"datePublished\":\"2024-11-25T15:08:10+00:00\",\"dateModified\":\"2025-09-04T18:21:28+00:00\",\"description\":\"Transporter ses affaires le plus simplement possible, voil\u00e0 l'ADN du panier Citadin d'Arkel. Sa flexibilit\u00e9 en fait un bel alli\u00e9 de vos trajets.\",\"breadcrumb\":{\"@id\":\"https:\/\/dumoulin.absoludev.ca\/en\/produit\/sacoche-panier-arkel-citadin\/#breadcrumb\"},\"inLanguage\":\"en-US\",\"potentialAction\":[{\"@type\":\"ReadAction\",\"target\":[\"https:\/\/dumoulin.absoludev.ca\/en\/produit\/sacoche-panier-arkel-citadin\/\"]}]},{\"@type\":\"ImageObject\",\"inLanguage\":\"en-US\",\"@id\":\"https:\/\/dumoulin.absoludev.ca\/en\/produit\/sacoche-panier-arkel-citadin\/#primaryimage\",\"url\":\"https:\/\/dumoulin.absoludev.ca\/wp-content\/uploads\/2024\/11\/sacoche-panier-arkel-citadin-montreal-dumoulin-bicyclettes-2.jpg\",\"contentUrl\":\"https:\/\/dumoulin.absoludev.ca\/wp-content\/uploads\/2024\/11\/sacoche-panier-arkel-citadin-montreal-dumoulin-bicyclettes-2.jpg\",\"width\":1200,\"height\":1200,\"caption\":\"Arkel-Sacoche-panier-Citadin-sacoche-de-velo-montreal-quebec-Dumoulin-bicyclettes\"},{\"@type\":\"BreadcrumbList\",\"@id\":\"https:\/\/dumoulin.absoludev.ca\/en\/produit\/sacoche-panier-arkel-citadin\/#breadcrumb\",\"itemListElement\":[{\"@type\":\"ListItem\",\"position\":1,\"name\":\"Home\",\"item\":\"https:\/\/dumoulin.absoludev.ca\/en\/\"},{\"@type\":\"ListItem\",\"position\":2,\"name\":\"Shop\",\"item\":\"https:\/\/dumoulin.absoludev.ca\/en\/shop\/\"},{\"@type\":\"ListItem\",\"position\":3,\"name\":\"Sacoche Arkel Citadin\"}]},{\"@type\":\"WebSite\",\"@id\":\"https:\/\/dumoulin.absoludev.ca\/#website\",\"url\":\"https:\/\/dumoulin.absoludev.ca\/\",\"name\":\"Dumoulin Bicyclettes\",\"description\":\"\",\"publisher\":{\"@id\":\"https:\/\/dumoulin.absoludev.ca\/#organization\"},\"potentialAction\":[{\"@type\":\"SearchAction\",\"target\":{\"@type\":\"EntryPoint\",\"urlTemplate\":\"https:\/\/dumoulin.absoludev.ca\/?s={search_term_string}\"},\"query-input\":{\"@type\":\"PropertyValueSpecification\",\"valueRequired\":true,\"valueName\":\"search_term_string\"}}],\"inLanguage\":\"en-US\"},{\"@type\":\"Organization\",\"@id\":\"https:\/\/dumoulin.absoludev.ca\/#organization\",\"name\":\"Dumoulin Bicyclettes\",\"url\":\"https:\/\/dumoulin.absoludev.ca\/\",\"logo\":{\"@type\":\"ImageObject\",\"inLanguage\":\"en-US\",\"@id\":\"https:\/\/dumoulin.absoludev.ca\/#\/schema\/logo\/image\/\",\"url\":\"https:\/\/www.dumoulinbicyclettes.com\/wp-content\/uploads\/2021\/04\/Logo.svg\",\"contentUrl\":\"https:\/\/www.dumoulinbicyclettes.com\/wp-content\/uploads\/2021\/04\/Logo.svg\",\"width\":254,\"height\":86,\"caption\":\"Dumoulin Bicyclettes\"},\"image\":{\"@id\":\"https:\/\/dumoulin.absoludev.ca\/#\/schema\/logo\/image\/\"},\"sameAs\":[\"https:\/\/www.facebook.com\/dumoulinbicyclettes\",\"https:\/\/www.instagram.com\/dumoulin.ca\/\",\"https:\/\/www.youtube.com\/user\/dumoulinbicyclettes\"]}]}<\/script>\n<!-- \/ Yoast SEO plugin. -->","yoast_head_json":{"title":"Sacoche Arkel Citadin - Dumoulin Bicyclettes | Sacoche de v\u00e9lo - Montr\u00e9al - Qu\u00e9bec","description":"Transporter ses affaires le plus simplement possible, voil\u00e0 l'ADN du panier Citadin d'Arkel. Sa flexibilit\u00e9 en fait un bel alli\u00e9 de vos trajets.","robots":{"index":"noindex","follow":"follow","max-snippet":"max-snippet:-1","max-image-preview":"max-image-preview:large","max-video-preview":"max-video-preview:-1"},"og_locale":"en_US","og_type":"article","og_title":"Sacoche Arkel Citadin - Dumoulin Bicyclettes | Sacoche de v\u00e9lo - Montr\u00e9al - Qu\u00e9bec","og_description":"Transporter ses affaires le plus simplement possible, voil\u00e0 l'ADN du panier Citadin d'Arkel. Sa flexibilit\u00e9 en fait un bel alli\u00e9 de vos trajets.","og_url":"https:\/\/dumoulin.absoludev.ca\/en\/produit\/sacoche-panier-arkel-citadin\/","og_site_name":"Dumoulin Bicyclettes","article_publisher":"https:\/\/www.facebook.com\/dumoulinbicyclettes","article_modified_time":"2025-09-04T18:21:28+00:00","og_image":[{"width":1200,"height":1200,"url":"https:\/\/dumoulin.absoludev.ca\/wp-content\/uploads\/2024\/11\/sacoche-panier-arkel-citadin-montreal-dumoulin-bicyclettes-2.jpg","type":"image\/jpeg"}],"twitter_card":"summary_large_image","twitter_misc":{"Est. reading time":"1 minute"},"schema":{"@context":"https:\/\/schema.org","@graph":[{"@type":"WebPage","@id":"https:\/\/dumoulin.absoludev.ca\/en\/produit\/sacoche-panier-arkel-citadin\/","url":"https:\/\/dumoulin.absoludev.ca\/en\/produit\/sacoche-panier-arkel-citadin\/","name":"Sacoche Arkel Citadin - Dumoulin Bicyclettes | Sacoche de v\u00e9lo - Montr\u00e9al - Qu\u00e9bec","isPartOf":{"@id":"https:\/\/dumoulin.absoludev.ca\/#website"},"primaryImageOfPage":{"@id":"https:\/\/dumoulin.absoludev.ca\/en\/produit\/sacoche-panier-arkel-citadin\/#primaryimage"},"image":{"@id":"https:\/\/dumoulin.absoludev.ca\/en\/produit\/sacoche-panier-arkel-citadin\/#primaryimage"},"thumbnailUrl":"https:\/\/dumoulin.absoludev.ca\/wp-content\/uploads\/2024\/11\/sacoche-panier-arkel-citadin-montreal-dumoulin-bicyclettes-2.jpg","datePublished":"2024-11-25T15:08:10+00:00","dateModified":"2025-09-04T18:21:28+00:00","description":"Transporter ses affaires le plus simplement possible, voil\u00e0 l'ADN du panier Citadin d'Arkel. Sa flexibilit\u00e9 en fait un bel alli\u00e9 de vos trajets.","breadcrumb":{"@id":"https:\/\/dumoulin.absoludev.ca\/en\/produit\/sacoche-panier-arkel-citadin\/#breadcrumb"},"inLanguage":"en-US","potentialAction":[{"@type":"ReadAction","target":["https:\/\/dumoulin.absoludev.ca\/en\/produit\/sacoche-panier-arkel-citadin\/"]}]},{"@type":"ImageObject","inLanguage":"en-US","@id":"https:\/\/dumoulin.absoludev.ca\/en\/produit\/sacoche-panier-arkel-citadin\/#primaryimage","url":"https:\/\/dumoulin.absoludev.ca\/wp-content\/uploads\/2024\/11\/sacoche-panier-arkel-citadin-montreal-dumoulin-bicyclettes-2.jpg","contentUrl":"https:\/\/dumoulin.absoludev.ca\/wp-content\/uploads\/2024\/11\/sacoche-panier-arkel-citadin-montreal-dumoulin-bicyclettes-2.jpg","width":1200,"height":1200,"caption":"Arkel-Sacoche-panier-Citadin-sacoche-de-velo-montreal-quebec-Dumoulin-bicyclettes"},{"@type":"BreadcrumbList","@id":"https:\/\/dumoulin.absoludev.ca\/en\/produit\/sacoche-panier-arkel-citadin\/#breadcrumb","itemListElement":[{"@type":"ListItem","position":1,"name":"Home","item":"https:\/\/dumoulin.absoludev.ca\/en\/"},{"@type":"ListItem","position":2,"name":"Shop","item":"https:\/\/dumoulin.absoludev.ca\/en\/shop\/"},{"@type":"ListItem","position":3,"name":"Sacoche Arkel Citadin"}]},{"@type":"WebSite","@id":"https:\/\/dumoulin.absoludev.ca\/#website","url":"https:\/\/dumoulin.absoludev.ca\/","name":"Dumoulin Bicyclettes","description":"","publisher":{"@id":"https:\/\/dumoulin.absoludev.ca\/#organization"},"potentialAction":[{"@type":"SearchAction","target":{"@type":"EntryPoint","urlTemplate":"https:\/\/dumoulin.absoludev.ca\/?s={search_term_string}"},"query-input":{"@type":"PropertyValueSpecification","valueRequired":true,"valueName":"search_term_string"}}],"inLanguage":"en-US"},{"@type":"Organization","@id":"https:\/\/dumoulin.absoludev.ca\/#organization","name":"Dumoulin Bicyclettes","url":"https:\/\/dumoulin.absoludev.ca\/","logo":{"@type":"ImageObject","inLanguage":"en-US","@id":"https:\/\/dumoulin.absoludev.ca\/#\/schema\/logo\/image\/","url":"https:\/\/www.dumoulinbicyclettes.com\/wp-content\/uploads\/2021\/04\/Logo.svg","contentUrl":"https:\/\/www.dumoulinbicyclettes.com\/wp-content\/uploads\/2021\/04\/Logo.svg","width":254,"height":86,"caption":"Dumoulin Bicyclettes"},"image":{"@id":"https:\/\/dumoulin.absoludev.ca\/#\/schema\/logo\/image\/"},"sameAs":["https:\/\/www.facebook.com\/dumoulinbicyclettes","https:\/\/www.instagram.com\/dumoulin.ca\/","https:\/\/www.youtube.com\/user\/dumoulinbicyclettes"]}]}},"_links":{"self":[{"href":"https:\/\/dumoulin.absoludev.ca\/en\/wp-json\/wp\/v2\/product\/495314","targetHints":{"allow":["GET"]}}],"collection":[{"href":"https:\/\/dumoulin.absoludev.ca\/en\/wp-json\/wp\/v2\/product"}],"about":[{"href":"https:\/\/dumoulin.absoludev.ca\/en\/wp-json\/wp\/v2\/types\/product"}],"wp:featuredmedia":[{"embeddable":true,"href":"https:\/\/dumoulin.absoludev.ca\/en\/wp-json\/wp\/v2\/media\/489332"}],"wp:attachment":[{"href":"https:\/\/dumoulin.absoludev.ca\/en\/wp-json\/wp\/v2\/media?parent=495314"}],"wp:term":[{"taxonomy":"product_brand","embeddable":true,"href":"https:\/\/dumoulin.absoludev.ca\/en\/wp-json\/wp\/v2\/product_brand?post=495314"},{"taxonomy":"product_cat","embeddable":true,"href":"https:\/\/dumoulin.absoludev.ca\/en\/wp-json\/wp\/v2\/product_cat?post=495314"},{"taxonomy":"product_tag","embeddable":true,"href":"https:\/\/dumoulin.absoludev.ca\/en\/wp-json\/wp\/v2\/product_tag?post=495314"},{"taxonomy":"marque-produit","embeddable":true,"href":"https:\/\/dumoulin.absoludev.ca\/en\/wp-json\/wp\/v2\/marque-produit?post=495314"},{"taxonomy":"collection-produit","embeddable":true,"href":"https:\/\/dumoulin.absoludev.ca\/en\/wp-json\/wp\/v2\/collection-produit?post=495314"},{"taxonomy":"type-surface-produit","embeddable":true,"href":"https:\/\/dumoulin.absoludev.ca\/en\/wp-json\/wp\/v2\/type-surface-produit?post=495314"},{"taxonomy":"type-velo-produit","embeddable":true,"href":"https:\/\/dumoulin.absoludev.ca\/en\/wp-json\/wp\/v2\/type-velo-produit?post=495314"},{"taxonomy":"vetement-produit","embeddable":true,"href":"https:\/\/dumoulin.absoludev.ca\/en\/wp-json\/wp\/v2\/vetement-produit?post=495314"},{"taxonomy":"thematique-produit","embeddable":true,"href":"https:\/\/dumoulin.absoludev.ca\/en\/wp-json\/wp\/v2\/thematique-produit?post=495314"},{"taxonomy":"position-sur-le-v\u00e9lo","embeddable":true,"href":"https:\/\/dumoulin.absoludev.ca\/en\/wp-json\/wp\/v2\/position-sur-le-v\u00e9lo?post=495314"}],"curies":[{"name":"wp","href":"https:\/\/api.w.org\/{rel}","templated":true}]}}