{"id":494274,"date":"2024-11-23T15:11:49","date_gmt":"2024-11-23T20:11:49","guid":{"rendered":"http:\/\/www.dumoulinbicyclettes.com\/?post_type=product&#038;p=494274"},"modified":"2025-09-04T14:15:37","modified_gmt":"2025-09-04T18:15:37","slug":"selle-tern-porter","status":"publish","type":"product","link":"https:\/\/dumoulin.absoludev.ca\/en\/produit\/selle-tern-porter\/","title":{"rendered":"Selle Tern &#8220;Porter+&#8221;"},"content":{"rendered":"<p>Le design de la selle Tern &#8220;Porter+&#8221; a \u00e9t\u00e9 pens\u00e9 pour que le dessous de la selle serve d&#8217;\u00e9pauli\u00e8re confortable pour vous permettre de transporter votre v\u00e9lo pliant avec plus de confort. Le &#8220;Porter+ est compatible avec tous les v\u00e9los Tern et tous les v\u00e9los ayant un espace libre d&#8217;au moins 20 cm entre la selle et le tube sup\u00e9rieur.<\/p>\n","protected":false},"excerpt":{"rendered":"<p>Le design de la selle Tern &#8220;Porter+&#8221; a \u00e9t\u00e9 pens\u00e9 pour que le dessous de la selle serve d&#8217;\u00e9pauli\u00e8re confortable pour vous permettre de transporter votre v\u00e9lo pliant avec plus de confort. Le &#8220;Porter+ est compatible avec tous les v\u00e9los Tern et tous les v\u00e9los ayant un espace libre d&#8217;au moins 20 cm entre la [&hellip;]<\/p>\n","protected":false},"featured_media":494276,"template":"","meta":{"_acf_changed":false},"product_brand":[],"product_cat":[183,217,2509],"product_tag":[2230,2263,2203],"marque-produit":[154],"collection-produit":[2841],"type-surface-produit":[],"type-velo-produit":[],"vetement-produit":[],"thematique-produit":[],"position-sur-le-v\u00e9lo":[],"class_list":{"0":"post-494274","1":"product","2":"type-product","3":"status-publish","4":"has-post-thumbnail","6":"product_cat-accessoires-pour-velo-cargo","7":"product_cat-selles","8":"product_cat-tern","9":"product_tag-porter","10":"product_tag-selle","11":"product_tag-tern","12":"marque-produit-tern","13":"collection-produit-tern","15":"first","16":"outofstock","17":"taxable","18":"shipping-taxable","19":"purchasable","20":"product-type-simple"},"acf":[],"yoast_head":"<!-- This site is optimized with the Yoast SEO plugin v24.3 - https:\/\/yoast.com\/wordpress\/plugins\/seo\/ -->\n<title>Selle Tern &quot;Porter+&quot; - Dumoulin Bicyclettes<\/title>\n<meta name=\"description\" content=\"Le design de la selle Tern Porter+ a \u00e9t\u00e9 pens\u00e9 pour que le dessous de la selle serve d&#039;\u00e9pauli\u00e8re pour transporter votre v\u00e9lo pliant avec plus de confort.\" \/>\n<meta name=\"robots\" content=\"noindex, follow, max-snippet:-1, max-image-preview:large, max-video-preview:-1\" \/>\n<meta property=\"og:locale\" content=\"en_US\" \/>\n<meta property=\"og:type\" content=\"article\" \/>\n<meta property=\"og:title\" content=\"Selle Tern &quot;Porter+&quot; - Dumoulin Bicyclettes\" \/>\n<meta property=\"og:description\" content=\"Le design de la selle Tern Porter+ a \u00e9t\u00e9 pens\u00e9 pour que le dessous de la selle serve d&#039;\u00e9pauli\u00e8re pour transporter votre v\u00e9lo pliant avec plus de confort.\" \/>\n<meta property=\"og:url\" content=\"https:\/\/dumoulin.absoludev.ca\/produit\/selle-tern-porter\/\" \/>\n<meta property=\"og:site_name\" content=\"Dumoulin Bicyclettes\" \/>\n<meta property=\"article:publisher\" content=\"https:\/\/www.facebook.com\/dumoulinbicyclettes\" \/>\n<meta property=\"article:modified_time\" content=\"2025-09-04T18:15:37+00:00\" \/>\n<meta property=\"og:image\" content=\"https:\/\/dumoulin.absoludev.ca\/wp-content\/uploads\/2024\/11\/Tern-Selle-Porter-dumoulin-bicyclettes-montreal-1.jpg\" \/>\n\t<meta property=\"og:image:width\" content=\"1960\" \/>\n\t<meta property=\"og:image:height\" content=\"1305\" \/>\n\t<meta property=\"og:image:type\" content=\"image\/jpeg\" \/>\n<meta name=\"twitter:card\" content=\"summary_large_image\" \/>\n<meta name=\"twitter:label1\" content=\"Est. reading time\" \/>\n\t<meta name=\"twitter:data1\" content=\"1 minute\" \/>\n<script type=\"application\/ld+json\" class=\"yoast-schema-graph\">{\"@context\":\"https:\/\/schema.org\",\"@graph\":[{\"@type\":\"WebPage\",\"@id\":\"https:\/\/dumoulin.absoludev.ca\/produit\/selle-tern-porter\/\",\"url\":\"https:\/\/dumoulin.absoludev.ca\/produit\/selle-tern-porter\/\",\"name\":\"Selle Tern \\\"Porter+\\\" - Dumoulin Bicyclettes\",\"isPartOf\":{\"@id\":\"https:\/\/dumoulin.absoludev.ca\/#website\"},\"primaryImageOfPage\":{\"@id\":\"https:\/\/dumoulin.absoludev.ca\/produit\/selle-tern-porter\/#primaryimage\"},\"image\":{\"@id\":\"https:\/\/dumoulin.absoludev.ca\/produit\/selle-tern-porter\/#primaryimage\"},\"thumbnailUrl\":\"https:\/\/dumoulin.absoludev.ca\/wp-content\/uploads\/2024\/11\/Tern-Selle-Porter-dumoulin-bicyclettes-montreal-1.jpg\",\"datePublished\":\"2024-11-23T20:11:49+00:00\",\"dateModified\":\"2025-09-04T18:15:37+00:00\",\"description\":\"Le design de la selle Tern Porter+ a \u00e9t\u00e9 pens\u00e9 pour que le dessous de la selle serve d'\u00e9pauli\u00e8re pour transporter votre v\u00e9lo pliant avec plus de confort.\",\"breadcrumb\":{\"@id\":\"https:\/\/dumoulin.absoludev.ca\/produit\/selle-tern-porter\/#breadcrumb\"},\"inLanguage\":\"en-US\",\"potentialAction\":[{\"@type\":\"ReadAction\",\"target\":[\"https:\/\/dumoulin.absoludev.ca\/produit\/selle-tern-porter\/\"]}]},{\"@type\":\"ImageObject\",\"inLanguage\":\"en-US\",\"@id\":\"https:\/\/dumoulin.absoludev.ca\/produit\/selle-tern-porter\/#primaryimage\",\"url\":\"https:\/\/dumoulin.absoludev.ca\/wp-content\/uploads\/2024\/11\/Tern-Selle-Porter-dumoulin-bicyclettes-montreal-1.jpg\",\"contentUrl\":\"https:\/\/dumoulin.absoludev.ca\/wp-content\/uploads\/2024\/11\/Tern-Selle-Porter-dumoulin-bicyclettes-montreal-1.jpg\",\"width\":1960,\"height\":1305},{\"@type\":\"BreadcrumbList\",\"@id\":\"https:\/\/dumoulin.absoludev.ca\/produit\/selle-tern-porter\/#breadcrumb\",\"itemListElement\":[{\"@type\":\"ListItem\",\"position\":1,\"name\":\"Home\",\"item\":\"https:\/\/dumoulin.absoludev.ca\/en\/\"},{\"@type\":\"ListItem\",\"position\":2,\"name\":\"Shop\",\"item\":\"https:\/\/dumoulin.absoludev.ca\/en\/shop\/\"},{\"@type\":\"ListItem\",\"position\":3,\"name\":\"Selle Tern \u00ab\u00a0Porter+\u00a0\u00bb\"}]},{\"@type\":\"WebSite\",\"@id\":\"https:\/\/dumoulin.absoludev.ca\/#website\",\"url\":\"https:\/\/dumoulin.absoludev.ca\/\",\"name\":\"Dumoulin Bicyclettes\",\"description\":\"\",\"publisher\":{\"@id\":\"https:\/\/dumoulin.absoludev.ca\/#organization\"},\"potentialAction\":[{\"@type\":\"SearchAction\",\"target\":{\"@type\":\"EntryPoint\",\"urlTemplate\":\"https:\/\/dumoulin.absoludev.ca\/?s={search_term_string}\"},\"query-input\":{\"@type\":\"PropertyValueSpecification\",\"valueRequired\":true,\"valueName\":\"search_term_string\"}}],\"inLanguage\":\"en-US\"},{\"@type\":\"Organization\",\"@id\":\"https:\/\/dumoulin.absoludev.ca\/#organization\",\"name\":\"Dumoulin Bicyclettes\",\"url\":\"https:\/\/dumoulin.absoludev.ca\/\",\"logo\":{\"@type\":\"ImageObject\",\"inLanguage\":\"en-US\",\"@id\":\"https:\/\/dumoulin.absoludev.ca\/#\/schema\/logo\/image\/\",\"url\":\"https:\/\/www.dumoulinbicyclettes.com\/wp-content\/uploads\/2021\/04\/Logo.svg\",\"contentUrl\":\"https:\/\/www.dumoulinbicyclettes.com\/wp-content\/uploads\/2021\/04\/Logo.svg\",\"width\":254,\"height\":86,\"caption\":\"Dumoulin Bicyclettes\"},\"image\":{\"@id\":\"https:\/\/dumoulin.absoludev.ca\/#\/schema\/logo\/image\/\"},\"sameAs\":[\"https:\/\/www.facebook.com\/dumoulinbicyclettes\",\"https:\/\/www.instagram.com\/dumoulin.ca\/\",\"https:\/\/www.youtube.com\/user\/dumoulinbicyclettes\"]}]}<\/script>\n<!-- \/ Yoast SEO plugin. -->","yoast_head_json":{"title":"Selle Tern \"Porter+\" - Dumoulin Bicyclettes","description":"Le design de la selle Tern Porter+ a \u00e9t\u00e9 pens\u00e9 pour que le dessous de la selle serve d'\u00e9pauli\u00e8re pour transporter votre v\u00e9lo pliant avec plus de confort.","robots":{"index":"noindex","follow":"follow","max-snippet":"max-snippet:-1","max-image-preview":"max-image-preview:large","max-video-preview":"max-video-preview:-1"},"og_locale":"en_US","og_type":"article","og_title":"Selle Tern \"Porter+\" - Dumoulin Bicyclettes","og_description":"Le design de la selle Tern Porter+ a \u00e9t\u00e9 pens\u00e9 pour que le dessous de la selle serve d'\u00e9pauli\u00e8re pour transporter votre v\u00e9lo pliant avec plus de confort.","og_url":"https:\/\/dumoulin.absoludev.ca\/produit\/selle-tern-porter\/","og_site_name":"Dumoulin Bicyclettes","article_publisher":"https:\/\/www.facebook.com\/dumoulinbicyclettes","article_modified_time":"2025-09-04T18:15:37+00:00","og_image":[{"width":1960,"height":1305,"url":"https:\/\/dumoulin.absoludev.ca\/wp-content\/uploads\/2024\/11\/Tern-Selle-Porter-dumoulin-bicyclettes-montreal-1.jpg","type":"image\/jpeg"}],"twitter_card":"summary_large_image","twitter_misc":{"Est. reading time":"1 minute"},"schema":{"@context":"https:\/\/schema.org","@graph":[{"@type":"WebPage","@id":"https:\/\/dumoulin.absoludev.ca\/produit\/selle-tern-porter\/","url":"https:\/\/dumoulin.absoludev.ca\/produit\/selle-tern-porter\/","name":"Selle Tern \"Porter+\" - Dumoulin Bicyclettes","isPartOf":{"@id":"https:\/\/dumoulin.absoludev.ca\/#website"},"primaryImageOfPage":{"@id":"https:\/\/dumoulin.absoludev.ca\/produit\/selle-tern-porter\/#primaryimage"},"image":{"@id":"https:\/\/dumoulin.absoludev.ca\/produit\/selle-tern-porter\/#primaryimage"},"thumbnailUrl":"https:\/\/dumoulin.absoludev.ca\/wp-content\/uploads\/2024\/11\/Tern-Selle-Porter-dumoulin-bicyclettes-montreal-1.jpg","datePublished":"2024-11-23T20:11:49+00:00","dateModified":"2025-09-04T18:15:37+00:00","description":"Le design de la selle Tern Porter+ a \u00e9t\u00e9 pens\u00e9 pour que le dessous de la selle serve d'\u00e9pauli\u00e8re pour transporter votre v\u00e9lo pliant avec plus de confort.","breadcrumb":{"@id":"https:\/\/dumoulin.absoludev.ca\/produit\/selle-tern-porter\/#breadcrumb"},"inLanguage":"en-US","potentialAction":[{"@type":"ReadAction","target":["https:\/\/dumoulin.absoludev.ca\/produit\/selle-tern-porter\/"]}]},{"@type":"ImageObject","inLanguage":"en-US","@id":"https:\/\/dumoulin.absoludev.ca\/produit\/selle-tern-porter\/#primaryimage","url":"https:\/\/dumoulin.absoludev.ca\/wp-content\/uploads\/2024\/11\/Tern-Selle-Porter-dumoulin-bicyclettes-montreal-1.jpg","contentUrl":"https:\/\/dumoulin.absoludev.ca\/wp-content\/uploads\/2024\/11\/Tern-Selle-Porter-dumoulin-bicyclettes-montreal-1.jpg","width":1960,"height":1305},{"@type":"BreadcrumbList","@id":"https:\/\/dumoulin.absoludev.ca\/produit\/selle-tern-porter\/#breadcrumb","itemListElement":[{"@type":"ListItem","position":1,"name":"Home","item":"https:\/\/dumoulin.absoludev.ca\/en\/"},{"@type":"ListItem","position":2,"name":"Shop","item":"https:\/\/dumoulin.absoludev.ca\/en\/shop\/"},{"@type":"ListItem","position":3,"name":"Selle Tern \u00ab\u00a0Porter+\u00a0\u00bb"}]},{"@type":"WebSite","@id":"https:\/\/dumoulin.absoludev.ca\/#website","url":"https:\/\/dumoulin.absoludev.ca\/","name":"Dumoulin Bicyclettes","description":"","publisher":{"@id":"https:\/\/dumoulin.absoludev.ca\/#organization"},"potentialAction":[{"@type":"SearchAction","target":{"@type":"EntryPoint","urlTemplate":"https:\/\/dumoulin.absoludev.ca\/?s={search_term_string}"},"query-input":{"@type":"PropertyValueSpecification","valueRequired":true,"valueName":"search_term_string"}}],"inLanguage":"en-US"},{"@type":"Organization","@id":"https:\/\/dumoulin.absoludev.ca\/#organization","name":"Dumoulin Bicyclettes","url":"https:\/\/dumoulin.absoludev.ca\/","logo":{"@type":"ImageObject","inLanguage":"en-US","@id":"https:\/\/dumoulin.absoludev.ca\/#\/schema\/logo\/image\/","url":"https:\/\/www.dumoulinbicyclettes.com\/wp-content\/uploads\/2021\/04\/Logo.svg","contentUrl":"https:\/\/www.dumoulinbicyclettes.com\/wp-content\/uploads\/2021\/04\/Logo.svg","width":254,"height":86,"caption":"Dumoulin Bicyclettes"},"image":{"@id":"https:\/\/dumoulin.absoludev.ca\/#\/schema\/logo\/image\/"},"sameAs":["https:\/\/www.facebook.com\/dumoulinbicyclettes","https:\/\/www.instagram.com\/dumoulin.ca\/","https:\/\/www.youtube.com\/user\/dumoulinbicyclettes"]}]}},"_links":{"self":[{"href":"https:\/\/dumoulin.absoludev.ca\/en\/wp-json\/wp\/v2\/product\/494274","targetHints":{"allow":["GET"]}}],"collection":[{"href":"https:\/\/dumoulin.absoludev.ca\/en\/wp-json\/wp\/v2\/product"}],"about":[{"href":"https:\/\/dumoulin.absoludev.ca\/en\/wp-json\/wp\/v2\/types\/product"}],"wp:featuredmedia":[{"embeddable":true,"href":"https:\/\/dumoulin.absoludev.ca\/en\/wp-json\/wp\/v2\/media\/494276"}],"wp:attachment":[{"href":"https:\/\/dumoulin.absoludev.ca\/en\/wp-json\/wp\/v2\/media?parent=494274"}],"wp:term":[{"taxonomy":"product_brand","embeddable":true,"href":"https:\/\/dumoulin.absoludev.ca\/en\/wp-json\/wp\/v2\/product_brand?post=494274"},{"taxonomy":"product_cat","embeddable":true,"href":"https:\/\/dumoulin.absoludev.ca\/en\/wp-json\/wp\/v2\/product_cat?post=494274"},{"taxonomy":"product_tag","embeddable":true,"href":"https:\/\/dumoulin.absoludev.ca\/en\/wp-json\/wp\/v2\/product_tag?post=494274"},{"taxonomy":"marque-produit","embeddable":true,"href":"https:\/\/dumoulin.absoludev.ca\/en\/wp-json\/wp\/v2\/marque-produit?post=494274"},{"taxonomy":"collection-produit","embeddable":true,"href":"https:\/\/dumoulin.absoludev.ca\/en\/wp-json\/wp\/v2\/collection-produit?post=494274"},{"taxonomy":"type-surface-produit","embeddable":true,"href":"https:\/\/dumoulin.absoludev.ca\/en\/wp-json\/wp\/v2\/type-surface-produit?post=494274"},{"taxonomy":"type-velo-produit","embeddable":true,"href":"https:\/\/dumoulin.absoludev.ca\/en\/wp-json\/wp\/v2\/type-velo-produit?post=494274"},{"taxonomy":"vetement-produit","embeddable":true,"href":"https:\/\/dumoulin.absoludev.ca\/en\/wp-json\/wp\/v2\/vetement-produit?post=494274"},{"taxonomy":"thematique-produit","embeddable":true,"href":"https:\/\/dumoulin.absoludev.ca\/en\/wp-json\/wp\/v2\/thematique-produit?post=494274"},{"taxonomy":"position-sur-le-v\u00e9lo","embeddable":true,"href":"https:\/\/dumoulin.absoludev.ca\/en\/wp-json\/wp\/v2\/position-sur-le-v\u00e9lo?post=494274"}],"curies":[{"name":"wp","href":"https:\/\/api.w.org\/{rel}","templated":true}]}}