{"id":494054,"date":"2024-11-23T12:11:53","date_gmt":"2024-11-23T17:11:53","guid":{"rendered":"http:\/\/www.dumoulinbicyclettes.com\/?post_type=product&#038;p=494054"},"modified":"2025-09-04T14:17:16","modified_gmt":"2025-09-04T18:17:16","slug":"tern-sacoches-cargo-hold-72-orox","status":"publish","type":"product","link":"https:\/\/dumoulin.absoludev.ca\/en\/produit\/tern-sacoches-cargo-hold-72-orox\/","title":{"rendered":"Sacoches Tern &#8220;Cargo Hold 72&#8221; pour Orox"},"content":{"rendered":"<p>Avec les sacoches imperm\u00e9ables &#8220;Cargo Hold 72&#8221; pour votre v\u00e9lo Orox, on ne manque ni de place ni de raison de partir \u00e0 l\u2019aventure quel que soit temps. Elles peuvent contenir plusieurs jours de provisions ou de matos de cyclotourisme. Vous pouvez transporter l&#8217;essentiel au quotidien ou pour vos loisirs de plein air. Ces sacoches con\u00e7ues pour affronter tous les temps sont des compagnons fiables pour vos aventures et activit\u00e9s tout au long de l&#8217;ann\u00e9e.<\/p>\n","protected":false},"excerpt":{"rendered":"<p>Avec les sacoches imperm\u00e9ables &#8220;Cargo Hold 72&#8221; pour votre v\u00e9lo Orox, on ne manque ni de place ni de raison de partir \u00e0 l\u2019aventure quel que soit temps. Elles peuvent contenir plusieurs jours de provisions ou de matos de cyclotourisme. Vous pouvez transporter l&#8217;essentiel au quotidien ou pour vos loisirs de plein air. Ces sacoches [&hellip;]<\/p>\n","protected":false},"featured_media":494055,"template":"","meta":{"_acf_changed":false},"product_brand":[],"product_cat":[183,2509],"product_tag":[2555,3158,3146,2215,2203],"marque-produit":[154],"collection-produit":[],"type-surface-produit":[],"type-velo-produit":[],"vetement-produit":[],"thematique-produit":[],"position-sur-le-v\u00e9lo":[],"class_list":{"0":"post-494054","1":"product","2":"type-product","3":"status-publish","4":"has-post-thumbnail","6":"product_cat-accessoires-pour-velo-cargo","7":"product_cat-tern","8":"product_tag-cargo-hold","9":"product_tag-cargo-hold-72","10":"product_tag-orox","11":"product_tag-sacoches","12":"product_tag-tern","13":"marque-produit-tern","15":"first","16":"instock","17":"taxable","18":"shipping-taxable","19":"purchasable","20":"product-type-simple"},"acf":[],"yoast_head":"<!-- This site is optimized with the Yoast SEO plugin v24.3 - https:\/\/yoast.com\/wordpress\/plugins\/seo\/ -->\n<title>Sacoches Tern &quot;Cargo Hold 72&quot; pour Orox - Dumoulin Bicyclettes<\/title>\n<meta name=\"description\" content=\"Avec les sacoches imperm\u00e9ables &quot;Cargo Hold 72&quot; pour votre v\u00e9lo Orox, on ne manque ni de place ni de raison de partir \u00e0 l\u2019aventure quel que soit temps.\" \/>\n<meta name=\"robots\" content=\"noindex, follow, max-snippet:-1, max-image-preview:large, max-video-preview:-1\" \/>\n<meta property=\"og:locale\" content=\"en_US\" \/>\n<meta property=\"og:type\" content=\"article\" \/>\n<meta property=\"og:title\" content=\"Sacoches Tern &quot;Cargo Hold 72&quot; pour Orox - Dumoulin Bicyclettes\" \/>\n<meta property=\"og:description\" content=\"Avec les sacoches imperm\u00e9ables &quot;Cargo Hold 72&quot; pour votre v\u00e9lo Orox, on ne manque ni de place ni de raison de partir \u00e0 l\u2019aventure quel que soit temps.\" \/>\n<meta property=\"og:url\" content=\"https:\/\/dumoulin.absoludev.ca\/produit\/tern-sacoches-cargo-hold-72-orox\/\" \/>\n<meta property=\"og:site_name\" content=\"Dumoulin Bicyclettes\" \/>\n<meta property=\"article:publisher\" content=\"https:\/\/www.facebook.com\/dumoulinbicyclettes\" \/>\n<meta property=\"article:modified_time\" content=\"2025-09-04T18:17:16+00:00\" \/>\n<meta property=\"og:image\" content=\"https:\/\/dumoulin.absoludev.ca\/wp-content\/uploads\/2024\/11\/Tern-Cargo-Hold-72-Panniers-dumoulin-bicyclettes-montreal-3.webp\" \/>\n\t<meta property=\"og:image:width\" content=\"960\" \/>\n\t<meta property=\"og:image:height\" content=\"639\" \/>\n\t<meta property=\"og:image:type\" content=\"image\/webp\" \/>\n<meta name=\"twitter:card\" content=\"summary_large_image\" \/>\n<meta name=\"twitter:label1\" content=\"Est. reading time\" \/>\n\t<meta name=\"twitter:data1\" content=\"1 minute\" \/>\n<script type=\"application\/ld+json\" class=\"yoast-schema-graph\">{\"@context\":\"https:\/\/schema.org\",\"@graph\":[{\"@type\":\"WebPage\",\"@id\":\"https:\/\/dumoulin.absoludev.ca\/produit\/tern-sacoches-cargo-hold-72-orox\/\",\"url\":\"https:\/\/dumoulin.absoludev.ca\/produit\/tern-sacoches-cargo-hold-72-orox\/\",\"name\":\"Sacoches Tern \\\"Cargo Hold 72\\\" pour Orox - Dumoulin Bicyclettes\",\"isPartOf\":{\"@id\":\"https:\/\/dumoulin.absoludev.ca\/#website\"},\"primaryImageOfPage\":{\"@id\":\"https:\/\/dumoulin.absoludev.ca\/produit\/tern-sacoches-cargo-hold-72-orox\/#primaryimage\"},\"image\":{\"@id\":\"https:\/\/dumoulin.absoludev.ca\/produit\/tern-sacoches-cargo-hold-72-orox\/#primaryimage\"},\"thumbnailUrl\":\"https:\/\/dumoulin.absoludev.ca\/wp-content\/uploads\/2024\/11\/Tern-Cargo-Hold-72-Panniers-dumoulin-bicyclettes-montreal-3.webp\",\"datePublished\":\"2024-11-23T17:11:53+00:00\",\"dateModified\":\"2025-09-04T18:17:16+00:00\",\"description\":\"Avec les sacoches imperm\u00e9ables \\\"Cargo Hold 72\\\" pour votre v\u00e9lo Orox, on ne manque ni de place ni de raison de partir \u00e0 l\u2019aventure quel que soit temps.\",\"breadcrumb\":{\"@id\":\"https:\/\/dumoulin.absoludev.ca\/produit\/tern-sacoches-cargo-hold-72-orox\/#breadcrumb\"},\"inLanguage\":\"en-US\",\"potentialAction\":[{\"@type\":\"ReadAction\",\"target\":[\"https:\/\/dumoulin.absoludev.ca\/produit\/tern-sacoches-cargo-hold-72-orox\/\"]}]},{\"@type\":\"ImageObject\",\"inLanguage\":\"en-US\",\"@id\":\"https:\/\/dumoulin.absoludev.ca\/produit\/tern-sacoches-cargo-hold-72-orox\/#primaryimage\",\"url\":\"https:\/\/dumoulin.absoludev.ca\/wp-content\/uploads\/2024\/11\/Tern-Cargo-Hold-72-Panniers-dumoulin-bicyclettes-montreal-3.webp\",\"contentUrl\":\"https:\/\/dumoulin.absoludev.ca\/wp-content\/uploads\/2024\/11\/Tern-Cargo-Hold-72-Panniers-dumoulin-bicyclettes-montreal-3.webp\",\"width\":960,\"height\":639},{\"@type\":\"BreadcrumbList\",\"@id\":\"https:\/\/dumoulin.absoludev.ca\/produit\/tern-sacoches-cargo-hold-72-orox\/#breadcrumb\",\"itemListElement\":[{\"@type\":\"ListItem\",\"position\":1,\"name\":\"Home\",\"item\":\"https:\/\/dumoulin.absoludev.ca\/en\/\"},{\"@type\":\"ListItem\",\"position\":2,\"name\":\"Shop\",\"item\":\"https:\/\/dumoulin.absoludev.ca\/en\/shop\/\"},{\"@type\":\"ListItem\",\"position\":3,\"name\":\"Sacoches Tern \u00ab\u00a0Cargo Hold 72\u00a0\u00bb pour Orox\"}]},{\"@type\":\"WebSite\",\"@id\":\"https:\/\/dumoulin.absoludev.ca\/#website\",\"url\":\"https:\/\/dumoulin.absoludev.ca\/\",\"name\":\"Dumoulin Bicyclettes\",\"description\":\"\",\"publisher\":{\"@id\":\"https:\/\/dumoulin.absoludev.ca\/#organization\"},\"potentialAction\":[{\"@type\":\"SearchAction\",\"target\":{\"@type\":\"EntryPoint\",\"urlTemplate\":\"https:\/\/dumoulin.absoludev.ca\/?s={search_term_string}\"},\"query-input\":{\"@type\":\"PropertyValueSpecification\",\"valueRequired\":true,\"valueName\":\"search_term_string\"}}],\"inLanguage\":\"en-US\"},{\"@type\":\"Organization\",\"@id\":\"https:\/\/dumoulin.absoludev.ca\/#organization\",\"name\":\"Dumoulin Bicyclettes\",\"url\":\"https:\/\/dumoulin.absoludev.ca\/\",\"logo\":{\"@type\":\"ImageObject\",\"inLanguage\":\"en-US\",\"@id\":\"https:\/\/dumoulin.absoludev.ca\/#\/schema\/logo\/image\/\",\"url\":\"https:\/\/www.dumoulinbicyclettes.com\/wp-content\/uploads\/2021\/04\/Logo.svg\",\"contentUrl\":\"https:\/\/www.dumoulinbicyclettes.com\/wp-content\/uploads\/2021\/04\/Logo.svg\",\"width\":254,\"height\":86,\"caption\":\"Dumoulin Bicyclettes\"},\"image\":{\"@id\":\"https:\/\/dumoulin.absoludev.ca\/#\/schema\/logo\/image\/\"},\"sameAs\":[\"https:\/\/www.facebook.com\/dumoulinbicyclettes\",\"https:\/\/www.instagram.com\/dumoulin.ca\/\",\"https:\/\/www.youtube.com\/user\/dumoulinbicyclettes\"]}]}<\/script>\n<!-- \/ Yoast SEO plugin. -->","yoast_head_json":{"title":"Sacoches Tern \"Cargo Hold 72\" pour Orox - Dumoulin Bicyclettes","description":"Avec les sacoches imperm\u00e9ables \"Cargo Hold 72\" pour votre v\u00e9lo Orox, on ne manque ni de place ni de raison de partir \u00e0 l\u2019aventure quel que soit temps.","robots":{"index":"noindex","follow":"follow","max-snippet":"max-snippet:-1","max-image-preview":"max-image-preview:large","max-video-preview":"max-video-preview:-1"},"og_locale":"en_US","og_type":"article","og_title":"Sacoches Tern \"Cargo Hold 72\" pour Orox - Dumoulin Bicyclettes","og_description":"Avec les sacoches imperm\u00e9ables \"Cargo Hold 72\" pour votre v\u00e9lo Orox, on ne manque ni de place ni de raison de partir \u00e0 l\u2019aventure quel que soit temps.","og_url":"https:\/\/dumoulin.absoludev.ca\/produit\/tern-sacoches-cargo-hold-72-orox\/","og_site_name":"Dumoulin Bicyclettes","article_publisher":"https:\/\/www.facebook.com\/dumoulinbicyclettes","article_modified_time":"2025-09-04T18:17:16+00:00","og_image":[{"width":960,"height":639,"url":"https:\/\/dumoulin.absoludev.ca\/wp-content\/uploads\/2024\/11\/Tern-Cargo-Hold-72-Panniers-dumoulin-bicyclettes-montreal-3.webp","type":"image\/webp"}],"twitter_card":"summary_large_image","twitter_misc":{"Est. reading time":"1 minute"},"schema":{"@context":"https:\/\/schema.org","@graph":[{"@type":"WebPage","@id":"https:\/\/dumoulin.absoludev.ca\/produit\/tern-sacoches-cargo-hold-72-orox\/","url":"https:\/\/dumoulin.absoludev.ca\/produit\/tern-sacoches-cargo-hold-72-orox\/","name":"Sacoches Tern \"Cargo Hold 72\" pour Orox - Dumoulin Bicyclettes","isPartOf":{"@id":"https:\/\/dumoulin.absoludev.ca\/#website"},"primaryImageOfPage":{"@id":"https:\/\/dumoulin.absoludev.ca\/produit\/tern-sacoches-cargo-hold-72-orox\/#primaryimage"},"image":{"@id":"https:\/\/dumoulin.absoludev.ca\/produit\/tern-sacoches-cargo-hold-72-orox\/#primaryimage"},"thumbnailUrl":"https:\/\/dumoulin.absoludev.ca\/wp-content\/uploads\/2024\/11\/Tern-Cargo-Hold-72-Panniers-dumoulin-bicyclettes-montreal-3.webp","datePublished":"2024-11-23T17:11:53+00:00","dateModified":"2025-09-04T18:17:16+00:00","description":"Avec les sacoches imperm\u00e9ables \"Cargo Hold 72\" pour votre v\u00e9lo Orox, on ne manque ni de place ni de raison de partir \u00e0 l\u2019aventure quel que soit temps.","breadcrumb":{"@id":"https:\/\/dumoulin.absoludev.ca\/produit\/tern-sacoches-cargo-hold-72-orox\/#breadcrumb"},"inLanguage":"en-US","potentialAction":[{"@type":"ReadAction","target":["https:\/\/dumoulin.absoludev.ca\/produit\/tern-sacoches-cargo-hold-72-orox\/"]}]},{"@type":"ImageObject","inLanguage":"en-US","@id":"https:\/\/dumoulin.absoludev.ca\/produit\/tern-sacoches-cargo-hold-72-orox\/#primaryimage","url":"https:\/\/dumoulin.absoludev.ca\/wp-content\/uploads\/2024\/11\/Tern-Cargo-Hold-72-Panniers-dumoulin-bicyclettes-montreal-3.webp","contentUrl":"https:\/\/dumoulin.absoludev.ca\/wp-content\/uploads\/2024\/11\/Tern-Cargo-Hold-72-Panniers-dumoulin-bicyclettes-montreal-3.webp","width":960,"height":639},{"@type":"BreadcrumbList","@id":"https:\/\/dumoulin.absoludev.ca\/produit\/tern-sacoches-cargo-hold-72-orox\/#breadcrumb","itemListElement":[{"@type":"ListItem","position":1,"name":"Home","item":"https:\/\/dumoulin.absoludev.ca\/en\/"},{"@type":"ListItem","position":2,"name":"Shop","item":"https:\/\/dumoulin.absoludev.ca\/en\/shop\/"},{"@type":"ListItem","position":3,"name":"Sacoches Tern \u00ab\u00a0Cargo Hold 72\u00a0\u00bb pour Orox"}]},{"@type":"WebSite","@id":"https:\/\/dumoulin.absoludev.ca\/#website","url":"https:\/\/dumoulin.absoludev.ca\/","name":"Dumoulin Bicyclettes","description":"","publisher":{"@id":"https:\/\/dumoulin.absoludev.ca\/#organization"},"potentialAction":[{"@type":"SearchAction","target":{"@type":"EntryPoint","urlTemplate":"https:\/\/dumoulin.absoludev.ca\/?s={search_term_string}"},"query-input":{"@type":"PropertyValueSpecification","valueRequired":true,"valueName":"search_term_string"}}],"inLanguage":"en-US"},{"@type":"Organization","@id":"https:\/\/dumoulin.absoludev.ca\/#organization","name":"Dumoulin Bicyclettes","url":"https:\/\/dumoulin.absoludev.ca\/","logo":{"@type":"ImageObject","inLanguage":"en-US","@id":"https:\/\/dumoulin.absoludev.ca\/#\/schema\/logo\/image\/","url":"https:\/\/www.dumoulinbicyclettes.com\/wp-content\/uploads\/2021\/04\/Logo.svg","contentUrl":"https:\/\/www.dumoulinbicyclettes.com\/wp-content\/uploads\/2021\/04\/Logo.svg","width":254,"height":86,"caption":"Dumoulin Bicyclettes"},"image":{"@id":"https:\/\/dumoulin.absoludev.ca\/#\/schema\/logo\/image\/"},"sameAs":["https:\/\/www.facebook.com\/dumoulinbicyclettes","https:\/\/www.instagram.com\/dumoulin.ca\/","https:\/\/www.youtube.com\/user\/dumoulinbicyclettes"]}]}},"_links":{"self":[{"href":"https:\/\/dumoulin.absoludev.ca\/en\/wp-json\/wp\/v2\/product\/494054","targetHints":{"allow":["GET"]}}],"collection":[{"href":"https:\/\/dumoulin.absoludev.ca\/en\/wp-json\/wp\/v2\/product"}],"about":[{"href":"https:\/\/dumoulin.absoludev.ca\/en\/wp-json\/wp\/v2\/types\/product"}],"wp:featuredmedia":[{"embeddable":true,"href":"https:\/\/dumoulin.absoludev.ca\/en\/wp-json\/wp\/v2\/media\/494055"}],"wp:attachment":[{"href":"https:\/\/dumoulin.absoludev.ca\/en\/wp-json\/wp\/v2\/media?parent=494054"}],"wp:term":[{"taxonomy":"product_brand","embeddable":true,"href":"https:\/\/dumoulin.absoludev.ca\/en\/wp-json\/wp\/v2\/product_brand?post=494054"},{"taxonomy":"product_cat","embeddable":true,"href":"https:\/\/dumoulin.absoludev.ca\/en\/wp-json\/wp\/v2\/product_cat?post=494054"},{"taxonomy":"product_tag","embeddable":true,"href":"https:\/\/dumoulin.absoludev.ca\/en\/wp-json\/wp\/v2\/product_tag?post=494054"},{"taxonomy":"marque-produit","embeddable":true,"href":"https:\/\/dumoulin.absoludev.ca\/en\/wp-json\/wp\/v2\/marque-produit?post=494054"},{"taxonomy":"collection-produit","embeddable":true,"href":"https:\/\/dumoulin.absoludev.ca\/en\/wp-json\/wp\/v2\/collection-produit?post=494054"},{"taxonomy":"type-surface-produit","embeddable":true,"href":"https:\/\/dumoulin.absoludev.ca\/en\/wp-json\/wp\/v2\/type-surface-produit?post=494054"},{"taxonomy":"type-velo-produit","embeddable":true,"href":"https:\/\/dumoulin.absoludev.ca\/en\/wp-json\/wp\/v2\/type-velo-produit?post=494054"},{"taxonomy":"vetement-produit","embeddable":true,"href":"https:\/\/dumoulin.absoludev.ca\/en\/wp-json\/wp\/v2\/vetement-produit?post=494054"},{"taxonomy":"thematique-produit","embeddable":true,"href":"https:\/\/dumoulin.absoludev.ca\/en\/wp-json\/wp\/v2\/thematique-produit?post=494054"},{"taxonomy":"position-sur-le-v\u00e9lo","embeddable":true,"href":"https:\/\/dumoulin.absoludev.ca\/en\/wp-json\/wp\/v2\/position-sur-le-v\u00e9lo?post=494054"}],"curies":[{"name":"wp","href":"https:\/\/api.w.org\/{rel}","templated":true}]}}