{"id":492736,"date":"2024-11-22T13:13:04","date_gmt":"2024-11-22T18:13:04","guid":{"rendered":"http:\/\/www.dumoulinbicyclettes.com\/?post_type=product&#038;p=492736"},"modified":"2025-09-04T14:17:21","modified_gmt":"2025-09-04T18:17:21","slug":"dossier-tern-clubhouse-backrest","status":"publish","type":"product","link":"https:\/\/dumoulin.absoludev.ca\/en\/produit\/dossier-tern-clubhouse-backrest\/","title":{"rendered":"Dossier Tern \u00ab Clubhouse Backrest \u00bb"},"content":{"rendered":"<p>Offrez \u00e0 votre enfant quelque chose sur lequel s&#8217;appuyer apr\u00e8s une journ\u00e9e de jeu intense. Le dossier \u00ab Clubhouse Backrest \u00bb est con\u00e7u pour \u00eatre associ\u00e9 au coussin de si\u00e8ge \u00ab Clubhouse \u00bb afin de cr\u00e9er un si\u00e8ge rembourr\u00e9 et inclinable pour un grand enfant sur n&#8217;importe quel syst\u00e8me de transport de passagers \u00ab Clubhouse \u00bb.<\/p>\n","protected":false},"excerpt":{"rendered":"<p>Offrez \u00e0 votre enfant quelque chose sur lequel s&#8217;appuyer apr\u00e8s une journ\u00e9e de jeu intense. Le dossier \u00ab Clubhouse Backrest \u00bb est con\u00e7u pour \u00eatre associ\u00e9 au coussin de si\u00e8ge \u00ab Clubhouse \u00bb afin de cr\u00e9er un si\u00e8ge rembourr\u00e9 et inclinable pour un grand enfant sur n&#8217;importe quel syst\u00e8me de transport de passagers \u00ab Clubhouse [&hellip;]<\/p>\n","protected":false},"featured_media":469196,"template":"","meta":{"_acf_changed":false},"product_brand":[],"product_cat":[183,2509],"product_tag":[3143,3142,2203],"marque-produit":[154],"collection-produit":[],"type-surface-produit":[],"type-velo-produit":[],"vetement-produit":[],"thematique-produit":[],"position-sur-le-v\u00e9lo":[],"class_list":{"0":"post-492736","1":"product","2":"type-product","3":"status-publish","4":"has-post-thumbnail","6":"product_cat-accessoires-pour-velo-cargo","7":"product_cat-tern","8":"product_tag-clubhouse-backrest","9":"product_tag-dossier","10":"product_tag-tern","11":"marque-produit-tern","13":"first","14":"instock","15":"taxable","16":"shipping-taxable","17":"purchasable","18":"product-type-simple"},"acf":[],"yoast_head":"<!-- This site is optimized with the Yoast SEO plugin v24.3 - https:\/\/yoast.com\/wordpress\/plugins\/seo\/ -->\n<title>Dossier Tern \u00ab Clubhouse Backrest \u00bb - Dumoulin Bicyclettes<\/title>\n<meta name=\"description\" content=\"Le dossier \u00ab Clubhouse Backrest \u00bb est con\u00e7u pour \u00eatre associ\u00e9 au coussin de si\u00e8ge \u00ab Clubhouse \u00bb afin de cr\u00e9er un si\u00e8ge rembourr\u00e9 et inclinable.\" \/>\n<meta name=\"robots\" content=\"noindex, follow, max-snippet:-1, max-image-preview:large, max-video-preview:-1\" \/>\n<meta property=\"og:locale\" content=\"en_US\" \/>\n<meta property=\"og:type\" content=\"article\" \/>\n<meta property=\"og:title\" content=\"Dossier Tern \u00ab Clubhouse Backrest \u00bb - Dumoulin Bicyclettes\" \/>\n<meta property=\"og:description\" content=\"Le dossier \u00ab Clubhouse Backrest \u00bb est con\u00e7u pour \u00eatre associ\u00e9 au coussin de si\u00e8ge \u00ab Clubhouse \u00bb afin de cr\u00e9er un si\u00e8ge rembourr\u00e9 et inclinable.\" \/>\n<meta property=\"og:url\" content=\"https:\/\/dumoulin.absoludev.ca\/produit\/dossier-tern-clubhouse-backrest\/\" \/>\n<meta property=\"og:site_name\" content=\"Dumoulin Bicyclettes\" \/>\n<meta property=\"article:publisher\" content=\"https:\/\/www.facebook.com\/dumoulinbicyclettes\" \/>\n<meta property=\"article:modified_time\" content=\"2025-09-04T18:17:21+00:00\" \/>\n<meta property=\"og:image\" content=\"https:\/\/dumoulin.absoludev.ca\/wp-content\/uploads\/2024\/10\/Tern-Clubhouse-backrest-dossier-tern-gsd-hsd-dumoulin-bicyclettes-montreal-quebec-.jpg\" \/>\n\t<meta property=\"og:image:width\" content=\"1\" \/>\n\t<meta property=\"og:image:height\" content=\"1\" \/>\n\t<meta property=\"og:image:type\" content=\"image\/jpeg\" \/>\n<meta name=\"twitter:card\" content=\"summary_large_image\" \/>\n<meta name=\"twitter:label1\" content=\"Est. reading time\" \/>\n\t<meta name=\"twitter:data1\" content=\"1 minute\" \/>\n<script type=\"application\/ld+json\" class=\"yoast-schema-graph\">{\"@context\":\"https:\/\/schema.org\",\"@graph\":[{\"@type\":\"WebPage\",\"@id\":\"https:\/\/dumoulin.absoludev.ca\/produit\/dossier-tern-clubhouse-backrest\/\",\"url\":\"https:\/\/dumoulin.absoludev.ca\/produit\/dossier-tern-clubhouse-backrest\/\",\"name\":\"Dossier Tern \u00ab Clubhouse Backrest \u00bb - Dumoulin Bicyclettes\",\"isPartOf\":{\"@id\":\"https:\/\/dumoulin.absoludev.ca\/#website\"},\"primaryImageOfPage\":{\"@id\":\"https:\/\/dumoulin.absoludev.ca\/produit\/dossier-tern-clubhouse-backrest\/#primaryimage\"},\"image\":{\"@id\":\"https:\/\/dumoulin.absoludev.ca\/produit\/dossier-tern-clubhouse-backrest\/#primaryimage\"},\"thumbnailUrl\":\"https:\/\/dumoulin.absoludev.ca\/wp-content\/uploads\/2024\/10\/Tern-Clubhouse-backrest-dossier-tern-gsd-hsd-dumoulin-bicyclettes-montreal-quebec-.jpg\",\"datePublished\":\"2024-11-22T18:13:04+00:00\",\"dateModified\":\"2025-09-04T18:17:21+00:00\",\"description\":\"Le dossier \u00ab Clubhouse Backrest \u00bb est con\u00e7u pour \u00eatre associ\u00e9 au coussin de si\u00e8ge \u00ab Clubhouse \u00bb afin de cr\u00e9er un si\u00e8ge rembourr\u00e9 et inclinable.\",\"breadcrumb\":{\"@id\":\"https:\/\/dumoulin.absoludev.ca\/produit\/dossier-tern-clubhouse-backrest\/#breadcrumb\"},\"inLanguage\":\"en-US\",\"potentialAction\":[{\"@type\":\"ReadAction\",\"target\":[\"https:\/\/dumoulin.absoludev.ca\/produit\/dossier-tern-clubhouse-backrest\/\"]}]},{\"@type\":\"ImageObject\",\"inLanguage\":\"en-US\",\"@id\":\"https:\/\/dumoulin.absoludev.ca\/produit\/dossier-tern-clubhouse-backrest\/#primaryimage\",\"url\":\"https:\/\/dumoulin.absoludev.ca\/wp-content\/uploads\/2024\/10\/Tern-Clubhouse-backrest-dossier-tern-gsd-hsd-dumoulin-bicyclettes-montreal-quebec-.jpg\",\"contentUrl\":\"https:\/\/dumoulin.absoludev.ca\/wp-content\/uploads\/2024\/10\/Tern-Clubhouse-backrest-dossier-tern-gsd-hsd-dumoulin-bicyclettes-montreal-quebec-.jpg\"},{\"@type\":\"BreadcrumbList\",\"@id\":\"https:\/\/dumoulin.absoludev.ca\/produit\/dossier-tern-clubhouse-backrest\/#breadcrumb\",\"itemListElement\":[{\"@type\":\"ListItem\",\"position\":1,\"name\":\"Home\",\"item\":\"https:\/\/dumoulin.absoludev.ca\/en\/\"},{\"@type\":\"ListItem\",\"position\":2,\"name\":\"Shop\",\"item\":\"https:\/\/dumoulin.absoludev.ca\/en\/shop\/\"},{\"@type\":\"ListItem\",\"position\":3,\"name\":\"Dossier Tern \u00ab Clubhouse Backrest \u00bb\"}]},{\"@type\":\"WebSite\",\"@id\":\"https:\/\/dumoulin.absoludev.ca\/#website\",\"url\":\"https:\/\/dumoulin.absoludev.ca\/\",\"name\":\"Dumoulin Bicyclettes\",\"description\":\"\",\"publisher\":{\"@id\":\"https:\/\/dumoulin.absoludev.ca\/#organization\"},\"potentialAction\":[{\"@type\":\"SearchAction\",\"target\":{\"@type\":\"EntryPoint\",\"urlTemplate\":\"https:\/\/dumoulin.absoludev.ca\/?s={search_term_string}\"},\"query-input\":{\"@type\":\"PropertyValueSpecification\",\"valueRequired\":true,\"valueName\":\"search_term_string\"}}],\"inLanguage\":\"en-US\"},{\"@type\":\"Organization\",\"@id\":\"https:\/\/dumoulin.absoludev.ca\/#organization\",\"name\":\"Dumoulin Bicyclettes\",\"url\":\"https:\/\/dumoulin.absoludev.ca\/\",\"logo\":{\"@type\":\"ImageObject\",\"inLanguage\":\"en-US\",\"@id\":\"https:\/\/dumoulin.absoludev.ca\/#\/schema\/logo\/image\/\",\"url\":\"https:\/\/www.dumoulinbicyclettes.com\/wp-content\/uploads\/2021\/04\/Logo.svg\",\"contentUrl\":\"https:\/\/www.dumoulinbicyclettes.com\/wp-content\/uploads\/2021\/04\/Logo.svg\",\"width\":254,\"height\":86,\"caption\":\"Dumoulin Bicyclettes\"},\"image\":{\"@id\":\"https:\/\/dumoulin.absoludev.ca\/#\/schema\/logo\/image\/\"},\"sameAs\":[\"https:\/\/www.facebook.com\/dumoulinbicyclettes\",\"https:\/\/www.instagram.com\/dumoulin.ca\/\",\"https:\/\/www.youtube.com\/user\/dumoulinbicyclettes\"]}]}<\/script>\n<!-- \/ Yoast SEO plugin. -->","yoast_head_json":{"title":"Dossier Tern \u00ab Clubhouse Backrest \u00bb - Dumoulin Bicyclettes","description":"Le dossier \u00ab Clubhouse Backrest \u00bb est con\u00e7u pour \u00eatre associ\u00e9 au coussin de si\u00e8ge \u00ab Clubhouse \u00bb afin de cr\u00e9er un si\u00e8ge rembourr\u00e9 et inclinable.","robots":{"index":"noindex","follow":"follow","max-snippet":"max-snippet:-1","max-image-preview":"max-image-preview:large","max-video-preview":"max-video-preview:-1"},"og_locale":"en_US","og_type":"article","og_title":"Dossier Tern \u00ab Clubhouse Backrest \u00bb - Dumoulin Bicyclettes","og_description":"Le dossier \u00ab Clubhouse Backrest \u00bb est con\u00e7u pour \u00eatre associ\u00e9 au coussin de si\u00e8ge \u00ab Clubhouse \u00bb afin de cr\u00e9er un si\u00e8ge rembourr\u00e9 et inclinable.","og_url":"https:\/\/dumoulin.absoludev.ca\/produit\/dossier-tern-clubhouse-backrest\/","og_site_name":"Dumoulin Bicyclettes","article_publisher":"https:\/\/www.facebook.com\/dumoulinbicyclettes","article_modified_time":"2025-09-04T18:17:21+00:00","og_image":[{"url":"https:\/\/dumoulin.absoludev.ca\/wp-content\/uploads\/2024\/10\/Tern-Clubhouse-backrest-dossier-tern-gsd-hsd-dumoulin-bicyclettes-montreal-quebec-.jpg","width":1,"height":1,"type":"image\/jpeg"}],"twitter_card":"summary_large_image","twitter_misc":{"Est. reading time":"1 minute"},"schema":{"@context":"https:\/\/schema.org","@graph":[{"@type":"WebPage","@id":"https:\/\/dumoulin.absoludev.ca\/produit\/dossier-tern-clubhouse-backrest\/","url":"https:\/\/dumoulin.absoludev.ca\/produit\/dossier-tern-clubhouse-backrest\/","name":"Dossier Tern \u00ab Clubhouse Backrest \u00bb - Dumoulin Bicyclettes","isPartOf":{"@id":"https:\/\/dumoulin.absoludev.ca\/#website"},"primaryImageOfPage":{"@id":"https:\/\/dumoulin.absoludev.ca\/produit\/dossier-tern-clubhouse-backrest\/#primaryimage"},"image":{"@id":"https:\/\/dumoulin.absoludev.ca\/produit\/dossier-tern-clubhouse-backrest\/#primaryimage"},"thumbnailUrl":"https:\/\/dumoulin.absoludev.ca\/wp-content\/uploads\/2024\/10\/Tern-Clubhouse-backrest-dossier-tern-gsd-hsd-dumoulin-bicyclettes-montreal-quebec-.jpg","datePublished":"2024-11-22T18:13:04+00:00","dateModified":"2025-09-04T18:17:21+00:00","description":"Le dossier \u00ab Clubhouse Backrest \u00bb est con\u00e7u pour \u00eatre associ\u00e9 au coussin de si\u00e8ge \u00ab Clubhouse \u00bb afin de cr\u00e9er un si\u00e8ge rembourr\u00e9 et inclinable.","breadcrumb":{"@id":"https:\/\/dumoulin.absoludev.ca\/produit\/dossier-tern-clubhouse-backrest\/#breadcrumb"},"inLanguage":"en-US","potentialAction":[{"@type":"ReadAction","target":["https:\/\/dumoulin.absoludev.ca\/produit\/dossier-tern-clubhouse-backrest\/"]}]},{"@type":"ImageObject","inLanguage":"en-US","@id":"https:\/\/dumoulin.absoludev.ca\/produit\/dossier-tern-clubhouse-backrest\/#primaryimage","url":"https:\/\/dumoulin.absoludev.ca\/wp-content\/uploads\/2024\/10\/Tern-Clubhouse-backrest-dossier-tern-gsd-hsd-dumoulin-bicyclettes-montreal-quebec-.jpg","contentUrl":"https:\/\/dumoulin.absoludev.ca\/wp-content\/uploads\/2024\/10\/Tern-Clubhouse-backrest-dossier-tern-gsd-hsd-dumoulin-bicyclettes-montreal-quebec-.jpg"},{"@type":"BreadcrumbList","@id":"https:\/\/dumoulin.absoludev.ca\/produit\/dossier-tern-clubhouse-backrest\/#breadcrumb","itemListElement":[{"@type":"ListItem","position":1,"name":"Home","item":"https:\/\/dumoulin.absoludev.ca\/en\/"},{"@type":"ListItem","position":2,"name":"Shop","item":"https:\/\/dumoulin.absoludev.ca\/en\/shop\/"},{"@type":"ListItem","position":3,"name":"Dossier Tern \u00ab Clubhouse Backrest \u00bb"}]},{"@type":"WebSite","@id":"https:\/\/dumoulin.absoludev.ca\/#website","url":"https:\/\/dumoulin.absoludev.ca\/","name":"Dumoulin Bicyclettes","description":"","publisher":{"@id":"https:\/\/dumoulin.absoludev.ca\/#organization"},"potentialAction":[{"@type":"SearchAction","target":{"@type":"EntryPoint","urlTemplate":"https:\/\/dumoulin.absoludev.ca\/?s={search_term_string}"},"query-input":{"@type":"PropertyValueSpecification","valueRequired":true,"valueName":"search_term_string"}}],"inLanguage":"en-US"},{"@type":"Organization","@id":"https:\/\/dumoulin.absoludev.ca\/#organization","name":"Dumoulin Bicyclettes","url":"https:\/\/dumoulin.absoludev.ca\/","logo":{"@type":"ImageObject","inLanguage":"en-US","@id":"https:\/\/dumoulin.absoludev.ca\/#\/schema\/logo\/image\/","url":"https:\/\/www.dumoulinbicyclettes.com\/wp-content\/uploads\/2021\/04\/Logo.svg","contentUrl":"https:\/\/www.dumoulinbicyclettes.com\/wp-content\/uploads\/2021\/04\/Logo.svg","width":254,"height":86,"caption":"Dumoulin Bicyclettes"},"image":{"@id":"https:\/\/dumoulin.absoludev.ca\/#\/schema\/logo\/image\/"},"sameAs":["https:\/\/www.facebook.com\/dumoulinbicyclettes","https:\/\/www.instagram.com\/dumoulin.ca\/","https:\/\/www.youtube.com\/user\/dumoulinbicyclettes"]}]}},"_links":{"self":[{"href":"https:\/\/dumoulin.absoludev.ca\/en\/wp-json\/wp\/v2\/product\/492736","targetHints":{"allow":["GET"]}}],"collection":[{"href":"https:\/\/dumoulin.absoludev.ca\/en\/wp-json\/wp\/v2\/product"}],"about":[{"href":"https:\/\/dumoulin.absoludev.ca\/en\/wp-json\/wp\/v2\/types\/product"}],"wp:featuredmedia":[{"embeddable":true,"href":"https:\/\/dumoulin.absoludev.ca\/en\/wp-json\/wp\/v2\/media\/469196"}],"wp:attachment":[{"href":"https:\/\/dumoulin.absoludev.ca\/en\/wp-json\/wp\/v2\/media?parent=492736"}],"wp:term":[{"taxonomy":"product_brand","embeddable":true,"href":"https:\/\/dumoulin.absoludev.ca\/en\/wp-json\/wp\/v2\/product_brand?post=492736"},{"taxonomy":"product_cat","embeddable":true,"href":"https:\/\/dumoulin.absoludev.ca\/en\/wp-json\/wp\/v2\/product_cat?post=492736"},{"taxonomy":"product_tag","embeddable":true,"href":"https:\/\/dumoulin.absoludev.ca\/en\/wp-json\/wp\/v2\/product_tag?post=492736"},{"taxonomy":"marque-produit","embeddable":true,"href":"https:\/\/dumoulin.absoludev.ca\/en\/wp-json\/wp\/v2\/marque-produit?post=492736"},{"taxonomy":"collection-produit","embeddable":true,"href":"https:\/\/dumoulin.absoludev.ca\/en\/wp-json\/wp\/v2\/collection-produit?post=492736"},{"taxonomy":"type-surface-produit","embeddable":true,"href":"https:\/\/dumoulin.absoludev.ca\/en\/wp-json\/wp\/v2\/type-surface-produit?post=492736"},{"taxonomy":"type-velo-produit","embeddable":true,"href":"https:\/\/dumoulin.absoludev.ca\/en\/wp-json\/wp\/v2\/type-velo-produit?post=492736"},{"taxonomy":"vetement-produit","embeddable":true,"href":"https:\/\/dumoulin.absoludev.ca\/en\/wp-json\/wp\/v2\/vetement-produit?post=492736"},{"taxonomy":"thematique-produit","embeddable":true,"href":"https:\/\/dumoulin.absoludev.ca\/en\/wp-json\/wp\/v2\/thematique-produit?post=492736"},{"taxonomy":"position-sur-le-v\u00e9lo","embeddable":true,"href":"https:\/\/dumoulin.absoludev.ca\/en\/wp-json\/wp\/v2\/position-sur-le-v\u00e9lo?post=492736"}],"curies":[{"name":"wp","href":"https:\/\/api.w.org\/{rel}","templated":true}]}}