{"id":491696,"date":"2024-11-21T15:13:15","date_gmt":"2024-11-21T20:13:15","guid":{"rendered":"http:\/\/www.dumoulinbicyclettes.com\/?post_type=product&#038;p=491696"},"modified":"2025-09-04T14:17:31","modified_gmt":"2025-09-04T18:17:31","slug":"cadenas-cable-antivol-squire-180cm","status":"publish","type":"product","link":"https:\/\/dumoulin.absoludev.ca\/en\/produit\/cadenas-cable-antivol-squire-180cm\/","title":{"rendered":"C\u00e2ble antivol Squire 180 cm"},"content":{"rendered":"<p>Un c\u00e2ble \u00e0 passer dans vos roues pour ajouter une entrave suppl\u00e9mentaire et gagner du temps sur le voleur. Parfois, on aimerait en profiter pour fouetter quelques idiots qui s&#8217;ent\u00eatent \u00e0 essayer de faire b\u00e9n\u00e9fice du vol de v\u00e9lo, mais ce n&#8217;est jamais une bonne id\u00e9e.<\/p>\n<p>Mieux vaut s&#8217;occuper de bien barrer son v\u00e9lo, d&#8217;adopter de bonnes habitudes et de laisser la vie se charger de punir les criminels.<\/p>\n","protected":false},"excerpt":{"rendered":"<p>Un c\u00e2ble \u00e0 passer dans vos roues pour ajouter une entrave suppl\u00e9mentaire et gagner du temps sur le voleur. Parfois, on aimerait en profiter pour fouetter quelques idiots qui s&#8217;ent\u00eatent \u00e0 essayer de faire b\u00e9n\u00e9fice du vol de v\u00e9lo, mais ce n&#8217;est jamais une bonne id\u00e9e. Mieux vaut s&#8217;occuper de bien barrer son v\u00e9lo, d&#8217;adopter [&hellip;]<\/p>\n","protected":false},"featured_media":493402,"template":"","meta":{"_acf_changed":false},"product_brand":[],"product_cat":[190,206],"product_tag":[3116,3115,2321,3117],"marque-produit":[3114],"collection-produit":[],"type-surface-produit":[],"type-velo-produit":[],"vetement-produit":[],"thematique-produit":[],"position-sur-le-v\u00e9lo":[],"class_list":{"0":"post-491696","1":"product","2":"type-product","3":"status-publish","4":"has-post-thumbnail","6":"product_cat-cadenas","7":"product_cat-cadenas-de-roue","8":"product_tag-antivol","9":"product_tag-cable","10":"product_tag-cadenas","11":"product_tag-squire","12":"marque-produit-squire","14":"first","15":"instock","16":"taxable","17":"shipping-taxable","18":"purchasable","19":"product-type-simple"},"acf":[],"yoast_head":"<!-- This site is optimized with the Yoast SEO plugin v24.3 - https:\/\/yoast.com\/wordpress\/plugins\/seo\/ -->\n<title>C\u00e2ble antivol Squire 180 cm - Dumoulin Bicyclettes<\/title>\n<meta name=\"description\" content=\"Un c\u00e2ble qui n&#039;est pas un cadenas en soi, mais qui permet d&#039;ajouter une entrave sur le chemin des voleurs. Un peu comme une \u00e9pine de plus, qu&#039;on souhaite la plus piquante.\" \/>\n<meta name=\"robots\" content=\"noindex, follow, max-snippet:-1, max-image-preview:large, max-video-preview:-1\" \/>\n<meta property=\"og:locale\" content=\"en_US\" \/>\n<meta property=\"og:type\" content=\"article\" \/>\n<meta property=\"og:title\" content=\"C\u00e2ble antivol Squire 180 cm - Dumoulin Bicyclettes\" \/>\n<meta property=\"og:description\" content=\"Un c\u00e2ble qui n&#039;est pas un cadenas en soi, mais qui permet d&#039;ajouter une entrave sur le chemin des voleurs. Un peu comme une \u00e9pine de plus, qu&#039;on souhaite la plus piquante.\" \/>\n<meta property=\"og:url\" content=\"https:\/\/dumoulin.absoludev.ca\/produit\/cadenas-cable-antivol-squire-180cm\/\" \/>\n<meta property=\"og:site_name\" content=\"Dumoulin Bicyclettes\" \/>\n<meta property=\"article:publisher\" content=\"https:\/\/www.facebook.com\/dumoulinbicyclettes\" \/>\n<meta property=\"article:modified_time\" content=\"2025-09-04T18:17:31+00:00\" \/>\n<meta property=\"og:image\" content=\"https:\/\/dumoulin.absoludev.ca\/wp-content\/uploads\/2024\/11\/cable-antivol-pour-roues-squire-180cm-protection-antivol-contre-le-vol-de-velo-montreal-quebec-dumoulin-bicyclettes.jpg\" \/>\n\t<meta property=\"og:image:width\" content=\"474\" \/>\n\t<meta property=\"og:image:height\" content=\"474\" \/>\n\t<meta property=\"og:image:type\" content=\"image\/jpeg\" \/>\n<meta name=\"twitter:card\" content=\"summary_large_image\" \/>\n<meta name=\"twitter:label1\" content=\"Est. reading time\" \/>\n\t<meta name=\"twitter:data1\" content=\"1 minute\" \/>\n<script type=\"application\/ld+json\" class=\"yoast-schema-graph\">{\"@context\":\"https:\/\/schema.org\",\"@graph\":[{\"@type\":\"WebPage\",\"@id\":\"https:\/\/dumoulin.absoludev.ca\/produit\/cadenas-cable-antivol-squire-180cm\/\",\"url\":\"https:\/\/dumoulin.absoludev.ca\/produit\/cadenas-cable-antivol-squire-180cm\/\",\"name\":\"C\u00e2ble antivol Squire 180 cm - Dumoulin Bicyclettes\",\"isPartOf\":{\"@id\":\"https:\/\/dumoulin.absoludev.ca\/#website\"},\"primaryImageOfPage\":{\"@id\":\"https:\/\/dumoulin.absoludev.ca\/produit\/cadenas-cable-antivol-squire-180cm\/#primaryimage\"},\"image\":{\"@id\":\"https:\/\/dumoulin.absoludev.ca\/produit\/cadenas-cable-antivol-squire-180cm\/#primaryimage\"},\"thumbnailUrl\":\"https:\/\/dumoulin.absoludev.ca\/wp-content\/uploads\/2024\/11\/cable-antivol-pour-roues-squire-180cm-protection-antivol-contre-le-vol-de-velo-montreal-quebec-dumoulin-bicyclettes.jpg\",\"datePublished\":\"2024-11-21T20:13:15+00:00\",\"dateModified\":\"2025-09-04T18:17:31+00:00\",\"description\":\"Un c\u00e2ble qui n'est pas un cadenas en soi, mais qui permet d'ajouter une entrave sur le chemin des voleurs. Un peu comme une \u00e9pine de plus, qu'on souhaite la plus piquante.\",\"breadcrumb\":{\"@id\":\"https:\/\/dumoulin.absoludev.ca\/produit\/cadenas-cable-antivol-squire-180cm\/#breadcrumb\"},\"inLanguage\":\"en-US\",\"potentialAction\":[{\"@type\":\"ReadAction\",\"target\":[\"https:\/\/dumoulin.absoludev.ca\/produit\/cadenas-cable-antivol-squire-180cm\/\"]}]},{\"@type\":\"ImageObject\",\"inLanguage\":\"en-US\",\"@id\":\"https:\/\/dumoulin.absoludev.ca\/produit\/cadenas-cable-antivol-squire-180cm\/#primaryimage\",\"url\":\"https:\/\/dumoulin.absoludev.ca\/wp-content\/uploads\/2024\/11\/cable-antivol-pour-roues-squire-180cm-protection-antivol-contre-le-vol-de-velo-montreal-quebec-dumoulin-bicyclettes.jpg\",\"contentUrl\":\"https:\/\/dumoulin.absoludev.ca\/wp-content\/uploads\/2024\/11\/cable-antivol-pour-roues-squire-180cm-protection-antivol-contre-le-vol-de-velo-montreal-quebec-dumoulin-bicyclettes.jpg\",\"width\":474,\"height\":474,\"caption\":\"cable-antivol-pour-roues-squire-180cm-protection-antivol-contre-le-vol-de-velo-montreal-quebec-dumoulin-bicyclettes\"},{\"@type\":\"BreadcrumbList\",\"@id\":\"https:\/\/dumoulin.absoludev.ca\/produit\/cadenas-cable-antivol-squire-180cm\/#breadcrumb\",\"itemListElement\":[{\"@type\":\"ListItem\",\"position\":1,\"name\":\"Home\",\"item\":\"https:\/\/dumoulin.absoludev.ca\/en\/\"},{\"@type\":\"ListItem\",\"position\":2,\"name\":\"Shop\",\"item\":\"https:\/\/dumoulin.absoludev.ca\/en\/shop\/\"},{\"@type\":\"ListItem\",\"position\":3,\"name\":\"C\u00e2ble antivol Squire 180 cm\"}]},{\"@type\":\"WebSite\",\"@id\":\"https:\/\/dumoulin.absoludev.ca\/#website\",\"url\":\"https:\/\/dumoulin.absoludev.ca\/\",\"name\":\"Dumoulin Bicyclettes\",\"description\":\"\",\"publisher\":{\"@id\":\"https:\/\/dumoulin.absoludev.ca\/#organization\"},\"potentialAction\":[{\"@type\":\"SearchAction\",\"target\":{\"@type\":\"EntryPoint\",\"urlTemplate\":\"https:\/\/dumoulin.absoludev.ca\/?s={search_term_string}\"},\"query-input\":{\"@type\":\"PropertyValueSpecification\",\"valueRequired\":true,\"valueName\":\"search_term_string\"}}],\"inLanguage\":\"en-US\"},{\"@type\":\"Organization\",\"@id\":\"https:\/\/dumoulin.absoludev.ca\/#organization\",\"name\":\"Dumoulin Bicyclettes\",\"url\":\"https:\/\/dumoulin.absoludev.ca\/\",\"logo\":{\"@type\":\"ImageObject\",\"inLanguage\":\"en-US\",\"@id\":\"https:\/\/dumoulin.absoludev.ca\/#\/schema\/logo\/image\/\",\"url\":\"https:\/\/www.dumoulinbicyclettes.com\/wp-content\/uploads\/2021\/04\/Logo.svg\",\"contentUrl\":\"https:\/\/www.dumoulinbicyclettes.com\/wp-content\/uploads\/2021\/04\/Logo.svg\",\"width\":254,\"height\":86,\"caption\":\"Dumoulin Bicyclettes\"},\"image\":{\"@id\":\"https:\/\/dumoulin.absoludev.ca\/#\/schema\/logo\/image\/\"},\"sameAs\":[\"https:\/\/www.facebook.com\/dumoulinbicyclettes\",\"https:\/\/www.instagram.com\/dumoulin.ca\/\",\"https:\/\/www.youtube.com\/user\/dumoulinbicyclettes\"]}]}<\/script>\n<!-- \/ Yoast SEO plugin. -->","yoast_head_json":{"title":"C\u00e2ble antivol Squire 180 cm - Dumoulin Bicyclettes","description":"Un c\u00e2ble qui n'est pas un cadenas en soi, mais qui permet d'ajouter une entrave sur le chemin des voleurs. Un peu comme une \u00e9pine de plus, qu'on souhaite la plus piquante.","robots":{"index":"noindex","follow":"follow","max-snippet":"max-snippet:-1","max-image-preview":"max-image-preview:large","max-video-preview":"max-video-preview:-1"},"og_locale":"en_US","og_type":"article","og_title":"C\u00e2ble antivol Squire 180 cm - Dumoulin Bicyclettes","og_description":"Un c\u00e2ble qui n'est pas un cadenas en soi, mais qui permet d'ajouter une entrave sur le chemin des voleurs. Un peu comme une \u00e9pine de plus, qu'on souhaite la plus piquante.","og_url":"https:\/\/dumoulin.absoludev.ca\/produit\/cadenas-cable-antivol-squire-180cm\/","og_site_name":"Dumoulin Bicyclettes","article_publisher":"https:\/\/www.facebook.com\/dumoulinbicyclettes","article_modified_time":"2025-09-04T18:17:31+00:00","og_image":[{"width":474,"height":474,"url":"https:\/\/dumoulin.absoludev.ca\/wp-content\/uploads\/2024\/11\/cable-antivol-pour-roues-squire-180cm-protection-antivol-contre-le-vol-de-velo-montreal-quebec-dumoulin-bicyclettes.jpg","type":"image\/jpeg"}],"twitter_card":"summary_large_image","twitter_misc":{"Est. reading time":"1 minute"},"schema":{"@context":"https:\/\/schema.org","@graph":[{"@type":"WebPage","@id":"https:\/\/dumoulin.absoludev.ca\/produit\/cadenas-cable-antivol-squire-180cm\/","url":"https:\/\/dumoulin.absoludev.ca\/produit\/cadenas-cable-antivol-squire-180cm\/","name":"C\u00e2ble antivol Squire 180 cm - Dumoulin Bicyclettes","isPartOf":{"@id":"https:\/\/dumoulin.absoludev.ca\/#website"},"primaryImageOfPage":{"@id":"https:\/\/dumoulin.absoludev.ca\/produit\/cadenas-cable-antivol-squire-180cm\/#primaryimage"},"image":{"@id":"https:\/\/dumoulin.absoludev.ca\/produit\/cadenas-cable-antivol-squire-180cm\/#primaryimage"},"thumbnailUrl":"https:\/\/dumoulin.absoludev.ca\/wp-content\/uploads\/2024\/11\/cable-antivol-pour-roues-squire-180cm-protection-antivol-contre-le-vol-de-velo-montreal-quebec-dumoulin-bicyclettes.jpg","datePublished":"2024-11-21T20:13:15+00:00","dateModified":"2025-09-04T18:17:31+00:00","description":"Un c\u00e2ble qui n'est pas un cadenas en soi, mais qui permet d'ajouter une entrave sur le chemin des voleurs. Un peu comme une \u00e9pine de plus, qu'on souhaite la plus piquante.","breadcrumb":{"@id":"https:\/\/dumoulin.absoludev.ca\/produit\/cadenas-cable-antivol-squire-180cm\/#breadcrumb"},"inLanguage":"en-US","potentialAction":[{"@type":"ReadAction","target":["https:\/\/dumoulin.absoludev.ca\/produit\/cadenas-cable-antivol-squire-180cm\/"]}]},{"@type":"ImageObject","inLanguage":"en-US","@id":"https:\/\/dumoulin.absoludev.ca\/produit\/cadenas-cable-antivol-squire-180cm\/#primaryimage","url":"https:\/\/dumoulin.absoludev.ca\/wp-content\/uploads\/2024\/11\/cable-antivol-pour-roues-squire-180cm-protection-antivol-contre-le-vol-de-velo-montreal-quebec-dumoulin-bicyclettes.jpg","contentUrl":"https:\/\/dumoulin.absoludev.ca\/wp-content\/uploads\/2024\/11\/cable-antivol-pour-roues-squire-180cm-protection-antivol-contre-le-vol-de-velo-montreal-quebec-dumoulin-bicyclettes.jpg","width":474,"height":474,"caption":"cable-antivol-pour-roues-squire-180cm-protection-antivol-contre-le-vol-de-velo-montreal-quebec-dumoulin-bicyclettes"},{"@type":"BreadcrumbList","@id":"https:\/\/dumoulin.absoludev.ca\/produit\/cadenas-cable-antivol-squire-180cm\/#breadcrumb","itemListElement":[{"@type":"ListItem","position":1,"name":"Home","item":"https:\/\/dumoulin.absoludev.ca\/en\/"},{"@type":"ListItem","position":2,"name":"Shop","item":"https:\/\/dumoulin.absoludev.ca\/en\/shop\/"},{"@type":"ListItem","position":3,"name":"C\u00e2ble antivol Squire 180 cm"}]},{"@type":"WebSite","@id":"https:\/\/dumoulin.absoludev.ca\/#website","url":"https:\/\/dumoulin.absoludev.ca\/","name":"Dumoulin Bicyclettes","description":"","publisher":{"@id":"https:\/\/dumoulin.absoludev.ca\/#organization"},"potentialAction":[{"@type":"SearchAction","target":{"@type":"EntryPoint","urlTemplate":"https:\/\/dumoulin.absoludev.ca\/?s={search_term_string}"},"query-input":{"@type":"PropertyValueSpecification","valueRequired":true,"valueName":"search_term_string"}}],"inLanguage":"en-US"},{"@type":"Organization","@id":"https:\/\/dumoulin.absoludev.ca\/#organization","name":"Dumoulin Bicyclettes","url":"https:\/\/dumoulin.absoludev.ca\/","logo":{"@type":"ImageObject","inLanguage":"en-US","@id":"https:\/\/dumoulin.absoludev.ca\/#\/schema\/logo\/image\/","url":"https:\/\/www.dumoulinbicyclettes.com\/wp-content\/uploads\/2021\/04\/Logo.svg","contentUrl":"https:\/\/www.dumoulinbicyclettes.com\/wp-content\/uploads\/2021\/04\/Logo.svg","width":254,"height":86,"caption":"Dumoulin Bicyclettes"},"image":{"@id":"https:\/\/dumoulin.absoludev.ca\/#\/schema\/logo\/image\/"},"sameAs":["https:\/\/www.facebook.com\/dumoulinbicyclettes","https:\/\/www.instagram.com\/dumoulin.ca\/","https:\/\/www.youtube.com\/user\/dumoulinbicyclettes"]}]}},"_links":{"self":[{"href":"https:\/\/dumoulin.absoludev.ca\/en\/wp-json\/wp\/v2\/product\/491696","targetHints":{"allow":["GET"]}}],"collection":[{"href":"https:\/\/dumoulin.absoludev.ca\/en\/wp-json\/wp\/v2\/product"}],"about":[{"href":"https:\/\/dumoulin.absoludev.ca\/en\/wp-json\/wp\/v2\/types\/product"}],"wp:featuredmedia":[{"embeddable":true,"href":"https:\/\/dumoulin.absoludev.ca\/en\/wp-json\/wp\/v2\/media\/493402"}],"wp:attachment":[{"href":"https:\/\/dumoulin.absoludev.ca\/en\/wp-json\/wp\/v2\/media?parent=491696"}],"wp:term":[{"taxonomy":"product_brand","embeddable":true,"href":"https:\/\/dumoulin.absoludev.ca\/en\/wp-json\/wp\/v2\/product_brand?post=491696"},{"taxonomy":"product_cat","embeddable":true,"href":"https:\/\/dumoulin.absoludev.ca\/en\/wp-json\/wp\/v2\/product_cat?post=491696"},{"taxonomy":"product_tag","embeddable":true,"href":"https:\/\/dumoulin.absoludev.ca\/en\/wp-json\/wp\/v2\/product_tag?post=491696"},{"taxonomy":"marque-produit","embeddable":true,"href":"https:\/\/dumoulin.absoludev.ca\/en\/wp-json\/wp\/v2\/marque-produit?post=491696"},{"taxonomy":"collection-produit","embeddable":true,"href":"https:\/\/dumoulin.absoludev.ca\/en\/wp-json\/wp\/v2\/collection-produit?post=491696"},{"taxonomy":"type-surface-produit","embeddable":true,"href":"https:\/\/dumoulin.absoludev.ca\/en\/wp-json\/wp\/v2\/type-surface-produit?post=491696"},{"taxonomy":"type-velo-produit","embeddable":true,"href":"https:\/\/dumoulin.absoludev.ca\/en\/wp-json\/wp\/v2\/type-velo-produit?post=491696"},{"taxonomy":"vetement-produit","embeddable":true,"href":"https:\/\/dumoulin.absoludev.ca\/en\/wp-json\/wp\/v2\/vetement-produit?post=491696"},{"taxonomy":"thematique-produit","embeddable":true,"href":"https:\/\/dumoulin.absoludev.ca\/en\/wp-json\/wp\/v2\/thematique-produit?post=491696"},{"taxonomy":"position-sur-le-v\u00e9lo","embeddable":true,"href":"https:\/\/dumoulin.absoludev.ca\/en\/wp-json\/wp\/v2\/position-sur-le-v\u00e9lo?post=491696"}],"curies":[{"name":"wp","href":"https:\/\/api.w.org\/{rel}","templated":true}]}}