{"id":490238,"date":"2024-11-20T12:09:24","date_gmt":"2024-11-20T17:09:24","guid":{"rendered":"http:\/\/www.dumoulinbicyclettes.com\/?post_type=product&#038;p=490238"},"modified":"2025-09-04T14:21:27","modified_gmt":"2025-09-04T18:21:27","slug":"sac-a-dos-arkel-signature-d","status":"publish","type":"product","link":"https:\/\/dumoulin.absoludev.ca\/en\/produit\/sac-a-dos-arkel-signature-d\/","title":{"rendered":"Sac \u00e0 dos Arkel Signature D"},"content":{"rendered":"<p>Le sac \u00e0 dos Arkel Signature D est un accessoire utile dans de nombreuses circonstances : en v\u00e9lo ou \u00e0 pied, il vous accompagne fid\u00e8lement.<\/p>\n<p>Imperm\u00e9able, il est l\u00e9ger et confortable. Il prot\u00e8ge un ordinateur portable ou une tablette et offre plusieurs acc\u00e8s pratiques pour vos affaires du quotidien.<\/p>\n<p>Fabriqu\u00e9 \u00e0 Sherbrooke, au Qu\u00e9bec, dans un tissu Xpac r\u00e9sistant et durable.<\/p>\n<p>Un choix s\u00fbr !<\/p>\n","protected":false},"excerpt":{"rendered":"<p>Le sac \u00e0 dos Arkel Signature D est un accessoire utile dans de nombreuses circonstances : en v\u00e9lo ou \u00e0 pied, il vous accompagne fid\u00e8lement. Imperm\u00e9able, il est l\u00e9ger et confortable. Il prot\u00e8ge un ordinateur portable ou une tablette et offre plusieurs acc\u00e8s pratiques pour vos affaires du quotidien. Fabriqu\u00e9 \u00e0 Sherbrooke, au Qu\u00e9bec, dans [&hellip;]<\/p>\n","protected":false},"featured_media":490677,"template":"","meta":{"_acf_changed":false},"product_brand":[],"product_cat":[197,188],"product_tag":[],"marque-produit":[1299],"collection-produit":[],"type-surface-produit":[],"type-velo-produit":[],"vetement-produit":[],"thematique-produit":[],"position-sur-le-v\u00e9lo":[],"class_list":{"0":"post-490238","1":"product","2":"type-product","3":"status-publish","4":"has-post-thumbnail","6":"product_cat-sac-a-dos-et-sacs-de-messagers","7":"product_cat-sacs-et-porte-bagages","8":"marque-produit-arkel","10":"first","11":"instock","12":"taxable","13":"shipping-taxable","14":"purchasable","15":"product-type-variable"},"acf":[],"yoast_head":"<!-- This site is optimized with the Yoast SEO plugin v24.3 - https:\/\/yoast.com\/wordpress\/plugins\/seo\/ -->\n<title>Sac \u00e0 dos Arkel Signature D - Dumoulin Bicyclettes Transporter des choses en v\u00e9lo<\/title>\n<meta name=\"description\" content=\"Fabriqu\u00e9 au Canada, le sac \u00e0 dos Arkel Signature D est un classique super pratique. Parfait pour tous vos trajets, \u00e0 pied ou en v\u00e9lo.\" \/>\n<meta name=\"robots\" content=\"noindex, follow, max-snippet:-1, max-image-preview:large, max-video-preview:-1\" \/>\n<meta property=\"og:locale\" content=\"en_US\" \/>\n<meta property=\"og:type\" content=\"article\" \/>\n<meta property=\"og:title\" content=\"Sac \u00e0 dos Arkel Signature D - Dumoulin Bicyclettes Transporter des choses en v\u00e9lo\" \/>\n<meta property=\"og:description\" content=\"Fabriqu\u00e9 au Canada, le sac \u00e0 dos Arkel Signature D est un classique super pratique. Parfait pour tous vos trajets, \u00e0 pied ou en v\u00e9lo.\" \/>\n<meta property=\"og:url\" content=\"https:\/\/dumoulin.absoludev.ca\/en\/produit\/sac-a-dos-arkel-signature-d\/\" \/>\n<meta property=\"og:site_name\" content=\"Dumoulin Bicyclettes\" \/>\n<meta property=\"article:publisher\" content=\"https:\/\/www.facebook.com\/dumoulinbicyclettes\" \/>\n<meta property=\"article:modified_time\" content=\"2025-09-04T18:21:27+00:00\" \/>\n<meta property=\"og:image\" content=\"https:\/\/dumoulin.absoludev.ca\/wp-content\/uploads\/2024\/11\/sac-a-dos-arkel-signature-d-dumoulin-bicyclettes-xpac-moonstone.png\" \/>\n\t<meta property=\"og:image:width\" content=\"604\" \/>\n\t<meta property=\"og:image:height\" content=\"604\" \/>\n\t<meta property=\"og:image:type\" content=\"image\/png\" \/>\n<meta name=\"twitter:card\" content=\"summary_large_image\" \/>\n<meta name=\"twitter:label1\" content=\"Est. reading time\" \/>\n\t<meta name=\"twitter:data1\" content=\"1 minute\" \/>\n<script type=\"application\/ld+json\" class=\"yoast-schema-graph\">{\"@context\":\"https:\/\/schema.org\",\"@graph\":[{\"@type\":\"WebPage\",\"@id\":\"https:\/\/dumoulin.absoludev.ca\/en\/produit\/sac-a-dos-arkel-signature-d\/\",\"url\":\"https:\/\/dumoulin.absoludev.ca\/en\/produit\/sac-a-dos-arkel-signature-d\/\",\"name\":\"Sac \u00e0 dos Arkel Signature D - Dumoulin Bicyclettes Transporter des choses en v\u00e9lo\",\"isPartOf\":{\"@id\":\"https:\/\/dumoulin.absoludev.ca\/#website\"},\"primaryImageOfPage\":{\"@id\":\"https:\/\/dumoulin.absoludev.ca\/en\/produit\/sac-a-dos-arkel-signature-d\/#primaryimage\"},\"image\":{\"@id\":\"https:\/\/dumoulin.absoludev.ca\/en\/produit\/sac-a-dos-arkel-signature-d\/#primaryimage\"},\"thumbnailUrl\":\"https:\/\/dumoulin.absoludev.ca\/wp-content\/uploads\/2024\/11\/sac-a-dos-arkel-signature-d-dumoulin-bicyclettes-xpac-moonstone.png\",\"datePublished\":\"2024-11-20T17:09:24+00:00\",\"dateModified\":\"2025-09-04T18:21:27+00:00\",\"description\":\"Fabriqu\u00e9 au Canada, le sac \u00e0 dos Arkel Signature D est un classique super pratique. Parfait pour tous vos trajets, \u00e0 pied ou en v\u00e9lo.\",\"breadcrumb\":{\"@id\":\"https:\/\/dumoulin.absoludev.ca\/en\/produit\/sac-a-dos-arkel-signature-d\/#breadcrumb\"},\"inLanguage\":\"en-US\",\"potentialAction\":[{\"@type\":\"ReadAction\",\"target\":[\"https:\/\/dumoulin.absoludev.ca\/en\/produit\/sac-a-dos-arkel-signature-d\/\"]}]},{\"@type\":\"ImageObject\",\"inLanguage\":\"en-US\",\"@id\":\"https:\/\/dumoulin.absoludev.ca\/en\/produit\/sac-a-dos-arkel-signature-d\/#primaryimage\",\"url\":\"https:\/\/dumoulin.absoludev.ca\/wp-content\/uploads\/2024\/11\/sac-a-dos-arkel-signature-d-dumoulin-bicyclettes-xpac-moonstone.png\",\"contentUrl\":\"https:\/\/dumoulin.absoludev.ca\/wp-content\/uploads\/2024\/11\/sac-a-dos-arkel-signature-d-dumoulin-bicyclettes-xpac-moonstone.png\",\"width\":604,\"height\":604},{\"@type\":\"BreadcrumbList\",\"@id\":\"https:\/\/dumoulin.absoludev.ca\/en\/produit\/sac-a-dos-arkel-signature-d\/#breadcrumb\",\"itemListElement\":[{\"@type\":\"ListItem\",\"position\":1,\"name\":\"Home\",\"item\":\"https:\/\/dumoulin.absoludev.ca\/en\/\"},{\"@type\":\"ListItem\",\"position\":2,\"name\":\"Shop\",\"item\":\"https:\/\/dumoulin.absoludev.ca\/en\/shop\/\"},{\"@type\":\"ListItem\",\"position\":3,\"name\":\"Sac \u00e0 dos Arkel Signature D\"}]},{\"@type\":\"WebSite\",\"@id\":\"https:\/\/dumoulin.absoludev.ca\/#website\",\"url\":\"https:\/\/dumoulin.absoludev.ca\/\",\"name\":\"Dumoulin Bicyclettes\",\"description\":\"\",\"publisher\":{\"@id\":\"https:\/\/dumoulin.absoludev.ca\/#organization\"},\"potentialAction\":[{\"@type\":\"SearchAction\",\"target\":{\"@type\":\"EntryPoint\",\"urlTemplate\":\"https:\/\/dumoulin.absoludev.ca\/?s={search_term_string}\"},\"query-input\":{\"@type\":\"PropertyValueSpecification\",\"valueRequired\":true,\"valueName\":\"search_term_string\"}}],\"inLanguage\":\"en-US\"},{\"@type\":\"Organization\",\"@id\":\"https:\/\/dumoulin.absoludev.ca\/#organization\",\"name\":\"Dumoulin Bicyclettes\",\"url\":\"https:\/\/dumoulin.absoludev.ca\/\",\"logo\":{\"@type\":\"ImageObject\",\"inLanguage\":\"en-US\",\"@id\":\"https:\/\/dumoulin.absoludev.ca\/#\/schema\/logo\/image\/\",\"url\":\"https:\/\/www.dumoulinbicyclettes.com\/wp-content\/uploads\/2021\/04\/Logo.svg\",\"contentUrl\":\"https:\/\/www.dumoulinbicyclettes.com\/wp-content\/uploads\/2021\/04\/Logo.svg\",\"width\":254,\"height\":86,\"caption\":\"Dumoulin Bicyclettes\"},\"image\":{\"@id\":\"https:\/\/dumoulin.absoludev.ca\/#\/schema\/logo\/image\/\"},\"sameAs\":[\"https:\/\/www.facebook.com\/dumoulinbicyclettes\",\"https:\/\/www.instagram.com\/dumoulin.ca\/\",\"https:\/\/www.youtube.com\/user\/dumoulinbicyclettes\"]}]}<\/script>\n<!-- \/ Yoast SEO plugin. -->","yoast_head_json":{"title":"Sac \u00e0 dos Arkel Signature D - Dumoulin Bicyclettes Transporter des choses en v\u00e9lo","description":"Fabriqu\u00e9 au Canada, le sac \u00e0 dos Arkel Signature D est un classique super pratique. Parfait pour tous vos trajets, \u00e0 pied ou en v\u00e9lo.","robots":{"index":"noindex","follow":"follow","max-snippet":"max-snippet:-1","max-image-preview":"max-image-preview:large","max-video-preview":"max-video-preview:-1"},"og_locale":"en_US","og_type":"article","og_title":"Sac \u00e0 dos Arkel Signature D - Dumoulin Bicyclettes Transporter des choses en v\u00e9lo","og_description":"Fabriqu\u00e9 au Canada, le sac \u00e0 dos Arkel Signature D est un classique super pratique. Parfait pour tous vos trajets, \u00e0 pied ou en v\u00e9lo.","og_url":"https:\/\/dumoulin.absoludev.ca\/en\/produit\/sac-a-dos-arkel-signature-d\/","og_site_name":"Dumoulin Bicyclettes","article_publisher":"https:\/\/www.facebook.com\/dumoulinbicyclettes","article_modified_time":"2025-09-04T18:21:27+00:00","og_image":[{"width":604,"height":604,"url":"https:\/\/dumoulin.absoludev.ca\/wp-content\/uploads\/2024\/11\/sac-a-dos-arkel-signature-d-dumoulin-bicyclettes-xpac-moonstone.png","type":"image\/png"}],"twitter_card":"summary_large_image","twitter_misc":{"Est. reading time":"1 minute"},"schema":{"@context":"https:\/\/schema.org","@graph":[{"@type":"WebPage","@id":"https:\/\/dumoulin.absoludev.ca\/en\/produit\/sac-a-dos-arkel-signature-d\/","url":"https:\/\/dumoulin.absoludev.ca\/en\/produit\/sac-a-dos-arkel-signature-d\/","name":"Sac \u00e0 dos Arkel Signature D - Dumoulin Bicyclettes Transporter des choses en v\u00e9lo","isPartOf":{"@id":"https:\/\/dumoulin.absoludev.ca\/#website"},"primaryImageOfPage":{"@id":"https:\/\/dumoulin.absoludev.ca\/en\/produit\/sac-a-dos-arkel-signature-d\/#primaryimage"},"image":{"@id":"https:\/\/dumoulin.absoludev.ca\/en\/produit\/sac-a-dos-arkel-signature-d\/#primaryimage"},"thumbnailUrl":"https:\/\/dumoulin.absoludev.ca\/wp-content\/uploads\/2024\/11\/sac-a-dos-arkel-signature-d-dumoulin-bicyclettes-xpac-moonstone.png","datePublished":"2024-11-20T17:09:24+00:00","dateModified":"2025-09-04T18:21:27+00:00","description":"Fabriqu\u00e9 au Canada, le sac \u00e0 dos Arkel Signature D est un classique super pratique. Parfait pour tous vos trajets, \u00e0 pied ou en v\u00e9lo.","breadcrumb":{"@id":"https:\/\/dumoulin.absoludev.ca\/en\/produit\/sac-a-dos-arkel-signature-d\/#breadcrumb"},"inLanguage":"en-US","potentialAction":[{"@type":"ReadAction","target":["https:\/\/dumoulin.absoludev.ca\/en\/produit\/sac-a-dos-arkel-signature-d\/"]}]},{"@type":"ImageObject","inLanguage":"en-US","@id":"https:\/\/dumoulin.absoludev.ca\/en\/produit\/sac-a-dos-arkel-signature-d\/#primaryimage","url":"https:\/\/dumoulin.absoludev.ca\/wp-content\/uploads\/2024\/11\/sac-a-dos-arkel-signature-d-dumoulin-bicyclettes-xpac-moonstone.png","contentUrl":"https:\/\/dumoulin.absoludev.ca\/wp-content\/uploads\/2024\/11\/sac-a-dos-arkel-signature-d-dumoulin-bicyclettes-xpac-moonstone.png","width":604,"height":604},{"@type":"BreadcrumbList","@id":"https:\/\/dumoulin.absoludev.ca\/en\/produit\/sac-a-dos-arkel-signature-d\/#breadcrumb","itemListElement":[{"@type":"ListItem","position":1,"name":"Home","item":"https:\/\/dumoulin.absoludev.ca\/en\/"},{"@type":"ListItem","position":2,"name":"Shop","item":"https:\/\/dumoulin.absoludev.ca\/en\/shop\/"},{"@type":"ListItem","position":3,"name":"Sac \u00e0 dos Arkel Signature D"}]},{"@type":"WebSite","@id":"https:\/\/dumoulin.absoludev.ca\/#website","url":"https:\/\/dumoulin.absoludev.ca\/","name":"Dumoulin Bicyclettes","description":"","publisher":{"@id":"https:\/\/dumoulin.absoludev.ca\/#organization"},"potentialAction":[{"@type":"SearchAction","target":{"@type":"EntryPoint","urlTemplate":"https:\/\/dumoulin.absoludev.ca\/?s={search_term_string}"},"query-input":{"@type":"PropertyValueSpecification","valueRequired":true,"valueName":"search_term_string"}}],"inLanguage":"en-US"},{"@type":"Organization","@id":"https:\/\/dumoulin.absoludev.ca\/#organization","name":"Dumoulin Bicyclettes","url":"https:\/\/dumoulin.absoludev.ca\/","logo":{"@type":"ImageObject","inLanguage":"en-US","@id":"https:\/\/dumoulin.absoludev.ca\/#\/schema\/logo\/image\/","url":"https:\/\/www.dumoulinbicyclettes.com\/wp-content\/uploads\/2021\/04\/Logo.svg","contentUrl":"https:\/\/www.dumoulinbicyclettes.com\/wp-content\/uploads\/2021\/04\/Logo.svg","width":254,"height":86,"caption":"Dumoulin Bicyclettes"},"image":{"@id":"https:\/\/dumoulin.absoludev.ca\/#\/schema\/logo\/image\/"},"sameAs":["https:\/\/www.facebook.com\/dumoulinbicyclettes","https:\/\/www.instagram.com\/dumoulin.ca\/","https:\/\/www.youtube.com\/user\/dumoulinbicyclettes"]}]}},"_links":{"self":[{"href":"https:\/\/dumoulin.absoludev.ca\/en\/wp-json\/wp\/v2\/product\/490238","targetHints":{"allow":["GET"]}}],"collection":[{"href":"https:\/\/dumoulin.absoludev.ca\/en\/wp-json\/wp\/v2\/product"}],"about":[{"href":"https:\/\/dumoulin.absoludev.ca\/en\/wp-json\/wp\/v2\/types\/product"}],"wp:featuredmedia":[{"embeddable":true,"href":"https:\/\/dumoulin.absoludev.ca\/en\/wp-json\/wp\/v2\/media\/490677"}],"wp:attachment":[{"href":"https:\/\/dumoulin.absoludev.ca\/en\/wp-json\/wp\/v2\/media?parent=490238"}],"wp:term":[{"taxonomy":"product_brand","embeddable":true,"href":"https:\/\/dumoulin.absoludev.ca\/en\/wp-json\/wp\/v2\/product_brand?post=490238"},{"taxonomy":"product_cat","embeddable":true,"href":"https:\/\/dumoulin.absoludev.ca\/en\/wp-json\/wp\/v2\/product_cat?post=490238"},{"taxonomy":"product_tag","embeddable":true,"href":"https:\/\/dumoulin.absoludev.ca\/en\/wp-json\/wp\/v2\/product_tag?post=490238"},{"taxonomy":"marque-produit","embeddable":true,"href":"https:\/\/dumoulin.absoludev.ca\/en\/wp-json\/wp\/v2\/marque-produit?post=490238"},{"taxonomy":"collection-produit","embeddable":true,"href":"https:\/\/dumoulin.absoludev.ca\/en\/wp-json\/wp\/v2\/collection-produit?post=490238"},{"taxonomy":"type-surface-produit","embeddable":true,"href":"https:\/\/dumoulin.absoludev.ca\/en\/wp-json\/wp\/v2\/type-surface-produit?post=490238"},{"taxonomy":"type-velo-produit","embeddable":true,"href":"https:\/\/dumoulin.absoludev.ca\/en\/wp-json\/wp\/v2\/type-velo-produit?post=490238"},{"taxonomy":"vetement-produit","embeddable":true,"href":"https:\/\/dumoulin.absoludev.ca\/en\/wp-json\/wp\/v2\/vetement-produit?post=490238"},{"taxonomy":"thematique-produit","embeddable":true,"href":"https:\/\/dumoulin.absoludev.ca\/en\/wp-json\/wp\/v2\/thematique-produit?post=490238"},{"taxonomy":"position-sur-le-v\u00e9lo","embeddable":true,"href":"https:\/\/dumoulin.absoludev.ca\/en\/wp-json\/wp\/v2\/position-sur-le-v\u00e9lo?post=490238"}],"curies":[{"name":"wp","href":"https:\/\/api.w.org\/{rel}","templated":true}]}}